{"id":1048,"date":"2023-04-19T16:21:04","date_gmt":"2023-04-19T14:21:04","guid":{"rendered":"https:\/\/hsnordhausen.artemis.wpspace.me\/hsn\/karriere\/startup-gruenden\/hike-hochschulinkubator-fuer-entrepeneurship\/"},"modified":"2026-03-24T13:23:39","modified_gmt":"2026-03-24T12:23:39","slug":"hike-university-incubator-for-entrepreneurship","status":"publish","type":"page","link":"https:\/\/www.hs-nordhausen.de\/en\/karriere\/hike-hochschulinkubator-fuer-entrepreneurship\/","title":{"rendered":"HIKE - University Incubator for Entrepreneurship"},"content":{"rendered":"<div  class=\"spacer_wrap dyn\" aria-hidden=\"true\"><div class=\"wp-block-spacer inner-sm inner-md inner-lg\" style=\"height:calc(2em * 0.8)\" aria-hidden=\"true\"><\/div><div class=\"wp-block-spacer inner-xl\" style=\"height:2em\" aria-hidden=\"true\"><\/div><\/div>\n\n\n<nav aria-label=\"breadcrumbs\" class=\"rank-math-breadcrumb\"><p><span class=\"last\">Home<\/span><\/p><\/nav>\n\n\n<div  class=\"gs_pj9ffA row_wrap has-background\"><div id='bg_69e30d368d2cf' class='greyd-background bg_full'>\n\t\t\t\t\t\t\t\t<div class='bg_color'><\/div>\n\t\t\t\t\t\t\t\t\n\t\t\t\t\t\t\t\t\n\t\t\t\t\t\t\t\t\n\t\t\t\t\t\t\t<\/div>\n<div class=\"wp-block-columns row_xxl has-color-13-background-color has-background is-layout-flex wp-container-core-columns-is-layout-3fec90f0 wp-block-columns-is-layout-flex\" style=\"margin-top:var(--wp--preset--spacing--30);margin-bottom:var(--wp--preset--spacing--30)\">\n<div class=\"wp-block-column is-vertically-aligned-center hidden-xs hidden-sm col-12 col-sm-12 col-md-12 col-lg-12 is-layout-flow wp-block-column-is-layout-flow\" style=\"padding-top:var(--wp--preset--spacing--40);padding-right:var(--wp--preset--spacing--30);padding-bottom:var(--wp--preset--spacing--50);padding-left:var(--wp--preset--spacing--30)\">\n<div class=\"wp-block-group is-vertical is-layout-flex wp-container-core-group-is-layout-c2991436 wp-block-group-is-layout-flex\" style=\"padding-top:var(--wp--preset--spacing--40)\">\n<h1 class=\"wp-block-heading has-text-align-left dyn has-color-31-color has-text-color gs_0dysQS\" id=\"h-post-titel\"><span data-tag=\"title\" data-params=\"\" class=\"is-tag\">Post title<\/span><\/h1>\n\n\n<\/div>\n<\/div>\n\n\n\n<div class=\"wp-block-column is-vertically-aligned-bottom hidden-md hidden-lg col-12 col-sm-12 col-md-8 col-lg-8 is-layout-flow wp-block-column-is-layout-flow\" style=\"padding-left:var(--wp--preset--spacing--30)\">\n<h1 class=\"wp-block-heading has-text-align-center dyn has-color-31-color has-text-color gs_Qz9dg4\" id=\"h-post-titel-0\"><span data-tag=\"title\" data-params=\"\" class=\"is-tag\">Post title<\/span><\/h1>\n<\/div>\n\n\n\n<div class=\"wp-block-column hidden-md hidden-lg col-12 col-sm-auto is-layout-flow wp-block-column-is-layout-flow\"><\/div>\n<\/div>\n<\/div>\n\n<div  class=\"spacer_wrap dyn\" aria-hidden=\"true\"><div class=\"wp-block-spacer inner-sm\" style=\"height:calc(2em * 0.4)\" aria-hidden=\"true\"><\/div><div class=\"wp-block-spacer inner-md\" style=\"height:calc(2em * 0.6)\" aria-hidden=\"true\"><\/div><div class=\"wp-block-spacer inner-lg\" style=\"height:calc(2em * 0.8)\" aria-hidden=\"true\"><\/div><div class=\"wp-block-spacer inner-xl\" style=\"height:2em\" aria-hidden=\"true\"><\/div><\/div>\n\n<div  class=\"gs_uPFo6l row_wrap has-background\"><div id='bg_69e30d368ddc9' class='greyd-background bg_full'>\n\t\t\t\t\t\t\t\t<div class='bg_color'><\/div>\n\t\t\t\t\t\t\t\t\n\t\t\t\t\t\t\t\t\n\t\t\t\t\t\t\t\t\n\t\t\t\t\t\t\t<\/div>\n<div class=\"wp-block-columns are-vertically-aligned-center row_xl has-color-33-background-color has-background is-layout-flex wp-container-core-columns-is-layout-27d3582e wp-block-columns-is-layout-flex\">\n<div class=\"wp-block-column is-vertically-aligned-center col-12 col-sm-auto col-lg-8 is-layout-flow wp-block-column-is-layout-flow\" style=\"padding-top:var(--wp--preset--spacing--50);padding-right:var(--wp--preset--spacing--50);padding-bottom:var(--wp--preset--spacing--50);padding-left:var(--wp--preset--spacing--50)\">\n<div class=\"wp-block-group is-vertical is-layout-flex wp-container-core-group-is-layout-8cf370e7 wp-block-group-is-layout-flex\">\n<p><strong>Project duration:<\/strong>\u00a0June 2020 - December 2026<\/p>\n\n\n\n<p><strong>Project budget:<\/strong>&nbsp;approx. \u20ac 2.2 million<\/p>\n\n\n\n<p><strong>Project management:<\/strong>&nbsp;Prof Dr G\u00f6cke, Dr Schlangen, Prof Dr Neitzke<\/p>\n\n\n\n<p><strong>Project benefits:<\/strong>&nbsp;Promotion of innovative start-ups at the university<\/p>\n<\/div>\n<\/div>\n\n\n\n<div class=\"wp-block-column is-vertically-aligned-center col-12 col-sm-4 col-md-4 col-lg-4 is-layout-flow wp-block-column-is-layout-flow\" style=\"padding-top:0;padding-bottom:0\">\n<div class=\"wp-block-group aligncenter is-content-justification-center is-nowrap is-layout-flex wp-container-core-group-is-layout-187f9893 wp-block-group-is-layout-flex gs_03eeKI group_wrap\" style=\"padding-top:var(--wp--preset--spacing--30);padding-right:0;padding-bottom:var(--wp--preset--spacing--30);padding-left:0\"><div class=\"wp-block-image is-resized wp-duotone-rgb241364-rgb241364-1\">\n<figure class=\"alignright\"><img decoding=\"async\" width=\"200\" height=\"99\" src=\"https:\/\/wpadmin.hs-nordhausen.de\/wp-content\/uploads\/sites\/8\/2023\/06\/brandmark-HIKE.png\" alt=\"\" class=\"wp-image-2132\" title=\"\"><\/figure>\n<\/div><\/div>\n<\/div>\n<\/div>\n<\/div>\n\n<div  class=\"spacer_wrap\" aria-hidden=\"true\"><div class=\"wp-block-spacer inner-sm\" style=\"height:calc(100px * 0.4)\" aria-hidden=\"true\"><\/div><div class=\"wp-block-spacer inner-md\" style=\"height:calc(100px * 0.6)\" aria-hidden=\"true\"><\/div><div class=\"wp-block-spacer inner-lg\" style=\"height:calc(100px * 0.8)\" aria-hidden=\"true\"><\/div><div class=\"wp-block-spacer inner-xl\" style=\"height:100px\" aria-hidden=\"true\"><\/div><\/div>\n\n\n<div id=\"greyd-69e30d368ee29\" class=\"wp-block-greyd-box aligncenter row_xxl gs_z5sHTj greyd-content-box animate-when-almost-visible fadeInUp gs_z5sHTj flex-justify-center has-trigger\"><a class=\"hidden-trigger-link\" href=\"https:\/\/www.hike-startups.de\/\" rel=\"nofollow noopener\"><\/a>\n<hr style='  height: 2px !important;   background-color:#8a009e;' class=\"wp-block-separator has-text-color has-alpha-channel-opacity has-background is-style-wide\"\/>\n\n\n\n<h3 class=\"wp-block-heading has-text-align-center is-style-wide has-text-color has-link-color wp-elements-11dabec9f19d92d20fcd9797b0dcf674\" id=\"h-get-inspired-learn-create\" style=\"color:#00feb5;font-size:42px\"><strong>Get Inspired. Learn. Create.<\/strong><\/h3>\n\n\n\n<div class=\"wp-block-group is-vertical is-content-justification-center is-nowrap is-layout-flex wp-container-core-group-is-layout-73832be3 wp-block-group-is-layout-flex\"><figure style=\"\" class=\"wp-block-image greyd-image   gs_hoCVOb\"><img decoding=\"async\" src=\"https:\/\/www.hs-nordhausen.de\/wp-content\/uploads\/sites\/8\/2023\/06\/Icon_HIKE.svg\" class=\"wp-image-2143\" alt=\"HIKE Rocket Icon\" title=\"\"><\/figure><\/div>\n\n\n\n<div class=\"wp-block-group is-content-justification-center is-nowrap is-layout-flex wp-container-core-group-is-layout-94bc23d7 wp-block-group-is-layout-flex\">\n<p id=\"greyd-69e30d368e812\" class=\"has-text-color has-link-color wp-elements-d44bf8e539dfeb43dd2ad9ec5e60343e gs_5mQFTp\" style=\"color:#00feb5\"><strong><a href=\"https:\/\/www.hike-startups.de\/\" rel=\"nofollow noopener\">Register now!<\/a><\/strong><\/p>\n<\/div>\n\n\n\n<hr style='  height: 2px !important;   ' class=\"wp-block-separator has-alpha-channel-opacity is-style-wide\"\/>\n<\/div>\n\n\n<div  class=\"spacer_wrap\" aria-hidden=\"true\"><div class=\"wp-block-spacer inner-sm\" style=\"height:calc(100px * 0.4)\" aria-hidden=\"true\"><\/div><div class=\"wp-block-spacer inner-md\" style=\"height:calc(100px * 0.6)\" aria-hidden=\"true\"><\/div><div class=\"wp-block-spacer inner-lg\" style=\"height:calc(100px * 0.8)\" aria-hidden=\"true\"><\/div><div class=\"wp-block-spacer inner-xl\" style=\"height:100px\" aria-hidden=\"true\"><\/div><\/div>\n\n\n<div class=\"wp-block-greyd-buttons aligncenter\" style=\"padding-top:var(--wp--preset--spacing--50);padding-right:var(--wp--preset--spacing--20);padding-bottom:var(--wp--preset--spacing--50);padding-left:var(--wp--preset--spacing--20)\">\n<a id=\"greyd-69e30d368ef77\" href=\"https:\/\/www.hike-startups.de\/events\" class=\"button  gs_K42pN6 is-size-big\" rel=\"nofollow noopener\"><span style=\"flex:1\">Events<\/span><span class=\"arrow_right-up\" style=\"vertical-align:middle;font-size:100%;margin-left:10px\" aria-hidden=\"true\"><\/span><\/a><style class=\"greyd-styles\">.gs_K42pN6 { background: #00feb5 !important; color: #180d40 !important; font-style: normal !important; font-weight: 600 !important; font-size: 32px !important; padding-top: 0.5em !important; padding-right: 1em !important; padding-bottom: 0.5em !important; padding-left: 1em !important; } <\/style>\n\n\n\n<a id=\"greyd-69e30d368f04d\" href=\"https:\/\/www.hike-startups.de\/program\" class=\"button  gs_eJ709T is-size-big\" rel=\"nofollow noopener\"><span style=\"flex:1\">Programme &amp; competitions<\/span><span class=\"arrow_right-up\" style=\"vertical-align:middle;font-size:100%;margin-left:10px\" aria-hidden=\"true\"><\/span><\/a><style class=\"greyd-styles\">.gs_eJ709T { background: #00feb5 !important; color: #180d40 !important; font-style: normal !important; font-weight: 600 !important; font-size: 32px !important; padding-top: 0.5em !important; padding-right: 1em !important; padding-bottom: 0.5em !important; padding-left: 1em !important; } <\/style>\n<\/div>\n\n\n<div  class=\"spacer_wrap\" aria-hidden=\"true\"><div class=\"wp-block-spacer inner-sm\" style=\"height:calc(100px * 0.4)\" aria-hidden=\"true\"><\/div><div class=\"wp-block-spacer inner-md\" style=\"height:calc(100px * 0.6)\" aria-hidden=\"true\"><\/div><div class=\"wp-block-spacer inner-lg\" style=\"height:calc(100px * 0.8)\" aria-hidden=\"true\"><\/div><div class=\"wp-block-spacer inner-xl\" style=\"height:100px\" aria-hidden=\"true\"><\/div><\/div>\n\n<div  class=\"row_wrap\">\n<div class=\"wp-block-columns are-vertically-aligned-center row_xxl is-layout-flex wp-container-core-columns-is-layout-9d6595d7 wp-block-columns-is-layout-flex\">\n<div class=\"wp-block-column is-vertically-aligned-center col-12 col-sm-auto is-layout-flow wp-block-column-is-layout-flow\" style=\"padding-top:var(--wp--preset--spacing--30);padding-right:var(--wp--preset--spacing--30);padding-bottom:var(--wp--preset--spacing--30);padding-left:var(--wp--preset--spacing--30)\">\n<div id=\"greyd-69e30d368f188\" class=\"wp-block-greyd-box greyd-content-box gs_aubmP9\">\n<p>The HIKE is the university incubator of Nordhausen University of Applied Sciences.&nbsp;<\/p>\n\n\n\n<p>Under our guiding principle <strong>Get Inspired. Learn. Create.<\/strong><br>we support students and employees of the university in the realisation of their ideas. <\/p>\n\n\n\n<p>In addition, we also offer a variety of formats such as&nbsp;<strong>Workshops, lectures and events<\/strong>&nbsp;on topics such as digitalisation, sustainability, new work and, of course, design thinking.<\/p>\n<\/div>\n<\/div>\n\n\n\n<div class=\"wp-block-column is-vertically-aligned-center col-12 col-sm-auto col-lg-6 is-layout-flow wp-block-column-is-layout-flow\">\n<figure class=\"wp-block-image size-full is-style-rounded-corners wp-duotone-unset-2\"><img decoding=\"async\" width=\"640\" height=\"480\" src=\"https:\/\/wpadmin.hs-nordhausen.de\/wp-content\/uploads\/sites\/8\/2023\/06\/Teamfoto_HIKE.jpg\" alt=\"Four people sit next to each other on an outdoor bench and smile at the camera. They are wearing casual clothes: two men in jumpers, a woman in a cream-coloured jumper and a man in a grey hooded jacket. A hedge, bare trees and a building with red tiled roofs can be seen in the background. The ground is covered with autumn leaves.\" class=\"wp-image-2121\" title=\"\" srcset=\"https:\/\/www.hs-nordhausen.de\/wp-content\/uploads\/sites\/8\/2023\/06\/Teamfoto_HIKE.jpg 640w, https:\/\/www.hs-nordhausen.de\/wp-content\/uploads\/sites\/8\/2023\/06\/Teamfoto_HIKE-300x225.jpg 300w\" sizes=\"(max-width: 640px) 100vw, 640px\" \/><\/figure>\n<\/div>\n<\/div>\n<\/div>\n\n<div  class=\"spacer_wrap\" aria-hidden=\"true\"><div class=\"wp-block-spacer inner-sm\" style=\"height:calc(100px * 0.4)\" aria-hidden=\"true\"><\/div><div class=\"wp-block-spacer inner-md\" style=\"height:calc(100px * 0.6)\" aria-hidden=\"true\"><\/div><div class=\"wp-block-spacer inner-lg\" style=\"height:calc(100px * 0.8)\" aria-hidden=\"true\"><\/div><div class=\"wp-block-spacer inner-xl\" style=\"height:100px\" aria-hidden=\"true\"><\/div><\/div>\n\n\n<p><\/p>","protected":false},"excerpt":{"rendered":"<p>Projektlaufzeit:\u00a0Juni 2020 &#8211; Dezember 2026 Projektbudget:&nbsp;ca. 2.2 Mio. \u20ac Projektleitung:&nbsp;Prof. Dr. G\u00f6cke, Dr. Schlangen, Prof. Dr.-Ing. Neitzke Projektnutzen:&nbsp;F\u00f6rderung von innovativen Unternehmensgr\u00fcndungen an der Hochschule<\/p>","protected":false},"author":1,"featured_media":0,"parent":399,"menu_order":0,"comment_status":"closed","ping_status":"closed","template":"","meta":{"_piecal_is_recurring":false,"_piecal_recurring_interval":1,"_piecal_recurring_frequency":"","_piecal_recurring_exact_position":false,"_piecal_recurring_end":"","_piecal_color":"","_piecal_text_color":"","_piecal_global_color_master":false,"_piecal_is_event":false,"_piecal_start_date":"","_piecal_end_date":"","_piecal_is_allday":false,"greyd_block_editor_preview":[],"pgc_sgb_lightbox_settings":"","footnotes":""},"page_category":[617],"page_tag":[],"page_redaktion":[],"zielgruppen":[],"kontakt-zuordnung":[],"institut-oder-einric":[736],"stg-zuordnung":[696],"fachbereich":[804],"wf_page_folders":[44],"ppma_author":[1400],"class_list":["post-1048","page","type-page","status-publish","hentry","page_category-karriere","institut-oder-einric-n-a","stg-zuordnung-n-a","fachbereich-n-a"],"publishpress_future_action":{"enabled":false,"date":"2026-04-25 06:48:54","action":"change-status","newStatus":"draft","terms":[],"taxonomy":"page_category","extraData":[]},"publishpress_future_workflow_manual_trigger":{"enabledWorkflows":[]},"_links":{"self":[{"href":"https:\/\/www.hs-nordhausen.de\/en\/wp-json\/wp\/v2\/pages\/1048","targetHints":{"allow":["GET"]}}],"collection":[{"href":"https:\/\/www.hs-nordhausen.de\/en\/wp-json\/wp\/v2\/pages"}],"about":[{"href":"https:\/\/www.hs-nordhausen.de\/en\/wp-json\/wp\/v2\/types\/page"}],"author":[{"embeddable":true,"href":"https:\/\/www.hs-nordhausen.de\/en\/wp-json\/wp\/v2\/users\/1"}],"replies":[{"embeddable":true,"href":"https:\/\/www.hs-nordhausen.de\/en\/wp-json\/wp\/v2\/comments?post=1048"}],"version-history":[{"count":1,"href":"https:\/\/www.hs-nordhausen.de\/en\/wp-json\/wp\/v2\/pages\/1048\/revisions"}],"predecessor-version":[{"id":39802,"href":"https:\/\/www.hs-nordhausen.de\/en\/wp-json\/wp\/v2\/pages\/1048\/revisions\/39802"}],"up":[{"embeddable":true,"href":"https:\/\/www.hs-nordhausen.de\/en\/wp-json\/wp\/v2\/pages\/399"}],"wp:attachment":[{"href":"https:\/\/www.hs-nordhausen.de\/en\/wp-json\/wp\/v2\/media?parent=1048"}],"wp:term":[{"taxonomy":"page_category","embeddable":true,"href":"https:\/\/www.hs-nordhausen.de\/en\/wp-json\/wp\/v2\/page_category?post=1048"},{"taxonomy":"page_tag","embeddable":true,"href":"https:\/\/www.hs-nordhausen.de\/en\/wp-json\/wp\/v2\/page_tag?post=1048"},{"taxonomy":"page_redaktion","embeddable":true,"href":"https:\/\/www.hs-nordhausen.de\/en\/wp-json\/wp\/v2\/page_redaktion?post=1048"},{"taxonomy":"zielgruppen","embeddable":true,"href":"https:\/\/www.hs-nordhausen.de\/en\/wp-json\/wp\/v2\/zielgruppen?post=1048"},{"taxonomy":"kontakt-zuordnung","embeddable":true,"href":"https:\/\/www.hs-nordhausen.de\/en\/wp-json\/wp\/v2\/kontakt-zuordnung?post=1048"},{"taxonomy":"institut-oder-einric","embeddable":true,"href":"https:\/\/www.hs-nordhausen.de\/en\/wp-json\/wp\/v2\/institut-oder-einric?post=1048"},{"taxonomy":"stg-zuordnung","embeddable":true,"href":"https:\/\/www.hs-nordhausen.de\/en\/wp-json\/wp\/v2\/stg-zuordnung?post=1048"},{"taxonomy":"fachbereich","embeddable":true,"href":"https:\/\/www.hs-nordhausen.de\/en\/wp-json\/wp\/v2\/fachbereich?post=1048"},{"taxonomy":"wf_page_folders","embeddable":true,"href":"https:\/\/www.hs-nordhausen.de\/en\/wp-json\/wp\/v2\/wf_page_folders?post=1048"},{"taxonomy":"author","embeddable":true,"href":"https:\/\/www.hs-nordhausen.de\/en\/wp-json\/wp\/v2\/ppma_author?post=1048"}],"curies":[{"name":"wp","href":"https:\/\/api.w.org\/{rel}","templated":true}]}}