{"id":1064,"date":"2023-04-19T16:23:15","date_gmt":"2023-04-19T14:23:15","guid":{"rendered":"https:\/\/hsnordhausen.artemis.wpspace.me\/hsn\/hochschule-nordhausen-university-of-applied-sciences\/zentrale-einrichtungen\/"},"modified":"2024-01-23T09:41:25","modified_gmt":"2024-01-23T08:41:25","slug":"central-facilities","status":"publish","type":"page","link":"https:\/\/www.hs-nordhausen.de\/en\/unsere-hsn\/zentrale-einrichtungen\/","title":{"rendered":"Central facilities"},"content":{"rendered":"<div  class=\"spacer_wrap dyn\" aria-hidden=\"true\"><div class=\"wp-block-spacer inner-sm inner-md inner-lg\" style=\"height:calc(2em * 0.8)\" aria-hidden=\"true\"><\/div><div class=\"wp-block-spacer inner-xl\" style=\"height:2em\" aria-hidden=\"true\"><\/div><\/div>\n\n\n<nav aria-label=\"breadcrumbs\" class=\"rank-math-breadcrumb\"><p><span class=\"last\">Home<\/span><\/p><\/nav>\n\n\n<div  class=\"gs_pj9ffA row_wrap has-background\"><div id='bg_69ea3598519d0' class='greyd-background bg_full'>\n\t\t\t\t\t\t\t\t<div class='bg_color'><\/div>\n\t\t\t\t\t\t\t\t\n\t\t\t\t\t\t\t\t\n\t\t\t\t\t\t\t\t\n\t\t\t\t\t\t\t<\/div>\n<div class=\"wp-block-columns row_xxl has-color-13-background-color has-background is-layout-flex wp-container-core-columns-is-layout-3fec90f0 wp-block-columns-is-layout-flex\" style=\"margin-top:var(--wp--preset--spacing--30);margin-bottom:var(--wp--preset--spacing--30)\">\n<div class=\"wp-block-column is-vertically-aligned-center hidden-xs hidden-sm col-12 col-sm-12 col-md-12 col-lg-12 is-layout-flow wp-block-column-is-layout-flow\" style=\"padding-top:var(--wp--preset--spacing--40);padding-right:var(--wp--preset--spacing--30);padding-bottom:var(--wp--preset--spacing--50);padding-left:var(--wp--preset--spacing--30)\">\n<div class=\"wp-block-group is-vertical is-layout-flex wp-container-core-group-is-layout-c2991436 wp-block-group-is-layout-flex\" style=\"padding-top:var(--wp--preset--spacing--40)\">\n<h1 class=\"wp-block-heading has-text-align-left dyn has-color-31-color has-text-color gs_0dysQS\" id=\"h-post-titel\"><span data-tag=\"title\" data-params=\"\" class=\"is-tag\">Post Titel<\/span><\/h1>\n\n\n<\/div>\n<\/div>\n\n\n\n<div class=\"wp-block-column is-vertically-aligned-bottom hidden-md hidden-lg col-12 col-sm-12 col-md-8 col-lg-8 is-layout-flow wp-block-column-is-layout-flow\" style=\"padding-left:var(--wp--preset--spacing--30)\">\n<h1 class=\"wp-block-heading has-text-align-center dyn has-color-31-color has-text-color gs_Qz9dg4\" id=\"h-post-titel-0\"><span data-tag=\"title\" data-params=\"\" class=\"is-tag\">Post Titel<\/span><\/h1>\n<\/div>\n\n\n\n<div class=\"wp-block-column hidden-md hidden-lg col-12 col-sm-auto is-layout-flow wp-block-column-is-layout-flow\"><\/div>\n<\/div>\n<\/div>\n\n<div  class=\"spacer_wrap dyn\" aria-hidden=\"true\"><div class=\"wp-block-spacer inner-sm\" style=\"height:calc(2em * 0.4)\" aria-hidden=\"true\"><\/div><div class=\"wp-block-spacer inner-md\" style=\"height:calc(2em * 0.6)\" aria-hidden=\"true\"><\/div><div class=\"wp-block-spacer inner-lg\" style=\"height:calc(2em * 0.8)\" aria-hidden=\"true\"><\/div><div class=\"wp-block-spacer inner-xl\" style=\"height:2em\" aria-hidden=\"true\"><\/div><\/div>\n\n<div  class=\"row_wrap\">\n<div class=\"wp-block-columns row_xxl is-layout-flex wp-container-core-columns-is-layout-9d6595d7 wp-block-columns-is-layout-flex\">\n<div class=\"wp-block-column col-12 col-sm-12 col-md-8 col-lg-8 is-layout-flow wp-block-column-is-layout-flow\">\n<p>Die Zentralen Einrichtungen der Hochschule Nordhausen sind <strong>Serviceeinrichtungen<\/strong> f\u00fcr alle Hochschulangeh\u00f6rigen. Dazu geh\u00f6ren:<\/p>\n\n\n<div  class=\"spacer_wrap \" aria-hidden=\"true\"><div class=\"wp-block-spacer inner-sm\" style=\"height:calc(2em * 0.4)\" aria-hidden=\"true\"><\/div><div class=\"wp-block-spacer inner-md\" style=\"height:calc(2em * 0.6)\" aria-hidden=\"true\"><\/div><div class=\"wp-block-spacer inner-lg\" style=\"height:calc(2em * 0.8)\" aria-hidden=\"true\"><\/div><div class=\"wp-block-spacer inner-xl\" style=\"height:2em\" aria-hidden=\"true\"><\/div><\/div>\n\n\n<div class=\"wp-block-query is-layout-flow wp-block-query-is-layout-flow\"><div id='post-results-69ea3598537f9'  class=\"greyd-posts-slider wp-block-post-template js\" data-currentpage=\"1\" data-query-id=\"22\" data-height=\"auto\"><div class='query-pages-wrapper results_wrapper' data-ppp='6'><div class='query-page result_wrapper is-current' data-page='1'><article class='query-post wp-block-post post-408 page type-page status-publish has-post-thumbnail hentry page_category-zentral search_result' data-post='408'data-title='sprachenzentrum'data-date='2023-03-13 14:16:18'data-postviews='0'data-index='1'>\n<div id=\"greyd-69ea359856735\" class=\"wp-block-greyd-box gs_xzoNjq greyd-content-box gs_xzoNjq has-trigger\"><a class=\"hidden-trigger-link\"  href=\"https:\/\/www.hs-nordhausen.de\/en\/studienangebote\/sprachenzentrum\/\" title=\"Sprachenzentrum\"><\/a>\n<div class=\"wp-block-group is-content-justification-center is-layout-flex wp-container-core-group-is-layout-a1f18741 wp-block-group-is-layout-flex\" style=\"padding-top:var(--wp--preset--spacing--30);padding-right:var(--wp--preset--spacing--30);padding-bottom:var(--wp--preset--spacing--30);padding-left:var(--wp--preset--spacing--30)\">\n<h3 class=\"wp-block-heading has-text-align-center card-title has-h-3-font-size wp-container-content-9cfa9a5a gs_FYnTFO\" id=\"h-post-titel\" style=\"padding-top:var(--wp--preset--spacing--20);padding-right:var(--wp--preset--spacing--20);padding-bottom:var(--wp--preset--spacing--20);padding-left:var(--wp--preset--spacing--20);font-style:normal;font-weight:700\"><span data-tag=\"title\" data-params=\"{&quot;isLink&quot;:true}\" class=\"is-tag\"><strong>Post Titel<\/strong><\/span><\/h3>\n<\/div>\n\n\n\n<div class=\"wp-block-group\" style=\"padding-top:0;padding-right:0;padding-bottom:0;padding-left:0\"><div class=\"wp-block-group__inner-container is-layout-constrained wp-container-core-group-is-layout-c6b4b7cd wp-block-group-is-layout-constrained\"><figure style=\"aspect-ratio:16\/9;height:100%;\" class=\"wp-block-post-featured-image\"><a href=\"https:\/\/www.hs-nordhausen.de\/en\/studienangebote\/sprachenzentrum\/\" target=\"_self\"  style=\"height:100%\"><img decoding=\"async\" width=\"1600\" height=\"1067\" src=\"https:\/\/www.hs-nordhausen.de\/wp-content\/uploads\/sites\/8\/2024\/08\/3M8A6393.jpg\" class=\"attachment-post-thumbnail size-post-thumbnail wp-post-image\" alt=\"Sprachenzentrum\" style=\"width:100%;height:100%;object-fit:cover;\" srcset=\"https:\/\/www.hs-nordhausen.de\/wp-content\/uploads\/sites\/8\/2024\/08\/3M8A6393.jpg 1600w, https:\/\/www.hs-nordhausen.de\/wp-content\/uploads\/sites\/8\/2024\/08\/3M8A6393-300x200.jpg 300w, https:\/\/www.hs-nordhausen.de\/wp-content\/uploads\/sites\/8\/2024\/08\/3M8A6393-1024x683.jpg 1024w, https:\/\/www.hs-nordhausen.de\/wp-content\/uploads\/sites\/8\/2024\/08\/3M8A6393-150x100.jpg 150w, https:\/\/www.hs-nordhausen.de\/wp-content\/uploads\/sites\/8\/2024\/08\/3M8A6393-768x512.jpg 768w, https:\/\/www.hs-nordhausen.de\/wp-content\/uploads\/sites\/8\/2024\/08\/3M8A6393-1536x1024.jpg 1536w, https:\/\/www.hs-nordhausen.de\/wp-content\/uploads\/sites\/8\/2024\/08\/3M8A6393-18x12.jpg 18w, https:\/\/www.hs-nordhausen.de\/wp-content\/uploads\/sites\/8\/2024\/08\/3M8A6393-24x16.jpg 24w\" sizes=\"(max-width: 1600px) 100vw, 1600px\" title=\"\"><\/a><\/figure><\/div><\/div>\n<\/div>\n<\/article><article class='query-post wp-block-post post-410 page type-page status-publish has-post-thumbnail hentry page_category-zentral page_redaktion-ssz search_result' data-post='410'data-title='studienservicezentrum ssz'data-date='2023-03-13 14:17:13'data-postviews='0'data-index='2'>\n<div id=\"greyd-69ea3598581db\" class=\"wp-block-greyd-box gs_xzoNjq greyd-content-box gs_xzoNjq has-trigger\"><a class=\"hidden-trigger-link\"  href=\"https:\/\/www.hs-nordhausen.de\/en\/service\/studien-service-zentrum-ssz\/\" title=\"Studien-Service-Zentrum (SSZ)\"><\/a>\n<div class=\"wp-block-group is-content-justification-center is-layout-flex wp-container-core-group-is-layout-a1f18741 wp-block-group-is-layout-flex\" style=\"padding-top:var(--wp--preset--spacing--30);padding-right:var(--wp--preset--spacing--30);padding-bottom:var(--wp--preset--spacing--30);padding-left:var(--wp--preset--spacing--30)\">\n<h3 class=\"wp-block-heading has-text-align-center card-title has-h-3-font-size wp-container-content-9cfa9a5a gs_FYnTFO\" id=\"h-post-titel\" style=\"padding-top:var(--wp--preset--spacing--20);padding-right:var(--wp--preset--spacing--20);padding-bottom:var(--wp--preset--spacing--20);padding-left:var(--wp--preset--spacing--20);font-style:normal;font-weight:700\"><span data-tag=\"title\" data-params=\"{&quot;isLink&quot;:true}\" class=\"is-tag\"><strong>Post Titel<\/strong><\/span><\/h3>\n<\/div>\n\n\n\n<div class=\"wp-block-group\" style=\"padding-top:0;padding-right:0;padding-bottom:0;padding-left:0\"><div class=\"wp-block-group__inner-container is-layout-constrained wp-container-core-group-is-layout-c6b4b7cd wp-block-group-is-layout-constrained\"><figure style=\"aspect-ratio:16\/9;height:100%;\" class=\"wp-block-post-featured-image\"><a href=\"https:\/\/www.hs-nordhausen.de\/en\/service\/studien-service-zentrum-ssz\/\" target=\"_self\"  style=\"height:100%\"><img decoding=\"async\" width=\"1600\" height=\"1067\" src=\"https:\/\/www.hs-nordhausen.de\/wp-content\/uploads\/sites\/8\/2024\/08\/3M8A6540.jpg\" class=\"attachment-post-thumbnail size-post-thumbnail wp-post-image\" alt=\"Studien-Service-Zentrum (SSZ)\" style=\"width:100%;height:100%;object-fit:cover;\" srcset=\"https:\/\/www.hs-nordhausen.de\/wp-content\/uploads\/sites\/8\/2024\/08\/3M8A6540.jpg 1600w, https:\/\/www.hs-nordhausen.de\/wp-content\/uploads\/sites\/8\/2024\/08\/3M8A6540-300x200.jpg 300w, https:\/\/www.hs-nordhausen.de\/wp-content\/uploads\/sites\/8\/2024\/08\/3M8A6540-1024x683.jpg 1024w, https:\/\/www.hs-nordhausen.de\/wp-content\/uploads\/sites\/8\/2024\/08\/3M8A6540-150x100.jpg 150w, https:\/\/www.hs-nordhausen.de\/wp-content\/uploads\/sites\/8\/2024\/08\/3M8A6540-768x512.jpg 768w, https:\/\/www.hs-nordhausen.de\/wp-content\/uploads\/sites\/8\/2024\/08\/3M8A6540-1536x1024.jpg 1536w, https:\/\/www.hs-nordhausen.de\/wp-content\/uploads\/sites\/8\/2024\/08\/3M8A6540-18x12.jpg 18w, https:\/\/www.hs-nordhausen.de\/wp-content\/uploads\/sites\/8\/2024\/08\/3M8A6540-24x16.jpg 24w\" sizes=\"(max-width: 1600px) 100vw, 1600px\" title=\"\"><\/a><\/figure><\/div><\/div>\n<\/div>\n<\/article><article class='query-post wp-block-post post-418 page type-page status-publish has-post-thumbnail hentry search_result' data-post='418'data-title='medienzentrum'data-date='2023-03-13 14:20:51'data-postviews='0'data-index='3'>\n<div id=\"greyd-69ea3598599f7\" class=\"wp-block-greyd-box gs_xzoNjq greyd-content-box gs_xzoNjq has-trigger\"><a class=\"hidden-trigger-link\"  href=\"https:\/\/www.hs-nordhausen.de\/en\/service\/medienzentrum\/\" title=\"Medienzentrum\"><\/a>\n<div class=\"wp-block-group is-content-justification-center is-layout-flex wp-container-core-group-is-layout-a1f18741 wp-block-group-is-layout-flex\" style=\"padding-top:var(--wp--preset--spacing--30);padding-right:var(--wp--preset--spacing--30);padding-bottom:var(--wp--preset--spacing--30);padding-left:var(--wp--preset--spacing--30)\">\n<h3 class=\"wp-block-heading has-text-align-center card-title has-h-3-font-size wp-container-content-9cfa9a5a gs_FYnTFO\" id=\"h-post-titel\" style=\"padding-top:var(--wp--preset--spacing--20);padding-right:var(--wp--preset--spacing--20);padding-bottom:var(--wp--preset--spacing--20);padding-left:var(--wp--preset--spacing--20);font-style:normal;font-weight:700\"><span data-tag=\"title\" data-params=\"{&quot;isLink&quot;:true}\" class=\"is-tag\"><strong>Post Titel<\/strong><\/span><\/h3>\n<\/div>\n\n\n\n<div class=\"wp-block-group\" style=\"padding-top:0;padding-right:0;padding-bottom:0;padding-left:0\"><div class=\"wp-block-group__inner-container is-layout-constrained wp-container-core-group-is-layout-c6b4b7cd wp-block-group-is-layout-constrained\"><figure style=\"aspect-ratio:16\/9;height:100%;\" class=\"wp-block-post-featured-image\"><a href=\"https:\/\/www.hs-nordhausen.de\/en\/service\/medienzentrum\/\" target=\"_self\"  style=\"height:100%\"><img decoding=\"async\" width=\"1600\" height=\"1067\" src=\"https:\/\/www.hs-nordhausen.de\/wp-content\/uploads\/sites\/8\/2024\/08\/3M8A6543.jpg\" class=\"attachment-post-thumbnail size-post-thumbnail wp-post-image\" alt=\"Medienzentrum\" style=\"width:100%;height:100%;object-fit:cover;\" srcset=\"https:\/\/www.hs-nordhausen.de\/wp-content\/uploads\/sites\/8\/2024\/08\/3M8A6543.jpg 1600w, https:\/\/www.hs-nordhausen.de\/wp-content\/uploads\/sites\/8\/2024\/08\/3M8A6543-300x200.jpg 300w, https:\/\/www.hs-nordhausen.de\/wp-content\/uploads\/sites\/8\/2024\/08\/3M8A6543-1024x683.jpg 1024w, https:\/\/www.hs-nordhausen.de\/wp-content\/uploads\/sites\/8\/2024\/08\/3M8A6543-150x100.jpg 150w, https:\/\/www.hs-nordhausen.de\/wp-content\/uploads\/sites\/8\/2024\/08\/3M8A6543-768x512.jpg 768w, https:\/\/www.hs-nordhausen.de\/wp-content\/uploads\/sites\/8\/2024\/08\/3M8A6543-1536x1024.jpg 1536w, https:\/\/www.hs-nordhausen.de\/wp-content\/uploads\/sites\/8\/2024\/08\/3M8A6543-18x12.jpg 18w, https:\/\/www.hs-nordhausen.de\/wp-content\/uploads\/sites\/8\/2024\/08\/3M8A6543-24x16.jpg 24w\" sizes=\"(max-width: 1600px) 100vw, 1600px\" title=\"\"><\/a><\/figure><\/div><\/div>\n<\/div>\n<\/article><article class='query-post wp-block-post post-414 page type-page status-publish has-post-thumbnail hentry page_category-hochschulbibliothek page_category-zentral page_tag-bibliothek page_tag-bibo search_result' data-post='414'data-title='hochschulbibliothek'data-date='2025-03-03 12:07:51'data-postviews='0'data-index='4'>\n<div id=\"greyd-69ea35985b14a\" class=\"wp-block-greyd-box gs_xzoNjq greyd-content-box gs_xzoNjq has-trigger\"><a class=\"hidden-trigger-link\"  href=\"https:\/\/www.hs-nordhausen.de\/en\/service\/bibliothek\/\" title=\"Hochschulbibliothek\"><\/a>\n<div class=\"wp-block-group is-content-justification-center is-layout-flex wp-container-core-group-is-layout-a1f18741 wp-block-group-is-layout-flex\" style=\"padding-top:var(--wp--preset--spacing--30);padding-right:var(--wp--preset--spacing--30);padding-bottom:var(--wp--preset--spacing--30);padding-left:var(--wp--preset--spacing--30)\">\n<h3 class=\"wp-block-heading has-text-align-center card-title has-h-3-font-size wp-container-content-9cfa9a5a gs_FYnTFO\" id=\"h-post-titel\" style=\"padding-top:var(--wp--preset--spacing--20);padding-right:var(--wp--preset--spacing--20);padding-bottom:var(--wp--preset--spacing--20);padding-left:var(--wp--preset--spacing--20);font-style:normal;font-weight:700\"><span data-tag=\"title\" data-params=\"{&quot;isLink&quot;:true}\" class=\"is-tag\"><strong>Post Titel<\/strong><\/span><\/h3>\n<\/div>\n\n\n\n<div class=\"wp-block-group\" style=\"padding-top:0;padding-right:0;padding-bottom:0;padding-left:0\"><div class=\"wp-block-group__inner-container is-layout-constrained wp-container-core-group-is-layout-c6b4b7cd wp-block-group-is-layout-constrained\"><figure style=\"aspect-ratio:16\/9;height:100%;\" class=\"wp-block-post-featured-image\"><a href=\"https:\/\/www.hs-nordhausen.de\/en\/service\/bibliothek\/\" target=\"_self\"  style=\"height:100%\"><img decoding=\"async\" width=\"1600\" height=\"1067\" src=\"https:\/\/www.hs-nordhausen.de\/wp-content\/uploads\/sites\/8\/2024\/08\/3M8A6321-2.jpg\" class=\"attachment-post-thumbnail size-post-thumbnail wp-post-image\" alt=\"Hochschulbibliothek\" style=\"width:100%;height:100%;object-fit:cover;\" srcset=\"https:\/\/www.hs-nordhausen.de\/wp-content\/uploads\/sites\/8\/2024\/08\/3M8A6321-2.jpg 1600w, https:\/\/www.hs-nordhausen.de\/wp-content\/uploads\/sites\/8\/2024\/08\/3M8A6321-2-300x200.jpg 300w, https:\/\/www.hs-nordhausen.de\/wp-content\/uploads\/sites\/8\/2024\/08\/3M8A6321-2-1024x683.jpg 1024w, https:\/\/www.hs-nordhausen.de\/wp-content\/uploads\/sites\/8\/2024\/08\/3M8A6321-2-150x100.jpg 150w, https:\/\/www.hs-nordhausen.de\/wp-content\/uploads\/sites\/8\/2024\/08\/3M8A6321-2-768x512.jpg 768w, https:\/\/www.hs-nordhausen.de\/wp-content\/uploads\/sites\/8\/2024\/08\/3M8A6321-2-1536x1024.jpg 1536w, https:\/\/www.hs-nordhausen.de\/wp-content\/uploads\/sites\/8\/2024\/08\/3M8A6321-2-18x12.jpg 18w, https:\/\/www.hs-nordhausen.de\/wp-content\/uploads\/sites\/8\/2024\/08\/3M8A6321-2-24x16.jpg 24w\" sizes=\"(max-width: 1600px) 100vw, 1600px\" title=\"\"><\/a><\/figure><\/div><\/div>\n<\/div>\n<\/article><\/div><\/div><\/div><div class='loading_spinner_wrapper' style='display:none;'>\n\t\t\t<div class='loading_spinner'>\n\t\t\t\t<div><\/div> <div><\/div> <div><\/div> <div><\/div>\n\t\t\t<\/div>\n\t\t<\/div><\/div>\n<\/div>\n\n\n\n<div class=\"wp-block-column col-12 col-sm-12 col-md-3 col-lg-3 offset-md-1 offset-lg-1 is-layout-flow wp-block-column-is-layout-flow\">\n<p><\/p>\n\n\n\n<div id=\"page-list-box\" class=\"wp-block-greyd-box hidden-lg hidden-md hidden-sm hidden-xs gs_gsuUAh greyd-content-box gs_gsuUAh\">\n<h3 class=\"wp-block-heading\">Weitere Informationen<\/h3>\n\n\n<div class=\"wp-block-template-part\">\n<p>[subpages depth=&#8220;1&#8243; sort_order=&#8220;desc&#8220;  sort_order=&#8220;desc&#8220;]<\/p>\n<\/div>\n\n\n<hr class=\"wp-block-separator has-text-color has-color-22-color has-alpha-channel-opacity has-color-22-background-color has-background is-style-wide\"\/>\n\n\n<div class=\"wp-block-template-part\">\n<p>[siblings depth=&#8220;1&#8243; exclude=&#8220;current&#8220;]<\/p>\n<\/div><\/div>\n<\/div>\n<\/div>\n<\/div>","protected":false},"excerpt":{"rendered":"<p>The Central Facilities of Nordhausen University of Applied Sciences are service facilities for all members of the university. These include<\/p>","protected":false},"author":1,"featured_media":0,"parent":5562,"menu_order":5,"comment_status":"closed","ping_status":"closed","template":"","meta":{"_piecal_is_recurring":false,"_piecal_recurring_interval":1,"_piecal_recurring_frequency":"","_piecal_recurring_exact_position":false,"_piecal_recurring_end":"","_piecal_color":"","_piecal_text_color":"","_piecal_global_color_master":false,"_piecal_is_event":false,"_piecal_start_date":"","_piecal_end_date":"","_piecal_is_allday":false,"greyd_block_editor_preview":[],"pgc_sgb_lightbox_settings":"","footnotes":""},"page_category":[581],"page_tag":[],"page_redaktion":[],"zielgruppen":[],"kontakt-zuordnung":[],"institut-oder-einric":[],"stg-zuordnung":[],"fachbereich":[],"wf_page_folders":[47],"ppma_author":[1400],"class_list":["post-1064","page","type-page","status-publish","hentry","page_category-hsn"],"publishpress_future_action":{"enabled":false,"date":"2026-04-30 17:07:04","action":"change-status","newStatus":"draft","terms":[],"taxonomy":"page_category","extraData":[]},"publishpress_future_workflow_manual_trigger":{"enabledWorkflows":[]},"_links":{"self":[{"href":"https:\/\/www.hs-nordhausen.de\/en\/wp-json\/wp\/v2\/pages\/1064","targetHints":{"allow":["GET"]}}],"collection":[{"href":"https:\/\/www.hs-nordhausen.de\/en\/wp-json\/wp\/v2\/pages"}],"about":[{"href":"https:\/\/www.hs-nordhausen.de\/en\/wp-json\/wp\/v2\/types\/page"}],"author":[{"embeddable":true,"href":"https:\/\/www.hs-nordhausen.de\/en\/wp-json\/wp\/v2\/users\/1"}],"replies":[{"embeddable":true,"href":"https:\/\/www.hs-nordhausen.de\/en\/wp-json\/wp\/v2\/comments?post=1064"}],"version-history":[{"count":0,"href":"https:\/\/www.hs-nordhausen.de\/en\/wp-json\/wp\/v2\/pages\/1064\/revisions"}],"up":[{"embeddable":true,"href":"https:\/\/www.hs-nordhausen.de\/en\/wp-json\/wp\/v2\/pages\/5562"}],"wp:attachment":[{"href":"https:\/\/www.hs-nordhausen.de\/en\/wp-json\/wp\/v2\/media?parent=1064"}],"wp:term":[{"taxonomy":"page_category","embeddable":true,"href":"https:\/\/www.hs-nordhausen.de\/en\/wp-json\/wp\/v2\/page_category?post=1064"},{"taxonomy":"page_tag","embeddable":true,"href":"https:\/\/www.hs-nordhausen.de\/en\/wp-json\/wp\/v2\/page_tag?post=1064"},{"taxonomy":"page_redaktion","embeddable":true,"href":"https:\/\/www.hs-nordhausen.de\/en\/wp-json\/wp\/v2\/page_redaktion?post=1064"},{"taxonomy":"zielgruppen","embeddable":true,"href":"https:\/\/www.hs-nordhausen.de\/en\/wp-json\/wp\/v2\/zielgruppen?post=1064"},{"taxonomy":"kontakt-zuordnung","embeddable":true,"href":"https:\/\/www.hs-nordhausen.de\/en\/wp-json\/wp\/v2\/kontakt-zuordnung?post=1064"},{"taxonomy":"institut-oder-einric","embeddable":true,"href":"https:\/\/www.hs-nordhausen.de\/en\/wp-json\/wp\/v2\/institut-oder-einric?post=1064"},{"taxonomy":"stg-zuordnung","embeddable":true,"href":"https:\/\/www.hs-nordhausen.de\/en\/wp-json\/wp\/v2\/stg-zuordnung?post=1064"},{"taxonomy":"fachbereich","embeddable":true,"href":"https:\/\/www.hs-nordhausen.de\/en\/wp-json\/wp\/v2\/fachbereich?post=1064"},{"taxonomy":"wf_page_folders","embeddable":true,"href":"https:\/\/www.hs-nordhausen.de\/en\/wp-json\/wp\/v2\/wf_page_folders?post=1064"},{"taxonomy":"author","embeddable":true,"href":"https:\/\/www.hs-nordhausen.de\/en\/wp-json\/wp\/v2\/ppma_author?post=1064"}],"curies":[{"name":"wp","href":"https:\/\/api.w.org\/{rel}","templated":true}]}}