{"id":1070,"date":"2023-04-19T16:23:19","date_gmt":"2023-04-19T14:23:19","guid":{"rendered":"https:\/\/hsnordhausen.artemis.wpspace.me\/hsn\/hochschule-nordhausen-university-of-applied-sciences\/alumni\/"},"modified":"2026-05-12T09:55:34","modified_gmt":"2026-05-12T07:55:34","slug":"alumni","status":"publish","type":"page","link":"https:\/\/www.hs-nordhausen.de\/en\/unsere-hsn\/alumni\/","title":{"rendered":"Alumni"},"content":{"rendered":"<div  class=\"dynamic row_xxl\"><div  class=\"spacer_wrap dyn\" aria-hidden=\"true\"><div class=\"wp-block-spacer inner-sm inner-md inner-lg\" style=\"height:calc(2em * 0.8)\" aria-hidden=\"true\"><\/div><div class=\"wp-block-spacer inner-xl\" style=\"height:2em\" aria-hidden=\"true\"><\/div><\/div>\n\n\n<nav aria-label=\"breadcrumbs\" class=\"rank-math-breadcrumb\"><p><span class=\"last\">Home<\/span><\/p><\/nav>\n\n\n<div  class=\"gs_pj9ffA row_wrap has-background\"><div id='bg_6a04d326da1b5' class='greyd-background bg_full'>\n\t\t\t\t\t\t\t\t<div class='bg_color'><\/div>\n\t\t\t\t\t\t\t\t\n\t\t\t\t\t\t\t\t\n\t\t\t\t\t\t\t\t\n\t\t\t\t\t\t\t<\/div>\n<div class=\"wp-block-columns row_xxl has-color-13-background-color has-background is-layout-flex wp-container-core-columns-is-layout-3fec90f0 wp-block-columns-is-layout-flex\" style=\"margin-top:var(--wp--preset--spacing--30);margin-bottom:var(--wp--preset--spacing--30)\">\n<div class=\"wp-block-column is-vertically-aligned-center hidden-xs hidden-sm col-12 col-sm-12 col-md-12 col-lg-12 is-layout-flow wp-block-column-is-layout-flow\" style=\"padding-top:var(--wp--preset--spacing--40);padding-right:var(--wp--preset--spacing--30);padding-bottom:var(--wp--preset--spacing--50);padding-left:var(--wp--preset--spacing--30)\">\n<div class=\"wp-block-group is-vertical is-layout-flex wp-container-core-group-is-layout-c2991436 wp-block-group-is-layout-flex\" style=\"padding-top:var(--wp--preset--spacing--40)\">\n<h1 class=\"wp-block-heading has-text-align-left dyn has-color-31-color has-text-color gs_0dysQS\" id=\"h-post-titel\"><span data-tag=\"title\" data-params=\"\" class=\"is-tag\">Post Titel<\/span><\/h1>\n\n\n<\/div>\n<\/div>\n\n\n\n<div class=\"wp-block-column is-vertically-aligned-bottom hidden-md hidden-lg col-12 col-sm-12 col-md-8 col-lg-8 is-layout-flow wp-block-column-is-layout-flow\" style=\"padding-left:var(--wp--preset--spacing--30)\">\n<h1 class=\"wp-block-heading has-text-align-center dyn has-color-31-color has-text-color gs_Qz9dg4\" id=\"h-post-titel-0\"><span data-tag=\"title\" data-params=\"\" class=\"is-tag\">Post Titel<\/span><\/h1>\n<\/div>\n\n\n\n<div class=\"wp-block-column hidden-md hidden-lg col-12 col-sm-auto is-layout-flow wp-block-column-is-layout-flow\"><\/div>\n<\/div>\n<\/div>\n\n<div  class=\"spacer_wrap dyn\" aria-hidden=\"true\"><div class=\"wp-block-spacer inner-sm\" style=\"height:calc(2em * 0.4)\" aria-hidden=\"true\"><\/div><div class=\"wp-block-spacer inner-md\" style=\"height:calc(2em * 0.6)\" aria-hidden=\"true\"><\/div><div class=\"wp-block-spacer inner-lg\" style=\"height:calc(2em * 0.8)\" aria-hidden=\"true\"><\/div><div class=\"wp-block-spacer inner-xl\" style=\"height:2em\" aria-hidden=\"true\"><\/div><\/div><\/div>\n\n<div  class=\"gs_nuqnVJ row_wrap\">\n<div class=\"wp-block-columns row_xxl is-layout-flex wp-container-core-columns-is-layout-9d6595d7 wp-block-columns-is-layout-flex\">\n<div class=\"wp-block-column col-12 col-sm-12 col-md-8 col-lg-8 is-layout-flow wp-block-column-is-layout-flow\" style=\"flex-basis:66.66%;width:66.66%\">\n<figure class=\"wp-block-image size-full\"><img decoding=\"async\" width=\"250\" height=\"68\" src=\"https:\/\/wpadmin.hs-nordhausen.de\/wp-content\/uploads\/sites\/8\/2024\/01\/Logo-HSN-Alumni.png\" alt=\"Logo alumni Hochschule Nordhausen\" class=\"wp-image-8441\" title=\"\" srcset=\"https:\/\/www.hs-nordhausen.de\/wp-content\/uploads\/sites\/8\/2024\/01\/Logo-HSN-Alumni.png 250w, https:\/\/www.hs-nordhausen.de\/wp-content\/uploads\/sites\/8\/2024\/01\/Logo-HSN-Alumni-150x41.png 150w, https:\/\/www.hs-nordhausen.de\/wp-content\/uploads\/sites\/8\/2024\/01\/Logo-HSN-Alumni-18x5.png 18w, https:\/\/www.hs-nordhausen.de\/wp-content\/uploads\/sites\/8\/2024\/01\/Logo-HSN-Alumni-24x7.png 24w\" sizes=\"(max-width: 250px) 100vw, 250px\" \/><\/figure>\n\n\n\n<p>Wer Alumni ist, hat es geschafft: Das Studium erfolgreich abgeschlossen, einen akademischen Grad erworben!&nbsp;<\/p>\n\n\n\n<p>Die Hochschule Nordhausen l\u00e4dt ihre Alumni j\u00e4hrlich zu einem Treffen ein, bei dem Kontaktpflege gro\u00df geschrieben wird.<\/p>\n\n\n\n<p>Der n\u00e4chste allgemeine<strong> AlumniTag wird f\u00fcr den&nbsp;30.05.2026&nbsp;<\/strong>geplant.<\/p>\n\n\n\n<h3 class=\"wp-block-heading\" id=\"h-hinweise\">Hinweise<\/h3>\n\n\n\n<p>Um nach dem Abschluss des Studiums Alumni der Hochschule Nordhausen und Teil des Netzwerks zu werden, ist aus datenschutzrechtlichen Gr\u00fcnden eine Selbstregistrierung mit Double-Opt-in-Verfahren erforderlich.<br>\u00dcber diese Registrierung sichern sich Absolvent*innen <strong>Informationen zu Alumni-relevanten Themen<\/strong>.<\/p>\n\n\n\n<p>Die<strong> Registrierung<\/strong> kann man hier vornehmen:&nbsp;<\/p>\n\n\n<div  class=\"spacer_wrap \" aria-hidden=\"true\"><div class=\"wp-block-spacer inner-sm\" style=\"height:calc(2em * 0.4)\" aria-hidden=\"true\"><\/div><div class=\"wp-block-spacer inner-md\" style=\"height:calc(2em * 0.6)\" aria-hidden=\"true\"><\/div><div class=\"wp-block-spacer inner-lg\" style=\"height:calc(2em * 0.8)\" aria-hidden=\"true\"><\/div><div class=\"wp-block-spacer inner-xl\" style=\"height:2em\" aria-hidden=\"true\"><\/div><\/div>\n\n\n<div class=\"wp-block-greyd-buttons alignleft\">\n<a  href=\"https:\/\/alumni.hs-nordhausen.de\/\" class=\"button is-style-prim gs_ZolUly big\"><span style=\"flex:1\">Alumni-Portal<\/span><span class=\"arrow_right-up\" style=\"vertical-align:middle;font-size:100%;margin-left:10px\" aria-hidden=\"true\"><\/span><\/a>\n<\/div>\n\n\n<div  class=\"spacer_wrap \" aria-hidden=\"true\"><div class=\"wp-block-spacer inner-sm\" style=\"height:calc(2em * 0.4)\" aria-hidden=\"true\"><\/div><div class=\"wp-block-spacer inner-md\" style=\"height:calc(2em * 0.6)\" aria-hidden=\"true\"><\/div><div class=\"wp-block-spacer inner-lg\" style=\"height:calc(2em * 0.8)\" aria-hidden=\"true\"><\/div><div class=\"wp-block-spacer inner-xl\" style=\"height:2em\" aria-hidden=\"true\"><\/div><\/div>\n\n\n<p>Das Alumni-Portal der Hochschule Nordhausen beinhaltet dar\u00fcber hinaus eine <strong>Stellenb\u00f6rse<\/strong>.&nbsp;<\/p>\n<\/div>\n\n\n\n<div class=\"wp-block-column col-12 col-sm-12 col-md-3 col-lg-3 offset-md-1 offset-lg-1 is-layout-flow wp-block-column-is-layout-flow\" style=\"flex-basis:33.33%;width:33.33%\">\n<h3 class=\"wp-block-heading\" id=\"h-kontakt\">Kontakt<\/h3>\n\n\n\n<div class=\"wp-block-group has-trigger group_wrap\"><div class=\"wp-block-group__inner-container is-layout-constrained wp-block-group-is-layout-constrained\"><a class=\"hidden-trigger-link\"  href=\"https:\/\/www.hs-nordhausen.de\/en\/unsere-hsn\/alumni\/\" title=\"Alumni\"><\/a>\n<div id=\"greyd-6a04d326dc793\" class=\"wp-block-greyd-box aligncenter dyn gs_LvI53R greyd-content-box gs_LvI53R flex-justify-flex-start\">\n<div id=\"greyd-6a04d326db7b0\" class=\"wp-block-greyd-box aligncenter dyn gs_nVZwZR greyd-content-box gs_nVZwZR flex-justify-flex-start\">\n<div class=\"wp-block-group is-horizontal is-content-justification-space-between is-nowrap is-layout-flex wp-container-core-group-is-layout-b493c794 wp-block-group-is-layout-flex gs_EAw9o9 group_wrap\"><\/div>\n<\/div>\n\n\n\n<div class=\"wp-block-group is-nowrap is-layout-flex wp-container-core-group-is-layout-ad2f72ca wp-block-group-is-layout-flex\">\n<h3 class=\"wp-block-heading has-text-align-center is-style-rounded dyn has-color-21-color has-text-color has-link-color wp-elements-60b5607aa5d68ec0b5ddee6ef8d0a9be gs_ms6cea\" id=\"name\" style=\"font-style:normal;font-weight:600\"> <span data-tag=\"bezeichnung-abteilung\" data-params=\"\" class=\"is-tag\">Bezeichnung der Abteilung<\/span> <span data-tag=\"titel\" data-params=\"\" class=\"is-tag\">Titel (Prof.\/Dr.\/&#8230;)<\/span> <span data-tag=\"vorname\" data-params=\"\" class=\"is-tag\">Vorname<\/span> <span data-tag=\"nachname\" data-params=\"\" class=\"is-tag\">Nachname<\/span><\/h3>\n<\/div>\n\n\n\n\n<p class=\"has-text-align-center dyn\" style=\"font-style:normal;font-weight:600\"><span data-tag=\"taxonomy-kontaktverzeichnis_position\" data-params=\"\" class=\"is-tag\"><strong>Positionen<\/strong><\/span><\/p>\n\n\n\n<p class=\"has-text-align-center dyn\" style=\"padding-top:var(--wp--preset--spacing--30)\"><\/p>\n\n\n\n\n<hr id=\"greyd-6a04d326dc094\" style='  border-style: dotted !important; opacity: 100% !important; height: 1px !important;   ' class=\"wp-block-separator has-text-color has-color-22-color has-alpha-channel-opacity has-color-22-background-color has-background is-style-wide\"\/>\n\n\n\n<ul id=\"list_6a04d326dc191\" style=\"padding-top:var(--wp--preset--spacing--50);padding-bottom:0\" class=\"wp-block-greyd-list\">\n<li><span class=\"list_icon icon_profile\" aria-hidden=\"true\"><\/span><span class=\"list_content\"><p><span class=\"is-button link\" data-type=\"dynamic\" data-params=\"{&quot;tag&quot;:&quot;post&quot;}\">Profil<\/span><\/p><\/span><\/li>\n\n\n\n\n\n\n\n\n<\/ul>\n<\/div>\n<\/div><\/div>\n\n\n\n<div id=\"page-list-box\" class=\"wp-block-greyd-box hidden-lg hidden-md hidden-sm hidden-xs gs_gsuUAh greyd-content-box gs_gsuUAh\">\n<h3 class=\"wp-block-heading\">Weitere Informationen<\/h3>\n\n\n<div class=\"wp-block-template-part\">\n<p>[subpages depth=&#8220;1&#8243; sort_order=&#8220;desc&#8220;  sort_order=&#8220;desc&#8220;]<\/p>\n<\/div>\n\n\n<hr class=\"wp-block-separator has-text-color has-color-22-color has-alpha-channel-opacity has-color-22-background-color has-background is-style-wide\"\/>\n\n\n<div class=\"wp-block-template-part\">\n<p>[siblings depth=&#8220;1&#8243; exclude=&#8220;current&#8220;]<\/p>\n<\/div><\/div>\n<\/div>\n<\/div>\n<\/div>","protected":false},"excerpt":{"rendered":"<p>Wer Alumni ist, hat es geschafft: Das Studium erfolgreich abgeschlossen, einen akademischen Grad erworben!&nbsp; Die Hochschule Nordhausen l\u00e4dt ihre Alumni j\u00e4hrlich zu einem Treffen ein, bei dem Kontaktpflege gro\u00df geschrieben wird. Der n\u00e4chste allgemeine AlumniTag wird f\u00fcr den&nbsp;30.05.2026&nbsp;geplant. Hinweise Um nach dem Abschluss des Studiums Alumni der Hochschule Nordhausen und Teil des Netzwerks zu werden, [&hellip;]<\/p>\n","protected":false},"author":1,"featured_media":41101,"parent":5562,"menu_order":11,"comment_status":"closed","ping_status":"closed","template":"","meta":{"_piecal_is_recurring":false,"_piecal_recurring_interval":1,"_piecal_recurring_frequency":"","_piecal_recurring_exact_position":false,"_piecal_recurring_end":"","_piecal_color":"","_piecal_text_color":"","_piecal_global_color_master":false,"_piecal_rsets":"[]","_piecal_is_event":false,"_piecal_start_date":"","_piecal_end_date":"","_piecal_is_allday":false,"greyd_block_editor_preview":[],"pgc_sgb_lightbox_settings":"","footnotes":""},"page_category":[581],"page_tag":[],"page_redaktion":[],"zielgruppen":[],"kontakt-zuordnung":[],"institut-oder-einric":[],"stg-zuordnung":[],"fachbereich":[],"wf_page_folders":[47],"ppma_author":[1400],"class_list":["post-1070","page","type-page","status-publish","has-post-thumbnail","hentry","page_category-hsn"],"publishpress_future_action":{"enabled":false,"date":"2026-05-20 21:38:14","action":"change-status","newStatus":"draft","terms":[],"taxonomy":"page_category","extraData":[]},"publishpress_future_workflow_manual_trigger":{"enabledWorkflows":[]},"_links":{"self":[{"href":"https:\/\/www.hs-nordhausen.de\/en\/wp-json\/wp\/v2\/pages\/1070","targetHints":{"allow":["GET"]}}],"collection":[{"href":"https:\/\/www.hs-nordhausen.de\/en\/wp-json\/wp\/v2\/pages"}],"about":[{"href":"https:\/\/www.hs-nordhausen.de\/en\/wp-json\/wp\/v2\/types\/page"}],"author":[{"embeddable":true,"href":"https:\/\/www.hs-nordhausen.de\/en\/wp-json\/wp\/v2\/users\/1"}],"replies":[{"embeddable":true,"href":"https:\/\/www.hs-nordhausen.de\/en\/wp-json\/wp\/v2\/comments?post=1070"}],"version-history":[{"count":2,"href":"https:\/\/www.hs-nordhausen.de\/en\/wp-json\/wp\/v2\/pages\/1070\/revisions"}],"predecessor-version":[{"id":36809,"href":"https:\/\/www.hs-nordhausen.de\/en\/wp-json\/wp\/v2\/pages\/1070\/revisions\/36809"}],"up":[{"embeddable":true,"href":"https:\/\/www.hs-nordhausen.de\/en\/wp-json\/wp\/v2\/pages\/5562"}],"wp:featuredmedia":[{"embeddable":true,"href":"https:\/\/www.hs-nordhausen.de\/en\/wp-json\/wp\/v2\/media\/41101"}],"wp:attachment":[{"href":"https:\/\/www.hs-nordhausen.de\/en\/wp-json\/wp\/v2\/media?parent=1070"}],"wp:term":[{"taxonomy":"page_category","embeddable":true,"href":"https:\/\/www.hs-nordhausen.de\/en\/wp-json\/wp\/v2\/page_category?post=1070"},{"taxonomy":"page_tag","embeddable":true,"href":"https:\/\/www.hs-nordhausen.de\/en\/wp-json\/wp\/v2\/page_tag?post=1070"},{"taxonomy":"page_redaktion","embeddable":true,"href":"https:\/\/www.hs-nordhausen.de\/en\/wp-json\/wp\/v2\/page_redaktion?post=1070"},{"taxonomy":"zielgruppen","embeddable":true,"href":"https:\/\/www.hs-nordhausen.de\/en\/wp-json\/wp\/v2\/zielgruppen?post=1070"},{"taxonomy":"kontakt-zuordnung","embeddable":true,"href":"https:\/\/www.hs-nordhausen.de\/en\/wp-json\/wp\/v2\/kontakt-zuordnung?post=1070"},{"taxonomy":"institut-oder-einric","embeddable":true,"href":"https:\/\/www.hs-nordhausen.de\/en\/wp-json\/wp\/v2\/institut-oder-einric?post=1070"},{"taxonomy":"stg-zuordnung","embeddable":true,"href":"https:\/\/www.hs-nordhausen.de\/en\/wp-json\/wp\/v2\/stg-zuordnung?post=1070"},{"taxonomy":"fachbereich","embeddable":true,"href":"https:\/\/www.hs-nordhausen.de\/en\/wp-json\/wp\/v2\/fachbereich?post=1070"},{"taxonomy":"wf_page_folders","embeddable":true,"href":"https:\/\/www.hs-nordhausen.de\/en\/wp-json\/wp\/v2\/wf_page_folders?post=1070"},{"taxonomy":"author","embeddable":true,"href":"https:\/\/www.hs-nordhausen.de\/en\/wp-json\/wp\/v2\/ppma_author?post=1070"}],"curies":[{"name":"wp","href":"https:\/\/api.w.org\/{rel}","templated":true}]}}