{"id":1071,"date":"2023-04-19T16:23:19","date_gmt":"2023-04-19T14:23:19","guid":{"rendered":"https:\/\/hsnordhausen.artemis.wpspace.me\/hsn\/hochschule-nordhausen-university-of-applied-sciences\/hochschulsport\/"},"modified":"2026-04-16T14:02:57","modified_gmt":"2026-04-16T12:02:57","slug":"university-sport-2","status":"publish","type":"page","link":"https:\/\/www.hs-nordhausen.de\/en\/unsere-hsn\/hochschulsport\/","title":{"rendered":"University sports"},"content":{"rendered":"<div  class=\"dynamic row_xxl\"><div  class=\"spacer_wrap \" aria-hidden=\"true\"><div class=\"wp-block-spacer inner-sm\" style=\"height:calc(2em * 0.4)\" aria-hidden=\"true\"><\/div><div class=\"wp-block-spacer inner-md\" style=\"height:calc(2em * 0.6)\" aria-hidden=\"true\"><\/div><div class=\"wp-block-spacer inner-lg\" style=\"height:calc(2em * 0.8)\" aria-hidden=\"true\"><\/div><div class=\"wp-block-spacer inner-xl\" style=\"height:2em\" aria-hidden=\"true\"><\/div><\/div>\n\n\n<nav aria-label=\"breadcrumbs\" class=\"rank-math-breadcrumb\"><p><span class=\"last\">Home<\/span><\/p><\/nav>\n\n\n<div  class=\"spacer_wrap dyn\" aria-hidden=\"true\"><div class=\"wp-block-spacer inner-sm\" style=\"height:calc(2em * 0.4)\" aria-hidden=\"true\"><\/div><div class=\"wp-block-spacer inner-md\" style=\"height:calc(2em * 0.6)\" aria-hidden=\"true\"><\/div><div class=\"wp-block-spacer inner-lg\" style=\"height:calc(2em * 0.8)\" aria-hidden=\"true\"><\/div><div class=\"wp-block-spacer inner-xl\" style=\"height:2em\" aria-hidden=\"true\"><\/div><\/div>\n\n\n<div class=\"wp-block-cover is-light has-custom-content-position is-position-bottom-left dyn\" style=\"padding-top:var(--wp--preset--spacing--30);padding-right:var(--wp--preset--spacing--50);padding-bottom:var(--wp--preset--spacing--30);padding-left:var(--wp--preset--spacing--50);min-height:50vh;aspect-ratio:unset;\"><span aria-hidden=\"true\" class=\"wp-block-cover__background has-background-dim-0 has-background-dim has-background-gradient\" style=\"background:linear-gradient(135deg,rgb(90,79,79) 0%,rgb(253,250,240) 100%)\"><\/span><img decoding=\"async\" width=\"2000\" height=\"1415\" src=\"https:\/\/www.hs-nordhausen.de\/wp-content\/uploads\/sites\/8\/2025\/04\/sport-bg-1b.png\" class=\"wp-block-cover__image-background wp-post-image\" alt=\"\" data-object-fit=\"cover\" srcset=\"https:\/\/www.hs-nordhausen.de\/wp-content\/uploads\/sites\/8\/2025\/04\/sport-bg-1b.png 2000w, https:\/\/www.hs-nordhausen.de\/wp-content\/uploads\/sites\/8\/2025\/04\/sport-bg-1b-300x212.png 300w, https:\/\/www.hs-nordhausen.de\/wp-content\/uploads\/sites\/8\/2025\/04\/sport-bg-1b-1024x724.png 1024w, https:\/\/www.hs-nordhausen.de\/wp-content\/uploads\/sites\/8\/2025\/04\/sport-bg-1b-150x106.png 150w, https:\/\/www.hs-nordhausen.de\/wp-content\/uploads\/sites\/8\/2025\/04\/sport-bg-1b-768x543.png 768w, https:\/\/www.hs-nordhausen.de\/wp-content\/uploads\/sites\/8\/2025\/04\/sport-bg-1b-1536x1087.png 1536w, https:\/\/www.hs-nordhausen.de\/wp-content\/uploads\/sites\/8\/2025\/04\/sport-bg-1b-18x12.png 18w, https:\/\/www.hs-nordhausen.de\/wp-content\/uploads\/sites\/8\/2025\/04\/sport-bg-1b-24x17.png 24w\" sizes=\"(max-width: 2000px) 100vw, 2000px\" title=\"\"><div class=\"wp-block-cover__inner-container is-layout-flow wp-block-cover-is-layout-flow\">\n<div class=\"wp-block-group aligncenter is-content-justification-center is-layout-flex wp-container-core-group-is-layout-d4dacd58 wp-block-group-is-layout-flex gs_4AXGr5 group_wrap\" style=\"padding-right:0;padding-left:0\">\n<h1 class=\"wp-block-heading has-text-align-center dyn has-color-21-color has-color-23-background-color has-text-color has-background has-link-color has-h-1-font-size wp-elements-fed7c87cc006c7400545eda6200ecdc6 gs_cnUkSB\" id=\"h-post-titel\" style=\"padding-top:var(--wp--preset--spacing--30);padding-right:var(--wp--preset--spacing--50);padding-bottom:var(--wp--preset--spacing--30);padding-left:var(--wp--preset--spacing--50)\"><span data-tag=\"title\" data-params=\"&quot;&quot;\" class=\"is-tag\">Post Titel<\/span><\/h1>\n<\/div>\n<\/div><\/div>\n\n\n<div  class=\"spacer_wrap dyn\" aria-hidden=\"true\"><div class=\"wp-block-spacer inner-sm\" style=\"height:calc(2em * 0.2)\" aria-hidden=\"true\"><\/div><div class=\"wp-block-spacer inner-md\" style=\"height:calc(2em * 0.6)\" aria-hidden=\"true\"><\/div><div class=\"wp-block-spacer inner-lg\" style=\"height:calc(2em * 0.8)\" aria-hidden=\"true\"><\/div><div class=\"wp-block-spacer inner-xl\" style=\"height:2em\" aria-hidden=\"true\"><\/div><\/div><\/div>\n\n<div  class=\"row_wrap\">\n<div class=\"wp-block-columns row_xxl is-layout-flex wp-container-core-columns-is-layout-9d6595d7 wp-block-columns-is-layout-flex\">\n<div class=\"wp-block-column col-12 col-sm-12 col-md-8 col-lg-8 is-layout-flow wp-block-column-is-layout-flow\" style=\"flex-basis:66.66%;width:66.66%\">\n<h2 class=\"wp-block-heading\" id=\"h-sportangebote-der-hochschule-nordhausen-wise-2023\">Sportangebote der Hochschule Nordhausen Sommersemester 2026<\/h2>\n\n\n\n<figure class=\"wp-block-table is-style-stripes\"><table class=\"has-fixed-layout\"><thead><tr><th>Uhrzeit<\/th><th>Montag<\/th><th>Dienstag<\/th><th>Mittwoch<\/th><th>Donnerstag<\/th><th>Freitag<\/th><\/tr><\/thead><tbody><tr><td>16:00\u201317:00<\/td><td><\/td><td><\/td><td><\/td><td><strong>Nordic Walking<\/strong><br>(Treffpunkt Halle)<\/td><td><\/td><\/tr><tr><td>16:00\u201318:00<\/td><td><strong>Cricket<\/strong><br>(Rasenplatz)<\/td><td><\/td><td><strong>Frisbee<\/strong><\/td><td><\/td><td><\/td><\/tr><tr><td>17:00\u201319:00<\/td><td><\/td><td><\/td><td><\/td><td><strong>Volleyball<br><\/strong>(just for fun)<br><br>Laufgruppe<br>(Treffpunkt Halle)<\/td><td><\/td><\/tr><tr><td>18:00\u201320:00<\/td><td><strong>Volleyball<br><\/strong>(Pro)<\/td><td><strong>Tischtennis<\/strong><br><br><strong>Dart<\/strong><br>(Karzer)<\/td><td><strong>Zirkus\/Jonglage <br>Spikeball<\/strong><\/td><td><\/td><td><strong>Frisbee<\/strong><\/td><\/tr><tr><td>20:00\u201321:00<\/td><td><\/td><td><\/td><td><\/td><td><strong>Basketball<\/strong><\/td><td><strong>Kickboxen<\/strong><\/td><\/tr><tr><td>20:00\u201322:00<\/td><td><\/td><td><strong>Basketball<\/strong><\/td><td><strong>Badminton<\/strong><\/td><td><\/td><td><\/td><\/tr><tr><td>21:00\u201323:00<\/td><td><\/td><td><\/td><td><\/td><td><\/td><td><strong>Futsal<\/strong><\/td><\/tr><\/tbody><\/table><\/figure>\n\n\n\n<div class=\"wp-block-greyd-accordion gs_EHDytx\" data-autoclose=\"false\" data-openfirst=\"true\" style=\"padding-top:var(--wp--preset--spacing--50);padding-bottom:var(--wp--preset--spacing--50)\">\n<div class=\"wp-block-greyd-accordion-item hidden-lg hidden-md hidden-sm hidden-xs\"><button class=\"wp-block-greyd-accordion__title\" role=\"button\" type=\"button\" aria-expanded=\"false\" aria-controls=\"sect-r04n-1\" id=\"title-r04n-1\"><span>Fu\u00dfball<\/span><span class=\"icon icon-normal arrow_triangle-down\" aria-hidden=\"true\"><\/span><span class=\"icon icon-active arrow_triangle-up\" aria-hidden=\"true\"><\/span><\/button><div class=\"wp-block-greyd-accordion__content\" role=\"region\" id=\"sect-r04n-1\" aria-labelledby=\"title-r04n-1\" hidden>\n<p><strong>F\u00fcr dieses&nbsp;Sommersemester sind unsere Trainingszeiten wie folgt:&nbsp;<\/strong><\/p>\n\n\n\n<ul class=\"wp-block-list\">\n<li><strong>Montag:<\/strong> 17:30-20:00 Uhr<\/li>\n\n\n\n<li><strong>Mittwoch:<\/strong>&nbsp;17:30-20:00 Uhr<\/li>\n\n\n\n<li><strong>Freitag:<\/strong>&nbsp;17:30-20:00&nbsp;Uhr<\/li>\n<\/ul>\n\n\n\n<p><strong>Ort: <\/strong><span class=\"is-button button is-style-sec small\" data-type=\"popup\" data-params=\"&quot;8993&quot;\">Kunstrasenplatz in der Hochschule<\/span><\/p>\n\n\n\n<p><strong>Kontakt:<\/strong> Tobias-Heinz Bickmann<\/p>\n\n\n\n<p><strong>E-Mail: <\/strong><span class=\"is-button link\" data-type=\"email\" data-params=\"{&quot;address&quot;:&quot;tobias-heinz.bickmann@hs-nordhausen.de&quot;,&quot;subject&quot;:&quot;Anfrage \u00fcber die HSN-Website&quot;}\">tobias-heinz.bickmann@hs-nordhausen.de<\/span><\/p>\n<\/div><\/div>\n\n\n\n<div class=\"wp-block-greyd-accordion-item\"><button class=\"wp-block-greyd-accordion__title\" role=\"button\" type=\"button\" aria-expanded=\"false\" aria-controls=\"sect-4t59-2\" id=\"title-4t59-2\"><span>Hochschulvolleyball<\/span><span class=\"icon icon-normal arrow_triangle-down\" aria-hidden=\"true\"><\/span><span class=\"icon icon-active arrow_triangle-up\" aria-hidden=\"true\"><\/span><\/button><div class=\"wp-block-greyd-accordion__content\" role=\"region\" id=\"sect-4t59-2\" aria-labelledby=\"title-4t59-2\" hidden>\n<ul class=\"wp-block-list\">\n<li><strong>Mittwoch:<\/strong> 18:00-22:00&nbsp;Uhr in der <a href=\"https:\/\/maps.app.goo.gl\/ZTAsvKYWb9Hpb5Rz5\" target=\"_blank\" rel=\"noreferrer noopener nofollow\">K\u00e4the-Kollwitz-Schule<\/a><\/li>\n<\/ul>\n\n\n\n<p><strong>Kontakt:<\/strong>&nbsp;Ron Lintner<\/p>\n\n\n\n<p><strong>E-Mail: <\/strong><span class=\"is-button link\" data-type=\"email\" data-params=\"{&quot;address&quot;:&quot;ron.lintner@hs-nordhausen.de&quot;}\">ron.lintner@hs-nordhausen.de<\/span> <\/p>\n<\/div><\/div>\n\n\n\n<div class=\"wp-block-greyd-accordion-item\"><button class=\"wp-block-greyd-accordion__title\" role=\"button\" type=\"button\" aria-expanded=\"false\" aria-controls=\"sect-2y1v-3\" id=\"title-2y1v-3\"><span>Salsa<\/span><span class=\"icon icon-normal arrow_triangle-down\" aria-hidden=\"true\"><\/span><span class=\"icon icon-active arrow_triangle-up\" aria-hidden=\"true\"><\/span><\/button><div class=\"wp-block-greyd-accordion__content\" role=\"region\" id=\"sect-2y1v-3\" aria-labelledby=\"title-2y1v-3\" hidden>\n<p>Jeden&nbsp;Montag um 19 Uhr findet gegen\u00fcber Haus 19 der Salsa-Kurs der HS Nordhausen statt.<\/p>\n\n\n\n<p><strong>Kursleiterin:&nbsp;<\/strong>Gabriel Barrera<\/p>\n\n\n\n<p><strong>E-Mail:&nbsp;<\/strong><span class=\"is-button link\" data-type=\"email\" data-params=\"{&quot;address&quot;:&quot;gabriel.barrera@hs-nordhausen.de&quot;,&quot;subject&quot;:&quot;Anfrage \u00fcber HSN-Website&quot;}\">gabriel.barrera@hs-nordhausen.de<\/span><\/p>\n<\/div><\/div>\n\n\n\n<div class=\"wp-block-greyd-accordion-item\"><button class=\"wp-block-greyd-accordion__title\" role=\"button\" type=\"button\" aria-expanded=\"false\" aria-controls=\"sect-6jua-4\" id=\"title-6jua-4\"><span>Tanzkurs<\/span><span class=\"icon icon-normal arrow_triangle-down\" aria-hidden=\"true\"><\/span><span class=\"icon icon-active arrow_triangle-up\" aria-hidden=\"true\"><\/span><\/button><div class=\"wp-block-greyd-accordion__content\" role=\"region\" id=\"sect-6jua-4\" aria-labelledby=\"title-6jua-4\" hidden>\n<p>Finden Sie weitere <a href=\"https:\/\/more-esprit.de\" target=\"_blank\" rel=\"noreferrer noopener nofollow\">Informationen zum Tanzkurs.<\/a><\/p>\n<\/div><\/div>\n\n\n\n<div class=\"wp-block-greyd-accordion-item\"><button class=\"wp-block-greyd-accordion__title\" role=\"button\" type=\"button\" aria-expanded=\"false\" aria-controls=\"sect-2qlk-5\" id=\"title-2qlk-5\"><span>Yoga-Onlinekurs<\/span><span class=\"icon icon-normal arrow_triangle-down\" aria-hidden=\"true\"><\/span><span class=\"icon icon-active arrow_triangle-up\" aria-hidden=\"true\"><\/span><\/button><div class=\"wp-block-greyd-accordion__content\" role=\"region\" id=\"sect-2qlk-5\" aria-labelledby=\"title-2qlk-5\" hidden>\n<p>Finden Sie jetzt weitere <a href=\"https:\/\/www.harz-yoga-osterode.de\" target=\"_blank\" rel=\"noreferrer noopener nofollow\">Informationen zum Yoga.<\/a><\/p>\n<\/div><\/div>\n\n\n\n<div class=\"wp-block-greyd-accordion-item\"><button class=\"wp-block-greyd-accordion__title\" role=\"button\" type=\"button\" aria-expanded=\"false\" aria-controls=\"sect-qn9r-6\" id=\"title-qn9r-6\"><span>Laufgruppe der HSN<\/span><span class=\"icon icon-normal arrow_triangle-down\" aria-hidden=\"true\"><\/span><span class=\"icon icon-active arrow_triangle-up\" aria-hidden=\"true\"><\/span><\/button><div class=\"wp-block-greyd-accordion__content\" role=\"region\" id=\"sect-qn9r-6\" aria-labelledby=\"title-qn9r-6\" hidden>\n<p>Die Laufgruppe trifft sich w\u00f6chentlich am Donnerstag um 17 Uhr an der <span class=\"is-button button is-style-sec small\" data-type=\"popup\" data-params=\"&quot;8997&quot;\">Turnhalle der Hochschule<\/span>.<\/p>\n\n\n\n<p>Offen f\u00fcr alle Menschen &#8211; ob Profi oder Einsteiger:in!<\/p>\n\n\n\n<p><strong>Kontakt:<\/strong>&nbsp;Pascal Leibrandt<\/p>\n\n\n\n<p><strong>E-Mail: <\/strong><span class=\"is-button link\" data-type=\"email\" data-params=\"{&quot;address&quot;:&quot;pascal.leibbrandt@hs-nordhausen.de&quot;,&quot;subject&quot;:&quot;Anfrage \u00fcber HSN-Website&quot;}\">pascal.leibbrandt@hs-nordhausen.de<\/span><\/p>\n<\/div><\/div>\n\n\n\n<div class=\"wp-block-greyd-accordion-item\"><button class=\"wp-block-greyd-accordion__title\" role=\"button\" type=\"button\" aria-expanded=\"false\" aria-controls=\"sect-2iw7-7\" id=\"title-2iw7-7\"><span>Angebote f\u00fcr Studierende in Nordh\u00e4user Sportvereinen und andere HSN-externe Angebote (Auswahl)<\/span><span class=\"icon icon-normal arrow_triangle-down\" aria-hidden=\"true\"><\/span><span class=\"icon icon-active arrow_triangle-up\" aria-hidden=\"true\"><\/span><\/button><div class=\"wp-block-greyd-accordion__content\" role=\"region\" id=\"sect-2iw7-7\" aria-labelledby=\"title-2iw7-7\" hidden>\n<p>Neben dem Sportangebot der Hochschule Nordhausen k\u00f6nnen interessierte Studierende in Nordh\u00e4user Sportvereinen Mitglied werden und ihren speziellen Sport aus\u00fcben.<\/p>\n\n\n\n<p>Alle Angebote in Nordh\u00e4user Sportvereinen und Vereinen aus der n\u00e4heren Umgebung finden Sie auf der <a href=\"http:\/\/www.ksb-nordhausen.de\/\" target=\"_blank\" rel=\"noreferrer noopener nofollow\"><strong>Webseite des Kreissportbunds Nordhausen<\/strong><\/a>.<\/p>\n\n\n\n<p>Informationen \u00fcber Trainingsort und -zeit sind \u00fcber die Telefonnummer des\/der Vereinsverantwortlichen zu erhalten.<\/p>\n\n\n\n<p>Die Auflistung erhebt keinen Anspruch auf Vollst\u00e4ndigkeit und Aktualit\u00e4t der angegebenen Kontakte.<\/p>\n<\/div><\/div>\n\n\n\n<div class=\"wp-block-greyd-accordion-item\"><button class=\"wp-block-greyd-accordion__title\" role=\"button\" type=\"button\" aria-expanded=\"false\" aria-controls=\"sect-7lb8-8\" id=\"title-7lb8-8\"><span>E-Sports: League of Legends<\/span><span class=\"icon icon-normal arrow_triangle-down\" aria-hidden=\"true\"><\/span><span class=\"icon icon-active arrow_triangle-up\" aria-hidden=\"true\"><\/span><\/button><div class=\"wp-block-greyd-accordion__content\" role=\"region\" id=\"sect-7lb8-8\" aria-labelledby=\"title-7lb8-8\" hidden>\n<p>Trainingszeiten: <strong>Montag und Mittwoch von 20:00 &#8211; 21:30 Uhr<\/strong><\/p>\n\n\n\n<p><strong>Kontakt:<\/strong> Christoph K\u00f6hler<br><strong>E-Mail:<\/strong> <span class=\"is-button link\" data-type=\"email\" data-params=\"{&quot;address&quot;:&quot;christoph.koehler@hs-nordhausen.de&quot;,&quot;subject&quot;:&quot;Anfrage \u00fcber HSN-Website&quot;}\">christoph.koehler@hs-nordhausen.de<\/span><\/p>\n<\/div><\/div>\n<style class=\"greyd-styles\">.gs_EHDytx .wp-block-greyd-accordion-item { --accord-title-bg-color: var(--wp--preset--color--color-13); } .gs_EHDytx .wp-block-greyd-accordion-item:hover { --accord-title-bg-color: var(--wp--preset--color--color-33); } .gs_EHDytx .wp-block-greyd-accordion-item :checked + * { --accord-title-bg-color: var(--wp--preset--color--color-22); } .gs_EHDytx .wp-block-greyd-accordion-item .wp-block-greyd-accordion__content { border-top: 1px solid var(--wp--preset--color--color-22); border-right: 1px solid var(--wp--preset--color--color-22); border-bottom: 1px solid var(--wp--preset--color--color-22); border-left: 1px solid var(--wp--preset--color--color-22); } <\/style><style class=\"greyd-styles\">. { --accord-title-bg-color: var(--wp--preset--color--color-13); } .:hover { --accord-title-bg-color: var(--wp--preset--color--color-33); } .gs_EHDytx .wp-block-greyd-accordion__title[aria-expanded=\"true\"] { --accord-title-bg-color: var(--wp--preset--color--color-22); } .gs_EHDytx .wp-block-greyd-accordion__title[aria-expanded=\"true\"] .wp-block-greyd-accordion__content { border-top: 1px solid var(--wp--preset--color--color-22); border-right: 1px solid var(--wp--preset--color--color-22); border-bottom: 1px solid var(--wp--preset--color--color-22); border-left: 1px solid var(--wp--preset--color--color-22); } <\/style><\/div>\n\n\n<div  class=\"spacer_wrap \" aria-hidden=\"true\"><div class=\"wp-block-spacer inner-sm\" style=\"height:calc(2em * 0.4)\" aria-hidden=\"true\"><\/div><div class=\"wp-block-spacer inner-md\" style=\"height:calc(2em * 0.6)\" aria-hidden=\"true\"><\/div><div class=\"wp-block-spacer inner-lg\" style=\"height:calc(2em * 0.8)\" aria-hidden=\"true\"><\/div><div class=\"wp-block-spacer inner-xl\" style=\"height:2em\" aria-hidden=\"true\"><\/div><\/div>\n\n\n<div class=\"wp-block-greyd-box alignleft dyn gs_y9PkLa greyd-content-box gs_y9PkLa flex-justify-flex-start\" id=\"download-box\">\n<h2 class=\"wp-block-heading\">Download<\/h2>\n\n\n<div class=\"wp-block-downloadlist-list\"><ul class=\"downloadlist-list wp-block-downloadlist-list iconset-dashicons\">\n<li class=\"attachment-9007 file_application file_pdf \"><a href=\"https:\/\/www.hs-nordhausen.de\/wp-content\/uploads\/sites\/8\/2024\/01\/Kooperierende_Sportvereine_HS_Nordhausen.pdf\" rel=\"nofollow\" download>Kooperierende_Sportvereine_HS_Nordhausen<\/a> (174 KB)<\/li>\n<li class=\"attachment-9009 file_application file_pdf \"><a href=\"https:\/\/www.hs-nordhausen.de\/wp-content\/uploads\/sites\/8\/2024\/01\/Nutzungsordnung_Sportstaetten_HSN_Sep23.pdf\" rel=\"nofollow\" download>Nutzungsordnung_Sportstaetten_HSN_Sep23<\/a> (239 KB)<\/li>\n<li class=\"attachment-9010 file_application file_pdf \"><a href=\"https:\/\/www.hs-nordhausen.de\/wp-content\/uploads\/sites\/8\/2024\/01\/Nutzungsordnung_Sportstaetten_HSN_Sep23_-EN.pdf\" rel=\"nofollow\" download>Nutzungsordnung_Sportstaetten_HSN_Sep23_-EN<\/a> (83 KB)<\/li>\n<\/ul><\/div>\n<\/div>\n<\/div>\n\n\n\n<div class=\"wp-block-column col-12 col-sm-12 col-md-3 col-lg-3 offset-md-1 offset-lg-1 is-layout-flow wp-block-column-is-layout-flow\" style=\"padding-top:var(--wp--preset--spacing--50);flex-basis:33.33%\">\n<h3 class=\"wp-block-heading\">Kontakt<\/h3>\n\n\n\n<p><strong>Hochschulsportkoordinator<\/strong><\/p>\n\n\n\n<div id=\"greyd-69f25ac183e03\" class=\"wp-block-greyd-box aligncenter dyn gs_LvI53R greyd-content-box gs_LvI53R flex-justify-flex-start\">\n<div id=\"greyd-69f25ac183220\" class=\"wp-block-greyd-box aligncenter dyn gs_nVZwZR greyd-content-box gs_nVZwZR flex-justify-flex-start\">\n<div class=\"wp-block-group is-horizontal is-content-justification-space-between is-nowrap is-layout-flex wp-container-core-group-is-layout-b493c794 wp-block-group-is-layout-flex gs_EAw9o9 group_wrap\"><figure style=\"padding-top:0;padding-bottom:0;padding-left:0;padding-right:0;\" class=\"wp-block-image greyd-image is-style-normal dyn wp-container-content-9cfa9a5a gs_lzP44q\"  data-anim-action=\"scale\" data-anim-event=\"parentHover\" data-anim-triggered=\"false\" data-anim-from=\"transform: scale(1);\" data-anim-to=\"transform: scale(1.7);\" data-anim-parent=\".dyn\"><img decoding=\"async\" width=\"768\" height=\"1024\" src=\"https:\/\/www.hs-nordhausen.de\/wp-content\/uploads\/sites\/8\/2024\/10\/Andre-Rummel-768x1024.jpg\" class=\"wp-image-24577\" alt=\"Portrait Andr\u00e9 Rummel - ein Mann mit dunklem Bart tr\u00e4gt einen rostroten Pullover\" srcset=\"https:\/\/www.hs-nordhausen.de\/wp-content\/uploads\/sites\/8\/2024\/10\/Andre-Rummel-768x1024.jpg 768w, https:\/\/www.hs-nordhausen.de\/wp-content\/uploads\/sites\/8\/2024\/10\/Andre-Rummel-225x300.jpg 225w, https:\/\/www.hs-nordhausen.de\/wp-content\/uploads\/sites\/8\/2024\/10\/Andre-Rummel-113x150.jpg 113w, https:\/\/www.hs-nordhausen.de\/wp-content\/uploads\/sites\/8\/2024\/10\/Andre-Rummel-1152x1536.jpg 1152w, https:\/\/www.hs-nordhausen.de\/wp-content\/uploads\/sites\/8\/2024\/10\/Andre-Rummel-9x12.jpg 9w, https:\/\/www.hs-nordhausen.de\/wp-content\/uploads\/sites\/8\/2024\/10\/Andre-Rummel-18x24.jpg 18w, https:\/\/www.hs-nordhausen.de\/wp-content\/uploads\/sites\/8\/2024\/10\/Andre-Rummel.jpg 1440w\" sizes=\"(max-width: 768px) 100vw, 768px\" title=\"\"><\/figure><\/div>\n<\/div>\n\n\n\n<div class=\"wp-block-group is-nowrap is-layout-flex wp-container-core-group-is-layout-ad2f72ca wp-block-group-is-layout-flex\">\n<h3 class=\"wp-block-heading has-text-align-center is-style-rounded dyn has-color-21-color has-text-color has-link-color wp-elements-3ddaddb6ce772cff221da6d3313373fb gs_ms6cea\" id=\"name\" style=\"font-style:normal;font-weight:600\">Andr\u00e9 Rummel<\/h3>\n<\/div>\n\n\n\n\n\n<hr id=\"greyd-69f25ac1839ef\" style='  border-style: dotted !important; opacity: 100% !important; height: 1px !important;   ' class=\"wp-block-separator has-text-color has-color-22-color has-alpha-channel-opacity has-color-22-background-color has-background is-style-wide\"\/>\n\n\n\n<ul id=\"list_69f25ac183b30\" class=\"wp-block-greyd-list\" style=\"padding-top:var(--wp--preset--spacing--50);padding-bottom:0\">\n<li><span class=\"list_icon icon_profile\" aria-hidden=\"true\"><\/span><span class=\"list_content\"><p><span class=\"is-button link\" data-type=\"dynamic\" data-params=\"{&quot;tag&quot;:&quot;post&quot;}\">Profil<\/span><\/p><\/span><\/li>\n\n\n\n\n\n\n\n<li><span class=\"list_icon icon_mail\" aria-hidden=\"true\"><\/span><span class=\"list_content\"><p><a href=\"javascript:;\">sport@hs-nordhausen.de<\/a><\/p><\/span><\/li>\n\n\n<\/ul>\n<\/div>\n<\/div>\n<\/div>\n<\/div>","protected":false},"excerpt":{"rendered":"<p>Sportangebote der Hochschule Nordhausen Sommersemester 2026 Uhrzeit Montag Dienstag Mittwoch Donnerstag Freitag 16:00\u201317:00 Nordic Walking(Treffpunkt Halle) 16:00\u201318:00 Cricket(Rasenplatz) Frisbee 17:00\u201319:00 Volleyball(just for fun) Laufgruppe(Treffpunkt Halle) 18:00\u201320:00 Volleyball(Pro) Tischtennis Dart(Karzer) Zirkus\/Jonglage Spikeball Frisbee 20:00\u201321:00 Basketball Kickboxen 20:00\u201322:00 Basketball Badminton 21:00\u201323:00 Futsal Kontakt Hochschulsportkoordinator<\/p>","protected":false},"author":1,"featured_media":31335,"parent":5562,"menu_order":12,"comment_status":"closed","ping_status":"closed","template":"","meta":{"_piecal_is_recurring":false,"_piecal_recurring_interval":1,"_piecal_recurring_frequency":"","_piecal_recurring_exact_position":false,"_piecal_recurring_end":"","_piecal_color":"","_piecal_text_color":"","_piecal_global_color_master":false,"_piecal_rsets":"[]","_piecal_is_event":false,"_piecal_start_date":"","_piecal_end_date":"","_piecal_is_allday":false,"greyd_block_editor_preview":[],"pgc_sgb_lightbox_settings":"","footnotes":""},"page_category":[581],"page_tag":[],"page_redaktion":[],"zielgruppen":[],"kontakt-zuordnung":[],"institut-oder-einric":[],"stg-zuordnung":[],"fachbereich":[],"wf_page_folders":[47],"ppma_author":[1400],"class_list":["post-1071","page","type-page","status-publish","has-post-thumbnail","hentry","page_category-hsn"],"publishpress_future_action":{"enabled":false,"date":"2026-05-06 21:23:45","action":"change-status","newStatus":"draft","terms":[],"taxonomy":"page_category","extraData":[]},"publishpress_future_workflow_manual_trigger":{"enabledWorkflows":[]},"_links":{"self":[{"href":"https:\/\/www.hs-nordhausen.de\/en\/wp-json\/wp\/v2\/pages\/1071","targetHints":{"allow":["GET"]}}],"collection":[{"href":"https:\/\/www.hs-nordhausen.de\/en\/wp-json\/wp\/v2\/pages"}],"about":[{"href":"https:\/\/www.hs-nordhausen.de\/en\/wp-json\/wp\/v2\/types\/page"}],"author":[{"embeddable":true,"href":"https:\/\/www.hs-nordhausen.de\/en\/wp-json\/wp\/v2\/users\/1"}],"replies":[{"embeddable":true,"href":"https:\/\/www.hs-nordhausen.de\/en\/wp-json\/wp\/v2\/comments?post=1071"}],"version-history":[{"count":6,"href":"https:\/\/www.hs-nordhausen.de\/en\/wp-json\/wp\/v2\/pages\/1071\/revisions"}],"predecessor-version":[{"id":40411,"href":"https:\/\/www.hs-nordhausen.de\/en\/wp-json\/wp\/v2\/pages\/1071\/revisions\/40411"}],"up":[{"embeddable":true,"href":"https:\/\/www.hs-nordhausen.de\/en\/wp-json\/wp\/v2\/pages\/5562"}],"wp:featuredmedia":[{"embeddable":true,"href":"https:\/\/www.hs-nordhausen.de\/en\/wp-json\/wp\/v2\/media\/31335"}],"wp:attachment":[{"href":"https:\/\/www.hs-nordhausen.de\/en\/wp-json\/wp\/v2\/media?parent=1071"}],"wp:term":[{"taxonomy":"page_category","embeddable":true,"href":"https:\/\/www.hs-nordhausen.de\/en\/wp-json\/wp\/v2\/page_category?post=1071"},{"taxonomy":"page_tag","embeddable":true,"href":"https:\/\/www.hs-nordhausen.de\/en\/wp-json\/wp\/v2\/page_tag?post=1071"},{"taxonomy":"page_redaktion","embeddable":true,"href":"https:\/\/www.hs-nordhausen.de\/en\/wp-json\/wp\/v2\/page_redaktion?post=1071"},{"taxonomy":"zielgruppen","embeddable":true,"href":"https:\/\/www.hs-nordhausen.de\/en\/wp-json\/wp\/v2\/zielgruppen?post=1071"},{"taxonomy":"kontakt-zuordnung","embeddable":true,"href":"https:\/\/www.hs-nordhausen.de\/en\/wp-json\/wp\/v2\/kontakt-zuordnung?post=1071"},{"taxonomy":"institut-oder-einric","embeddable":true,"href":"https:\/\/www.hs-nordhausen.de\/en\/wp-json\/wp\/v2\/institut-oder-einric?post=1071"},{"taxonomy":"stg-zuordnung","embeddable":true,"href":"https:\/\/www.hs-nordhausen.de\/en\/wp-json\/wp\/v2\/stg-zuordnung?post=1071"},{"taxonomy":"fachbereich","embeddable":true,"href":"https:\/\/www.hs-nordhausen.de\/en\/wp-json\/wp\/v2\/fachbereich?post=1071"},{"taxonomy":"wf_page_folders","embeddable":true,"href":"https:\/\/www.hs-nordhausen.de\/en\/wp-json\/wp\/v2\/wf_page_folders?post=1071"},{"taxonomy":"author","embeddable":true,"href":"https:\/\/www.hs-nordhausen.de\/en\/wp-json\/wp\/v2\/ppma_author?post=1071"}],"curies":[{"name":"wp","href":"https:\/\/api.w.org\/{rel}","templated":true}]}}