{"id":1082,"date":"2023-04-19T16:25:00","date_gmt":"2023-04-19T14:25:00","guid":{"rendered":"https:\/\/hsnordhausen.artemis.wpspace.me\/hsn\/hochschule-nordhausen-university-of-applied-sciences\/fachbereich-wirtschafts-und-sozialwissenschaften\/dekanat-und-studiengangsleitungen\/"},"modified":"2025-12-08T12:40:54","modified_gmt":"2025-12-08T11:40:54","slug":"deans-office-and-programme-directors-2","status":"publish","type":"page","link":"https:\/\/www.hs-nordhausen.de\/en\/unsere-hsn\/fachbereich-wirtschafts-und-sozialwissenschaften\/dekanat-und-studiengangsleitungen\/","title":{"rendered":"Dean's office and programme directors"},"content":{"rendered":"<div  class=\"dynamic row_xxl\"><div  class=\"spacer_wrap dyn\" aria-hidden=\"true\"><div class=\"wp-block-spacer inner-sm inner-md inner-lg\" style=\"height:calc(2em * 0.8)\" aria-hidden=\"true\"><\/div><div class=\"wp-block-spacer inner-xl\" style=\"height:2em\" aria-hidden=\"true\"><\/div><\/div>\n\n\n<nav aria-label=\"breadcrumbs\" class=\"rank-math-breadcrumb\"><p><span class=\"last\">Home<\/span><\/p><\/nav>\n\n\n<div  class=\"gs_pj9ffA row_wrap has-background\"><div id='bg_69e3467981c76' class='greyd-background bg_full'>\n\t\t\t\t\t\t\t\t<div class='bg_color'><\/div>\n\t\t\t\t\t\t\t\t\n\t\t\t\t\t\t\t\t\n\t\t\t\t\t\t\t\t\n\t\t\t\t\t\t\t<\/div>\n<div class=\"wp-block-columns row_xxl has-color-13-background-color has-background is-layout-flex wp-container-core-columns-is-layout-3fec90f0 wp-block-columns-is-layout-flex\" style=\"margin-top:var(--wp--preset--spacing--30);margin-bottom:var(--wp--preset--spacing--30)\">\n<div class=\"wp-block-column is-vertically-aligned-center hidden-xs hidden-sm col-12 col-sm-12 col-md-12 col-lg-12 is-layout-flow wp-block-column-is-layout-flow\" style=\"padding-top:var(--wp--preset--spacing--40);padding-right:var(--wp--preset--spacing--30);padding-bottom:var(--wp--preset--spacing--50);padding-left:var(--wp--preset--spacing--30)\">\n<div class=\"wp-block-group is-vertical is-layout-flex wp-container-core-group-is-layout-c2991436 wp-block-group-is-layout-flex\" style=\"padding-top:var(--wp--preset--spacing--40)\">\n<h1 class=\"wp-block-heading has-text-align-left dyn has-color-31-color has-text-color gs_0dysQS\" id=\"h-post-titel\"><span data-tag=\"title\" data-params=\"\" class=\"is-tag\">Post Titel<\/span><\/h1>\n\n\n<\/div>\n<\/div>\n\n\n\n<div class=\"wp-block-column is-vertically-aligned-bottom hidden-md hidden-lg col-12 col-sm-12 col-md-8 col-lg-8 is-layout-flow wp-block-column-is-layout-flow\" style=\"padding-left:var(--wp--preset--spacing--30)\">\n<h1 class=\"wp-block-heading has-text-align-center dyn has-color-31-color has-text-color gs_Qz9dg4\" id=\"h-post-titel-0\"><span data-tag=\"title\" data-params=\"\" class=\"is-tag\">Post Titel<\/span><\/h1>\n<\/div>\n\n\n\n<div class=\"wp-block-column hidden-md hidden-lg col-12 col-sm-auto is-layout-flow wp-block-column-is-layout-flow\"><\/div>\n<\/div>\n<\/div>\n\n<div  class=\"spacer_wrap dyn\" aria-hidden=\"true\"><div class=\"wp-block-spacer inner-sm\" style=\"height:calc(2em * 0.4)\" aria-hidden=\"true\"><\/div><div class=\"wp-block-spacer inner-md\" style=\"height:calc(2em * 0.6)\" aria-hidden=\"true\"><\/div><div class=\"wp-block-spacer inner-lg\" style=\"height:calc(2em * 0.8)\" aria-hidden=\"true\"><\/div><div class=\"wp-block-spacer inner-xl\" style=\"height:2em\" aria-hidden=\"true\"><\/div><\/div><\/div>\n\n<div  class=\"row_wrap\">\n<div class=\"wp-block-columns row_xxl is-layout-flex wp-container-core-columns-is-layout-9d6595d7 wp-block-columns-is-layout-flex\">\n<div class=\"wp-block-column col-12 col-sm-12 col-md-8 col-lg-8 is-layout-flow wp-block-column-is-layout-flow\" style=\"flex-basis:66.66%;width:66.66%\">\n<p>Das Dekanat des Fachbereichs Wirtschafts- und Sozialwissenschaften besteht aus dem Dekan als Leiter der Selbstverwaltungseinheit und drei Prodekanen, die zugleich als Studiendekane f\u00fcr ihre Studienbereiche fungieren. Es wird unterst\u00fctzt durch den <a href=\"https:\/\/www.hs-nordhausen.de\/kontaktverzeichnis\/a\/arnold-stefan-dr\/\">Dekanatsreferenten<\/a>.<\/p>\n\n\n\n<p>Die Studiengangsleitungen unterst\u00fctzen die Studiendekane bei der Koordination und Repr\u00e4sentation der Studieng\u00e4nge und verantworten die Weiterentwicklung der Studien- und Pr\u00fcfungsordnungen.<\/p>\n\n\n\n<h2 class=\"wp-block-heading\" id=\"h-dekanat\">Dekanat<\/h2>\n\n\n\n<div class=\"wp-block-group\" style=\"padding-bottom:var(--wp--preset--spacing--50)\"><div class=\"wp-block-group__inner-container is-layout-constrained wp-block-group-is-layout-constrained\">\n<figure class=\"wp-block-table is-style-regular\" style=\"padding-right:0;padding-left:0\"><table class=\"has-fixed-layout\"><thead><tr><th>Position<\/th><th>Name<\/th><\/tr><\/thead><tbody><tr><td>Dekan, Studiendekan Public Management<\/td><td><a href=\"https:\/\/www.hs-nordhausen.de\/kontaktverzeichnis\/z\/zahradnik-stefan-prof-dr\/\">Prof. Dr. Stefan Zahradnik<\/a><\/td><\/tr><tr><td>Prodekan, Studiendekan&nbsp;Gesundheits- und Sozialwesen<\/td><td><a href=\"https:\/\/www.hs-nordhausen.de\/kontaktverzeichnis\/s\/seidel-andreas-prof-dr\/\">Prof. Dr. Andreas Seidel<\/a><\/td><\/tr><tr><td>Prodekan, Studiendekan Betriebswirtschaftslehre<\/td><td><a href=\"https:\/\/www.hs-nordhausen.de\/kontaktverzeichnis\/s\/schaefer-marcus-prof-dr\/\" target=\"_blank\" rel=\"noreferrer noopener\">Prof. Dr. Marcus Sch\u00e4fer<\/a><\/td><\/tr><tr><td>Prodekan, Studiendekan Sozialmanagement<\/td><td><a href=\"https:\/\/www.hs-nordhausen.de\/kontaktverzeichnis\/b\/bergknapp-andreas-prof-dr\/\">Prof. Dr. Andreas Bergknapp<\/a><\/td><\/tr><\/tbody><\/table><\/figure>\n<\/div><\/div>\n\n\n\n<h2 class=\"wp-block-heading\" id=\"h-studiengangsleitungen\">Studiengangsleitungen<\/h2>\n\n\n\n<div class=\"wp-block-group\" style=\"padding-bottom:var(--wp--preset--spacing--50)\"><div class=\"wp-block-group__inner-container is-layout-constrained wp-block-group-is-layout-constrained\">\n<h4 class=\"wp-block-heading\" id=\"h-studienbereich-betriebswirtschaftslehre\">Studienbereich Betriebswirtschaftslehre<\/h4>\n\n\n\n<figure class=\"wp-block-table\"><table class=\"has-fixed-layout\"><thead><tr><th>Studiengang<\/th><th>Name<\/th><\/tr><\/thead><tbody><tr><td>Betriebswirtschaftslehre (B.A.)<\/td><td><span class=\"is-button link\" data-type=\"link\" data-params=\"{&quot;url&quot;:&quot;https:\/\/www.hs-nordhausen.de\/kontaktverzeichnis\/k\/kaiser-gernot-prof-dr\/&quot;,&quot;id&quot;:6959,&quot;title&quot;:&quot;Kaiser, Gernot, Prof. Dr.&quot;,&quot;type&quot;:&quot;kontaktverzeichnis&quot;,&quot;kind&quot;:&quot;post-type&quot;}\">Prof. Dr. Gernot Kaiser<\/span><\/td><\/tr><tr><td>Digitales Produktmanagement (B.A.)<\/td><td><a href=\"https:\/\/www.hs-nordhausen.de\/kontaktverzeichnis\/g\/goecke-lutz-prof-dr\/\" data-type=\"kontaktverzeichnis\" data-id=\"6949\">Prof. Dr. Lutz G\u00f6cke<\/a><\/td><\/tr><tr><td>Internationale Betriebswirtschaft (B.A.)<\/td><td><span class=\"is-button link\" data-type=\"link\" data-params=\"{&quot;url&quot;:&quot;hs-nordhausen.de\/kontaktverzeichnis\/w\/wagner-robert-prof-dr\/&quot;,&quot;id&quot;:7345,&quot;title&quot;:&quot;Wagner, Robert, Prof. Dr.&quot;,&quot;type&quot;:&quot;kontaktverzeichnis&quot;,&quot;kind&quot;:&quot;post-type&quot;}\">Prof. Dr. Robert Wagner<\/span><\/td><\/tr><tr><td>Innovations- und Changemanagement (M.A.)<\/td><td><a href=\"https:\/\/www.hs-nordhausen.de\/kontaktverzeichnis\/d\/doerhoefer-steffen-prof-dr\/\" target=\"_blank\" rel=\"noreferrer noopener\">Prof. Dr. Steffen D\u00f6rh\u00f6fer<\/a><\/td><\/tr><\/tbody><\/table><\/figure>\n<\/div><\/div>\n\n\n\n<div class=\"wp-block-group\" style=\"padding-bottom:var(--wp--preset--spacing--50)\"><div class=\"wp-block-group__inner-container is-layout-constrained wp-block-group-is-layout-constrained\">\n<h4 class=\"wp-block-heading\" id=\"h-studienbereich-gesundheits-und-sozialwesen\">Studienbereich Gesundheits- und Sozialwesen<\/h4>\n\n\n\n<figure class=\"wp-block-table\"><table class=\"has-fixed-layout\"><thead><tr><th>Studiengang<\/th><th>Name<\/th><\/tr><\/thead><tbody><tr><td>Soziale Arbeit und Gesundheit (B.A.)<\/td><td><a href=\"https:\/\/www.hs-nordhausen.de\/kontaktverzeichnis\/s\/skyba-diana\/\" target=\"_blank\" rel=\"noreferrer noopener\">Dipl.-P\u00e4d. Diana Skyba<\/a>\u00a0<\/td><\/tr><tr><td>Heilp\u00e4dagogik (B.A.)<\/td><td><a href=\"https:\/\/www.hs-nordhausen.de\/kontaktverzeichnis\/s\/seidel-andreas-prof-dr\/\" data-type=\"kontaktverzeichnis\" data-id=\"7352\">Prof. Dr. Andreas Seidel<\/a><\/td><\/tr><tr><td>Therapeutische Soziale Arbeit (M.A.)<\/td><td><a href=\"https:\/\/www.hs-nordhausen.de\/kontaktverzeichnis\/g\/gemeinhardt-elke-prof-dr\/\">Prof. Dr. Elke Gemeinhardt<\/a><\/td><\/tr><\/tbody><\/table><\/figure>\n<\/div><\/div>\n\n\n\n<div class=\"wp-block-group\" style=\"padding-bottom:var(--wp--preset--spacing--50)\"><div class=\"wp-block-group__inner-container is-layout-constrained wp-block-group-is-layout-constrained\">\n<h4 class=\"wp-block-heading\" id=\"h-studienbereich-public-management\">Studienbereich Public Management<\/h4>\n\n\n\n<figure class=\"wp-block-table\"><table class=\"has-fixed-layout\"><thead><tr><th>Studiengang<\/th><th>Name<\/th><\/tr><\/thead><tbody><tr><td>\u00d6ffentliche Betriebswirtschaft\/Public Management (B.A.)<\/td><td><a href=\"https:\/\/www.hs-nordhausen.de\/kontaktverzeichnis\/z\/zahradnik-stefan-prof-dr\/\" data-type=\"kontaktverzeichnis\" data-id=\"11813\">Prof. Dr. Stefan Zahradnik<\/a><\/td><\/tr><tr><td>Digitales Verwaltungsmanagement (B.A.)<\/td><td><a href=\"https:\/\/www.hs-nordhausen.de\/kontaktverzeichnis\/z\/zahradnik-stefan-prof-dr\/\" data-type=\"kontaktverzeichnis\" data-id=\"11813\">Prof. Dr. Stefan Zahradnik<\/a><\/td><\/tr><tr><td>Public Management &amp; Governance (M.A.)<\/td><td><a href=\"https:\/\/www.hs-nordhausen.de\/kontaktverzeichnis\/z\/zahradnik-stefan-prof-dr\/\">Prof. Dr. Stefan Zahradnik<\/a><\/td><\/tr><\/tbody><\/table><\/figure>\n<\/div><\/div>\n\n\n\n<div class=\"wp-block-group\" style=\"padding-bottom:var(--wp--preset--spacing--50)\"><div class=\"wp-block-group__inner-container is-layout-constrained wp-block-group-is-layout-constrained\">\n<h4 class=\"wp-block-heading\" id=\"h-studienbereich-sozialmanagement\">Studienbereich Sozialmanagement<\/h4>\n\n\n\n<figure class=\"wp-block-table\"><table class=\"has-fixed-layout\"><thead><tr><th>Studiengang<\/th><th>Name<\/th><\/tr><\/thead><tbody><tr><td>Sozialmanagement (B.A.)<\/td><td><a href=\"https:\/\/www.hs-nordhausen.de\/kontaktverzeichnis\/b\/bergknapp-andreas-prof-dr\/\" data-type=\"kontaktverzeichnis\" data-id=\"6653\">Prof. Dr. Andreas Bergknapp<\/a><\/td><\/tr><tr><td>Personal- und Changemanagement in Non-Profit-Organisationen (M.A.)<\/td><td><a href=\"https:\/\/www.hs-nordhausen.de\/kontaktverzeichnis\/b\/bergknapp-andreas-prof-dr\/\" data-type=\"kontaktverzeichnis\" data-id=\"6653\">Prof. Dr. Andreas Bergknapp<\/a><\/td><\/tr><\/tbody><\/table><\/figure>\n<\/div><\/div>\n\n\n\n<div class=\"wp-block-group\" style=\"padding-bottom:var(--wp--preset--spacing--50)\"><div class=\"wp-block-group__inner-container is-layout-constrained wp-block-group-is-layout-constrained\">\n<h4 class=\"wp-block-heading\" id=\"h-weiterbildende-masterstudiengange\">Weiterbildende Masterstudieng\u00e4nge<\/h4>\n\n\n\n<figure class=\"wp-block-table\"><table class=\"has-fixed-layout\"><thead><tr><th>Studiengang<\/th><th>Name<\/th><\/tr><\/thead><tbody><tr><td>Systemische Beratung (M.A.)<\/td><td><span class=\"is-button link\" data-type=\"link\" data-params=\"{&quot;url&quot;:&quot;hs-nordhausen.de\/kontaktverzeichnis\/b\/bergknapp-andreas-prof-dr\/&quot;,&quot;id&quot;:6653,&quot;title&quot;:&quot;Bergknapp, Andreas, Prof. Dr.&quot;,&quot;type&quot;:&quot;kontaktverzeichnis&quot;,&quot;kind&quot;:&quot;post-type&quot;}\">Prof. Dr. Andreas Bergknapp<\/span><\/td><\/tr><tr><td>Fr\u00fche Hilfen und Inklusion (M.A.)<\/td><td><a href=\"https:\/\/www.hs-nordhausen.de\/kontaktverzeichnis\/s\/seidel-andreas-prof-dr\/\" data-type=\"kontaktverzeichnis\" data-id=\"7352\">Prof. Dr. Andreas Seidel<\/a>, <a href=\"https:\/\/www.hs-nordhausen.de\/kontaktverzeichnis\/b\/buschmann-anke\/\" target=\"_blank\" rel=\"noreferrer noopener\">Prof. Dr. Anke Buschmann<\/a><\/td><\/tr><tr><td>Soziale Arbeit und Traumap\u00e4dagogik (M.A.)<\/td><td><a href=\"https:\/\/www.hs-nordhausen.de\/kontaktverzeichnis\/g\/gemeinhardt-elke-prof-dr\/\">Prof. Dr. Elke Gemeinhardt<\/a><\/td><\/tr><tr><td>Heilp\u00e4dagogik &#8211; Bildung und Heterogenit\u00e4t (M.A.)<\/td><td><span class=\"is-button link\" data-type=\"link\" data-params=\"{&quot;url&quot;:&quot;https:\/\/www.hs-nordhausen.de\/kontaktverzeichnis\/s\/spindler-claudia-prof-dr\/&quot;,&quot;id&quot;:18029,&quot;title&quot;:&quot;Spindler, Claudia, Prof. Dr.&quot;,&quot;type&quot;:&quot;kontaktverzeichnis&quot;,&quot;kind&quot;:&quot;post-type&quot;}\">Prof. Dr. Claudia Spindler<\/span>, <a href=\"https:\/\/www.hs-nordhausen.de\/kontaktverzeichnis\/s\/schramme-sabrina-prof\/\" data-type=\"kontaktverzeichnis\" data-id=\"17995\">Prof. Dr. Sabrina Schramme<\/a><\/td><\/tr><\/tbody><\/table><\/figure>\n<\/div><\/div>\n<\/div>\n\n\n\n<div class=\"wp-block-column col-12 col-sm-12 col-md-3 col-lg-3 offset-md-1 offset-lg-1 is-layout-flow wp-block-column-is-layout-flow\" style=\"flex-basis:33.33%;width:33.33%\">\n<div id=\"page-list-box\" class=\"wp-block-greyd-box hidden-lg hidden-md hidden-sm hidden-xs gs_gsuUAh greyd-content-box gs_gsuUAh\">\n<h3 class=\"wp-block-heading\">Weitere Informationen<\/h3>\n\n\n<div class=\"wp-block-template-part\">\n<p>[subpages depth=&#8220;1&#8243; sort_order=&#8220;desc&#8220;  sort_order=&#8220;desc&#8220;]<\/p>\n<\/div>\n\n\n<hr class=\"wp-block-separator has-text-color has-color-22-color has-alpha-channel-opacity has-color-22-background-color has-background is-style-wide\"\/>\n\n\n<div class=\"wp-block-template-part\">\n<p>[siblings depth=&#8220;1&#8243; exclude=&#8220;current&#8220;]<\/p>\n<\/div><\/div>\n<\/div>\n<\/div>\n<\/div>","protected":false},"excerpt":{"rendered":"<p>Das Dekanat des Fachbereichs Wirtschafts- und Sozialwissenschaften besteht aus dem Dekan als Leiter der Selbstverwaltungseinheit und drei Prodekanen, die zugleich als Studiendekane f\u00fcr ihre Studienbereiche fungieren. Es wird unterst\u00fctzt durch den Dekanatsreferenten. Die Studiengangsleitungen unterst\u00fctzen die Studiendekane bei der Koordination und Repr\u00e4sentation der Studieng\u00e4nge und verantworten die Weiterentwicklung der Studien- und Pr\u00fcfungsordnungen. Dekanat Position Name [&hellip;]<\/p>\n","protected":false},"author":1,"featured_media":0,"parent":1063,"menu_order":1,"comment_status":"closed","ping_status":"closed","template":"","meta":{"_piecal_is_recurring":false,"_piecal_recurring_interval":1,"_piecal_recurring_frequency":"","_piecal_recurring_exact_position":false,"_piecal_recurring_end":"","_piecal_color":"","_piecal_text_color":"","_piecal_global_color_master":false,"_piecal_is_event":false,"_piecal_start_date":"","_piecal_end_date":"","_piecal_is_allday":false,"greyd_block_editor_preview":[],"pgc_sgb_lightbox_settings":"","footnotes":""},"page_category":[],"page_tag":[],"page_redaktion":[],"zielgruppen":[],"kontakt-zuordnung":[],"institut-oder-einric":[],"stg-zuordnung":[],"fachbereich":[],"wf_page_folders":[139],"ppma_author":[1400],"class_list":["post-1082","page","type-page","status-publish","hentry"],"publishpress_future_action":{"enabled":false,"date":"2026-04-25 10:53:13","action":"change-status","newStatus":"draft","terms":[],"taxonomy":"page_category","extraData":[]},"publishpress_future_workflow_manual_trigger":{"enabledWorkflows":[]},"_links":{"self":[{"href":"https:\/\/www.hs-nordhausen.de\/en\/wp-json\/wp\/v2\/pages\/1082","targetHints":{"allow":["GET"]}}],"collection":[{"href":"https:\/\/www.hs-nordhausen.de\/en\/wp-json\/wp\/v2\/pages"}],"about":[{"href":"https:\/\/www.hs-nordhausen.de\/en\/wp-json\/wp\/v2\/types\/page"}],"author":[{"embeddable":true,"href":"https:\/\/www.hs-nordhausen.de\/en\/wp-json\/wp\/v2\/users\/1"}],"replies":[{"embeddable":true,"href":"https:\/\/www.hs-nordhausen.de\/en\/wp-json\/wp\/v2\/comments?post=1082"}],"version-history":[{"count":4,"href":"https:\/\/www.hs-nordhausen.de\/en\/wp-json\/wp\/v2\/pages\/1082\/revisions"}],"predecessor-version":[{"id":37391,"href":"https:\/\/www.hs-nordhausen.de\/en\/wp-json\/wp\/v2\/pages\/1082\/revisions\/37391"}],"up":[{"embeddable":true,"href":"https:\/\/www.hs-nordhausen.de\/en\/wp-json\/wp\/v2\/pages\/1063"}],"wp:attachment":[{"href":"https:\/\/www.hs-nordhausen.de\/en\/wp-json\/wp\/v2\/media?parent=1082"}],"wp:term":[{"taxonomy":"page_category","embeddable":true,"href":"https:\/\/www.hs-nordhausen.de\/en\/wp-json\/wp\/v2\/page_category?post=1082"},{"taxonomy":"page_tag","embeddable":true,"href":"https:\/\/www.hs-nordhausen.de\/en\/wp-json\/wp\/v2\/page_tag?post=1082"},{"taxonomy":"page_redaktion","embeddable":true,"href":"https:\/\/www.hs-nordhausen.de\/en\/wp-json\/wp\/v2\/page_redaktion?post=1082"},{"taxonomy":"zielgruppen","embeddable":true,"href":"https:\/\/www.hs-nordhausen.de\/en\/wp-json\/wp\/v2\/zielgruppen?post=1082"},{"taxonomy":"kontakt-zuordnung","embeddable":true,"href":"https:\/\/www.hs-nordhausen.de\/en\/wp-json\/wp\/v2\/kontakt-zuordnung?post=1082"},{"taxonomy":"institut-oder-einric","embeddable":true,"href":"https:\/\/www.hs-nordhausen.de\/en\/wp-json\/wp\/v2\/institut-oder-einric?post=1082"},{"taxonomy":"stg-zuordnung","embeddable":true,"href":"https:\/\/www.hs-nordhausen.de\/en\/wp-json\/wp\/v2\/stg-zuordnung?post=1082"},{"taxonomy":"fachbereich","embeddable":true,"href":"https:\/\/www.hs-nordhausen.de\/en\/wp-json\/wp\/v2\/fachbereich?post=1082"},{"taxonomy":"wf_page_folders","embeddable":true,"href":"https:\/\/www.hs-nordhausen.de\/en\/wp-json\/wp\/v2\/wf_page_folders?post=1082"},{"taxonomy":"author","embeddable":true,"href":"https:\/\/www.hs-nordhausen.de\/en\/wp-json\/wp\/v2\/ppma_author?post=1082"}],"curies":[{"name":"wp","href":"https:\/\/api.w.org\/{rel}","templated":true}]}}