{"id":1085,"date":"2023-04-19T16:25:39","date_gmt":"2023-04-19T14:25:39","guid":{"rendered":"https:\/\/hsnordhausen.artemis.wpspace.me\/hsn\/hochschule-nordhausen-university-of-applied-sciences\/interessenvertretungen-und-gremien\/personalrat\/"},"modified":"2026-03-31T14:58:33","modified_gmt":"2026-03-31T12:58:33","slug":"staff-council-2","status":"publish","type":"page","link":"https:\/\/www.hs-nordhausen.de\/en\/unsere-hsn\/interessenvertretungen-und-gremien\/personalrat\/","title":{"rendered":"Staff Council"},"content":{"rendered":"<div  class=\"spacer_wrap dyn\" aria-hidden=\"true\"><div class=\"wp-block-spacer inner-sm inner-md inner-lg\" style=\"height:calc(2em * 0.8)\" aria-hidden=\"true\"><\/div><div class=\"wp-block-spacer inner-xl\" style=\"height:2em\" aria-hidden=\"true\"><\/div><\/div>\n\n\n<nav aria-label=\"breadcrumbs\" class=\"rank-math-breadcrumb\"><p><span class=\"last\">Home<\/span><\/p><\/nav>\n\n\n<div  class=\"gs_pj9ffA row_wrap has-background\"><div id='bg_69e2b422cf7b2' class='greyd-background bg_full'>\n\t\t\t\t\t\t\t\t<div class='bg_color'><\/div>\n\t\t\t\t\t\t\t\t\n\t\t\t\t\t\t\t\t\n\t\t\t\t\t\t\t\t\n\t\t\t\t\t\t\t<\/div>\n<div class=\"wp-block-columns row_xxl has-color-13-background-color has-background is-layout-flex wp-container-core-columns-is-layout-3fec90f0 wp-block-columns-is-layout-flex\" style=\"margin-top:var(--wp--preset--spacing--30);margin-bottom:var(--wp--preset--spacing--30)\">\n<div class=\"wp-block-column is-vertically-aligned-center hidden-xs hidden-sm col-12 col-sm-12 col-md-12 col-lg-12 is-layout-flow wp-block-column-is-layout-flow\" style=\"padding-top:var(--wp--preset--spacing--40);padding-right:var(--wp--preset--spacing--30);padding-bottom:var(--wp--preset--spacing--50);padding-left:var(--wp--preset--spacing--30)\">\n<div class=\"wp-block-group is-vertical is-layout-flex wp-container-core-group-is-layout-c2991436 wp-block-group-is-layout-flex\" style=\"padding-top:var(--wp--preset--spacing--40)\">\n<h1 class=\"wp-block-heading has-text-align-left dyn has-color-31-color has-text-color gs_0dysQS\" id=\"h-post-titel\"><span data-tag=\"title\" data-params=\"\" class=\"is-tag\">Post title<\/span><\/h1>\n\n\n<\/div>\n<\/div>\n\n\n\n<div class=\"wp-block-column is-vertically-aligned-bottom hidden-md hidden-lg col-12 col-sm-12 col-md-8 col-lg-8 is-layout-flow wp-block-column-is-layout-flow\" style=\"padding-left:var(--wp--preset--spacing--30)\">\n<h1 class=\"wp-block-heading has-text-align-center dyn has-color-31-color has-text-color gs_Qz9dg4\" id=\"h-post-titel-0\"><span data-tag=\"title\" data-params=\"\" class=\"is-tag\">Post title<\/span><\/h1>\n<\/div>\n\n\n\n<div class=\"wp-block-column hidden-md hidden-lg col-12 col-sm-auto is-layout-flow wp-block-column-is-layout-flow\"><\/div>\n<\/div>\n<\/div>\n\n<div  class=\"spacer_wrap dyn\" aria-hidden=\"true\"><div class=\"wp-block-spacer inner-sm\" style=\"height:calc(2em * 0.4)\" aria-hidden=\"true\"><\/div><div class=\"wp-block-spacer inner-md\" style=\"height:calc(2em * 0.6)\" aria-hidden=\"true\"><\/div><div class=\"wp-block-spacer inner-lg\" style=\"height:calc(2em * 0.8)\" aria-hidden=\"true\"><\/div><div class=\"wp-block-spacer inner-xl\" style=\"height:2em\" aria-hidden=\"true\"><\/div><\/div>\n\n<div  class=\"row_wrap\">\n<div class=\"wp-block-columns row_xxl is-layout-flex wp-container-core-columns-is-layout-9d6595d7 wp-block-columns-is-layout-flex\">\n<div class=\"wp-block-column col-12 col-sm-12 col-md-8 col-lg-8 is-layout-flow wp-block-column-is-layout-flow\" style=\"flex-basis:66.66%;width:66.66%\">\n<p>All colleagues can contact the Staff Council at any time with their concerns and suggestions.<\/p>\n\n\n\n<p>The office of the Staff Council is located in&nbsp;<strong>Room 08.0116<\/strong>&nbsp;(Building 8, above the canteen kitchen).<\/p>\n\n\n\n<p>The Staff Council can always be contacted at<strong>&nbsp;03631 420-123<\/strong>. There is also the e-mail address&nbsp;<span class=\"is-button link\" data-type=\"email\" data-params=\"{&quot;address&quot;:&quot;personalrat@hs-nordhausen.de&quot;}\">personalrat@hs-nordhausen.de<\/span>which can be used to contact the Staff Council.<\/p>\n\n\n\n<p>The \"Staff Council\" mailbox is located on the ground floor of Building 14 on the right behind the entrance, where concerns can be submitted in writing.<\/p>\n\n\n\n<div class=\"wp-block-group\" style=\"padding-top:var(--wp--preset--spacing--50);padding-bottom:var(--wp--preset--spacing--50)\"><div class=\"wp-block-group__inner-container is-layout-constrained wp-block-group-is-layout-constrained\"><figure style=\"\" class=\"wp-block-image greyd-image\"><img decoding=\"async\" width=\"640\" height=\"426\" src=\"https:\/\/www.hs-nordhausen.de\/wp-content\/uploads\/sites\/8\/2024\/10\/Personalrat.jpg\" class=\"wp-image-24803\" alt=\"The members of the staff council are seven people standing together in a group, smiling. A large wall mosaic can be seen in the background.\" srcset=\"https:\/\/www.hs-nordhausen.de\/wp-content\/uploads\/sites\/8\/2024\/10\/Personalrat.jpg 640w, https:\/\/www.hs-nordhausen.de\/wp-content\/uploads\/sites\/8\/2024\/10\/Personalrat-300x200.jpg 300w, https:\/\/www.hs-nordhausen.de\/wp-content\/uploads\/sites\/8\/2024\/10\/Personalrat-150x100.jpg 150w, https:\/\/www.hs-nordhausen.de\/wp-content\/uploads\/sites\/8\/2024\/10\/Personalrat-18x12.jpg 18w, https:\/\/www.hs-nordhausen.de\/wp-content\/uploads\/sites\/8\/2024\/10\/Personalrat-24x16.jpg 24w\" sizes=\"(max-width: 640px) 100vw, 640px\" title=\"\"><\/figure><\/div><\/div>\n\n\n\n<p>Since May 2022, the Staff Council has been made up of the following members:<\/p>\n\n\n\n<h2 class=\"wp-block-heading\" id=\"h-die-mitglieder-im-personalrat\">The members of the Staff Council<\/h2>\n\n\n\n<figure class=\"wp-block-table\"><table><thead><tr><th>Name<\/th><th>Task<\/th><th>Telephone<\/th><th>Organisation area<\/th><\/tr><\/thead><tbody><tr><td>Thomas Hoffmann<\/td><td>Chairman<\/td><td>03631 420-135<\/td><td>International Office<\/td><\/tr><tr><td>Sebastian Ziegler<\/td><td>Deputy Chairman<\/td><td>03631 420-150<\/td><td>Study Service Centre<\/td><\/tr><tr><td>Kim Sehrer<\/td><td>2nd Deputy Chairwoman<\/td><td>03631 420-203<\/td><td>Personnel department<\/td><\/tr><tr><td>Michael Franz<\/td><td>3rd Deputy Chairman<\/td><td>03631 420-345<\/td><td>Faculty of Engineering<\/td><\/tr><tr><td>Anja Arlet<\/td><td>member<\/td><td>03631 420-325<\/td><td>Faculty of Engineering<\/td><\/tr><tr><td>Christoph Schmidt<\/td><td>member<\/td><td>03631 420-747<\/td><td>Faculty of Engineering<\/td><\/tr><tr><td>Alexandra Aberle<\/td><td>member<\/td><td>03631 420-171<\/td><td>Language Centre<\/td><\/tr><\/tbody><\/table><\/figure>\n\n\n\n<p>Employees can address their concerns to the chairperson, the deputy chairpersons or another staff council member they trust. Conversely, the Staff Council provides information about its activities and topics relevant to employees at the bi-annual staff meetings or by email.<\/p>\n\n\n\n<h3 class=\"wp-block-heading\" id=\"h-antrag-auf-mitbestimmung-durch-den-personalrat\">Application for co-determination by the Staff Council<\/h3>\n\n\n\n<p><strong>Scientific staff<\/strong>whose positions are wholly or partially&nbsp;<strong>from third-party funds<\/strong>&nbsp;are financed, and&nbsp;<strong>Assistants<\/strong>&nbsp;are not automatically represented by the Staff Council in the case of recruitment, classification and contract extension.<\/p>\n\n\n\n<p>All academic staff in externally funded projects and all assistants are recommended to submit an \"Application for co-determination by the Staff Council\" so that they are also represented by the Staff Council during recruitment, classification and contract extension and the Staff Council can ensure that legal and collective bargaining provisions are observed in their favour.<\/p>\n\n\n<div style=\"padding-top:var(--wp--preset--spacing--30);padding-bottom:var(--wp--preset--spacing--20);padding-left:var(--wp--preset--spacing--30);padding-right:var(--wp--preset--spacing--30);\" class=\"wp-block-downloadlist-list has-background has-color-13-background-color\"><ul class=\"downloadlist-list wp-block-downloadlist-list iconset-dashicons\">\n<li class=\"attachment-5353 file_application file_pdf\"><a href=\"https:\/\/www.hs-nordhausen.de\/wp-content\/uploads\/sites\/8\/2023\/11\/Antrag_auf_Mitbestimmung_durch_Personalrat.pdf\" rel=\"nofollow\">Application for co-determination by the Staff Council of Nordhausen University of Applied Sciences<\/a> (79 KB)<\/li>\n<\/ul><\/div>\n\n\n\n<h3 class=\"wp-block-heading\" id=\"h-wissenswertes\">Worth knowing<\/h3>\n\n\n\n<ul class=\"wp-block-list\">\n<li><strong>Service agreements<\/strong>\n<ul class=\"wp-block-list\">\n<li>please enquire<\/li>\n<\/ul>\n<\/li>\n\n\n\n<li><strong>Framework service agreements<\/strong>\n<ul class=\"wp-block-list\">\n<li><a href=\"https:\/\/bildung.thueringen.de\/ministerium\/organisation\/hauptpersonalrat-wissenschaft#c78391\" rel=\"nofollow noopener\">Framework service agreements (TMWLLR)<\/a><\/li>\n<\/ul>\n<\/li>\n\n\n\n<li><strong>Main Staff Council<\/strong>\n<ul class=\"wp-block-list\">\n<li><a href=\"https:\/\/wirtschaft.thueringen.de\/ministerium\/hpr\" rel=\"nofollow noopener\">Main Staff Council (HPR) (TMWLLR)<\/a><\/li>\n<\/ul>\n<\/li>\n\n\n\n<li><strong>Thuringian Staff Representation Act<\/strong>\n<ul class=\"wp-block-list\">\n<li><a href=\"https:\/\/landesrecht.thueringen.de\/bsth\/document\/jlr-PersVGTH2019rahmen\" target=\"_blank\" rel=\"noreferrer noopener nofollow\">landesrecht.thueringen.de\/bsth\/document<\/a><\/li>\n<\/ul>\n<\/li>\n\n\n\n<li><strong>TV-L collective agreement&nbsp;<\/strong>\n<ul class=\"wp-block-list\">\n<li><a href=\"https:\/\/www.tdl-online.de\/tv-l\/tarifvertrag.html\" target=\"_blank\" rel=\"noreferrer noopener nofollow\">tdl-online.de\/tv-l\/collective-bargaining-agreement<\/a><\/li>\n<\/ul>\n<\/li>\n\n\n\n<li><strong>Academic Fixed-Term Contract Act<\/strong>\n<ul class=\"wp-block-list\">\n<li><a href=\"https:\/\/www.gesetze-im-internet.de\/wisszeitvg\/\" target=\"_blank\" rel=\"noreferrer noopener nofollow\">laws-on-the-internet.com\/wisszeitvg<\/a><\/li>\n<\/ul>\n<\/li>\n\n\n\n<li><strong>Part-time and fixed-term employment law<\/strong>\n<ul class=\"wp-block-list\">\n<li><a href=\"https:\/\/www.gesetze-im-internet.de\/tzbfg\/\" target=\"_blank\" rel=\"noreferrer noopener nofollow\">laws-on-the-internet.com\/tzbfg<\/a><\/li>\n<\/ul>\n<\/li>\n<\/ul>\n\n\n<div  class=\"spacer_wrap\" aria-hidden=\"true\"><div class=\"wp-block-spacer inner-sm\" style=\"height:calc(100px * 0.4)\" aria-hidden=\"true\"><\/div><div class=\"wp-block-spacer inner-md\" style=\"height:calc(100px * 0.6)\" aria-hidden=\"true\"><\/div><div class=\"wp-block-spacer inner-lg\" style=\"height:calc(100px * 0.8)\" aria-hidden=\"true\"><\/div><div class=\"wp-block-spacer inner-xl\" style=\"height:100px\" aria-hidden=\"true\"><\/div><\/div>\n\n\n<div id=\"info-box\" class=\"wp-block-greyd-box gs_JQVC4s greyd-content-box gs_JQVC4s\">\n<p>You will find more&nbsp;<a href=\"https:\/\/oeffentlicher-dienst.info\/\" target=\"_blank\" rel=\"noreferrer noopener nofollow\">Information on collective bargaining law at oeffentlicher-dienst.info<\/a>.<\/p>\n<\/div>\n<\/div>\n\n\n\n<div class=\"wp-block-column col-12 col-sm-12 col-md-3 col-lg-3 offset-md-1 offset-lg-1 is-layout-flow wp-block-column-is-layout-flow\" style=\"flex-basis:33.33%;width:33.33%\">\n<p><\/p>\n<\/div>\n<\/div>\n<\/div>","protected":false},"excerpt":{"rendered":"<p>Alle Kolleginnen und Kollegen k\u00f6nnen sich mit ihren Anliegen und Anregungen jederzeit an den Personalrat wenden. Das B\u00fcro des Personalrats befindet sich in&nbsp;Raum 08.0116&nbsp;(Geb\u00e4ude 8, \u00fcber der Mensa-K\u00fcche). Der Personalrat ist immer erreichbar unter&nbsp;03631 420-123. Dar\u00fcber hinaus gibt es die E-Mail-Adresse&nbsp;personalrat@hs-nordhausen.de, \u00fcber die Kontakt mit dem Personalrat hergestellt werden kann. Das Postfach &#8222;Personalrat\u201c befindet sich [&hellip;]<\/p>\n","protected":false},"author":1,"featured_media":0,"parent":1065,"menu_order":0,"comment_status":"closed","ping_status":"closed","template":"","meta":{"_piecal_is_recurring":false,"_piecal_recurring_interval":1,"_piecal_recurring_frequency":"","_piecal_recurring_exact_position":false,"_piecal_recurring_end":"","_piecal_color":"","_piecal_text_color":"","_piecal_global_color_master":false,"_piecal_is_event":false,"_piecal_start_date":"","_piecal_end_date":"","_piecal_is_allday":false,"greyd_block_editor_preview":[],"pgc_sgb_lightbox_settings":"","footnotes":""},"page_category":[],"page_tag":[],"page_redaktion":[],"zielgruppen":[],"kontakt-zuordnung":[],"institut-oder-einric":[],"stg-zuordnung":[],"fachbereich":[],"wf_page_folders":[576],"ppma_author":[1400],"class_list":["post-1085","page","type-page","status-publish","hentry"],"publishpress_future_action":{"enabled":false,"date":"2026-04-25 00:28:50","action":"change-status","newStatus":"draft","terms":[],"taxonomy":"page_category","extraData":[]},"publishpress_future_workflow_manual_trigger":{"enabledWorkflows":[]},"_links":{"self":[{"href":"https:\/\/www.hs-nordhausen.de\/en\/wp-json\/wp\/v2\/pages\/1085","targetHints":{"allow":["GET"]}}],"collection":[{"href":"https:\/\/www.hs-nordhausen.de\/en\/wp-json\/wp\/v2\/pages"}],"about":[{"href":"https:\/\/www.hs-nordhausen.de\/en\/wp-json\/wp\/v2\/types\/page"}],"author":[{"embeddable":true,"href":"https:\/\/www.hs-nordhausen.de\/en\/wp-json\/wp\/v2\/users\/1"}],"replies":[{"embeddable":true,"href":"https:\/\/www.hs-nordhausen.de\/en\/wp-json\/wp\/v2\/comments?post=1085"}],"version-history":[{"count":2,"href":"https:\/\/www.hs-nordhausen.de\/en\/wp-json\/wp\/v2\/pages\/1085\/revisions"}],"predecessor-version":[{"id":40142,"href":"https:\/\/www.hs-nordhausen.de\/en\/wp-json\/wp\/v2\/pages\/1085\/revisions\/40142"}],"up":[{"embeddable":true,"href":"https:\/\/www.hs-nordhausen.de\/en\/wp-json\/wp\/v2\/pages\/1065"}],"wp:attachment":[{"href":"https:\/\/www.hs-nordhausen.de\/en\/wp-json\/wp\/v2\/media?parent=1085"}],"wp:term":[{"taxonomy":"page_category","embeddable":true,"href":"https:\/\/www.hs-nordhausen.de\/en\/wp-json\/wp\/v2\/page_category?post=1085"},{"taxonomy":"page_tag","embeddable":true,"href":"https:\/\/www.hs-nordhausen.de\/en\/wp-json\/wp\/v2\/page_tag?post=1085"},{"taxonomy":"page_redaktion","embeddable":true,"href":"https:\/\/www.hs-nordhausen.de\/en\/wp-json\/wp\/v2\/page_redaktion?post=1085"},{"taxonomy":"zielgruppen","embeddable":true,"href":"https:\/\/www.hs-nordhausen.de\/en\/wp-json\/wp\/v2\/zielgruppen?post=1085"},{"taxonomy":"kontakt-zuordnung","embeddable":true,"href":"https:\/\/www.hs-nordhausen.de\/en\/wp-json\/wp\/v2\/kontakt-zuordnung?post=1085"},{"taxonomy":"institut-oder-einric","embeddable":true,"href":"https:\/\/www.hs-nordhausen.de\/en\/wp-json\/wp\/v2\/institut-oder-einric?post=1085"},{"taxonomy":"stg-zuordnung","embeddable":true,"href":"https:\/\/www.hs-nordhausen.de\/en\/wp-json\/wp\/v2\/stg-zuordnung?post=1085"},{"taxonomy":"fachbereich","embeddable":true,"href":"https:\/\/www.hs-nordhausen.de\/en\/wp-json\/wp\/v2\/fachbereich?post=1085"},{"taxonomy":"wf_page_folders","embeddable":true,"href":"https:\/\/www.hs-nordhausen.de\/en\/wp-json\/wp\/v2\/wf_page_folders?post=1085"},{"taxonomy":"author","embeddable":true,"href":"https:\/\/www.hs-nordhausen.de\/en\/wp-json\/wp\/v2\/ppma_author?post=1085"}],"curies":[{"name":"wp","href":"https:\/\/api.w.org\/{rel}","templated":true}]}}