{"id":1090,"date":"2023-04-19T16:25:42","date_gmt":"2023-04-19T14:25:42","guid":{"rendered":"https:\/\/hsnordhausen.artemis.wpspace.me\/hsn\/hochschule-nordhausen-university-of-applied-sciences\/interessenvertretungen-und-gremien\/promovierendenvertretung\/"},"modified":"2024-01-29T11:05:14","modified_gmt":"2024-01-29T10:05:14","slug":"doctoral-student-representation-2","status":"publish","type":"page","link":"https:\/\/www.hs-nordhausen.de\/en\/unsere-hsn\/interessenvertretungen-und-gremien\/promovierendenvertretung\/","title":{"rendered":"Representation of doctoral candidates"},"content":{"rendered":"<div  class=\"spacer_wrap dyn\" aria-hidden=\"true\"><div class=\"wp-block-spacer inner-sm inner-md inner-lg\" style=\"height:calc(2em * 0.8)\" aria-hidden=\"true\"><\/div><div class=\"wp-block-spacer inner-xl\" style=\"height:2em\" aria-hidden=\"true\"><\/div><\/div>\n\n\n<nav aria-label=\"breadcrumbs\" class=\"rank-math-breadcrumb\"><p><span class=\"last\">Home<\/span><\/p><\/nav>\n\n\n<div  class=\"gs_pj9ffA row_wrap has-background\"><div id='bg_69e2f7cc1ece3' class='greyd-background bg_full'>\n\t\t\t\t\t\t\t\t<div class='bg_color'><\/div>\n\t\t\t\t\t\t\t\t\n\t\t\t\t\t\t\t\t\n\t\t\t\t\t\t\t\t\n\t\t\t\t\t\t\t<\/div>\n<div class=\"wp-block-columns row_xxl has-color-13-background-color has-background is-layout-flex wp-container-core-columns-is-layout-3fec90f0 wp-block-columns-is-layout-flex\" style=\"margin-top:var(--wp--preset--spacing--30);margin-bottom:var(--wp--preset--spacing--30)\">\n<div class=\"wp-block-column is-vertically-aligned-center hidden-xs hidden-sm col-12 col-sm-12 col-md-12 col-lg-12 is-layout-flow wp-block-column-is-layout-flow\" style=\"padding-top:var(--wp--preset--spacing--40);padding-right:var(--wp--preset--spacing--30);padding-bottom:var(--wp--preset--spacing--50);padding-left:var(--wp--preset--spacing--30)\">\n<div class=\"wp-block-group is-vertical is-layout-flex wp-container-core-group-is-layout-c2991436 wp-block-group-is-layout-flex\" style=\"padding-top:var(--wp--preset--spacing--40)\">\n<h1 class=\"wp-block-heading has-text-align-left dyn has-color-31-color has-text-color gs_0dysQS\" id=\"h-post-titel\"><span data-tag=\"title\" data-params=\"\" class=\"is-tag\">Post Titel<\/span><\/h1>\n\n\n\n<p class=\"has-text-align-left dyn has-color-31-color has-text-color has-link-color has-h-3-font-size wp-elements-510b831532061009615fc278568f962e gs_kDw5XP\" style=\"padding-top:0;padding-right:0;padding-bottom:0;padding-left:0\"><\/p>\n<\/div>\n<\/div>\n\n\n\n<div class=\"wp-block-column is-vertically-aligned-bottom hidden-md hidden-lg col-12 col-sm-12 col-md-8 col-lg-8 is-layout-flow wp-block-column-is-layout-flow\" style=\"padding-left:var(--wp--preset--spacing--30)\">\n<h1 class=\"wp-block-heading has-text-align-center dyn has-color-31-color has-text-color gs_Qz9dg4\" id=\"h-post-titel-0\"><span data-tag=\"title\" data-params=\"\" class=\"is-tag\">Post Titel<\/span><\/h1>\n<\/div>\n\n\n\n<div class=\"wp-block-column hidden-md hidden-lg col-12 col-sm-auto is-layout-flow wp-block-column-is-layout-flow\">\n<p class=\"has-text-align-center dyn has-color-31-color has-text-color has-link-color has-h-3-font-size wp-elements-579efe3fac9e4c8d942568fca955d3e9\" style=\"padding-top:0;padding-right:var(--wp--preset--spacing--20);padding-bottom:0rem;padding-left:var(--wp--preset--spacing--50)\"><\/p>\n<\/div>\n<\/div>\n<\/div>\n\n<div  class=\"spacer_wrap dyn\" aria-hidden=\"true\"><div class=\"wp-block-spacer inner-sm\" style=\"height:calc(2em * 0.4)\" aria-hidden=\"true\"><\/div><div class=\"wp-block-spacer inner-md\" style=\"height:calc(2em * 0.6)\" aria-hidden=\"true\"><\/div><div class=\"wp-block-spacer inner-lg\" style=\"height:calc(2em * 0.8)\" aria-hidden=\"true\"><\/div><div class=\"wp-block-spacer inner-xl\" style=\"height:2em\" aria-hidden=\"true\"><\/div><\/div>\n\n<div  class=\"row_wrap\">\n<div class=\"wp-block-columns row_xxl is-layout-flex wp-container-core-columns-is-layout-9d6595d7 wp-block-columns-is-layout-flex\">\n<div class=\"wp-block-column col-12 col-sm-12 col-md-8 col-lg-8 is-layout-flow wp-block-column-is-layout-flow\" style=\"flex-basis:66.66%;width:66.66%\">\n<p>Die Promovierendenvertretung der Hochschule Nordhausen ist die Interessenvertretung der Doktoranden und repr\u00e4sentiert alle Doktorranden, die ihr Promotionsvorhaben an der Hochschule Nordhausen bearbeiten. Sie erm\u00f6glicht einen fach- und fachbereichs\u00fcbergreifenden Austausch zu promotionsrelevanten Belangen und leistet damit einen Beitrag zur Bef\u00f6rderung einer interdisziplin\u00e4ren, kooperativen und internationalen Promotionskultur an der Hochschule Nordhausen. Die Arbeit der Promovierendenvertretung macht die Arbeit der Promovierenden an der Hochschule Nordhausen nach innen und au\u00dfen sichtbar.<\/p>\n\n\n\n<h2 class=\"wp-block-heading\" id=\"h-aufgaben-der-promovierendenvertretung\">Aufgaben der Promovierendenvertretung<\/h2>\n\n\n\n<ul class=\"wp-block-list\">\n<li>Formulierung und Vertretung der Interessen der Doktorandenschaft an der Hochschule Nordhausen sowie Abgabe von Empfehlungen in allen sie betreffenden Angelegenheiten gegen\u00fcber allen Organen und Gremien der Hochschule Nordhausen<\/li>\n\n\n\n<li>F\u00f6rderung der Vernetzung und des Austauschs der Doktorandinnen und Doktoranden<\/li>\n\n\n\n<li>F\u00f6rderung von Strukturen f\u00fcr eine fachliche Unterst\u00fctzung der Promovierenden untereinander (z.B. Schreibwerkstatt, interne Kolloquien)<\/li>\n\n\n\n<li>Unterst\u00fctzung der Promovierenden bei Angelegenheiten des Promotionsverfahrens auf Wunsch der Promovierenden<\/li>\n\n\n\n<li>Hilfestellung und Beratung f\u00fcr Promotionsinteressierte<\/li>\n\n\n\n<li>F\u00f6rderung und Vernetzung von ehemaligen Doktorandinnen und Doktoranden der Hochschule Nordhausen<\/li>\n\n\n\n<li>Organisation von Weiterbildungsangeboten bez\u00fcglich der Promotionsvorhaben der Promovierenden<\/li>\n\n\n\n<li>Regelm\u00e4\u00dfiger Austausch mit den Promotionsbeauftragten der Hochschule<\/li>\n<\/ul>\n\n\n\n<h3 class=\"wp-block-heading\" id=\"h-aktuelle-vertretung-der-promovierendenvertretung\">Aktuelle Vertretung der Promovierendenvertretung<\/h3>\n\n\n\n<h4 class=\"wp-block-heading\" id=\"h-fachbereich-ingenieurwissenschaften\">Fachbereich Ingenieurwissenschaften:<\/h4>\n\n\n\n<ul class=\"wp-block-list\">\n<li><a href=\"https:\/\/www.hs-nordhausen.de\/kontaktverzeichnis\/schmidt-christoph\/\">Christoph Schmidt<\/a><\/li>\n\n\n\n<li><a href=\"https:\/\/www.hs-nordhausen.de\/kontaktverzeichnis\/vincent-lynn\/\">Lynn Vincent<\/a>\u00a0(Stellvertretung)<br>\u00a0<\/li>\n<\/ul>\n\n\n\n<h4 class=\"wp-block-heading\" id=\"h-fachbereich-wirtschafts-und-sozialwissenschaften\">Fachbereich Wirtschafts- und Sozialwissenschaften:<\/h4>\n\n\n\n<p>(nicht besetzt)<\/p>\n\n\n\n<p>Bei Fragen rund um eine Promotion k\u00f6nnen Sie sich gern an die oben genannten Personen wenden.<\/p>\n<\/div>\n\n\n\n<div class=\"wp-block-column col-12 col-sm-12 col-md-3 col-lg-3 offset-md-1 offset-lg-1 is-layout-flow wp-block-column-is-layout-flow\" style=\"flex-basis:33.33%;width:33.33%\">\n<div id=\"page-list-box\" class=\"wp-block-greyd-box hidden-lg hidden-md hidden-sm hidden-xs gs_gsuUAh greyd-content-box gs_gsuUAh\">\n<h3 class=\"wp-block-heading\">Weitere Informationen<\/h3>\n\n\n<div class=\"wp-block-template-part\">\n<p>[subpages depth=&#8220;1&#8243; sort_order=&#8220;desc&#8220;  sort_order=&#8220;desc&#8220;]<\/p>\n<\/div>\n\n\n<hr class=\"wp-block-separator has-text-color has-color-22-color has-alpha-channel-opacity has-color-22-background-color has-background is-style-wide\"\/>\n\n\n<div class=\"wp-block-template-part\">\n<p>[siblings depth=&#8220;1&#8243; exclude=&#8220;current&#8220;]<\/p>\n<\/div><\/div>\n<\/div>\n<\/div>\n<\/div>","protected":false},"excerpt":{"rendered":"<p>Die Promovierendenvertretung der Hochschule Nordhausen ist die Interessenvertretung der Doktoranden und repr\u00e4sentiert alle Doktorranden, die ihr Promotionsvorhaben an der Hochschule Nordhausen bearbeiten. Sie erm\u00f6glicht einen fach- und fachbereichs\u00fcbergreifenden Austausch zu promotionsrelevanten Belangen und leistet damit einen Beitrag zur Bef\u00f6rderung einer interdisziplin\u00e4ren, kooperativen und internationalen Promotionskultur an der Hochschule Nordhausen. Die Arbeit der Promovierendenvertretung macht die [&hellip;]<\/p>\n","protected":false},"author":1,"featured_media":0,"parent":1065,"menu_order":5,"comment_status":"closed","ping_status":"closed","template":"","meta":{"_piecal_is_recurring":false,"_piecal_recurring_interval":1,"_piecal_recurring_frequency":"","_piecal_recurring_exact_position":false,"_piecal_recurring_end":"","_piecal_color":"","_piecal_text_color":"","_piecal_global_color_master":false,"_piecal_is_event":false,"_piecal_start_date":"","_piecal_end_date":"","_piecal_is_allday":false,"greyd_block_editor_preview":[],"pgc_sgb_lightbox_settings":"","footnotes":""},"page_category":[],"page_tag":[],"page_redaktion":[],"zielgruppen":[],"kontakt-zuordnung":[],"institut-oder-einric":[],"stg-zuordnung":[],"fachbereich":[],"wf_page_folders":[576],"ppma_author":[1400],"class_list":["post-1090","page","type-page","status-publish","hentry"],"publishpress_future_action":{"enabled":false,"date":"2026-04-25 05:17:32","action":"change-status","newStatus":"draft","terms":[],"taxonomy":"page_category","extraData":[]},"publishpress_future_workflow_manual_trigger":{"enabledWorkflows":[]},"_links":{"self":[{"href":"https:\/\/www.hs-nordhausen.de\/en\/wp-json\/wp\/v2\/pages\/1090","targetHints":{"allow":["GET"]}}],"collection":[{"href":"https:\/\/www.hs-nordhausen.de\/en\/wp-json\/wp\/v2\/pages"}],"about":[{"href":"https:\/\/www.hs-nordhausen.de\/en\/wp-json\/wp\/v2\/types\/page"}],"author":[{"embeddable":true,"href":"https:\/\/www.hs-nordhausen.de\/en\/wp-json\/wp\/v2\/users\/1"}],"replies":[{"embeddable":true,"href":"https:\/\/www.hs-nordhausen.de\/en\/wp-json\/wp\/v2\/comments?post=1090"}],"version-history":[{"count":0,"href":"https:\/\/www.hs-nordhausen.de\/en\/wp-json\/wp\/v2\/pages\/1090\/revisions"}],"up":[{"embeddable":true,"href":"https:\/\/www.hs-nordhausen.de\/en\/wp-json\/wp\/v2\/pages\/1065"}],"wp:attachment":[{"href":"https:\/\/www.hs-nordhausen.de\/en\/wp-json\/wp\/v2\/media?parent=1090"}],"wp:term":[{"taxonomy":"page_category","embeddable":true,"href":"https:\/\/www.hs-nordhausen.de\/en\/wp-json\/wp\/v2\/page_category?post=1090"},{"taxonomy":"page_tag","embeddable":true,"href":"https:\/\/www.hs-nordhausen.de\/en\/wp-json\/wp\/v2\/page_tag?post=1090"},{"taxonomy":"page_redaktion","embeddable":true,"href":"https:\/\/www.hs-nordhausen.de\/en\/wp-json\/wp\/v2\/page_redaktion?post=1090"},{"taxonomy":"zielgruppen","embeddable":true,"href":"https:\/\/www.hs-nordhausen.de\/en\/wp-json\/wp\/v2\/zielgruppen?post=1090"},{"taxonomy":"kontakt-zuordnung","embeddable":true,"href":"https:\/\/www.hs-nordhausen.de\/en\/wp-json\/wp\/v2\/kontakt-zuordnung?post=1090"},{"taxonomy":"institut-oder-einric","embeddable":true,"href":"https:\/\/www.hs-nordhausen.de\/en\/wp-json\/wp\/v2\/institut-oder-einric?post=1090"},{"taxonomy":"stg-zuordnung","embeddable":true,"href":"https:\/\/www.hs-nordhausen.de\/en\/wp-json\/wp\/v2\/stg-zuordnung?post=1090"},{"taxonomy":"fachbereich","embeddable":true,"href":"https:\/\/www.hs-nordhausen.de\/en\/wp-json\/wp\/v2\/fachbereich?post=1090"},{"taxonomy":"wf_page_folders","embeddable":true,"href":"https:\/\/www.hs-nordhausen.de\/en\/wp-json\/wp\/v2\/wf_page_folders?post=1090"},{"taxonomy":"author","embeddable":true,"href":"https:\/\/www.hs-nordhausen.de\/en\/wp-json\/wp\/v2\/ppma_author?post=1090"}],"curies":[{"name":"wp","href":"https:\/\/api.w.org\/{rel}","templated":true}]}}