{"id":1124,"date":"2023-04-19T16:29:51","date_gmt":"2023-04-19T14:29:51","guid":{"rendered":"https:\/\/hsnordhausen.artemis.wpspace.me\/hsn\/hochschule-nordhausen-university-of-applied-sciences\/fachbereich-ingenieurwissenschaften\/labore-und-einrichtungen\/kommunikationstechnik\/"},"modified":"2024-07-10T13:41:39","modified_gmt":"2024-07-10T11:41:39","slug":"communication-technology","status":"publish","type":"page","link":"https:\/\/www.hs-nordhausen.de\/en\/unsere-hsn\/fachbereich-ingenieurwissenschaften\/labore-und-einrichtungen\/kommunikationstechnik\/","title":{"rendered":"Communication technology"},"content":{"rendered":"<div  class=\"spacer_wrap dyn\" aria-hidden=\"true\"><div class=\"wp-block-spacer inner-sm inner-md inner-lg\" style=\"height:calc(2em * 0.8)\" aria-hidden=\"true\"><\/div><div class=\"wp-block-spacer inner-xl\" style=\"height:2em\" aria-hidden=\"true\"><\/div><\/div>\n\n\n<nav aria-label=\"breadcrumbs\" class=\"rank-math-breadcrumb\"><p><span class=\"last\">Home<\/span><\/p><\/nav>\n\n\n<div  class=\"gs_pj9ffA row_wrap has-background\"><div id='bg_69f9c5f2c2975' class='greyd-background bg_full'>\n\t\t\t\t\t\t\t\t<div class='bg_color'><\/div>\n\t\t\t\t\t\t\t\t\n\t\t\t\t\t\t\t\t\n\t\t\t\t\t\t\t\t\n\t\t\t\t\t\t\t<\/div>\n<div class=\"wp-block-columns row_xxl has-color-13-background-color has-background is-layout-flex wp-container-core-columns-is-layout-3fec90f0 wp-block-columns-is-layout-flex\" style=\"margin-top:var(--wp--preset--spacing--30);margin-bottom:var(--wp--preset--spacing--30)\">\n<div class=\"wp-block-column is-vertically-aligned-center hidden-xs hidden-sm col-12 col-sm-12 col-md-12 col-lg-12 is-layout-flow wp-block-column-is-layout-flow\" style=\"padding-top:var(--wp--preset--spacing--40);padding-right:var(--wp--preset--spacing--30);padding-bottom:var(--wp--preset--spacing--50);padding-left:var(--wp--preset--spacing--30)\">\n<div class=\"wp-block-group is-vertical is-layout-flex wp-container-core-group-is-layout-c2991436 wp-block-group-is-layout-flex\" style=\"padding-top:var(--wp--preset--spacing--40)\">\n<h1 class=\"wp-block-heading has-text-align-left dyn has-color-31-color has-text-color gs_0dysQS\" id=\"h-post-titel\"><span data-tag=\"title\" data-params=\"\" class=\"is-tag\">Post title<\/span><\/h1>\n\n\n<\/div>\n<\/div>\n\n\n\n<div class=\"wp-block-column is-vertically-aligned-bottom hidden-md hidden-lg col-12 col-sm-12 col-md-8 col-lg-8 is-layout-flow wp-block-column-is-layout-flow\" style=\"padding-left:var(--wp--preset--spacing--30)\">\n<h1 class=\"wp-block-heading has-text-align-center dyn has-color-31-color has-text-color gs_Qz9dg4\" id=\"h-post-titel-0\"><span data-tag=\"title\" data-params=\"\" class=\"is-tag\">Post title<\/span><\/h1>\n<\/div>\n\n\n\n<div class=\"wp-block-column hidden-md hidden-lg col-12 col-sm-auto is-layout-flow wp-block-column-is-layout-flow\"><\/div>\n<\/div>\n<\/div>\n\n<div  class=\"spacer_wrap dyn\" aria-hidden=\"true\"><div class=\"wp-block-spacer inner-sm\" style=\"height:calc(2em * 0.4)\" aria-hidden=\"true\"><\/div><div class=\"wp-block-spacer inner-md\" style=\"height:calc(2em * 0.6)\" aria-hidden=\"true\"><\/div><div class=\"wp-block-spacer inner-lg\" style=\"height:calc(2em * 0.8)\" aria-hidden=\"true\"><\/div><div class=\"wp-block-spacer inner-xl\" style=\"height:2em\" aria-hidden=\"true\"><\/div><\/div>\n\n<div  class=\"row_wrap\">\n<div class=\"wp-block-columns row_xxl is-layout-flex wp-container-core-columns-is-layout-9d6595d7 wp-block-columns-is-layout-flex\">\n<div class=\"wp-block-column col-12 col-sm-12 col-md-8 col-lg-8 is-layout-flow wp-block-column-is-layout-flow\" style=\"flex-basis:66.66%;width:66.66%\">\n<div class=\"wp-block-group\"><div class=\"wp-block-group__inner-container is-layout-constrained wp-block-group-is-layout-constrained\">\n\n\n<div class=\"wp-block-group\" style=\"padding-top:var(--wp--preset--spacing--50);padding-bottom:var(--wp--preset--spacing--50)\"><div class=\"wp-block-group__inner-container is-layout-constrained wp-block-group-is-layout-constrained\">\n<h3 class=\"wp-block-heading dyn\" id=\"h-technisch-organisatorische-leitung\">Technical and organisational management:<\/h3>\n\n\n<div  class=\"spacer_wrap dyn\" aria-hidden=\"true\"><div class=\"wp-block-spacer inner-sm\" style=\"height:calc(1em * 0.4)\" aria-hidden=\"true\"><\/div><div class=\"wp-block-spacer inner-md\" style=\"height:calc(1em * 0.6)\" aria-hidden=\"true\"><\/div><div class=\"wp-block-spacer inner-lg\" style=\"height:calc(1em * 0.8)\" aria-hidden=\"true\"><\/div><div class=\"wp-block-spacer inner-xl\" style=\"height:1em\" aria-hidden=\"true\"><\/div><\/div>\n\n<div  class=\"dynamic dyn\">\n<div id=\"greyd-69f9c5f2c3d8f\" class=\"wp-block-greyd-box dyn gs_YHC8oy greyd-content-box gs_YHC8oy\">\n<ul class=\"wp-block-greyd-list alignleft\" id=\"list_69f9c5f2c3d42\">\n<li  data-anim-action=\"filter\" data-anim-event=\"hover\" data-anim-triggered=\"false\" data-anim-from=\"filter: grayscale(100%);\" data-anim-to=\"filter: grayscale(4%);\" data-anim-id=\"anim-69f9c5f2c3d20\"><span class=\"list_icon icon_profile\" aria-hidden=\"true\" style=\"color:var(--color11)\"><\/span><span class=\"list_content\"><p><span class=\"is-button link\" data-type=\"dynamic\" data-params=\"{&quot;tag&quot;:&quot;post&quot;}\"><span data-tag=\"titel\" data-params=\"\" class=\"is-tag\">Title (Prof.\/Dr.\/...)<\/span> <span data-tag=\"titel-2\" data-params=\"\" class=\"is-tag\">Title (B.A., M.A. etc.)<\/span>  <span data-tag=\"vorname\" data-params=\"\" class=\"is-tag\">First name<\/span> <span data-tag=\"nachname\" data-params=\"\" class=\"is-tag\">Surname<\/span><\/span><\/p><\/span><\/li>\n<\/ul>\n<\/div>\n<\/div>\n\n<div  class=\"spacer_wrap dyn\" aria-hidden=\"true\"><div class=\"wp-block-spacer inner-sm\" style=\"height:calc(2em * 0.4)\" aria-hidden=\"true\"><\/div><div class=\"wp-block-spacer inner-md\" style=\"height:calc(2em * 0.6)\" aria-hidden=\"true\"><\/div><div class=\"wp-block-spacer inner-lg\" style=\"height:calc(2em * 0.8)\" aria-hidden=\"true\"><\/div><div class=\"wp-block-spacer inner-xl\" style=\"height:2em\" aria-hidden=\"true\"><\/div><\/div><\/div><\/div>\n\n\n\n<div class=\"wp-block-group\" style=\"padding-top:var(--wp--preset--spacing--50);padding-bottom:var(--wp--preset--spacing--50)\"><div class=\"wp-block-group__inner-container is-layout-constrained wp-block-group-is-layout-constrained\">\n<h3 class=\"wp-block-heading dyn\" id=\"h-wo\">Where:<\/h3>\n\n\n\n<ul class=\"wp-block-greyd-list dyn\" id=\"list_69f9c5f2c3f94\">\n<li style=\"margin-left: 20px; \"><span class=\"list_icon\"><\/span><span class=\"list_content\"><p><span class=\"is-button link\" data-type=\"popup\" data-params=\"&quot;4436&quot;\">House 35, Room 35.0003<\/span><\/p><\/span><\/li>\n<\/ul>\n<\/div><\/div>\n\n\n\n<div class=\"wp-block-group\" style=\"padding-top:var(--wp--preset--spacing--50);padding-bottom:var(--wp--preset--spacing--50)\"><div class=\"wp-block-group__inner-container is-layout-constrained wp-block-group-is-layout-constrained\">\n<h3 class=\"wp-block-heading dyn\" id=\"h-einsatzmoglichkeiten\">Possible applications<\/h3>\n\n\n\n<p>The equipment of the laboratory offers students of the Faculty of Engineering the opportunity to deal practically with the basics and advanced topics of communication technology and to deepen the lecture content from this area in practice. <\/p>\n\n\n\n<p>Students familiarise themselves with various transmission media and can examine the necessary transmission methods, bus systems and protocols in detail. Furthermore, experimental setups are available for analysing various coding and modulation methods.<\/p>\n\n\n\n<h4 class=\"wp-block-heading\" id=\"h-gerate\">Devices:<\/h4>\n\n\n\n<ul class=\"wp-block-list\">\n<li>ISDN test station,<\/li>\n\n\n\n<li>Fibre optic test station (Leybold-Didactic),<\/li>\n\n\n\n<li>CAN bus test station<\/li>\n\n\n\n<li>Digital storage oscilloscopes of the type: Agilent 54621A (60 MHz, 200 MS\/s), Tektronix TDS 2014B (100 MHz, 1GS\/s)<\/li>\n\n\n\n<li>Spectrum analyser Hameg HM 5011<\/li>\n\n\n\n<li>Programmable function generator HM 8130<\/li>\n\n\n\n<li>Programmable counter\/timer HM 8122<\/li>\n\n\n\n<li>Power supply units (Statron)<\/li>\n<\/ul>\n<\/div><\/div>\n<\/div><\/div>\n<\/div>\n\n\n\n<div class=\"wp-block-column col-12 col-sm-12 col-md-3 col-lg-3 offset-md-1 offset-lg-1 is-layout-flow wp-block-column-is-layout-flow\" style=\"flex-basis:33.33%;width:33.33%\">\n<div class=\"wp-block-group is-vertical is-content-justification-center is-layout-flex wp-container-core-group-is-layout-4b2eccd6 wp-block-group-is-layout-flex\"><figure style=\"\" class=\"wp-block-image greyd-image is-style-rounded-corners dyn alignright gs_6AVidi\"><img decoding=\"async\" width=\"800\" height=\"479\" src=\"https:\/\/www.hs-nordhausen.de\/wp-content\/uploads\/sites\/8\/2024\/07\/Labor_KT_web.jpg\" class=\"wp-image-16710\" alt=\"A communications laboratory with various technical devices and instruments. In the foreground is a computer monitor, with several measuring devices, oscilloscopes and power supply units stacked behind it. To the right are further devices and modules arranged on a table. The walls of the room are decorated with various posters and diagrams. The lab is bright and well lit, with a large window in the back that lets in natural light. There are several workstations with computers and chairs.\" srcset=\"https:\/\/www.hs-nordhausen.de\/wp-content\/uploads\/sites\/8\/2024\/07\/Labor_KT_web.jpg 800w, https:\/\/www.hs-nordhausen.de\/wp-content\/uploads\/sites\/8\/2024\/07\/Labor_KT_web-300x180.jpg 300w, https:\/\/www.hs-nordhausen.de\/wp-content\/uploads\/sites\/8\/2024\/07\/Labor_KT_web-150x90.jpg 150w, https:\/\/www.hs-nordhausen.de\/wp-content\/uploads\/sites\/8\/2024\/07\/Labor_KT_web-768x460.jpg 768w, https:\/\/www.hs-nordhausen.de\/wp-content\/uploads\/sites\/8\/2024\/07\/Labor_KT_web-18x12.jpg 18w, https:\/\/www.hs-nordhausen.de\/wp-content\/uploads\/sites\/8\/2024\/07\/Labor_KT_web-24x14.jpg 24w\" sizes=\"(max-width: 800px) 100vw, 800px\" title=\"\"><\/figure>\n\n<figure style=\"\" class=\"wp-block-image greyd-image is-style-rounded-corners dyn alignright gs_9x7GO0\"><img decoding=\"async\" width=\"800\" height=\"479\" src=\"https:\/\/www.hs-nordhausen.de\/wp-content\/uploads\/sites\/8\/2024\/07\/Labor_KT2_web.jpg\" class=\"wp-image-16711\" alt=\"The picture shows several workstations with desks and chairs. On the desks are various technical devices, including oscilloscopes, spectrum analysers, power supply units and computers. Cabinets and shelves with other laboratory equipment can be seen in the background. The walls of the room are painted white and the windows let in daylight, which brightens up the room.\" srcset=\"https:\/\/www.hs-nordhausen.de\/wp-content\/uploads\/sites\/8\/2024\/07\/Labor_KT2_web.jpg 800w, https:\/\/www.hs-nordhausen.de\/wp-content\/uploads\/sites\/8\/2024\/07\/Labor_KT2_web-300x180.jpg 300w, https:\/\/www.hs-nordhausen.de\/wp-content\/uploads\/sites\/8\/2024\/07\/Labor_KT2_web-150x90.jpg 150w, https:\/\/www.hs-nordhausen.de\/wp-content\/uploads\/sites\/8\/2024\/07\/Labor_KT2_web-768x460.jpg 768w, https:\/\/www.hs-nordhausen.de\/wp-content\/uploads\/sites\/8\/2024\/07\/Labor_KT2_web-18x12.jpg 18w, https:\/\/www.hs-nordhausen.de\/wp-content\/uploads\/sites\/8\/2024\/07\/Labor_KT2_web-24x14.jpg 24w\" sizes=\"(max-width: 800px) 100vw, 800px\" title=\"\"><\/figure>\n\n\n<div style=\"height:0px\" aria-hidden=\"true\" class=\"wp-block-spacer wp-container-content-6388d5dc\"><\/div>\n\n\n\n<div id=\"greyd-69f9c5f2c4e4c\" class=\"wp-block-greyd-box greyd-content-box gs_02wX3x\">\n<div id=\"greyd-69f9c5f2c4e2d\" class=\"wp-block-greyd-box greyd-content-box gs_vPTHHa\">\n<h3 class=\"wp-block-heading\" id=\"weitere-informationen\">Other laboratories<\/h3>\n\n\n<\/div>\n<\/div>\n<\/div>\n<\/div>\n<\/div>\n<\/div>","protected":false},"excerpt":{"rendered":"<p>Fachliche Leitung: Technisch-organisatorische Leitung: Wo: Einsatzm\u00f6glichkeiten Die Ausstattung des Labors bietet den Studierenden des Fachbereichs Ingenieurwissenschaften die M\u00f6glichkeit, sich mit den Grundlagen und weiterf\u00fchrenden Themen der Kommunikationstechnik praktisch auseinanderzusetzen und die Vorlesungsinhalte aus diesem Bereich praktisch zu vertiefen. Die Studierenden lernen verschiedene \u00dcbertragungsmedien kennen und k\u00f6nnen die hierzu notwendigen \u00dcbertragungsverfahren, Bussysteme und Protokolle detailliert untersuchen. [&hellip;]<\/p>\n","protected":false},"author":1,"featured_media":0,"parent":1080,"menu_order":15,"comment_status":"closed","ping_status":"closed","template":"","meta":{"_piecal_is_recurring":false,"_piecal_recurring_interval":1,"_piecal_recurring_frequency":"","_piecal_recurring_exact_position":false,"_piecal_recurring_end":"","_piecal_color":"","_piecal_text_color":"","_piecal_global_color_master":false,"_piecal_rsets":"[]","_piecal_is_event":false,"_piecal_start_date":"","_piecal_end_date":"","_piecal_is_allday":false,"greyd_block_editor_preview":[],"pgc_sgb_lightbox_settings":"","footnotes":""},"page_category":[1494],"page_tag":[],"page_redaktion":[],"zielgruppen":[],"kontakt-zuordnung":[],"institut-oder-einric":[],"stg-zuordnung":[],"fachbereich":[],"wf_page_folders":[1521],"ppma_author":[1400],"class_list":["post-1124","page","type-page","status-publish","hentry","page_category-labor"],"publishpress_future_action":{"enabled":false,"date":"2026-05-12 12:26:58","action":"change-status","newStatus":"draft","terms":[],"taxonomy":"page_category","extraData":[]},"publishpress_future_workflow_manual_trigger":{"enabledWorkflows":[]},"_links":{"self":[{"href":"https:\/\/www.hs-nordhausen.de\/en\/wp-json\/wp\/v2\/pages\/1124","targetHints":{"allow":["GET"]}}],"collection":[{"href":"https:\/\/www.hs-nordhausen.de\/en\/wp-json\/wp\/v2\/pages"}],"about":[{"href":"https:\/\/www.hs-nordhausen.de\/en\/wp-json\/wp\/v2\/types\/page"}],"author":[{"embeddable":true,"href":"https:\/\/www.hs-nordhausen.de\/en\/wp-json\/wp\/v2\/users\/1"}],"replies":[{"embeddable":true,"href":"https:\/\/www.hs-nordhausen.de\/en\/wp-json\/wp\/v2\/comments?post=1124"}],"version-history":[{"count":0,"href":"https:\/\/www.hs-nordhausen.de\/en\/wp-json\/wp\/v2\/pages\/1124\/revisions"}],"up":[{"embeddable":true,"href":"https:\/\/www.hs-nordhausen.de\/en\/wp-json\/wp\/v2\/pages\/1080"}],"wp:attachment":[{"href":"https:\/\/www.hs-nordhausen.de\/en\/wp-json\/wp\/v2\/media?parent=1124"}],"wp:term":[{"taxonomy":"page_category","embeddable":true,"href":"https:\/\/www.hs-nordhausen.de\/en\/wp-json\/wp\/v2\/page_category?post=1124"},{"taxonomy":"page_tag","embeddable":true,"href":"https:\/\/www.hs-nordhausen.de\/en\/wp-json\/wp\/v2\/page_tag?post=1124"},{"taxonomy":"page_redaktion","embeddable":true,"href":"https:\/\/www.hs-nordhausen.de\/en\/wp-json\/wp\/v2\/page_redaktion?post=1124"},{"taxonomy":"zielgruppen","embeddable":true,"href":"https:\/\/www.hs-nordhausen.de\/en\/wp-json\/wp\/v2\/zielgruppen?post=1124"},{"taxonomy":"kontakt-zuordnung","embeddable":true,"href":"https:\/\/www.hs-nordhausen.de\/en\/wp-json\/wp\/v2\/kontakt-zuordnung?post=1124"},{"taxonomy":"institut-oder-einric","embeddable":true,"href":"https:\/\/www.hs-nordhausen.de\/en\/wp-json\/wp\/v2\/institut-oder-einric?post=1124"},{"taxonomy":"stg-zuordnung","embeddable":true,"href":"https:\/\/www.hs-nordhausen.de\/en\/wp-json\/wp\/v2\/stg-zuordnung?post=1124"},{"taxonomy":"fachbereich","embeddable":true,"href":"https:\/\/www.hs-nordhausen.de\/en\/wp-json\/wp\/v2\/fachbereich?post=1124"},{"taxonomy":"wf_page_folders","embeddable":true,"href":"https:\/\/www.hs-nordhausen.de\/en\/wp-json\/wp\/v2\/wf_page_folders?post=1124"},{"taxonomy":"author","embeddable":true,"href":"https:\/\/www.hs-nordhausen.de\/en\/wp-json\/wp\/v2\/ppma_author?post=1124"}],"curies":[{"name":"wp","href":"https:\/\/api.w.org\/{rel}","templated":true}]}}