{"id":1156,"date":"2023-04-20T19:06:35","date_gmt":"2023-04-20T17:06:35","guid":{"rendered":"https:\/\/hsnordhausen.artemis.wpspace.me\/hsn\/?page_id=1156"},"modified":"2025-12-19T13:02:21","modified_gmt":"2025-12-19T12:02:21","slug":"contact","status":"publish","type":"page","link":"https:\/\/www.hs-nordhausen.de\/en\/kontakt\/","title":{"rendered":"Contact"},"content":{"rendered":"<div  class=\"spacer_wrap dyn\" aria-hidden=\"true\"><div class=\"wp-block-spacer inner-sm inner-md inner-lg\" style=\"height:calc(2em * 0.8)\" aria-hidden=\"true\"><\/div><div class=\"wp-block-spacer inner-xl\" style=\"height:2em\" aria-hidden=\"true\"><\/div><\/div>\n\n\n<nav aria-label=\"breadcrumbs\" class=\"rank-math-breadcrumb\"><p><span class=\"last\">Home<\/span><\/p><\/nav>\n\n\n<div  class=\"gs_pj9ffA row_wrap has-background\"><div id='bg_6a0054366164c' class='greyd-background bg_full'>\n\t\t\t\t\t\t\t\t<div class='bg_color'><\/div>\n\t\t\t\t\t\t\t\t\n\t\t\t\t\t\t\t\t\n\t\t\t\t\t\t\t\t\n\t\t\t\t\t\t\t<\/div>\n<div class=\"wp-block-columns row_xxl has-color-13-background-color has-background is-layout-flex wp-container-core-columns-is-layout-3fec90f0 wp-block-columns-is-layout-flex\" style=\"margin-top:var(--wp--preset--spacing--30);margin-bottom:var(--wp--preset--spacing--30)\">\n<div class=\"wp-block-column is-vertically-aligned-center hidden-xs hidden-sm col-12 col-sm-12 col-md-12 col-lg-12 is-layout-flow wp-block-column-is-layout-flow\" style=\"padding-top:var(--wp--preset--spacing--40);padding-right:var(--wp--preset--spacing--30);padding-bottom:var(--wp--preset--spacing--50);padding-left:var(--wp--preset--spacing--30)\">\n<div class=\"wp-block-group is-vertical is-layout-flex wp-container-core-group-is-layout-c2991436 wp-block-group-is-layout-flex\" style=\"padding-top:var(--wp--preset--spacing--40)\">\n<h1 class=\"wp-block-heading has-text-align-left dyn has-color-31-color has-text-color gs_0dysQS\" id=\"h-post-titel\"><span data-tag=\"title\" data-params=\"\" class=\"is-tag\">Post Titel<\/span><\/h1>\n\n\n<\/div>\n<\/div>\n\n\n\n<div class=\"wp-block-column is-vertically-aligned-bottom hidden-md hidden-lg col-12 col-sm-12 col-md-8 col-lg-8 is-layout-flow wp-block-column-is-layout-flow\" style=\"padding-left:var(--wp--preset--spacing--30)\">\n<h1 class=\"wp-block-heading has-text-align-center dyn has-color-31-color has-text-color gs_Qz9dg4\" id=\"h-post-titel-0\"><span data-tag=\"title\" data-params=\"\" class=\"is-tag\">Post Titel<\/span><\/h1>\n<\/div>\n\n\n\n<div class=\"wp-block-column hidden-md hidden-lg col-12 col-sm-auto is-layout-flow wp-block-column-is-layout-flow\"><\/div>\n<\/div>\n<\/div>\n\n<div  class=\"spacer_wrap dyn\" aria-hidden=\"true\"><div class=\"wp-block-spacer inner-sm\" style=\"height:calc(2em * 0.4)\" aria-hidden=\"true\"><\/div><div class=\"wp-block-spacer inner-md\" style=\"height:calc(2em * 0.6)\" aria-hidden=\"true\"><\/div><div class=\"wp-block-spacer inner-lg\" style=\"height:calc(2em * 0.8)\" aria-hidden=\"true\"><\/div><div class=\"wp-block-spacer inner-xl\" style=\"height:2em\" aria-hidden=\"true\"><\/div><\/div>\n\n<div  class=\"row_wrap\">\n<div class=\"wp-block-columns row_xxl is-layout-flex wp-container-core-columns-is-layout-9d6595d7 wp-block-columns-is-layout-flex\">\n<div class=\"wp-block-column col-12 col-sm-auto col-lg-6 is-layout-flow wp-block-column-is-layout-flow\" style=\"flex-basis:66.66%;width:66.66%\">\n<h2 class=\"wp-block-heading\" id=\"h-allgemeiner-kontakt-und-adresse\">Allgemeiner Kontakt und Adresse<\/h2>\n\n\n\n<p><strong>Hochschule Nordhausen<\/strong><br>Weinberghof 4<br>99734 Nordhausen<\/p>\n\n\n\n<p>Tel.: +49 3631 420-0<br>Fax: +49 3631 420-810<br>E-Mail:&nbsp;<span class=\"is-button link\" data-type=\"email\" data-params=\"{&quot;address&quot;:&quot;info@hs-nordhausen.de&quot;,&quot;subject&quot;:&quot;Kontaktformular Websiste der HSN&quot;}\">info@hs-nordhausen.de<\/span><\/p>\n\n\n\n<h3 class=\"wp-block-heading\" id=\"h-spezielle-kontakte\">Spezielle Kontakte<\/h3>\n\n\n\n<ul class=\"wp-block-greyd-list alignleft\" id=\"list_6a00543661961\">\n<li style=\"margin-left: 20px; \"><span class=\"list_icon\" aria-hidden=\"true\"><\/span><span class=\"list_content\"><p><a href=\"https:\/\/www.hs-nordhausen.de\/bewerbung\/online-bewerbung\/\">Alle Infos zur Bewerbung an der Hochschule<\/a><\/p><\/span><\/li>\n\n\n\n<li style=\"margin-left: 20px; \"><span class=\"list_icon\" aria-hidden=\"true\"><\/span><span class=\"list_content\"><p><a href=\"https:\/\/www.hs-nordhausen.de\/international\/staatliches-studienkolleg\/bewerbung-am-studienkolleg\/\">Anmeldung\/Bewerbung am Studienkolleg<\/a><\/p><\/span><\/li>\n\n\n\n<li style=\"margin-left: 20px; \"><span class=\"list_icon\" aria-hidden=\"true\"><\/span><span class=\"list_content\"><p><a href=\"https:\/\/www.hs-nordhausen.de\/studienangebote\/\">Alle Infos zum Studium und zu den Studieng\u00e4ngen<\/a><\/p><\/span><\/li>\n\n\n\n<li style=\"margin-left: 20px; \"><span class=\"list_icon\" aria-hidden=\"true\"><\/span><span class=\"list_content\"><p><a href=\"https:\/\/www.hs-nordhausen.de\/service\/medienzentrum\/\"><strong>Login Netzwerk &amp; E-Mail-Server<\/strong><\/a><\/p><\/span><\/li>\n\n\n\n<li style=\"margin-left: calc(20px + 1 * var(--indent)); list-style: circle; \"><span class=\"list_icon\" aria-hidden=\"true\"><\/span><span class=\"list_content\"><p>Probleme beim Einloggen, etc.<\/p><\/span><\/li>\n\n\n\n<li style=\"margin-left: 20px; \"><span class=\"list_icon\" aria-hidden=\"true\"><\/span><span class=\"list_content\"><p><a href=\"https:\/\/www.hs-nordhausen.de\/aktuelles\/pressemitteilungen\/\"><strong>Presse &amp; Medien<\/strong><\/a><\/p><\/span><\/li>\n\n\n\n<li style=\"margin-left: calc(20px + 1 * var(--indent)); list-style: circle; \"><span class=\"list_icon\" aria-hidden=\"true\"><\/span><span class=\"list_content\"><p>Aktuelle Informationen und Presseservice<\/p><\/span><\/li>\n<\/ul>\n\n\n<div  class=\"spacer_wrap \" aria-hidden=\"true\"><div class=\"wp-block-spacer inner-sm\" style=\"height:calc(100px * 0.4)\" aria-hidden=\"true\"><\/div><div class=\"wp-block-spacer inner-md\" style=\"height:calc(100px * 0.6)\" aria-hidden=\"true\"><\/div><div class=\"wp-block-spacer inner-lg\" style=\"height:calc(100px * 0.8)\" aria-hidden=\"true\"><\/div><div class=\"wp-block-spacer inner-xl\" style=\"height:100px\" aria-hidden=\"true\"><\/div><\/div><\/div>\n\n\n\n<div class=\"wp-block-column col-12 col-sm-12 col-md-6 col-lg-6 is-layout-flow wp-block-column-is-layout-flow\" style=\"flex-basis:33.33%;width:33.33%\">\n<h3 class=\"wp-block-heading\" id=\"h-kontaktformular\">Kontaktformular<\/h3>\n\n\n\n<div id=\"greyd-6a005436631bc\" class=\"wp-block-greyd-box gs_vMo4L3 greyd-content-box gs_vMo4L3\"><div class=\"forms_wrapper\"><a href='#after-greyd-form-1' class='greyd_skip_link'>Skip form<\/a><form\n\t\t\tclass='greyd_form \"KontaktzurHSN\" requirement-style__required' name='form_1157' id='greyd-form-1'\n\t\t\tdata-id='1157' data-form-mode='normal' data-title='KontaktzurHSN' data-nonce='5f1a98f162' data-send='enable'\n\t\t\tmethod='POST' enctype='multipart\/form-data'\n\t\t>\t\t<div style=\"visibility: hidden; position: absolute; z-index: -1; height: 0.1px; width: 0.1px; margin: 0; padding: 0;\">\n\t\t\t<label for=\"contact_me_by_fax_only\">\n\t\t\t\t<input\n\t\t\t\t\ttype=\"checkbox\"\n\t\t\t\t\tclass=\"input validation\"\n\t\t\t\t\tname=\"contact_me_by_fax_only\"\n\t\t\t\t\tid=\"contact_me_by_fax_only\"\n\t\t\t\t\tvalue=\"true\"\n\t\t\t\t\taria-hidden=\"true\"\n\t\t\t\t\ttabindex=\"-1\"\n\t\t\t\t\tautocomplete=\"off\"\n\t\t\t\t>\n\t\t\t\tContact me by fax only\n\t\t\t<\/label>\n\t\t\t<input\n\t\t\t\ttype=\"text\"\n\t\t\t\tclass=\"input validation\"\n\t\t\t\tname=\"set_your_password\"\n\t\t\t\taria-hidden=\"true\"\n\t\t\t\ttabindex=\"-1\"\n\t\t\t\tautocomplete=\"off\"\n\t\t\t>\n\t\t<\/div>\n\t\t\n<div id=multistep-2 class=\"multistep_wrapper gs_51nDWE  wp-block-greyd-forms-multistep-container\" data-transition=\"fade\" data-step=\"0\">\n<div class=\"step\"><a class=\"step_number greyd_skip_target\" href=\"#\">Schritt X von Y<\/a>\n<div class=\"wp-block-greyd-forms-input input-wrapper gs_C1mdrb\"><div class=\"label_wrap\"><label class=\"label\" for=\"input_189f37_vn___id6a00543661e66\"><span>Vorname<\/span><span class=\"requirement-optional\"> (optional)<\/span><\/label><\/div><div class=\"input-inner-wrapper\"><input class=\"input validation \" type=\"text\" name=\"input_189f37_vn\" id=\"input_189f37_vn___id6a00543661e66\" placeholder=\"Enter here\" autocomplete=\"given-name\" data-required=\"optional\" title=\"Please fill out this field\" rows=\"\"\/><span class=\"input-field-icon\" aria-hidden=\"true\"><\/span><\/div><\/div>\n\n\n\n<div class=\"wp-block-greyd-forms-input input-wrapper gs_tIwoPN\"><div class=\"label_wrap\"><label class=\"label\" for=\"input_678620_nn___id6a00543661ea8\"><span>Nachname<\/span><span class=\"requirement-optional\"> (optional)<\/span><\/label><\/div><div class=\"input-inner-wrapper\"><input class=\"input validation \" type=\"text\" name=\"input_678620_nn\" id=\"input_678620_nn___id6a00543661ea8\" placeholder=\"Enter here\" autocomplete=\"family-name\" data-required=\"optional\" title=\"Please fill out this field\" rows=\"\"\/><span class=\"input-field-icon\" aria-hidden=\"true\"><\/span><\/div><\/div>\n\n\n\n<div class=\"wp-block-greyd-forms-input input-wrapper gs_PMoNQE\"><div class=\"label_wrap\"><label class=\"label\" for=\"input_31b86b_mail___id6a00543661edc\"><span>E-Mail<\/span><span class=\"requirement-required\"> *<\/span><\/label><span class=\"greyd-forms-tooltip\"><button type=\"button\" class=\"greyd-forms-tooltip-toggle\" aria-expanded=\"false\" aria-controls=\"tt-input_31b86b_mail___id6a00543661edc\" aria-label=\"Tooltip zeigen\"><\/button><span class=\"greyd-forms-tooltip-popup\" id=\"tt-input_31b86b_mail___id6a00543661edc\" role=\"tooltip\"><span>The email address should contain an &#8218;@&#8217;character and a valid domain with a period.<\/span><button class=\"greyd-forms-tooltip-close\" aria-label=\"Tooltip schlie\u00dfen\">\u00d7<\/button><\/span><\/span><\/div><div class=\"input-inner-wrapper\"><input class=\"input validation \" type=\"email\" name=\"input_31b86b_mail\" id=\"input_31b86b_mail___id6a00543661edc\" aria-describedby=\"tt-input_31b86b_mail___id6a00543661edc\" placeholder=\"Enter here\" autocomplete=\"email\" pattern=\"\\w+([\\-+\\.]\\w+)*@\\w+([\\-\\.]\\w+)*\\.\\w+([\\-\\.]\\w+)*\" required data-required=\"required\" title=\"Please fill out this field\" rows=\"\"\/><span class=\"input-field-icon\" aria-hidden=\"true\"><\/span><\/div><\/div>\n\n\n\n<div class=\"wp-block-greyd-forms-input input-wrapper gs_8LH2v9\"><div class=\"label_wrap\"><label class=\"label\" for=\"input_391ecf_tel___id6a00543661f0a\"><span>Telefonnummer<\/span><span class=\"requirement-optional\"> (optional)<\/span><\/label><span class=\"greyd-forms-tooltip\"><button type=\"button\" class=\"greyd-forms-tooltip-toggle\" aria-expanded=\"false\" aria-controls=\"tt-input_391ecf_tel___id6a00543661f0a\" aria-label=\"Tooltip zeigen\"><\/button><span class=\"greyd-forms-tooltip-popup\" id=\"tt-input_391ecf_tel___id6a00543661f0a\" role=\"tooltip\"><span>The phone number can only consist of numbers and the following characters: + ( ) &#8211; \/ <\/span><button class=\"greyd-forms-tooltip-close\" aria-label=\"Tooltip schlie\u00dfen\">\u00d7<\/button><\/span><\/span><\/div><div class=\"input-inner-wrapper\"><input class=\"input validation \" type=\"tel\" name=\"input_391ecf_tel\" id=\"input_391ecf_tel___id6a00543661f0a\" aria-describedby=\"tt-input_391ecf_tel___id6a00543661f0a\" placeholder=\"Enter here\" autocomplete=\"tel\" pattern=\"\\(?\\+?[\\s0-9]{0,4}\\(?[0-9]{1,4}\\)?[\\-\\s\\\/0-9]{4,16}\" data-required=\"optional\" title=\"Please fill out this field\" rows=\"\"\/><span class=\"input-field-icon\" aria-hidden=\"true\"><\/span><\/div><\/div>\n\n\n\n<div class=\"wp-block-greyd-forms-input input-wrapper gs_n6Npii\"><div class=\"label_wrap\"><label class=\"label\" for=\"input_181639_mess___id6a00543661f32\"><span>Ihre Nachricht<\/span><span class=\"requirement-optional\"> (optional)<\/span><\/label><\/div><div class=\"input-inner-wrapper\"><textarea class=\"input validation \" type=\"text\" name=\"input_181639_mess\" id=\"input_181639_mess___id6a00543661f32\" placeholder=\"Enter here\" autocomplete=\"off\" data-required=\"optional\" title=\"Please fill out this field\" rows=\"15\"><\/textarea><span class=\"input-field-icon\" aria-hidden=\"true\"><\/span><\/div><\/div>\n\n\n\n<p><\/p>\n\n\n\n<div class=\"wp-block-greyd-forms-checkbox input-wrapper gs_E8xRrM\"><label class=\"label checkbox-label\" for=\"checkbox_8fb45a___id6a00543662dec\"><input class=\"checkbox_placeholder_value\" type=\"hidden\" name=\"checkbox_8fb45a\" value=\"false\"\/><input type=\"checkbox\" id=\"checkbox_8fb45a___id6a00543662dec\" name=\"checkbox_8fb45a\" value=\"true\" required data-required=\"required\" title=\"Please mark the checkbox\"\/><div><span>Hiermit akzeptiere ich die Datenschutzbestimmungen.\r\nIch stimme zu, dass meine Angaben und Daten ausschlie\u00dflich f\u00fcr die Durchf\u00fchrung und Abrechnung dieser Veranstaltung elektronisch gespeichert und genutzt werden. Mit meiner Anmeldung akzeptiere ich die aktuellen Datenschutzbestimmungen der Hochschule Nordhausen.\r\n\r\n<a href=\"https:\/\/www.hs-nordhausen.de\/datenschutz\/\">Datenschutz und Widerrufsrecht<\/a><\/span><span class=\"requirement-required\">&nbsp;*<\/span><\/div><\/label><\/div>\n\n\n\n<div class=\"input-outer-wrapper input-wrapper flex-right\"><button type=\"button\" class=\"multistep_button next_step button gs_IAnXqG is-style-trd \" data-text=\"Weiter zur Zusammenfassung\"><span style=\"flex:1\">Weiter zur Zusammenfassung<\/span><span class=\"arrow_right\" style=\"vertical-align:middle;font-size:100%;margin-left:10px\" aria-hidden=\"true\"><\/span><\/button><\/div>\n<\/div>\n\n\n\n<div class=\"step\"><a class=\"step_number greyd_skip_target\" href=\"#\">Schritt X von Y<\/a>\n<h3 class=\"wp-block-heading gs_VyB8EV\" id=\"h-zusammenfassung\">Zusammenfassung<\/h3>\n\n\n\n<div class=\"wp-block-group is-vertical is-layout-flex wp-container-core-group-is-layout-e80b9290 wp-block-group-is-layout-flex\" style=\"padding-bottom:var(--wp--preset--spacing--30)\">\n<p><strong>Vorname:<\/strong><\/p>\n\n\n\n<p><span data-name=\"input_189f37_vn\" class=\"form_tag\">input_189f37_vn<\/span><\/p>\n<\/div>\n\n\n\n<div class=\"wp-block-group is-vertical is-layout-flex wp-container-core-group-is-layout-e80b9290 wp-block-group-is-layout-flex\" style=\"padding-bottom:var(--wp--preset--spacing--30)\">\n<p><strong>Nachname:<\/strong><\/p>\n\n\n\n<p><span data-name=\"input_678620_nn\" class=\"form_tag\">input_678620_nn<\/span><\/p>\n<\/div>\n\n\n\n<div class=\"wp-block-group is-vertical is-layout-flex wp-container-core-group-is-layout-e80b9290 wp-block-group-is-layout-flex\" style=\"padding-bottom:var(--wp--preset--spacing--30)\">\n<p><strong>E-Mail:<\/strong><\/p>\n\n\n\n<p><span data-name=\"input_31b86b_mail\" class=\"form_tag\">input_31b86b_mail<\/span><\/p>\n<\/div>\n\n\n\n<div class=\"wp-block-group is-vertical is-layout-flex wp-container-core-group-is-layout-e80b9290 wp-block-group-is-layout-flex\" style=\"padding-bottom:var(--wp--preset--spacing--30)\">\n<p><strong>Tel:<\/strong><\/p>\n\n\n\n<p><span data-name=\"input_391ecf_tel\" class=\"form_tag\">input_391ecf_tel<\/span><\/p>\n<\/div>\n\n\n\n<div class=\"wp-block-group is-vertical is-layout-flex wp-container-core-group-is-layout-e80b9290 wp-block-group-is-layout-flex\" style=\"padding-bottom:var(--wp--preset--spacing--30)\">\n<p><strong>Ihre Nachricht an uns:<\/strong> <\/p>\n\n\n\n<p><span data-name=\"input_181639_mess\" class=\"form_tag\">input_181639_mess<\/span><\/p>\n<\/div>\n\n\n<div  class=\"spacer_wrap \" aria-hidden=\"true\"><div class=\"wp-block-spacer inner-sm\" style=\"height:calc(2em * 0.4)\" aria-hidden=\"true\"><\/div><div class=\"wp-block-spacer inner-md\" style=\"height:calc(2em * 0.6)\" aria-hidden=\"true\"><\/div><div class=\"wp-block-spacer inner-lg\" style=\"height:calc(2em * 0.8)\" aria-hidden=\"true\"><\/div><div class=\"wp-block-spacer inner-xl\" style=\"height:2em\" aria-hidden=\"true\"><\/div><\/div>\n\n\n<div class=\"wp-block-group is-content-justification-space-between is-layout-flex wp-container-core-group-is-layout-e3bc7287 wp-block-group-is-layout-flex\">\n<div class=\"input-outer-wrapper input-wrapper\"><button type=\"button\" class=\"multistep_button prev_step button gs_CUv8Rm is-style-trd \" data-text=\"Zur\u00fcck\"><span class=\"arrow_left\" style=\"vertical-align:middle;font-size:100%;margin-right:10px\" aria-hidden=\"true\"><\/span><span style=\"flex:1\">Zur\u00fcck<\/span><\/button><\/div>\n\n\n\n<button class=\"wp-block-greyd-forms-submitbutton button submitbutton gs_9abZsB\" type=\"submit\" name=\"submit\" data-text=\"Absenden\"><span class=\"greyd_upload_progress\"><span class=\"spinner\"><span class=\"dot-loader\"><\/span><span class=\"dot-loader dot-loader--2\"><\/span><span class=\"dot-loader dot-loader--3\"><\/span><\/span><span class=\"bar\"><\/span><\/span><span style=\"flex:1\">Absenden<\/span><\/button>\n<\/div>\n<\/div>\n<\/div><div class=\"progress_wrapper flex-center gs_51nDWE\"><div class=\"multistep_progress\"><span class=\"bar\"><\/span><\/div><\/div><style class=\"greyd-styles\">.gs_51nDWE.progress_wrapper .multistep_pagination > span.active { background-color: var(--color21) !important; } .gs_51nDWE.progress_wrapper .multistep_progress .bar { background-color: var(--color21) !important; } <\/style>\n<\/form><div class='after-message animate_fast' role='status' aria-live='polite'><div class='message'><\/div><\/div><div id='after-greyd-form-1'><\/div><\/div><\/div>\n<\/div>\n<\/div>\n<\/div>","protected":false},"excerpt":{"rendered":"<p>General contact and address Hochschule NordhausenWeinberghof 499734 Nordhausen Phone: +49 3631 420-0Fax: +49 3631 420-810E-mail: info@hs-nordhausen.de Special contacts Contact form<\/p>","protected":false},"author":1,"featured_media":0,"parent":0,"menu_order":0,"comment_status":"closed","ping_status":"closed","template":"","meta":{"_piecal_is_recurring":false,"_piecal_recurring_interval":1,"_piecal_recurring_frequency":"","_piecal_recurring_exact_position":false,"_piecal_recurring_end":"","_piecal_color":"","_piecal_text_color":"","_piecal_global_color_master":false,"_piecal_rsets":"[]","_piecal_is_event":false,"_piecal_start_date":"","_piecal_end_date":"","_piecal_is_allday":false,"greyd_block_editor_preview":[],"pgc_sgb_lightbox_settings":"","footnotes":""},"page_category":[],"page_tag":[],"page_redaktion":[],"zielgruppen":[],"kontakt-zuordnung":[],"institut-oder-einric":[],"stg-zuordnung":[],"fachbereich":[],"wf_page_folders":[46],"ppma_author":[1400],"class_list":["post-1156","page","type-page","status-publish","hentry"],"publishpress_future_action":{"enabled":false,"date":"2026-05-17 11:47:34","action":"change-status","newStatus":"draft","terms":[],"taxonomy":"page_category","extraData":[]},"publishpress_future_workflow_manual_trigger":{"enabledWorkflows":[]},"_links":{"self":[{"href":"https:\/\/www.hs-nordhausen.de\/en\/wp-json\/wp\/v2\/pages\/1156","targetHints":{"allow":["GET"]}}],"collection":[{"href":"https:\/\/www.hs-nordhausen.de\/en\/wp-json\/wp\/v2\/pages"}],"about":[{"href":"https:\/\/www.hs-nordhausen.de\/en\/wp-json\/wp\/v2\/types\/page"}],"author":[{"embeddable":true,"href":"https:\/\/www.hs-nordhausen.de\/en\/wp-json\/wp\/v2\/users\/1"}],"replies":[{"embeddable":true,"href":"https:\/\/www.hs-nordhausen.de\/en\/wp-json\/wp\/v2\/comments?post=1156"}],"version-history":[{"count":1,"href":"https:\/\/www.hs-nordhausen.de\/en\/wp-json\/wp\/v2\/pages\/1156\/revisions"}],"predecessor-version":[{"id":37674,"href":"https:\/\/www.hs-nordhausen.de\/en\/wp-json\/wp\/v2\/pages\/1156\/revisions\/37674"}],"wp:attachment":[{"href":"https:\/\/www.hs-nordhausen.de\/en\/wp-json\/wp\/v2\/media?parent=1156"}],"wp:term":[{"taxonomy":"page_category","embeddable":true,"href":"https:\/\/www.hs-nordhausen.de\/en\/wp-json\/wp\/v2\/page_category?post=1156"},{"taxonomy":"page_tag","embeddable":true,"href":"https:\/\/www.hs-nordhausen.de\/en\/wp-json\/wp\/v2\/page_tag?post=1156"},{"taxonomy":"page_redaktion","embeddable":true,"href":"https:\/\/www.hs-nordhausen.de\/en\/wp-json\/wp\/v2\/page_redaktion?post=1156"},{"taxonomy":"zielgruppen","embeddable":true,"href":"https:\/\/www.hs-nordhausen.de\/en\/wp-json\/wp\/v2\/zielgruppen?post=1156"},{"taxonomy":"kontakt-zuordnung","embeddable":true,"href":"https:\/\/www.hs-nordhausen.de\/en\/wp-json\/wp\/v2\/kontakt-zuordnung?post=1156"},{"taxonomy":"institut-oder-einric","embeddable":true,"href":"https:\/\/www.hs-nordhausen.de\/en\/wp-json\/wp\/v2\/institut-oder-einric?post=1156"},{"taxonomy":"stg-zuordnung","embeddable":true,"href":"https:\/\/www.hs-nordhausen.de\/en\/wp-json\/wp\/v2\/stg-zuordnung?post=1156"},{"taxonomy":"fachbereich","embeddable":true,"href":"https:\/\/www.hs-nordhausen.de\/en\/wp-json\/wp\/v2\/fachbereich?post=1156"},{"taxonomy":"wf_page_folders","embeddable":true,"href":"https:\/\/www.hs-nordhausen.de\/en\/wp-json\/wp\/v2\/wf_page_folders?post=1156"},{"taxonomy":"author","embeddable":true,"href":"https:\/\/www.hs-nordhausen.de\/en\/wp-json\/wp\/v2\/ppma_author?post=1156"}],"curies":[{"name":"wp","href":"https:\/\/api.w.org\/{rel}","templated":true}]}}