{"id":12210,"date":"2024-05-02T17:25:26","date_gmt":"2024-05-02T15:25:26","guid":{"rendered":"https:\/\/hsnordhausen.artemis.wpspace.me\/hsn\/?page_id=12210"},"modified":"2025-02-10T11:43:43","modified_gmt":"2025-02-10T10:43:43","slug":"research-priorities","status":"publish","type":"page","link":"https:\/\/www.hs-nordhausen.de\/en\/forschung\/referat-fuer-forschung-und-wissenschaftstransfer\/forschungsschwerpunkte\/","title":{"rendered":"Research foci and areas"},"content":{"rendered":"<div  class=\"spacer_wrap dyn\" aria-hidden=\"true\"><div class=\"wp-block-spacer inner-sm inner-md inner-lg\" style=\"height:calc(2em * 0.8)\" aria-hidden=\"true\"><\/div><div class=\"wp-block-spacer inner-xl\" style=\"height:2em\" aria-hidden=\"true\"><\/div><\/div>\n\n\n<nav aria-label=\"breadcrumbs\" class=\"rank-math-breadcrumb\"><p><span class=\"last\">Home<\/span><\/p><\/nav>\n\n\n<div  class=\"gs_pj9ffA row_wrap has-background\"><div id='bg_69ffaad5e7e86' class='greyd-background bg_full'>\n\t\t\t\t\t\t\t\t<div class='bg_color'><\/div>\n\t\t\t\t\t\t\t\t\n\t\t\t\t\t\t\t\t\n\t\t\t\t\t\t\t\t\n\t\t\t\t\t\t\t<\/div>\n<div class=\"wp-block-columns row_xxl has-color-13-background-color has-background is-layout-flex wp-container-core-columns-is-layout-3fec90f0 wp-block-columns-is-layout-flex\" style=\"margin-top:var(--wp--preset--spacing--30);margin-bottom:var(--wp--preset--spacing--30)\">\n<div class=\"wp-block-column is-vertically-aligned-center hidden-xs hidden-sm col-12 col-sm-12 col-md-12 col-lg-12 is-layout-flow wp-block-column-is-layout-flow\" style=\"padding-top:var(--wp--preset--spacing--40);padding-right:var(--wp--preset--spacing--30);padding-bottom:var(--wp--preset--spacing--50);padding-left:var(--wp--preset--spacing--30)\">\n<div class=\"wp-block-group is-vertical is-layout-flex wp-container-core-group-is-layout-c2991436 wp-block-group-is-layout-flex\" style=\"padding-top:var(--wp--preset--spacing--40)\">\n<h1 class=\"wp-block-heading has-text-align-left dyn has-color-31-color has-text-color gs_0dysQS\" id=\"h-post-titel\"><span data-tag=\"title\" data-params=\"\" class=\"is-tag\">Post Titel<\/span><\/h1>\n\n\n<\/div>\n<\/div>\n\n\n\n<div class=\"wp-block-column is-vertically-aligned-bottom hidden-md hidden-lg col-12 col-sm-12 col-md-8 col-lg-8 is-layout-flow wp-block-column-is-layout-flow\" style=\"padding-left:var(--wp--preset--spacing--30)\">\n<h1 class=\"wp-block-heading has-text-align-center dyn has-color-31-color has-text-color gs_Qz9dg4\" id=\"h-post-titel-0\"><span data-tag=\"title\" data-params=\"\" class=\"is-tag\">Post Titel<\/span><\/h1>\n<\/div>\n\n\n\n<div class=\"wp-block-column hidden-md hidden-lg col-12 col-sm-auto is-layout-flow wp-block-column-is-layout-flow\"><\/div>\n<\/div>\n<\/div>\n\n<div  class=\"spacer_wrap dyn\" aria-hidden=\"true\"><div class=\"wp-block-spacer inner-sm\" style=\"height:calc(2em * 0.4)\" aria-hidden=\"true\"><\/div><div class=\"wp-block-spacer inner-md\" style=\"height:calc(2em * 0.6)\" aria-hidden=\"true\"><\/div><div class=\"wp-block-spacer inner-lg\" style=\"height:calc(2em * 0.8)\" aria-hidden=\"true\"><\/div><div class=\"wp-block-spacer inner-xl\" style=\"height:2em\" aria-hidden=\"true\"><\/div><\/div>\n\n<div  class=\"row_wrap\">\n<div class=\"wp-block-columns row_xxl is-layout-flex wp-container-core-columns-is-layout-9d6595d7 wp-block-columns-is-layout-flex\">\n<div class=\"wp-block-column col-12 col-sm-12 col-md-8 col-lg-8 is-layout-flow wp-block-column-is-layout-flow\" style=\"flex-basis:66.66%;width:66.66%\">\n<h2 class=\"wp-block-heading\">Forschungsschwerpunkte<\/h2>\n\n\n\n<div class=\"wp-block-greyd-tabs is-style-tabs gs_iYCyg9\" data-transition=\"vertical\" data-overflow=\"stack\" style=\"padding-top:var(--wp--preset--spacing--50);padding-bottom:var(--wp--preset--spacing--50)\"><div class=\"tabs\" role=\"tablist\"><button  class=\"greyd_tab is-active \" aria-selected=\"true\" type=\"button\" role=\"tab\" aria-controls=\"tabpanel_xpzo\" id=\"tab_xpzo\">\n\t\t\t\n\t\t\t<span>GreenTech<\/span>\n\t\t\t<span  class=\"icon icon-normal \" aria-hidden=\"true\"><\/span>\n\t\t<span  class=\"icon icon-active \" aria-hidden=\"true\"><\/span>\n\t\t<\/button><button  class=\"greyd_tab  \" aria-selected=\"false\" type=\"button\" role=\"tab\" aria-controls=\"tabpanel_ztdi\" id=\"tab_ztdi\" tabindex=\"-1\">\n\t\t\t\n\t\t\t<span>Management und Governance<\/span>\n\t\t\t<span  class=\"icon icon-normal \" aria-hidden=\"true\"><\/span>\n\t\t<span  class=\"icon icon-active \" aria-hidden=\"true\"><\/span>\n\t\t<\/button><button  class=\"greyd_tab  \" aria-selected=\"false\" type=\"button\" role=\"tab\" aria-controls=\"tabpanel_oeqa\" id=\"tab_oeqa\" tabindex=\"-1\">\n\t\t\t\n\t\t\t<span>Soziale und gesundheitliche Dienstleistungen<\/span>\n\t\t\t<span  class=\"icon icon-normal \" aria-hidden=\"true\"><\/span>\n\t\t<span  class=\"icon icon-active \" aria-hidden=\"true\"><\/span>\n\t\t<\/button><\/div><div class=\"panels\">\n<div id=\"tabpanel_xpzo\" class=\"panel\" role=\"tabpanel\" aria-labelledby=\"tab_xpzo\" tabindex=\"0\">\n<p>Ingenieurwissenschaftliche Fragestellungen beinhalten heute verst\u00e4rkt Aspekte der Ressourcen- und Energieeffizienz, des Einsatzes erneuerbarer Energien und intelligenter Vernetzungen. Diese interdisziplin\u00e4ren und anwendungsorientierten Aufgaben werden unter dem Begriff <strong>GreenTech<\/strong> zusammengefasst.<\/p>\n\n\n\n<div class=\"wp-block-group is-nowrap is-layout-flex wp-container-core-group-is-layout-2c751a9e wp-block-group-is-layout-flex\" style=\"padding-top:var(--wp--preset--spacing--40);padding-bottom:var(--wp--preset--spacing--40)\">\n<p class=\"has-color-13-background-color has-background\" style=\"padding-top:var(--wp--preset--spacing--20);padding-right:var(--wp--preset--spacing--20);padding-bottom:var(--wp--preset--spacing--20);padding-left:var(--wp--preset--spacing--20)\"><a href=\"https:\/\/www.hs-nordhausen.de\/kontaktverzeichnis\/wesselak-prof-dr-ing-viktor\/\">Ansprechpartner: Prof. Dr.-Ing. Viktor Wesselak<\/a><\/p>\n<\/div>\n<\/div>\n\n\n\n<div id=\"tabpanel_ztdi\" class=\"panel\" role=\"tabpanel\" aria-labelledby=\"tab_ztdi\" tabindex=\"0\">\n<p>F\u00e4cher\u00fcbergreifende Forschung zu Managementproblemen, Innovations- und Ver\u00e4nderungsprozessen sowie Steuerungs- und Regelungsstrukturen in Staat, Wirtschaft und Gesellschaft durch Wirtschafts-, Sozial- und Rechtswissenschaftlerinnen und -wissenschaftler.<\/p>\n\n\n\n<div class=\"wp-block-group is-nowrap is-layout-flex wp-container-core-group-is-layout-2c751a9e wp-block-group-is-layout-flex\" style=\"padding-top:var(--wp--preset--spacing--40);padding-bottom:var(--wp--preset--spacing--40)\">\n<p class=\"has-color-13-background-color has-background\" style=\"padding-top:var(--wp--preset--spacing--20);padding-right:var(--wp--preset--spacing--20);padding-bottom:var(--wp--preset--spacing--20);padding-left:var(--wp--preset--spacing--20)\"><a href=\"https:\/\/www.hs-nordhausen.de\/kontaktverzeichnis\/z\/zahradnik-stefan-prof-dr\/\" data-type=\"kontaktverzeichnis\" data-id=\"11813\">Ansprechpartner: Prof. Dr. Stefan Zahradnik<\/a><\/p>\n<\/div>\n<\/div>\n\n\n\n<div id=\"tabpanel_oeqa\" class=\"panel\" role=\"tabpanel\" aria-labelledby=\"tab_oeqa\" tabindex=\"0\">\n<p>Grundlagen- und anwendungsorientierte Forschung auf den Gebieten der Sozialmedizin, Rehabilitationswissenschaften und Versorgungsforschung, insbesondere auf den Gebieten der therapeutischen Sozialen Arbeit, Heilp\u00e4dagogik, Transdisziplin\u00e4ren Fr\u00fchf\u00f6rderung und Systemischen Beratung und Therapie<\/p>\n\n\n\n<div class=\"wp-block-group is-nowrap is-layout-flex wp-container-core-group-is-layout-2c751a9e wp-block-group-is-layout-flex\" style=\"padding-top:var(--wp--preset--spacing--40);padding-bottom:var(--wp--preset--spacing--40)\">\n<p class=\"has-color-13-background-color has-background\" style=\"padding-top:var(--wp--preset--spacing--20);padding-right:var(--wp--preset--spacing--20);padding-bottom:var(--wp--preset--spacing--20);padding-left:var(--wp--preset--spacing--20)\"><a href=\"https:\/\/www.hs-nordhausen.de\/kontaktverzeichnis\/b\/bassler-markus-prof-dr\/\" data-type=\"kontaktverzeichnis\" data-id=\"11800\">Ansprechpartner: Prof. Dr. Markus Bassler<\/a><\/p>\n<\/div>\n<\/div>\n<\/div><style class=\"greyd-styles\">.gs_iYCyg9.wp-block-greyd-tabs { --tabs-align-tabs: flex-start; --tabs-content-padding: 16px; } <\/style><\/div>\n\n\n\n<div class=\"wp-block-group is-nowrap is-layout-flex wp-container-core-group-is-layout-d653275e wp-block-group-is-layout-flex\">\n<div class=\"wp-block-group has-color-13-background-color has-background gs_ZoGrsy group_wrap\" style=\"padding-top:var(--wp--preset--spacing--50);padding-right:var(--wp--preset--spacing--50);padding-bottom:var(--wp--preset--spacing--50);padding-left:var(--wp--preset--spacing--50)\"><div class=\"wp-block-group__inner-container is-layout-constrained wp-container-core-group-is-layout-0a183f2a wp-block-group-is-layout-constrained\">\n<h2 class=\"wp-block-heading has-h-3-font-size gs_p36iN9\" id=\"h-forschungsgebiete\">Forschungsgebiete<\/h2>\n\n\n\n<ul class=\"wp-block-list\">\n<li><a href=\"https:\/\/hs-nordhausen.de\/forschung\/referat-forschung\/forschungsprojekte\/forschungsgebiet-bioverfahrenstechnik\/\">Forschungsgebiet Bioverfahrenstechnik<\/a><\/li>\n\n\n\n<li><a href=\"https:\/\/hs-nordhausen.de\/forschung\/referat-forschung\/forschungsprojekte\/forschungsgruppe-energetisch-oekologischer-stadtumbau\/\">Forschungsgebiet Energetisch-\u00d6kologischer Stadtumbau<\/a><\/li>\n\n\n\n<li><a href=\"https:\/\/hs-nordhausen.de\/forschung\/referat-forschung\/forschungsprojekte\/forschungsgruppe-geotechnik\/\">Forschungsgebiet Geotechnik<\/a><\/li>\n\n\n\n<li><a href=\"https:\/\/hs-nordhausen.de\/forschung\/referat-forschung\/forschungsprojekte\/forschungsgruppe-maschinenbau\/\">Forschungsgebiet Maschinenbau<\/a><\/li>\n\n\n\n<li><a href=\"https:\/\/hs-nordhausen.de\/forschung\/referat-forschung\/forschungsprojekte\/forschungsgruppe-recyclingtechnik\/\">Forschungsgebiet Recyclingtechnik<\/a><\/li>\n\n\n\n<li><a href=\"https:\/\/hs-nordhausen.de\/forschung\/inret\/forschung-im-in-ret\/\">Forschungsgebiet Regenerative Energietechnik<\/a><\/li>\n\n\n\n<li><a href=\"https:\/\/hs-nordhausen.de\/forschung\/referat-forschung\/forschungsprojekte\/digitale-teambildung\/\">Forschungsprojekt Digitale Teambildung<\/a><\/li>\n<\/ul>\n<\/div><\/div>\n\n\n\n<div class=\"wp-block-group has-color-23-background-color has-background gs_ar92xb group_wrap\" style=\"padding-top:var(--wp--preset--spacing--50);padding-right:var(--wp--preset--spacing--50);padding-bottom:var(--wp--preset--spacing--50);padding-left:var(--wp--preset--spacing--50)\"><div class=\"wp-block-group__inner-container is-layout-constrained wp-container-core-group-is-layout-0a183f2a wp-block-group-is-layout-constrained\">\n<h2 class=\"wp-block-heading has-h-3-font-size gs_zrSn3p\" id=\"h-institute-und-forschungseinrichtungen\">Institute und Forschungseinrichtungen<\/h2>\n\n\n\n<ul class=\"wp-block-list\">\n<li><a href=\"https:\/\/www.hs-nordhausen.de\/forschung\/aki-august-kramer-institut\/\">AUGUST-KRAMER-INSTITUT (AKI)<\/a><\/li>\n\n\n\n<li><a href=\"https:\/\/www.hs-nordhausen.de\/forschung\/iae-institut-fuer-informatik-automatisierung-und-elektronik\/\">Institut f\u00fcr Informatik, Automatisierung und Elektronikentwicklung (IAE)<\/a><\/li>\n\n\n\n<li><a href=\"https:\/\/www.hs-nordhausen.de\/forschung\/in-ret-institut-fuer-regenerative-energietechnik\/\">Institut f\u00fcr Regenerative Energietechnik (in.RET)<\/a><\/li>\n\n\n\n<li><a href=\"https:\/\/www.hs-nordhausen.de\/forschung\/ipmg-institut-fuer-public-management-und-governance\/\">Institut f\u00fcr Public Management und Governance (IPMG)<\/a><\/li>\n\n\n\n<li><a href=\"https:\/\/www.hs-nordhausen.de\/forschung\/isrv-institut-fuer-sozialmedizin-rehabilitationswissenschaften-und-versorgungsforschung\/\">Institut f\u00fcr Sozialmedizin, Rehabilitationswissenschaften und Versorgungsforschung (ISRV)<\/a><\/li>\n\n\n\n<li><a href=\"https:\/\/www.hs-nordhausen.de\/forschung\/thiwert-thueringer-innovationszentrum-fuer-wertstoffe\/\">Th\u00fcringer Innovationszentrum f\u00fcr Wertstoffe (ThIWert)<\/a><\/li>\n\n\n\n<li><a href=\"https:\/\/www.hs-nordhausen.de\/forschung\/sensoriklabor\/\">Sensoriklabor<\/a><\/li>\n<\/ul>\n<\/div><\/div>\n<\/div>\n\n\n\n<div class=\"wp-block-group animate-when-almost-visible bottom-to-top\" style=\"padding-top:var(--wp--preset--spacing--50);padding-bottom:var(--wp--preset--spacing--50)\"><div class=\"wp-block-group__inner-container is-layout-constrained wp-block-group-is-layout-constrained\">\n<h3 class=\"wp-block-heading\" id=\"h-transferstrategie-der-hochschule-nordhausen\">Transferstrategie der Hochschule Nordhausen<\/h3>\n\n\n\n<div class=\"wp-block-group is-content-justification-left is-layout-flex wp-container-core-group-is-layout-76ea2f42 wp-block-group-is-layout-flex\"><a class=\"_df_thumb  df-has-ridge \"  href=\"#\"  data-slug=\"transferstrategie-der-hsn\" data-_slug=\"transferstrategie-der-hsn\" _slug=\"transferstrategie-der-hsn\" data-title=\"transferstrategie-der-hsn\" id=\"df_25936\" data-df-option=\"df_option_25936\" thumb=\"https:\/\/hs-nordhausen.de\/wp-content\/uploads\/sites\/8\/2024\/11\/HSN-Transferstrategie-Broschuere.jpg\"  >Transferstrategie der HSN<\/a><script class=\"df-shortcode-script\" nowprocket type=\"application\/javascript\">window.df_option_25936 = {\"source\":\"https:\\\/\\\/hs-nordhausen.de\\\/wp-content\\\/uploads\\\/sites\\\/8\\\/2024\\\/05\\\/Transferstrategie.pdf\",\"outline\":[],\"autoEnableOutline\":false,\"autoEnableThumbnail\":false,\"overwritePDFOutline\":false,\"pageSize\":\"0\",\"direction\":\"1\",\"slug\":\"transferstrategie-der-hsn\",\"wpOptions\":\"true\",\"id\":25936}; if(window.DFLIP && window.DFLIP.parseBooks){window.DFLIP.parseBooks();}<\/script>\n\n\n\n<div id=\"greyd-69ffaad5ea8fb\" class=\"wp-block-greyd-box dyn gs_WPbWLw greyd-content-box gs_WPbWLw\"><div  class=\"row_wrap\">\n<div class=\"wp-block-columns row_xxl is-layout-flex wp-container-core-columns-is-layout-9d6595d7 wp-block-columns-is-layout-flex\">\n<div class=\"wp-block-column col-12 col-lg-11 offset-lg-0 is-layout-flow wp-block-column-is-layout-flow\" style=\"flex-basis:50%;width:50%\">\n<h3 class=\"wp-block-heading dyn wp-container-content-6485342f\" id=\"h-download\">Download<\/h3>\n\n\n<div class=\"wp-block-downloadlist-list\"><ul class=\"downloadlist-list wp-block-downloadlist-list iconset-fontawesome\">\n<li class=\"attachment-12211 file_application file_pdf \"><a href=\"https:\/\/www.hs-nordhausen.de\/wp-content\/uploads\/sites\/8\/2024\/05\/Transferstrategie.pdf\" download rel=\"nofollow\">Transferstrategie der HSN<\/a> (4 MB)<\/li>\n<\/ul><\/div>\n<\/div>\n<\/div>\n<\/div><\/div>\n<\/div>\n<\/div><\/div>\n<\/div>\n\n\n\n<div class=\"wp-block-column col-12 col-sm-12 col-md-3 col-lg-3 offset-md-1 offset-lg-1 is-layout-flow wp-block-column-is-layout-flow\" style=\"padding-top:0;padding-bottom:0;flex-basis:33.33%\">\n<div id=\"page-list-box\" class=\"wp-block-greyd-box hidden-lg hidden-md hidden-sm hidden-xs gs_gsuUAh greyd-content-box gs_gsuUAh\">\n<h3 class=\"wp-block-heading\">Weitere Informationen<\/h3>\n\n\n<div class=\"wp-block-template-part\">\n<p>[subpages depth=&#8220;1&#8243; sort_order=&#8220;desc&#8220;  sort_order=&#8220;desc&#8220;]<\/p>\n<\/div>\n\n\n<hr class=\"wp-block-separator has-text-color has-color-22-color has-alpha-channel-opacity has-color-22-background-color has-background is-style-wide\"\/>\n\n\n<div class=\"wp-block-template-part\">\n<p>[siblings depth=&#8220;1&#8243; exclude=&#8220;current&#8220;]<\/p>\n<\/div><\/div>\n<\/div>\n<\/div>\n<\/div>","protected":false},"excerpt":{"rendered":"<p>Research focus Research areas Institutes and research facilities Transfer strategy of Nordhausen University of Applied Sciences<\/p>","protected":false},"author":1,"featured_media":0,"parent":3682,"menu_order":0,"comment_status":"closed","ping_status":"closed","template":"","meta":{"_piecal_is_recurring":false,"_piecal_recurring_interval":1,"_piecal_recurring_frequency":"","_piecal_recurring_exact_position":false,"_piecal_recurring_end":"","_piecal_color":"","_piecal_text_color":"","_piecal_global_color_master":false,"_piecal_rsets":"[]","_piecal_is_event":false,"_piecal_start_date":"","_piecal_end_date":"","_piecal_is_allday":false,"greyd_block_editor_preview":[],"pgc_sgb_lightbox_settings":"","footnotes":""},"page_category":[1361],"page_tag":[],"page_redaktion":[],"zielgruppen":[],"kontakt-zuordnung":[],"institut-oder-einric":[],"stg-zuordnung":[],"fachbereich":[],"wf_page_folders":[1360],"ppma_author":[1400],"class_list":["post-12210","page","type-page","status-publish","hentry","page_category-forschung"],"publishpress_future_action":{"enabled":false,"date":"2026-05-16 23:44:53","action":"change-status","newStatus":"draft","terms":[],"taxonomy":"page_category","extraData":[]},"publishpress_future_workflow_manual_trigger":{"enabledWorkflows":[]},"_links":{"self":[{"href":"https:\/\/www.hs-nordhausen.de\/en\/wp-json\/wp\/v2\/pages\/12210","targetHints":{"allow":["GET"]}}],"collection":[{"href":"https:\/\/www.hs-nordhausen.de\/en\/wp-json\/wp\/v2\/pages"}],"about":[{"href":"https:\/\/www.hs-nordhausen.de\/en\/wp-json\/wp\/v2\/types\/page"}],"author":[{"embeddable":true,"href":"https:\/\/www.hs-nordhausen.de\/en\/wp-json\/wp\/v2\/users\/1"}],"replies":[{"embeddable":true,"href":"https:\/\/www.hs-nordhausen.de\/en\/wp-json\/wp\/v2\/comments?post=12210"}],"version-history":[{"count":0,"href":"https:\/\/www.hs-nordhausen.de\/en\/wp-json\/wp\/v2\/pages\/12210\/revisions"}],"up":[{"embeddable":true,"href":"https:\/\/www.hs-nordhausen.de\/en\/wp-json\/wp\/v2\/pages\/3682"}],"wp:attachment":[{"href":"https:\/\/www.hs-nordhausen.de\/en\/wp-json\/wp\/v2\/media?parent=12210"}],"wp:term":[{"taxonomy":"page_category","embeddable":true,"href":"https:\/\/www.hs-nordhausen.de\/en\/wp-json\/wp\/v2\/page_category?post=12210"},{"taxonomy":"page_tag","embeddable":true,"href":"https:\/\/www.hs-nordhausen.de\/en\/wp-json\/wp\/v2\/page_tag?post=12210"},{"taxonomy":"page_redaktion","embeddable":true,"href":"https:\/\/www.hs-nordhausen.de\/en\/wp-json\/wp\/v2\/page_redaktion?post=12210"},{"taxonomy":"zielgruppen","embeddable":true,"href":"https:\/\/www.hs-nordhausen.de\/en\/wp-json\/wp\/v2\/zielgruppen?post=12210"},{"taxonomy":"kontakt-zuordnung","embeddable":true,"href":"https:\/\/www.hs-nordhausen.de\/en\/wp-json\/wp\/v2\/kontakt-zuordnung?post=12210"},{"taxonomy":"institut-oder-einric","embeddable":true,"href":"https:\/\/www.hs-nordhausen.de\/en\/wp-json\/wp\/v2\/institut-oder-einric?post=12210"},{"taxonomy":"stg-zuordnung","embeddable":true,"href":"https:\/\/www.hs-nordhausen.de\/en\/wp-json\/wp\/v2\/stg-zuordnung?post=12210"},{"taxonomy":"fachbereich","embeddable":true,"href":"https:\/\/www.hs-nordhausen.de\/en\/wp-json\/wp\/v2\/fachbereich?post=12210"},{"taxonomy":"wf_page_folders","embeddable":true,"href":"https:\/\/www.hs-nordhausen.de\/en\/wp-json\/wp\/v2\/wf_page_folders?post=12210"},{"taxonomy":"author","embeddable":true,"href":"https:\/\/www.hs-nordhausen.de\/en\/wp-json\/wp\/v2\/ppma_author?post=12210"}],"curies":[{"name":"wp","href":"https:\/\/api.w.org\/{rel}","templated":true}]}}