{"id":12534,"date":"2024-05-07T12:23:50","date_gmt":"2024-05-07T10:23:50","guid":{"rendered":"https:\/\/hsnordhausen.artemis.wpspace.me\/hsn\/?page_id=12534"},"modified":"2025-03-03T15:24:36","modified_gmt":"2025-03-03T14:24:36","slug":"project-advisory-board","status":"publish","type":"page","link":"https:\/\/www.hs-nordhausen.de\/en\/forschung\/transferwerk\/projektbeirat\/","title":{"rendered":"Project advisory board"},"content":{"rendered":"<div  class=\"spacer_wrap dyn\" aria-hidden=\"true\"><div class=\"wp-block-spacer inner-sm inner-md inner-lg\" style=\"height:calc(2em * 0.8)\" aria-hidden=\"true\"><\/div><div class=\"wp-block-spacer inner-xl\" style=\"height:2em\" aria-hidden=\"true\"><\/div><\/div>\n\n\n<nav aria-label=\"breadcrumbs\" class=\"rank-math-breadcrumb\"><p><span class=\"last\">Home<\/span><\/p><\/nav>\n\n\n<div  class=\"gs_pj9ffA row_wrap has-background\"><div id='bg_69f16480c5b13' class='greyd-background bg_full'>\n\t\t\t\t\t\t\t\t<div class='bg_color'><\/div>\n\t\t\t\t\t\t\t\t\n\t\t\t\t\t\t\t\t\n\t\t\t\t\t\t\t\t\n\t\t\t\t\t\t\t<\/div>\n<div class=\"wp-block-columns row_xxl has-color-13-background-color has-background is-layout-flex wp-container-core-columns-is-layout-3fec90f0 wp-block-columns-is-layout-flex\" style=\"margin-top:var(--wp--preset--spacing--30);margin-bottom:var(--wp--preset--spacing--30)\">\n<div class=\"wp-block-column is-vertically-aligned-center hidden-xs hidden-sm col-12 col-sm-12 col-md-12 col-lg-12 is-layout-flow wp-block-column-is-layout-flow\" style=\"padding-top:var(--wp--preset--spacing--40);padding-right:var(--wp--preset--spacing--30);padding-bottom:var(--wp--preset--spacing--50);padding-left:var(--wp--preset--spacing--30)\">\n<div class=\"wp-block-group is-vertical is-layout-flex wp-container-core-group-is-layout-c2991436 wp-block-group-is-layout-flex\" style=\"padding-top:var(--wp--preset--spacing--40)\">\n<h1 class=\"wp-block-heading has-text-align-left dyn has-color-31-color has-text-color gs_0dysQS\" id=\"h-post-titel\"><span data-tag=\"title\" data-params=\"\" class=\"is-tag\">Post title<\/span><\/h1>\n\n\n<\/div>\n<\/div>\n\n\n\n<div class=\"wp-block-column is-vertically-aligned-bottom hidden-md hidden-lg col-12 col-sm-12 col-md-8 col-lg-8 is-layout-flow wp-block-column-is-layout-flow\" style=\"padding-left:var(--wp--preset--spacing--30)\">\n<h1 class=\"wp-block-heading has-text-align-center dyn has-color-31-color has-text-color gs_Qz9dg4\" id=\"h-post-titel-0\"><span data-tag=\"title\" data-params=\"\" class=\"is-tag\">Post title<\/span><\/h1>\n<\/div>\n\n\n\n<div class=\"wp-block-column hidden-md hidden-lg col-12 col-sm-auto is-layout-flow wp-block-column-is-layout-flow\"><\/div>\n<\/div>\n<\/div>\n\n<div  class=\"spacer_wrap dyn\" aria-hidden=\"true\"><div class=\"wp-block-spacer inner-sm\" style=\"height:calc(2em * 0.4)\" aria-hidden=\"true\"><\/div><div class=\"wp-block-spacer inner-md\" style=\"height:calc(2em * 0.6)\" aria-hidden=\"true\"><\/div><div class=\"wp-block-spacer inner-lg\" style=\"height:calc(2em * 0.8)\" aria-hidden=\"true\"><\/div><div class=\"wp-block-spacer inner-xl\" style=\"height:2em\" aria-hidden=\"true\"><\/div><\/div>\n\n<div  class=\"row_wrap\">\n<div class=\"wp-block-columns row_xxl is-layout-flex wp-container-core-columns-is-layout-9d6595d7 wp-block-columns-is-layout-flex\">\n<div class=\"wp-block-column col-12 col-sm-12 col-md-8 col-lg-8 is-layout-flow wp-block-column-is-layout-flow\" style=\"flex-basis:66.66%;width:66.66%\">\n<p>The members of the advisory board support the work of the Transferwerk team with their experience and networks. The eight-member advisory board is made up of four scientists and four representatives from business and other organisations. <\/p>\n\n\n\n<h2 class=\"wp-block-heading has-h-3-font-size\" id=\"h-zu-den-beiratsmitgliedern-gehoren\">The members of the advisory board include<\/h2>\n\n\n\n<ul class=\"wp-block-list\">\n<li>Torsten Weil, State Secretary at the Thuringian Ministry of Infrastructure and Agriculture<\/li>\n\n\n\n<li>Peggy Hunold, Managing Director of Holzbau Hunold GmbH &amp; Co. KG<\/li>\n\n\n\n<li>Holger Richter, Member of the Board of the youth welfare organisation JSW Management e.V.<\/li>\n\n\n\n<li>Mathias Kurras, Managing Director of Maximator Hydrogen GmbH<\/li>\n\n\n\n<li>Prof Dr Uta Breuer, Professor at Nordhausen University of Applied Sciences<\/li>\n\n\n\n<li>Prof Dr J\u00f6rg Wagner (Project Manager), President of Nordhausen University of Applied Sciences<\/li>\n\n\n\n<li>Prof Dr Steffen D\u00f6rh\u00f6fer (project manager), Professor at Nordhausen University of Applied Sciences<\/li>\n\n\n\n<li>Prof Dr Elmar Hinz (project manager), Professor at Nordhausen University of Applied Sciences<\/li>\n<\/ul>\n\n\n\n<div class=\"wp-block-group\" style=\"padding-top:var(--wp--preset--spacing--50);padding-bottom:var(--wp--preset--spacing--50)\"><div class=\"wp-block-group__inner-container is-layout-constrained wp-block-group-is-layout-constrained\">\n<figure data-wp-context=\"{&quot;imageId&quot;:&quot;69f16480c6b02&quot;}\" data-wp-interactive=\"core\/image\" data-wp-key=\"69f16480c6b02\" class=\"wp-block-image size-full is-style-rounded-corners wp-container-content-69bc4bdf wp-lightbox-container\"><img decoding=\"async\" width=\"800\" height=\"599\" data-wp-class--hide=\"state.isContentHidden\" data-wp-class--show=\"state.isContentVisible\" data-wp-init=\"callbacks.setButtonStyles\" data-wp-on--click=\"actions.showLightbox\" data-wp-on--load=\"callbacks.setButtonStyles\" data-wp-on-window--resize=\"callbacks.setButtonStyles\" src=\"https:\/\/www.hs-nordhausen.de\/wp-content\/uploads\/sites\/8\/2024\/05\/Transferbeirat.png\" alt=\"\" class=\"wp-image-12540\" style=\"width:NaNpx\" title=\"\" srcset=\"https:\/\/www.hs-nordhausen.de\/wp-content\/uploads\/sites\/8\/2024\/05\/Transferbeirat.png 800w, https:\/\/www.hs-nordhausen.de\/wp-content\/uploads\/sites\/8\/2024\/05\/Transferbeirat-300x225.png 300w, https:\/\/www.hs-nordhausen.de\/wp-content\/uploads\/sites\/8\/2024\/05\/Transferbeirat-150x112.png 150w, https:\/\/www.hs-nordhausen.de\/wp-content\/uploads\/sites\/8\/2024\/05\/Transferbeirat-768x575.png 768w, https:\/\/www.hs-nordhausen.de\/wp-content\/uploads\/sites\/8\/2024\/05\/Transferbeirat-16x12.png 16w, https:\/\/www.hs-nordhausen.de\/wp-content\/uploads\/sites\/8\/2024\/05\/Transferbeirat-24x18.png 24w\" sizes=\"(max-width: 800px) 100vw, 800px\" \/><button\n\t\t\tclass=\"lightbox-trigger\"\n\t\t\ttype=\"button\"\n\t\t\taria-haspopup=\"dialog\"\n\t\t\taria-label=\"Enlarge\"\n\t\t\tdata-wp-init=\"callbacks.initTriggerButton\"\n\t\t\tdata-wp-on--click=\"actions.showLightbox\"\n\t\t\tdata-wp-style--right=\"state.imageButtonRight\"\n\t\t\tdata-wp-style--top=\"state.imageButtonTop\"\n\t\t>\n\t\t\t<svg xmlns=\"http:\/\/www.w3.org\/2000\/svg\" width=\"12\" height=\"12\" fill=\"none\" viewbox=\"0 0 12 12\">\n\t\t\t\t<path fill=\"#fff\" d=\"M2 0a2 2 0 0 0-2 2v2h1.5V2a.5.5 0 0 1 .5-.5h2V0H2Zm2 10.5H2a.5.5 0 0 1-.5-.5V8H0v2a2 2 0 0 0 2 2h2v-1.5ZM8 12v-1.5h2a.5.5 0 0 0 .5-.5V8H12v2a2 2 0 0 1-2 2H8Zm2-12a2 2 0 0 1 2 2v2h-1.5V2a.5.5 0 0 0-.5-.5H8V0h2Z\" \/>\n\t\t\t<\/svg>\n\t\t<\/button><figcaption class=\"wp-element-caption\">From left to right: Prof. Dr Steffen D\u00f6rh\u00f6fer, Torstel Weil, Prof. Dr Elmar Hinz, Peggy Hunold, Prof. Dr Uta Breuer, Prof. Dr J\u00f6rg Wagner, Holger Richter, Mathias Kurras<br>(Photo: Tina Bergknapp)<\/figcaption><\/figure>\n<\/div><\/div>\n<\/div>\n\n\n\n<div class=\"wp-block-column col-12 col-sm-12 col-md-3 col-lg-3 offset-md-1 offset-lg-1 is-layout-flow wp-block-column-is-layout-flow\" style=\"flex-basis:33.33%;width:33.33%\">\n<div id=\"greyd-69f16480c7ce1\" class=\"wp-block-greyd-box gs_AgNPXM greyd-content-box gs_AgNPXM\">\n<div id=\"greyd-69f16480c7a94\" class=\"wp-block-greyd-box gs_My4d2c greyd-content-box gs_My4d2c\">\n<div class=\"wp-block-group is-vertical is-content-justification-center is-layout-flex wp-container-core-group-is-layout-66c32872 wp-block-group-is-layout-flex\" style=\"padding-top:var(--wp--preset--spacing--30);padding-bottom:var(--wp--preset--spacing--30)\">\n<h3 class=\"wp-block-heading has-text-align-center has-h-2-font-size\" id=\"h-kooperieren-sie-mit-uns-nbsp\">Cooperate with us!&nbsp;<\/h3>\n\n\n\n<div id=\"greyd-69f16480c7948\" class=\"wp-block-greyd-box gs_feD1LS greyd-content-box gs_feD1LS flex-justify-center\" style=\"margin-right: auto !important; margin-left: auto !important; \"><figure style=\"padding-top:0;padding-bottom:0;padding-left:0;padding-right:0;\" class=\"wp-block-image greyd-image is-style-rounded aligncenter gs_rQkGpj\"><img decoding=\"async\" src=\"https:\/\/www.hs-nordhausen.de\/wp-content\/uploads\/sites\/8\/2024\/06\/Icon_Transferwerk.svg\" class=\"wp-image-15280\" alt=\"Icon Transferwerk - Electric bus\" title=\"\"><\/figure><\/div>\n\n\n\n<p class=\"has-text-align-center has-h-3-font-size\"><strong><strong><span class=\"is-button link\" data-type=\"email\" data-params=\"{&quot;address&quot;:&quot;transferwerk@hs-nordhausen.de&quot;}\">transferwerk@hs-nordhausen.de<\/span><\/strong><\/strong><\/p>\n<\/div>\n<\/div>\n<\/div>\n\n\n<div  class=\"spacer_wrap\" aria-hidden=\"true\"><div class=\"wp-block-spacer inner-sm\" style=\"height:calc(2em * 0.4)\" aria-hidden=\"true\"><\/div><div class=\"wp-block-spacer inner-md\" style=\"height:calc(2em * 0.6)\" aria-hidden=\"true\"><\/div><div class=\"wp-block-spacer inner-lg\" style=\"height:calc(2em * 0.8)\" aria-hidden=\"true\"><\/div><div class=\"wp-block-spacer inner-xl\" style=\"height:2em\" aria-hidden=\"true\"><\/div><\/div>\n\n\n<div id=\"greyd-69f16480c85f6\" class=\"wp-block-greyd-box dyn gs_LWtL8s greyd-content-box gs_LWtL8s\"><nav data-anchoractive=\"{&quot;start&quot;:&quot;0%&quot;,&quot;end&quot;:&quot;100%&quot;,&quot;multiple&quot;:&quot;&quot;,&quot;none&quot;:&quot;&quot;,&quot;enable&quot;:true}\" class=\"is-anchor-active-style submenus-toggle gs_bXqW0f is-vertical dyn submenus-toggle wp-block-navigation is-content-justification-stretch is-layout-flex wp-container-core-navigation-is-layout-4925fad1 wp-block-navigation-is-layout-flex\" aria-label=\"Transfer plant\"><ul class=\"wp-block-navigation__container  is-vertical dyn submenus-toggle wp-block-navigation\"><li class=\"wp-block-navigation-item wp-block-navigation-link\"><a class=\"wp-block-navigation-item__content\"  href=\"https:\/\/www.hs-nordhausen.de\/en\/research\/transferwerk\/\"><span class=\"wp-block-navigation-item__label\"><strong>Transfer plant<\/strong><\/span><\/a><\/li><li class=\"wp-block-navigation-item wp-block-navigation-link\"><a class=\"wp-block-navigation-item__content\"  href=\"https:\/\/www.hs-nordhausen.de\/en\/research\/transferwerk\/project-advisory-board\/\"><span class=\"wp-block-navigation-item__label\">Project advisory board<\/span><\/a><\/li><li class=\"wp-block-navigation-item wp-block-navigation-link\"><a class=\"wp-block-navigation-item__content\"  href=\"https:\/\/www.hs-nordhausen.de\/en\/research\/transferwerk\/transferscouts-service-areas-transferwerk\/\"><span class=\"wp-block-navigation-item__label\">Transfer scouts and service areas<\/span><\/a><\/li><li class=\"wp-block-navigation-item wp-block-navigation-link\"><a class=\"wp-block-navigation-item__content\"  href=\"https:\/\/www.hs-nordhausen.de\/en\/research\/transferwerk\/mobile-showroom\/\"><span class=\"wp-block-navigation-item__label\">Mobile showroom<\/span><\/a><\/li><\/ul><\/nav><\/div>\n<\/div>\n<\/div>\n<\/div>","protected":false},"excerpt":{"rendered":"<p>The advisory board members support the work of the Transferwerk team with their experience and networks. The eight-member advisory board is made up of four scientists and four representatives from industry and other organisations. The members of the advisory board include<\/p>","protected":false},"author":1,"featured_media":12540,"parent":3680,"menu_order":0,"comment_status":"closed","ping_status":"closed","template":"","meta":{"_piecal_is_recurring":false,"_piecal_recurring_interval":1,"_piecal_recurring_frequency":"","_piecal_recurring_exact_position":false,"_piecal_recurring_end":"","_piecal_color":"","_piecal_text_color":"","_piecal_global_color_master":false,"_piecal_rsets":"[]","_piecal_is_event":false,"_piecal_start_date":"","_piecal_end_date":"","_piecal_is_allday":false,"greyd_block_editor_preview":[],"pgc_sgb_lightbox_settings":"","footnotes":""},"page_category":[1361],"page_tag":[],"page_redaktion":[],"zielgruppen":[],"kontakt-zuordnung":[],"institut-oder-einric":[],"stg-zuordnung":[696],"fachbereich":[804],"wf_page_folders":[1379],"ppma_author":[1400],"class_list":["post-12534","page","type-page","status-publish","has-post-thumbnail","hentry","page_category-forschung","stg-zuordnung-n-a","fachbereich-n-a"],"publishpress_future_action":{"enabled":false,"date":"2026-05-06 03:53:04","action":"change-status","newStatus":"draft","terms":[],"taxonomy":"page_category","extraData":[]},"publishpress_future_workflow_manual_trigger":{"enabledWorkflows":[]},"_links":{"self":[{"href":"https:\/\/www.hs-nordhausen.de\/en\/wp-json\/wp\/v2\/pages\/12534","targetHints":{"allow":["GET"]}}],"collection":[{"href":"https:\/\/www.hs-nordhausen.de\/en\/wp-json\/wp\/v2\/pages"}],"about":[{"href":"https:\/\/www.hs-nordhausen.de\/en\/wp-json\/wp\/v2\/types\/page"}],"author":[{"embeddable":true,"href":"https:\/\/www.hs-nordhausen.de\/en\/wp-json\/wp\/v2\/users\/1"}],"replies":[{"embeddable":true,"href":"https:\/\/www.hs-nordhausen.de\/en\/wp-json\/wp\/v2\/comments?post=12534"}],"version-history":[{"count":0,"href":"https:\/\/www.hs-nordhausen.de\/en\/wp-json\/wp\/v2\/pages\/12534\/revisions"}],"up":[{"embeddable":true,"href":"https:\/\/www.hs-nordhausen.de\/en\/wp-json\/wp\/v2\/pages\/3680"}],"wp:featuredmedia":[{"embeddable":true,"href":"https:\/\/www.hs-nordhausen.de\/en\/wp-json\/wp\/v2\/media\/12540"}],"wp:attachment":[{"href":"https:\/\/www.hs-nordhausen.de\/en\/wp-json\/wp\/v2\/media?parent=12534"}],"wp:term":[{"taxonomy":"page_category","embeddable":true,"href":"https:\/\/www.hs-nordhausen.de\/en\/wp-json\/wp\/v2\/page_category?post=12534"},{"taxonomy":"page_tag","embeddable":true,"href":"https:\/\/www.hs-nordhausen.de\/en\/wp-json\/wp\/v2\/page_tag?post=12534"},{"taxonomy":"page_redaktion","embeddable":true,"href":"https:\/\/www.hs-nordhausen.de\/en\/wp-json\/wp\/v2\/page_redaktion?post=12534"},{"taxonomy":"zielgruppen","embeddable":true,"href":"https:\/\/www.hs-nordhausen.de\/en\/wp-json\/wp\/v2\/zielgruppen?post=12534"},{"taxonomy":"kontakt-zuordnung","embeddable":true,"href":"https:\/\/www.hs-nordhausen.de\/en\/wp-json\/wp\/v2\/kontakt-zuordnung?post=12534"},{"taxonomy":"institut-oder-einric","embeddable":true,"href":"https:\/\/www.hs-nordhausen.de\/en\/wp-json\/wp\/v2\/institut-oder-einric?post=12534"},{"taxonomy":"stg-zuordnung","embeddable":true,"href":"https:\/\/www.hs-nordhausen.de\/en\/wp-json\/wp\/v2\/stg-zuordnung?post=12534"},{"taxonomy":"fachbereich","embeddable":true,"href":"https:\/\/www.hs-nordhausen.de\/en\/wp-json\/wp\/v2\/fachbereich?post=12534"},{"taxonomy":"wf_page_folders","embeddable":true,"href":"https:\/\/www.hs-nordhausen.de\/en\/wp-json\/wp\/v2\/wf_page_folders?post=12534"},{"taxonomy":"author","embeddable":true,"href":"https:\/\/www.hs-nordhausen.de\/en\/wp-json\/wp\/v2\/ppma_author?post=12534"}],"curies":[{"name":"wp","href":"https:\/\/api.w.org\/{rel}","templated":true}]}}