{"id":12549,"date":"2024-05-07T12:36:28","date_gmt":"2024-05-07T10:36:28","guid":{"rendered":"https:\/\/hsnordhausen.artemis.wpspace.me\/hsn\/?page_id=12549"},"modified":"2024-09-29T13:11:59","modified_gmt":"2024-09-29T11:11:59","slug":"youth-research","status":"publish","type":"page","link":"https:\/\/www.hs-nordhausen.de\/en\/forschung\/sfz-schuelerforschungszentrum\/jugend-forscht\/","title":{"rendered":"Youth research"},"content":{"rendered":"<div  class=\"spacer_wrap\" aria-hidden=\"true\"><div class=\"wp-block-spacer inner-sm\" style=\"height:calc(2em * 0.4)\" aria-hidden=\"true\"><\/div><div class=\"wp-block-spacer inner-md\" style=\"height:calc(2em * 0.6)\" aria-hidden=\"true\"><\/div><div class=\"wp-block-spacer inner-lg\" style=\"height:calc(2em * 0.8)\" aria-hidden=\"true\"><\/div><div class=\"wp-block-spacer inner-xl\" style=\"height:2em\" aria-hidden=\"true\"><\/div><\/div>\n\n\n\n<div  class=\"spacer_wrap\" aria-hidden=\"true\"><div class=\"wp-block-spacer inner-sm\" style=\"height:calc(2em * 0.4)\" aria-hidden=\"true\"><\/div><div class=\"wp-block-spacer inner-md\" style=\"height:calc(2em * 0.6)\" aria-hidden=\"true\"><\/div><div class=\"wp-block-spacer inner-lg\" style=\"height:calc(2em * 0.8)\" aria-hidden=\"true\"><\/div><div class=\"wp-block-spacer inner-xl\" style=\"height:2em\" aria-hidden=\"true\"><\/div><\/div>\n\n\n<div id=\"greyd-69fdd1584a00c\" class=\"wp-block-greyd-box gs_ENiYND greyd-content-box gs_ENiYND\" style=\"margin-right: auto !important; margin-left: auto !important; \">\n<div class=\"wp-block-group is-content-justification-center is-layout-flex wp-container-core-group-is-layout-1d2dc8e1 wp-block-group-is-layout-flex\" style=\"padding-right:var(--wp--preset--spacing--30);padding-left:var(--wp--preset--spacing--30)\"><figure style=\"padding-top:var(--wp--preset--spacing--50);padding-bottom:var(--wp--preset--spacing--50);padding-left:var(--wp--preset--spacing--50);padding-right:var(--wp--preset--spacing--50);\" class=\"wp-block-image greyd-image   gs_TqJpW9\"><img decoding=\"async\" width=\"444\" height=\"263\" src=\"https:\/\/www.hs-nordhausen.de\/wp-content\/uploads\/sites\/8\/2024\/07\/logo_sfz_hsn.png\" class=\"wp-image-16219\" alt=\"Logo Student Research Centre Nordhausen - SFZ\" srcset=\"https:\/\/www.hs-nordhausen.de\/wp-content\/uploads\/sites\/8\/2024\/07\/logo_sfz_hsn.png 444w, https:\/\/www.hs-nordhausen.de\/wp-content\/uploads\/sites\/8\/2024\/07\/logo_sfz_hsn-300x178.png 300w, https:\/\/www.hs-nordhausen.de\/wp-content\/uploads\/sites\/8\/2024\/07\/logo_sfz_hsn-150x89.png 150w, https:\/\/www.hs-nordhausen.de\/wp-content\/uploads\/sites\/8\/2024\/07\/logo_sfz_hsn-18x12.png 18w, https:\/\/www.hs-nordhausen.de\/wp-content\/uploads\/sites\/8\/2024\/07\/logo_sfz_hsn-24x14.png 24w\" sizes=\"(max-width: 444px) 100vw, 444px\" title=\"\"><\/figure>\n\n\n<h1 class=\"wp-block-heading\" id=\"h-post-titel\"><span data-tag=\"title\" data-params=\"\" class=\"is-tag\">Post title<\/span><\/h1>\n<\/div>\n<\/div>\n\n\n\n<div class=\"wp-block-group is-content-justification-space-between is-nowrap is-layout-flex wp-container-core-group-is-layout-0dfbf163 wp-block-group-is-layout-flex gs_jSRlXp group_wrap\">\n<hr style='  height: 4px !important;   ' class=\"wp-block-separator has-text-color has-color-11-color has-alpha-channel-opacity has-color-11-background-color has-background is-style-wide\"\/>\n<\/div>\n\n\n\n<div id=\"sticky-btn-dich\" class=\"wp-block-greyd-box gs_4RSGdI greyd-content-box gs_4RSGdI flex-justify-center  is-position-sticky\" style=\"margin-right: auto !important; margin-left: auto !important; \"><nav data-anchoractive=\"{&quot;start&quot;:&quot;0%&quot;,&quot;end&quot;:&quot;100%&quot;,&quot;multiple&quot;:&quot;closest&quot;,&quot;none&quot;:&quot;closest&quot;,&quot;enable&quot;:true}\" class=\"is-anchor-active-style gs_eDjUN6 is-responsive items-justified-center wp-block-navigation is-content-justification-center is-layout-flex wp-container-core-navigation-is-layout-5590e8cb wp-block-navigation-is-layout-flex\" aria-label=\"SFZ 1\" \n\t\t data-wp-interactive=\"core\/navigation\" data-wp-context='{\"overlayOpenedBy\":{\"click\":false,\"hover\":false,\"focus\":false},\"type\":\"overlay\",\"roleAttribute\":\"\",\"ariaLabel\":\"Menu\"}'><button aria-haspopup=\"dialog\" aria-label=\"Open menu\" class=\"wp-block-navigation__responsive-container-open\" \n\t\t\t\tdata-wp-on--click=\"actions.openMenuOnClick\"\n\t\t\t\tdata-wp-on--keydown=\"actions.handleMenuKeydown\"\n\t\t\t><svg width=\"24\" height=\"24\" xmlns=\"http:\/\/www.w3.org\/2000\/svg\" viewbox=\"0 0 24 24\"><path d=\"M5 5v1.5h14V5H5z\"><\/path><path d=\"M5 12.8h14v-1.5H5v1.5z\"><\/path><path d=\"M5 19h14v-1.5H5V19z\"><\/path><\/svg><\/button>\n\t\t\t\t<div class=\"wp-block-navigation__responsive-container\"  id=\"modal-1\" \n\t\t\t\tdata-wp-class--has-modal-open=\"state.isMenuOpen\"\n\t\t\t\tdata-wp-class--is-menu-open=\"state.isMenuOpen\"\n\t\t\t\tdata-wp-watch=\"callbacks.initMenu\"\n\t\t\t\tdata-wp-on--keydown=\"actions.handleMenuKeydown\"\n\t\t\t\tdata-wp-on--focusout=\"actions.handleMenuFocusout\"\n\t\t\t\ttabindex=\"-1\"\n\t\t\t>\n\t\t\t\t\t<div class=\"wp-block-navigation__responsive-close\" tabindex=\"-1\">\n\t\t\t\t\t\t<div class=\"wp-block-navigation__responsive-dialog\" \n\t\t\t\tdata-wp-bind--aria-modal=\"state.ariaModal\"\n\t\t\t\tdata-wp-bind--aria-label=\"state.ariaLabel\"\n\t\t\t\tdata-wp-bind--role=\"state.roleAttribute\"\n\t\t\t>\n\t\t\t\t\t\t\t<button aria-label=\"Close menu\" class=\"wp-block-navigation__responsive-container-close\" \n\t\t\t\tdata-wp-on--click=\"actions.closeMenuOnClick\"\n\t\t\t><svg xmlns=\"http:\/\/www.w3.org\/2000\/svg\" viewbox=\"0 0 24 24\" width=\"24\" height=\"24\" aria-hidden=\"true\" focusable=\"false\"><path d=\"m13.06 12 6.47-6.47-1.06-1.06L12 10.94 5.53 4.47 4.47 5.53 10.94 12l-6.47 6.47 1.06 1.06L12 13.06l6.47 6.47 1.06-1.06L13.06 12Z\"><\/path><\/svg><\/button>\n\t\t\t\t\t\t\t<div class=\"wp-block-navigation__responsive-container-content\" \n\t\t\t\tdata-wp-watch=\"callbacks.focusFirstElement\"\n\t\t\t id=\"modal-1-content\">\n\t\t\t\t\t\t\t\t<ul class=\"wp-block-navigation__container is-responsive items-justified-center wp-block-navigation\"><li class=\"gs_h3xCcJ  wp-block-navigation-item wp-block-navigation-link\"><a class=\"wp-block-navigation-item__content\"  href=\"https:\/\/www.hs-nordhausen.de\/en\/research\/sfz-student-research-centre\/\"><span class=\"wp-block-navigation-item__label\"><strong>SFZ<\/strong><\/span><\/a><\/li><li class=\"gs_CuybNg  wp-block-navigation-item wp-block-navigation-link\"><a class=\"wp-block-navigation-item__content\"  href=\"https:\/\/www.hs-nordhausen.de\/en\/research\/sfz-student-research-centre\/lending\/\"><span class=\"wp-block-navigation-item__label\">Lending<\/span><\/a><\/li><li class=\"gs_8cZpDk  wp-block-navigation-item wp-block-navigation-link\"><a class=\"wp-block-navigation-item__content\"  href=\"https:\/\/www.hs-nordhausen.de\/en\/research\/sfz-student-research-centre\/youth-research\/\"><span class=\"wp-block-navigation-item__label\">Youth research<\/span><\/a><\/li><\/ul>\n\t\t\t\t\t\t\t<\/div>\n\t\t\t\t\t\t<\/div>\n\t\t\t\t\t<\/div>\n\t\t\t\t<\/div><\/nav><\/div>\n\n\n<div  class=\"row_wrap\">\n<div class=\"wp-block-columns row_xxxl is-layout-flex wp-container-core-columns-is-layout-9d6595d7 wp-block-columns-is-layout-flex\">\n<div class=\"wp-block-column col-12 offset-sm-0 offset-md-0 offset-lg-0 is-layout-flow wp-block-column-is-layout-flow\" style=\"flex-basis:50%;width:50%\"><div  class=\"gs_ACQ8is row_wrap\">\n<div class=\"wp-block-columns row_xxl is-layout-flex wp-container-core-columns-is-layout-9d6595d7 wp-block-columns-is-layout-flex\">\n<div class=\"wp-block-column col-12 col-md-7 is-layout-flow wp-block-column-is-layout-flow\" style=\"flex-basis:50%;width:50%\">\n<h2 class=\"wp-block-heading\" id=\"h-jugend-forscht-schuler-experimentieren-im-schulerforschungszentrum\">Jugend forscht - Pupils experiment at the school research centre\u00a0<\/h2>\n\n\n\n<p><strong><a href=\"https:\/\/www.jugend-forscht.de\/\" target=\"_blank\" rel=\"noreferrer noopener nofollow\">Youth research<\/a><\/strong>&nbsp;is a nationwide competition for young talent aimed at pupils and students who enjoy researching, experimenting and inventing. The aim is to get young people interested in maths, computer science, natural sciences and technology and to find and promote talent. If you want to take part, you have to find an interesting question for your research project. Creativity and innovation are what counts.<\/p>\n\n\n\n<p>Young people up to the age of 21 can take part in the competition (alone or in teams with a maximum of three students).<\/p>\n\n\n\n<p>Participants must be in at least 4th grade in the year of registration. For students, registration is only possible in the year in which they start their studies.<\/p>\n\n\n\n<p>Further information on the national competition can be found at&nbsp;<a href=\"http:\/\/www.jugend-forscht.de\/\" target=\"_blank\" rel=\"noreferrer noopener nofollow\">www.jugend-forscht.de<\/a>.<\/p>\n\n\n\n<h2 class=\"wp-block-heading\" id=\"h-jugend-forscht-junior\">Youth research junior<\/h2>\n\n\n\n<p><a href=\"https:\/\/www.jugend-forscht.de\/teilnahme\/alterssparten\/jugend-forscht-junior.html\" target=\"_blank\" rel=\"noreferrer noopener nofollow\">Youth research junior<\/a>\u00a0(previously: Sch\u00fcler experimentieren) is the junior division of the Jugend forscht competition. All young researchers who are not older than 14 on 31 December of the registration year take part. Younger pupils who wish to take part must be in at least 4th grade.<\/p>\n\n\n\n<p>With\u00a0<strong>Youth research junior<\/strong> there is no national final. In this category, the round usually ends with the state competition, for which all regional winners qualify. The federal states of Brandenburg, Mecklenburg-Western Pomerania and Saarland are an exception. There, only regional competitions take place in the junior division.\u00a0<\/p>\n\n\n\n<p>In exceptional cases, outstanding projects in the Sch\u00fcler experimentieren category can be upgraded to the Jugend forscht category by the jury of the regional competition. The prerequisite for this is that it is the best project in a particular subject area across all categories. The project will then be honoured with the regional victory in the Jugend forscht category.<\/p>\n\n\n\n<p><strong>The Nordhausen Student Research Centre is always happy to provide support in implementing ideas.<\/strong><\/p>\n<\/div>\n\n\n\n<div class=\"wp-block-column col-12 col-md-4 offset-md-1 is-layout-flow wp-block-column-is-layout-flow\" style=\"flex-basis:50%;width:50%\">\n<h3 class=\"wp-block-heading has-text-align-left\" id=\"h-kontakt\">Contact<\/h3>\n\n\n\n<div id=\"greyd-69fdd1584bd76\" class=\"wp-block-greyd-box dyn gs_YHC8oy greyd-content-box gs_YHC8oy\">\n<ul class=\"wp-block-greyd-list alignleft\" id=\"list_69fdd1584bcda\">\n<li  data-anim-action=\"filter\" data-anim-event=\"hover\" data-anim-triggered=\"false\" data-anim-from=\"filter: grayscale(100%);\" data-anim-to=\"filter: grayscale(4%);\" data-anim-id=\"anim-69fdd1584bc72\"><span class=\"list_icon icon_profile\" aria-hidden=\"true\" style=\"color:var(--color11)\"><\/span><span class=\"list_content\"><p><span class=\"is-button link\" data-type=\"dynamic\" data-params=\"{&quot;tag&quot;:&quot;post&quot;}\"><span data-tag=\"titel\" data-params=\"\" class=\"is-tag\">Title (Prof.\/Dr.\/...)<\/span> <span data-tag=\"vorname\" data-params=\"\" class=\"is-tag\">First name<\/span> <span data-tag=\"nachname\" data-params=\"\" class=\"is-tag\">Surname<\/span><\/span><\/p><\/span><\/li>\n<\/ul>\n<\/div>\n\n\n<figure style=\"padding-top:var(--wp--preset--spacing--50);padding-bottom:var(--wp--preset--spacing--50);\" class=\"wp-block-image greyd-image   gs_IxqG19\"><img decoding=\"async\" src=\"https:\/\/www.hs-nordhausen.de\/wp-content\/uploads\/sites\/8\/2024\/09\/logo_jugend-forscht_wir-foerdern-talente.svg\" class=\"wp-image-23266\" alt=\"Logo Jugend forscht - We promote talent\" title=\"\"><\/figure><\/div>\n<\/div>\n<\/div><\/div>\n<\/div>\n<\/div>","protected":false},"excerpt":{"rendered":"<p>Jugend forscht &#8211; Sch\u00fcler experimentieren im Sch\u00fclerforschungszentrum\u00a0 Jugend forscht&nbsp;ist ein bundesweiter Nachwuchswettbewerb, der sich an Sch\u00fcler*innen und Studierende, die Spa\u00df am Forschen, Experimentieren und Erfinden haben, richtet. Ziel ist es, Jugendliche f\u00fcr Mathematik, Informatik, Naturwissenschaften und Technik zu begeistern, Talente zu finden und zu f\u00f6rdern. Wer mitmachen will, sucht sich selbst eine interessante Fragestellung f\u00fcr [&hellip;]<\/p>\n","protected":false},"author":1,"featured_media":0,"parent":3679,"menu_order":0,"comment_status":"closed","ping_status":"closed","template":"","meta":{"_piecal_is_recurring":false,"_piecal_recurring_interval":1,"_piecal_recurring_frequency":"","_piecal_recurring_exact_position":false,"_piecal_recurring_end":"","_piecal_color":"","_piecal_text_color":"","_piecal_global_color_master":false,"_piecal_rsets":"[]","_piecal_is_event":false,"_piecal_start_date":"","_piecal_end_date":"","_piecal_is_allday":false,"greyd_block_editor_preview":[],"pgc_sgb_lightbox_settings":"","footnotes":""},"page_category":[1361],"page_tag":[],"page_redaktion":[],"zielgruppen":[],"kontakt-zuordnung":[],"institut-oder-einric":[],"stg-zuordnung":[696],"fachbereich":[804],"wf_page_folders":[1325],"ppma_author":[1400],"class_list":["post-12549","page","type-page","status-publish","hentry","page_category-forschung","stg-zuordnung-n-a","fachbereich-n-a"],"publishpress_future_action":{"enabled":false,"date":"2026-05-15 14:04:40","action":"change-status","newStatus":"draft","terms":[],"taxonomy":"page_category","extraData":[]},"publishpress_future_workflow_manual_trigger":{"enabledWorkflows":[]},"_links":{"self":[{"href":"https:\/\/www.hs-nordhausen.de\/en\/wp-json\/wp\/v2\/pages\/12549","targetHints":{"allow":["GET"]}}],"collection":[{"href":"https:\/\/www.hs-nordhausen.de\/en\/wp-json\/wp\/v2\/pages"}],"about":[{"href":"https:\/\/www.hs-nordhausen.de\/en\/wp-json\/wp\/v2\/types\/page"}],"author":[{"embeddable":true,"href":"https:\/\/www.hs-nordhausen.de\/en\/wp-json\/wp\/v2\/users\/1"}],"replies":[{"embeddable":true,"href":"https:\/\/www.hs-nordhausen.de\/en\/wp-json\/wp\/v2\/comments?post=12549"}],"version-history":[{"count":0,"href":"https:\/\/www.hs-nordhausen.de\/en\/wp-json\/wp\/v2\/pages\/12549\/revisions"}],"up":[{"embeddable":true,"href":"https:\/\/www.hs-nordhausen.de\/en\/wp-json\/wp\/v2\/pages\/3679"}],"wp:attachment":[{"href":"https:\/\/www.hs-nordhausen.de\/en\/wp-json\/wp\/v2\/media?parent=12549"}],"wp:term":[{"taxonomy":"page_category","embeddable":true,"href":"https:\/\/www.hs-nordhausen.de\/en\/wp-json\/wp\/v2\/page_category?post=12549"},{"taxonomy":"page_tag","embeddable":true,"href":"https:\/\/www.hs-nordhausen.de\/en\/wp-json\/wp\/v2\/page_tag?post=12549"},{"taxonomy":"page_redaktion","embeddable":true,"href":"https:\/\/www.hs-nordhausen.de\/en\/wp-json\/wp\/v2\/page_redaktion?post=12549"},{"taxonomy":"zielgruppen","embeddable":true,"href":"https:\/\/www.hs-nordhausen.de\/en\/wp-json\/wp\/v2\/zielgruppen?post=12549"},{"taxonomy":"kontakt-zuordnung","embeddable":true,"href":"https:\/\/www.hs-nordhausen.de\/en\/wp-json\/wp\/v2\/kontakt-zuordnung?post=12549"},{"taxonomy":"institut-oder-einric","embeddable":true,"href":"https:\/\/www.hs-nordhausen.de\/en\/wp-json\/wp\/v2\/institut-oder-einric?post=12549"},{"taxonomy":"stg-zuordnung","embeddable":true,"href":"https:\/\/www.hs-nordhausen.de\/en\/wp-json\/wp\/v2\/stg-zuordnung?post=12549"},{"taxonomy":"fachbereich","embeddable":true,"href":"https:\/\/www.hs-nordhausen.de\/en\/wp-json\/wp\/v2\/fachbereich?post=12549"},{"taxonomy":"wf_page_folders","embeddable":true,"href":"https:\/\/www.hs-nordhausen.de\/en\/wp-json\/wp\/v2\/wf_page_folders?post=12549"},{"taxonomy":"author","embeddable":true,"href":"https:\/\/www.hs-nordhausen.de\/en\/wp-json\/wp\/v2\/ppma_author?post=12549"}],"curies":[{"name":"wp","href":"https:\/\/api.w.org\/{rel}","templated":true}]}}