{"id":1266,"date":"2023-04-24T15:17:37","date_gmt":"2023-04-24T13:17:37","guid":{"rendered":"https:\/\/hsnordhausen.artemis.wpspace.me\/hsn\/bewerbung\/gasthoererschaft\/"},"modified":"2026-01-23T11:39:39","modified_gmt":"2026-01-23T10:39:39","slug":"hospitality-2","status":"publish","type":"page","link":"https:\/\/www.hs-nordhausen.de\/en\/studienangebote\/bewerbung\/gasthoererschaft\/","title":{"rendered":"Guest auditorium"},"content":{"rendered":"<div  class=\"dynamic row_xxl\"><div  class=\"spacer_wrap dyn\" aria-hidden=\"true\"><div class=\"wp-block-spacer inner-sm inner-md inner-lg\" style=\"height:calc(2em * 0.8)\" aria-hidden=\"true\"><\/div><div class=\"wp-block-spacer inner-xl\" style=\"height:2em\" aria-hidden=\"true\"><\/div><\/div>\n\n\n<nav aria-label=\"breadcrumbs\" class=\"rank-math-breadcrumb\"><p><span class=\"last\">Home<\/span><\/p><\/nav>\n\n\n<div  class=\"gs_pj9ffA row_wrap has-background\"><div id='bg_69e63ee9eb156' class='greyd-background bg_full'>\n\t\t\t\t\t\t\t\t<div class='bg_color'><\/div>\n\t\t\t\t\t\t\t\t\n\t\t\t\t\t\t\t\t\n\t\t\t\t\t\t\t\t\n\t\t\t\t\t\t\t<\/div>\n<div class=\"wp-block-columns row_xxl has-color-13-background-color has-background is-layout-flex wp-container-core-columns-is-layout-3fec90f0 wp-block-columns-is-layout-flex\" style=\"margin-top:var(--wp--preset--spacing--30);margin-bottom:var(--wp--preset--spacing--30)\">\n<div class=\"wp-block-column is-vertically-aligned-center hidden-xs hidden-sm col-12 col-sm-12 col-md-12 col-lg-12 is-layout-flow wp-block-column-is-layout-flow\" style=\"padding-top:var(--wp--preset--spacing--40);padding-right:var(--wp--preset--spacing--30);padding-bottom:var(--wp--preset--spacing--50);padding-left:var(--wp--preset--spacing--30)\">\n<div class=\"wp-block-group is-vertical is-layout-flex wp-container-core-group-is-layout-c2991436 wp-block-group-is-layout-flex\" style=\"padding-top:var(--wp--preset--spacing--40)\">\n<h1 class=\"wp-block-heading has-text-align-left dyn has-color-31-color has-text-color gs_0dysQS\" id=\"h-post-titel\"><span data-tag=\"title\" data-params=\"\" class=\"is-tag\">Post title<\/span><\/h1>\n\n\n\n<p class=\"has-text-align-left dyn has-color-31-color has-text-color has-link-color has-h-3-font-size wp-elements-510b831532061009615fc278568f962e gs_kDw5XP\" style=\"padding-top:0;padding-right:0;padding-bottom:0;padding-left:0\"><\/p>\n<\/div>\n<\/div>\n\n\n\n<div class=\"wp-block-column is-vertically-aligned-bottom hidden-md hidden-lg col-12 col-sm-12 col-md-8 col-lg-8 is-layout-flow wp-block-column-is-layout-flow\" style=\"padding-left:var(--wp--preset--spacing--30)\">\n<h1 class=\"wp-block-heading has-text-align-center dyn has-color-31-color has-text-color gs_Qz9dg4\" id=\"h-post-titel-0\"><span data-tag=\"title\" data-params=\"\" class=\"is-tag\">Post title<\/span><\/h1>\n<\/div>\n\n\n\n<div class=\"wp-block-column hidden-md hidden-lg col-12 col-sm-auto is-layout-flow wp-block-column-is-layout-flow\">\n<p class=\"has-text-align-center dyn has-color-31-color has-text-color has-link-color has-h-3-font-size wp-elements-579efe3fac9e4c8d942568fca955d3e9\" style=\"padding-top:0;padding-right:var(--wp--preset--spacing--20);padding-bottom:0rem;padding-left:var(--wp--preset--spacing--50)\"><\/p>\n<\/div>\n<\/div>\n<\/div>\n\n<div  class=\"spacer_wrap dyn\" aria-hidden=\"true\"><div class=\"wp-block-spacer inner-sm\" style=\"height:calc(2em * 0.4)\" aria-hidden=\"true\"><\/div><div class=\"wp-block-spacer inner-md\" style=\"height:calc(2em * 0.6)\" aria-hidden=\"true\"><\/div><div class=\"wp-block-spacer inner-lg\" style=\"height:calc(2em * 0.8)\" aria-hidden=\"true\"><\/div><div class=\"wp-block-spacer inner-xl\" style=\"height:2em\" aria-hidden=\"true\"><\/div><\/div><\/div>\n\n<div  class=\"row_wrap\">\n<div class=\"wp-block-columns row_xxl is-layout-flex wp-container-core-columns-is-layout-9d6595d7 wp-block-columns-is-layout-flex\">\n<div class=\"wp-block-column col-12 col-sm-12 col-md-8 col-lg-8 is-layout-flow wp-block-column-is-layout-flow\" style=\"flex-basis:66.66%;width:66.66%\">\n<h2 class=\"wp-block-heading\">I would like to become a guest student - what do I need to do?<\/h2>\n\n\n\n<p>Nordhausen University of Applied Sciences offers interested members of the public the opportunity to seek inspiration for extra- or part-time activities, not to let their own life experiences and knowledge lie fallow and to seek contact with teaching and research. With the guest student programme, you can continue your education in individual fields of knowledge without aiming for a formal degree.<\/p>\n\n\n\n<p>There are no age, degree or professional status restrictions. Anyone who wants to engage in challenging intellectual activity is very welcome.<\/p>\n\n\n\n<p>The choice of courses can be based on personal interests. Admission does not entitle students to take examinations. A certificate of attendance can be issued in consultation with the lecturers.<\/p>\n\n\n\n<p>Admission to the relevant courses takes place in consultation with the deans of studies within the framework of the available study options. Participation in courses as part of laboratory practicals is excluded.<\/p>\n\n\n\n<div class=\"wp-block-group\"><div class=\"wp-block-group__inner-container is-layout-constrained wp-block-group-is-layout-constrained\">\n<p>\u00a7 14 of the <a href=\"https:\/\/www.hs-nordhausen.de\/wp-content\/uploads\/sites\/8\/2023\/11\/abkm_2019_19_25-11-19.pdf\">Matriculation regulations<\/a> of Nordhausen University of Applied Sciences regulates guest students as follows:<\/p>\n\n\n\n<ul class=\"wp-block-greyd-list\" id=\"list_69e63ee9ecc8a\">\n<li style=\"margin-left: 0px; \"><span class=\"list_content\"><p><strong>\u00a7 14 Guest auditors<\/strong><\/p><\/span><\/li>\n\n\n\n<li style=\"margin-left: calc(0px + 1 * var(--indent)); \"><span class=\"list_content\"><p>(1) Interested parties may be admitted to attend individual courses of up to 8 semester hours per week per semester (guest auditor programme), provided that sufficient capacity is available. In the event of de-registration in accordance with \u00a7 7, admission to guest auditor studies is excluded for the duration of the period set by the regulatory committee in accordance with \u00a7 7 para. 5 sentence 1.<\/p><\/span><\/li>\n\n\n\n<li style=\"margin-left: calc(0px + 1 * var(--indent)); \"><span class=\"list_content\"><p>(2) The application for a guest auditor programme must be submitted using the application form provided by the university. Admission to a guest auditor programme is granted for one semester at a time. The fee for the guest auditor programme is based on the current version of the university's fee regulations.<\/p><\/span><\/li>\n\n\n\n<li style=\"margin-left: calc(0px + 1 * var(--indent)); \"><span class=\"list_content\"><p>(3) Guest students are not enrolled. They are members of the university during the semester in question. Guest students may receive a certificate for attending courses. Participation in examinations is excluded.<\/p><\/span><\/li>\n<\/ul>\n<\/div><\/div>\n\n\n\n<h3 class=\"wp-block-heading\">Fees:<\/h3>\n\n\n\n<p>\u00a7 6 of the\u00a0<strong><a href=\"https:\/\/www.hs-nordhausen.de\/wp-content\/uploads\/sites\/8\/2023\/08\/20_21_Gebuehren_Entgeldordnung_V02.pdf\" data-type=\"attachment\" data-id=\"4057\">Fee schedule<\/a>\u00a0<\/strong>of Nordhausen University of Applied Sciences regulates guest student fees as follows:<\/p>\n\n\n\n<ul class=\"wp-block-greyd-list\" id=\"list_69e63ee9ece60\">\n<li style=\"margin-left: 0px; \"><span class=\"list_content\"><p><strong>\u00a7 6 Guest auditor fee<\/strong><\/p><\/span><\/li>\n\n\n\n<li style=\"margin-left: calc(0px + 1 * var(--indent)); \"><span class=\"list_content\"><p>(1) Guest students are charged a fee of EUR 30.00 plus EUR 15.00 per weekly semester hour of the courses covered by the guest student programme. The maximum amount of this fee is 150.00 euros per semester. Guest students who receive social benefit or unemployment benefit II in accordance with the third chapter of the Second Book of the German Social Security Code will have the fee according to sentence 1 waived upon application.<\/p><\/span><\/li>\n\n\n\n<li style=\"margin-left: calc(0px + 1 * var(--indent)); \"><span class=\"list_content\"><p>(2) In the case of participation in material-intensive courses, the guest auditor must also pay the material costs.<\/p><\/span><\/li>\n\n\n\n<li style=\"margin-left: calc(0px + 1 * var(--indent)); \"><span class=\"list_content\"><p>(3) The fee is due at the beginning of the semester.<\/p><\/span><\/li>\n<\/ul>\n\n\n\n<p><strong>We would like to point out that there is no statutory accident insurance cover for participation in events as part of the guest student programme.<\/strong><\/p>\n\n\n\n<p>With the introduction of HISinOne, you have the option of registering online for guest lectures. This requires registration in our&nbsp;<a href=\"https:\/\/hisinone.hs-nordhausen.de\/\">Applicant portal (HISinOne)<\/a>&nbsp;required. Then select the guest student status as an application and name the desired courses.<\/p>\n\n\n\n<p>If you belong to the group of persons to whom \u00a7 6 para. 1 sentence 3 applies, please submit the relevant evidence with your application in the online portal.<\/p>\n\n\n\n<p>When you are admitted as a guest auditor, you will receive a notification of fees via your applicant account in HISinOne. Once you have paid the fee, you can collect your guest auditor card from the Service Point at Nordhausen University of Applied Sciences (Building 18 Room 18.0107) and attend courses in the semester you have applied for.<\/p>\n\n\n\n<p><strong>Lecture plans<\/strong> at the latest 2 weeks before the start of the semester at <a href=\"https:\/\/www.hs-nordhausen.de\/en\/timetables-2\/\">Timetables - Nordhausen University of Applied Sciences<\/a> published for download.<\/p>\n<\/div>\n\n\n\n<div class=\"wp-block-column col-12 col-sm-12 col-md-3 col-lg-3 offset-md-1 offset-lg-1 is-layout-flow wp-block-column-is-layout-flow\" style=\"flex-basis:33.33%;width:33.33%\">\n<h3 class=\"wp-block-heading\" id=\"h-kontakt\">Contact<\/h3>\n\n\n\n<div class=\"wp-block-query is-layout-flow wp-block-query-is-layout-flow\"><div id='post-results-69e63ee9ed01e'  class=\"greyd-posts-slider wp-block-post-template js\" data-currentpage=\"1\" data-query-id=\"2\" data-height=\"max\"><div class='query-pages-wrapper results_wrapper' data-ppp='3'><div class='query-page result_wrapper is-current' data-page='1'><article class='query-post wp-block-post post-7490 kontaktverzeichnis type-kontaktverzeichnis status-publish hentry kontaktverzeichnis_category-abteilung kontaktverzeichnis_bereich-ssz kontaktverzeichnis_sortierung-s cluster-_n-a kontakt-zuordnung-ssz-team search_result' data-post='7490'data-title='ssz  studienservicezentrum'data-date='2024-01-05 14:06:54'data-postviews='2406'data-index='1'>\n<div id=\"greyd-69e63ee9f3166\" class=\"wp-block-greyd-box aligncenter dyn gs_LvI53R greyd-content-box gs_LvI53R flex-justify-flex-start\">\n<div id=\"greyd-69e63ee9f24dc\" class=\"wp-block-greyd-box aligncenter dyn gs_nVZwZR greyd-content-box gs_nVZwZR flex-justify-flex-start\">\n<div class=\"wp-block-group is-horizontal is-content-justification-space-between is-nowrap is-layout-flex wp-container-core-group-is-layout-b493c794 wp-block-group-is-layout-flex gs_EAw9o9 group_wrap\"><figure style=\"padding-top:0;padding-bottom:0;padding-left:0;padding-right:0;\" class=\"wp-block-image greyd-image is-style-normal dyn wp-container-content-9cfa9a5a gs_lzP44q\"  data-anim-action=\"scale\" data-anim-event=\"parentHover\" data-anim-triggered=\"false\" data-anim-from=\"transform: scale(1);\" data-anim-to=\"transform: scale(1.7);\" data-anim-parent=\".dyn\"><img decoding=\"async\" width=\"400\" height=\"400\" src=\"https:\/\/www.hs-nordhausen.de\/wp-content\/uploads\/sites\/8\/2025\/08\/SSZ-Logo_rund_200px_transp-shadow.png\" class=\"wp-image-35063\" alt=\"Logo SSZ - Smart Versiert Effizient\" srcset=\"https:\/\/www.hs-nordhausen.de\/wp-content\/uploads\/sites\/8\/2025\/08\/SSZ-Logo_rund_200px_transp-shadow.png 400w, https:\/\/www.hs-nordhausen.de\/wp-content\/uploads\/sites\/8\/2025\/08\/SSZ-Logo_rund_200px_transp-shadow-300x300.png 300w, https:\/\/www.hs-nordhausen.de\/wp-content\/uploads\/sites\/8\/2025\/08\/SSZ-Logo_rund_200px_transp-shadow-150x150.png 150w, https:\/\/www.hs-nordhausen.de\/wp-content\/uploads\/sites\/8\/2025\/08\/SSZ-Logo_rund_200px_transp-shadow-12x12.png 12w, https:\/\/www.hs-nordhausen.de\/wp-content\/uploads\/sites\/8\/2025\/08\/SSZ-Logo_rund_200px_transp-shadow-24x24.png 24w\" sizes=\"(max-width: 400px) 100vw, 400px\" title=\"\"><\/figure><\/div>\n<\/div>\n\n\n\n<div class=\"wp-block-group is-nowrap is-layout-flex wp-container-core-group-is-layout-ad2f72ca wp-block-group-is-layout-flex\">\n<h3 class=\"wp-block-heading has-text-align-center is-style-rounded dyn has-color-21-color has-text-color has-link-color wp-elements-915b9da6cc7aca4a2f62866abe7e2a68 gs_ms6cea\" id=\"name\" style=\"font-style:normal;font-weight:600\"><span data-tag=\"titel\" data-params=\"\" class=\"is-tag\">Title (Prof.\/Dr.\/...)<\/span> <span data-tag=\"vorname\" data-params=\"\" class=\"is-tag\">First name<\/span> <span data-tag=\"nachname\" data-params=\"\" class=\"is-tag\">Surname<\/span><\/h3>\n<\/div>\n\n\n\n\n\n<hr id=\"greyd-69e63ee9f2af1\" style='  border-style: dotted !important; opacity: 100% !important; height: 1px !important;   ' class=\"wp-block-separator has-text-color has-color-22-color has-alpha-channel-opacity has-color-22-background-color has-background is-style-wide\"\/>\n\n\n\n<ul id=\"list_69e63ee9f2bf9\" class=\"wp-block-greyd-list\" style=\"padding-top:var(--wp--preset--spacing--50);padding-bottom:0\">\n<li><span class=\"list_icon icon_profile\" aria-hidden=\"true\"><\/span><span class=\"list_content\"><p><span class=\"is-button link\" data-type=\"dynamic\" data-params=\"{&quot;tag&quot;:&quot;post&quot;}\">Profile<\/span><\/p><\/span><\/li>\n\n\n\n<li><span class=\"list_icon icon_phone\" aria-hidden=\"true\"><\/span><span class=\"list_content\"><p><span data-tag=\"telefon\" data-params=\"\" class=\"is-tag\">Telephone<\/span><\/p><\/span><\/li>\n\n\n\n<li><span class=\"list_icon icon_search_alt\" aria-hidden=\"true\"><\/span><span class=\"list_content\"><p><span data-tag=\"fax\" data-params=\"\" class=\"is-tag\">fax<\/span><\/p><\/span><\/li>\n\n\n\n<li><span class=\"list_icon icon_mail\" aria-hidden=\"true\"><\/span><span class=\"list_content\"><p><span data-tag=\"e-mail\" data-params=\"\" class=\"is-tag\">e-mail<\/span><\/p><\/span><\/li>\n\n\n\n<li><span class=\"list_icon icon_house\" aria-hidden=\"true\"><\/span><span class=\"list_content\"><p><span data-tag=\"buero\" data-params=\"&quot;&quot;\" class=\"is-tag\">Office<\/span><\/p><\/span><\/li>\n<\/ul>\n<\/div>\n<\/article><article class='query-post wp-block-post post-9318 kontaktverzeichnis type-kontaktverzeichnis status-publish hentry kontaktverzeichnis_category-person kontaktverzeichnis_tag-ansprechperson kontaktverzeichnis_tag-zentrale-studienberatung kontaktverzeichnis_bereich-ssz kontaktverzeichnis_position-leiterin kontaktverzeichnis_sortierung-u cluster-_n-a kontakt-zuordnung-umann projekt-n-a studienbereich-n-a institut-oder-einric-n-a stg-zuordnung-n-a fachbereich-n-a search_result' data-post='9318'data-title='umann silke'data-date='2024-02-01 16:41:13'data-postviews='2540'data-index='2'>\n<div id=\"greyd-69e63eea000a2\" class=\"wp-block-greyd-box aligncenter dyn gs_LvI53R greyd-content-box gs_LvI53R flex-justify-flex-start\">\n<div id=\"greyd-69e63ee9f3d19\" class=\"wp-block-greyd-box aligncenter dyn gs_nVZwZR greyd-content-box gs_nVZwZR flex-justify-flex-start\">\n<div class=\"wp-block-group is-horizontal is-content-justification-space-between is-nowrap is-layout-flex wp-container-core-group-is-layout-b493c794 wp-block-group-is-layout-flex gs_EAw9o9 group_wrap\"><\/div>\n<\/div>\n\n\n\n<div class=\"wp-block-group is-nowrap is-layout-flex wp-container-core-group-is-layout-ad2f72ca wp-block-group-is-layout-flex\">\n<h3 class=\"wp-block-heading has-text-align-center is-style-rounded dyn has-color-21-color has-text-color has-link-color wp-elements-915b9da6cc7aca4a2f62866abe7e2a68 gs_ms6cea\" id=\"name\" style=\"font-style:normal;font-weight:600\"><span data-tag=\"titel\" data-params=\"\" class=\"is-tag\">Title (Prof.\/Dr.\/...)<\/span> <span data-tag=\"vorname\" data-params=\"\" class=\"is-tag\">First name<\/span> <span data-tag=\"nachname\" data-params=\"\" class=\"is-tag\">Surname<\/span><\/h3>\n<\/div>\n\n\n\n\n<p class=\"has-text-align-center dyn\"><span data-tag=\"taxonomy-kontaktverzeichnis_position\" data-params=\"\" class=\"is-tag\"><strong>Positions<\/strong><\/span><\/p>\n\n\n\n\n<hr id=\"greyd-69e63ee9f41ce\" style='  border-style: dotted !important; opacity: 100% !important; height: 1px !important;   ' class=\"wp-block-separator has-text-color has-color-22-color has-alpha-channel-opacity has-color-22-background-color has-background is-style-wide\"\/>\n\n\n\n<ul id=\"list_69e63eea0005a\" class=\"wp-block-greyd-list\" style=\"padding-top:var(--wp--preset--spacing--50);padding-bottom:0\">\n<li><span class=\"list_icon icon_profile\" aria-hidden=\"true\"><\/span><span class=\"list_content\"><p><span class=\"is-button link\" data-type=\"dynamic\" data-params=\"{&quot;tag&quot;:&quot;post&quot;}\">Profile<\/span><\/p><\/span><\/li>\n\n\n\n<li><span class=\"list_icon icon_phone\" aria-hidden=\"true\"><\/span><span class=\"list_content\"><p><span data-tag=\"telefon\" data-params=\"\" class=\"is-tag\">Telephone<\/span><\/p><\/span><\/li>\n\n\n\n<li><span class=\"list_icon icon_search_alt\" aria-hidden=\"true\"><\/span><span class=\"list_content\"><p><span data-tag=\"fax\" data-params=\"\" class=\"is-tag\">fax<\/span><\/p><\/span><\/li>\n\n\n\n<li><span class=\"list_icon icon_mail\" aria-hidden=\"true\"><\/span><span class=\"list_content\"><p><span data-tag=\"e-mail\" data-params=\"\" class=\"is-tag\">e-mail<\/span><\/p><\/span><\/li>\n\n\n\n<li><span class=\"list_icon icon_house\" aria-hidden=\"true\"><\/span><span class=\"list_content\"><p><span data-tag=\"buero\" data-params=\"&quot;&quot;\" class=\"is-tag\">Office<\/span><\/p><\/span><\/li>\n<\/ul>\n<\/div>\n<\/article><\/div><\/div><\/div><div class='loading_spinner_wrapper' style='display:none;'>\n\t\t\t<div class='loading_spinner'>\n\t\t\t\t<div><\/div> <div><\/div> <div><\/div> <div><\/div>\n\t\t\t<\/div>\n\t\t<\/div><\/div>\n<\/div>\n<\/div>\n<\/div>","protected":false},"excerpt":{"rendered":"<p>Ich m\u00f6chte Gasth\u00f6rer\/Gasth\u00f6rerin werden &#8211; Was ist zu tun? Interessierten B\u00fcrgerinnen und B\u00fcrgern&nbsp;bietet die Hochschule Nordhausen die M\u00f6glichkeit, Anregungen f\u00fcr au\u00dfer- oder nebenberufliche T\u00e4tigkeiten zu suchen, eigene Lebenserfahrungen und eigenes Wissen nicht brachliegen zu lassen und Kontakte zu Lehre und Forschung zu suchen. Mit dem Angebot der Gasth\u00f6rerschaft k\u00f6nnen Sie sich in einzelnen Wissensgebieten weiterbilden, [&hellip;]<\/p>\n","protected":false},"author":1,"featured_media":0,"parent":124,"menu_order":5,"comment_status":"closed","ping_status":"closed","template":"","meta":{"_piecal_is_recurring":false,"_piecal_recurring_interval":1,"_piecal_recurring_frequency":"","_piecal_recurring_exact_position":false,"_piecal_recurring_end":"","_piecal_color":"","_piecal_text_color":"","_piecal_global_color_master":false,"_piecal_is_event":false,"_piecal_start_date":"","_piecal_end_date":"","_piecal_is_allday":false,"greyd_block_editor_preview":[],"pgc_sgb_lightbox_settings":"","footnotes":""},"page_category":[],"page_tag":[],"page_redaktion":[3053],"zielgruppen":[],"kontakt-zuordnung":[],"institut-oder-einric":[],"stg-zuordnung":[],"fachbereich":[],"wf_page_folders":[50],"ppma_author":[1400,3055,3054,3056],"class_list":["post-1266","page","type-page","status-publish","hentry","page_redaktion-ssz"],"publishpress_future_action":{"enabled":false,"date":"2026-04-27 16:57:46","action":"change-status","newStatus":"draft","terms":[],"taxonomy":"page_category","extraData":[]},"publishpress_future_workflow_manual_trigger":{"enabledWorkflows":[]},"_links":{"self":[{"href":"https:\/\/www.hs-nordhausen.de\/en\/wp-json\/wp\/v2\/pages\/1266","targetHints":{"allow":["GET"]}}],"collection":[{"href":"https:\/\/www.hs-nordhausen.de\/en\/wp-json\/wp\/v2\/pages"}],"about":[{"href":"https:\/\/www.hs-nordhausen.de\/en\/wp-json\/wp\/v2\/types\/page"}],"author":[{"embeddable":true,"href":"https:\/\/www.hs-nordhausen.de\/en\/wp-json\/wp\/v2\/users\/1"}],"replies":[{"embeddable":true,"href":"https:\/\/www.hs-nordhausen.de\/en\/wp-json\/wp\/v2\/comments?post=1266"}],"version-history":[{"count":4,"href":"https:\/\/www.hs-nordhausen.de\/en\/wp-json\/wp\/v2\/pages\/1266\/revisions"}],"predecessor-version":[{"id":38299,"href":"https:\/\/www.hs-nordhausen.de\/en\/wp-json\/wp\/v2\/pages\/1266\/revisions\/38299"}],"up":[{"embeddable":true,"href":"https:\/\/www.hs-nordhausen.de\/en\/wp-json\/wp\/v2\/pages\/124"}],"wp:attachment":[{"href":"https:\/\/www.hs-nordhausen.de\/en\/wp-json\/wp\/v2\/media?parent=1266"}],"wp:term":[{"taxonomy":"page_category","embeddable":true,"href":"https:\/\/www.hs-nordhausen.de\/en\/wp-json\/wp\/v2\/page_category?post=1266"},{"taxonomy":"page_tag","embeddable":true,"href":"https:\/\/www.hs-nordhausen.de\/en\/wp-json\/wp\/v2\/page_tag?post=1266"},{"taxonomy":"page_redaktion","embeddable":true,"href":"https:\/\/www.hs-nordhausen.de\/en\/wp-json\/wp\/v2\/page_redaktion?post=1266"},{"taxonomy":"zielgruppen","embeddable":true,"href":"https:\/\/www.hs-nordhausen.de\/en\/wp-json\/wp\/v2\/zielgruppen?post=1266"},{"taxonomy":"kontakt-zuordnung","embeddable":true,"href":"https:\/\/www.hs-nordhausen.de\/en\/wp-json\/wp\/v2\/kontakt-zuordnung?post=1266"},{"taxonomy":"institut-oder-einric","embeddable":true,"href":"https:\/\/www.hs-nordhausen.de\/en\/wp-json\/wp\/v2\/institut-oder-einric?post=1266"},{"taxonomy":"stg-zuordnung","embeddable":true,"href":"https:\/\/www.hs-nordhausen.de\/en\/wp-json\/wp\/v2\/stg-zuordnung?post=1266"},{"taxonomy":"fachbereich","embeddable":true,"href":"https:\/\/www.hs-nordhausen.de\/en\/wp-json\/wp\/v2\/fachbereich?post=1266"},{"taxonomy":"wf_page_folders","embeddable":true,"href":"https:\/\/www.hs-nordhausen.de\/en\/wp-json\/wp\/v2\/wf_page_folders?post=1266"},{"taxonomy":"author","embeddable":true,"href":"https:\/\/www.hs-nordhausen.de\/en\/wp-json\/wp\/v2\/ppma_author?post=1266"}],"curies":[{"name":"wp","href":"https:\/\/api.w.org\/{rel}","templated":true}]}}