{"id":1274,"date":"2023-04-24T15:18:25","date_gmt":"2023-04-24T13:18:25","guid":{"rendered":"https:\/\/hsnordhausen.artemis.wpspace.me\/hsn\/bewerbung\/finanzielles\/bafoeg\/"},"modified":"2025-06-24T08:42:30","modified_gmt":"2025-06-24T06:42:30","slug":"bafoeg","status":"publish","type":"page","link":"https:\/\/www.hs-nordhausen.de\/en\/studienangebote\/bewerbung\/finanzielles\/bafoeg\/","title":{"rendered":"BAf\u00f6G"},"content":{"rendered":"<div  class=\"spacer_wrap \" aria-hidden=\"true\"><div class=\"wp-block-spacer inner-sm\" style=\"height:calc(2em * 0.4)\" aria-hidden=\"true\"><\/div><div class=\"wp-block-spacer inner-md\" style=\"height:calc(2em * 0.6)\" aria-hidden=\"true\"><\/div><div class=\"wp-block-spacer inner-lg\" style=\"height:calc(2em * 0.8)\" aria-hidden=\"true\"><\/div><div class=\"wp-block-spacer inner-xl\" style=\"height:2em\" aria-hidden=\"true\"><\/div><\/div>\n\n\n<nav aria-label=\"breadcrumbs\" class=\"rank-math-breadcrumb\"><p><span class=\"last\">Home<\/span><\/p><\/nav>\n\n\n<div  class=\"spacer_wrap dyn\" aria-hidden=\"true\"><div class=\"wp-block-spacer inner-sm\" style=\"height:calc(2em * 0.4)\" aria-hidden=\"true\"><\/div><div class=\"wp-block-spacer inner-md\" style=\"height:calc(2em * 0.6)\" aria-hidden=\"true\"><\/div><div class=\"wp-block-spacer inner-lg\" style=\"height:calc(2em * 0.8)\" aria-hidden=\"true\"><\/div><div class=\"wp-block-spacer inner-xl\" style=\"height:2em\" aria-hidden=\"true\"><\/div><\/div>\n\n\n<div class=\"wp-block-cover is-light has-custom-content-position is-position-bottom-left dyn\" style=\"padding-top:var(--wp--preset--spacing--30);padding-right:var(--wp--preset--spacing--50);padding-bottom:var(--wp--preset--spacing--30);padding-left:var(--wp--preset--spacing--50);min-height:50vh;aspect-ratio:unset;\"><span aria-hidden=\"true\" class=\"wp-block-cover__background has-background-dim-0 has-background-dim has-background-gradient\" style=\"background:linear-gradient(135deg,rgb(90,79,79) 0%,rgb(253,250,240) 100%)\"><\/span><img decoding=\"async\" width=\"1920\" height=\"1281\" src=\"https:\/\/www.hs-nordhausen.de\/wp-content\/uploads\/sites\/8\/2023\/11\/man-in-brown-sweater-sitting-infront-of-jpeg.webp\" class=\"wp-block-cover__image-background wp-post-image\" alt=\"Man in Brown Sweater sitting infront of Laptop\" data-object-fit=\"cover\" data-object-position=\"48% 26%\" style=\"object-position:48% 26%;\" srcset=\"https:\/\/www.hs-nordhausen.de\/wp-content\/uploads\/sites\/8\/2023\/11\/man-in-brown-sweater-sitting-infront-of-jpeg.webp 1920w, https:\/\/www.hs-nordhausen.de\/wp-content\/uploads\/sites\/8\/2023\/11\/man-in-brown-sweater-sitting-infront-of-300x200.webp 300w, https:\/\/www.hs-nordhausen.de\/wp-content\/uploads\/sites\/8\/2023\/11\/man-in-brown-sweater-sitting-infront-of-1024x683.webp 1024w, https:\/\/www.hs-nordhausen.de\/wp-content\/uploads\/sites\/8\/2023\/11\/man-in-brown-sweater-sitting-infront-of-768x512.webp 768w, https:\/\/www.hs-nordhausen.de\/wp-content\/uploads\/sites\/8\/2023\/11\/man-in-brown-sweater-sitting-infront-of-1536x1025.webp 1536w, https:\/\/www.hs-nordhausen.de\/wp-content\/uploads\/sites\/8\/2023\/11\/man-in-brown-sweater-sitting-infront-of-18x12.webp 18w, https:\/\/www.hs-nordhausen.de\/wp-content\/uploads\/sites\/8\/2023\/11\/man-in-brown-sweater-sitting-infront-of-24x16.webp 24w\" sizes=\"(max-width: 1920px) 100vw, 1920px\" title=\"\"><div class=\"wp-block-cover__inner-container is-layout-flow wp-block-cover-is-layout-flow\">\n<div class=\"wp-block-group aligncenter is-content-justification-center is-layout-flex wp-container-core-group-is-layout-d4dacd58 wp-block-group-is-layout-flex gs_4AXGr5 group_wrap\" style=\"padding-right:0;padding-left:0\">\n<h1 class=\"wp-block-heading has-text-align-center dyn has-color-21-color has-color-23-background-color has-text-color has-background has-link-color has-h-1-font-size wp-elements-fed7c87cc006c7400545eda6200ecdc6 gs_cnUkSB\" id=\"h-post-titel\" style=\"padding-top:var(--wp--preset--spacing--30);padding-right:var(--wp--preset--spacing--50);padding-bottom:var(--wp--preset--spacing--30);padding-left:var(--wp--preset--spacing--50)\"><span data-tag=\"title\" data-params=\"&quot;&quot;\" class=\"is-tag\">Post Titel<\/span><\/h1>\n<\/div>\n<\/div><\/div>\n\n\n<div  class=\"spacer_wrap dyn\" aria-hidden=\"true\"><div class=\"wp-block-spacer inner-sm\" style=\"height:calc(2em * 0.2)\" aria-hidden=\"true\"><\/div><div class=\"wp-block-spacer inner-md\" style=\"height:calc(2em * 0.6)\" aria-hidden=\"true\"><\/div><div class=\"wp-block-spacer inner-lg\" style=\"height:calc(2em * 0.8)\" aria-hidden=\"true\"><\/div><div class=\"wp-block-spacer inner-xl\" style=\"height:2em\" aria-hidden=\"true\"><\/div><\/div>\n\n<div  class=\"row_wrap\">\n<div class=\"wp-block-columns row_xxl is-layout-flex wp-container-core-columns-is-layout-9d6595d7 wp-block-columns-is-layout-flex\">\n<div class=\"wp-block-column col-12 col-sm-12 col-md-8 col-lg-8 is-layout-flow wp-block-column-is-layout-flow\" style=\"flex-basis:66.66%;width:66.66%\">\n<h2 class=\"wp-block-heading\" id=\"h-wie-konnen-sie-ihr-studium-finanzieren\">Wie k\u00f6nnen Sie Ihr Studium finanzieren?<\/h2>\n\n\n\n<p>Die Finanzierungsm\u00f6glichkeiten f\u00fcr ein Studium sind im Prinzip so vielseitig, wie es&nbsp;Ihre eigene Kreativit\u00e4t zul\u00e4sst. Wir m\u00f6chten&nbsp;Sie an dieser Stelle insbesondere auf zwei staatliche F\u00f6rderungsprogramme aufmerksam machen.<\/p>\n\n\n\n<h3 class=\"wp-block-heading\" id=\"h-bafog\">BAf\u00f6G<\/h3>\n\n\n\n<p>Das Bundesausbildungsf\u00f6rderungsgesetz (BAf\u00f6G) sichert grunds\u00e4tzlich den barrierefreien Zugang zu einer Ausbildung&nbsp;Ihrer Wahl. Barrierefrei bedeutet, dass dieser Zugang unabh\u00e4ngig davon, ob die eigene finanzielle Situation die Ausbildung zul\u00e4sst oder nicht, erm\u00f6glicht wird. Das BAf\u00f6G schafft einen finanziellen Ausgleich und sorgt somit f\u00fcr Chancengleichheit am Bildungsmarkt. Nat\u00fcrlich wirft die Beantragung von BAf\u00f6G sehr viele Fragen auf. Grunds\u00e4tzlich empfehlen wir Ihnen,&nbsp;Ihren Antrag vollst\u00e4ndig und rechtzeitig einzureichen, um Verz\u00f6gerungen bei der Bewilligung zu vermeiden.<\/p>\n\n\n\n<p>Detaillierte Informationen und Hilfestellung rund um das Thema BAf\u00f6G finden Sie unter&nbsp;<a href=\"http:\/\/www.das-neue-bafoeg.de\/\" target=\"_blank\" rel=\"noreferrer noopener nofollow\">www.das-neue-bafoeg.de<\/a>&nbsp;oder beim&nbsp;<a href=\"https:\/\/www.stw-thueringen.de\/deutsch\/finanzen\/bafoeg\/index.html\" target=\"_blank\" rel=\"noreferrer noopener nofollow\">Studierendenwerk Th\u00fcringen<\/a>.<\/p>\n\n\n\n<h3 class=\"wp-block-heading\" id=\"h-bildungskredit\">Bildungskredit<\/h3>\n\n\n\n<p>Das Bildungskreditprogramm steht neben dem BAf\u00f6G als weitere M\u00f6glichkeit der Ausbildungsfinanzierung zur Verf\u00fcgung. Hierbei handelt es sich um einen zinsg\u00fcnstigen Kredit, der einer zeitlichen Befristung unterliegt. Der Bildungskredit wird insbesondere f\u00fcr fortgeschrittene Ausbildungsphasen angeboten und kann als erg\u00e4nzendes Instrument zum Bundesausbildungsf\u00f6rderungsgesetz gesehen werden. Weitere Informationen&nbsp;finden Sie&nbsp;ebenfalls unter&nbsp;<a href=\"http:\/\/www.das-neue-bafoeg.de\/\" target=\"_blank\" rel=\"noreferrer noopener nofollow\">www.das-neue-bafoeg.de<\/a>&nbsp;im Internet.<\/p>\n\n\n\n<h3 class=\"wp-block-heading\" id=\"h-jobs-fur-studierende\">Jobs f\u00fcr Studierende<\/h3>\n\n\n\n<p>Nat\u00fcrlich besteht auch die M\u00f6glichkeit, sich in der vorlesungsfreien Zeit und in den Semesterferien etwas Geld dazu zu verdienen. Der Bedarf an studentischen Aushilfskr\u00e4ften ist in der ans\u00e4ssigen Gastronomie und Wirtschaft durchaus vorhanden. Achten Sie&nbsp;diesbez\u00fcglich auf Ausschreibungen an der Hochschule Nordhausen und in der Tageszeitung oder fragen Sie &nbsp;bei&nbsp;Ihrem n\u00e4chsten Lokalbesuch ganz einfach direkt nach.<\/p>\n<\/div>\n\n\n\n<div class=\"wp-block-column col-12 col-sm-12 col-md-3 col-lg-3 offset-md-1 offset-lg-1 is-layout-flow wp-block-column-is-layout-flow\" style=\"flex-basis:33.33%;width:33.33%\">\n<div id=\"greyd-6a010b1d6c992\" class=\"wp-block-greyd-box gs_5MGat8 greyd-content-box gs_5MGat8  is-position-sticky\">\n<div id=\"page-list-box\" class=\"wp-block-greyd-box hidden-lg hidden-md hidden-sm hidden-xs gs_gsuUAh greyd-content-box gs_gsuUAh\">\n<h3 class=\"wp-block-heading\">Weitere Informationen<\/h3>\n\n\n<div class=\"wp-block-template-part\">\n<p>[subpages depth=&#8220;1&#8243; sort_order=&#8220;desc&#8220;  sort_order=&#8220;desc&#8220;]<\/p>\n<\/div>\n\n\n<hr class=\"wp-block-separator has-text-color has-color-22-color has-alpha-channel-opacity has-color-22-background-color has-background is-style-wide\"\/>\n\n\n<div class=\"wp-block-template-part\">\n<p>[siblings depth=&#8220;1&#8243; exclude=&#8220;current&#8220;]<\/p>\n<\/div><\/div>\n<\/div>\n<\/div>\n<\/div>\n<\/div>","protected":false},"excerpt":{"rendered":"<p>Wie k\u00f6nnen Sie Ihr Studium finanzieren? Die Finanzierungsm\u00f6glichkeiten f\u00fcr ein Studium sind im Prinzip so vielseitig, wie es&nbsp;Ihre eigene Kreativit\u00e4t zul\u00e4sst. Wir m\u00f6chten&nbsp;Sie an dieser Stelle insbesondere auf zwei staatliche F\u00f6rderungsprogramme aufmerksam machen. BAf\u00f6G Das Bundesausbildungsf\u00f6rderungsgesetz (BAf\u00f6G) sichert grunds\u00e4tzlich den barrierefreien Zugang zu einer Ausbildung&nbsp;Ihrer Wahl. Barrierefrei bedeutet, dass dieser Zugang unabh\u00e4ngig davon, ob die [&hellip;]<\/p>\n","protected":false},"author":1,"featured_media":5537,"parent":1265,"menu_order":1,"comment_status":"closed","ping_status":"closed","template":"","meta":{"_piecal_is_recurring":false,"_piecal_recurring_interval":1,"_piecal_recurring_frequency":"","_piecal_recurring_exact_position":false,"_piecal_recurring_end":"","_piecal_color":"","_piecal_text_color":"","_piecal_global_color_master":false,"_piecal_rsets":"[]","_piecal_is_event":false,"_piecal_start_date":"","_piecal_end_date":"","_piecal_is_allday":false,"greyd_block_editor_preview":[],"pgc_sgb_lightbox_settings":"","footnotes":""},"page_category":[],"page_tag":[],"page_redaktion":[3053],"zielgruppen":[],"kontakt-zuordnung":[],"institut-oder-einric":[],"stg-zuordnung":[],"fachbereich":[],"wf_page_folders":[50],"ppma_author":[1400],"class_list":["post-1274","page","type-page","status-publish","has-post-thumbnail","hentry","page_redaktion-ssz"],"publishpress_future_action":{"enabled":false,"date":"2026-05-18 00:47:57","action":"change-status","newStatus":"draft","terms":[],"taxonomy":"page_category","extraData":[]},"publishpress_future_workflow_manual_trigger":{"enabledWorkflows":[]},"_links":{"self":[{"href":"https:\/\/www.hs-nordhausen.de\/en\/wp-json\/wp\/v2\/pages\/1274","targetHints":{"allow":["GET"]}}],"collection":[{"href":"https:\/\/www.hs-nordhausen.de\/en\/wp-json\/wp\/v2\/pages"}],"about":[{"href":"https:\/\/www.hs-nordhausen.de\/en\/wp-json\/wp\/v2\/types\/page"}],"author":[{"embeddable":true,"href":"https:\/\/www.hs-nordhausen.de\/en\/wp-json\/wp\/v2\/users\/1"}],"replies":[{"embeddable":true,"href":"https:\/\/www.hs-nordhausen.de\/en\/wp-json\/wp\/v2\/comments?post=1274"}],"version-history":[{"count":1,"href":"https:\/\/www.hs-nordhausen.de\/en\/wp-json\/wp\/v2\/pages\/1274\/revisions"}],"predecessor-version":[{"id":33365,"href":"https:\/\/www.hs-nordhausen.de\/en\/wp-json\/wp\/v2\/pages\/1274\/revisions\/33365"}],"up":[{"embeddable":true,"href":"https:\/\/www.hs-nordhausen.de\/en\/wp-json\/wp\/v2\/pages\/1265"}],"wp:featuredmedia":[{"embeddable":true,"href":"https:\/\/www.hs-nordhausen.de\/en\/wp-json\/wp\/v2\/media\/5537"}],"wp:attachment":[{"href":"https:\/\/www.hs-nordhausen.de\/en\/wp-json\/wp\/v2\/media?parent=1274"}],"wp:term":[{"taxonomy":"page_category","embeddable":true,"href":"https:\/\/www.hs-nordhausen.de\/en\/wp-json\/wp\/v2\/page_category?post=1274"},{"taxonomy":"page_tag","embeddable":true,"href":"https:\/\/www.hs-nordhausen.de\/en\/wp-json\/wp\/v2\/page_tag?post=1274"},{"taxonomy":"page_redaktion","embeddable":true,"href":"https:\/\/www.hs-nordhausen.de\/en\/wp-json\/wp\/v2\/page_redaktion?post=1274"},{"taxonomy":"zielgruppen","embeddable":true,"href":"https:\/\/www.hs-nordhausen.de\/en\/wp-json\/wp\/v2\/zielgruppen?post=1274"},{"taxonomy":"kontakt-zuordnung","embeddable":true,"href":"https:\/\/www.hs-nordhausen.de\/en\/wp-json\/wp\/v2\/kontakt-zuordnung?post=1274"},{"taxonomy":"institut-oder-einric","embeddable":true,"href":"https:\/\/www.hs-nordhausen.de\/en\/wp-json\/wp\/v2\/institut-oder-einric?post=1274"},{"taxonomy":"stg-zuordnung","embeddable":true,"href":"https:\/\/www.hs-nordhausen.de\/en\/wp-json\/wp\/v2\/stg-zuordnung?post=1274"},{"taxonomy":"fachbereich","embeddable":true,"href":"https:\/\/www.hs-nordhausen.de\/en\/wp-json\/wp\/v2\/fachbereich?post=1274"},{"taxonomy":"wf_page_folders","embeddable":true,"href":"https:\/\/www.hs-nordhausen.de\/en\/wp-json\/wp\/v2\/wf_page_folders?post=1274"},{"taxonomy":"author","embeddable":true,"href":"https:\/\/www.hs-nordhausen.de\/en\/wp-json\/wp\/v2\/ppma_author?post=1274"}],"curies":[{"name":"wp","href":"https:\/\/api.w.org\/{rel}","templated":true}]}}