{"id":1276,"date":"2023-04-24T15:18:25","date_gmt":"2023-04-24T13:18:25","guid":{"rendered":"https:\/\/hsnordhausen.artemis.wpspace.me\/hsn\/bewerbung\/finanzielles\/deutschlandstipendium\/"},"modified":"2026-01-08T11:46:59","modified_gmt":"2026-01-08T10:46:59","slug":"germany-scholarship","status":"publish","type":"page","link":"https:\/\/www.hs-nordhausen.de\/en\/studienangebote\/bewerbung\/finanzielles\/deutschlandstipendium\/","title":{"rendered":"Germany Scholarship"},"content":{"rendered":"<div  class=\"dynamic row_xxl\"><div  class=\"spacer_wrap dyn\" aria-hidden=\"true\"><div class=\"wp-block-spacer inner-sm inner-md inner-lg\" style=\"height:calc(2em * 0.8)\" aria-hidden=\"true\"><\/div><div class=\"wp-block-spacer inner-xl\" style=\"height:2em\" aria-hidden=\"true\"><\/div><\/div>\n\n\n<nav aria-label=\"breadcrumbs\" class=\"rank-math-breadcrumb\"><p><span class=\"last\">Home<\/span><\/p><\/nav>\n\n\n<div  class=\"gs_pj9ffA row_wrap has-background\"><div id='bg_69e61be13bb4f' class='greyd-background bg_full'>\n\t\t\t\t\t\t\t\t<div class='bg_color'><\/div>\n\t\t\t\t\t\t\t\t\n\t\t\t\t\t\t\t\t\n\t\t\t\t\t\t\t\t\n\t\t\t\t\t\t\t<\/div>\n<div class=\"wp-block-columns row_xxl has-color-13-background-color has-background is-layout-flex wp-container-core-columns-is-layout-3fec90f0 wp-block-columns-is-layout-flex\" style=\"margin-top:var(--wp--preset--spacing--30);margin-bottom:var(--wp--preset--spacing--30)\">\n<div class=\"wp-block-column is-vertically-aligned-center hidden-xs hidden-sm col-12 col-sm-12 col-md-12 col-lg-12 is-layout-flow wp-block-column-is-layout-flow\" style=\"padding-top:var(--wp--preset--spacing--40);padding-right:var(--wp--preset--spacing--30);padding-bottom:var(--wp--preset--spacing--50);padding-left:var(--wp--preset--spacing--30)\">\n<div class=\"wp-block-group is-vertical is-layout-flex wp-container-core-group-is-layout-c2991436 wp-block-group-is-layout-flex\" style=\"padding-top:var(--wp--preset--spacing--40)\">\n<h1 class=\"wp-block-heading has-text-align-left dyn has-color-31-color has-text-color gs_0dysQS\" id=\"h-post-titel\"><span data-tag=\"title\" data-params=\"\" class=\"is-tag\">Post title<\/span><\/h1>\n\n\n<\/div>\n<\/div>\n\n\n\n<div class=\"wp-block-column is-vertically-aligned-bottom hidden-md hidden-lg col-12 col-sm-12 col-md-8 col-lg-8 is-layout-flow wp-block-column-is-layout-flow\" style=\"padding-left:var(--wp--preset--spacing--30)\">\n<h1 class=\"wp-block-heading has-text-align-center dyn has-color-31-color has-text-color gs_Qz9dg4\" id=\"h-post-titel-0\"><span data-tag=\"title\" data-params=\"\" class=\"is-tag\">Post title<\/span><\/h1>\n<\/div>\n\n\n\n<div class=\"wp-block-column hidden-md hidden-lg col-12 col-sm-auto is-layout-flow wp-block-column-is-layout-flow\"><\/div>\n<\/div>\n<\/div>\n\n<div  class=\"spacer_wrap dyn\" aria-hidden=\"true\"><div class=\"wp-block-spacer inner-sm\" style=\"height:calc(2em * 0.4)\" aria-hidden=\"true\"><\/div><div class=\"wp-block-spacer inner-md\" style=\"height:calc(2em * 0.6)\" aria-hidden=\"true\"><\/div><div class=\"wp-block-spacer inner-lg\" style=\"height:calc(2em * 0.8)\" aria-hidden=\"true\"><\/div><div class=\"wp-block-spacer inner-xl\" style=\"height:2em\" aria-hidden=\"true\"><\/div><\/div><\/div>\n\n<div  class=\"row_wrap\">\n<div class=\"wp-block-columns row_xxl is-layout-flex wp-container-core-columns-is-layout-9d6595d7 wp-block-columns-is-layout-flex\">\n<div class=\"wp-block-column col-12 col-sm-12 col-md-8 col-lg-8 is-layout-flow wp-block-column-is-layout-flow\" style=\"flex-basis:44.45%;width:44.45%\">\n<p>The Deutschlandstipendium is a financial support programme for students who are particularly talented, socially committed or worthy of support for other reasons. This scholarship is awarded at all universities for up to 1.5 % of all <strong>enrolled students<\/strong> awarded. Every student and applicant can apply. The university's own selection committee then decides who will receive a grant of 300 euros per month for up to 12 months. The sum is made up of 150 euros from private sponsors and a further 150 euros from the federal government.<\/p>\n\n\n\n<h3 class=\"wp-block-heading\" id=\"h-informationen-zum-deutschlandstipendium\">Information on the Deutschlandstipendium<\/h3>\n\n\n\n<p><a href=\"https:\/\/www.deutschlandstipendium.de\/deutschlandstipendium\/de\/home\/home_node.html\" target=\"_blank\" rel=\"noreferrer noopener nofollow\">Homepage - BMBF Deutschlandstipendium<\/a><\/p>\n\n\n\n<h2 class=\"wp-block-heading\" id=\"h-ausschreibung\">Invitation to tender<\/h2>\n\n\n\n\n\n<div id=\"Infobox-EN\" class=\"wp-block-greyd-box dyn gs_iwVaD4 greyd-content-box gs_iwVaD4\"><div  class=\"row_wrap\">\n<div class=\"wp-block-columns row_xxl is-layout-flex wp-container-core-columns-is-layout-9d6595d7 wp-block-columns-is-layout-flex\">\n<div class=\"wp-block-column col-auto col-lg-1 is-layout-flow wp-block-column-is-layout-flow\" style=\"padding-top:0;padding-right:0;padding-bottom:0;padding-left:0;flex-basis:50%\">\n<div class=\"wp-block-group is-vertical is-content-justification-center is-layout-flex wp-container-core-group-is-layout-fcf12f71 wp-block-group-is-layout-flex\" style=\"padding-top:var(--wp--preset--spacing--20);padding-right:var(--wp--preset--spacing--20);padding-bottom:var(--wp--preset--spacing--20);padding-left:var(--wp--preset--spacing--20)\">\n<div class=\"wp-block-outermost-icon-block\"><div class=\"icon-container\" style=\"width:48px;transform:rotate(0deg) scaleX(1) scaleY(1)\"><svg xmlns=\"http:\/\/www.w3.org\/2000\/svg\" viewbox=\"0 0 24 24\" aria-hidden=\"true\"><path d=\"M18 11.3l-1-1.1-4 4V3h-1.5v11.3L7 10.2l-1 1.1 6.2 5.8 5.8-5.8zm.5 3.7v3.5h-13V15H4v5h16v-5h-1.5z\"><\/path><\/svg><\/div><\/div>\n<\/div>\n<\/div>\n\n\n\n<div class=\"wp-block-column col-12 col-lg-11 offset-lg-0 is-layout-flow wp-block-column-is-layout-flow\" style=\"padding-right:0;padding-left:0;flex-basis:50%\">\n<h3 class=\"wp-block-heading dyn has-color-23-background-color has-background wp-container-content-6485342f\" id=\"h-download\" style=\"padding-top:0;padding-right:var(--wp--preset--spacing--20);padding-bottom:0;padding-left:var(--wp--preset--spacing--20)\">download<\/h3>\n\n\n<div class=\"wp-block-downloadlist-list\"><ul class=\"downloadlist-list wp-block-downloadlist-list iconset-dashicons\">\n<li class=\"attachment-14030 file_application file_pdf\"><a href=\"https:\/\/www.hs-nordhausen.de\/wp-content\/uploads\/sites\/8\/2024\/06\/Teilnahmeerklaerung_D-Stip_.pdf\" rel=\"nofollow\">Declaration of participation D-Stip<\/a> (96 KB)<\/li>\n<li class=\"attachment-14028 file_application file_pdf\"><a href=\"https:\/\/www.hs-nordhausen.de\/wp-content\/uploads\/sites\/8\/2024\/06\/Datenschutzhinweise_.pdf\" rel=\"nofollow\">Data protection information<\/a> (91 KB)<\/li>\n<\/ul><\/div>\n<\/div>\n<\/div>\n<\/div><\/div>\n\n\n<div  class=\"spacer_wrap\" aria-hidden=\"true\"><div class=\"wp-block-spacer inner-sm\" style=\"height:calc(100px * 0.4)\" aria-hidden=\"true\"><\/div><div class=\"wp-block-spacer inner-md\" style=\"height:calc(100px * 0.6)\" aria-hidden=\"true\"><\/div><div class=\"wp-block-spacer inner-lg\" style=\"height:calc(100px * 0.8)\" aria-hidden=\"true\"><\/div><div class=\"wp-block-spacer inner-xl\" style=\"height:100px\" aria-hidden=\"true\"><\/div><\/div>\n\n\n<div id=\"unternehmen-info-d-stip\" class=\"wp-block-greyd-box dyn gs_bRJ0cW greyd-content-box gs_bRJ0cW\"><div  class=\"row_wrap has-background\"><div id='bg_69e61be141315' class='greyd-background bg_full'>\n\t\t\t\t\t\t\t\t<div class='bg_color'><\/div>\n\t\t\t\t\t\t\t\t\n\t\t\t\t\t\t\t\t\n\t\t\t\t\t\t\t\t\n\t\t\t\t\t\t\t<\/div>\n<div class=\"wp-block-columns row_xxl has-color-23-background-color has-background is-layout-flex wp-container-core-columns-is-layout-9d6595d7 wp-block-columns-is-layout-flex\">\n<div class=\"wp-block-column col-auto col-lg-1 is-layout-flow wp-block-column-is-layout-flow\" style=\"padding-top:var(--wp--preset--spacing--40);padding-right:var(--wp--preset--spacing--40);padding-bottom:var(--wp--preset--spacing--40);padding-left:var(--wp--preset--spacing--40);flex-basis:50%\">\n<div class=\"wp-block-group is-vertical is-content-justification-center is-nowrap is-layout-flex wp-container-core-group-is-layout-73832be3 wp-block-group-is-layout-flex\">\n<div class=\"wp-block-outermost-icon-block\"><div class=\"icon-container\" style=\"width:48px;transform:rotate(0deg) scaleX(1) scaleY(1)\"><svg xmlns=\"http:\/\/www.w3.org\/2000\/svg\" viewbox=\"0 0 24 24\" aria-hidden=\"true\"><path d=\"M12 3.2c-4.8 0-8.8 3.9-8.8 8.8 0 4.8 3.9 8.8 8.8 8.8 4.8 0 8.8-3.9 8.8-8.8 0-4.8-4-8.8-8.8-8.8zm0 16c-4 0-7.2-3.3-7.2-7.2C4.8 8 8 4.8 12 4.8s7.2 3.3 7.2 7.2c0 4-3.2 7.2-7.2 7.2zM11 17h2v-6h-2v6zm0-8h2V7h-2v2z\"><\/path><\/svg><\/div><\/div>\n<\/div>\n<\/div>\n\n\n\n<div class=\"wp-block-column col-12 col-lg-11 offset-lg-0 is-layout-flow wp-block-column-is-layout-flow\" style=\"flex-basis:50%;width:50%\">\n<h3 class=\"wp-block-heading dyn wp-container-content-6485342f\" id=\"h-wie-unternehmen-forderer-werden-konnen\">How companies can become sponsors<\/h3>\n\n\n\n<p class=\"dyn\" style=\"padding-top:var(--wp--preset--spacing--30);padding-bottom:var(--wp--preset--spacing--30)\">Nordhausen University of Applied Sciences participates in the national programme <strong>GERMANY SCHOLARSHIP<\/strong> and is looking for companies that would like to support the programme as sponsors. Students who perform particularly well and are socially committed are selected for a scholarship.<\/p>\n\n\n\n<p class=\"dyn\" style=\"padding-top:var(--wp--preset--spacing--30);padding-bottom:var(--wp--preset--spacing--30)\">Sponsors can specify the subject area from which a scholarship holder should be selected. Of the \u20ac300 paid out to students, \u20ac150 comes from private sponsors and \u20ac150 from the federal government. A sponsor commits for one year, i.e. they give \u20ac1,800 to the university. A specially appointed selection committee chooses the applicants who are best qualified to receive the funding.<\/p>\n\n\n\n<p class=\"dyn\">If you are interested in getting involved at Nordhausen University of Applied Sciences and supporting the federal programme, please contact <span class=\"is-button link\" data-type=\"email\" data-params=\"{&quot;address&quot;:&quot;career@hs-nordhausen.de&quot;,&quot;subject&quot;:&quot;Deutschlandstipendium - F\u00f6rderer werden&quot;}\">career@hs-nordhausen.de<\/span>.<\/p>\n\n\n\n<ul class=\"wp-block-greyd-list\" id=\"list_69e61be14120e\">\n\n\n\n\n\n\n\n<\/ul>\n<\/div>\n<\/div>\n<\/div><\/div>\n\n\n<div  class=\"spacer_wrap\" aria-hidden=\"true\"><div class=\"wp-block-spacer inner-sm\" style=\"height:calc(100px * 0.4)\" aria-hidden=\"true\"><\/div><div class=\"wp-block-spacer inner-md\" style=\"height:calc(100px * 0.6)\" aria-hidden=\"true\"><\/div><div class=\"wp-block-spacer inner-lg\" style=\"height:calc(100px * 0.8)\" aria-hidden=\"true\"><\/div><div class=\"wp-block-spacer inner-xl\" style=\"height:100px\" aria-hidden=\"true\"><\/div><\/div>\n\n\n<div id=\"greyd-69e61be143caa\" class=\"wp-block-greyd-box dyn gs_ETQvyS greyd-content-box gs_ETQvyS\"><div  class=\"row_wrap\">\n<div class=\"wp-block-columns row_xxl is-layout-flex wp-container-core-columns-is-layout-9d6595d7 wp-block-columns-is-layout-flex\">\n<div class=\"wp-block-column col-auto col-lg-1 is-layout-flow wp-block-column-is-layout-flow\" style=\"padding-top:0;padding-right:0;padding-bottom:0;padding-left:0;flex-basis:50%\">\n<div class=\"wp-block-group is-vertical is-content-justification-center is-layout-flex wp-container-core-group-is-layout-f1815a3d wp-block-group-is-layout-flex\" style=\"padding-top:0;padding-right:var(--wp--preset--spacing--20);padding-bottom:0;padding-left:var(--wp--preset--spacing--20)\">\n<div class=\"wp-block-outermost-icon-block\"><div class=\"icon-container\" style=\"width:48px;transform:rotate(0deg) scaleX(1) scaleY(1)\"><svg xmlns=\"http:\/\/www.w3.org\/2000\/svg\" viewbox=\"0 0 24 24\" aria-hidden=\"true\"><path d=\"M12 3.2c-4.8 0-8.8 3.9-8.8 8.8 0 4.8 3.9 8.8 8.8 8.8 4.8 0 8.8-3.9 8.8-8.8 0-4.8-4-8.8-8.8-8.8zm0 16c-4 0-7.2-3.3-7.2-7.2C4.8 8 8 4.8 12 4.8s7.2 3.3 7.2 7.2c0 4-3.2 7.2-7.2 7.2zM11 17h2v-6h-2v6zm0-8h2V7h-2v2z\"><\/path><\/svg><\/div><\/div>\n<\/div>\n<\/div>\n\n\n\n<div class=\"wp-block-column col-12 col-lg-11 offset-lg-0 is-layout-flow wp-block-column-is-layout-flow\" style=\"padding-right:0;padding-left:0;flex-basis:50%\">\n<h3 class=\"wp-block-heading dyn has-color-23-background-color has-background wp-container-content-6485342f\" id=\"h-weiterfuhrende-informationen\" style=\"padding-top:0;padding-right:var(--wp--preset--spacing--20);padding-bottom:0;padding-left:var(--wp--preset--spacing--20)\">Further information<\/h3>\n\n\n<div class=\"wp-block-downloadlist-list\"><ul class=\"downloadlist-list wp-block-downloadlist-list iconset-dashicons\">\n<li class=\"attachment-14029 file_application file_pdf\"><a href=\"https:\/\/www.hs-nordhausen.de\/wp-content\/uploads\/sites\/8\/2024\/06\/Stipendiengesetz.pdf\" rel=\"nofollow\">Scholarship Act<\/a> (39 KB)<\/li>\n<li class=\"attachment-14026 file_application file_pdf\"><a href=\"https:\/\/www.hs-nordhausen.de\/wp-content\/uploads\/sites\/8\/2024\/06\/Flyer_Deutschlandstipendium.pdf\" rel=\"nofollow\">Flyer_ Deutschlandstipendium<\/a> (530 KB)<\/li>\n<li class=\"attachment-5900 file_application file_pdf\"><a href=\"https:\/\/www.hs-nordhausen.de\/wp-content\/uploads\/sites\/8\/2023\/11\/abkm_2012_02_30-01-12.pdf\" rel=\"nofollow\">Statutes of the Deutschlandstipendium<\/a> (490 KB)<br>Statutes of the Deutschlandstipendium (PDF, published in the official announcements of the FHN, issue 2\/2012)<\/li>\n<\/ul><\/div>\n<\/div>\n<\/div>\n<\/div><\/div>\n\n\n<div  class=\"spacer_wrap\" aria-hidden=\"true\"><div class=\"wp-block-spacer inner-sm\" style=\"height:calc(2em * 0.4)\" aria-hidden=\"true\"><\/div><div class=\"wp-block-spacer inner-md\" style=\"height:calc(2em * 0.6)\" aria-hidden=\"true\"><\/div><div class=\"wp-block-spacer inner-lg\" style=\"height:calc(2em * 0.8)\" aria-hidden=\"true\"><\/div><div class=\"wp-block-spacer inner-xl\" style=\"height:2em\" aria-hidden=\"true\"><\/div><\/div><\/div>\n\n\n\n<div class=\"wp-block-column col-12 col-sm-12 col-md-3 col-lg-3 offset-md-1 offset-lg-1 is-layout-flow wp-block-column-is-layout-flow\" style=\"flex-basis:22.22%;width:22.22%\"><figure style=\"\" class=\"wp-block-image greyd-image   gs_5Bi17O\"><img decoding=\"async\" width=\"260\" height=\"110\" src=\"https:\/\/www.hs-nordhausen.de\/wp-content\/uploads\/sites\/8\/2024\/02\/logo-deutschlandstipendium.jpg\" class=\"wp-image-9708\" alt=\"Logo Germany STIPENDIUM\" srcset=\"https:\/\/www.hs-nordhausen.de\/wp-content\/uploads\/sites\/8\/2024\/02\/logo-deutschlandstipendium.jpg 260w, https:\/\/www.hs-nordhausen.de\/wp-content\/uploads\/sites\/8\/2024\/02\/logo-deutschlandstipendium-150x63.jpg 150w, https:\/\/www.hs-nordhausen.de\/wp-content\/uploads\/sites\/8\/2024\/02\/logo-deutschlandstipendium-18x8.jpg 18w, https:\/\/www.hs-nordhausen.de\/wp-content\/uploads\/sites\/8\/2024\/02\/logo-deutschlandstipendium-24x10.jpg 24w\" sizes=\"(max-width: 260px) 100vw, 260px\" title=\"\"><\/figure>\n\n\n<h3 class=\"wp-block-heading\" id=\"h-kontakt\">Contact<\/h3>\n\n\n\n<div class=\"wp-block-query is-layout-flow wp-block-query-is-layout-flow\"><div id='post-results-69e61be14425b'  class=\"greyd-posts-slider wp-block-post-template js\" data-currentpage=\"1\" data-query-id=\"2\" data-height=\"max\"><div class='query-pages-wrapper results_wrapper' data-ppp='1'><div class='query-page result_wrapper is-current' data-page='1'><article class='query-post wp-block-post post-8647 kontaktverzeichnis type-kontaktverzeichnis status-publish hentry kontaktverzeichnis_category-person kontaktverzeichnis_tag-ansprechperson kontaktverzeichnis_bereich-career-service kontaktverzeichnis_bereich-praktikantenamt kontaktverzeichnis_bereich-ssz kontaktverzeichnis_position-mitarbeiterin kontaktverzeichnis_sortierung-b cluster-_n-a kontakt-zuordnung-nbargfrede projekt-n-a studienbereich-n-a institut-oder-einric-n-a stg-zuordnung-n-a fachbereich-n-a search_result' data-post='8647'data-title='bargfrede nicola'data-date='2024-01-29 14:45:51'data-postviews='2792'data-index='1'>\n<div id=\"greyd-69e61be145c60\" class=\"wp-block-greyd-box aligncenter dyn gs_LvI53R greyd-content-box gs_LvI53R flex-justify-flex-start\">\n<div id=\"greyd-69e61be1453b4\" class=\"wp-block-greyd-box aligncenter dyn gs_nVZwZR greyd-content-box gs_nVZwZR flex-justify-flex-start\">\n<div class=\"wp-block-group is-horizontal is-content-justification-space-between is-nowrap is-layout-flex wp-container-core-group-is-layout-b493c794 wp-block-group-is-layout-flex gs_EAw9o9 group_wrap\"><\/div>\n<\/div>\n\n\n\n<div class=\"wp-block-group is-nowrap is-layout-flex wp-container-core-group-is-layout-ad2f72ca wp-block-group-is-layout-flex\">\n<h3 class=\"wp-block-heading has-text-align-center is-style-rounded dyn has-color-21-color has-text-color has-link-color wp-elements-c6c5971265fcba52cd5213e267d517bb gs_ms6cea\" id=\"name\" style=\"font-style:normal;font-weight:600\"><span data-tag=\"titel\" data-params=\"\" class=\"is-tag\">Title (Prof.\/Dr.\/...)<\/span> <span data-tag=\"vorname\" data-params=\"\" class=\"is-tag\">First name<\/span> <span data-tag=\"nachname\" data-params=\"\" class=\"is-tag\">Surname<\/span><\/h3>\n<\/div>\n\n\n\n\n<p class=\"has-text-align-center dyn\"><span data-tag=\"taxonomy-kontaktverzeichnis_position\" data-params=\"\" class=\"is-tag\"><strong>Positions<\/strong><\/span><\/p>\n\n\n\n\n<hr id=\"greyd-69e61be1458b8\" style='  border-style: dotted !important; opacity: 100% !important; height: 1px !important;   ' class=\"wp-block-separator has-text-color has-color-22-color has-alpha-channel-opacity has-color-22-background-color has-background is-style-wide\"\/>\n\n\n\n<ul id=\"list_69e61be1459bb\" class=\"wp-block-greyd-list\" style=\"padding-top:var(--wp--preset--spacing--50);padding-bottom:0\">\n<li><span class=\"list_icon icon_profile\" aria-hidden=\"true\"><\/span><span class=\"list_content\"><p><span class=\"is-button link\" data-type=\"dynamic\" data-params=\"{&quot;tag&quot;:&quot;post&quot;}\">Profile<\/span><\/p><\/span><\/li>\n\n\n\n<li><span class=\"list_icon icon_phone\" aria-hidden=\"true\"><\/span><span class=\"list_content\"><p><span data-tag=\"telefon\" data-params=\"\" class=\"is-tag\">Telephone<\/span><\/p><\/span><\/li>\n\n\n\n<li><span class=\"list_icon icon_search_alt\" aria-hidden=\"true\"><\/span><span class=\"list_content\"><p><span data-tag=\"fax\" data-params=\"\" class=\"is-tag\">fax<\/span><\/p><\/span><\/li>\n\n\n\n\n\n<li><span class=\"list_icon icon_house\" aria-hidden=\"true\"><\/span><span class=\"list_content\"><p><span data-tag=\"buero\" data-params=\"&quot;&quot;\" class=\"is-tag\">Office<\/span><\/p><\/span><\/li>\n<\/ul>\n<\/div>\n<\/article><\/div><\/div><\/div><div class='loading_spinner_wrapper' style='display:none;'>\n\t\t\t<div class='loading_spinner'>\n\t\t\t\t<div><\/div> <div><\/div> <div><\/div> <div><\/div>\n\t\t\t<\/div>\n\t\t<\/div><\/div>\n<\/div>\n\n\n\n<div class=\"wp-block-column col-12 is-layout-flow wp-block-column-is-layout-flow\" style=\"flex-basis:33.33%;width:33.33%\">\n<div class=\"wp-block-group is-content-justification-space-between is-nowrap is-layout-flex wp-container-core-group-is-layout-a19101c8 wp-block-group-is-layout-flex gs_seKiZ8 group_wrap\" style=\"padding-top:var(--wp--preset--spacing--50);padding-right:var(--wp--preset--spacing--50);padding-bottom:var(--wp--preset--spacing--50);padding-left:var(--wp--preset--spacing--50)\"><figure style=\"\" class=\"wp-block-image greyd-image is-style-default  gs_AjjFbi\"><img decoding=\"async\" src=\"https:\/\/www.hs-nordhausen.de\/wp-content\/uploads\/sites\/8\/2024\/02\/czs-logo.svg\" class=\"wp-image-9709\" alt=\"Carl Zeiss Foundation\" title=\"\"><\/figure>\n\n\n<div class=\"wp-block-group has-background gs_PhRYjK group_wrap\" style=\"background-color:#00254f;padding-right:0;padding-left:0\"><div class=\"wp-block-group__inner-container is-layout-constrained wp-container-core-group-is-layout-a7c31ef8 wp-block-group-is-layout-constrained\"><figure style=\"\" class=\"wp-block-image greyd-image is-style-default  gs_hvz90u\"><img decoding=\"async\" width=\"1024\" height=\"250\" src=\"https:\/\/www.hs-nordhausen.de\/wp-content\/uploads\/sites\/8\/2024\/02\/logo-abbe-stiftung-1024x250.png\" class=\"wp-image-9710\" alt=\"Ernst Abbe Foundation\" srcset=\"https:\/\/www.hs-nordhausen.de\/wp-content\/uploads\/sites\/8\/2024\/02\/logo-abbe-stiftung-1024x250.png 1024w, https:\/\/www.hs-nordhausen.de\/wp-content\/uploads\/sites\/8\/2024\/02\/logo-abbe-stiftung-300x73.png 300w, https:\/\/www.hs-nordhausen.de\/wp-content\/uploads\/sites\/8\/2024\/02\/logo-abbe-stiftung-150x37.png 150w, https:\/\/www.hs-nordhausen.de\/wp-content\/uploads\/sites\/8\/2024\/02\/logo-abbe-stiftung-768x188.png 768w, https:\/\/www.hs-nordhausen.de\/wp-content\/uploads\/sites\/8\/2024\/02\/logo-abbe-stiftung-18x4.png 18w, https:\/\/www.hs-nordhausen.de\/wp-content\/uploads\/sites\/8\/2024\/02\/logo-abbe-stiftung-24x6.png 24w, https:\/\/www.hs-nordhausen.de\/wp-content\/uploads\/sites\/8\/2024\/02\/logo-abbe-stiftung.png 1533w\" sizes=\"(max-width: 1024px) 100vw, 1024px\" title=\"\"><\/figure><\/div><\/div>\n\n\n<figure style=\"\" class=\"wp-block-image greyd-image is-style-default  gs_rO1JKD\"><img decoding=\"async\" width=\"279\" height=\"50\" src=\"https:\/\/www.hs-nordhausen.de\/wp-content\/uploads\/sites\/8\/2024\/02\/thueringer-volksbank-eg_banklogo-zweizeilig-web-e1717499962954.jpg\" class=\"wp-image-9711\" alt=\"Logo Nordth\u00fcringer Volksbank eG\" srcset=\"https:\/\/www.hs-nordhausen.de\/wp-content\/uploads\/sites\/8\/2024\/02\/thueringer-volksbank-eg_banklogo-zweizeilig-web-e1717499962954.jpg 279w, https:\/\/www.hs-nordhausen.de\/wp-content\/uploads\/sites\/8\/2024\/02\/thueringer-volksbank-eg_banklogo-zweizeilig-web-e1717499962954-150x27.jpg 150w, https:\/\/www.hs-nordhausen.de\/wp-content\/uploads\/sites\/8\/2024\/02\/thueringer-volksbank-eg_banklogo-zweizeilig-web-e1717499962954-18x3.jpg 18w, https:\/\/www.hs-nordhausen.de\/wp-content\/uploads\/sites\/8\/2024\/02\/thueringer-volksbank-eg_banklogo-zweizeilig-web-e1717499962954-24x4.jpg 24w\" sizes=\"(max-width: 279px) 100vw, 279px\" title=\"\"><\/figure><\/div>\n<\/div>\n<\/div>\n<\/div>\n\n<div  class=\"spacer_wrap\" aria-hidden=\"true\"><div class=\"wp-block-spacer inner-sm\" style=\"height:calc(100px * 0.4)\" aria-hidden=\"true\"><\/div><div class=\"wp-block-spacer inner-md\" style=\"height:calc(100px * 0.6)\" aria-hidden=\"true\"><\/div><div class=\"wp-block-spacer inner-lg\" style=\"height:calc(100px * 0.8)\" aria-hidden=\"true\"><\/div><div class=\"wp-block-spacer inner-xl\" style=\"height:100px\" aria-hidden=\"true\"><\/div><\/div>","protected":false},"excerpt":{"rendered":"<p>Das Deutschlandstipendium ist eine finanzielle F\u00f6rderung f\u00fcr besonders begabte, gesellschaftlich engagierte oder aus anderen Gr\u00fcnden f\u00f6rderungsw\u00fcrdige Studierende. Dieses Stipendium wird an allen Hochschulen f\u00fcr bis zu 1,5 % aller eingeschriebenen Studierenden vergeben. Jede\/r Studierende und Studienbewerber\/in kann sich bewerben. Die hochschuleigene Auswahlkommission trifft dann die Entscheidung, wer f\u00fcr bis zu 12 Monate eine F\u00f6rderung in [&hellip;]<\/p>\n","protected":false},"author":1,"featured_media":0,"parent":1265,"menu_order":3,"comment_status":"closed","ping_status":"closed","template":"","meta":{"_piecal_is_recurring":false,"_piecal_recurring_interval":1,"_piecal_recurring_frequency":"","_piecal_recurring_exact_position":false,"_piecal_recurring_end":"","_piecal_color":"","_piecal_text_color":"","_piecal_global_color_master":false,"_piecal_is_event":false,"_piecal_start_date":"","_piecal_end_date":"","_piecal_is_allday":false,"greyd_block_editor_preview":[],"pgc_sgb_lightbox_settings":"","footnotes":""},"page_category":[],"page_tag":[],"page_redaktion":[3053],"zielgruppen":[],"kontakt-zuordnung":[],"institut-oder-einric":[],"stg-zuordnung":[],"fachbereich":[],"wf_page_folders":[50],"ppma_author":[1400],"class_list":["post-1276","page","type-page","status-publish","hentry","page_redaktion-ssz"],"publishpress_future_action":{"enabled":false,"date":"2026-04-27 14:28:17","action":"change-status","newStatus":"draft","terms":[],"taxonomy":"page_category","extraData":[]},"publishpress_future_workflow_manual_trigger":{"enabledWorkflows":[]},"_links":{"self":[{"href":"https:\/\/www.hs-nordhausen.de\/en\/wp-json\/wp\/v2\/pages\/1276","targetHints":{"allow":["GET"]}}],"collection":[{"href":"https:\/\/www.hs-nordhausen.de\/en\/wp-json\/wp\/v2\/pages"}],"about":[{"href":"https:\/\/www.hs-nordhausen.de\/en\/wp-json\/wp\/v2\/types\/page"}],"author":[{"embeddable":true,"href":"https:\/\/www.hs-nordhausen.de\/en\/wp-json\/wp\/v2\/users\/1"}],"replies":[{"embeddable":true,"href":"https:\/\/www.hs-nordhausen.de\/en\/wp-json\/wp\/v2\/comments?post=1276"}],"version-history":[{"count":5,"href":"https:\/\/www.hs-nordhausen.de\/en\/wp-json\/wp\/v2\/pages\/1276\/revisions"}],"predecessor-version":[{"id":37734,"href":"https:\/\/www.hs-nordhausen.de\/en\/wp-json\/wp\/v2\/pages\/1276\/revisions\/37734"}],"up":[{"embeddable":true,"href":"https:\/\/www.hs-nordhausen.de\/en\/wp-json\/wp\/v2\/pages\/1265"}],"wp:attachment":[{"href":"https:\/\/www.hs-nordhausen.de\/en\/wp-json\/wp\/v2\/media?parent=1276"}],"wp:term":[{"taxonomy":"page_category","embeddable":true,"href":"https:\/\/www.hs-nordhausen.de\/en\/wp-json\/wp\/v2\/page_category?post=1276"},{"taxonomy":"page_tag","embeddable":true,"href":"https:\/\/www.hs-nordhausen.de\/en\/wp-json\/wp\/v2\/page_tag?post=1276"},{"taxonomy":"page_redaktion","embeddable":true,"href":"https:\/\/www.hs-nordhausen.de\/en\/wp-json\/wp\/v2\/page_redaktion?post=1276"},{"taxonomy":"zielgruppen","embeddable":true,"href":"https:\/\/www.hs-nordhausen.de\/en\/wp-json\/wp\/v2\/zielgruppen?post=1276"},{"taxonomy":"kontakt-zuordnung","embeddable":true,"href":"https:\/\/www.hs-nordhausen.de\/en\/wp-json\/wp\/v2\/kontakt-zuordnung?post=1276"},{"taxonomy":"institut-oder-einric","embeddable":true,"href":"https:\/\/www.hs-nordhausen.de\/en\/wp-json\/wp\/v2\/institut-oder-einric?post=1276"},{"taxonomy":"stg-zuordnung","embeddable":true,"href":"https:\/\/www.hs-nordhausen.de\/en\/wp-json\/wp\/v2\/stg-zuordnung?post=1276"},{"taxonomy":"fachbereich","embeddable":true,"href":"https:\/\/www.hs-nordhausen.de\/en\/wp-json\/wp\/v2\/fachbereich?post=1276"},{"taxonomy":"wf_page_folders","embeddable":true,"href":"https:\/\/www.hs-nordhausen.de\/en\/wp-json\/wp\/v2\/wf_page_folders?post=1276"},{"taxonomy":"author","embeddable":true,"href":"https:\/\/www.hs-nordhausen.de\/en\/wp-json\/wp\/v2\/ppma_author?post=1276"}],"curies":[{"name":"wp","href":"https:\/\/api.w.org\/{rel}","templated":true}]}}