{"id":1391,"date":"2023-04-25T15:06:38","date_gmt":"2023-04-25T13:06:38","guid":{"rendered":"https:\/\/hsnordhausen.artemis.wpspace.me\/hsn\/service\/studierendenwerk-thueringen\/"},"modified":"2024-02-15T13:21:14","modified_gmt":"2024-02-15T12:21:14","slug":"thuringia-student-union","status":"publish","type":"page","link":"https:\/\/www.hs-nordhausen.de\/en\/service\/studierendenwerk-thueringen\/","title":{"rendered":"Studierendenwerk Th\u00fcringen"},"content":{"rendered":"<div  class=\"spacer_wrap dyn\" aria-hidden=\"true\"><div class=\"wp-block-spacer inner-sm inner-md inner-lg\" style=\"height:calc(2em * 0.8)\" aria-hidden=\"true\"><\/div><div class=\"wp-block-spacer inner-xl\" style=\"height:2em\" aria-hidden=\"true\"><\/div><\/div>\n\n\n<nav aria-label=\"breadcrumbs\" class=\"rank-math-breadcrumb\"><p><span class=\"last\">Home<\/span><\/p><\/nav>\n\n\n<div  class=\"gs_pj9ffA row_wrap has-background\"><div id='bg_69e3b256c9683' class='greyd-background bg_full'>\n\t\t\t\t\t\t\t\t<div class='bg_color'><\/div>\n\t\t\t\t\t\t\t\t\n\t\t\t\t\t\t\t\t\n\t\t\t\t\t\t\t\t\n\t\t\t\t\t\t\t<\/div>\n<div class=\"wp-block-columns row_xxl has-color-13-background-color has-background is-layout-flex wp-container-core-columns-is-layout-3fec90f0 wp-block-columns-is-layout-flex\" style=\"margin-top:var(--wp--preset--spacing--30);margin-bottom:var(--wp--preset--spacing--30)\">\n<div class=\"wp-block-column is-vertically-aligned-center hidden-xs hidden-sm col-12 col-sm-12 col-md-12 col-lg-12 is-layout-flow wp-block-column-is-layout-flow\" style=\"padding-top:var(--wp--preset--spacing--40);padding-right:var(--wp--preset--spacing--30);padding-bottom:var(--wp--preset--spacing--50);padding-left:var(--wp--preset--spacing--30)\">\n<div class=\"wp-block-group is-vertical is-layout-flex wp-container-core-group-is-layout-c2991436 wp-block-group-is-layout-flex\" style=\"padding-top:var(--wp--preset--spacing--40)\">\n<h1 class=\"wp-block-heading has-text-align-left dyn has-color-31-color has-text-color gs_0dysQS\" id=\"h-post-titel\"><span data-tag=\"title\" data-params=\"\" class=\"is-tag\">Post Titel<\/span><\/h1>\n\n\n<\/div>\n<\/div>\n\n\n\n<div class=\"wp-block-column is-vertically-aligned-bottom hidden-md hidden-lg col-12 col-sm-12 col-md-8 col-lg-8 is-layout-flow wp-block-column-is-layout-flow\" style=\"padding-left:var(--wp--preset--spacing--30)\">\n<h1 class=\"wp-block-heading has-text-align-center dyn has-color-31-color has-text-color gs_Qz9dg4\" id=\"h-post-titel-0\"><span data-tag=\"title\" data-params=\"\" class=\"is-tag\">Post Titel<\/span><\/h1>\n<\/div>\n\n\n\n<div class=\"wp-block-column hidden-md hidden-lg col-12 col-sm-auto is-layout-flow wp-block-column-is-layout-flow\"><\/div>\n<\/div>\n<\/div>\n\n<div  class=\"spacer_wrap dyn\" aria-hidden=\"true\"><div class=\"wp-block-spacer inner-sm\" style=\"height:calc(2em * 0.4)\" aria-hidden=\"true\"><\/div><div class=\"wp-block-spacer inner-md\" style=\"height:calc(2em * 0.6)\" aria-hidden=\"true\"><\/div><div class=\"wp-block-spacer inner-lg\" style=\"height:calc(2em * 0.8)\" aria-hidden=\"true\"><\/div><div class=\"wp-block-spacer inner-xl\" style=\"height:2em\" aria-hidden=\"true\"><\/div><\/div>\n\n<div  class=\"row_wrap\">\n<div class=\"wp-block-columns row_xxl is-layout-flex wp-container-core-columns-is-layout-9d6595d7 wp-block-columns-is-layout-flex\">\n<div class=\"wp-block-column col-12 col-sm-12 col-md-8 col-lg-8 is-layout-flow wp-block-column-is-layout-flow\" style=\"flex-basis:33.34%;width:33.34%\">\n<p>Das Studierendenwerk Th\u00fcringen ist verantwortlich f\u00fcr Alles, was nicht unmittelbar mit der Ausbildung der Studierenden zu tun hat. <\/p>\n\n\n\n<p>Dazu z\u00e4hlen:<\/p>\n\n\n\n<ul class=\"wp-block-list\">\n<li>die Mensa,<\/li>\n\n\n\n<li>die Wohnanlagen f\u00fcr Studierende auf dem Campus,<\/li>\n\n\n\n<li>das BAf\u00f6G-Amt,<\/li>\n\n\n\n<li>die Kulturf\u00f6rderung und<\/li>\n\n\n\n<li>die Sozialberatung der Studierenden<\/li>\n\n\n\n<li>sowie die&nbsp;<a href=\"https:\/\/www.hs-nordhausen.de\/bewerbung\/studieren-mit-kind\/#tabpanel_kita\">Kita &#8222;Campus Kinder&#8220;<\/a>.<\/li>\n<\/ul>\n\n\n\n<div class=\"wp-block-group\"><div class=\"wp-block-group__inner-container is-layout-constrained wp-block-group-is-layout-constrained\">\n<h3 class=\"wp-block-heading\" id=\"h-das-stw-stellt-sich-vor\">Das STW stellt sich vor<\/h3>\n\n\n\n<figure class=\"wp-block-embed is-type-video is-provider-youtube wp-block-embed-youtube wp-embed-aspect-16-9 wp-has-aspect-ratio\"><div class=\"wp-block-embed__wrapper\">\n<div  style=\"display: block; margin: 0px auto;\"  id=\"_ytid_58235\" class=\"__youtube_prefs__  __youtube_prefs_gdpr__  epyt-is-override \" allowfullscreen data-no-lazy=\"1\" data-skipgform_ajax_framebjll=\"\"><p><strong>Bitte akzeptieren Sie YouTube-Cookies, um dieses Video abzuspielen.<\/strong> Wenn Sie dies akzeptieren, greifen Sie auf Inhalte von YouTube zu, einem Dienst, der von einer externen dritten Partei bereitgestellt wird.<br \/>\n<a href=\"https:\/\/policies.google.com\/privacy\" rel=\"nofollow noopener\">YouTube-Datenschutzerkl\u00e4rung<\/a><br \/>\nWenn Sie diesen Hinweis akzeptieren, wird Ihre Wahl gespeichert und die Seite wird aktualisiert.<\/p>\n<p><strong>Please accept YouTube cookies to play this video.<\/strong> By accepting you will be accessing content from YouTube, a service provided by an external third party.<br \/>\n<a href=\"https:\/\/policies.google.com\/privacy\" target=\"_blank\" rel=\"noopener nofollow\">YouTube privacy policy<\/a><br \/>\nIf you accept this notice, your choice will be saved and the page will refresh.<\/p>\n<button type=\"button\" class=\"__youtube_prefs_gdpr__\">Accept YouTube Content<img decoding=\"async\" src=\"https:\/\/www.hs-nordhausen.de\/wp-content\/plugins\/youtube-embed-plus\/images\/icon-check.png\" alt=\"accept\" data-no-lazy=\"1\" data-skipgform_ajax_framebjll=\"\" title=\"\"><\/button><\/div>\n<\/div><figcaption class=\"wp-element-caption\">Das sind wir! Studierendenwerk Th\u00fcringen<\/figcaption><\/figure>\n<\/div><\/div>\n\n\n\n<div class=\"wp-block-group has-color-13-background-color has-background gs_usuQRi group_wrap\" style=\"padding-top:var(--wp--preset--spacing--30);padding-right:var(--wp--preset--spacing--50);padding-bottom:var(--wp--preset--spacing--30);padding-left:var(--wp--preset--spacing--50)\"><div class=\"wp-block-group__inner-container is-layout-constrained wp-container-core-group-is-layout-adc84c1b wp-block-group-is-layout-constrained\">\n<h2 class=\"wp-block-heading\" id=\"h-10-grunde-fur-den-campus-thuringen\">10 Gr\u00fcnde f\u00fcr den Campus Th\u00fcringen<\/h2>\n\n\n<div class=\"wp-block-downloadlist-list\"><ul class=\"downloadlist-list wp-block-downloadlist-list iconset-fontawesome\">\n<li class=\"attachment-24282 file_application file_pdf \"><a href=\"https:\/\/www.hs-nordhausen.de\/wp-content\/uploads\/sites\/8\/2024\/10\/campus_thueringen_10_Gruende.pdf\" rel=\"nofollow\" download>Flyer &quot;10 Gr\u00fcnde f\u00fcr den Campus Th\u00fcringen&quot;<\/a> (605 KB)<br>PDF-Dokument des Studierendenwerks Th\u00fcringen<\/li>\n<\/ul><\/div>\n<\/div><\/div>\n\n\n\n<h3 class=\"wp-block-heading\" id=\"h-kontaktdaten-des-bafog-amtes\">Kontaktdaten des BAf\u00f6G-Amtes<\/h3>\n\n\n\n<h4 class=\"wp-block-heading\" id=\"h-zentralisierung-des-posteingangs\"><strong>Zentralisierung des Posteingangs<\/strong><\/h4>\n\n\n\n<p>Um die postalischen Zusendungen effektiv und rasch an die zust\u00e4ndigen Mitarbeiter*innen weiterleiten zu k\u00f6nnen, hat das Amt f\u00fcr Ausbildungsf\u00f6rderung den Posteingang neu geordnet und zentralisiert. Ab sofort wird die Post nicht mehr an die einzelnen Standorte gesendet, sondern zentral an das neu geschaffene&nbsp;<a href=\"https:\/\/www.stw-thueringen.de\/finanzen\/bafoeg\/\" target=\"_blank\" rel=\"noreferrer noopener nofollow\">Serviceteam<\/a>.<\/p>\n\n\n\n<p>Durch das Serviceteam werden die eingehende Post sowie die \u00fcber BAf\u00f6G-Digital hochgeladenen Unterlagen gesichtet und der elektronischen Akte zugeordnet. Das bisher erforderliche Ausdrucken der eingegangen elektronischen Post entf\u00e4llt.<\/p>\n\n\n\n<p>Ab sofort lautet die Postempfangsadresse:<\/p>\n\n\n\n<p><strong>Amt f\u00fcr Ausbildungsf\u00f6rderung<\/strong><\/p>\n\n\n\n<p><strong>Postfach 100 240<\/strong><\/p>\n\n\n\n<p><strong>07702 Jena<\/strong><\/p>\n\n\n\n<p>Diese Postempfangsadresse gilt f\u00fcr alle Studierende an Th\u00fcringer Hochschulen, unabh\u00e4ngig vom Studienort. Wird eine andere, z. B. die bisherige Empfangsadresse verwendet, ist die Zustellung weiterhin sichergestellt, allerdings f\u00fchrt das zu vermeidbaren Verz\u00f6gerungen bei der Posteingangsbearbeitung.<\/p>\n\n\n\n<h4 class=\"wp-block-heading\" id=\"h-serviceteam-auch-fur-allgemeine-bafog-fragen\"><strong>Serviceteam auch f\u00fcr allgemeine BAf\u00f6G-Fragen<\/strong><\/h4>\n\n\n\n<p>Das neu geschaffene Serviceteam steht allen Studierenden der Th\u00fcringer Hochschulen auch telefonisch unter der Nummer<strong>&nbsp;03641-5546 390<\/strong>&nbsp;zur Verf\u00fcgung. Erreichbar ist das Serviceteam:<\/p>\n\n\n\n<div class=\"wp-block-group is-nowrap is-layout-flex wp-container-core-group-is-layout-64989fb1 wp-block-group-is-layout-flex\">\n<p class=\"wp-container-content-b04ba3db\"><strong>Montag bis Donnerstag: <\/strong><\/p>\n\n\n\n<p><strong>8:00 &#8211; 16:30 Uhr<\/strong><\/p>\n<\/div>\n\n\n\n<div class=\"wp-block-group is-nowrap is-layout-flex wp-container-core-group-is-layout-ad2f72ca wp-block-group-is-layout-flex\">\n<p class=\"wp-container-content-b04ba3db\"><strong>Freitag:<\/strong><\/p>\n\n\n\n<p><strong>8:00 &#8211; 14:00 Uhr<\/strong><\/p>\n<\/div>\n\n\n\n<p>Das Serviceteam unterst\u00fctzt gern bei allgemeinen Fragen zum BAf\u00f6G, kann aber zum Schutz personenbezogener Daten \u00fcber die R\u00fcckmeldung zu vorliegenden Unterlagen und deren Vollst\u00e4ndigkeit keine inhaltlichen Antworten zu einzelnen F\u00f6rderungsantr\u00e4gen geben.<\/p>\n\n\n\n<p>Weitere Informationen zum Thema Studienfinanzierung und BAf\u00f6G gibt es online auf unserer&nbsp;<a href=\"https:\/\/www.stw-thueringen.de\/finanzen\/bafoeg\/\" target=\"_blank\" rel=\"noreferrer noopener nofollow\">Website<\/a>.<\/p>\n\n\n\n<p><span class=\"is-button link\" data-type=\"link\" data-params=\"{&quot;url&quot;:&quot;https:\/\/www.stw-thueringen.de\/news\/neuerungen-im-bereich-studienfinanzierung.html&quot;}\">Diese News finden Sie auch\u00a0hier.<\/span><\/p>\n\n\n\n<p>siehe auch:<br><a href=\"https:\/\/www.stw-thueringen.de\/deutsch\/finanzen\/bafoeg\/index.html\" target=\"_blank\" rel=\"noreferrer noopener nofollow\">Studierendenwerk Th\u00fcringen &#8211; Finanzen\/BAf\u00f6G<\/a><\/p>\n\n\n\n<div class=\"wp-block-greyd-accordion gs_UzDhFo\" data-autoclose=\"true\" data-openfirst=\"false\" style=\"padding-top:var(--wp--preset--spacing--50);padding-bottom:var(--wp--preset--spacing--50)\">\n<div class=\"wp-block-greyd-accordion-item\"><button class=\"wp-block-greyd-accordion__title\" role=\"button\" type=\"button\" aria-expanded=\"false\" aria-controls=\"sect-chvk-1\" id=\"title-chvk-1\"><span>Mensa<\/span><span class=\"icon icon-normal arrow_triangle-down\" aria-hidden=\"true\"><\/span><span class=\"icon icon-active arrow_triangle-up\" aria-hidden=\"true\"><\/span><\/button><div class=\"wp-block-greyd-accordion__content\" role=\"region\" id=\"sect-chvk-1\" aria-labelledby=\"title-chvk-1\">\n<p>Die \u00d6ffnungszeiten der Mensa sind\u00a0<strong>Montag bis Freitag jeweils von 07:30 bis 14:30 Uhr<\/strong>. In den vorlesungsfreien Zeiten \u00e4ndern sich zum Teil die \u00d6ffnungszeiten. Dann bitte die Aush\u00e4nge in der Mensa beachten.<\/p>\n\n\n\n<p><img decoding=\"async\" width=\"150\" height=\"99\" class=\"wp-image-24280\" style=\"width: 150px;\" src=\"https:\/\/wpadmin.hs-nordhausen.de\/wp-content\/uploads\/sites\/8\/2024\/10\/eingang-mensa-ndh.jpg\" alt=\"Rechts die braune Hauswand mit dem gro\u00dfen wei\u00dfen Schriftzug &quot;MENSA&quot;. Links davon die ge\u00f6ffnete T\u00fcr zur Mensa. Links im Vordergrund ragen Gr\u00e4ser ins Bild.\" title=\"\" srcset=\"https:\/\/www.hs-nordhausen.de\/wp-content\/uploads\/sites\/8\/2024\/10\/eingang-mensa-ndh.jpg 210w, https:\/\/www.hs-nordhausen.de\/wp-content\/uploads\/sites\/8\/2024\/10\/eingang-mensa-ndh-150x99.jpg 150w, https:\/\/www.hs-nordhausen.de\/wp-content\/uploads\/sites\/8\/2024\/10\/eingang-mensa-ndh-18x12.jpg 18w, https:\/\/www.hs-nordhausen.de\/wp-content\/uploads\/sites\/8\/2024\/10\/eingang-mensa-ndh-24x16.jpg 24w\" sizes=\"(max-width: 150px) 100vw, 150px\" \/><\/p>\n\n\n\n<p>Den&nbsp;<strong><a href=\"https:\/\/www.stw-thueringen.de\/deutsch\/mensen\/einrichtungen\/nordhausen\/mensa-nordhausen.html#targetspl\" target=\"_blank\" rel=\"noreferrer noopener nofollow\"><strong>Link zum aktuellen Speiseplan der Mensa<\/strong><\/a><\/strong>&nbsp;finden Sie auch unten in der Fu\u00dfleiste der Webseite.<\/p>\n<\/div><\/div>\n\n\n\n<div class=\"wp-block-greyd-accordion-item\"><button class=\"wp-block-greyd-accordion__title\" role=\"button\" type=\"button\" aria-expanded=\"false\" aria-controls=\"sect-qkpy-2\" id=\"title-qkpy-2\"><span>Wohnen auf dem Campus<\/span><span class=\"icon icon-normal arrow_triangle-down\" aria-hidden=\"true\"><\/span><span class=\"icon icon-active arrow_triangle-up\" aria-hidden=\"true\"><\/span><\/button><div class=\"wp-block-greyd-accordion__content\" role=\"region\" id=\"sect-qkpy-2\" aria-labelledby=\"title-qkpy-2\">\n<ul class=\"wp-block-list\">\n<li>siehe\u00a0<a href=\"https:\/\/www.hs-nordhausen.de\/studienangebote\/bewerbung\/studentisches-wohnen\/\" data-type=\"page\" data-id=\"1269\">Studentisches Wohnen\/Wohnen auf dem Campus<\/a><\/li>\n<\/ul>\n\n\n\n<p>Das Studierendenwerk Th\u00fcringen verweist auf eine\u00a0<a href=\"https:\/\/wpadmin.hs-nordhausen.de\/wp-content\/uploads\/sites\/8\/2024\/10\/0904.otz_ta_tlz_Die_guenstigsten_Staedte_fuer_Studenten_web.jpg\">Pressemitteilung<\/a>\u00a0zu den g\u00fcnstigsten St\u00e4dten f\u00fcr Studierende und auf eine\u00a0<a href=\"https:\/\/wpadmin.hs-nordhausen.de\/wp-content\/uploads\/sites\/8\/2024\/10\/Guenstig_Wohnen_fuer_Studierende_in_Thueringen.pdf\" target=\"_blank\" rel=\"noreferrer noopener\">Mitteilung<\/a>\u00a0zu den vergleichsweise g\u00fcnstigen Mietpreisen f\u00fcr Studierende in Th\u00fcringen.<\/p>\n<\/div><\/div>\n\n\n\n<div class=\"wp-block-greyd-accordion-item\"><button class=\"wp-block-greyd-accordion__title\" role=\"button\" type=\"button\" aria-expanded=\"false\" aria-controls=\"sect-hxv0-3\" id=\"title-hxv0-3\"><span>Kulturf\u00f6rderung<\/span><span class=\"icon icon-normal arrow_triangle-down\" aria-hidden=\"true\"><\/span><span class=\"icon icon-active arrow_triangle-up\" aria-hidden=\"true\"><\/span><\/button><div class=\"wp-block-greyd-accordion__content\" role=\"region\" id=\"sect-hxv0-3\" aria-labelledby=\"title-hxv0-3\">\n<p>Das Studierendenwerk Th\u00fcringen f\u00f6rdert und unterst\u00fctzt Studierende bei der Organisation von kulturellen Veranstaltungen, die nicht mit dem Studium zusammen h\u00e4ngen. Die geltenden F\u00f6rderrichtlinien und Antr\u00e4ge gibt es unter&nbsp;<a href=\"http:\/\/www.stw-thueringen.de\/kultur\" target=\"_blank\" rel=\"noreferrer noopener nofollow\">www.stw-thueringen.de\/kultur<\/a>.<\/p>\n\n\n\n<p>Sprechstunden des Kulturb\u00fcros nach Terminvereinbarung per E-Mail an\u00a0<span class=\"is-button link\" data-type=\"email\" data-params=\"{&quot;address&quot;:&quot;\u00a0kultur@stw-thueringen.de&quot;}\">kultur@stw-thueringen.de<\/span>.<\/p>\n<\/div><\/div>\n\n\n\n<div class=\"wp-block-greyd-accordion-item\"><button class=\"wp-block-greyd-accordion__title\" role=\"button\" type=\"button\" aria-expanded=\"false\" aria-controls=\"sect-tvz4-4\" id=\"title-tvz4-4\"><span>Allgemeine Sozialberatung und Psychosoziale Beratung<\/span><span class=\"icon icon-normal arrow_triangle-down\" aria-hidden=\"true\"><\/span><span class=\"icon icon-active arrow_triangle-up\" aria-hidden=\"true\"><\/span><\/button><div class=\"wp-block-greyd-accordion__content\" role=\"region\" id=\"sect-tvz4-4\" aria-labelledby=\"title-tvz4-4\">\n<ul class=\"wp-block-list\">\n<li><a href=\"https:\/\/www.stw-thueringen.de\/beratung\/allgemeine-sozialberatung.html\" target=\"_blank\" rel=\"noreferrer noopener nofollow\">Allgemeine Sozialberatung\u00a0(stw-thueringen.de)<\/a><\/li>\n\n\n\n<li><a href=\"https:\/\/www.stw-thueringen.de\/beratung\/psychosoziale-beratung\/\" target=\"_blank\" rel=\"noreferrer noopener nofollow\">Psychosoziale Beratung\u00a0(stw-thueringen.de)<\/a><\/li>\n<\/ul>\n<\/div><\/div>\n<style class=\"greyd-styles\">.gs_UzDhFo .wp-block-greyd-accordion-item { --accord-title-bg-color: var(--wp--preset--color--color-13); } .gs_UzDhFo .wp-block-greyd-accordion-item:hover { --accord-title-bg-color: var(--wp--preset--color--color-33); } .gs_UzDhFo .wp-block-greyd-accordion-item :checked + * { --accord-title-bg-color: var(--wp--preset--color--color-22); } .gs_UzDhFo .wp-block-greyd-accordion-item .wp-block-greyd-accordion__content { border-top: 1px solid var(--wp--preset--color--color-33); border-right: 1px solid var(--wp--preset--color--color-33); border-bottom: 1px solid var(--wp--preset--color--color-33); border-left: 1px solid var(--wp--preset--color--color-33); } <\/style><style class=\"greyd-styles\">. { --accord-title-bg-color: var(--wp--preset--color--color-13); } .:hover { --accord-title-bg-color: var(--wp--preset--color--color-33); } .gs_UzDhFo .wp-block-greyd-accordion__title[aria-expanded=\"true\"] { --accord-title-bg-color: var(--wp--preset--color--color-22); } .gs_UzDhFo .wp-block-greyd-accordion__title[aria-expanded=\"true\"] .wp-block-greyd-accordion__content { border-top: 1px solid var(--wp--preset--color--color-33); border-right: 1px solid var(--wp--preset--color--color-33); border-bottom: 1px solid var(--wp--preset--color--color-33); border-left: 1px solid var(--wp--preset--color--color-33); } <\/style><\/div>\n<\/div>\n\n\n\n<div class=\"wp-block-column col-12 col-sm-12 col-md-3 col-lg-3 offset-sm-0 offset-md-1 offset-lg-1 is-layout-flow wp-block-column-is-layout-flow\" style=\"flex-basis:33.33%;width:33.33%\"><div  class=\"spacer_wrap \" aria-hidden=\"true\"><div class=\"wp-block-spacer inner-sm\" style=\"height:calc(2em * 0.4)\" aria-hidden=\"true\"><\/div><div class=\"wp-block-spacer inner-md\" style=\"height:calc(2em * 0.6)\" aria-hidden=\"true\"><\/div><div class=\"wp-block-spacer inner-lg\" style=\"height:calc(2em * 0.8)\" aria-hidden=\"true\"><\/div><div class=\"wp-block-spacer inner-xl\" style=\"height:2em\" aria-hidden=\"true\"><\/div><\/div>\n\n\n<div id=\"page-list-box\" class=\"wp-block-greyd-box hidden-lg hidden-md hidden-sm hidden-xs gs_gsuUAh greyd-content-box gs_gsuUAh\">\n<h3 class=\"wp-block-heading\">Weitere Informationen<\/h3>\n\n\n<div class=\"wp-block-template-part\">\n<p>[subpages depth=&#8220;1&#8243; sort_order=&#8220;desc&#8220;  sort_order=&#8220;desc&#8220;]<\/p>\n<\/div>\n\n\n<hr class=\"wp-block-separator has-text-color has-color-22-color has-alpha-channel-opacity has-color-22-background-color has-background is-style-wide\"\/>\n\n\n<div class=\"wp-block-template-part\">\n<p>[siblings depth=&#8220;1&#8243; exclude=&#8220;current&#8220;]<\/p>\n<\/div><\/div>\n<\/div>\n<\/div>\n<\/div>","protected":false},"excerpt":{"rendered":"<p>Das Studierendenwerk Th\u00fcringen ist verantwortlich f\u00fcr Alles, was nicht unmittelbar mit der Ausbildung der Studierenden zu tun hat. Dazu z\u00e4hlen: Das STW stellt sich vor 10 Gr\u00fcnde f\u00fcr den Campus Th\u00fcringen Kontaktdaten des BAf\u00f6G-Amtes Zentralisierung des Posteingangs Um die postalischen Zusendungen effektiv und rasch an die zust\u00e4ndigen Mitarbeiter*innen weiterleiten zu k\u00f6nnen, hat das Amt f\u00fcr [&hellip;]<\/p>\n","protected":false},"author":1,"featured_media":0,"parent":412,"menu_order":2,"comment_status":"closed","ping_status":"closed","template":"","meta":{"_piecal_is_recurring":false,"_piecal_recurring_interval":1,"_piecal_recurring_frequency":"","_piecal_recurring_exact_position":false,"_piecal_recurring_end":"","_piecal_color":"","_piecal_text_color":"","_piecal_global_color_master":false,"_piecal_is_event":false,"_piecal_start_date":"","_piecal_end_date":"","_piecal_is_allday":false,"greyd_block_editor_preview":[],"pgc_sgb_lightbox_settings":"","footnotes":""},"page_category":[],"page_tag":[],"page_redaktion":[],"zielgruppen":[],"kontakt-zuordnung":[],"institut-oder-einric":[],"stg-zuordnung":[],"fachbereich":[],"wf_page_folders":[499],"ppma_author":[1400],"class_list":["post-1391","page","type-page","status-publish","hentry"],"publishpress_future_action":{"enabled":false,"date":"2026-04-25 18:33:26","action":"change-status","newStatus":"draft","terms":[],"taxonomy":"page_category","extraData":[]},"publishpress_future_workflow_manual_trigger":{"enabledWorkflows":[]},"_links":{"self":[{"href":"https:\/\/www.hs-nordhausen.de\/en\/wp-json\/wp\/v2\/pages\/1391","targetHints":{"allow":["GET"]}}],"collection":[{"href":"https:\/\/www.hs-nordhausen.de\/en\/wp-json\/wp\/v2\/pages"}],"about":[{"href":"https:\/\/www.hs-nordhausen.de\/en\/wp-json\/wp\/v2\/types\/page"}],"author":[{"embeddable":true,"href":"https:\/\/www.hs-nordhausen.de\/en\/wp-json\/wp\/v2\/users\/1"}],"replies":[{"embeddable":true,"href":"https:\/\/www.hs-nordhausen.de\/en\/wp-json\/wp\/v2\/comments?post=1391"}],"version-history":[{"count":0,"href":"https:\/\/www.hs-nordhausen.de\/en\/wp-json\/wp\/v2\/pages\/1391\/revisions"}],"up":[{"embeddable":true,"href":"https:\/\/www.hs-nordhausen.de\/en\/wp-json\/wp\/v2\/pages\/412"}],"wp:attachment":[{"href":"https:\/\/www.hs-nordhausen.de\/en\/wp-json\/wp\/v2\/media?parent=1391"}],"wp:term":[{"taxonomy":"page_category","embeddable":true,"href":"https:\/\/www.hs-nordhausen.de\/en\/wp-json\/wp\/v2\/page_category?post=1391"},{"taxonomy":"page_tag","embeddable":true,"href":"https:\/\/www.hs-nordhausen.de\/en\/wp-json\/wp\/v2\/page_tag?post=1391"},{"taxonomy":"page_redaktion","embeddable":true,"href":"https:\/\/www.hs-nordhausen.de\/en\/wp-json\/wp\/v2\/page_redaktion?post=1391"},{"taxonomy":"zielgruppen","embeddable":true,"href":"https:\/\/www.hs-nordhausen.de\/en\/wp-json\/wp\/v2\/zielgruppen?post=1391"},{"taxonomy":"kontakt-zuordnung","embeddable":true,"href":"https:\/\/www.hs-nordhausen.de\/en\/wp-json\/wp\/v2\/kontakt-zuordnung?post=1391"},{"taxonomy":"institut-oder-einric","embeddable":true,"href":"https:\/\/www.hs-nordhausen.de\/en\/wp-json\/wp\/v2\/institut-oder-einric?post=1391"},{"taxonomy":"stg-zuordnung","embeddable":true,"href":"https:\/\/www.hs-nordhausen.de\/en\/wp-json\/wp\/v2\/stg-zuordnung?post=1391"},{"taxonomy":"fachbereich","embeddable":true,"href":"https:\/\/www.hs-nordhausen.de\/en\/wp-json\/wp\/v2\/fachbereich?post=1391"},{"taxonomy":"wf_page_folders","embeddable":true,"href":"https:\/\/www.hs-nordhausen.de\/en\/wp-json\/wp\/v2\/wf_page_folders?post=1391"},{"taxonomy":"author","embeddable":true,"href":"https:\/\/www.hs-nordhausen.de\/en\/wp-json\/wp\/v2\/ppma_author?post=1391"}],"curies":[{"name":"wp","href":"https:\/\/api.w.org\/{rel}","templated":true}]}}