{"id":1393,"date":"2023-04-25T15:06:38","date_gmt":"2023-04-25T13:06:38","guid":{"rendered":"https:\/\/hsnordhausen.artemis.wpspace.me\/hsn\/service\/corporate-identity\/"},"modified":"2025-11-19T18:02:58","modified_gmt":"2025-11-19T17:02:58","slug":"corporate-identity","status":"publish","type":"page","link":"https:\/\/www.hs-nordhausen.de\/en\/service\/corporate-identity\/","title":{"rendered":"Corporate Identity"},"content":{"rendered":"<div  class=\"dynamic row_xxl\"><div  class=\"spacer_wrap dyn\" aria-hidden=\"true\"><div class=\"wp-block-spacer inner-sm inner-md inner-lg\" style=\"height:calc(2em * 0.8)\" aria-hidden=\"true\"><\/div><div class=\"wp-block-spacer inner-xl\" style=\"height:2em\" aria-hidden=\"true\"><\/div><\/div>\n\n\n<nav aria-label=\"breadcrumbs\" class=\"rank-math-breadcrumb\"><p><span class=\"last\">Home<\/span><\/p><\/nav>\n\n\n<div  class=\"gs_pj9ffA row_wrap has-background\"><div id='bg_69e30bd4ded5d' class='greyd-background bg_full'>\n\t\t\t\t\t\t\t\t<div class='bg_color'><\/div>\n\t\t\t\t\t\t\t\t\n\t\t\t\t\t\t\t\t\n\t\t\t\t\t\t\t\t\n\t\t\t\t\t\t\t<\/div>\n<div class=\"wp-block-columns row_xxl has-color-13-background-color has-background is-layout-flex wp-container-core-columns-is-layout-3fec90f0 wp-block-columns-is-layout-flex\" style=\"margin-top:var(--wp--preset--spacing--30);margin-bottom:var(--wp--preset--spacing--30)\">\n<div class=\"wp-block-column is-vertically-aligned-center hidden-xs hidden-sm col-12 col-sm-12 col-md-12 col-lg-12 is-layout-flow wp-block-column-is-layout-flow\" style=\"padding-top:var(--wp--preset--spacing--40);padding-right:var(--wp--preset--spacing--30);padding-bottom:var(--wp--preset--spacing--50);padding-left:var(--wp--preset--spacing--30)\">\n<div class=\"wp-block-group is-vertical is-layout-flex wp-container-core-group-is-layout-c2991436 wp-block-group-is-layout-flex\" style=\"padding-top:var(--wp--preset--spacing--40)\">\n<h1 class=\"wp-block-heading has-text-align-left dyn has-color-31-color has-text-color gs_0dysQS\" id=\"h-post-titel\"><span data-tag=\"title\" data-params=\"\" class=\"is-tag\">Post Titel<\/span><\/h1>\n\n\n<\/div>\n<\/div>\n\n\n\n<div class=\"wp-block-column is-vertically-aligned-bottom hidden-md hidden-lg col-12 col-sm-12 col-md-8 col-lg-8 is-layout-flow wp-block-column-is-layout-flow\" style=\"padding-left:var(--wp--preset--spacing--30)\">\n<h1 class=\"wp-block-heading has-text-align-center dyn has-color-31-color has-text-color gs_Qz9dg4\" id=\"h-post-titel-0\"><span data-tag=\"title\" data-params=\"\" class=\"is-tag\">Post Titel<\/span><\/h1>\n<\/div>\n\n\n\n<div class=\"wp-block-column hidden-md hidden-lg col-12 col-sm-auto is-layout-flow wp-block-column-is-layout-flow\"><\/div>\n<\/div>\n<\/div>\n\n<div  class=\"spacer_wrap dyn\" aria-hidden=\"true\"><div class=\"wp-block-spacer inner-sm\" style=\"height:calc(2em * 0.4)\" aria-hidden=\"true\"><\/div><div class=\"wp-block-spacer inner-md\" style=\"height:calc(2em * 0.6)\" aria-hidden=\"true\"><\/div><div class=\"wp-block-spacer inner-lg\" style=\"height:calc(2em * 0.8)\" aria-hidden=\"true\"><\/div><div class=\"wp-block-spacer inner-xl\" style=\"height:2em\" aria-hidden=\"true\"><\/div><\/div><\/div>\n\n<div  class=\"row_wrap\">\n<div class=\"wp-block-columns row_xxl is-layout-flex wp-container-core-columns-is-layout-9d6595d7 wp-block-columns-is-layout-flex\">\n<div class=\"wp-block-column col-12 col-md-8 is-layout-flow wp-block-column-is-layout-flow\" style=\"flex-basis:50%;width:50%\">\n<h2 class=\"wp-block-heading\" id=\"h-unser-corporate-design-mehr-als-nur-ein-look\">Unser Corporate Design \u2013 mehr als nur ein Look!<\/h2>\n\n\n\n<p>Das Corporate Design (CD) der Hochschule Nordhausen bildet die visuelle Grundlage f\u00fcr einen einheitlichen und wiedererkennbaren Auftritt der Hochschule in \u00d6ffentlichkeit, Lehre, Forschung und Verwaltung. Unser Styleguide definiert die verbindlichen Gestaltungsrichtlinien \u2013 von Logo, Farbwelt und Typografie \u00fcber Layoutprinzipien bis hin zu Anwendungsbeispielen f\u00fcr Print- und digitale Medien.<\/p>\n\n\n\n<p>Ziel ist es, das Profil der Hochschule Nordhausen klar, konsistent und barrierearm zu kommunizieren und damit ihre Position als moderne, praxisnahe und zukunftsorientierte Hochschule zu st\u00e4rken. Der Styleguide dient als Arbeitsgrundlage, um Medien im Sinne des Corporate Designs der Hochschule Nordhausen zu planen, zu gestalten und umzusetzen.<\/p>\n\n\n\n<div class=\"wp-block-greyd-accordion gs_UzDhFo\" data-autoclose=\"true\" data-openfirst=\"false\" style=\"padding-top:var(--wp--preset--spacing--50);padding-bottom:var(--wp--preset--spacing--50)\">\n<div class=\"wp-block-greyd-accordion-item\"><button class=\"wp-block-greyd-accordion__title\" role=\"button\" type=\"button\" aria-expanded=\"false\" aria-controls=\"sect-chvk-1\" id=\"title-chvk-1\"><h3 class=\"wp-block-greyd-accordion__title-heading\"><span>HSN-Logo<\/span><span class=\"icon icon-normal arrow_triangle-down\" aria-hidden=\"true\"><\/span><span class=\"icon icon-active arrow_triangle-up\" aria-hidden=\"true\"><\/span><\/h3><\/button><div class=\"wp-block-greyd-accordion__content\" role=\"region\" id=\"sect-chvk-1\" aria-labelledby=\"title-chvk-1\" hidden>\n<h4 class=\"wp-block-heading\">Logovarianten<\/h4>\n\n\n\n<p>Das HSN-Logo ist ein wichtiges Element unseres Erscheinungsbildes und soll daher immer korrekt und einheitlich verwendet werden. Bitte nutzen Sie das Logo nur in der offiziell bereitgestellten Form und nehmen Sie keine Ver\u00e4nderungen wie Verzerrungen oder perspektivische Anpassungen vor. So stellen wir gemeinsam sicher, dass der Auftritt der Hochschule Nordhausen \u00fcberall professionell und wiedererkennbar bleibt. Damit das Logo in jedem Medium optimal wirkt, stellen wir Ihnen verschiedene Varianten in passenden Formaten und Aufl\u00f6sungen zur Verf\u00fcgung \u2013 darunter die Versionen Standard, Kompakt und Bildmarke. So k\u00f6nnen Sie das Logo einfach ausw\u00e4hlen und sicher einsetzen, egal ob f\u00fcr digitale Anwendungen oder Printprodukte.<\/p>\n\n\n\n<p>Hier finden Sie die meistgenutzten Varianten unseres Logos zum Download, alle Weiteren nach dem Login ins Moodle &#8211; Intranet.<\/p>\n\n\n\n<div class=\"wp-block-greyd-tabs  gs_vtCZBH is-style-tabs\" data-transition=\"horizontal\" data-overflow=\"stack\" style=\"padding-top:var(--wp--preset--spacing--50);padding-bottom:var(--wp--preset--spacing--50)\"><div class=\"tabs\" role=\"tablist\"><button  class=\"greyd_tab is-active \" aria-selected=\"true\" type=\"button\" role=\"tab\" aria-controls=\"tabpanel_bwwb\" id=\"tab_bwwb\">\n\t\t\t\n\t\t\t<span>Bildmarke<\/span>\n\t\t\t<span  class=\"icon icon-normal \" aria-hidden=\"true\"><\/span>\n\t\t<span  class=\"icon icon-active \" aria-hidden=\"true\"><\/span>\n\t\t<\/button><button  class=\"greyd_tab  \" aria-selected=\"false\" type=\"button\" role=\"tab\" aria-controls=\"tabpanel_levh\" id=\"tab_levh\" tabindex=\"-1\">\n\t\t\t\n\t\t\t<span>Standard<\/span>\n\t\t\t<span  class=\"icon icon-normal \" aria-hidden=\"true\"><\/span>\n\t\t<span  class=\"icon icon-active \" aria-hidden=\"true\"><\/span>\n\t\t<\/button><button  class=\"greyd_tab  \" aria-selected=\"false\" type=\"button\" role=\"tab\" aria-controls=\"tabpanel_bbby\" id=\"tab_bbby\" tabindex=\"-1\">\n\t\t\t\n\t\t\t<span>Kompakt<\/span>\n\t\t\t<span  class=\"icon icon-normal \" aria-hidden=\"true\"><\/span>\n\t\t<span  class=\"icon icon-active \" aria-hidden=\"true\"><\/span>\n\t\t<\/button><\/div><style class=\"greyd-styles\">.gs_vtCZBH .greyd_tab { border-radius: 8px 8px 0 0 !important; } <\/style><div class=\"panels\">\n<div id=\"tabpanel_bwwb\" class=\"panel\" role=\"tabpanel\" aria-labelledby=\"tab_bwwb\" tabindex=\"0\">\n<p style=\"padding-top:var(--wp--preset--spacing--50);padding-bottom:var(--wp--preset--spacing--50)\">Dieses Format wird verwendet, wenn auf die Wortmarke verzichtet werden kann.<\/p>\n\n\n\n<div class=\"wp-block-group has-color-23-background-color has-background\" style=\"padding-top:var(--wp--preset--spacing--50);padding-right:var(--wp--preset--spacing--50);padding-bottom:var(--wp--preset--spacing--50);padding-left:var(--wp--preset--spacing--50)\"><div class=\"wp-block-group__inner-container is-layout-constrained wp-container-core-group-is-layout-1c1b4f74 wp-block-group-is-layout-constrained\"><figure style=\"\" class=\"wp-block-image greyd-image   gs_qKLKdM\"><img decoding=\"async\" src=\"https:\/\/www.hs-nordhausen.de\/wp-content\/uploads\/sites\/8\/2023\/11\/HSN-Symbol-color.svg\" class=\"wp-image-6505\" alt=\"Logo Hochschule Nordhausen\" title=\"\"><a href=\"https:\/\/www.hs-nordhausen.de\/wp-content\/uploads\/sites\/8\/2023\/11\/HSN-Symbol-color.svg\" class=\"wp-block-greyd-image__download\" download>Download (SVG, 1 KB)<\/a><\/figure><\/div><\/div>\n<\/div>\n\n\n\n<div id=\"tabpanel_levh\" class=\"panel\" role=\"tabpanel\" aria-labelledby=\"tab_levh\" tabindex=\"0\">\n<p style=\"padding-top:var(--wp--preset--spacing--50);padding-bottom:var(--wp--preset--spacing--50)\">Dieses Format wird haupts\u00e4chlich verwendet.<\/p>\n\n\n\n<div class=\"wp-block-group has-color-23-background-color has-background\" style=\"padding-top:var(--wp--preset--spacing--50);padding-right:var(--wp--preset--spacing--50);padding-bottom:var(--wp--preset--spacing--50);padding-left:var(--wp--preset--spacing--50)\"><div class=\"wp-block-group__inner-container is-layout-constrained wp-container-core-group-is-layout-1c1b4f74 wp-block-group-is-layout-constrained\"><figure style=\"\" class=\"wp-block-image greyd-image   gs_k85Hgv\"><img decoding=\"async\" src=\"https:\/\/www.hs-nordhausen.de\/wp-content\/uploads\/sites\/8\/2025\/11\/HSN-Logo-wide-color.svg\" class=\"wp-image-36921\" alt=\"Farbiges Logo der Hochschule Nordhausen im Querformat mit stilisiertem \u201eh\u201c in Blau und Gr\u00fcn sowie dem Schriftzug \u201eHochschule Nordhausen \u2013 University of Applied Sciences\u201c daneben.\" title=\"\"><a href=\"https:\/\/www.hs-nordhausen.de\/wp-content\/uploads\/sites\/8\/2025\/11\/HSN-Logo-wide-color.svg\" class=\"wp-block-greyd-image__download\" download>Download (SVG, 17 KB)<\/a><\/figure><\/div><\/div>\n<\/div>\n\n\n\n<div id=\"tabpanel_bbby\" class=\"panel\" role=\"tabpanel\" aria-labelledby=\"tab_bbby\" tabindex=\"0\">\n<p style=\"padding-top:var(--wp--preset--spacing--50);padding-bottom:var(--wp--preset--spacing--50)\">Dieses Format wird verwendet, wenn ein kompakteres Design von Vorteil ist.<\/p>\n\n\n\n<div class=\"wp-block-group has-color-23-background-color has-background\" style=\"padding-top:var(--wp--preset--spacing--50);padding-right:var(--wp--preset--spacing--50);padding-bottom:var(--wp--preset--spacing--50);padding-left:var(--wp--preset--spacing--50)\"><div class=\"wp-block-group__inner-container is-layout-constrained wp-container-core-group-is-layout-1c1b4f74 wp-block-group-is-layout-constrained\"><figure style=\"\" class=\"wp-block-image greyd-image   gs_yKH2qV\"><img decoding=\"async\" src=\"https:\/\/www.hs-nordhausen.de\/wp-content\/uploads\/sites\/8\/2024\/09\/HSN-Logo-sqare-color.svg\" class=\"wp-image-22421\" alt=\"Das kompakte Logo der Hochschule Nordhausen zeigt ein stilisiertes blaues \u201eh\u201c mit einem gr\u00fcnen Bogen dar\u00fcber, darunter steht in blauer Schrift \u201eHochschule Nordhausen\u201c und in gr\u00fcner Schrift \u201eUniversity of Applied Sciences\u201c.\" title=\"\"><a href=\"https:\/\/www.hs-nordhausen.de\/wp-content\/uploads\/sites\/8\/2024\/09\/HSN-Logo-sqare-color.svg\" class=\"wp-block-greyd-image__download\" download>Download (SVG, 17 KB)<\/a><\/figure><\/div><\/div>\n<\/div>\n<\/div><style class=\"greyd-styles\">.gs_vtCZBH.wp-block-greyd-tabs { --tabs-align-tabs: flex-start; --tabs-content-padding: var(--wp--preset--spacing--50) var(--wp--preset--spacing--30) var(--wp--preset--spacing--50) var(--wp--preset--spacing--30); } <\/style><\/div>\n<\/div><\/div>\n\n\n\n\n\n<div class=\"wp-block-greyd-accordion-item\"><button class=\"wp-block-greyd-accordion__title\" role=\"button\" type=\"button\" aria-expanded=\"false\" aria-controls=\"sect-jml5-3\" id=\"title-jml5-3\"><h3 class=\"wp-block-greyd-accordion__title-heading\"><span>Hausschrift<\/span><span class=\"icon icon-normal arrow_triangle-down\" aria-hidden=\"true\"><\/span><span class=\"icon icon-active arrow_triangle-up\" aria-hidden=\"true\"><\/span><\/h3><\/button><div class=\"wp-block-greyd-accordion__content\" role=\"region\" id=\"sect-jml5-3\" aria-labelledby=\"title-jml5-3\" hidden>\n<p>Die ROBOTO wird als Hausschrift f\u00fcr die HSN verwendet, da sie durch ihr geometrisches Grundger\u00fcst und ihre offenen, freundlichen Formen einen modernen, klaren und gut lesbaren Charakter bietet. Als frei lizenzierte Google-Schrift ist sie flexibel und ohne zus\u00e4tzliche Lizenzkosten in allen Medien einsetzbar, was ihre Nutzung im Hochschulkontext besonders praktikabel macht. <\/p>\n\n\n\n<p>Roboto wird in unterschiedlichen Schnitten f\u00fcr \u00dcberschriften, Flie\u00dftexte und Auszeichnungen verwendet und sorgt so f\u00fcr ein konsistentes, barrierearmes Schriftbild in allen Anwendungen der HSN. Die Hausschrift ist bereits an allen Computern der Hochschule als Systemschrift vorinstalliert. Sollten Sie sie auf Ihren privaten Ger\u00e4ten nutzen wollen, finden Sie\u00a0hier\u00a0den Download: <a href=\"https:\/\/fonts.google.com\/specimen\/Roboto\" rel=\"nofollow noopener\">Roboto &#8211; Google Fonts<\/a><\/p>\n\n\n\n<p>Zur Verwendung auf unserer Website wird die Roboto aus Datenschutzgr\u00fcnden lokal auf unserem Server gehostet.<\/p>\n<\/div><\/div>\n<style class=\"greyd-styles\">.gs_UzDhFo .wp-block-greyd-accordion-item { --accord-title-bg-color: var(--wp--preset--color--color-13); } .gs_UzDhFo .wp-block-greyd-accordion-item:hover { --accord-title-bg-color: var(--wp--preset--color--color-33); } .gs_UzDhFo .wp-block-greyd-accordion-item :checked + * { --accord-title-bg-color: var(--wp--preset--color--color-22); } .gs_UzDhFo .wp-block-greyd-accordion-item .wp-block-greyd-accordion__content { border-top: 1px solid var(--wp--preset--color--color-33); border-right: 1px solid var(--wp--preset--color--color-33); border-bottom: 1px solid var(--wp--preset--color--color-33); border-left: 1px solid var(--wp--preset--color--color-33); } <\/style><style class=\"greyd-styles\">. { --accord-title-bg-color: var(--wp--preset--color--color-13); } .:hover { --accord-title-bg-color: var(--wp--preset--color--color-33); } .gs_UzDhFo .wp-block-greyd-accordion__title[aria-expanded=\"true\"] { --accord-title-bg-color: var(--wp--preset--color--color-22); } .gs_UzDhFo .wp-block-greyd-accordion__title[aria-expanded=\"true\"] .wp-block-greyd-accordion__content { border-top: 1px solid var(--wp--preset--color--color-33); border-right: 1px solid var(--wp--preset--color--color-33); border-bottom: 1px solid var(--wp--preset--color--color-33); border-left: 1px solid var(--wp--preset--color--color-33); } <\/style><\/div>\n<\/div>\n\n\n\n<div class=\"wp-block-column col-12 col-md-3 offset-md-1 is-layout-flow wp-block-column-is-layout-flow\" style=\"flex-basis:50%;width:50%\">\n<h3 class=\"wp-block-heading\">Kontakt<\/h3>\n\n\n\n<div class=\"wp-block-query is-layout-flow wp-block-query-is-layout-flow\"><div id='post-results-69e30bd4e3193'  class=\"greyd-posts-slider wp-block-post-template js\" data-currentpage=\"1\" data-query-id=\"0\" data-height=\"max\"><div class='query-pages-wrapper results_wrapper' data-ppp='1'><div class='query-page result_wrapper is-current' data-page='1'><article class='query-post wp-block-post post-11799 kontaktverzeichnis type-kontaktverzeichnis status-publish hentry kontaktverzeichnis_category-person kontaktverzeichnis_bereich-referat-fuer-hochschulkommunikation-und-marketing kontaktverzeichnis_position-technische-mitarbeiterin kontaktverzeichnis_sortierung-a cluster-_n-a projekt-n-a studienbereich-n-a institut-oder-einric-n-a stg-zuordnung-n-a fachbereich-n-a search_result' data-post='11799'data-title='arnhold anne a'data-date='2024-05-07 14:20:06'data-postviews='2844'data-index='1'>\n<div id=\"greyd-69e30bd4e714e\" class=\"wp-block-greyd-box aligncenter dyn gs_LvI53R greyd-content-box gs_LvI53R flex-justify-flex-start\">\n<div id=\"greyd-69e30bd4e64bf\" class=\"wp-block-greyd-box aligncenter dyn gs_nVZwZR greyd-content-box gs_nVZwZR flex-justify-flex-start\">\n<div class=\"wp-block-group is-horizontal is-content-justification-space-between is-nowrap is-layout-flex wp-container-core-group-is-layout-b493c794 wp-block-group-is-layout-flex gs_EAw9o9 group_wrap\"><figure style=\"padding-top:0;padding-bottom:0;padding-left:0;padding-right:0;\" class=\"wp-block-image greyd-image is-style-normal dyn wp-container-content-9cfa9a5a gs_lzP44q\"  data-anim-action=\"scale\" data-anim-event=\"parentHover\" data-anim-triggered=\"false\" data-anim-from=\"transform: scale(1);\" data-anim-to=\"transform: scale(1.7);\" data-anim-parent=\".dyn\"><img decoding=\"async\" width=\"200\" height=\"200\" src=\"https:\/\/www.hs-nordhausen.de\/wp-content\/uploads\/sites\/8\/2024\/05\/Anne-Arnhold.jpg\" class=\"wp-image-15379\" alt=\"Portrait Anne Ariane Arnhold\" srcset=\"https:\/\/www.hs-nordhausen.de\/wp-content\/uploads\/sites\/8\/2024\/05\/Anne-Arnhold.jpg 200w, https:\/\/www.hs-nordhausen.de\/wp-content\/uploads\/sites\/8\/2024\/05\/Anne-Arnhold-150x150.jpg 150w, https:\/\/www.hs-nordhausen.de\/wp-content\/uploads\/sites\/8\/2024\/05\/Anne-Arnhold-12x12.jpg 12w, https:\/\/www.hs-nordhausen.de\/wp-content\/uploads\/sites\/8\/2024\/05\/Anne-Arnhold-24x24.jpg 24w\" sizes=\"(max-width: 200px) 100vw, 200px\" title=\"\"><\/figure><\/div>\n<\/div>\n\n\n\n<div class=\"wp-block-group is-nowrap is-layout-flex wp-container-core-group-is-layout-ad2f72ca wp-block-group-is-layout-flex\">\n<h3 class=\"wp-block-heading has-text-align-center is-style-rounded dyn has-color-21-color has-text-color has-link-color wp-elements-f226b2d958720b588819b40f07f6d536 gs_ms6cea\" id=\"name\" style=\"font-style:normal;font-weight:600\"><span data-tag=\"bezeichnung-abteilung\" data-params=\"\" class=\"is-tag\">Bezeichnung der Abteilung<\/span><span data-tag=\"titel\" data-params=\"\" class=\"is-tag\">Titel (Prof.\/Dr.\/&#8230;)<\/span> <span data-tag=\"vorname\" data-params=\"\" class=\"is-tag\">Vorname<\/span> <span data-tag=\"nachname\" data-params=\"\" class=\"is-tag\">Nachname<\/span><\/h3>\n<\/div>\n\n\n\n\n<p class=\"has-text-align-center dyn\"><span data-tag=\"taxonomy-kontaktverzeichnis_position\" data-params=\"\" class=\"is-tag\"><strong>Positionen<\/strong><\/span><\/p>\n\n\n\n\n<hr id=\"greyd-69e30bd4e6a65\" style='  border-style: dotted !important; opacity: 100% !important; height: 1px !important;   ' class=\"wp-block-separator has-text-color has-color-22-color has-alpha-channel-opacity has-color-22-background-color has-background is-style-wide\"\/>\n\n\n\n<ul id=\"list_69e30bd4e6b72\" class=\"wp-block-greyd-list\" style=\"padding-top:var(--wp--preset--spacing--50);padding-bottom:0\">\n<li><span class=\"list_icon icon_profile\" aria-hidden=\"true\"><\/span><span class=\"list_content\"><p><span class=\"is-button link\" data-type=\"dynamic\" data-params=\"{&quot;tag&quot;:&quot;post&quot;}\">Profil<\/span><\/p><\/span><\/li>\n\n\n\n<li><span class=\"list_icon icon_phone\" aria-hidden=\"true\"><\/span><span class=\"list_content\"><p><span data-tag=\"telefon\" data-params=\"\" class=\"is-tag\">Telefon<\/span><\/p><\/span><\/li>\n\n\n\n<li><span class=\"list_icon icon_search_alt\" aria-hidden=\"true\"><\/span><span class=\"list_content\"><p><span data-tag=\"fax\" data-params=\"\" class=\"is-tag\">Fax<\/span><\/p><\/span><\/li>\n\n\n\n<li><span class=\"list_icon icon_mail\" aria-hidden=\"true\"><\/span><span class=\"list_content\"><p><span data-tag=\"e-mail\" data-params=\"\" class=\"is-tag\">E-Mail<\/span><\/p><\/span><\/li>\n\n\n\n<li><span class=\"list_icon icon_house\" aria-hidden=\"true\"><\/span><span class=\"list_content\"><p><span data-tag=\"buero\" data-params=\"&quot;&quot;\" class=\"is-tag\">B\u00fcro<\/span><\/p><\/span><\/li>\n<\/ul>\n<\/div>\n<\/article><\/div><\/div><\/div><div class='loading_spinner_wrapper' style='display:none;'>\n\t\t\t<div class='loading_spinner'>\n\t\t\t\t<div><\/div> <div><\/div> <div><\/div> <div><\/div>\n\t\t\t<\/div>\n\t\t<\/div><\/div>\n\n\n<div  class=\"spacer_wrap \" aria-hidden=\"true\"><div class=\"wp-block-spacer inner-sm\" style=\"height:calc(2em * 0.4)\" aria-hidden=\"true\"><\/div><div class=\"wp-block-spacer inner-md\" style=\"height:calc(2em * 0.6)\" aria-hidden=\"true\"><\/div><div class=\"wp-block-spacer inner-lg\" style=\"height:calc(2em * 0.8)\" aria-hidden=\"true\"><\/div><div class=\"wp-block-spacer inner-xl\" style=\"height:2em\" aria-hidden=\"true\"><\/div><\/div><\/div>\n<\/div>\n<\/div>","protected":false},"excerpt":{"rendered":"<p>Unser Corporate Design \u2013 mehr als nur ein Look! Das Corporate Design (CD) der Hochschule Nordhausen bildet die visuelle Grundlage f\u00fcr einen einheitlichen und wiedererkennbaren Auftritt der Hochschule in \u00d6ffentlichkeit, Lehre, Forschung und Verwaltung. Unser Styleguide definiert die verbindlichen Gestaltungsrichtlinien \u2013 von Logo, Farbwelt und Typografie \u00fcber Layoutprinzipien bis hin zu Anwendungsbeispielen f\u00fcr Print- und [&hellip;]<\/p>\n","protected":false},"author":1,"featured_media":0,"parent":412,"menu_order":4,"comment_status":"closed","ping_status":"closed","template":"","meta":{"_piecal_is_recurring":false,"_piecal_recurring_interval":1,"_piecal_recurring_frequency":"","_piecal_recurring_exact_position":false,"_piecal_recurring_end":"","_piecal_color":"","_piecal_text_color":"","_piecal_global_color_master":false,"_piecal_is_event":false,"_piecal_start_date":"","_piecal_end_date":"","_piecal_is_allday":false,"greyd_block_editor_preview":[],"pgc_sgb_lightbox_settings":"","footnotes":""},"page_category":[],"page_tag":[],"page_redaktion":[],"zielgruppen":[],"kontakt-zuordnung":[],"institut-oder-einric":[],"stg-zuordnung":[],"fachbereich":[],"wf_page_folders":[502],"ppma_author":[1400],"class_list":["post-1393","page","type-page","status-publish","hentry"],"publishpress_future_action":{"enabled":false,"date":"2026-04-25 06:43:00","action":"change-status","newStatus":"draft","terms":[],"taxonomy":"page_category","extraData":[]},"publishpress_future_workflow_manual_trigger":{"enabledWorkflows":[]},"_links":{"self":[{"href":"https:\/\/www.hs-nordhausen.de\/en\/wp-json\/wp\/v2\/pages\/1393","targetHints":{"allow":["GET"]}}],"collection":[{"href":"https:\/\/www.hs-nordhausen.de\/en\/wp-json\/wp\/v2\/pages"}],"about":[{"href":"https:\/\/www.hs-nordhausen.de\/en\/wp-json\/wp\/v2\/types\/page"}],"author":[{"embeddable":true,"href":"https:\/\/www.hs-nordhausen.de\/en\/wp-json\/wp\/v2\/users\/1"}],"replies":[{"embeddable":true,"href":"https:\/\/www.hs-nordhausen.de\/en\/wp-json\/wp\/v2\/comments?post=1393"}],"version-history":[{"count":3,"href":"https:\/\/www.hs-nordhausen.de\/en\/wp-json\/wp\/v2\/pages\/1393\/revisions"}],"predecessor-version":[{"id":36925,"href":"https:\/\/www.hs-nordhausen.de\/en\/wp-json\/wp\/v2\/pages\/1393\/revisions\/36925"}],"up":[{"embeddable":true,"href":"https:\/\/www.hs-nordhausen.de\/en\/wp-json\/wp\/v2\/pages\/412"}],"wp:attachment":[{"href":"https:\/\/www.hs-nordhausen.de\/en\/wp-json\/wp\/v2\/media?parent=1393"}],"wp:term":[{"taxonomy":"page_category","embeddable":true,"href":"https:\/\/www.hs-nordhausen.de\/en\/wp-json\/wp\/v2\/page_category?post=1393"},{"taxonomy":"page_tag","embeddable":true,"href":"https:\/\/www.hs-nordhausen.de\/en\/wp-json\/wp\/v2\/page_tag?post=1393"},{"taxonomy":"page_redaktion","embeddable":true,"href":"https:\/\/www.hs-nordhausen.de\/en\/wp-json\/wp\/v2\/page_redaktion?post=1393"},{"taxonomy":"zielgruppen","embeddable":true,"href":"https:\/\/www.hs-nordhausen.de\/en\/wp-json\/wp\/v2\/zielgruppen?post=1393"},{"taxonomy":"kontakt-zuordnung","embeddable":true,"href":"https:\/\/www.hs-nordhausen.de\/en\/wp-json\/wp\/v2\/kontakt-zuordnung?post=1393"},{"taxonomy":"institut-oder-einric","embeddable":true,"href":"https:\/\/www.hs-nordhausen.de\/en\/wp-json\/wp\/v2\/institut-oder-einric?post=1393"},{"taxonomy":"stg-zuordnung","embeddable":true,"href":"https:\/\/www.hs-nordhausen.de\/en\/wp-json\/wp\/v2\/stg-zuordnung?post=1393"},{"taxonomy":"fachbereich","embeddable":true,"href":"https:\/\/www.hs-nordhausen.de\/en\/wp-json\/wp\/v2\/fachbereich?post=1393"},{"taxonomy":"wf_page_folders","embeddable":true,"href":"https:\/\/www.hs-nordhausen.de\/en\/wp-json\/wp\/v2\/wf_page_folders?post=1393"},{"taxonomy":"author","embeddable":true,"href":"https:\/\/www.hs-nordhausen.de\/en\/wp-json\/wp\/v2\/ppma_author?post=1393"}],"curies":[{"name":"wp","href":"https:\/\/api.w.org\/{rel}","templated":true}]}}