{"id":1394,"date":"2023-04-25T15:07:16","date_gmt":"2023-04-25T13:07:16","guid":{"rendered":"https:\/\/hsnordhausen.artemis.wpspace.me\/hsn\/service\/zentrale-studienberatung\/"},"modified":"2025-06-24T11:39:11","modified_gmt":"2025-06-24T09:39:11","slug":"central-study-counselling","status":"publish","type":"page","link":"https:\/\/www.hs-nordhausen.de\/en\/service\/studien-service-zentrum-ssz\/zentrale-studienberatung\/","title":{"rendered":"Central Student Counselling Service"},"content":{"rendered":"<div  class=\"spacer_wrap dyn\" aria-hidden=\"true\"><div class=\"wp-block-spacer inner-sm inner-md inner-lg\" style=\"height:calc(2em * 0.8)\" aria-hidden=\"true\"><\/div><div class=\"wp-block-spacer inner-xl\" style=\"height:2em\" aria-hidden=\"true\"><\/div><\/div>\n\n\n<nav aria-label=\"breadcrumbs\" class=\"rank-math-breadcrumb\"><p><span class=\"last\">Home<\/span><\/p><\/nav>\n\n\n<div  class=\"gs_pj9ffA row_wrap has-background\"><div id='bg_69e06bc5e15c7' class='greyd-background bg_full'>\n\t\t\t\t\t\t\t\t<div class='bg_color'><\/div>\n\t\t\t\t\t\t\t\t\n\t\t\t\t\t\t\t\t\n\t\t\t\t\t\t\t\t\n\t\t\t\t\t\t\t<\/div>\n<div class=\"wp-block-columns row_xxl has-color-13-background-color has-background is-layout-flex wp-container-core-columns-is-layout-3fec90f0 wp-block-columns-is-layout-flex\" style=\"margin-top:var(--wp--preset--spacing--30);margin-bottom:var(--wp--preset--spacing--30)\">\n<div class=\"wp-block-column is-vertically-aligned-center hidden-xs hidden-sm col-12 col-sm-12 col-md-12 col-lg-12 is-layout-flow wp-block-column-is-layout-flow\" style=\"padding-top:var(--wp--preset--spacing--40);padding-right:var(--wp--preset--spacing--30);padding-bottom:var(--wp--preset--spacing--50);padding-left:var(--wp--preset--spacing--30)\">\n<div class=\"wp-block-group is-vertical is-layout-flex wp-container-core-group-is-layout-c2991436 wp-block-group-is-layout-flex\" style=\"padding-top:var(--wp--preset--spacing--40)\">\n<h1 class=\"wp-block-heading has-text-align-left dyn has-color-31-color has-text-color gs_0dysQS\" id=\"h-post-titel\"><span data-tag=\"title\" data-params=\"\" class=\"is-tag\">Post Titel<\/span><\/h1>\n\n\n<\/div>\n<\/div>\n\n\n\n<div class=\"wp-block-column is-vertically-aligned-bottom hidden-md hidden-lg col-12 col-sm-12 col-md-8 col-lg-8 is-layout-flow wp-block-column-is-layout-flow\" style=\"padding-left:var(--wp--preset--spacing--30)\">\n<h1 class=\"wp-block-heading has-text-align-center dyn has-color-31-color has-text-color gs_Qz9dg4\" id=\"h-post-titel-0\"><span data-tag=\"title\" data-params=\"\" class=\"is-tag\">Post Titel<\/span><\/h1>\n<\/div>\n\n\n\n<div class=\"wp-block-column hidden-md hidden-lg col-12 col-sm-auto is-layout-flow wp-block-column-is-layout-flow\"><\/div>\n<\/div>\n<\/div>\n\n<div  class=\"spacer_wrap dyn\" aria-hidden=\"true\"><div class=\"wp-block-spacer inner-sm\" style=\"height:calc(2em * 0.4)\" aria-hidden=\"true\"><\/div><div class=\"wp-block-spacer inner-md\" style=\"height:calc(2em * 0.6)\" aria-hidden=\"true\"><\/div><div class=\"wp-block-spacer inner-lg\" style=\"height:calc(2em * 0.8)\" aria-hidden=\"true\"><\/div><div class=\"wp-block-spacer inner-xl\" style=\"height:2em\" aria-hidden=\"true\"><\/div><\/div>\n\n<div  class=\"row_wrap\">\n<div class=\"wp-block-columns row_xxl is-layout-flex wp-container-core-columns-is-layout-9d6595d7 wp-block-columns-is-layout-flex\">\n<div class=\"wp-block-column col-12 col-sm-12 col-md-8 col-lg-8 is-layout-flow wp-block-column-is-layout-flow\" style=\"flex-basis:66.66%;width:66.66%\"><div  class=\"spacer_wrap \" aria-hidden=\"true\"><div class=\"wp-block-spacer inner-sm\" style=\"height:calc(2em * 0.4)\" aria-hidden=\"true\"><\/div><div class=\"wp-block-spacer inner-md\" style=\"height:calc(2em * 0.6)\" aria-hidden=\"true\"><\/div><div class=\"wp-block-spacer inner-lg\" style=\"height:calc(2em * 0.8)\" aria-hidden=\"true\"><\/div><div class=\"wp-block-spacer inner-xl\" style=\"height:2em\" aria-hidden=\"true\"><\/div><\/div>\n\n\n<p>Sie haben&nbsp;vor zu&nbsp;studieren, sind sich&nbsp;aber noch nicht sicher, welchen beruflichen Weg&nbsp;Sie einschlagen m\u00f6chten?&nbsp;Sie suchen ein interessantes und abwechslungsreiches Studium, das&nbsp;Sie praxisnah auf&nbsp;Ihren zuk\u00fcnftigen Beruf vorbereitet? Sie wissen nicht, ob Sie die richtigen Voraussetzungen f\u00fcr ein Studium mitbringen? Dann&nbsp;sind Sie&nbsp;bei uns an der richtigen Adresse.<\/p>\n\n\n\n<h2 class=\"wp-block-heading\" id=\"h-aufgaben-der-zentralen-studienberatung\">Aufgaben der Zentralen Studienberatung<\/h2>\n\n\n\n<p>Zu den Aufgaben der Zentralen Studienberatung geh\u00f6ren:<\/p>\n\n\n\n<ul class=\"wp-block-list\">\n<li>Information der Studierenden und Studieninteressenten zu Studienm\u00f6glichkeiten, Zielen, Inhalten, Aufbau und Anforderungen des Studiums<\/li>\n\n\n\n<li>Beratung der Studierenden zur zielgerichteten Gestaltung des Studiums, um den Studienabschluss innerhalb der Regelstudienzeit zu erreichen<\/li>\n<\/ul>\n\n\n\n<h2 class=\"wp-block-heading\" id=\"h-unser-beratungsangebot\">Unser Beratungsangebot<\/h2>\n\n\n\n<ul class=\"wp-block-list\">\n<li>Beratung von Studieninteressenten zu Studienm\u00f6glichkeiten und -voraussetzungen<\/li>\n\n\n\n<li>Beratung zum Studium auf Probe<\/li>\n\n\n\n<li>Beratung zum Bewerbungsverfahren<\/li>\n\n\n\n<li>Beurlaubung und Wiedereinstieg in das Studium<\/li>\n\n\n\n<li>Erarbeiten von Sonderstudienpl\u00e4nen im Dialog mit den Pr\u00fcfungsaussch\u00fcssen der Studieng\u00e4nge<\/li>\n\n\n\n<li>Beratung zu Studiengangswechsel<\/li>\n\n\n\n<li>Information zu Kontaktstellen bei Problemen der Studienfinanzierung<\/li>\n\n\n\n<li>Information zu Kontaktstellen bei pers\u00f6nlichen Problemen<\/li>\n\n\n\n<li>Beratung zum \u00a7 4 Th\u00fcringer Hochschulgeb\u00fchren- und -entgeltgesetz (Langzeitstudiengeb\u00fchren)<\/li>\n<\/ul>\n\n\n<div  class=\"spacer_wrap \" aria-hidden=\"true\"><div class=\"wp-block-spacer inner-sm\" style=\"height:calc(32px * 0.4)\" aria-hidden=\"true\"><\/div><div class=\"wp-block-spacer inner-md\" style=\"height:calc(32px * 0.6)\" aria-hidden=\"true\"><\/div><div class=\"wp-block-spacer inner-lg\" style=\"height:calc(32px * 0.8)\" aria-hidden=\"true\"><\/div><div class=\"wp-block-spacer inner-xl\" style=\"height:32px\" aria-hidden=\"true\"><\/div><\/div>\n\n<\/div>\n\n\n\n<div class=\"wp-block-column col-12 col-sm-12 col-md-3 col-lg-3 offset-md-1 offset-lg-1 is-layout-flow wp-block-column-is-layout-flow\" style=\"flex-basis:33.33%;width:33.33%\">\n<h3 class=\"wp-block-heading\" id=\"h-kontakt\">Kontakt<\/h3>\n\n\n\n<div class=\"wp-block-query is-layout-flow wp-block-query-is-layout-flow\"><div id='post-results-69e06bc5e4c96'  class=\"greyd-posts-slider wp-block-post-template js\" data-currentpage=\"1\" data-query-id=\"2\" data-height=\"max\"><div class='query-pages-wrapper results_wrapper' data-ppp='2'><div class='query-page result_wrapper is-current' data-page='1'><article class='query-post wp-block-post post-9324 kontaktverzeichnis type-kontaktverzeichnis status-publish hentry kontaktverzeichnis_category-person kontaktverzeichnis_tag-ansprechperson kontaktverzeichnis_tag-service-point kontaktverzeichnis_tag-studienberatung kontaktverzeichnis_tag-zentrale-studienberatung kontaktverzeichnis_bereich-ssz kontaktverzeichnis_position-mitarbeiterin kontaktverzeichnis_sortierung-k cluster-_n-a kontakt-zuordnung-kkresel studienbereich-n-a institut-oder-einric-n-a stg-zuordnung-n-a fachbereich-n-a search_result' data-post='9324'data-title='kresel kerstin'data-date='2024-02-01 16:44:25'data-postviews='2304'data-index='1'>\n<div id=\"greyd-69e06bc5e7f04\" class=\"wp-block-greyd-box aligncenter dyn gs_LvI53R greyd-content-box gs_LvI53R flex-justify-flex-start\">\n<div id=\"greyd-69e06bc5e6c07\" class=\"wp-block-greyd-box aligncenter dyn gs_nVZwZR greyd-content-box gs_nVZwZR flex-justify-flex-start\">\n<div class=\"wp-block-group is-horizontal is-content-justification-space-between is-nowrap is-layout-flex wp-container-core-group-is-layout-b493c794 wp-block-group-is-layout-flex gs_EAw9o9 group_wrap\"><\/div>\n<\/div>\n\n\n\n<div class=\"wp-block-group is-nowrap is-layout-flex wp-container-core-group-is-layout-ad2f72ca wp-block-group-is-layout-flex\">\n<h3 class=\"wp-block-heading has-text-align-center is-style-rounded dyn has-color-21-color has-text-color has-link-color wp-elements-c6c5971265fcba52cd5213e267d517bb gs_ms6cea\" id=\"name\" style=\"font-style:normal;font-weight:600\"><span data-tag=\"titel\" data-params=\"\" class=\"is-tag\">Titel (Prof.\/Dr.\/&#8230;)<\/span> <span data-tag=\"vorname\" data-params=\"\" class=\"is-tag\">Vorname<\/span> <span data-tag=\"nachname\" data-params=\"\" class=\"is-tag\">Nachname<\/span><\/h3>\n<\/div>\n\n\n\n\n<p class=\"has-text-align-center dyn\"><span data-tag=\"taxonomy-kontaktverzeichnis_position\" data-params=\"\" class=\"is-tag\"><strong>Positionen<\/strong><\/span><\/p>\n\n\n\n\n<hr id=\"greyd-69e06bc5e74f5\" style='  border-style: dotted !important; opacity: 100% !important; height: 1px !important;   ' class=\"wp-block-separator has-text-color has-color-22-color has-alpha-channel-opacity has-color-22-background-color has-background is-style-wide\"\/>\n\n\n\n<ul id=\"list_69e06bc5e7699\" class=\"wp-block-greyd-list\" style=\"padding-top:var(--wp--preset--spacing--50);padding-bottom:0\">\n<li><span class=\"list_icon icon_profile\" aria-hidden=\"true\"><\/span><span class=\"list_content\"><p><span class=\"is-button link\" data-type=\"dynamic\" data-params=\"{&quot;tag&quot;:&quot;post&quot;}\">Profil<\/span><\/p><\/span><\/li>\n\n\n\n<li><span class=\"list_icon icon_phone\" aria-hidden=\"true\"><\/span><span class=\"list_content\"><p><span data-tag=\"telefon\" data-params=\"\" class=\"is-tag\">Telefon<\/span><\/p><\/span><\/li>\n\n\n\n<li><span class=\"list_icon icon_search_alt\" aria-hidden=\"true\"><\/span><span class=\"list_content\"><p><span data-tag=\"fax\" data-params=\"\" class=\"is-tag\">Fax<\/span><\/p><\/span><\/li>\n\n\n\n<li><span class=\"list_icon icon_mail\" aria-hidden=\"true\"><\/span><span class=\"list_content\"><p><span data-tag=\"e-mail\" data-params=\"\" class=\"is-tag\">Email<\/span><\/p><\/span><\/li>\n\n\n\n<li><span class=\"list_icon icon_house\" aria-hidden=\"true\"><\/span><span class=\"list_content\"><p><span data-tag=\"buero\" data-params=\"&quot;&quot;\" class=\"is-tag\">B\u00fcro<\/span><\/p><\/span><\/li>\n<\/ul>\n<\/div>\n<\/article><article class='query-post wp-block-post post-9318 kontaktverzeichnis type-kontaktverzeichnis status-publish hentry kontaktverzeichnis_category-person kontaktverzeichnis_tag-ansprechperson kontaktverzeichnis_tag-zentrale-studienberatung kontaktverzeichnis_bereich-ssz kontaktverzeichnis_position-leiterin kontaktverzeichnis_sortierung-u cluster-_n-a kontakt-zuordnung-umann projekt-n-a studienbereich-n-a institut-oder-einric-n-a stg-zuordnung-n-a fachbereich-n-a search_result' data-post='9318'data-title='umann silke'data-date='2024-02-01 16:41:13'data-postviews='2532'data-index='2'>\n<div id=\"greyd-69e06bc5e9810\" class=\"wp-block-greyd-box aligncenter dyn gs_LvI53R greyd-content-box gs_LvI53R flex-justify-flex-start\">\n<div id=\"greyd-69e06bc5e8fad\" class=\"wp-block-greyd-box aligncenter dyn gs_nVZwZR greyd-content-box gs_nVZwZR flex-justify-flex-start\">\n<div class=\"wp-block-group is-horizontal is-content-justification-space-between is-nowrap is-layout-flex wp-container-core-group-is-layout-b493c794 wp-block-group-is-layout-flex gs_EAw9o9 group_wrap\"><\/div>\n<\/div>\n\n\n\n<div class=\"wp-block-group is-nowrap is-layout-flex wp-container-core-group-is-layout-ad2f72ca wp-block-group-is-layout-flex\">\n<h3 class=\"wp-block-heading has-text-align-center is-style-rounded dyn has-color-21-color has-text-color has-link-color wp-elements-c6c5971265fcba52cd5213e267d517bb gs_ms6cea\" id=\"name\" style=\"font-style:normal;font-weight:600\"><span data-tag=\"titel\" data-params=\"\" class=\"is-tag\">Titel (Prof.\/Dr.\/&#8230;)<\/span> <span data-tag=\"vorname\" data-params=\"\" class=\"is-tag\">Vorname<\/span> <span data-tag=\"nachname\" data-params=\"\" class=\"is-tag\">Nachname<\/span><\/h3>\n<\/div>\n\n\n\n\n<p class=\"has-text-align-center dyn\"><span data-tag=\"taxonomy-kontaktverzeichnis_position\" data-params=\"\" class=\"is-tag\"><strong>Positionen<\/strong><\/span><\/p>\n\n\n\n\n<hr id=\"greyd-69e06bc5e9646\" style='  border-style: dotted !important; opacity: 100% !important; height: 1px !important;   ' class=\"wp-block-separator has-text-color has-color-22-color has-alpha-channel-opacity has-color-22-background-color has-background is-style-wide\"\/>\n\n\n\n<ul id=\"list_69e06bc5e97a4\" class=\"wp-block-greyd-list\" style=\"padding-top:var(--wp--preset--spacing--50);padding-bottom:0\">\n<li><span class=\"list_icon icon_profile\" aria-hidden=\"true\"><\/span><span class=\"list_content\"><p><span class=\"is-button link\" data-type=\"dynamic\" data-params=\"{&quot;tag&quot;:&quot;post&quot;}\">Profil<\/span><\/p><\/span><\/li>\n\n\n\n<li><span class=\"list_icon icon_phone\" aria-hidden=\"true\"><\/span><span class=\"list_content\"><p><span data-tag=\"telefon\" data-params=\"\" class=\"is-tag\">Telefon<\/span><\/p><\/span><\/li>\n\n\n\n<li><span class=\"list_icon icon_search_alt\" aria-hidden=\"true\"><\/span><span class=\"list_content\"><p><span data-tag=\"fax\" data-params=\"\" class=\"is-tag\">Fax<\/span><\/p><\/span><\/li>\n\n\n\n<li><span class=\"list_icon icon_mail\" aria-hidden=\"true\"><\/span><span class=\"list_content\"><p><span data-tag=\"e-mail\" data-params=\"\" class=\"is-tag\">Email<\/span><\/p><\/span><\/li>\n\n\n\n<li><span class=\"list_icon icon_house\" aria-hidden=\"true\"><\/span><span class=\"list_content\"><p><span data-tag=\"buero\" data-params=\"&quot;&quot;\" class=\"is-tag\">B\u00fcro<\/span><\/p><\/span><\/li>\n<\/ul>\n<\/div>\n<\/article><\/div><\/div><\/div><div class='loading_spinner_wrapper' style='display:none;'>\n\t\t\t<div class='loading_spinner'>\n\t\t\t\t<div><\/div> <div><\/div> <div><\/div> <div><\/div>\n\t\t\t<\/div>\n\t\t<\/div><\/div>\n\n\n\n<div id=\"sidebar-group\" class=\"wp-block-group\"><div class=\"wp-block-group__inner-container is-layout-constrained wp-block-group-is-layout-constrained\"><div  class=\"spacer_wrap \" aria-hidden=\"true\"><div class=\"wp-block-spacer inner-sm\" style=\"height:calc(2em * 0.4)\" aria-hidden=\"true\"><\/div><div class=\"wp-block-spacer inner-md\" style=\"height:calc(2em * 0.6)\" aria-hidden=\"true\"><\/div><div class=\"wp-block-spacer inner-lg\" style=\"height:calc(2em * 0.8)\" aria-hidden=\"true\"><\/div><div class=\"wp-block-spacer inner-xl\" style=\"height:2em\" aria-hidden=\"true\"><\/div><\/div>\n\n\n<div id=\"Neu\" class=\"wp-block-greyd-box gs_fonqKW greyd-content-box gs_fonqKW\">\n<h3 class=\"wp-block-heading has-text-align-center\" id=\"h-orientierungssemester\">Orientierungssemester<\/h3>\n\n\n\n<p class=\"has-text-align-center\">Du willst studieren,<br>wei\u00dft aber nicht was?<br>Wir beraten dich gern!<\/p>\n\n\n<figure style=\"\" class=\"wp-block-image greyd-image  \"><img decoding=\"async\" width=\"640\" height=\"224\" src=\"https:\/\/www.hs-nordhausen.de\/wp-content\/uploads\/sites\/8\/2023\/07\/OTS_Header-e1693918171427.jpg\" class=\"wp-image-3348\" alt=\"OTS_Header\" srcset=\"https:\/\/www.hs-nordhausen.de\/wp-content\/uploads\/sites\/8\/2023\/07\/OTS_Header-e1693918171427.jpg 640w, https:\/\/www.hs-nordhausen.de\/wp-content\/uploads\/sites\/8\/2023\/07\/OTS_Header-e1693918171427-300x105.jpg 300w, https:\/\/www.hs-nordhausen.de\/wp-content\/uploads\/sites\/8\/2023\/07\/OTS_Header-e1693918171427-18x6.jpg 18w, https:\/\/www.hs-nordhausen.de\/wp-content\/uploads\/sites\/8\/2023\/07\/OTS_Header-e1693918171427-24x8.jpg 24w\" sizes=\"(max-width: 640px) 100vw, 640px\" title=\"\"><\/figure><\/div>\n<\/div><\/div>\n\n\n\n<div id=\"page-list-box\" class=\"wp-block-greyd-box hidden-lg hidden-md hidden-sm hidden-xs gs_gsuUAh greyd-content-box gs_gsuUAh\">\n<h3 class=\"wp-block-heading\">Weitere Informationen<\/h3>\n\n\n<div class=\"wp-block-template-part\">\n<p>[subpages depth=&#8220;1&#8243; sort_order=&#8220;desc&#8220;  sort_order=&#8220;desc&#8220;]<\/p>\n<\/div>\n\n\n<hr class=\"wp-block-separator has-text-color has-color-22-color has-alpha-channel-opacity has-color-22-background-color has-background is-style-wide\"\/>\n\n\n<div class=\"wp-block-template-part\">\n<p>[siblings depth=&#8220;1&#8243; exclude=&#8220;current&#8220;]<\/p>\n<\/div><\/div>\n<\/div>\n<\/div>\n<\/div>","protected":false},"excerpt":{"rendered":"<p>Sie haben&nbsp;vor zu&nbsp;studieren, sind sich&nbsp;aber noch nicht sicher, welchen beruflichen Weg&nbsp;Sie einschlagen m\u00f6chten?&nbsp;Sie suchen ein interessantes und abwechslungsreiches Studium, das&nbsp;Sie praxisnah auf&nbsp;Ihren zuk\u00fcnftigen Beruf vorbereitet? Sie wissen nicht, ob Sie die richtigen Voraussetzungen f\u00fcr ein Studium mitbringen? Dann&nbsp;sind Sie&nbsp;bei uns an der richtigen Adresse. Aufgaben der Zentralen Studienberatung Zu den Aufgaben der Zentralen Studienberatung geh\u00f6ren: [&hellip;]<\/p>\n","protected":false},"author":48,"featured_media":0,"parent":410,"menu_order":0,"comment_status":"closed","ping_status":"closed","template":"","meta":{"_piecal_is_recurring":false,"_piecal_recurring_interval":1,"_piecal_recurring_frequency":"","_piecal_recurring_exact_position":false,"_piecal_recurring_end":"","_piecal_color":"","_piecal_text_color":"","_piecal_global_color_master":false,"_piecal_is_event":false,"_piecal_start_date":"","_piecal_end_date":"","_piecal_is_allday":false,"greyd_block_editor_preview":[],"pgc_sgb_lightbox_settings":"","footnotes":""},"page_category":[],"page_tag":[],"page_redaktion":[],"zielgruppen":[],"kontakt-zuordnung":[],"institut-oder-einric":[],"stg-zuordnung":[],"fachbereich":[],"wf_page_folders":[493],"ppma_author":[3055,3056,3054],"class_list":["post-1394","page","type-page","status-publish","hentry"],"publishpress_future_action":{"enabled":false,"date":"2026-04-23 06:55:33","action":"change-status","newStatus":"draft","terms":[],"taxonomy":"page_category","extraData":[]},"publishpress_future_workflow_manual_trigger":{"enabledWorkflows":[]},"_links":{"self":[{"href":"https:\/\/www.hs-nordhausen.de\/en\/wp-json\/wp\/v2\/pages\/1394","targetHints":{"allow":["GET"]}}],"collection":[{"href":"https:\/\/www.hs-nordhausen.de\/en\/wp-json\/wp\/v2\/pages"}],"about":[{"href":"https:\/\/www.hs-nordhausen.de\/en\/wp-json\/wp\/v2\/types\/page"}],"author":[{"embeddable":true,"href":"https:\/\/www.hs-nordhausen.de\/en\/wp-json\/wp\/v2\/users\/48"}],"replies":[{"embeddable":true,"href":"https:\/\/www.hs-nordhausen.de\/en\/wp-json\/wp\/v2\/comments?post=1394"}],"version-history":[{"count":2,"href":"https:\/\/www.hs-nordhausen.de\/en\/wp-json\/wp\/v2\/pages\/1394\/revisions"}],"predecessor-version":[{"id":33396,"href":"https:\/\/www.hs-nordhausen.de\/en\/wp-json\/wp\/v2\/pages\/1394\/revisions\/33396"}],"up":[{"embeddable":true,"href":"https:\/\/www.hs-nordhausen.de\/en\/wp-json\/wp\/v2\/pages\/410"}],"wp:attachment":[{"href":"https:\/\/www.hs-nordhausen.de\/en\/wp-json\/wp\/v2\/media?parent=1394"}],"wp:term":[{"taxonomy":"page_category","embeddable":true,"href":"https:\/\/www.hs-nordhausen.de\/en\/wp-json\/wp\/v2\/page_category?post=1394"},{"taxonomy":"page_tag","embeddable":true,"href":"https:\/\/www.hs-nordhausen.de\/en\/wp-json\/wp\/v2\/page_tag?post=1394"},{"taxonomy":"page_redaktion","embeddable":true,"href":"https:\/\/www.hs-nordhausen.de\/en\/wp-json\/wp\/v2\/page_redaktion?post=1394"},{"taxonomy":"zielgruppen","embeddable":true,"href":"https:\/\/www.hs-nordhausen.de\/en\/wp-json\/wp\/v2\/zielgruppen?post=1394"},{"taxonomy":"kontakt-zuordnung","embeddable":true,"href":"https:\/\/www.hs-nordhausen.de\/en\/wp-json\/wp\/v2\/kontakt-zuordnung?post=1394"},{"taxonomy":"institut-oder-einric","embeddable":true,"href":"https:\/\/www.hs-nordhausen.de\/en\/wp-json\/wp\/v2\/institut-oder-einric?post=1394"},{"taxonomy":"stg-zuordnung","embeddable":true,"href":"https:\/\/www.hs-nordhausen.de\/en\/wp-json\/wp\/v2\/stg-zuordnung?post=1394"},{"taxonomy":"fachbereich","embeddable":true,"href":"https:\/\/www.hs-nordhausen.de\/en\/wp-json\/wp\/v2\/fachbereich?post=1394"},{"taxonomy":"wf_page_folders","embeddable":true,"href":"https:\/\/www.hs-nordhausen.de\/en\/wp-json\/wp\/v2\/wf_page_folders?post=1394"},{"taxonomy":"author","embeddable":true,"href":"https:\/\/www.hs-nordhausen.de\/en\/wp-json\/wp\/v2\/ppma_author?post=1394"}],"curies":[{"name":"wp","href":"https:\/\/api.w.org\/{rel}","templated":true}]}}