{"id":1397,"date":"2023-04-25T15:07:17","date_gmt":"2023-04-25T13:07:17","guid":{"rendered":"https:\/\/hsnordhausen.artemis.wpspace.me\/hsn\/service\/praktikantenamt\/"},"modified":"2025-11-03T13:00:03","modified_gmt":"2025-11-03T12:00:03","slug":"internship-office","status":"publish","type":"page","link":"https:\/\/www.hs-nordhausen.de\/en\/service\/studien-service-zentrum-ssz\/praktikantenamt\/","title":{"rendered":"Internship office"},"content":{"rendered":"<div  class=\"dynamic row_xxl\"><div  class=\"spacer_wrap dyn\" aria-hidden=\"true\"><div class=\"wp-block-spacer inner-sm inner-md inner-lg\" style=\"height:calc(2em * 0.8)\" aria-hidden=\"true\"><\/div><div class=\"wp-block-spacer inner-xl\" style=\"height:2em\" aria-hidden=\"true\"><\/div><\/div>\n\n\n<nav aria-label=\"breadcrumbs\" class=\"rank-math-breadcrumb\"><p><span class=\"last\">Home<\/span><\/p><\/nav>\n\n\n<div  class=\"gs_pj9ffA row_wrap has-background\"><div id='bg_69e8b3482c45a' class='greyd-background bg_full'>\n\t\t\t\t\t\t\t\t<div class='bg_color'><\/div>\n\t\t\t\t\t\t\t\t\n\t\t\t\t\t\t\t\t\n\t\t\t\t\t\t\t\t\n\t\t\t\t\t\t\t<\/div>\n<div class=\"wp-block-columns row_xxl has-color-13-background-color has-background is-layout-flex wp-container-core-columns-is-layout-3fec90f0 wp-block-columns-is-layout-flex\" style=\"margin-top:var(--wp--preset--spacing--30);margin-bottom:var(--wp--preset--spacing--30)\">\n<div class=\"wp-block-column is-vertically-aligned-center hidden-xs hidden-sm col-12 col-sm-12 col-md-12 col-lg-12 is-layout-flow wp-block-column-is-layout-flow\" style=\"padding-top:var(--wp--preset--spacing--40);padding-right:var(--wp--preset--spacing--30);padding-bottom:var(--wp--preset--spacing--50);padding-left:var(--wp--preset--spacing--30)\">\n<div class=\"wp-block-group is-vertical is-layout-flex wp-container-core-group-is-layout-c2991436 wp-block-group-is-layout-flex\" style=\"padding-top:var(--wp--preset--spacing--40)\">\n<h1 class=\"wp-block-heading has-text-align-left dyn has-color-31-color has-text-color gs_0dysQS\" id=\"h-post-titel\"><span data-tag=\"title\" data-params=\"\" class=\"is-tag\">Post title<\/span><\/h1>\n\n\n<\/div>\n<\/div>\n\n\n\n<div class=\"wp-block-column is-vertically-aligned-bottom hidden-md hidden-lg col-12 col-sm-12 col-md-8 col-lg-8 is-layout-flow wp-block-column-is-layout-flow\" style=\"padding-left:var(--wp--preset--spacing--30)\">\n<h1 class=\"wp-block-heading has-text-align-center dyn has-color-31-color has-text-color gs_Qz9dg4\" id=\"h-post-titel-0\"><span data-tag=\"title\" data-params=\"\" class=\"is-tag\">Post title<\/span><\/h1>\n<\/div>\n\n\n\n<div class=\"wp-block-column hidden-md hidden-lg col-12 col-sm-auto is-layout-flow wp-block-column-is-layout-flow\"><\/div>\n<\/div>\n<\/div>\n\n<div  class=\"spacer_wrap dyn\" aria-hidden=\"true\"><div class=\"wp-block-spacer inner-sm\" style=\"height:calc(2em * 0.4)\" aria-hidden=\"true\"><\/div><div class=\"wp-block-spacer inner-md\" style=\"height:calc(2em * 0.6)\" aria-hidden=\"true\"><\/div><div class=\"wp-block-spacer inner-lg\" style=\"height:calc(2em * 0.8)\" aria-hidden=\"true\"><\/div><div class=\"wp-block-spacer inner-xl\" style=\"height:2em\" aria-hidden=\"true\"><\/div><\/div><\/div>\n\n<div  class=\"row_wrap\">\n<div class=\"wp-block-columns row_xxl is-layout-flex wp-container-core-columns-is-layout-9d6595d7 wp-block-columns-is-layout-flex\">\n<div class=\"wp-block-column col-12 col-sm-12 col-md-8 col-lg-8 is-layout-flow wp-block-column-is-layout-flow\" style=\"flex-basis:66.66%;width:66.66%\">\n<h2 class=\"wp-block-heading\">The internship as part of the degree programme<\/h2>\n\n\n\n<p>Universities prepare students for professional activities that require the application of scientific knowledge and methods. With the Bachelor's degree, students acquire a first professional qualification. During work placements, they learn to apply the knowledge they have acquired outside the university. In this way, practical relevance is established and transfer skills are practised. Depending on the subject culture, different skills are emphasised. The Internship Office supports students on all Bachelor's degree programmes in their search for the right internship position, if desired, and provides information on the various requirements.<\/p>\n\n\n\n<p>At Nordhausen University of Applied Sciences, all Bachelor's degree programmes in the Faculty of Business, Economics and Social Sciences include integrated practical semesters. The Faculty of Engineering favours the practice-oriented final module, in which a phase of work experience leads to the completion of the final thesis.&nbsp;<\/p>\n\n\n\n<p>Students benefit from the practical phases because they<\/p>\n\n\n\n<ul class=\"wp-block-list\">\n<li>acquire further specialised and interdisciplinary skills,<\/li>\n\n\n\n<li>orientate themselves professionally,<\/li>\n\n\n\n<li>grow with the tasks in the internship,<\/li>\n\n\n\n<li>absorb norms and values of the professional world and<\/li>\n\n\n\n<li>Acquire references and establish networks.<\/li>\n<\/ul>\n\n\n\n<div class=\"wp-block-group\" style=\"padding-top:var(--wp--preset--spacing--30);padding-bottom:var(--wp--preset--spacing--30)\"><div class=\"wp-block-group__inner-container is-layout-constrained wp-block-group-is-layout-constrained\">\n<h3 class=\"wp-block-heading\">Overview of the practical phases<\/h3>\n\n\n\n<figure class=\"wp-block-table\"><table><thead><tr><th>Study programme<\/th><th>Semester<\/th><th>Duration<\/th><\/tr><\/thead><tbody><tr><td>(International) Business Administration<\/td><td>5<\/td><td>at least 20 weeks<\/td><\/tr><tr><td>Health and social services<\/td><td>5<\/td><td>at least 100 days<\/td><\/tr><tr><td>Curative education<\/td><td>6<\/td><td>at least 100 days<\/td><\/tr><tr><td>Public Management<\/td><td>4<\/td><td>six months<\/td><\/tr><tr><td>Public Management<\/td><td>7<\/td><td>six months<\/td><\/tr><tr><td>Social management<\/td><td>4<\/td><td>at least 20 weeks<\/td><\/tr><tr><td>Engineering<\/td><td>7<\/td><td>24-28 weeks<\/td><\/tr><\/tbody><\/table><\/figure>\n<\/div><\/div>\n\n\n\n<div class=\"wp-block-group\" style=\"padding-top:var(--wp--preset--spacing--50);padding-bottom:var(--wp--preset--spacing--50)\"><div class=\"wp-block-group__inner-container is-layout-constrained wp-block-group-is-layout-constrained\">\n<h4 class=\"wp-block-heading\">Templates \/ Internship documents<\/h4>\n\n\n\n<p>The practical phases are regulated differently in the individual degree programmes. There are therefore various templates. Contracts from companies, authorities or institutions are generally accepted equally. However, in most cases it is necessary to complete a task description so that programme-specific requirements can be checked. Most templates are forms that have been created with a special programme and are available as writable PDFs. This only works if the files are downloaded to your own PC. Otherwise, the data entered will not be saved. It is very much appreciated if the forms are filled in using a PC.<\/p>\n\n\n\n<p>Please note that there are separate templates for the Public Management degree programme.&nbsp;<\/p>\n\n\n\n<div class=\"wp-block-group has-color-23-background-color has-background\" style=\"padding-top:var(--wp--preset--spacing--30);padding-right:var(--wp--preset--spacing--30);padding-bottom:var(--wp--preset--spacing--30);padding-left:var(--wp--preset--spacing--30)\"><div class=\"wp-block-group__inner-container is-layout-constrained wp-container-core-group-is-layout-0cc5ead4 wp-block-group-is-layout-constrained\"><div class=\"wp-block-downloadlist-list\"><ul class=\"downloadlist-list wp-block-downloadlist-list iconset-bootstrap\">\n<li class=\"attachment-8632 file_application file_pdf\"><a href=\"https:\/\/www.hs-nordhausen.de\/wp-content\/uploads\/sites\/8\/2024\/01\/Formular_Aufgabenbeschreibung.pdf\" download rel=\"nofollow\">Job description<\/a> (164 KB)<\/li>\n<li class=\"attachment-8629 file_application file_pdf\"><a href=\"https:\/\/www.hs-nordhausen.de\/wp-content\/uploads\/sites\/8\/2024\/01\/Aufgabenbeschreibung_PuMa_2022.pdf\" download rel=\"nofollow\">Task description Public Management<\/a> (52 KB)<\/li>\n<li class=\"attachment-8630 file_application file_pdf\"><a href=\"https:\/\/www.hs-nordhausen.de\/wp-content\/uploads\/sites\/8\/2024\/01\/Beschreibbarer_Praktikumsvertrag.pdf\" download rel=\"nofollow\">Internship contract<\/a> (34 KB)<\/li>\n<li class=\"attachment-36710 file_application file_pdf\"><a href=\"https:\/\/www.hs-nordhausen.de\/wp-content\/uploads\/sites\/8\/2025\/11\/HSN_Praktikumsvertrag_PublicManagement_.pdf\" download rel=\"nofollow\">Internship contract Public Management<\/a> (152 KB)<\/li>\n<li class=\"attachment-8631 file_application file_pdf\"><a href=\"https:\/\/www.hs-nordhausen.de\/wp-content\/uploads\/sites\/8\/2024\/01\/Beschreibung_Abschlussmodul_FB_Ingenieurwissenschaften.pdf\" download rel=\"nofollow\">Final module FB Engineering Sciences<\/a> (89 KB)<\/li>\n<li class=\"attachment-8633 file_application file_pdf\"><a href=\"https:\/\/www.hs-nordhausen.de\/wp-content\/uploads\/sites\/8\/2024\/01\/Nachweis_Praktikum_WISO.pdf\" download rel=\"nofollow\">Proof of internship WISO<\/a> (40 KB)<\/li>\n<\/ul><\/div>\n<\/div><\/div>\n<\/div><\/div>\n<\/div>\n\n\n\n<div class=\"wp-block-column col-12 col-sm-12 col-md-3 col-lg-3 offset-md-1 offset-lg-1 is-layout-flow wp-block-column-is-layout-flow\" style=\"flex-basis:33.33%;width:33.33%\">\n<h3 class=\"wp-block-heading\" id=\"h-kontakt\">Contact<\/h3>\n\n\n\n<div class=\"wp-block-query is-layout-flow wp-block-query-is-layout-flow\"><div id='post-results-69e8b3485b3e4'  class=\"greyd-posts-slider wp-block-post-template js\" data-currentpage=\"1\" data-query-id=\"2\" data-height=\"max\"><div class='query-pages-wrapper results_wrapper' data-ppp='3'><div class='query-page result_wrapper is-current' data-page='1'><article class='query-post wp-block-post post-8647 kontaktverzeichnis type-kontaktverzeichnis status-publish hentry kontaktverzeichnis_category-person kontaktverzeichnis_tag-ansprechperson kontaktverzeichnis_bereich-career-service kontaktverzeichnis_bereich-praktikantenamt kontaktverzeichnis_bereich-ssz kontaktverzeichnis_position-mitarbeiterin kontaktverzeichnis_sortierung-b cluster-_n-a kontakt-zuordnung-nbargfrede projekt-n-a studienbereich-n-a institut-oder-einric-n-a stg-zuordnung-n-a fachbereich-n-a search_result' data-post='8647'data-title='bargfrede nicola'data-date='2024-01-29 14:45:51'data-postviews='2801'data-index='1'>\n<div id=\"greyd-69e8b3486049d\" class=\"wp-block-greyd-box aligncenter dyn gs_LvI53R greyd-content-box gs_LvI53R flex-justify-flex-start\">\n<div id=\"greyd-69e8b3485f8b3\" class=\"wp-block-greyd-box aligncenter dyn gs_nVZwZR greyd-content-box gs_nVZwZR flex-justify-flex-start\">\n<div class=\"wp-block-group is-horizontal is-content-justification-space-between is-nowrap is-layout-flex wp-container-core-group-is-layout-b493c794 wp-block-group-is-layout-flex gs_EAw9o9 group_wrap\"><\/div>\n<\/div>\n\n\n\n<div class=\"wp-block-group is-nowrap is-layout-flex wp-container-core-group-is-layout-ad2f72ca wp-block-group-is-layout-flex\">\n<h3 class=\"wp-block-heading has-text-align-center is-style-rounded dyn has-color-21-color has-text-color has-link-color wp-elements-c6c5971265fcba52cd5213e267d517bb gs_ms6cea\" id=\"name\" style=\"font-style:normal;font-weight:600\"><span data-tag=\"titel\" data-params=\"\" class=\"is-tag\">Title (Prof.\/Dr.\/...)<\/span> <span data-tag=\"vorname\" data-params=\"\" class=\"is-tag\">First name<\/span> <span data-tag=\"nachname\" data-params=\"\" class=\"is-tag\">Surname<\/span><\/h3>\n<\/div>\n\n\n\n\n<p class=\"has-text-align-center dyn\"><span data-tag=\"taxonomy-kontaktverzeichnis_position\" data-params=\"\" class=\"is-tag\"><strong>Positions<\/strong><\/span><\/p>\n\n\n\n\n<hr id=\"greyd-69e8b3485fe2b\" style='  border-style: dotted !important; opacity: 100% !important; height: 1px !important;   ' class=\"wp-block-separator has-text-color has-color-22-color has-alpha-channel-opacity has-color-22-background-color has-background is-style-wide\"\/>\n\n\n\n<ul id=\"list_69e8b3485ff22\" class=\"wp-block-greyd-list\" style=\"padding-top:var(--wp--preset--spacing--50);padding-bottom:0\">\n<li><span class=\"list_icon icon_profile\" aria-hidden=\"true\"><\/span><span class=\"list_content\"><p><span class=\"is-button link\" data-type=\"dynamic\" data-params=\"{&quot;tag&quot;:&quot;post&quot;}\">Profile<\/span><\/p><\/span><\/li>\n\n\n\n<li><span class=\"list_icon icon_phone\" aria-hidden=\"true\"><\/span><span class=\"list_content\"><p><span data-tag=\"telefon\" data-params=\"\" class=\"is-tag\">Telephone<\/span><\/p><\/span><\/li>\n\n\n\n<li><span class=\"list_icon icon_search_alt\" aria-hidden=\"true\"><\/span><span class=\"list_content\"><p><span data-tag=\"fax\" data-params=\"\" class=\"is-tag\">fax<\/span><\/p><\/span><\/li>\n\n\n\n<li><span class=\"list_icon icon_mail\" aria-hidden=\"true\"><\/span><span class=\"list_content\"><p><span data-tag=\"e-mail\" data-params=\"\" class=\"is-tag\">e-mail<\/span><\/p><\/span><\/li>\n\n\n\n<li><span class=\"list_icon icon_house\" aria-hidden=\"true\"><\/span><span class=\"list_content\"><p><span data-tag=\"buero\" data-params=\"&quot;&quot;\" class=\"is-tag\">Office<\/span><\/p><\/span><\/li>\n<\/ul>\n<\/div>\n<\/article><\/div><\/div><\/div><div class='loading_spinner_wrapper' style='display:none;'>\n\t\t\t<div class='loading_spinner'>\n\t\t\t\t<div><\/div> <div><\/div> <div><\/div> <div><\/div>\n\t\t\t<\/div>\n\t\t<\/div><\/div>\n\n\n\n<div id=\"greyd-69e8b34861165\" class=\"wp-block-greyd-box dyn gs_LWtL8s greyd-content-box gs_LWtL8s\"><nav data-anchoractive=\"{&quot;start&quot;:&quot;0%&quot;,&quot;end&quot;:&quot;100%&quot;,&quot;multiple&quot;:&quot;&quot;,&quot;none&quot;:&quot;&quot;,&quot;enable&quot;:true}\" class=\"is-anchor-active-style submenus-toggle gs_bXqW0f is-vertical dyn submenus-toggle wp-block-navigation is-content-justification-stretch is-layout-flex wp-container-core-navigation-is-layout-4925fad1 wp-block-navigation-is-layout-flex\" aria-label=\"Service SSZ - Page-Nav\"><ul class=\"wp-block-navigation__container  is-vertical dyn submenus-toggle wp-block-navigation\"><li class=\"wp-block-navigation-item wp-block-navigation-link\"><a class=\"wp-block-navigation-item__content\"  href=\"https:\/\/www.hs-nordhausen.de\/en\/service\/study-service-centre-ssz\/\"><span class=\"wp-block-navigation-item__label\"><strong>Study Service Centre (SSZ)<\/strong><\/span><\/a><\/li><\/ul><ul class=\"wp-block-navigation__container  is-vertical dyn submenus-toggle wp-block-navigation\"><li class=\"wp-block-navigation-item wp-block-navigation-link\"><a class=\"wp-block-navigation-item__content\"  href=\"https:\/\/www.hs-nordhausen.de\/en\/service\/study-service-centre-ssz\/central-study-counselling\/\"><span class=\"wp-block-navigation-item__label\">Central Student Counselling Service<\/span><\/a><\/li><li class=\"wp-block-navigation-item wp-block-navigation-link\"><a class=\"wp-block-navigation-item__content\"  href=\"https:\/\/www.hs-nordhausen.de\/en\/service\/study-service-centre-ssz\/applications-and-reminders\/\"><span class=\"wp-block-navigation-item__label\">Applications and information sheets<\/span><\/a><\/li><li class=\"wp-block-navigation-item wp-block-navigation-link\"><a class=\"wp-block-navigation-item__content\"  href=\"https:\/\/www.hs-nordhausen.de\/en\/service\/study-service-centre-ssz\/internship-office\/\"><span class=\"wp-block-navigation-item__label\">Internship office<\/span><\/a><\/li><li class=\"wp-block-navigation-item wp-block-navigation-link\"><a class=\"wp-block-navigation-item__content\"  href=\"https:\/\/www.hs-nordhausen.de\/en\/service\/study-service-centre-ssz\/examination-office\/\"><span class=\"wp-block-navigation-item__label\">Examination office<\/span><\/a><\/li><li class=\"wp-block-navigation-item wp-block-navigation-link\"><a class=\"wp-block-navigation-item__content\"  href=\"https:\/\/www.hs-nordhausen.de\/en\/service\/study-service-centre-ssz\/information-on-health-insurance\/\"><span class=\"wp-block-navigation-item__label\">Information on health insurance<\/span><\/a><\/li><li class=\"wp-block-navigation-item wp-block-navigation-link\"><a class=\"wp-block-navigation-item__content\"  href=\"https:\/\/www.hs-nordhausen.de\/en\/service\/study-service-centre-ssz\/long-term-tuition-fees\/\"><span class=\"wp-block-navigation-item__label\">Long-term tuition fees<\/span><\/a><\/li><\/ul><\/nav><\/div>\n<\/div>\n<\/div>\n<\/div>","protected":false},"excerpt":{"rendered":"<p>Das Praktikum als Bestandteil des Studiums Hochschulen bereiten auf berufliche T\u00e4tigkeiten vor, die eine Anwendung wissenschaftlicher Erkenntnisse und Methoden erfordern. Mit dem Abschluss &#8222;Bachelor&#8220; erwerben Studierende einen ersten berufsqualifizierenden Abschluss. Im Rahmen von Praktika lernen sie au\u00dferhalb des Lernorts Hochschule ihr erworbenes Wissen anzuwenden. Praxisbez\u00fcge werden auf diese Weise hergestellt und Transferkompetenz einge\u00fcbt. Je nach [&hellip;]<\/p>\n","protected":false},"author":19,"featured_media":0,"parent":410,"menu_order":3,"comment_status":"closed","ping_status":"closed","template":"","meta":{"_piecal_is_recurring":false,"_piecal_recurring_interval":1,"_piecal_recurring_frequency":"","_piecal_recurring_exact_position":false,"_piecal_recurring_end":"","_piecal_color":"","_piecal_text_color":"","_piecal_global_color_master":false,"_piecal_is_event":false,"_piecal_start_date":"","_piecal_end_date":"","_piecal_is_allday":false,"greyd_block_editor_preview":[],"pgc_sgb_lightbox_settings":"","footnotes":""},"page_category":[],"page_tag":[],"page_redaktion":[],"zielgruppen":[],"kontakt-zuordnung":[],"institut-oder-einric":[],"stg-zuordnung":[696],"fachbereich":[804],"wf_page_folders":[493],"ppma_author":[1406,3055,3054,3056],"class_list":["post-1397","page","type-page","status-publish","hentry","stg-zuordnung-n-a","fachbereich-n-a"],"publishpress_future_action":{"enabled":false,"date":"2026-04-29 13:38:48","action":"change-status","newStatus":"draft","terms":[],"taxonomy":"page_category","extraData":[]},"publishpress_future_workflow_manual_trigger":{"enabledWorkflows":[]},"_links":{"self":[{"href":"https:\/\/www.hs-nordhausen.de\/en\/wp-json\/wp\/v2\/pages\/1397","targetHints":{"allow":["GET"]}}],"collection":[{"href":"https:\/\/www.hs-nordhausen.de\/en\/wp-json\/wp\/v2\/pages"}],"about":[{"href":"https:\/\/www.hs-nordhausen.de\/en\/wp-json\/wp\/v2\/types\/page"}],"author":[{"embeddable":true,"href":"https:\/\/www.hs-nordhausen.de\/en\/wp-json\/wp\/v2\/users\/19"}],"replies":[{"embeddable":true,"href":"https:\/\/www.hs-nordhausen.de\/en\/wp-json\/wp\/v2\/comments?post=1397"}],"version-history":[{"count":5,"href":"https:\/\/www.hs-nordhausen.de\/en\/wp-json\/wp\/v2\/pages\/1397\/revisions"}],"predecessor-version":[{"id":36715,"href":"https:\/\/www.hs-nordhausen.de\/en\/wp-json\/wp\/v2\/pages\/1397\/revisions\/36715"}],"up":[{"embeddable":true,"href":"https:\/\/www.hs-nordhausen.de\/en\/wp-json\/wp\/v2\/pages\/410"}],"wp:attachment":[{"href":"https:\/\/www.hs-nordhausen.de\/en\/wp-json\/wp\/v2\/media?parent=1397"}],"wp:term":[{"taxonomy":"page_category","embeddable":true,"href":"https:\/\/www.hs-nordhausen.de\/en\/wp-json\/wp\/v2\/page_category?post=1397"},{"taxonomy":"page_tag","embeddable":true,"href":"https:\/\/www.hs-nordhausen.de\/en\/wp-json\/wp\/v2\/page_tag?post=1397"},{"taxonomy":"page_redaktion","embeddable":true,"href":"https:\/\/www.hs-nordhausen.de\/en\/wp-json\/wp\/v2\/page_redaktion?post=1397"},{"taxonomy":"zielgruppen","embeddable":true,"href":"https:\/\/www.hs-nordhausen.de\/en\/wp-json\/wp\/v2\/zielgruppen?post=1397"},{"taxonomy":"kontakt-zuordnung","embeddable":true,"href":"https:\/\/www.hs-nordhausen.de\/en\/wp-json\/wp\/v2\/kontakt-zuordnung?post=1397"},{"taxonomy":"institut-oder-einric","embeddable":true,"href":"https:\/\/www.hs-nordhausen.de\/en\/wp-json\/wp\/v2\/institut-oder-einric?post=1397"},{"taxonomy":"stg-zuordnung","embeddable":true,"href":"https:\/\/www.hs-nordhausen.de\/en\/wp-json\/wp\/v2\/stg-zuordnung?post=1397"},{"taxonomy":"fachbereich","embeddable":true,"href":"https:\/\/www.hs-nordhausen.de\/en\/wp-json\/wp\/v2\/fachbereich?post=1397"},{"taxonomy":"wf_page_folders","embeddable":true,"href":"https:\/\/www.hs-nordhausen.de\/en\/wp-json\/wp\/v2\/wf_page_folders?post=1397"},{"taxonomy":"author","embeddable":true,"href":"https:\/\/www.hs-nordhausen.de\/en\/wp-json\/wp\/v2\/ppma_author?post=1397"}],"curies":[{"name":"wp","href":"https:\/\/api.w.org\/{rel}","templated":true}]}}