{"id":1403,"date":"2023-04-25T15:07:18","date_gmt":"2023-04-25T13:07:18","guid":{"rendered":"https:\/\/hsnordhausen.artemis.wpspace.me\/hsn\/service\/informationen-zur-krankenversicherung\/"},"modified":"2026-03-16T12:35:04","modified_gmt":"2026-03-16T11:35:04","slug":"information-on-health-insurance","status":"publish","type":"page","link":"https:\/\/www.hs-nordhausen.de\/en\/service\/studien-service-zentrum-ssz\/informationen-zur-krankenversicherung\/","title":{"rendered":"Information on health insurance"},"content":{"rendered":"<div  class=\"dynamic row_xxl\"><div  class=\"spacer_wrap dyn\" aria-hidden=\"true\"><div class=\"wp-block-spacer inner-sm inner-md inner-lg\" style=\"height:calc(2em * 0.8)\" aria-hidden=\"true\"><\/div><div class=\"wp-block-spacer inner-xl\" style=\"height:2em\" aria-hidden=\"true\"><\/div><\/div>\n\n\n<nav aria-label=\"breadcrumbs\" class=\"rank-math-breadcrumb\"><p><span class=\"last\">Home<\/span><\/p><\/nav>\n\n\n<div  class=\"gs_pj9ffA row_wrap has-background\"><div id='bg_69e1fd9599b77' class='greyd-background bg_full'>\n\t\t\t\t\t\t\t\t<div class='bg_color'><\/div>\n\t\t\t\t\t\t\t\t\n\t\t\t\t\t\t\t\t\n\t\t\t\t\t\t\t\t\n\t\t\t\t\t\t\t<\/div>\n<div class=\"wp-block-columns row_xxl has-color-13-background-color has-background is-layout-flex wp-container-core-columns-is-layout-3fec90f0 wp-block-columns-is-layout-flex\" style=\"margin-top:var(--wp--preset--spacing--30);margin-bottom:var(--wp--preset--spacing--30)\">\n<div class=\"wp-block-column is-vertically-aligned-center hidden-xs hidden-sm col-12 col-sm-12 col-md-12 col-lg-12 is-layout-flow wp-block-column-is-layout-flow\" style=\"padding-top:var(--wp--preset--spacing--40);padding-right:var(--wp--preset--spacing--30);padding-bottom:var(--wp--preset--spacing--50);padding-left:var(--wp--preset--spacing--30)\">\n<div class=\"wp-block-group is-vertical is-layout-flex wp-container-core-group-is-layout-c2991436 wp-block-group-is-layout-flex\" style=\"padding-top:var(--wp--preset--spacing--40)\">\n<h1 class=\"wp-block-heading has-text-align-left dyn has-color-31-color has-text-color gs_0dysQS\" id=\"h-post-titel\"><span data-tag=\"title\" data-params=\"\" class=\"is-tag\">Post Titel<\/span><\/h1>\n\n\n<\/div>\n<\/div>\n\n\n\n<div class=\"wp-block-column is-vertically-aligned-bottom hidden-md hidden-lg col-12 col-sm-12 col-md-8 col-lg-8 is-layout-flow wp-block-column-is-layout-flow\" style=\"padding-left:var(--wp--preset--spacing--30)\">\n<h1 class=\"wp-block-heading has-text-align-center dyn has-color-31-color has-text-color gs_Qz9dg4\" id=\"h-post-titel-0\"><span data-tag=\"title\" data-params=\"\" class=\"is-tag\">Post Titel<\/span><\/h1>\n<\/div>\n\n\n\n<div class=\"wp-block-column hidden-md hidden-lg col-12 col-sm-auto is-layout-flow wp-block-column-is-layout-flow\"><\/div>\n<\/div>\n<\/div>\n\n<div  class=\"spacer_wrap dyn\" aria-hidden=\"true\"><div class=\"wp-block-spacer inner-sm\" style=\"height:calc(2em * 0.4)\" aria-hidden=\"true\"><\/div><div class=\"wp-block-spacer inner-md\" style=\"height:calc(2em * 0.6)\" aria-hidden=\"true\"><\/div><div class=\"wp-block-spacer inner-lg\" style=\"height:calc(2em * 0.8)\" aria-hidden=\"true\"><\/div><div class=\"wp-block-spacer inner-xl\" style=\"height:2em\" aria-hidden=\"true\"><\/div><\/div><\/div>\n\n<div  class=\"row_wrap\">\n<div class=\"wp-block-columns row_xxl is-layout-flex wp-container-core-columns-is-layout-9d6595d7 wp-block-columns-is-layout-flex\">\n<div class=\"wp-block-column col-12 col-sm-12 col-md-8 col-lg-8 is-layout-flow wp-block-column-is-layout-flow\" style=\"flex-basis:66.66%;width:66.66%\">\n<p>F\u00fcr die Aufnahme eines Studiums ist der jeweilige Krankenversicherungsstatus zu belegen. Eine Einschreibung kann nur nach elektronischer Versicherungsmeldung der gesetzlichen Krankenkasse erfolgen, d.h.&nbsp; jede sich f\u00fcr einen Studienplatz bewerbende Person muss sich vor der Einschreibung mit der zust\u00e4ndigen Krankenkasse (KV) in Verbindung setzen (Elektronisches Studenten-Meldeverfahren- SMV).<\/p>\n\n\n\n<p>Gem\u00e4\u00df \u00a7199a SGB V besteht zwischen Krankenkassen und Hochschulen die gegenseitige Meldepflicht bez\u00fcglich der Krankenversicherung. Die gesetzliche Krankenversicherung meldet elektronisch, anhand der Informationen, die sie vom Studierenden\/Bewerber erh\u00e4lt, den Status (M10) an die Hochschule Nordhausen.<\/p>\n\n\n\n<p>Seit dem 1.1.2022 erfolgt eine solche Meldung ausschlie\u00dflich elektronisch.<\/p>\n\n\n\n<p><strong>Meldungen in Papierform k\u00f6nnen nicht mehr entgegengenommen werden!<\/strong><\/p>\n\n\n\n<h2 class=\"wp-block-heading\" id=\"h-was-bedeutet-das-fur-sie\">Was bedeutet das f\u00fcr Sie?<\/h2>\n\n\n\n<div class=\"wp-block-group has-color-13-background-color has-background gs_bM7PtT group_wrap\" style=\"padding-top:var(--wp--preset--spacing--30);padding-right:var(--wp--preset--spacing--50);padding-bottom:var(--wp--preset--spacing--30);padding-left:var(--wp--preset--spacing--50)\"><div class=\"wp-block-group__inner-container is-layout-constrained wp-container-core-group-is-layout-adc84c1b wp-block-group-is-layout-constrained\">\n<h3 class=\"wp-block-heading\" id=\"h-sich-bewerbende-personen\">Sich bewerbende Personen<\/h3>\n\n\n\n<p>Sp\u00e4testens zum Zeitpunkt der Einschreibung ben\u00f6tigen wir von Ihrer Krankenversicherung eine elektronische Meldung \u00fcber Ihren Versicherungsstatus (M10). Wenn Sie zu Beginn Ihres Studiums gesetzlich krankenversichert sind, teilen Sie Ihrer Krankenkasse mit, dass Sie das Studium an der Hochschule Nordhausen aufnehmen werden. Ihre Krankenversicherung sendet dann die erforderliche Meldung an uns.<\/p>\n\n\n\n<p>Bitte geben Sie dazu die Absendernummer der Hochschule Nordhausen bei Ihrer Krankenkasse an: <strong>07502575<\/strong><\/p>\n<\/div><\/div>\n\n\n\n<div class=\"wp-block-group has-color-23-background-color has-background gs_mGy1YG group_wrap\" style=\"padding-top:var(--wp--preset--spacing--20);padding-right:var(--wp--preset--spacing--50);padding-bottom:var(--wp--preset--spacing--20);padding-left:var(--wp--preset--spacing--50)\"><div class=\"wp-block-group__inner-container is-layout-constrained wp-container-core-group-is-layout-3543ed5c wp-block-group-is-layout-constrained\">\n<h3 class=\"wp-block-heading\" id=\"h-studierende\">Studierende<\/h3>\n\n\n\n<p>Studierende, die bereits eingeschrieben sind, m\u00fcssen durch die Umstellung vorerst nichts beachten<strong> \u2013 au\u00dfer, Sie werden von uns kontaktiert.<\/strong><\/p>\n<\/div><\/div>\n\n\n\n<div class=\"wp-block-group has-color-13-background-color has-background gs_qjVShL group_wrap\" style=\"padding-top:var(--wp--preset--spacing--30);padding-right:var(--wp--preset--spacing--50);padding-bottom:var(--wp--preset--spacing--30);padding-left:var(--wp--preset--spacing--50)\"><div class=\"wp-block-group__inner-container is-layout-constrained wp-container-core-group-is-layout-adc84c1b wp-block-group-is-layout-constrained\">\n<h3 class=\"wp-block-heading\" id=\"h-studierende-die-ihre-krankenkasse-wechseln\">Studierende, die ihre Krankenkasse wechseln<\/h3>\n\n\n\n<p>Damit die n\u00e4chste R\u00fcckmeldung reibungslos erfolgen kann, ben\u00f6tigen wir von Ihrer neuen Krankenkasse eine elektronische Meldung \u00fcber den Krankenkassenwechsel (M11). Teilen Sie bitte Ihrer neuen Krankenkasse mit, dass Sie an der Hochschule Nordhausen studieren. Ihre Krankenversicherung sendet dann die erforderliche Meldung an uns.<br><br>Bitte geben Sie dazu die Absendernummer der Hochschule Nordhausen bei Ihrer Krankenkasse an: <strong>07502575.<\/strong><\/p>\n\n\n\n<p>F\u00fcr den elektronischen Datenaustausch wurde f\u00fcr die Hochschule Nordhausen bei den Krankenkassen die Nummer <strong>BNH0000822<\/strong> hinterlegt.<\/p>\n<\/div><\/div>\n\n\n\n<div class=\"wp-block-group has-color-23-background-color has-background gs_HWBBJA group_wrap\" style=\"padding-top:var(--wp--preset--spacing--30);padding-right:var(--wp--preset--spacing--50);padding-bottom:var(--wp--preset--spacing--30);padding-left:var(--wp--preset--spacing--50)\"><div class=\"wp-block-group__inner-container is-layout-constrained wp-container-core-group-is-layout-adc84c1b wp-block-group-is-layout-constrained\">\n<h3 class=\"wp-block-heading\" id=\"h-studierende-die-privat-versichert-sind\">Studierende, die privat versichert sind<\/h3>\n\n\n\n<p>Grunds\u00e4tzlich m\u00fcssen Sie eine beliebige gesetzliche Krankenkasse kontaktieren, diese wird uns dann das Vorliegen einer privaten Versicherung melden.<br><br>Bitte geben Sie dazu die Absendernummer der Hochschule Nordhausen bei Ihrer Krankenkasse an: <strong>07502575.<\/strong><\/p>\n\n\n\n<p><strong>Rechtsgrundlage<\/strong> <em>\u00a7 199 a Absatz 2 SBG V:<\/em><\/p>\n<\/div><\/div>\n\n\n\n<div class=\"wp-block-group has-color-51-background-color has-background gs_qWiN50 group_wrap\" style=\"padding-top:var(--wp--preset--spacing--30);padding-right:var(--wp--preset--spacing--50);padding-bottom:var(--wp--preset--spacing--30);padding-left:var(--wp--preset--spacing--50)\"><div class=\"wp-block-group__inner-container is-layout-constrained wp-container-core-group-is-layout-adc84c1b wp-block-group-is-layout-constrained\">\n<p><strong>Rechtsgrundlage<\/strong> <em>\u00a7 199 a Absatz 2 SBG V:<\/em><\/p>\n\n\n\n<p><em>\u201e(2) Jeder Studieninteressierte hat gegen\u00fcber der staatlichen oder staatlich anerkannten Hochschule vor der Einschreibung nachzuweisen, dass er in der gesetzlichen Krankenversicherung versichert ist oder mit Beginn des Semesters, fr\u00fchestens mit dem Tag der Einschreibung sein wird, oder dass er nicht gesetzlich versichert ist, weil er versicherungsfrei, von der Versicherungspflicht befreit oder nicht versicherungspflichtig ist. Der Studieninteressierte fordert bei der Krankenkasse an, dass die Krankenkasse den Nachweis \u00fcber seinen Versichertenstatus nach Satz 1 an die staatliche oder staatlich anerkannte Hochschule meldet. Die Meldung enth\u00e4lt neben dem Versichertenstatus nach Satz 1 auch Angaben \u00fcber Name, Geschlecht, Anschrift und Geburtsdatum des Studieninteressierten sowie dessen Krankenversichertennummer, soweit diese zum Zeitpunkt der Meldung vorliegt und f\u00fcr das weitere Verfahren erforderlich ist. [\u2026]\u201c<\/em><\/p>\n<\/div><\/div>\n\n\n\n<div class=\"wp-block-group gs_8s9w1q group_wrap\"><div class=\"wp-block-group__inner-container is-layout-constrained wp-block-group-is-layout-constrained\">\n<h2 class=\"wp-block-heading\" id=\"h-elektronisches-studenten-meldeverfahren-smv\">Elektronisches Studenten-Meldeverfahren (SMV)<\/h2>\n\n\n\n<p>Gem\u00e4\u00df \u00a7 199a SGB V besteht zwischen Krankenkassen und Hochschulen die gegenseitige Meldepflicht bez\u00fcglich der Krankenversicherung.<\/p>\n\n\n\n<p><strong>Die Krankenkassen melden an die Hochschule Nordhausen:<\/strong><\/p>\n\n\n\n<ul class=\"wp-block-list\">\n<li>den Versicherungsstatus (M10)<\/li>\n\n\n\n<li>den Beginn der Versicherung bei einem Krankenkassenwechsel (M11)<\/li>\n\n\n\n<li>den Verzug mit der Zahlung der Krankenkassenbeitr\u00e4ge (M12)<\/li>\n\n\n\n<li>die Begleichung der r\u00fcckst\u00e4ndigen Krankenkassenbeitr\u00e4ge (M13)<\/li>\n<\/ul>\n\n\n\n<p><strong>Die Hochschule meldet an die Krankenkassen<\/strong>:<\/p>\n\n\n\n<ul class=\"wp-block-list\">\n<li>den Beginn des Studiums und den Tag der Einschreibung (M20)<\/li>\n\n\n\n<li>den Ablauf des Semesters, indem oder mit Wirkung dessen Ablauf die Exmatrikulation erfolgt\/ erfolgte (M30)<\/li>\n<\/ul>\n\n\n\n<p>Zur Umsetzung dieser wechselseitigen Meldeverfahren wird die Hochschule Nordhausen ab dem Bewerbungsverfahren f\u00fcr das SoSe 2022 und f\u00fcr alle verpflichtend das elektronische Studenten-Meldeverfahren nutzen.<\/p>\n\n\n\n<p>Seit 01.01.2022 findet laut \u00a7 199a SGB V der Datentransfer zwischen Hochschulen und Krankenkassen in beide Richtungen <strong>ausschlie\u00dflich<\/strong> elektronisch statt.<\/p>\n\n\n\n<p><strong>Meldungen in Papierform k\u00f6nnen dann nicht mehr entgegengenommen werden.<\/strong><\/p>\n<\/div><\/div>\n<\/div>\n\n\n\n<div class=\"wp-block-column col-12 col-sm-12 col-md-3 col-lg-3 offset-md-1 offset-lg-1 is-layout-flow wp-block-column-is-layout-flow\" style=\"flex-basis:33.33%;width:33.33%\">\n<div id=\"page-list-box\" class=\"wp-block-greyd-box hidden-lg hidden-md hidden-sm hidden-xs gs_gsuUAh greyd-content-box gs_gsuUAh\">\n<h3 class=\"wp-block-heading\">Weitere Informationen<\/h3>\n\n\n<div class=\"wp-block-template-part\">\n<p>[subpages depth=&#8220;1&#8243; sort_order=&#8220;desc&#8220;  sort_order=&#8220;desc&#8220;]<\/p>\n<\/div>\n\n\n<hr class=\"wp-block-separator has-text-color has-color-22-color has-alpha-channel-opacity has-color-22-background-color has-background is-style-wide\"\/>\n\n\n<div class=\"wp-block-template-part\">\n<p>[siblings depth=&#8220;1&#8243; exclude=&#8220;current&#8220;]<\/p>\n<\/div><\/div>\n<\/div>\n<\/div>\n<\/div>","protected":false},"excerpt":{"rendered":"<p>F\u00fcr die Aufnahme eines Studiums ist der jeweilige Krankenversicherungsstatus zu belegen. Eine Einschreibung kann nur nach elektronischer Versicherungsmeldung der gesetzlichen Krankenkasse erfolgen, d.h.&nbsp; jede sich f\u00fcr einen Studienplatz bewerbende Person muss sich vor der Einschreibung mit der zust\u00e4ndigen Krankenkasse (KV) in Verbindung setzen (Elektronisches Studenten-Meldeverfahren- SMV). Gem\u00e4\u00df \u00a7199a SGB V besteht zwischen Krankenkassen und Hochschulen [&hellip;]<\/p>\n","protected":false},"author":19,"featured_media":0,"parent":410,"menu_order":9,"comment_status":"closed","ping_status":"closed","template":"","meta":{"_piecal_is_recurring":false,"_piecal_recurring_interval":1,"_piecal_recurring_frequency":"","_piecal_recurring_exact_position":false,"_piecal_recurring_end":"","_piecal_color":"","_piecal_text_color":"","_piecal_global_color_master":false,"_piecal_is_event":false,"_piecal_start_date":"","_piecal_end_date":"","_piecal_is_allday":false,"greyd_block_editor_preview":[],"pgc_sgb_lightbox_settings":"","footnotes":""},"page_category":[],"page_tag":[],"page_redaktion":[],"zielgruppen":[],"kontakt-zuordnung":[],"institut-oder-einric":[],"stg-zuordnung":[],"fachbereich":[],"wf_page_folders":[493],"ppma_author":[1406,3055,3054,3056],"class_list":["post-1403","page","type-page","status-publish","hentry"],"publishpress_future_action":{"enabled":false,"date":"2026-04-24 11:29:57","action":"change-status","newStatus":"draft","terms":[],"taxonomy":"page_category","extraData":[]},"publishpress_future_workflow_manual_trigger":{"enabledWorkflows":[]},"_links":{"self":[{"href":"https:\/\/www.hs-nordhausen.de\/en\/wp-json\/wp\/v2\/pages\/1403","targetHints":{"allow":["GET"]}}],"collection":[{"href":"https:\/\/www.hs-nordhausen.de\/en\/wp-json\/wp\/v2\/pages"}],"about":[{"href":"https:\/\/www.hs-nordhausen.de\/en\/wp-json\/wp\/v2\/types\/page"}],"author":[{"embeddable":true,"href":"https:\/\/www.hs-nordhausen.de\/en\/wp-json\/wp\/v2\/users\/19"}],"replies":[{"embeddable":true,"href":"https:\/\/www.hs-nordhausen.de\/en\/wp-json\/wp\/v2\/comments?post=1403"}],"version-history":[{"count":2,"href":"https:\/\/www.hs-nordhausen.de\/en\/wp-json\/wp\/v2\/pages\/1403\/revisions"}],"predecessor-version":[{"id":39485,"href":"https:\/\/www.hs-nordhausen.de\/en\/wp-json\/wp\/v2\/pages\/1403\/revisions\/39485"}],"up":[{"embeddable":true,"href":"https:\/\/www.hs-nordhausen.de\/en\/wp-json\/wp\/v2\/pages\/410"}],"wp:attachment":[{"href":"https:\/\/www.hs-nordhausen.de\/en\/wp-json\/wp\/v2\/media?parent=1403"}],"wp:term":[{"taxonomy":"page_category","embeddable":true,"href":"https:\/\/www.hs-nordhausen.de\/en\/wp-json\/wp\/v2\/page_category?post=1403"},{"taxonomy":"page_tag","embeddable":true,"href":"https:\/\/www.hs-nordhausen.de\/en\/wp-json\/wp\/v2\/page_tag?post=1403"},{"taxonomy":"page_redaktion","embeddable":true,"href":"https:\/\/www.hs-nordhausen.de\/en\/wp-json\/wp\/v2\/page_redaktion?post=1403"},{"taxonomy":"zielgruppen","embeddable":true,"href":"https:\/\/www.hs-nordhausen.de\/en\/wp-json\/wp\/v2\/zielgruppen?post=1403"},{"taxonomy":"kontakt-zuordnung","embeddable":true,"href":"https:\/\/www.hs-nordhausen.de\/en\/wp-json\/wp\/v2\/kontakt-zuordnung?post=1403"},{"taxonomy":"institut-oder-einric","embeddable":true,"href":"https:\/\/www.hs-nordhausen.de\/en\/wp-json\/wp\/v2\/institut-oder-einric?post=1403"},{"taxonomy":"stg-zuordnung","embeddable":true,"href":"https:\/\/www.hs-nordhausen.de\/en\/wp-json\/wp\/v2\/stg-zuordnung?post=1403"},{"taxonomy":"fachbereich","embeddable":true,"href":"https:\/\/www.hs-nordhausen.de\/en\/wp-json\/wp\/v2\/fachbereich?post=1403"},{"taxonomy":"wf_page_folders","embeddable":true,"href":"https:\/\/www.hs-nordhausen.de\/en\/wp-json\/wp\/v2\/wf_page_folders?post=1403"},{"taxonomy":"author","embeddable":true,"href":"https:\/\/www.hs-nordhausen.de\/en\/wp-json\/wp\/v2\/ppma_author?post=1403"}],"curies":[{"name":"wp","href":"https:\/\/api.w.org\/{rel}","templated":true}]}}