{"id":151,"date":"2023-02-16T14:48:42","date_gmt":"2023-02-16T13:48:42","guid":{"rendered":"https:\/\/hsnordhausen.artemis.wpspace.me\/hsn\/impressum\/"},"modified":"2024-09-30T09:20:18","modified_gmt":"2024-09-30T07:20:18","slug":"imprint","status":"publish","type":"page","link":"https:\/\/www.hs-nordhausen.de\/en\/impressum\/","title":{"rendered":"Imprint"},"content":{"rendered":"<div  class=\"spacer_wrap dyn\" aria-hidden=\"true\"><div class=\"wp-block-spacer inner-sm inner-md inner-lg\" style=\"height:calc(2em * 0.8)\" aria-hidden=\"true\"><\/div><div class=\"wp-block-spacer inner-xl\" style=\"height:2em\" aria-hidden=\"true\"><\/div><\/div>\n\n\n<nav aria-label=\"breadcrumbs\" class=\"rank-math-breadcrumb\"><p><span class=\"last\">Home<\/span><\/p><\/nav>\n\n\n<div  class=\"gs_pj9ffA row_wrap has-background\"><div id='bg_69ea32073989a' class='greyd-background bg_full'>\n\t\t\t\t\t\t\t\t<div class='bg_color'><\/div>\n\t\t\t\t\t\t\t\t\n\t\t\t\t\t\t\t\t\n\t\t\t\t\t\t\t\t\n\t\t\t\t\t\t\t<\/div>\n<div class=\"wp-block-columns row_xxl has-color-13-background-color has-background is-layout-flex wp-container-core-columns-is-layout-3fec90f0 wp-block-columns-is-layout-flex\" style=\"margin-top:var(--wp--preset--spacing--30);margin-bottom:var(--wp--preset--spacing--30)\">\n<div class=\"wp-block-column is-vertically-aligned-center hidden-xs hidden-sm col-12 col-sm-12 col-md-12 col-lg-12 is-layout-flow wp-block-column-is-layout-flow\" style=\"padding-top:var(--wp--preset--spacing--40);padding-right:var(--wp--preset--spacing--30);padding-bottom:var(--wp--preset--spacing--50);padding-left:var(--wp--preset--spacing--30)\">\n<div class=\"wp-block-group is-vertical is-layout-flex wp-container-core-group-is-layout-c2991436 wp-block-group-is-layout-flex\" style=\"padding-top:var(--wp--preset--spacing--40)\">\n<h1 class=\"wp-block-heading has-text-align-left dyn has-color-31-color has-text-color gs_0dysQS\" id=\"h-post-titel\"><span data-tag=\"title\" data-params=\"\" class=\"is-tag\">Post title<\/span><\/h1>\n\n\n<\/div>\n<\/div>\n\n\n\n<div class=\"wp-block-column is-vertically-aligned-bottom hidden-md hidden-lg col-12 col-sm-12 col-md-8 col-lg-8 is-layout-flow wp-block-column-is-layout-flow\" style=\"padding-left:var(--wp--preset--spacing--30)\">\n<h1 class=\"wp-block-heading has-text-align-center dyn has-color-31-color has-text-color gs_Qz9dg4\" id=\"h-post-titel-0\"><span data-tag=\"title\" data-params=\"\" class=\"is-tag\">Post title<\/span><\/h1>\n<\/div>\n\n\n\n<div class=\"wp-block-column hidden-md hidden-lg col-12 col-sm-auto is-layout-flow wp-block-column-is-layout-flow\"><\/div>\n<\/div>\n<\/div>\n\n<div  class=\"spacer_wrap dyn\" aria-hidden=\"true\"><div class=\"wp-block-spacer inner-sm\" style=\"height:calc(2em * 0.4)\" aria-hidden=\"true\"><\/div><div class=\"wp-block-spacer inner-md\" style=\"height:calc(2em * 0.6)\" aria-hidden=\"true\"><\/div><div class=\"wp-block-spacer inner-lg\" style=\"height:calc(2em * 0.8)\" aria-hidden=\"true\"><\/div><div class=\"wp-block-spacer inner-xl\" style=\"height:2em\" aria-hidden=\"true\"><\/div><\/div>\n\n<div  class=\"row_wrap\">\n<div class=\"wp-block-columns row_xxl is-layout-flex wp-container-core-columns-is-layout-9d6595d7 wp-block-columns-is-layout-flex\">\n<div class=\"wp-block-column col-12 is-layout-flow wp-block-column-is-layout-flow\" style=\"flex-basis:100%;width:100%\">\n<h2 class=\"wp-block-heading\" id=\"h-dienstanbieter\">Service provider<\/h2>\n\n\n\n<div class=\"wp-block-group is-nowrap is-layout-flex wp-container-core-group-is-layout-656623d8 wp-block-group-is-layout-flex\" style=\"padding-top:var(--wp--preset--spacing--50);padding-bottom:var(--wp--preset--spacing--50)\">\n<figure class=\"wp-block-image size-full is-resized\"><img decoding=\"async\" width=\"284\" height=\"109\" src=\"https:\/\/wpadmin.hs-nordhausen.de\/wp-content\/uploads\/sites\/8\/2024\/03\/cropped-cropped-HSN-Logo-wide-color400.png\" alt=\"Logo HSN - Nordhausen University of Applied Sciences\" class=\"wp-image-13297\" style=\"width:200px\" title=\"\" srcset=\"https:\/\/www.hs-nordhausen.de\/wp-content\/uploads\/sites\/8\/2024\/03\/cropped-cropped-HSN-Logo-wide-color400.png 284w, https:\/\/www.hs-nordhausen.de\/wp-content\/uploads\/sites\/8\/2024\/03\/cropped-cropped-HSN-Logo-wide-color400-150x58.png 150w, https:\/\/www.hs-nordhausen.de\/wp-content\/uploads\/sites\/8\/2024\/03\/cropped-cropped-HSN-Logo-wide-color400-18x7.png 18w, https:\/\/www.hs-nordhausen.de\/wp-content\/uploads\/sites\/8\/2024\/03\/cropped-cropped-HSN-Logo-wide-color400-24x9.png 24w\" sizes=\"(max-width: 284px) 100vw, 284px\" \/><\/figure>\n<\/div>\n\n\n\n<p>Nordhausen University of Applied Sciences is a public corporation and is legally represented by the President, Prof Dr J\u00f6rg Wagner.<br>&nbsp;<\/p>\n\n\n\n<p>Nordhausen University of Applied Sciences<br>Prof Dr J\u00f6rg Wagner<br>Weinberghof 4<br>99734 Nordhausen<\/p>\n\n\n\n<p>Phone: +49 3631 420-101<br>Fax: +49 3631 420-810<br>E-Mail:&nbsp;<a href=\"javascript:linkTo_UnCryptMailto('ocknvq,rtcgukfgpvBju\\\/pqtfjcwugp0fg');\">praesident@hs-nordhausen.de<\/a><br>&nbsp;<\/p>\n\n\n\n<p><strong>Editorial office<\/strong> \/ <strong>Technical realisation:<\/strong><br>Department of University Communication and Marketing<\/p>\n\n\n\n<p><strong>Central address:<\/strong><br>Nordhausen University of Applied Sciences<br>Weinberghof 4<br>99734 Nordhausen<br><br>Phone: +49 3631 420-0<br>Fax: +49 3631 420-810<br>E-Mail:&nbsp;<a href=\"javascript:linkTo_UnCryptMailto('ocknvq,kphqBju\\\/pqtfjcwugp0fg');\">info@hs-nordhausen.de<\/a><br>&nbsp;<\/p>\n\n\n\n<p><strong>Sales tax identification number according to \u00a7 27a UStG:<\/strong>&nbsp;DE 813 563 219<\/p>\n\n\n\n<p><strong>Competent supervisory authority:<\/strong><br>Thuringian Ministry of Economics, Science and Digital Society (TMWWDG)<br>Max-Reger-Stra\u00dfe 4-8<br>99096 Erfurt<\/p>\n\n\n\n<h3 class=\"wp-block-heading\" id=\"h-bildnachweis\">Picture credits<\/h3>\n\n\n\n<p>Image archive of Nordhausen University of Applied Sciences<\/p>\n\n\n\n<h3 class=\"wp-block-heading\" id=\"h-hinweise\">Notes<\/h3>\n\n\n\n<p>This legal notice applies to the central information services of the administration and the Executive Board of Nordhausen University of Applied Sciences on the WWW, which can be accessed via the URL&nbsp;<a href=\"http:\/\/www.fh-nordhausen.de\/\" target=\"_blank\" rel=\"noreferrer noopener nofollow\">www.fh-nordhausen.de<\/a>&nbsp;and&nbsp;<a href=\"https:\/\/www.hs-nordhausen.de\/en\/\" target=\"_blank\" rel=\"noreferrer noopener\">www.hs-nordhausen.de<\/a>&nbsp;are accessible. The editorial responsibility for all other pages on this WWW server lies with the respective organisations or persons who created the pages.<\/p>\n\n\n\n<p>The texts and photos on the pages that refer to this imprint are protected by copyright. The copying of these files and any changes to them are therefore not permitted without the authorisation of the copyright holder (Nordhausen University of Applied Sciences). This does not affect the \"copying\" of the files to your own computer in order to view the WWW pages on a browser. The university's press releases are also excluded. The content of these press releases may be freely used by anyone without special authorisation.<\/p>\n<\/div>\n<\/div>\n<\/div>","protected":false},"excerpt":{"rendered":"<p>Dienstanbieter Die Hochschule Nordhausen ist eine K\u00f6rperschaft des \u00f6ffentlichen Rechts und wird durch den Pr\u00e4sidenten, Prof. Dr. J\u00f6rg Wagner, gesetzlich vertreten.&nbsp; Hochschule NordhausenProf. Dr. J\u00f6rg WagnerWeinberghof 499734 Nordhausen Tel.: +49 3631 420-101Fax: +49 3631 420-810E-Mail:&nbsp;praesident@hs-nordhausen.de&nbsp; Redaktion \/ Technische Durchf\u00fchrung:Referat f\u00fcr Hochschulkommunikation und Marketing Zentrale Anschrift:Hochschule NordhausenWeinberghof 499734 Nordhausen Tel.: +49 3631 420-0Fax: +49 3631 420-810E-Mail:&nbsp;info@hs-nordhausen.de&nbsp; [&hellip;]<\/p>\n","protected":false},"author":1,"featured_media":0,"parent":0,"menu_order":15,"comment_status":"closed","ping_status":"closed","template":"","meta":{"_piecal_is_recurring":false,"_piecal_recurring_interval":1,"_piecal_recurring_frequency":"","_piecal_recurring_exact_position":false,"_piecal_recurring_end":"","_piecal_color":"","_piecal_text_color":"","_piecal_global_color_master":false,"_piecal_is_event":false,"_piecal_start_date":"","_piecal_end_date":"","_piecal_is_allday":false,"greyd_block_editor_preview":[],"pgc_sgb_lightbox_settings":"","footnotes":""},"page_category":[],"page_tag":[],"page_redaktion":[],"zielgruppen":[],"kontakt-zuordnung":[],"institut-oder-einric":[],"stg-zuordnung":[],"fachbereich":[],"wf_page_folders":[43],"ppma_author":[1400],"class_list":["post-151","page","type-page","status-publish","hentry"],"publishpress_future_action":{"enabled":false,"date":"2026-04-30 16:51:51","action":"change-status","newStatus":"draft","terms":[],"taxonomy":"page_category","extraData":[]},"publishpress_future_workflow_manual_trigger":{"enabledWorkflows":[]},"_links":{"self":[{"href":"https:\/\/www.hs-nordhausen.de\/en\/wp-json\/wp\/v2\/pages\/151","targetHints":{"allow":["GET"]}}],"collection":[{"href":"https:\/\/www.hs-nordhausen.de\/en\/wp-json\/wp\/v2\/pages"}],"about":[{"href":"https:\/\/www.hs-nordhausen.de\/en\/wp-json\/wp\/v2\/types\/page"}],"author":[{"embeddable":true,"href":"https:\/\/www.hs-nordhausen.de\/en\/wp-json\/wp\/v2\/users\/1"}],"replies":[{"embeddable":true,"href":"https:\/\/www.hs-nordhausen.de\/en\/wp-json\/wp\/v2\/comments?post=151"}],"version-history":[{"count":0,"href":"https:\/\/www.hs-nordhausen.de\/en\/wp-json\/wp\/v2\/pages\/151\/revisions"}],"wp:attachment":[{"href":"https:\/\/www.hs-nordhausen.de\/en\/wp-json\/wp\/v2\/media?parent=151"}],"wp:term":[{"taxonomy":"page_category","embeddable":true,"href":"https:\/\/www.hs-nordhausen.de\/en\/wp-json\/wp\/v2\/page_category?post=151"},{"taxonomy":"page_tag","embeddable":true,"href":"https:\/\/www.hs-nordhausen.de\/en\/wp-json\/wp\/v2\/page_tag?post=151"},{"taxonomy":"page_redaktion","embeddable":true,"href":"https:\/\/www.hs-nordhausen.de\/en\/wp-json\/wp\/v2\/page_redaktion?post=151"},{"taxonomy":"zielgruppen","embeddable":true,"href":"https:\/\/www.hs-nordhausen.de\/en\/wp-json\/wp\/v2\/zielgruppen?post=151"},{"taxonomy":"kontakt-zuordnung","embeddable":true,"href":"https:\/\/www.hs-nordhausen.de\/en\/wp-json\/wp\/v2\/kontakt-zuordnung?post=151"},{"taxonomy":"institut-oder-einric","embeddable":true,"href":"https:\/\/www.hs-nordhausen.de\/en\/wp-json\/wp\/v2\/institut-oder-einric?post=151"},{"taxonomy":"stg-zuordnung","embeddable":true,"href":"https:\/\/www.hs-nordhausen.de\/en\/wp-json\/wp\/v2\/stg-zuordnung?post=151"},{"taxonomy":"fachbereich","embeddable":true,"href":"https:\/\/www.hs-nordhausen.de\/en\/wp-json\/wp\/v2\/fachbereich?post=151"},{"taxonomy":"wf_page_folders","embeddable":true,"href":"https:\/\/www.hs-nordhausen.de\/en\/wp-json\/wp\/v2\/wf_page_folders?post=151"},{"taxonomy":"author","embeddable":true,"href":"https:\/\/www.hs-nordhausen.de\/en\/wp-json\/wp\/v2\/ppma_author?post=151"}],"curies":[{"name":"wp","href":"https:\/\/api.w.org\/{rel}","templated":true}]}}