{"id":16136,"date":"2024-07-03T16:05:48","date_gmt":"2024-07-03T14:05:48","guid":{"rendered":"https:\/\/hsnordhausen.artemis.wpspace.me\/hsn\/?page_id=16136&#038;preview_id=16136"},"modified":"2024-10-28T12:17:03","modified_gmt":"2024-10-28T11:17:03","slug":"teaching-and-practice","status":"publish","type":"page","link":"https:\/\/www.hs-nordhausen.de\/en\/forschung\/ipmg-institut-fuer-public-management-und-governance\/lehre-und-praxis\/","title":{"rendered":"Teaching and practice"},"content":{"rendered":"<div  class=\"spacer_wrap \" aria-hidden=\"true\"><div class=\"wp-block-spacer inner-sm\" style=\"height:calc(2em * 0.4)\" aria-hidden=\"true\"><\/div><div class=\"wp-block-spacer inner-md\" style=\"height:calc(2em * 0.6)\" aria-hidden=\"true\"><\/div><div class=\"wp-block-spacer inner-lg\" style=\"height:calc(2em * 0.8)\" aria-hidden=\"true\"><\/div><div class=\"wp-block-spacer inner-xl\" style=\"height:2em\" aria-hidden=\"true\"><\/div><\/div>\n\n\n\n<div  class=\"spacer_wrap \" aria-hidden=\"true\"><div class=\"wp-block-spacer inner-sm\" style=\"height:calc(2em * 0.4)\" aria-hidden=\"true\"><\/div><div class=\"wp-block-spacer inner-md\" style=\"height:calc(2em * 0.6)\" aria-hidden=\"true\"><\/div><div class=\"wp-block-spacer inner-lg\" style=\"height:calc(2em * 0.8)\" aria-hidden=\"true\"><\/div><div class=\"wp-block-spacer inner-xl\" style=\"height:2em\" aria-hidden=\"true\"><\/div><\/div>\n\n\n<div id=\"greyd-69e188b73b7e6\" class=\"wp-block-greyd-box gs_9XtjZ9 greyd-content-box gs_9XtjZ9\" style=\"margin-right: auto !important; margin-left: auto !important; \">\n<div class=\"wp-block-group hidden-xs is-content-justification-center is-nowrap is-layout-flex wp-container-core-group-is-layout-5228e7ad wp-block-group-is-layout-flex gs_DMzDv8 group_wrap\" style=\"padding-top:var(--wp--preset--spacing--30);padding-right:var(--wp--preset--spacing--30);padding-bottom:var(--wp--preset--spacing--30);padding-left:var(--wp--preset--spacing--30)\"><figure style=\"padding-right:var(--wp--preset--spacing--50);padding-bottom:0;padding-left:var(--wp--preset--spacing--50);\" class=\"wp-block-image greyd-image   gs_pYVkJK\"><img decoding=\"async\" src=\"https:\/\/www.hs-nordhausen.de\/wp-content\/uploads\/sites\/8\/2024\/06\/Logo-IPMG.svg\" class=\"wp-image-14761\" alt=\"Logo IPMG - Institut f\u00fcr Public Management und Governance\" title=\"\"><\/figure>\n\n\n<h1 class=\"wp-block-heading gs_qU4fGn\" id=\"h-post-titel\"><span data-tag=\"title\" data-params=\"\" class=\"is-tag\">Post Titel<\/span><\/h1>\n<\/div>\n\n\n\n<div class=\"wp-block-group hidden-lg hidden-md hidden-sm is-vertical is-content-justification-center is-layout-flex wp-container-core-group-is-layout-4a04943e wp-block-group-is-layout-flex\" style=\"padding-top:0;padding-right:var(--wp--preset--spacing--30);padding-bottom:0;padding-left:var(--wp--preset--spacing--30)\"><figure style=\"padding-right:var(--wp--preset--spacing--50);\" class=\"wp-block-image greyd-image   gs_h1do4j\"><img decoding=\"async\" src=\"https:\/\/www.hs-nordhausen.de\/wp-content\/uploads\/sites\/8\/2024\/06\/Logo-IPMG.svg\" class=\"wp-image-14761\" alt=\"Logo IPMG - Institut f\u00fcr Public Management und Governance\" title=\"\"><\/figure>\n\n\n<h1 class=\"wp-block-heading gs_Cn2Vh1\" id=\"h-post-titel-0\"><span data-tag=\"title\" data-params=\"\" class=\"is-tag\">Post Titel<\/span><\/h1>\n<\/div>\n<\/div>\n\n\n\n<div class=\"wp-block-group is-content-justification-space-between is-nowrap is-layout-flex wp-container-core-group-is-layout-0dfbf163 wp-block-group-is-layout-flex gs_4rVKnm group_wrap\">\n<hr style='  height: 4px !important;   ' class=\"wp-block-separator has-text-color has-color-11-color has-alpha-channel-opacity has-color-11-background-color has-background is-style-wide\"\/>\n<\/div>\n\n\n\n<div id=\"sticky-btn-dich\" class=\"wp-block-greyd-box hidden-xs gs_Lqjd47 greyd-content-box gs_Lqjd47  is-position-sticky\" style=\"margin-right: auto !important; margin-left: auto !important; \"><nav id=\"greyd-69e188b73ca4a\" data-anchoractive=\"{&quot;start&quot;:&quot;0%&quot;,&quot;end&quot;:&quot;100%&quot;,&quot;multiple&quot;:&quot;&quot;,&quot;none&quot;:&quot;&quot;,&quot;enable&quot;:true}\" class=\"is-anchor-active-style gs_pVTivI items-justified-center hidden-sm hidden-xs open-on-hover-click wp-block-navigation is-content-justification-center is-layout-flex wp-container-core-navigation-is-layout-5590e8cb wp-block-navigation-is-layout-flex\" aria-label=\"IPMG 1\"><ul class=\"wp-block-navigation__container items-justified-center hidden-sm hidden-xs open-on-hover-click wp-block-navigation\"><li data-wp-context=\"{ &quot;submenuOpenedBy&quot;: { &quot;click&quot;: false, &quot;hover&quot;: false, &quot;focus&quot;: false }, &quot;type&quot;: &quot;submenu&quot;, &quot;modal&quot;: null, &quot;previousFocus&quot;: null }\" data-wp-interactive=\"core\/navigation\" data-wp-on--focusout=\"actions.handleMenuFocusout\" data-wp-on--keydown=\"actions.handleMenuKeydown\" data-wp-on--mouseenter=\"actions.openMenuOnHover\" data-wp-on--mouseleave=\"actions.closeMenuOnHover\" data-wp-watch=\"callbacks.initMenu\" tabindex=\"-1\" class=\"gs_TQ9NNk wp-block-navigation-item has-child open-on-hover-click wp-block-navigation-submenu\"><a class=\"wp-block-navigation-item__content\" href=\"https:\/\/www.hs-nordhausen.de\/forschung\/ipmg-institut-fuer-public-management-und-governance\/\"><span class=\"wp-block-navigation-item__label\"><strong>IPMG<\/strong><\/span><\/a><button data-wp-bind--aria-expanded=\"state.isMenuOpen\" data-wp-on--click=\"actions.toggleMenuOnClick\" aria-label=\"IPMG submenu\" class=\"wp-block-navigation__submenu-icon wp-block-navigation-submenu__toggle\" ><svg xmlns=\"http:\/\/www.w3.org\/2000\/svg\" width=\"12\" height=\"12\" viewBox=\"0 0 12 12\" fill=\"none\" aria-hidden=\"true\" focusable=\"false\"><path d=\"M1.50002 4L6.00002 8L10.5 4\" stroke-width=\"1.5\"><\/path><\/svg><\/button><ul data-wp-on--focus=\"actions.openMenuOnFocus\" class=\"wp-block-navigation__submenu-container wp-block-navigation-submenu\"><li class=\" wp-block-navigation-item wp-block-navigation-link\"><a class=\"wp-block-navigation-item__content\"  href=\"https:\/\/www.hs-nordhausen.de\/forschung\/ipmg-institut-fuer-public-management-und-governance\/ueber-das-institut\/\"><span class=\"wp-block-navigation-item__label\">\u00dcber das Institut<\/span><\/a><\/li><\/ul><\/li><li class=\"gs_3cQw0h  wp-block-navigation-item wp-block-navigation-link\"><a class=\"wp-block-navigation-item__content\"  href=\"https:\/\/www.hs-nordhausen.de\/forschung\/ipmg-institut-fuer-public-management-und-governance\/kompetenzen-und-loesungen\/\"><span class=\"wp-block-navigation-item__label\">Kompetenzen und L\u00f6sungen<\/span><\/a><\/li><li class=\"gs_T7GnW3  wp-block-navigation-item wp-block-navigation-link\"><a class=\"wp-block-navigation-item__content\"  href=\"https:\/\/www.hs-nordhausen.de\/forschung\/ipmg-institut-fuer-public-management-und-governance\/lehre-und-praxis\/\"><span class=\"wp-block-navigation-item__label\">Lehre und Praxis<\/span><\/a><\/li><li class=\"gs_k1X0wW  wp-block-navigation-item wp-block-navigation-link\"><a class=\"wp-block-navigation-item__content\"  href=\"https:\/\/www.hs-nordhausen.de\/forschung\/ipmg-institut-fuer-public-management-und-governance\/mitglieder\/\"><span class=\"wp-block-navigation-item__label\">Mitglieder<\/span><\/a><\/li><\/ul><\/nav><\/div>\n\n\n<div  class=\"gs_AFTNIJ row_wrap\">\n<div class=\"wp-block-columns row_xxl is-layout-flex wp-container-core-columns-is-layout-9d6595d7 wp-block-columns-is-layout-flex\">\n<div class=\"wp-block-column is-vertically-aligned-top col-12 col-sm-12 col-md-8 col-lg-8 is-layout-flow wp-block-column-is-layout-flow\" style=\"padding-top:var(--wp--preset--spacing--50);padding-bottom:var(--wp--preset--spacing--50);flex-basis:66.66%\">\n<div class=\"wp-block-group\"><div class=\"wp-block-group__inner-container is-layout-constrained wp-block-group-is-layout-constrained\">\n<h2 class=\"wp-block-heading\" id=\"h-projekte\">Projekte<\/h2>\n\n\n\n<p>In die Durchf\u00fchrung der Projekte werden in der Regel Studierende und Absolventen des Bachelor-Studiengangs&nbsp;<a href=\"https:\/\/www.hs-nordhausen.de\/studiengaenge\/public-management\/\">\u00d6ffentliche Betriebswirtschaft \/ Public Management (PuMa)<\/a>&nbsp;und des Master-Studiengangs&nbsp;<a href=\"https:\/\/www.hs-nordhausen.de\/studiengaenge\/public-management-governance\/\">Public Management und Governance (PMG)<\/a>&nbsp;eingebunden. Angeleitet und unterst\u00fctzt werden die Studierenden durch die&nbsp;<a href=\"https:\/\/www.hs-nordhausen.de\/forschung\/ipmg-institut-fuer-public-management-und-governance\/mitglieder\/\">Mitglieder des Instituts<\/a>.<\/p>\n\n\n\n<p>Studienimmanente Praxisphasen der Studierenden k\u00f6nnen vom Institut f\u00fcr Public Management und Governance zum Beispiel mit Fallstudien begleitet werden. Den Studierenden und Absolventen wird durch eine Beteiligung an den Projekten erm\u00f6glicht, vertiefende Erkenntnisse \u00fcber die kommunale Praxis zu gewinnen. Die Einladung zur Mitarbeit wird als Wertsch\u00e4tzung und besondere F\u00f6rderung verstanden.<\/p>\n\n\n\n<h3 class=\"wp-block-heading\" id=\"h-zusammenfassung-studentischer-arbeiten\">Zusammenfassung studentischer Arbeiten<\/h3>\n\n\n\n<p>W\u00e4hrend ihres Studiums haben unsere Studierenden verschiedene&nbsp;Arbeiten mit wissenschaftlichem Charakter&nbsp;anzufertigen.<\/p>\n\n\n\n<p>So m\u00fcssen Studierende des Bachelorstudiengangs \u00d6ffentliche Betriebswirtschaft \/ Public Management w\u00e4hrend des ersten berufspraktischen Semesters einen&nbsp;<strong>Praktikumsbericht<\/strong>&nbsp;anfertigen, in dem ein rechtswissenschaftliches Thema mit Bezug zum jeweiligen Aufgabenbereich der Praktikumsbeh\u00f6rde zu bearbeiten ist. Zudem ist im 5. oder 6. Fachsemester eine&nbsp;<strong>Studienarbeit<\/strong>&nbsp;von den Studierenden abzulegen. Hierbei k\u00f6nnen die Studierenden zwischen einer betriebswirtschaftlichen oder verwaltungsrechtlichen Schwerpunktsetzung w\u00e4hlen. Abgeschlossen wird das Studium mit der&nbsp;<strong>Bachelorarbeit<\/strong>. Diese ist w\u00e4hrend des zweiten berufpraktischen Semesters anzufertigen. Daher werden zumeist praxisrelevante Themen der jeweiligen Praktikumseinrichtungen gew\u00e4hlt und bearbeitet.<\/p>\n\n\n\n<p>Die Studierenden des Masterstudiengangs Public Management und Governance schlie\u00dfen ihr Studium mit der Anfertigung der&nbsp;<strong>Masterarbeit<\/strong>&nbsp;ab. In dieser m\u00fcssen sie ihre F\u00e4higkeit, ein selbstgew\u00e4hltes Thema aus dem Public-Bereich selbstst\u00e4ndig wissenschaftlich bearbeiten zu k\u00f6nnen, unter Beweis stellen.<\/p>\n<\/div><\/div>\n\n\n\n<div class=\"wp-block-group has-color-13-background-color has-background gs_6uJaAU group_wrap\" style=\"padding-top:var(--wp--preset--spacing--30);padding-right:var(--wp--preset--spacing--50);padding-bottom:var(--wp--preset--spacing--30);padding-left:var(--wp--preset--spacing--50)\"><div class=\"wp-block-group__inner-container is-layout-constrained wp-container-core-group-is-layout-adc84c1b wp-block-group-is-layout-constrained\">\n<h3 class=\"wp-block-heading\" id=\"h-fallstudien-in-der-lehre\">Fallstudien in der Lehre<\/h3>\n\n\n<div class=\"wp-block-image \">\n<figure class=\"alignright size-full\"><img decoding=\"async\" width=\"150\" height=\"215\" src=\"https:\/\/wpadmin.hs-nordhausen.de\/wp-content\/uploads\/sites\/8\/2024\/09\/verwalten_und_gestalten.jpg\" alt=\"Buchcover von &quot;Verwalten und Gestalten - Fallstudien zum Public Management mit \u00dcbungsaufgaben und L\u00f6sungen&quot;\" class=\"wp-image-18910\" title=\"Fallstudiensammlung\" srcset=\"https:\/\/www.hs-nordhausen.de\/wp-content\/uploads\/sites\/8\/2024\/09\/verwalten_und_gestalten.jpg 150w, https:\/\/www.hs-nordhausen.de\/wp-content\/uploads\/sites\/8\/2024\/09\/verwalten_und_gestalten-105x150.jpg 105w, https:\/\/www.hs-nordhausen.de\/wp-content\/uploads\/sites\/8\/2024\/09\/verwalten_und_gestalten-8x12.jpg 8w, https:\/\/www.hs-nordhausen.de\/wp-content\/uploads\/sites\/8\/2024\/09\/verwalten_und_gestalten-17x24.jpg 17w\" sizes=\"(max-width: 150px) 100vw, 150px\" \/><\/figure>\n<\/div>\n\n\n<p>Die Fallstudiensammlung <strong>&#8222;Verwalten und Gestalten &#8211; Fallstudien zum Public Management mit \u00dcbungsaufgaben und L\u00f6sungen&#8220;<\/strong> enth\u00e4lt sieben Fallstudien, die typische Aufgabenfelder und Problemsituationen in einer Stadtverwaltung aufgreifen und konkrete L\u00f6sungsvorschl\u00e4ge mit ausf\u00fchrlichen Erl\u00e4uterungen bieten.<\/p>\n\n\n\n<p>Zu den Themen geh\u00f6ren u.a. die Einf\u00fchrung des Neuen Kommunalen Finanzwesens, das Marketing im E-Government, die Durchf\u00fchrung einer Mitarbeiterbefragung zur Untersuchung des Organisationsklimas und die M\u00f6glichkeiten des Standortmarketings durch E-Government.<\/p>\n\n\n\n<p>Eine Besonderheit dieser Fallstudien besteht darin, dass die Aufgabenfelder und Problemsituationen durchgehend aus der Perspektive der Besch\u00e4ftigten der f\u00fcr dieses Buch konstruierten Modellkommune &#8222;Mittelstadt&#8220; beschrieben werden. Au\u00dferdem entstammen die Problemstellungen, mit denen sich die Verwaltung von &#8222;Mittelstadt&#8220; auseinanderzusetzen hat, \u00fcberwiegend den Diplom- und Bachelorarbeiten der Autorinnen und Autoren, die allesamt Studierende der Hochschule Nordhausen waren.<\/p>\n\n\n\n<p>Die Fallstudiensammlung ist geeignet f\u00fcr Studium und Weiterbildung in den Bereichen \u00f6ffentliche Verwaltung, \u00f6ffentliche Betriebswirtschaft und Public Management. Der Fokus liegt auf der kommunalen Ebene.<\/p>\n\n\n\n<p>Hiller, Petra\/ Zahradnik, Stefan (Hrsg.) (2012):&nbsp;<em>Verwalten und Gestalten: Fallstudien zum Public Management mit \u00dcbungsaufgaben und L\u00f6sungen.<\/em>&nbsp;Nordhausen: BOORBERG. (186 Seiten)<\/p>\n\n\n\n<p><strong>ISBN\/EAN:<\/strong> 9783415047389<\/p>\n<\/div><\/div>\n<\/div>\n\n\n\n<div class=\"wp-block-column col-12 col-sm-12 col-md-3 col-lg-3 offset-md-1 offset-lg-1 is-layout-flow wp-block-column-is-layout-flow\" style=\"flex-basis:33.33%;width:33.33%\">\n<div id=\"greyd-69e188b7401d8\" class=\"wp-block-greyd-box gs_PWF7bL greyd-content-box gs_PWF7bL  is-position-sticky\">\n<div id=\"page-list-box\" class=\"wp-block-greyd-box hidden-lg hidden-md hidden-sm hidden-xs gs_gsuUAh greyd-content-box gs_gsuUAh\">\n<h3 class=\"wp-block-heading\">Weitere Informationen<\/h3>\n\n\n<div class=\"wp-block-template-part\">\n<p>[subpages depth=&#8220;1&#8243; sort_order=&#8220;desc&#8220;  sort_order=&#8220;desc&#8220;]<\/p>\n<\/div>\n\n\n<hr class=\"wp-block-separator has-text-color has-color-22-color has-alpha-channel-opacity has-color-22-background-color has-background is-style-wide\"\/>\n\n\n<div class=\"wp-block-template-part\">\n<p>[siblings depth=&#8220;1&#8243; exclude=&#8220;current&#8220;]<\/p>\n<\/div><\/div>\n<\/div>\n<\/div>\n<\/div>\n<\/div>","protected":false},"excerpt":{"rendered":"<p>Projekte In die Durchf\u00fchrung der Projekte werden in der Regel Studierende und Absolventen des Bachelor-Studiengangs&nbsp;\u00d6ffentliche Betriebswirtschaft \/ Public Management (PuMa)&nbsp;und des Master-Studiengangs&nbsp;Public Management und Governance (PMG)&nbsp;eingebunden. Angeleitet und unterst\u00fctzt werden die Studierenden durch die&nbsp;Mitglieder des Instituts. Studienimmanente Praxisphasen der Studierenden k\u00f6nnen vom Institut f\u00fcr Public Management und Governance zum Beispiel mit Fallstudien begleitet werden. Den [&hellip;]<\/p>\n","protected":false},"author":1,"featured_media":0,"parent":3673,"menu_order":0,"comment_status":"closed","ping_status":"closed","template":"","meta":{"_piecal_is_recurring":false,"_piecal_recurring_interval":1,"_piecal_recurring_frequency":"","_piecal_recurring_exact_position":false,"_piecal_recurring_end":"","_piecal_color":"","_piecal_text_color":"","_piecal_global_color_master":false,"_piecal_is_event":false,"_piecal_start_date":"","_piecal_end_date":"","_piecal_is_allday":false,"greyd_block_editor_preview":[],"pgc_sgb_lightbox_settings":"","footnotes":""},"page_category":[],"page_tag":[],"page_redaktion":[],"zielgruppen":[],"kontakt-zuordnung":[],"institut-oder-einric":[678],"stg-zuordnung":[696],"fachbereich":[591],"wf_page_folders":[1323],"ppma_author":[1400],"class_list":["post-16136","page","type-page","status-publish","hentry","institut-oder-einric-ipmg-institut-fuer-public-management-und-governance","stg-zuordnung-n-a","fachbereich-fb-wirtschafts-und-sozialwissenschaften"],"publishpress_future_action":{"enabled":false,"date":"2026-04-24 03:11:19","action":"change-status","newStatus":"draft","terms":[],"taxonomy":"page_category","extraData":[]},"publishpress_future_workflow_manual_trigger":{"enabledWorkflows":[]},"_links":{"self":[{"href":"https:\/\/www.hs-nordhausen.de\/en\/wp-json\/wp\/v2\/pages\/16136","targetHints":{"allow":["GET"]}}],"collection":[{"href":"https:\/\/www.hs-nordhausen.de\/en\/wp-json\/wp\/v2\/pages"}],"about":[{"href":"https:\/\/www.hs-nordhausen.de\/en\/wp-json\/wp\/v2\/types\/page"}],"author":[{"embeddable":true,"href":"https:\/\/www.hs-nordhausen.de\/en\/wp-json\/wp\/v2\/users\/1"}],"replies":[{"embeddable":true,"href":"https:\/\/www.hs-nordhausen.de\/en\/wp-json\/wp\/v2\/comments?post=16136"}],"version-history":[{"count":0,"href":"https:\/\/www.hs-nordhausen.de\/en\/wp-json\/wp\/v2\/pages\/16136\/revisions"}],"up":[{"embeddable":true,"href":"https:\/\/www.hs-nordhausen.de\/en\/wp-json\/wp\/v2\/pages\/3673"}],"wp:attachment":[{"href":"https:\/\/www.hs-nordhausen.de\/en\/wp-json\/wp\/v2\/media?parent=16136"}],"wp:term":[{"taxonomy":"page_category","embeddable":true,"href":"https:\/\/www.hs-nordhausen.de\/en\/wp-json\/wp\/v2\/page_category?post=16136"},{"taxonomy":"page_tag","embeddable":true,"href":"https:\/\/www.hs-nordhausen.de\/en\/wp-json\/wp\/v2\/page_tag?post=16136"},{"taxonomy":"page_redaktion","embeddable":true,"href":"https:\/\/www.hs-nordhausen.de\/en\/wp-json\/wp\/v2\/page_redaktion?post=16136"},{"taxonomy":"zielgruppen","embeddable":true,"href":"https:\/\/www.hs-nordhausen.de\/en\/wp-json\/wp\/v2\/zielgruppen?post=16136"},{"taxonomy":"kontakt-zuordnung","embeddable":true,"href":"https:\/\/www.hs-nordhausen.de\/en\/wp-json\/wp\/v2\/kontakt-zuordnung?post=16136"},{"taxonomy":"institut-oder-einric","embeddable":true,"href":"https:\/\/www.hs-nordhausen.de\/en\/wp-json\/wp\/v2\/institut-oder-einric?post=16136"},{"taxonomy":"stg-zuordnung","embeddable":true,"href":"https:\/\/www.hs-nordhausen.de\/en\/wp-json\/wp\/v2\/stg-zuordnung?post=16136"},{"taxonomy":"fachbereich","embeddable":true,"href":"https:\/\/www.hs-nordhausen.de\/en\/wp-json\/wp\/v2\/fachbereich?post=16136"},{"taxonomy":"wf_page_folders","embeddable":true,"href":"https:\/\/www.hs-nordhausen.de\/en\/wp-json\/wp\/v2\/wf_page_folders?post=16136"},{"taxonomy":"author","embeddable":true,"href":"https:\/\/www.hs-nordhausen.de\/en\/wp-json\/wp\/v2\/ppma_author?post=16136"}],"curies":[{"name":"wp","href":"https:\/\/api.w.org\/{rel}","templated":true}]}}