{"id":16137,"date":"2024-07-03T16:05:36","date_gmt":"2024-07-03T14:05:36","guid":{"rendered":"https:\/\/hsnordhausen.artemis.wpspace.me\/hsn\/?page_id=16137&#038;preview_id=16137"},"modified":"2024-09-02T12:43:27","modified_gmt":"2024-09-02T10:43:27","slug":"competences-and-solutions","status":"publish","type":"page","link":"https:\/\/www.hs-nordhausen.de\/en\/forschung\/ipmg-institut-fuer-public-management-und-governance\/kompetenzen-und-loesungen\/","title":{"rendered":"Expertise and solutions"},"content":{"rendered":"<div  class=\"spacer_wrap \" aria-hidden=\"true\"><div class=\"wp-block-spacer inner-sm\" style=\"height:calc(2em * 0.4)\" aria-hidden=\"true\"><\/div><div class=\"wp-block-spacer inner-md\" style=\"height:calc(2em * 0.6)\" aria-hidden=\"true\"><\/div><div class=\"wp-block-spacer inner-lg\" style=\"height:calc(2em * 0.8)\" aria-hidden=\"true\"><\/div><div class=\"wp-block-spacer inner-xl\" style=\"height:2em\" aria-hidden=\"true\"><\/div><\/div>\n\n\n\n<div  class=\"spacer_wrap \" aria-hidden=\"true\"><div class=\"wp-block-spacer inner-sm\" style=\"height:calc(2em * 0.4)\" aria-hidden=\"true\"><\/div><div class=\"wp-block-spacer inner-md\" style=\"height:calc(2em * 0.6)\" aria-hidden=\"true\"><\/div><div class=\"wp-block-spacer inner-lg\" style=\"height:calc(2em * 0.8)\" aria-hidden=\"true\"><\/div><div class=\"wp-block-spacer inner-xl\" style=\"height:2em\" aria-hidden=\"true\"><\/div><\/div>\n\n\n<div id=\"greyd-69e491b2c0536\" class=\"wp-block-greyd-box gs_9XtjZ9 greyd-content-box gs_9XtjZ9\" style=\"margin-right: auto !important; margin-left: auto !important; \">\n<div class=\"wp-block-group hidden-xs is-content-justification-center is-nowrap is-layout-flex wp-container-core-group-is-layout-5228e7ad wp-block-group-is-layout-flex gs_DMzDv8 group_wrap\" style=\"padding-top:var(--wp--preset--spacing--30);padding-right:var(--wp--preset--spacing--30);padding-bottom:var(--wp--preset--spacing--30);padding-left:var(--wp--preset--spacing--30)\"><figure style=\"padding-right:var(--wp--preset--spacing--50);padding-bottom:0;padding-left:var(--wp--preset--spacing--50);\" class=\"wp-block-image greyd-image   gs_pYVkJK\"><img decoding=\"async\" src=\"https:\/\/www.hs-nordhausen.de\/wp-content\/uploads\/sites\/8\/2024\/06\/Logo-IPMG.svg\" class=\"wp-image-14761\" alt=\"Logo IPMG - Institut f\u00fcr Public Management und Governance\" title=\"\"><\/figure>\n\n\n<h1 class=\"wp-block-heading gs_qU4fGn\" id=\"h-post-titel\"><span data-tag=\"title\" data-params=\"\" class=\"is-tag\">Post Titel<\/span><\/h1>\n<\/div>\n\n\n\n<div class=\"wp-block-group hidden-lg hidden-md hidden-sm is-vertical is-content-justification-center is-layout-flex wp-container-core-group-is-layout-4a04943e wp-block-group-is-layout-flex\" style=\"padding-top:0;padding-right:var(--wp--preset--spacing--30);padding-bottom:0;padding-left:var(--wp--preset--spacing--30)\"><figure style=\"padding-right:var(--wp--preset--spacing--50);\" class=\"wp-block-image greyd-image   gs_h1do4j\"><img decoding=\"async\" src=\"https:\/\/www.hs-nordhausen.de\/wp-content\/uploads\/sites\/8\/2024\/06\/Logo-IPMG.svg\" class=\"wp-image-14761\" alt=\"Logo IPMG - Institut f\u00fcr Public Management und Governance\" title=\"\"><\/figure>\n\n\n<h1 class=\"wp-block-heading gs_Cn2Vh1\" id=\"h-post-titel-0\"><span data-tag=\"title\" data-params=\"\" class=\"is-tag\">Post Titel<\/span><\/h1>\n<\/div>\n<\/div>\n\n\n\n<div class=\"wp-block-group is-content-justification-space-between is-nowrap is-layout-flex wp-container-core-group-is-layout-0dfbf163 wp-block-group-is-layout-flex gs_4rVKnm group_wrap\">\n<hr style='  height: 4px !important;   ' class=\"wp-block-separator has-text-color has-color-11-color has-alpha-channel-opacity has-color-11-background-color has-background is-style-wide\"\/>\n<\/div>\n\n\n\n<div id=\"sticky-btn-dich\" class=\"wp-block-greyd-box hidden-xs gs_Lqjd47 greyd-content-box gs_Lqjd47  is-position-sticky\" style=\"margin-right: auto !important; margin-left: auto !important; \"><nav id=\"greyd-69e491b2c17fb\" data-anchoractive=\"{&quot;start&quot;:&quot;0%&quot;,&quot;end&quot;:&quot;100%&quot;,&quot;multiple&quot;:&quot;&quot;,&quot;none&quot;:&quot;&quot;,&quot;enable&quot;:true}\" class=\"is-anchor-active-style gs_pVTivI items-justified-center hidden-sm hidden-xs open-on-hover-click wp-block-navigation is-content-justification-center is-layout-flex wp-container-core-navigation-is-layout-5590e8cb wp-block-navigation-is-layout-flex\" aria-label=\"IPMG 1\"><ul class=\"wp-block-navigation__container items-justified-center hidden-sm hidden-xs open-on-hover-click wp-block-navigation\"><li data-wp-context=\"{ &quot;submenuOpenedBy&quot;: { &quot;click&quot;: false, &quot;hover&quot;: false, &quot;focus&quot;: false }, &quot;type&quot;: &quot;submenu&quot;, &quot;modal&quot;: null, &quot;previousFocus&quot;: null }\" data-wp-interactive=\"core\/navigation\" data-wp-on--focusout=\"actions.handleMenuFocusout\" data-wp-on--keydown=\"actions.handleMenuKeydown\" data-wp-on--mouseenter=\"actions.openMenuOnHover\" data-wp-on--mouseleave=\"actions.closeMenuOnHover\" data-wp-watch=\"callbacks.initMenu\" tabindex=\"-1\" class=\"gs_TQ9NNk wp-block-navigation-item has-child open-on-hover-click wp-block-navigation-submenu\"><a class=\"wp-block-navigation-item__content\" href=\"https:\/\/www.hs-nordhausen.de\/forschung\/ipmg-institut-fuer-public-management-und-governance\/\"><span class=\"wp-block-navigation-item__label\"><strong>IPMG<\/strong><\/span><\/a><button data-wp-bind--aria-expanded=\"state.isMenuOpen\" data-wp-on--click=\"actions.toggleMenuOnClick\" aria-label=\"IPMG submenu\" class=\"wp-block-navigation__submenu-icon wp-block-navigation-submenu__toggle\" ><svg xmlns=\"http:\/\/www.w3.org\/2000\/svg\" width=\"12\" height=\"12\" viewBox=\"0 0 12 12\" fill=\"none\" aria-hidden=\"true\" focusable=\"false\"><path d=\"M1.50002 4L6.00002 8L10.5 4\" stroke-width=\"1.5\"><\/path><\/svg><\/button><ul data-wp-on--focus=\"actions.openMenuOnFocus\" class=\"wp-block-navigation__submenu-container wp-block-navigation-submenu\"><li class=\" wp-block-navigation-item wp-block-navigation-link\"><a class=\"wp-block-navigation-item__content\"  href=\"https:\/\/www.hs-nordhausen.de\/forschung\/ipmg-institut-fuer-public-management-und-governance\/ueber-das-institut\/\"><span class=\"wp-block-navigation-item__label\">\u00dcber das Institut<\/span><\/a><\/li><\/ul><\/li><li class=\"gs_3cQw0h  wp-block-navigation-item wp-block-navigation-link\"><a class=\"wp-block-navigation-item__content\"  href=\"https:\/\/www.hs-nordhausen.de\/forschung\/ipmg-institut-fuer-public-management-und-governance\/kompetenzen-und-loesungen\/\"><span class=\"wp-block-navigation-item__label\">Kompetenzen und L\u00f6sungen<\/span><\/a><\/li><li class=\"gs_T7GnW3  wp-block-navigation-item wp-block-navigation-link\"><a class=\"wp-block-navigation-item__content\"  href=\"https:\/\/www.hs-nordhausen.de\/forschung\/ipmg-institut-fuer-public-management-und-governance\/lehre-und-praxis\/\"><span class=\"wp-block-navigation-item__label\">Lehre und Praxis<\/span><\/a><\/li><li class=\"gs_k1X0wW  wp-block-navigation-item wp-block-navigation-link\"><a class=\"wp-block-navigation-item__content\"  href=\"https:\/\/www.hs-nordhausen.de\/forschung\/ipmg-institut-fuer-public-management-und-governance\/mitglieder\/\"><span class=\"wp-block-navigation-item__label\">Mitglieder<\/span><\/a><\/li><\/ul><\/nav><\/div>\n\n\n<div  class=\"gs_ax6nTk row_wrap\">\n<div class=\"wp-block-columns row_xxl is-layout-flex wp-container-core-columns-is-layout-9d6595d7 wp-block-columns-is-layout-flex\">\n<div class=\"wp-block-column is-vertically-aligned-top col-12 col-sm-12 col-md-8 col-lg-8 is-layout-flow wp-block-column-is-layout-flow\" style=\"padding-top:var(--wp--preset--spacing--50);padding-bottom:var(--wp--preset--spacing--50);flex-basis:66.66%\">\n<h2 class=\"wp-block-heading\" id=\"h-kompetenzen\">Kompetenzen<\/h2>\n\n\n\n<p>Die B\u00fcndelung der Kompetenzen des Instituts f\u00fcr ein modernes Management von \u00f6ffentlichen, sozialen und privaten Organisationen wird in den strategischen Themenfeldern &#8222;Lernende Organisation&#8220;, &#8222;Motiviertes Personal&#8220;, &#8222;Tragf\u00e4hige Finanzen&#8220; und &#8222;Moderne Regulierung&#8220; sichtbar. Aufgrund der Erfahrung der Institutsmitglieder k\u00f6nnen wir unser Programm in diesen Bereichen glaubhaft gegen\u00fcber Partnern vertreten, praktische L\u00f6sungen anbieten sowie eine hohe wissenschaftliche Qualit\u00e4t garantieren.<\/p>\n\n\n\n<p>Die unter dem Dach des Programms&nbsp;<strong>dauerhaft angebotenen Dienstleistungen<\/strong>&nbsp;lassen sich auch in den genannten Themen beispielhaft zusammenfassen:<\/p>\n\n\n\n<div class=\"wp-block-group fancybox\" style=\"padding-top:var(--wp--preset--spacing--50);padding-right:0;padding-bottom:var(--wp--preset--spacing--50);padding-left:0\"><div class=\"wp-block-group__inner-container is-layout-constrained wp-container-core-group-is-layout-8c512159 wp-block-group-is-layout-constrained\"><figure style=\"\" class=\"wp-block-image greyd-image fancybox  gs_7tZeUv\"><img decoding=\"async\" width=\"800\" height=\"471\" src=\"https:\/\/www.hs-nordhausen.de\/wp-content\/uploads\/sites\/8\/2024\/09\/IPMG_strategische_Themenfelder.png\" class=\"wp-image-18875\" alt=\"Das Diagramm des Instituts f\u00fcr Public Management und Governance zeigt vier strategische Themenfelder: &quot;Lernende Organisation&quot;, &quot;Tragf\u00e4hige Finanzen&quot;, &quot;Motiviertes Personal&quot; und &quot;Moderne Regulierung&quot;, jeweils mit mehreren spezifischen Stichpunkten zu den Projekten und Initiativen des Instituts. Das Diagramm stellt den Fokus des Instituts auf Nachhaltigkeit, Innovation, Werte, Inklusion, Digitalisierung und b\u00fcrgerliches Engagement dar.\" srcset=\"https:\/\/www.hs-nordhausen.de\/wp-content\/uploads\/sites\/8\/2024\/09\/IPMG_strategische_Themenfelder.png 800w, https:\/\/www.hs-nordhausen.de\/wp-content\/uploads\/sites\/8\/2024\/09\/IPMG_strategische_Themenfelder-300x177.png 300w, https:\/\/www.hs-nordhausen.de\/wp-content\/uploads\/sites\/8\/2024\/09\/IPMG_strategische_Themenfelder-150x88.png 150w, https:\/\/www.hs-nordhausen.de\/wp-content\/uploads\/sites\/8\/2024\/09\/IPMG_strategische_Themenfelder-768x452.png 768w, https:\/\/www.hs-nordhausen.de\/wp-content\/uploads\/sites\/8\/2024\/09\/IPMG_strategische_Themenfelder-18x12.png 18w, https:\/\/www.hs-nordhausen.de\/wp-content\/uploads\/sites\/8\/2024\/09\/IPMG_strategische_Themenfelder-24x14.png 24w\" sizes=\"(max-width: 800px) 100vw, 800px\" title=\"\"><\/figure><\/div><\/div>\n\n\n\n<h2 class=\"wp-block-heading\" id=\"h-formate-fur-individuelle-losungen\">Formate f\u00fcr individuelle L\u00f6sungen<\/h2>\n\n\n\n<p>Durch unsere Arbeit nach wissenschaftlichen Standards k\u00f6nnen wir Ihr praktisches Problem&nbsp;<strong>als klare Fragestellung formulieren und in einem f\u00fcr Sie passenden Format l\u00f6sen.<\/strong><\/p>\n\n\n\n<p>Unsere Hochschule zeichnet sich insgesamt durch ein anwedungsorientiertes Profil in Forschung und Lehre aus. Dies gilt auch f\u00fcr unser Institut. Das hei\u00dft: wir behalten tats\u00e4chliche Verwaltungsprobleme im Auge. Gemeinsam mit Ihnen wollen wir passgenaue und umsetzbare L\u00f6sungen erarbeiten. Was wir kritisch hinterfragen, bearbeiten wir kompetent und mit passenden Methoden, sodass Sie eine handwerklich gute L\u00f6sung erhalten!<\/p>\n\n\n\n<p>Je nach Umfang und Untersuchungsschwerpunkt sind unterschiedliche Formate zur L\u00f6sung Ihrer Fragestellung geeignet:<\/p>\n\n\n<div  class=\"row_wrap\">\n<div class=\"wp-block-columns row_xxl is-layout-flex wp-container-core-columns-is-layout-9d6595d7 wp-block-columns-is-layout-flex\">\n<div class=\"wp-block-column col-12 col-sm-6 col-md-4 is-layout-flow wp-block-column-is-layout-flow\">\n<div id=\"greyd-69e491b2c37d3\" class=\"wp-block-greyd-box gs_Y7HZ23 greyd-content-box gs_Y7HZ23\">\n<h3 class=\"wp-block-heading\" id=\"h-dossier\">Dossier<\/h3>\n\n\n\n<p>Mit einem Dossier erhalten Sie in eine straff&nbsp;strukturierte Sammlung von weiterf\u00fchrenden Impulsen, kompakte&nbsp;Darstellungen oder&nbsp;hilfreiche Kurzerl\u00e4uterung von Quellen, Sachverhalten oder Instrumenten, die Ihnen bei der selbst\u00e4ndigen Entwicklung von L\u00f6sungsans\u00e4tzen&nbsp;Orientierung geben. Dossiers sind also Kurzgutachten z.B. zu Konzepten sowie betriebs- oder rechtswissenschaftliche Fragestellungen \u00f6ffentlicher Aufgabenerf\u00fcllung.&nbsp;<\/p>\n\n\n\n<p><strong>Laufzeit:<\/strong> 3 Wochen<\/p>\n<\/div>\n<\/div>\n\n\n\n<div class=\"wp-block-column col-12 col-sm-6 col-md-4 is-layout-flow wp-block-column-is-layout-flow\">\n<div id=\"greyd-69e491b2c3915\" class=\"wp-block-greyd-box gs_bAcsvw greyd-content-box gs_bAcsvw\">\n<h3 class=\"wp-block-heading\" id=\"h-fallstudie\">Fallstudie<\/h3>\n\n\n\n<p>Fallstudien sind eine Darstellung und Strukturierung eines Praxisproblems sowie der daraus resultierenden wissenschaftlichen Fragestellung(en). Je nach Ausgestaltung werden auch konkreten L\u00f6sungswege vorgeschlagen oder Projekte zur Entwicklung von L\u00f6sungen strukturiert und begleitet.<\/p>\n\n\n\n<p><strong>Laufzeit:<\/strong> 6 Wochen bis 6 Monate<\/p>\n<\/div>\n<\/div>\n\n\n\n<div class=\"wp-block-column col-12 col-sm-6 col-md-4 is-layout-flow wp-block-column-is-layout-flow\">\n<div id=\"greyd-69e491b2c3a43\" class=\"wp-block-greyd-box gs_8NdsOc greyd-content-box gs_8NdsOc\">\n<h3 class=\"wp-block-heading\" id=\"h-workshop\">Workshop<\/h3>\n\n\n\n<p>Die L\u00f6sung f\u00fcr ein Problem liegt oft bereits im Kreis der beteiligten Akteure: Zur Aktivierung der L\u00f6sungsfindung gen\u00fcgt manchmal bereits ein Impuls in Form eines Vortrages, eine moderierte Diskussionsrunde oder eine intensive angeleitete interaktive Arbeitsphase.&nbsp;Je nach Ausgestaltung wird das Vorgespr\u00e4ch und die Durchf\u00fchrung auch durch eine ausf\u00fchrliche Nachbereitung erg\u00e4nzt.<\/p>\n\n\n\n<p><strong>Laufzeit:<\/strong> 6 Wochen<\/p>\n<\/div>\n<\/div>\n\n\n\n<div class=\"wp-block-column col-12 col-sm-6 col-md-4 is-layout-flow wp-block-column-is-layout-flow\">\n<div id=\"greyd-69e491b2c3b69\" class=\"wp-block-greyd-box gs_YIxzne greyd-content-box gs_YIxzne\">\n<h3 class=\"wp-block-heading\" id=\"h-entscheidungsvorlage\">Entscheidungsvorlage<\/h3>\n\n\n\n<p>Entscheidungsvorlagen strukturieren f\u00fcr Sie das jeweilige Problem entlang einer individuellen Fragestellung und erarbeiten auf Basis ausgew\u00e4hlter, fallspezifischer Daten schnell nachvollziehbare L\u00f6sungen. Diese erarbeiteten Vorschl\u00e4ge werden praxistauglich z.B. in Form von Ratsvorlagen, Pr\u00e4sentationen oder Kurzberichten aufbereitet.<\/p>\n\n\n\n<p><strong>Laufzeit:<\/strong> 6 Monate<\/p>\n<\/div>\n<\/div>\n\n\n\n<div class=\"wp-block-column col-12 col-sm-6 col-md-4 is-layout-flow wp-block-column-is-layout-flow\">\n<div id=\"greyd-69e491b2c3c82\" class=\"wp-block-greyd-box gs_2dySiw greyd-content-box gs_2dySiw\">\n<h3 class=\"wp-block-heading\" id=\"h-expertise\">Expertise<\/h3>\n\n\n\n<p>Bei komplexen Herausforderungen identifizieren wir das zentrale Problem und entwickeln L\u00f6sungen entlang spezifischer Fragestellungen. Auf Basis der fallspezifischen Daten erarbeiten wir f\u00fcr Sie einen umsetzbaren L\u00f6sungsvorschlag, der Ihnen begr\u00fcndet mit einem Bericht zur Umsetzung vorgelegt wird.<\/p>\n\n\n\n<p><strong>Laufzeit:<\/strong> 9 Monate<\/p>\n<\/div>\n<\/div>\n\n\n\n<div class=\"wp-block-column col-12 col-sm-6 col-md-4 is-layout-flow wp-block-column-is-layout-flow\">\n<div id=\"greyd-69e491b2c3d99\" class=\"wp-block-greyd-box gs_pXgNyI greyd-content-box gs_pXgNyI\">\n<h3 class=\"wp-block-heading\" id=\"h-griff-nach-den-sternen\">Griff nach den Sternen<\/h3>\n\n\n\n<p>Sie stehen vor einer Vielzahl an Herausforderungen? Wir unterst\u00fctzen Sie dabei, die zentralen Probleme zu systematisieren, um die dahinterliegenden relevanten Fragestellungen zu identifizieren. Gemeinsam ertr\u00e4umen und erarbeiten wir bedarfsgerechte und zukunftsorientierte L\u00f6sungen, bei deren Umsetzung wir Sie begleiten.<\/p>\n\n\n\n<p><strong>Laufzeit:<\/strong> &gt; 12 Monate<\/p>\n<\/div>\n<\/div>\n<\/div>\n<\/div><\/div>\n\n\n\n<div class=\"wp-block-column col-12 col-sm-12 col-md-3 col-lg-3 offset-md-1 offset-lg-1 is-layout-flow wp-block-column-is-layout-flow\" style=\"flex-basis:33.33%;width:33.33%\">\n<div id=\"greyd-69e491b2c6d5a\" class=\"wp-block-greyd-box gs_1dlxqE greyd-content-box gs_1dlxqE  is-position-sticky\">\n<h3 class=\"wp-block-heading\" id=\"h-kontakt\">Kontakt<\/h3>\n\n\n\n<div class=\"wp-block-query is-layout-flow wp-block-query-is-layout-flow\"><div class='no_result' ><p class='message info'><\/p><\/div><\/div>\n\n\n\n<div id=\"page-list-box\" class=\"wp-block-greyd-box hidden-lg hidden-md hidden-sm hidden-xs gs_gsuUAh greyd-content-box gs_gsuUAh\">\n<h3 class=\"wp-block-heading\">Weitere Informationen<\/h3>\n\n\n<div class=\"wp-block-template-part\">\n<p>[subpages depth=&#8220;1&#8243; sort_order=&#8220;desc&#8220;  sort_order=&#8220;desc&#8220;]<\/p>\n<\/div>\n\n\n<hr class=\"wp-block-separator has-text-color has-color-22-color has-alpha-channel-opacity has-color-22-background-color has-background is-style-wide\"\/>\n\n\n<div class=\"wp-block-template-part\">\n<p>[siblings depth=&#8220;1&#8243; exclude=&#8220;current&#8220;]<\/p>\n<\/div><\/div>\n<\/div>\n<\/div>\n<\/div>\n<\/div>","protected":false},"excerpt":{"rendered":"<p>Kompetenzen Die B\u00fcndelung der Kompetenzen des Instituts f\u00fcr ein modernes Management von \u00f6ffentlichen, sozialen und privaten Organisationen wird in den strategischen Themenfeldern &#8222;Lernende Organisation&#8220;, &#8222;Motiviertes Personal&#8220;, &#8222;Tragf\u00e4hige Finanzen&#8220; und &#8222;Moderne Regulierung&#8220; sichtbar. Aufgrund der Erfahrung der Institutsmitglieder k\u00f6nnen wir unser Programm in diesen Bereichen glaubhaft gegen\u00fcber Partnern vertreten, praktische L\u00f6sungen anbieten sowie eine hohe wissenschaftliche [&hellip;]<\/p>\n","protected":false},"author":1,"featured_media":0,"parent":3673,"menu_order":0,"comment_status":"closed","ping_status":"closed","template":"","meta":{"_piecal_is_recurring":false,"_piecal_recurring_interval":1,"_piecal_recurring_frequency":"","_piecal_recurring_exact_position":false,"_piecal_recurring_end":"","_piecal_color":"","_piecal_text_color":"","_piecal_global_color_master":false,"_piecal_is_event":false,"_piecal_start_date":"","_piecal_end_date":"","_piecal_is_allday":false,"greyd_block_editor_preview":[],"pgc_sgb_lightbox_settings":"","footnotes":"[]"},"page_category":[],"page_tag":[],"page_redaktion":[],"zielgruppen":[],"kontakt-zuordnung":[],"institut-oder-einric":[678],"stg-zuordnung":[696],"fachbereich":[591],"wf_page_folders":[1323],"ppma_author":[1400],"class_list":["post-16137","page","type-page","status-publish","hentry","institut-oder-einric-ipmg-institut-fuer-public-management-und-governance","stg-zuordnung-n-a","fachbereich-fb-wirtschafts-und-sozialwissenschaften"],"publishpress_future_action":{"enabled":false,"date":"2026-04-26 10:26:26","action":"change-status","newStatus":"draft","terms":[],"taxonomy":"page_category","extraData":[]},"publishpress_future_workflow_manual_trigger":{"enabledWorkflows":[]},"_links":{"self":[{"href":"https:\/\/www.hs-nordhausen.de\/en\/wp-json\/wp\/v2\/pages\/16137","targetHints":{"allow":["GET"]}}],"collection":[{"href":"https:\/\/www.hs-nordhausen.de\/en\/wp-json\/wp\/v2\/pages"}],"about":[{"href":"https:\/\/www.hs-nordhausen.de\/en\/wp-json\/wp\/v2\/types\/page"}],"author":[{"embeddable":true,"href":"https:\/\/www.hs-nordhausen.de\/en\/wp-json\/wp\/v2\/users\/1"}],"replies":[{"embeddable":true,"href":"https:\/\/www.hs-nordhausen.de\/en\/wp-json\/wp\/v2\/comments?post=16137"}],"version-history":[{"count":0,"href":"https:\/\/www.hs-nordhausen.de\/en\/wp-json\/wp\/v2\/pages\/16137\/revisions"}],"up":[{"embeddable":true,"href":"https:\/\/www.hs-nordhausen.de\/en\/wp-json\/wp\/v2\/pages\/3673"}],"wp:attachment":[{"href":"https:\/\/www.hs-nordhausen.de\/en\/wp-json\/wp\/v2\/media?parent=16137"}],"wp:term":[{"taxonomy":"page_category","embeddable":true,"href":"https:\/\/www.hs-nordhausen.de\/en\/wp-json\/wp\/v2\/page_category?post=16137"},{"taxonomy":"page_tag","embeddable":true,"href":"https:\/\/www.hs-nordhausen.de\/en\/wp-json\/wp\/v2\/page_tag?post=16137"},{"taxonomy":"page_redaktion","embeddable":true,"href":"https:\/\/www.hs-nordhausen.de\/en\/wp-json\/wp\/v2\/page_redaktion?post=16137"},{"taxonomy":"zielgruppen","embeddable":true,"href":"https:\/\/www.hs-nordhausen.de\/en\/wp-json\/wp\/v2\/zielgruppen?post=16137"},{"taxonomy":"kontakt-zuordnung","embeddable":true,"href":"https:\/\/www.hs-nordhausen.de\/en\/wp-json\/wp\/v2\/kontakt-zuordnung?post=16137"},{"taxonomy":"institut-oder-einric","embeddable":true,"href":"https:\/\/www.hs-nordhausen.de\/en\/wp-json\/wp\/v2\/institut-oder-einric?post=16137"},{"taxonomy":"stg-zuordnung","embeddable":true,"href":"https:\/\/www.hs-nordhausen.de\/en\/wp-json\/wp\/v2\/stg-zuordnung?post=16137"},{"taxonomy":"fachbereich","embeddable":true,"href":"https:\/\/www.hs-nordhausen.de\/en\/wp-json\/wp\/v2\/fachbereich?post=16137"},{"taxonomy":"wf_page_folders","embeddable":true,"href":"https:\/\/www.hs-nordhausen.de\/en\/wp-json\/wp\/v2\/wf_page_folders?post=16137"},{"taxonomy":"author","embeddable":true,"href":"https:\/\/www.hs-nordhausen.de\/en\/wp-json\/wp\/v2\/ppma_author?post=16137"}],"curies":[{"name":"wp","href":"https:\/\/api.w.org\/{rel}","templated":true}]}}