{"id":16500,"date":"2024-07-08T15:38:00","date_gmt":"2024-07-08T13:38:00","guid":{"rendered":"https:\/\/hsnordhausen.artemis.wpspace.me\/hsn\/?page_id=16500"},"modified":"2025-03-17T08:23:24","modified_gmt":"2025-03-17T07:23:24","slug":"wind-tunnel-2","status":"publish","type":"page","link":"https:\/\/www.hs-nordhausen.de\/en\/unsere-hsn\/fachbereich-ingenieurwissenschaften\/labore-und-einrichtungen\/windkanal-goettinger-bauart\/","title":{"rendered":"G\u00f6ttingen-type wind tunnel"},"content":{"rendered":"<div  class=\"spacer_wrap dyn\" aria-hidden=\"true\"><div class=\"wp-block-spacer inner-sm inner-md inner-lg\" style=\"height:calc(2em * 0.8)\" aria-hidden=\"true\"><\/div><div class=\"wp-block-spacer inner-xl\" style=\"height:2em\" aria-hidden=\"true\"><\/div><\/div>\n\n\n<nav aria-label=\"breadcrumbs\" class=\"rank-math-breadcrumb\"><p><span class=\"last\">Home<\/span><\/p><\/nav>\n\n\n<div  class=\"gs_pj9ffA row_wrap has-background\"><div id='bg_69e111ebd201a' class='greyd-background bg_full'>\n\t\t\t\t\t\t\t\t<div class='bg_color'><\/div>\n\t\t\t\t\t\t\t\t\n\t\t\t\t\t\t\t\t\n\t\t\t\t\t\t\t\t\n\t\t\t\t\t\t\t<\/div>\n<div class=\"wp-block-columns row_xxl has-color-13-background-color has-background is-layout-flex wp-container-core-columns-is-layout-3fec90f0 wp-block-columns-is-layout-flex\" style=\"margin-top:var(--wp--preset--spacing--30);margin-bottom:var(--wp--preset--spacing--30)\">\n<div class=\"wp-block-column is-vertically-aligned-center hidden-xs hidden-sm col-12 col-sm-12 col-md-12 col-lg-12 is-layout-flow wp-block-column-is-layout-flow\" style=\"padding-top:var(--wp--preset--spacing--40);padding-right:var(--wp--preset--spacing--30);padding-bottom:var(--wp--preset--spacing--50);padding-left:var(--wp--preset--spacing--30)\">\n<div class=\"wp-block-group is-vertical is-layout-flex wp-container-core-group-is-layout-c2991436 wp-block-group-is-layout-flex\" style=\"padding-top:var(--wp--preset--spacing--40)\">\n<h1 class=\"wp-block-heading has-text-align-left dyn has-color-31-color has-text-color gs_0dysQS\" id=\"h-post-titel\"><span data-tag=\"title\" data-params=\"\" class=\"is-tag\">Post title<\/span><\/h1>\n\n\n<\/div>\n<\/div>\n\n\n\n<div class=\"wp-block-column is-vertically-aligned-bottom hidden-md hidden-lg col-12 col-sm-12 col-md-8 col-lg-8 is-layout-flow wp-block-column-is-layout-flow\" style=\"padding-left:var(--wp--preset--spacing--30)\">\n<h1 class=\"wp-block-heading has-text-align-center dyn has-color-31-color has-text-color gs_Qz9dg4\" id=\"h-post-titel-0\"><span data-tag=\"title\" data-params=\"\" class=\"is-tag\">Post title<\/span><\/h1>\n<\/div>\n\n\n\n<div class=\"wp-block-column hidden-md hidden-lg col-12 col-sm-auto is-layout-flow wp-block-column-is-layout-flow\"><\/div>\n<\/div>\n<\/div>\n\n<div  class=\"spacer_wrap dyn\" aria-hidden=\"true\"><div class=\"wp-block-spacer inner-sm\" style=\"height:calc(2em * 0.4)\" aria-hidden=\"true\"><\/div><div class=\"wp-block-spacer inner-md\" style=\"height:calc(2em * 0.6)\" aria-hidden=\"true\"><\/div><div class=\"wp-block-spacer inner-lg\" style=\"height:calc(2em * 0.8)\" aria-hidden=\"true\"><\/div><div class=\"wp-block-spacer inner-xl\" style=\"height:2em\" aria-hidden=\"true\"><\/div><\/div>\n\n<div  class=\"row_wrap\">\n<div class=\"wp-block-columns row_xxl is-layout-flex wp-container-core-columns-is-layout-9d6595d7 wp-block-columns-is-layout-flex\">\n<div class=\"wp-block-column col-12 col-sm-12 col-md-8 col-lg-8 is-layout-flow wp-block-column-is-layout-flow\" style=\"flex-basis:66.66%;width:66.66%\">\n<div class=\"wp-block-group\"><div class=\"wp-block-group__inner-container is-layout-constrained wp-block-group-is-layout-constrained\">\n<div class=\"wp-block-group\"><div class=\"wp-block-group__inner-container is-layout-constrained wp-block-group-is-layout-constrained\">\n<h3 class=\"wp-block-heading dyn\" id=\"h-fachliche-leitung\">Specialist management:<\/h3>\n\n\n<div  class=\"spacer_wrap dyn\" aria-hidden=\"true\"><div class=\"wp-block-spacer inner-sm\" style=\"height:calc(1em * 0.4)\" aria-hidden=\"true\"><\/div><div class=\"wp-block-spacer inner-md\" style=\"height:calc(1em * 0.6)\" aria-hidden=\"true\"><\/div><div class=\"wp-block-spacer inner-lg\" style=\"height:calc(1em * 0.8)\" aria-hidden=\"true\"><\/div><div class=\"wp-block-spacer inner-xl\" style=\"height:1em\" aria-hidden=\"true\"><\/div><\/div>\n\n<div  class=\"dynamic dyn\">\n<div id=\"greyd-69e111ebd2f3e\" class=\"wp-block-greyd-box dyn gs_YHC8oy greyd-content-box gs_YHC8oy\">\n<ul class=\"wp-block-greyd-list alignleft\" id=\"list_69e111ebd2613\">\n<li  data-anim-action=\"filter\" data-anim-event=\"hover\" data-anim-triggered=\"false\" data-anim-from=\"filter: grayscale(100%);\" data-anim-to=\"filter: grayscale(4%);\" data-anim-id=\"anim-69e111ebd25a9\"><span class=\"list_icon icon_profile\" aria-hidden=\"true\" style=\"color:var(--color11)\"><\/span><span class=\"list_content\"><p><span class=\"is-button link\" data-type=\"dynamic\" data-params=\"{&quot;tag&quot;:&quot;post&quot;}\"><span data-tag=\"titel\" data-params=\"\" class=\"is-tag\">Title (Prof.\/Dr.\/...)<\/span> <span data-tag=\"vorname\" data-params=\"\" class=\"is-tag\">First name<\/span> <span data-tag=\"nachname\" data-params=\"\" class=\"is-tag\">Surname<\/span><\/span><\/p><\/span><\/li>\n<\/ul>\n<\/div>\n<\/div><\/div><\/div>\n\n\n\n<div class=\"wp-block-group\" style=\"padding-top:0;padding-bottom:0\"><div class=\"wp-block-group__inner-container is-layout-constrained wp-block-group-is-layout-constrained\">\n<h3 class=\"wp-block-heading dyn\" id=\"h-technisch-organisatorische-leitung\">Technical and organisational management:<\/h3>\n\n\n<div  class=\"spacer_wrap dyn\" aria-hidden=\"true\"><div class=\"wp-block-spacer inner-sm\" style=\"height:calc(1em * 0.4)\" aria-hidden=\"true\"><\/div><div class=\"wp-block-spacer inner-md\" style=\"height:calc(1em * 0.6)\" aria-hidden=\"true\"><\/div><div class=\"wp-block-spacer inner-lg\" style=\"height:calc(1em * 0.8)\" aria-hidden=\"true\"><\/div><div class=\"wp-block-spacer inner-xl\" style=\"height:1em\" aria-hidden=\"true\"><\/div><\/div>\n\n<div  class=\"dynamic dyn\">\n<div id=\"greyd-69e111ebd3430\" class=\"wp-block-greyd-box dyn gs_YHC8oy greyd-content-box gs_YHC8oy\">\n<ul class=\"wp-block-greyd-list alignleft\" id=\"list_69e111ebd33e5\">\n<li  data-anim-action=\"filter\" data-anim-event=\"hover\" data-anim-triggered=\"false\" data-anim-from=\"filter: grayscale(100%);\" data-anim-to=\"filter: grayscale(4%);\" data-anim-id=\"anim-69e111ebd33b4\"><span class=\"list_icon icon_profile\" aria-hidden=\"true\" style=\"color:var(--color11)\"><\/span><span class=\"list_content\"><p><span class=\"is-button link\" data-type=\"dynamic\" data-params=\"{&quot;tag&quot;:&quot;post&quot;}\"><span data-tag=\"titel\" data-params=\"\" class=\"is-tag\">Title (Prof.\/Dr.\/...)<\/span> <span data-tag=\"vorname\" data-params=\"\" class=\"is-tag\">First name<\/span> <span data-tag=\"nachname\" data-params=\"\" class=\"is-tag\">Surname<\/span><\/span><\/p><\/span><\/li>\n<\/ul>\n<\/div>\n<\/div><\/div><\/div>\n\n\n\n<div class=\"wp-block-group\" style=\"padding-top:0;padding-bottom:0\"><div class=\"wp-block-group__inner-container is-layout-constrained wp-block-group-is-layout-constrained\">\n<h3 class=\"wp-block-heading dyn\" id=\"h-wo\">Where:<\/h3>\n\n\n\n<ul class=\"wp-block-greyd-list dyn\" id=\"list_69e111ebd35f3\">\n<li style=\"margin-left: 20px; \"><span class=\"list_icon\"><\/span><span class=\"list_content\"><p><span class=\"is-button link\" data-type=\"popup\" data-params=\"&quot;4436&quot;\">House 28 (AKI) | Open space<\/span><\/p><\/span><\/li>\n<\/ul>\n<\/div><\/div>\n\n\n\n<div class=\"wp-block-group\" style=\"padding-top:0;padding-bottom:0\"><div class=\"wp-block-group__inner-container is-layout-constrained wp-block-group-is-layout-constrained\">\n<h3 class=\"wp-block-heading dyn\" id=\"h-einsatzmoglichkeiten\">Possible applications<\/h3>\n\n\n\n<p>Since July 2020, Nordhausen University of Applied Sciences has had a wind tunnel of G\u00f6ttingen design, which was manufactured by Hyperschall- &amp; Str\u00f6mungstechnik GmbH. It has a wide range of uses, from teaching to research and services.<\/p>\n\n\n\n<p>As part of the \"Wind Energy Systems\" and \"Wind Power Plants\" modules, it forms the centre of the <strong>Practical experiments<\/strong>in which the students independently carry out pressure and force measurements on aerodynamic profiles with appropriate supervision. They not only gain an insight into flow measurement technology, but also use the LabVIEW environment developed for the wind tunnel, an up-to-date software tool for recording and analysing measured values. The combination of the aerodynamic content taught in the lecture and the practical application helps students to both link and internalise the knowledge they have acquired.<\/p>\n\n\n\n<p>In the field of <strong>Research<\/strong> the wind tunnel is used in research projects in the field of wind turbines and aircraft systems. In addition to measuring various aerodynamic profiles, models of developed designs can also be assembled and analysed using measurement technology. Various software tools are available for analysing the results. In addition to its use in research and teaching, we also provide the wind tunnel with appropriate support as a <a href=\"https:\/\/www.hs-nordhausen.de\/en\/research\/in-ret-institute-for-renewable-energy-technology\/consulting-and-services\/#windkanal-dienstleistung\"><strong>Service<\/strong> for companies<\/a> available. <\/p>\n\n\n\n<p>If you have any questions, please feel free to contact us at any time via our e-mail address in.RET@hs-nordhausen.de. We will be happy to assist you.<\/p>\n<\/div><\/div>\n\n\n\n<div class=\"wp-block-group\" style=\"padding-top:0;padding-bottom:0\"><div class=\"wp-block-group__inner-container is-layout-constrained wp-block-group-is-layout-constrained\">\n<h3 class=\"wp-block-heading\" id=\"h-technische-daten\">Technical data<\/h3>\n\n\n\n<figure class=\"wp-block-table\"><table class=\"has-fixed-layout\"><thead><tr><th><strong>Geometric data<\/strong><\/th><th>data<\/th><\/tr><\/thead><tbody><tr><td>Design<\/td><td>G\u00f6ttingen construction method<\/td><\/tr><tr><td>Dimensions (L x W x H):<\/td><td>13 m x 2.3 m x 5.5 m<\/td><\/tr><tr><td>Dimensions of the pre-chamber (W x H):<\/td><td>2,100 mm x 2,100 mm<\/td><\/tr><tr><td>Dimensions of the test track (W x H):<\/td><td>900 mm x 750 mm<\/td><\/tr><tr><td>Length of the test track:<\/td><td>1,800 mm<\/td><\/tr><tr><td>Contraction ratio of the nozzle:<\/td><td>approx. 6.5<\/td><\/tr><\/tbody><\/table><\/figure>\n\n\n\n<figure class=\"wp-block-table\"><table class=\"has-fixed-layout\"><thead><tr><th>Blower<\/th><th>Technical data<\/th><\/tr><\/thead><tbody><tr><td>Design:<\/td><td>Axial fan with fixed guide vanes<\/td><\/tr><tr><td>rated electrical motor power:<\/td><td>160 kW<\/td><\/tr><tr><td>maximum speed:<\/td><td>1,470 min<sup>-1<\/sup><\/td><\/tr><tr><td>Total pressure increase:<\/td><td>2,000 Pa<\/td><\/tr><tr><td>maximum flow velocity:<\/td><td>65 m\/s<\/td><\/tr><\/tbody><\/table><\/figure>\n<\/div><\/div>\n\n\n\n<div class=\"wp-block-group\" style=\"padding-top:0;padding-bottom:0\"><div class=\"wp-block-group__inner-container is-layout-constrained wp-block-group-is-layout-constrained\">\n<h3 class=\"wp-block-heading\" id=\"h-software\">Software<\/h3>\n\n\n\n<p>For the <strong>Recording and analysing sensor data<\/strong> stands<\/p>\n\n\n\n<ul class=\"wp-block-list\">\n<li>LabVIEW with a corresponding NI measurement card<\/li>\n<\/ul>\n\n\n\n<p>available. The sensors integrated in the wind tunnel are recorded and their measurements analysed accordingly in a LabVIEW programme.<\/p>\n\n\n\n<p>For the <strong>Evaluation and analysis<\/strong> the following software packages can also be used:<\/p>\n\n\n\n<ul class=\"wp-block-list\">\n<li>WindPRO<\/li>\n\n\n\n<li>Engineering Equation Solver (EES)<\/li>\n\n\n\n<li>MATLAB &amp; Simulink.<\/li>\n<\/ul>\n<\/div><\/div>\n<\/div><\/div>\n<\/div>\n\n\n\n<div class=\"wp-block-column col-12 col-sm-12 col-md-3 col-lg-3 offset-md-1 offset-lg-1 is-layout-flow wp-block-column-is-layout-flow\" style=\"flex-basis:33.33%;width:33.33%\">\n<div class=\"wp-block-group\"><div class=\"wp-block-group__inner-container is-layout-constrained wp-block-group-is-layout-constrained\"><figure style=\"\" class=\"wp-block-image greyd-image is-style-rounded-corners dyn alignright gs_ttF69r\"><img decoding=\"async\" width=\"1024\" height=\"800\" src=\"https:\/\/www.hs-nordhausen.de\/wp-content\/uploads\/sites\/8\/2024\/07\/windkanal-1024x800.jpg\" class=\"wp-image-16504\" alt=\"An industrial facility used as a wind tunnel. The facility consists of several large, blue, rectangular structures connected by metal frames. Nearby are various machines and technical equipment, as well as tables with monitors and computers. The building has large windows that let in daylight and a crane hangs from the ceiling.\" srcset=\"https:\/\/www.hs-nordhausen.de\/wp-content\/uploads\/sites\/8\/2024\/07\/windkanal-1024x800.jpg 1024w, https:\/\/www.hs-nordhausen.de\/wp-content\/uploads\/sites\/8\/2024\/07\/windkanal-300x234.jpg 300w, https:\/\/www.hs-nordhausen.de\/wp-content\/uploads\/sites\/8\/2024\/07\/windkanal-150x117.jpg 150w, https:\/\/www.hs-nordhausen.de\/wp-content\/uploads\/sites\/8\/2024\/07\/windkanal-768x600.jpg 768w, https:\/\/www.hs-nordhausen.de\/wp-content\/uploads\/sites\/8\/2024\/07\/windkanal-1536x1200.jpg 1536w, https:\/\/www.hs-nordhausen.de\/wp-content\/uploads\/sites\/8\/2024\/07\/windkanal-2048x1600.jpg 2048w, https:\/\/www.hs-nordhausen.de\/wp-content\/uploads\/sites\/8\/2024\/07\/windkanal-15x12.jpg 15w, https:\/\/www.hs-nordhausen.de\/wp-content\/uploads\/sites\/8\/2024\/07\/windkanal-24x19.jpg 24w, https:\/\/www.hs-nordhausen.de\/wp-content\/uploads\/sites\/8\/2024\/07\/windkanal-scaled.jpg 1920w\" sizes=\"(max-width: 1024px) 100vw, 1024px\" title=\"\"><\/figure><\/div><\/div>\n\n\n\n<div class=\"wp-block-group\" style=\"padding-top:var(--wp--preset--spacing--50);padding-bottom:var(--wp--preset--spacing--50)\"><div class=\"wp-block-group__inner-container is-layout-constrained wp-block-group-is-layout-constrained\">\n<h3 class=\"wp-block-heading\" id=\"h-kontakt\">Contact<\/h3>\n\n\n\n<div id=\"greyd-69e111ebd4738\" class=\"wp-block-greyd-box dyn _hover gs_YHC8oy greyd-content-box gs_YHC8oy\">\n<ul class=\"wp-block-greyd-list alignleft\" id=\"list_69e111ebd46dd\">\n<li  data-anim-action=\"filter\" data-anim-event=\"hover\" data-anim-triggered=\"false\" data-anim-from=\"filter: grayscale(100%);\" data-anim-to=\"filter: grayscale(4%);\" data-anim-id=\"anim-69e111ebd46bc\"><span class=\"list_icon icon_document_alt\" aria-hidden=\"true\" style=\"color:var(--color11)\"><\/span><span class=\"list_content\"><p><span data-tag=\"title\" data-params=\"{&quot;isLink&quot;:true}\" class=\"is-tag\">Post title<\/span><\/p><\/span><\/li>\n<\/ul>\n<\/div>\n<\/div><\/div>\n<\/div>\n<\/div>\n<\/div>","protected":false},"excerpt":{"rendered":"<p>Fachliche Leitung: Technisch-organisatorische Leitung: Wo: Einsatzm\u00f6glichkeiten Die Hochschule Nordhausen besitzt seit Juli&nbsp;2020 einen Windkanal G\u00f6ttinger Bauart, der von der Firma Hyperschall-&nbsp;&amp;&nbsp;Str\u00f6mungstechnik&nbsp;GmbH gefertigt wurde. Seine Einsatzbereiche sind vielf\u00e4ltig und reichen von der Lehre \u00fcber die Forschung bis hin zu Dienstleistungen. Im Rahmen der Module \u201eWindenergiesysteme\u201c bzw. \u201eWind Power Plants\u201c bildet er das Zentrum der Praktikumsversuche, bei [&hellip;]<\/p>\n","protected":false},"author":1,"featured_media":0,"parent":1080,"menu_order":0,"comment_status":"closed","ping_status":"closed","template":"","meta":{"_piecal_is_recurring":false,"_piecal_recurring_interval":1,"_piecal_recurring_frequency":"","_piecal_recurring_exact_position":false,"_piecal_recurring_end":"","_piecal_color":"","_piecal_text_color":"","_piecal_global_color_master":false,"_piecal_is_event":false,"_piecal_start_date":"","_piecal_end_date":"","_piecal_is_allday":false,"greyd_block_editor_preview":[],"pgc_sgb_lightbox_settings":"","footnotes":""},"page_category":[1494],"page_tag":[],"page_redaktion":[],"zielgruppen":[],"kontakt-zuordnung":[],"institut-oder-einric":[682,679],"stg-zuordnung":[655,656,662,663],"fachbereich":[583],"wf_page_folders":[1521],"ppma_author":[1400],"class_list":["post-16500","page","type-page","status-publish","hentry","page_category-labor","institut-oder-einric-aki-august-kramer-institut","institut-oder-einric-in-ret-institut-fuer-regenerative-energietechnik","stg-zuordnung-ret","stg-zuordnung-res","stg-zuordnung-wing","stg-zuordnung-wintec","fachbereich-fb-ingenieurwissenschaften"],"publishpress_future_action":{"enabled":false,"date":"2026-04-23 18:44:27","action":"change-status","newStatus":"draft","terms":[],"taxonomy":"page_category","extraData":[]},"publishpress_future_workflow_manual_trigger":{"enabledWorkflows":[]},"_links":{"self":[{"href":"https:\/\/www.hs-nordhausen.de\/en\/wp-json\/wp\/v2\/pages\/16500","targetHints":{"allow":["GET"]}}],"collection":[{"href":"https:\/\/www.hs-nordhausen.de\/en\/wp-json\/wp\/v2\/pages"}],"about":[{"href":"https:\/\/www.hs-nordhausen.de\/en\/wp-json\/wp\/v2\/types\/page"}],"author":[{"embeddable":true,"href":"https:\/\/www.hs-nordhausen.de\/en\/wp-json\/wp\/v2\/users\/1"}],"replies":[{"embeddable":true,"href":"https:\/\/www.hs-nordhausen.de\/en\/wp-json\/wp\/v2\/comments?post=16500"}],"version-history":[{"count":0,"href":"https:\/\/www.hs-nordhausen.de\/en\/wp-json\/wp\/v2\/pages\/16500\/revisions"}],"up":[{"embeddable":true,"href":"https:\/\/www.hs-nordhausen.de\/en\/wp-json\/wp\/v2\/pages\/1080"}],"wp:attachment":[{"href":"https:\/\/www.hs-nordhausen.de\/en\/wp-json\/wp\/v2\/media?parent=16500"}],"wp:term":[{"taxonomy":"page_category","embeddable":true,"href":"https:\/\/www.hs-nordhausen.de\/en\/wp-json\/wp\/v2\/page_category?post=16500"},{"taxonomy":"page_tag","embeddable":true,"href":"https:\/\/www.hs-nordhausen.de\/en\/wp-json\/wp\/v2\/page_tag?post=16500"},{"taxonomy":"page_redaktion","embeddable":true,"href":"https:\/\/www.hs-nordhausen.de\/en\/wp-json\/wp\/v2\/page_redaktion?post=16500"},{"taxonomy":"zielgruppen","embeddable":true,"href":"https:\/\/www.hs-nordhausen.de\/en\/wp-json\/wp\/v2\/zielgruppen?post=16500"},{"taxonomy":"kontakt-zuordnung","embeddable":true,"href":"https:\/\/www.hs-nordhausen.de\/en\/wp-json\/wp\/v2\/kontakt-zuordnung?post=16500"},{"taxonomy":"institut-oder-einric","embeddable":true,"href":"https:\/\/www.hs-nordhausen.de\/en\/wp-json\/wp\/v2\/institut-oder-einric?post=16500"},{"taxonomy":"stg-zuordnung","embeddable":true,"href":"https:\/\/www.hs-nordhausen.de\/en\/wp-json\/wp\/v2\/stg-zuordnung?post=16500"},{"taxonomy":"fachbereich","embeddable":true,"href":"https:\/\/www.hs-nordhausen.de\/en\/wp-json\/wp\/v2\/fachbereich?post=16500"},{"taxonomy":"wf_page_folders","embeddable":true,"href":"https:\/\/www.hs-nordhausen.de\/en\/wp-json\/wp\/v2\/wf_page_folders?post=16500"},{"taxonomy":"author","embeddable":true,"href":"https:\/\/www.hs-nordhausen.de\/en\/wp-json\/wp\/v2\/ppma_author?post=16500"}],"curies":[{"name":"wp","href":"https:\/\/api.w.org\/{rel}","templated":true}]}}