{"id":184,"date":"2023-02-20T00:28:44","date_gmt":"2023-02-19T23:28:44","guid":{"rendered":"https:\/\/hsnordhausen.artemis.wpspace.me\/hsn\/jobs\/"},"modified":"2025-12-19T12:16:30","modified_gmt":"2025-12-19T11:16:30","slug":"job-offers","status":"publish","type":"page","link":"https:\/\/www.hs-nordhausen.de\/en\/karriere\/stellenangebote\/","title":{"rendered":"Vacancies"},"content":{"rendered":"<div  class=\"spacer_wrap dyn\" aria-hidden=\"true\"><div class=\"wp-block-spacer inner-sm inner-md inner-lg\" style=\"height:calc(2em * 0.8)\" aria-hidden=\"true\"><\/div><div class=\"wp-block-spacer inner-xl\" style=\"height:2em\" aria-hidden=\"true\"><\/div><\/div>\n\n\n<nav aria-label=\"breadcrumbs\" class=\"rank-math-breadcrumb\"><p><span class=\"last\">Home<\/span><\/p><\/nav>\n\n\n<div  class=\"gs_pj9ffA row_wrap has-background\"><div id='bg_69f2c396c0848' class='greyd-background bg_full'>\n\t\t\t\t\t\t\t\t<div class='bg_color'><\/div>\n\t\t\t\t\t\t\t\t\n\t\t\t\t\t\t\t\t\n\t\t\t\t\t\t\t\t\n\t\t\t\t\t\t\t<\/div>\n<div class=\"wp-block-columns row_xxl has-color-13-background-color has-background is-layout-flex wp-container-core-columns-is-layout-3fec90f0 wp-block-columns-is-layout-flex\" style=\"margin-top:var(--wp--preset--spacing--30);margin-bottom:var(--wp--preset--spacing--30)\">\n<div class=\"wp-block-column is-vertically-aligned-center hidden-xs hidden-sm col-12 col-sm-12 col-md-12 col-lg-12 is-layout-flow wp-block-column-is-layout-flow\" style=\"padding-top:var(--wp--preset--spacing--40);padding-right:var(--wp--preset--spacing--30);padding-bottom:var(--wp--preset--spacing--50);padding-left:var(--wp--preset--spacing--30)\">\n<div class=\"wp-block-group is-vertical is-layout-flex wp-container-core-group-is-layout-c2991436 wp-block-group-is-layout-flex\" style=\"padding-top:var(--wp--preset--spacing--40)\">\n<h1 class=\"wp-block-heading has-text-align-left dyn has-color-31-color has-text-color gs_0dysQS\" id=\"h-post-titel\"><span data-tag=\"title\" data-params=\"\" class=\"is-tag\">Post title<\/span><\/h1>\n\n\n<\/div>\n<\/div>\n\n\n\n<div class=\"wp-block-column is-vertically-aligned-bottom hidden-md hidden-lg col-12 col-sm-12 col-md-8 col-lg-8 is-layout-flow wp-block-column-is-layout-flow\" style=\"padding-left:var(--wp--preset--spacing--30)\">\n<h1 class=\"wp-block-heading has-text-align-center dyn has-color-31-color has-text-color gs_Qz9dg4\" id=\"h-post-titel-0\"><span data-tag=\"title\" data-params=\"\" class=\"is-tag\">Post title<\/span><\/h1>\n<\/div>\n\n\n\n<div class=\"wp-block-column hidden-md hidden-lg col-12 col-sm-auto is-layout-flow wp-block-column-is-layout-flow\"><\/div>\n<\/div>\n<\/div>\n\n<div  class=\"spacer_wrap dyn\" aria-hidden=\"true\"><div class=\"wp-block-spacer inner-sm\" style=\"height:calc(2em * 0.4)\" aria-hidden=\"true\"><\/div><div class=\"wp-block-spacer inner-md\" style=\"height:calc(2em * 0.6)\" aria-hidden=\"true\"><\/div><div class=\"wp-block-spacer inner-lg\" style=\"height:calc(2em * 0.8)\" aria-hidden=\"true\"><\/div><div class=\"wp-block-spacer inner-xl\" style=\"height:2em\" aria-hidden=\"true\"><\/div><\/div>\n\n<div  class=\"row_wrap\">\n<div class=\"wp-block-columns row_xxl is-layout-flex wp-container-core-columns-is-layout-9d6595d7 wp-block-columns-is-layout-flex\">\n<div class=\"wp-block-column col-12 col-sm-12 col-md-8 col-lg-8 is-layout-flow wp-block-column-is-layout-flow\" style=\"flex-basis:66.66%;width:66.66%\">\n<div class=\"wp-block-group gs_wonIgs group_wrap\"><div class=\"wp-block-group__inner-container is-layout-constrained wp-block-group-is-layout-constrained\">\n<p>At our modern university <strong>2,000 ambitious students learn and do research<\/strong> in the diverse degree programmes offered by our two departments <a href=\"https:\/\/www.hs-nordhausen.de\/en\/hsn\/faculty-of-engineering\/\">Engineering<\/a> and <a href=\"https:\/\/www.hs-nordhausen.de\/en\/hsn\/department-of-economics-and-social-sciences\/\">Economics &amp; Social Sciences<\/a>. <\/p>\n\n\n\n<p>As <strong>University with strong research and third-party funding<\/strong> As a centre for applied sciences in the north of Thuringia, we offer an excellent basis for numerous projects with the regional and national economy. On our green campus, the excellently equipped infrastructure and the latest laboratories are within easy reach. These also enable personal contact with the faculty. The location of the campus in the scenic S\u00fcdharz region offers a wide range of leisure activities. <\/p>\n\n\n\n<p>In its function as a university of applied sciences, Nordhausen University of Applied Sciences creates <strong>Educational and career prospects for students, employees and companies<\/strong>. It supports its members personally, innovatively and individually in achieving their goals.<\/p>\n<\/div><\/div>\n\n\n\n<div class=\"wp-block-group gs_LhZ2eb group_wrap\"><div class=\"wp-block-group__inner-container is-layout-constrained wp-block-group-is-layout-constrained\">\n<div class=\"wp-block-query is-layout-flow wp-block-query-is-layout-flow\">\n<h2 class=\"wp-block-heading\">Current vacancies<\/h2>\n\n\n<ul class=\"columns-1 wp-block-post-template is-layout-grid wp-container-core-post-template-is-layout-24da5d4a wp-block-post-template-is-layout-grid\"><li class=\"wp-block-post post-39892 stellenangebote type-stellenangebote status-publish hentry stellenangebote_category-stellenangebot-management-und-verwaltung arbeitszeitmodell-vollzeit stellenangebote_stellentyp-allgemein zielgruppen-karriereinteressierte kontakt-zuordnung-hjentsch projekt-n-a studienbereich-n-a institut-oder-einric-n-a stg-zuordnung-n-a fachbereich-n-a\">\n<div  class=\"dynamic\">\n<div class=\"wp-block-greyd-box alignleft dyn gs_NbMRKU greyd-content-box gs_NbMRKU flex-justify-flex-start\" id=\"kontaktdaten-aus\" data-greyd-trigger=\"kontaktdaten_aus|show::kontaktdaten_kurz_ein|show\" data-siblings=\"hide\"><div  class=\"gs_VMbso6 row_wrap\">\n<div class=\"wp-block-columns are-vertically-aligned-top row_xxl is-layout-flex wp-container-core-columns-is-layout-9d6595d7 wp-block-columns-is-layout-flex\">\n<div class=\"wp-block-column is-vertically-aligned-top col-12 col-md-auto col-lg-6 order-sm-first order-md-first order-lg-first is-layout-flow wp-block-column-is-layout-flow\" style=\"padding-top:0;padding-bottom:0\">\n<div class=\"wp-block-group is-horizontal is-content-justification-space-between is-nowrap is-layout-flex wp-container-core-group-is-layout-c30d3acd wp-block-group-is-layout-flex\" style=\"padding-bottom:0px\">\n<div class=\"wp-block-greyd-buttons alignleft gs_azmgCd\"  data-anim-action=\"scale\" data-anim-event=\"hover\" data-anim-triggered=\"false\" data-anim-from=\"transform: scale(1);\" data-anim-to=\"transform: scale(1.3);\" data-anim-id=\"anim-69f2c396c36c4\">\n<a id=\"greyd-69f2c396c35d6\" role=\"button\" tabindex=\"0\" onclick=\"greyd.trigger.trigger(event, &quot;trigger_1&quot;, false);\" class=\"link dyn is-style-link-prim gs_HiR5w1 is-size-small\"  data-anim-action=\"custom\" data-anim-event=\"parentClick\" data-anim-triggered=\"false\" data-anim-from=\"transform: scaleY(1);\" data-anim-to=\"transform: scaleY(-1);\" data-anim-id=\"anim-69f2c396c3626\" data-anim-parent=\".gs_azmgCd\"><span class=\"arrow_triangle-down\" style=\"vertical-align:middle;font-size:125%;margin-right:0px\" aria-hidden=\"true\"><\/span><span style=\"flex:1\"><\/span><\/a><style class=\"greyd-styles\">.gs_HiR5w1 { padding-top: 8px !important; padding-right: 8px !important; padding-bottom: 8px !important; padding-left: 8px !important; } @media (max-width: 575.98px) { .gs_HiR5w1 { padding-left: 4px !important; } } <\/style>\n<\/div>\n\n\n\n<div class=\"wp-block-group wp-container-content-9cfa9a5a is-content-justification-left is-nowrap is-layout-flex wp-container-core-group-is-layout-2122668f wp-block-group-is-layout-flex\" style=\"padding-top:var(--wp--preset--spacing--30)\">\n<p class=\"has-text-align-left dyn\" style=\"padding-right:0;padding-left:0\"><span data-tag=\"Stellenbezeichnung\" data-params=\"\" class=\"is-tag\"><span class=\"is-button link\" data-type=\"dynamic\" data-params=\"{&quot;linkText&quot;:&quot;Stellenangebot aufrufen&quot;,&quot;tag&quot;:&quot;post&quot;}\">Job title<\/span><\/span><\/p>\n<\/div>\n<\/div>\n<\/div>\n\n\n\n<div class=\"wp-block-column is-vertically-aligned-top col-12 col-md-auto col-lg-4 order-sm-last order-md-last order-lg-last offset-sm-0 offset-md-2 offset-lg-2 is-layout-flow wp-block-column-is-layout-flow\">\n<p id=\"greyd-69f2c396c390a\" class=\"has-text-align-right dyn has-color-33-background-color has-background\" style=\"padding-top:var(--wp--preset--spacing--20);padding-right:var(--wp--preset--spacing--20);padding-bottom:var(--wp--preset--spacing--20);padding-left:var(--wp--preset--spacing--20)\"><span data-tag=\"taxonomy-stellenangebote_category\" data-params=\"\" class=\"is-tag\"><strong>Categories<\/strong><\/span><\/p>\n<\/div>\n<\/div>\n<\/div>\n\n\n<div class=\"wp-block-group has-color-23-background-color has-background is-nowrap is-layout-flex wp-container-core-group-is-layout-ad2f72ca wp-block-group-is-layout-flex gs_NZjAsU group_wrap\" data-greyd-trigger=\"trigger_1|fadeToggle\" data-onload=\"hide\" data-siblings=\"hide\">\n<div class=\"wp-block-group is-vertical is-layout-flex wp-container-core-group-is-layout-8cf370e7 wp-block-group-is-layout-flex gs_NI0rWg group_wrap\">\n<div class=\"wp-block-group is-layout-flex wp-block-group-is-layout-flex\">\n<p class=\"dyn gs_936VUz\" style=\"font-style:normal;font-weight:600\">Code number: <span data-tag=\"job-kennziffer\" data-params=\"\" class=\"is-tag\">Code number<\/span><\/p>\n<\/div>\n\n\n\n<p class=\"dyn gs_VkRagk\"><strong>Application deadline:<\/strong> <span data-tag=\"Ende-Bewerbungszeitraum\" data-params=\"\" class=\"is-tag\">Application deadline<\/span><\/p>\n\n\n\n\n<\/div>\n<\/div>\n<\/div>\n<\/div>\n<\/li><\/ul><\/div>\n<\/div><\/div>\n\n\n<div  class=\"spacer_wrap\" aria-hidden=\"true\"><div class=\"wp-block-spacer inner-sm\" style=\"height:calc(4em * 0.4)\" aria-hidden=\"true\"><\/div><div class=\"wp-block-spacer inner-md\" style=\"height:calc(4em * 0.6)\" aria-hidden=\"true\"><\/div><div class=\"wp-block-spacer inner-lg\" style=\"height:calc(4em * 0.8)\" aria-hidden=\"true\"><\/div><div class=\"wp-block-spacer inner-xl\" style=\"height:4em\" aria-hidden=\"true\"><\/div><\/div><\/div>\n\n\n\n<div class=\"wp-block-column col-12 col-sm-12 col-md-3 col-lg-3 offset-md-1 offset-lg-1 is-layout-flow wp-block-column-is-layout-flow\" style=\"flex-basis:33.33%;width:33.33%\">\n<h3 class=\"wp-block-heading\" id=\"h-kontakt\">Contact<\/h3>\n\n\n\n<div class=\"wp-block-group has-trigger group_wrap\"><div class=\"wp-block-group__inner-container is-layout-constrained wp-block-group-is-layout-constrained\"><a class=\"hidden-trigger-link\"  href=\"https:\/\/www.hs-nordhausen.de\/en\/karriere\/stellenangebote\/\" title=\"Vacancies\"><\/a>\n<div id=\"greyd-69f2c396cb6c6\" class=\"wp-block-greyd-box aligncenter dyn gs_LvI53R greyd-content-box gs_LvI53R flex-justify-flex-start\">\n<div id=\"greyd-69f2c396ca86d\" class=\"wp-block-greyd-box aligncenter dyn gs_nVZwZR greyd-content-box gs_nVZwZR flex-justify-flex-start\">\n<div class=\"wp-block-group is-horizontal is-content-justification-space-between is-nowrap is-layout-flex wp-container-core-group-is-layout-b493c794 wp-block-group-is-layout-flex gs_EAw9o9 group_wrap\"><figure style=\"padding-top:0;padding-bottom:0;padding-left:0;padding-right:0;\" class=\"wp-block-image greyd-image is-style-normal dyn wp-container-content-9cfa9a5a gs_lzP44q\"  data-anim-action=\"scale\" data-anim-event=\"parentHover\" data-anim-triggered=\"false\" data-anim-from=\"transform: scale(1);\" data-anim-to=\"transform: scale(1.7);\" data-anim-parent=\".dyn\"><img decoding=\"async\" width=\"897\" height=\"1024\" src=\"https:\/\/www.hs-nordhausen.de\/wp-content\/uploads\/sites\/8\/2024\/05\/Sarah-Koch-897x1024.png\" class=\"wp-image-23955\" alt=\"Sarah-Isabelle Koch\" srcset=\"https:\/\/www.hs-nordhausen.de\/wp-content\/uploads\/sites\/8\/2024\/05\/Sarah-Koch-897x1024.png 897w, https:\/\/www.hs-nordhausen.de\/wp-content\/uploads\/sites\/8\/2024\/05\/Sarah-Koch-263x300.png 263w, https:\/\/www.hs-nordhausen.de\/wp-content\/uploads\/sites\/8\/2024\/05\/Sarah-Koch-131x150.png 131w, https:\/\/www.hs-nordhausen.de\/wp-content\/uploads\/sites\/8\/2024\/05\/Sarah-Koch-768x877.png 768w, https:\/\/www.hs-nordhausen.de\/wp-content\/uploads\/sites\/8\/2024\/05\/Sarah-Koch-1346x1536.png 1346w, https:\/\/www.hs-nordhausen.de\/wp-content\/uploads\/sites\/8\/2024\/05\/Sarah-Koch-11x12.png 11w, https:\/\/www.hs-nordhausen.de\/wp-content\/uploads\/sites\/8\/2024\/05\/Sarah-Koch-21x24.png 21w, https:\/\/www.hs-nordhausen.de\/wp-content\/uploads\/sites\/8\/2024\/05\/Sarah-Koch.png 1794w\" sizes=\"(max-width: 897px) 100vw, 897px\" title=\"\"><\/figure><\/div>\n<\/div>\n\n\n\n<div class=\"wp-block-group is-nowrap is-layout-flex wp-container-core-group-is-layout-ad2f72ca wp-block-group-is-layout-flex\">\n<h3 class=\"wp-block-heading has-text-align-center is-style-rounded dyn has-color-21-color has-text-color has-link-color wp-elements-c6c5971265fcba52cd5213e267d517bb gs_ms6cea\" id=\"name\" style=\"font-style:normal;font-weight:600\"><span data-tag=\"titel\" data-params=\"\" class=\"is-tag\">Title (Prof.\/Dr.\/...)<\/span> <span data-tag=\"vorname\" data-params=\"\" class=\"is-tag\">First name<\/span> <span data-tag=\"nachname\" data-params=\"\" class=\"is-tag\">Surname<\/span><\/h3>\n<\/div>\n\n\n\n\n<p class=\"has-text-align-center dyn\"><span data-tag=\"taxonomy-kontaktverzeichnis_position\" data-params=\"\" class=\"is-tag\"><strong>Positions<\/strong><\/span><\/p>\n\n\n\n\n<hr id=\"greyd-69f2c396cb313\" style='  border-style: dotted !important; opacity: 100% !important; height: 1px !important;   ' class=\"wp-block-separator has-text-color has-color-22-color has-alpha-channel-opacity has-color-22-background-color has-background is-style-wide\"\/>\n\n\n\n<ul id=\"list_69f2c396cb415\" class=\"wp-block-greyd-list\" style=\"padding-top:var(--wp--preset--spacing--50);padding-bottom:0\">\n<li><span class=\"list_icon icon_profile\" aria-hidden=\"true\"><\/span><span class=\"list_content\"><p><span class=\"is-button link\" data-type=\"dynamic\" data-params=\"{&quot;tag&quot;:&quot;post&quot;}\">Profile<\/span><\/p><\/span><\/li>\n\n\n\n<li><span class=\"list_icon icon_phone\" aria-hidden=\"true\"><\/span><span class=\"list_content\"><p><span data-tag=\"telefon\" data-params=\"\" class=\"is-tag\">Telephone<\/span><\/p><\/span><\/li>\n\n\n\n<li><span class=\"list_icon icon_search_alt\" aria-hidden=\"true\"><\/span><span class=\"list_content\"><p><span data-tag=\"fax\" data-params=\"\" class=\"is-tag\">fax<\/span><\/p><\/span><\/li>\n\n\n\n<li><span class=\"list_icon icon_mail\" aria-hidden=\"true\"><\/span><span class=\"list_content\"><p><span data-tag=\"e-mail\" data-params=\"\" class=\"is-tag\">e-mail<\/span><\/p><\/span><\/li>\n\n\n\n<li><span class=\"list_icon icon_house\" aria-hidden=\"true\"><\/span><span class=\"list_content\"><p><span data-tag=\"buero\" data-params=\"&quot;&quot;\" class=\"is-tag\">Office<\/span><\/p><\/span><\/li>\n<\/ul>\n<\/div>\n<\/div><\/div>\n<\/div>\n<\/div>\n<\/div>\n\n<div  class=\"row_wrap\">\n<div class=\"wp-block-columns row_xxl is-layout-flex wp-container-core-columns-is-layout-9d6595d7 wp-block-columns-is-layout-flex\">\n<div class=\"wp-block-column col-12 col-sm-12 col-md-8 col-lg-8 is-layout-flow wp-block-column-is-layout-flow\" style=\"flex-basis:66.66%;width:66.66%\"><div  class=\"spacer_wrap\" aria-hidden=\"true\"><div class=\"wp-block-spacer inner-sm\" style=\"height:calc(4em * 0.4)\" aria-hidden=\"true\"><\/div><div class=\"wp-block-spacer inner-md\" style=\"height:calc(4em * 0.6)\" aria-hidden=\"true\"><\/div><div class=\"wp-block-spacer inner-lg\" style=\"height:calc(4em * 0.8)\" aria-hidden=\"true\"><\/div><div class=\"wp-block-spacer inner-xl\" style=\"height:4em\" aria-hidden=\"true\"><\/div><\/div>\n\n\n<div class=\"wp-block-group gs_1zCkQx group_wrap\"><div class=\"wp-block-group__inner-container is-layout-constrained wp-block-group-is-layout-constrained\">\n<div class=\"wp-block-query is-layout-flow wp-block-query-is-layout-flow\">\n<h3 class=\"wp-block-heading\">Teaching assignment<\/h3>\n\n\n<\/div>\n\n\n<div  class=\"spacer_wrap\" aria-hidden=\"true\"><div class=\"wp-block-spacer inner-sm\" style=\"height:calc(1rem * 0.4)\" aria-hidden=\"true\"><\/div><div class=\"wp-block-spacer inner-md\" style=\"height:calc(1rem * 0.6)\" aria-hidden=\"true\"><\/div><div class=\"wp-block-spacer inner-lg\" style=\"height:calc(1rem * 0.8)\" aria-hidden=\"true\"><\/div><div class=\"wp-block-spacer inner-xl\" style=\"height:1rem\" aria-hidden=\"true\"><\/div><\/div>\n\n\n<h3 class=\"wp-block-heading\">Current teaching assignments in the Faculty of Business, Economics and Social Sciences<\/h3>\n\n\n\n<div class=\"wp-block-group has-color-13-background-color has-background gs_qpodcl group_wrap\" style=\"padding-top:var(--wp--preset--spacing--50);padding-right:var(--wp--preset--spacing--50);padding-bottom:var(--wp--preset--spacing--50);padding-left:var(--wp--preset--spacing--50)\"><div class=\"wp-block-group__inner-container is-layout-constrained wp-container-core-group-is-layout-1c1b4f74 wp-block-group-is-layout-constrained\">\n<h4 class=\"wp-block-heading\">Bachelor's degree programme <a href=\"https:\/\/www.hs-nordhausen.de\/en\/study-programmes\/digital-administration-management\/\" data-type=\"studiengaenge\" data-id=\"30215\">Digital administration management<\/a><\/h4>\n\n\n\n<p>A teaching position is available for our Bachelor's degree programme in Digital Administration Management for<\/p>\n\n\n\n<ul class=\"wp-block-list\">\n<li>Operating systems, computer networks, distributed systems and IT security (4 SWS)<\/li>\n<\/ul>\n<\/div><\/div>\n\n\n\n<div class=\"wp-block-group has-color-23-background-color has-background gs_EAHEHN group_wrap\" style=\"padding-top:var(--wp--preset--spacing--50);padding-right:var(--wp--preset--spacing--50);padding-bottom:var(--wp--preset--spacing--50);padding-left:var(--wp--preset--spacing--50)\"><div class=\"wp-block-group__inner-container is-layout-constrained wp-container-core-group-is-layout-1c1b4f74 wp-block-group-is-layout-constrained\">\n<h4 class=\"wp-block-heading\">Bachelor's degree programme <a href=\"https:\/\/www.hs-nordhausen.de\/en\/study-programmes\/social-management\/\" data-type=\"studiengaenge\" data-id=\"319\">Social management<\/a><\/h4>\n\n\n\n<p>Teaching assignments are available for our Bachelor's degree programme in Social Management for<\/p>\n\n\n\n<ul class=\"wp-block-list\">\n<li>Bookkeeping and accounting (4 SWS)<\/li>\n\n\n\n<li>Cost and activity accounting (4 SWS)<\/li>\n\n\n\n<li>Investment and financing (2 SWS)<\/li>\n\n\n\n<li>Digitalisation in the social economy (2 SWS)<\/li>\n<\/ul>\n<\/div><\/div>\n\n\n\n<div class=\"wp-block-group has-color-13-background-color has-background gs_s7IYbF group_wrap\" style=\"padding-top:var(--wp--preset--spacing--50);padding-right:var(--wp--preset--spacing--50);padding-bottom:var(--wp--preset--spacing--50);padding-left:var(--wp--preset--spacing--50)\"><div class=\"wp-block-group__inner-container is-layout-constrained wp-container-core-group-is-layout-1c1b4f74 wp-block-group-is-layout-constrained\">\n<h4 class=\"wp-block-heading\"><a href=\"https:\/\/www.hs-nordhausen.de\/en\/all-study-programmes\/master\/\">Master's programmes<\/a><\/h4>\n\n\n\n<p>Teaching assignments are available for our Master's programmes for<\/p>\n\n\n\n<ul class=\"wp-block-list\">\n<li>Philosophy of science (2 SWS)<\/li>\n\n\n\n<li>Methods of empirical social research (2 SWS)<\/li>\n\n\n\n<li>State aid, tax, procurement and grant law (2 SWS)<\/li>\n<\/ul>\n<\/div><\/div>\n\n\n\n<p>The teaching assignments also include taking examinations.<\/p>\n\n\n\n<p>Please send any queries and your application with CV and copies of certificates as soon as possible to:<\/p>\n\n\n\n<div id=\"greyd-69f2c396cfae1\" class=\"wp-block-greyd-box gs_AfGnes greyd-content-box gs_AfGnes\">\n<p>zahradnik@hs-nordhausen.de or<br>Nordhausen University of Applied Sciences Dean's Office WiSo <br>P.O. Box 10 07 10 99727 Nordhausen<\/p>\n<\/div>\n<\/div><\/div>\n<\/div>\n\n\n\n<div class=\"wp-block-column col-12 col-sm-12 col-md-3 col-lg-3 offset-md-1 offset-lg-1 is-layout-flow wp-block-column-is-layout-flow\" style=\"flex-basis:33.33%;width:33.33%\"><\/div>\n<\/div>\n<\/div>","protected":false},"excerpt":{"rendered":"<p>An unserer modernen Hochschule lernen und forschen 2.000 ambitionierte Studierende in den vielseitigen Studieng\u00e4ngen unserer beiden Fachbereiche Ingenieurwissenschaften und Wirtschafts- &amp; Sozialwissenschaften. Als forschungs- und drittmittelstarke Hochschule f\u00fcr angewandte Wissenschaften im Norden Th\u00fcringens, bieten wir eine hervorragende Grundlage f\u00fcr zahlreiche Projekte mit der regionalen und \u00fcberregionalen Wirtschaft. Auf unserem gr\u00fcnen Campus sind auf kurzen Wegen [&hellip;]<\/p>\n","protected":false},"author":1,"featured_media":0,"parent":399,"menu_order":8,"comment_status":"closed","ping_status":"closed","template":"","meta":{"_piecal_is_recurring":false,"_piecal_recurring_interval":1,"_piecal_recurring_frequency":"","_piecal_recurring_exact_position":false,"_piecal_recurring_end":"","_piecal_color":"","_piecal_text_color":"","_piecal_global_color_master":false,"_piecal_rsets":"[]","_piecal_is_event":false,"_piecal_start_date":"","_piecal_end_date":"","_piecal_is_allday":false,"greyd_block_editor_preview":[],"pgc_sgb_lightbox_settings":"","footnotes":""},"page_category":[617],"page_tag":[],"page_redaktion":[],"zielgruppen":[],"kontakt-zuordnung":[],"institut-oder-einric":[],"stg-zuordnung":[],"fachbereich":[],"wf_page_folders":[44],"ppma_author":[1400],"class_list":["post-184","page","type-page","status-publish","hentry","page_category-karriere"],"publishpress_future_action":{"enabled":false,"date":"2026-05-07 04:51:02","action":"change-status","newStatus":"draft","terms":[],"taxonomy":"page_category","extraData":[]},"publishpress_future_workflow_manual_trigger":{"enabledWorkflows":[]},"_links":{"self":[{"href":"https:\/\/www.hs-nordhausen.de\/en\/wp-json\/wp\/v2\/pages\/184","targetHints":{"allow":["GET"]}}],"collection":[{"href":"https:\/\/www.hs-nordhausen.de\/en\/wp-json\/wp\/v2\/pages"}],"about":[{"href":"https:\/\/www.hs-nordhausen.de\/en\/wp-json\/wp\/v2\/types\/page"}],"author":[{"embeddable":true,"href":"https:\/\/www.hs-nordhausen.de\/en\/wp-json\/wp\/v2\/users\/1"}],"replies":[{"embeddable":true,"href":"https:\/\/www.hs-nordhausen.de\/en\/wp-json\/wp\/v2\/comments?post=184"}],"version-history":[{"count":4,"href":"https:\/\/www.hs-nordhausen.de\/en\/wp-json\/wp\/v2\/pages\/184\/revisions"}],"predecessor-version":[{"id":37528,"href":"https:\/\/www.hs-nordhausen.de\/en\/wp-json\/wp\/v2\/pages\/184\/revisions\/37528"}],"up":[{"embeddable":true,"href":"https:\/\/www.hs-nordhausen.de\/en\/wp-json\/wp\/v2\/pages\/399"}],"wp:attachment":[{"href":"https:\/\/www.hs-nordhausen.de\/en\/wp-json\/wp\/v2\/media?parent=184"}],"wp:term":[{"taxonomy":"page_category","embeddable":true,"href":"https:\/\/www.hs-nordhausen.de\/en\/wp-json\/wp\/v2\/page_category?post=184"},{"taxonomy":"page_tag","embeddable":true,"href":"https:\/\/www.hs-nordhausen.de\/en\/wp-json\/wp\/v2\/page_tag?post=184"},{"taxonomy":"page_redaktion","embeddable":true,"href":"https:\/\/www.hs-nordhausen.de\/en\/wp-json\/wp\/v2\/page_redaktion?post=184"},{"taxonomy":"zielgruppen","embeddable":true,"href":"https:\/\/www.hs-nordhausen.de\/en\/wp-json\/wp\/v2\/zielgruppen?post=184"},{"taxonomy":"kontakt-zuordnung","embeddable":true,"href":"https:\/\/www.hs-nordhausen.de\/en\/wp-json\/wp\/v2\/kontakt-zuordnung?post=184"},{"taxonomy":"institut-oder-einric","embeddable":true,"href":"https:\/\/www.hs-nordhausen.de\/en\/wp-json\/wp\/v2\/institut-oder-einric?post=184"},{"taxonomy":"stg-zuordnung","embeddable":true,"href":"https:\/\/www.hs-nordhausen.de\/en\/wp-json\/wp\/v2\/stg-zuordnung?post=184"},{"taxonomy":"fachbereich","embeddable":true,"href":"https:\/\/www.hs-nordhausen.de\/en\/wp-json\/wp\/v2\/fachbereich?post=184"},{"taxonomy":"wf_page_folders","embeddable":true,"href":"https:\/\/www.hs-nordhausen.de\/en\/wp-json\/wp\/v2\/wf_page_folders?post=184"},{"taxonomy":"author","embeddable":true,"href":"https:\/\/www.hs-nordhausen.de\/en\/wp-json\/wp\/v2\/ppma_author?post=184"}],"curies":[{"name":"wp","href":"https:\/\/api.w.org\/{rel}","templated":true}]}}