{"id":33578,"date":"2025-07-01T08:49:15","date_gmt":"2025-07-01T06:49:15","guid":{"rendered":"https:\/\/www.hs-nordhausen.de\/?page_id=33578"},"modified":"2025-07-01T09:16:53","modified_gmt":"2025-07-01T07:16:53","slug":"accessibility-2","status":"publish","type":"page","link":"https:\/\/www.hs-nordhausen.de\/en\/barrierefreiheit\/","title":{"rendered":"Declaration on accessibility"},"content":{"rendered":"<div  class=\"spacer_wrap dyn\" aria-hidden=\"true\"><div class=\"wp-block-spacer inner-sm inner-md inner-lg\" style=\"height:calc(2em * 0.8)\" aria-hidden=\"true\"><\/div><div class=\"wp-block-spacer inner-xl\" style=\"height:2em\" aria-hidden=\"true\"><\/div><\/div>\n\n\n<nav aria-label=\"breadcrumbs\" class=\"rank-math-breadcrumb\"><p><span class=\"last\">Home<\/span><\/p><\/nav>\n\n\n<div  class=\"gs_pj9ffA row_wrap has-background\"><div id='bg_69e30a1abf51f' class='greyd-background bg_full'>\n\t\t\t\t\t\t\t\t<div class='bg_color'><\/div>\n\t\t\t\t\t\t\t\t\n\t\t\t\t\t\t\t\t\n\t\t\t\t\t\t\t\t\n\t\t\t\t\t\t\t<\/div>\n<div class=\"wp-block-columns row_xxl has-color-13-background-color has-background is-layout-flex wp-container-core-columns-is-layout-3fec90f0 wp-block-columns-is-layout-flex\" style=\"margin-top:var(--wp--preset--spacing--30);margin-bottom:var(--wp--preset--spacing--30)\">\n<div class=\"wp-block-column is-vertically-aligned-center hidden-xs hidden-sm col-12 col-sm-12 col-md-12 col-lg-12 is-layout-flow wp-block-column-is-layout-flow\" style=\"padding-top:var(--wp--preset--spacing--40);padding-right:var(--wp--preset--spacing--30);padding-bottom:var(--wp--preset--spacing--50);padding-left:var(--wp--preset--spacing--30)\">\n<div class=\"wp-block-group is-vertical is-layout-flex wp-container-core-group-is-layout-c2991436 wp-block-group-is-layout-flex\" style=\"padding-top:var(--wp--preset--spacing--40)\">\n<h1 class=\"wp-block-heading has-text-align-left dyn has-color-31-color has-text-color gs_0dysQS\" id=\"h-post-titel\"><span data-tag=\"title\" data-params=\"\" class=\"is-tag\">Post title<\/span><\/h1>\n\n\n<\/div>\n<\/div>\n\n\n\n<div class=\"wp-block-column is-vertically-aligned-bottom hidden-md hidden-lg col-12 col-sm-12 col-md-8 col-lg-8 is-layout-flow wp-block-column-is-layout-flow\" style=\"padding-left:var(--wp--preset--spacing--30)\">\n<h1 class=\"wp-block-heading has-text-align-center dyn has-color-31-color has-text-color gs_Qz9dg4\" id=\"h-post-titel-0\"><span data-tag=\"title\" data-params=\"\" class=\"is-tag\">Post title<\/span><\/h1>\n<\/div>\n\n\n\n<div class=\"wp-block-column hidden-md hidden-lg col-12 col-sm-auto is-layout-flow wp-block-column-is-layout-flow\"><\/div>\n<\/div>\n<\/div>\n\n<div  class=\"spacer_wrap dyn\" aria-hidden=\"true\"><div class=\"wp-block-spacer inner-sm\" style=\"height:calc(2em * 0.4)\" aria-hidden=\"true\"><\/div><div class=\"wp-block-spacer inner-md\" style=\"height:calc(2em * 0.6)\" aria-hidden=\"true\"><\/div><div class=\"wp-block-spacer inner-lg\" style=\"height:calc(2em * 0.8)\" aria-hidden=\"true\"><\/div><div class=\"wp-block-spacer inner-xl\" style=\"height:2em\" aria-hidden=\"true\"><\/div><\/div>\n\n<div  class=\"row_wrap\">\n<div class=\"wp-block-columns row_xxl is-layout-flex wp-container-core-columns-is-layout-9d6595d7 wp-block-columns-is-layout-flex\">\n<div class=\"wp-block-column col-12 col-md-8 is-layout-flow wp-block-column-is-layout-flow\" style=\"flex-basis:66.66%;width:66.66%\">\n<div class=\"wp-block-group\"><div class=\"wp-block-group__inner-container is-layout-constrained wp-block-group-is-layout-constrained\">\n<div class=\"wp-block-greyd-buttons\" style=\"padding-top:var(--wp--preset--spacing--50);padding-bottom:var(--wp--preset--spacing--50)\">\n<a  href=\"#bf-dgs\" aria-label=\"Scroll to bf-dgs\" class=\"button is-style-sec gs_7Zp6ZW\"><span style=\"flex:1\">To the declaration on accessibility in German Sign Language (DGS)<\/span><span class=\"arrow_down\" style=\"vertical-align:middle;font-size:100%;margin-left:10px\" aria-hidden=\"true\"><\/span><\/a>\n<\/div>\n\n\n\n<p>As the website operator, we (Nordhausen University of Applied Sciences) endeavour to design the website in accordance with the relevant accessibility regulations. The following legal provisions apply to us:<\/p>\n\n\n\n<p>Thuringian Act on Barrier-free Access to the Websites and Mobile Applications of Public Authorities (Th\u00fcrBarrWebG) and the Thuringian Barrier-free Information Technology Ordinance (Th\u00fcrBITVO) in their respective valid versions.<\/p>\n\n\n\n<h2 class=\"wp-block-heading\" id=\"h-website\">Website<\/h2>\n\n\n\n<p>This accessibility statement applies to the website www.hs-nordhausen.de.<\/p>\n\n\n\n<h3 class=\"wp-block-heading\" id=\"h-letzte-aktualisierung-der-website\">Last update of the website<\/h3>\n\n\n\n<p>The content of this website was last revised on 30 June 2025.<\/p>\n\n\n\n<h2 class=\"wp-block-heading\" id=\"h-feedback-und-kontaktangaben\">Feedback and contact details<\/h2>\n\n\n\n<p>If you notice any deficiencies with regard to accessibility, you can report them to us using the \"Report barrier\" form and request them in an accessible format.<\/p>\n\n\n\n<p>Alternatively, please contact us by e-mail:&nbsp;<a href=\"javascript:linkTo_UnCryptMailto('ocknvq,ygdukvgBju\/pqtfjcwugp0fg');\">website@hs-nordhausen.de<\/a>.<\/p>\n\n\n\n<h2 class=\"wp-block-heading\" id=\"h-stand-der-vereinbarkeit-mit-den-anforderungen\">Status of compatibility with the requirements<\/h2>\n\n\n\n<p>This website is largely compliant with the accessibility regulations that apply to us. In detail, the following have not yet been implemented or have not been fully implemented barrier-free:<\/p>\n\n\n\n<p>We offer content in German sign language, easy-to-read language and generally understandable language and endeavour to expand this further, but this is not always possible in specialist texts. Abbreviations are avoided as far as possible or written out in full when they first appear in the text and then used in the rest of the text. Please contact us if you find abbreviations without an explanation on our website.<\/p>\n\n\n\n<p>Apart from the main pages, some alternative texts for images and tables as well as link descriptions are missing. These will be added by us step by step.<\/p>\n\n\n\n<p>There may be errors in the structure and content hierarchy or links may be incomprehensible. Documents such as PDFs are usually not accessible.<\/p>\n\n\n\n<p>Documents in the PDF file format, which are issued as a so-called \"flipbook\" with a flip-through function, are not accessible in this form unless they can only be operated with a keyboard throughout. These documents are usually available as standard PDFs for viewing or downloading. If this is not the case, please get in touch with us.<\/p>\n\n\n\n<p>Words and sections in other languages are usually not labelled.<\/p>\n\n\n\n<p>There are usually no subtitles or audio descriptions available for videos. There are few or no alternatives for audio files and silent videos. Complex graphic representations are sometimes not accessible.<\/p>\n\n\n\n<h2 class=\"wp-block-heading\" id=\"h-unverhaltnismassige-belastung\">Disproportionate burden<\/h2>\n\n\n\n<p>The following content is not made available barrier-free because this would result in a disproportionate burden for us:<\/p>\n\n\n\n<p>Due to their complexity, documents such as PDF files cannot usually be created in an accessible format, as implementing accessibility would only be possible with a disproportionate amount of effort. Some PDF documents are created at very short notice or are only uploaded at short notice and cannot be made accessible for reasons of time and cost.<\/p>\n\n\n\n<h2 class=\"wp-block-heading\" id=\"h-barrierefreie-alternativen\">Barrier-free alternatives<\/h2>\n\n\n\n<p>We provide the following accessible alternatives for our non-accessible content: Text as description for complex graphics.<\/p>\n\n\n\n<p>Closed captions for newly created explanatory videos (will be expanded step by step).<\/p>\n\n\n\n<h2 class=\"wp-block-heading\" id=\"h-evaluationsmethode\">Evaluation method<\/h2>\n\n\n\n<p>No third-party BITV test has yet been carried out for the website www.hs-nordhausen.de and its content.<\/p>\n\n\n\n<h2 class=\"wp-block-heading\" id=\"h-weitergehende-massnahmen-zur-verbesserung-des-barrierefreien-zugangs-zu-unserer-website\">Further measures to improve barrier-free access to our website<\/h2>\n\n\n\n<p>We are constantly endeavouring to improve the accessibility of our website. We are currently doing the following:<\/p>\n\n\n\n<p>We are working on implementing accessibility in accordance with BITV 2.0 and WCAG 2.0 for our website and WCAG 2.1 (level AA in each case) for mobile applications and, where possible, endeavour to fulfil the criteria beyond the minimum requirements.<\/p>\n\n\n\n<p>Continuous further and advanced training is provided in the area of accessibility.<\/p>\n\n\n\n<h2 class=\"wp-block-heading\" id=\"h-durchsetzungsverfahren\">Enforcement proceedings<\/h2>\n\n\n\n<p>If you believe that you have been disadvantaged by the inadequate accessibility of our website, you can contact the responsible enforcement body. You can reach them at<\/p>\n\n\n\n<p>The representative of the Thuringian state government for people with disabilities<br><br>Werner-Seelenbinder-Strasse 6<br>99096 Erfurt<\/p>\n\n\n\n<p>Phone: 0361 573 811 741<br>E-Mail:&nbsp;vz_bmb@tmasgff.thueringen.de<\/p>\n\n\n\n<h2 class=\"wp-block-heading\" id=\"h-erstellung-dieser-erklarung-zur-barrierefreiheit\">Preparation of this accessibility statement<\/h2>\n\n\n\n<p>This declaration was prepared on 30 June 2025.<\/p>\n\n\n\n<p>The declaration was last updated on <span data-tag=\"date\" data-params=\"{&quot;format&quot;:&quot;dmY&quot;,&quot;customFormat&quot;:null}\" class=\"is-tag\">Contribution date<\/span> checked.<\/p>\n<\/div><\/div>\n\n\n\n<div id=\"bf-dgs\" class=\"wp-block-group gs_mYAurv group_wrap\" style=\"padding-top:var(--wp--preset--spacing--50);padding-bottom:var(--wp--preset--spacing--50)\"><div class=\"wp-block-group__inner-container is-layout-constrained wp-block-group-is-layout-constrained\">\n<h3 class=\"wp-block-heading\" id=\"h-erklarung-zur-barrierefreiheit-in-deutscher-gebardensprache\">Declaration on accessibility in German sign language<\/h3>\n\n\n\n<div class=\"wp-block-group gs_OqpRF3 group_wrap\" style=\"padding-top:0;padding-bottom:0\"><div class=\"wp-block-group__inner-container is-layout-constrained wp-block-group-is-layout-constrained\">\n<figure class=\"wp-block-embed is-type-video is-provider-youtube wp-block-embed-youtube wp-embed-aspect-16-9 wp-has-aspect-ratio\"><div class=\"wp-block-embed__wrapper\">\n<div  style=\"display: block; margin: 0px auto;\"  id=\"_ytid_80103\" class=\"__youtube_prefs__  __youtube_prefs_gdpr__  epyt-is-override\" allowfullscreen data-no-lazy=\"1\" data-skipgform_ajax_framebjll=\"\"><p><strong>Please accept YouTube cookies to play this video.<\/strong> If you accept this, you will be accessing content from YouTube, a service provided by an external third party.<br \/>\n<a href=\"https:\/\/policies.google.com\/privacy\" rel=\"nofollow noopener\">YouTube privacy policy<\/a><br \/>\nIf you accept this notice, your choice will be saved and the page will be updated.<\/p>\n<p><strong>Please accept YouTube cookies to play this video.<\/strong> By accepting you will be accessing content from YouTube, a service provided by an external third party.<br \/>\n<a href=\"https:\/\/policies.google.com\/privacy\" target=\"_blank\" rel=\"noopener nofollow\">YouTube privacy policy<\/a><br \/>\nIf you accept this notice, your choice will be saved and the page will refresh.<\/p>\n<button type=\"button\" class=\"__youtube_prefs_gdpr__\">Accept YouTube Content<img decoding=\"async\" src=\"https:\/\/www.hs-nordhausen.de\/wp-content\/plugins\/youtube-embed-plus\/images\/icon-check.png\" alt=\"accept\" data-no-lazy=\"1\" data-skipgform_ajax_framebjll=\"\" title=\"\"><\/button><\/div>\n<\/div><\/figure>\n<\/div><\/div>\n\n\n\n<div id=\"greyd-69e30a1ac165c\" class=\"wp-block-greyd-box gs_S2Y8If greyd-content-box gs_S2Y8If\">\n<div class=\"wp-block-group is-nowrap is-layout-flex wp-container-core-group-is-layout-3370b706 wp-block-group-is-layout-flex\" style=\"padding-top:var(--wp--preset--spacing--30);padding-right:var(--wp--preset--spacing--30);padding-bottom:var(--wp--preset--spacing--30);padding-left:var(--wp--preset--spacing--30)\"><figure style=\"\" class=\"wp-block-image greyd-image   gs_KsctTJ\"><img decoding=\"async\" width=\"500\" height=\"500\" src=\"https:\/\/www.hs-nordhausen.de\/wp-content\/uploads\/sites\/8\/2024\/09\/picture-1200.png\" class=\"wp-image-19947\" alt=\"Logo fish designs\" srcset=\"https:\/\/www.hs-nordhausen.de\/wp-content\/uploads\/sites\/8\/2024\/09\/picture-1200.png 500w, https:\/\/www.hs-nordhausen.de\/wp-content\/uploads\/sites\/8\/2024\/09\/picture-1200-300x300.png 300w, https:\/\/www.hs-nordhausen.de\/wp-content\/uploads\/sites\/8\/2024\/09\/picture-1200-150x150.png 150w, https:\/\/www.hs-nordhausen.de\/wp-content\/uploads\/sites\/8\/2024\/09\/picture-1200-12x12.png 12w, https:\/\/www.hs-nordhausen.de\/wp-content\/uploads\/sites\/8\/2024\/09\/picture-1200-24x24.png 24w\" sizes=\"(max-width: 500px) 100vw, 500px\" title=\"\"><\/figure>\n\n\n<div class=\"wp-block-group is-vertical is-layout-flex wp-container-core-group-is-layout-8cf370e7 wp-block-group-is-layout-flex\">\n<p>This and <span class=\"is-button link\" data-type=\"link\" data-params=\"{&quot;url&quot;:&quot;https:\/\/www.hs-nordhausen.de\/dgs-videos\/&quot;}\">More videos in sign language<\/span> have been developed by <span class=\"is-upper\">FISCHSIGNS - Your agency for sign language<\/span> created.<\/p>\n\n\n\n<p>Website: fischsigns.de<\/p>\n\n\n\n<p>We would like to thank Mrs Fischer for her cooperation!<\/p>\n<\/div>\n<\/div>\n\n\n\n<div class=\"wp-block-group has-color-22-background-color has-background is-nowrap is-layout-flex wp-container-core-group-is-layout-590d2c8f wp-block-group-is-layout-flex\" style=\"padding-top:var(--wp--preset--spacing--20);padding-right:var(--wp--preset--spacing--50);padding-bottom:var(--wp--preset--spacing--20);padding-left:var(--wp--preset--spacing--50)\">\n<p>All texts for the translation into DGS were compiled by Anna Zimmermann, student of special needs education and research intern with Prof Dr Sabrina Schramme. <\/p>\n<\/div>\n<\/div>\n<\/div><\/div>\n<\/div>\n\n\n\n<div class=\"wp-block-column col-12 col-md-3 offset-md-1 is-layout-flow wp-block-column-is-layout-flow\" style=\"flex-basis:33.33%;width:33.33%\">\n<div id=\"greyd-69e30a1ac2e02\" class=\"wp-block-greyd-box dyn gs_LWtL8s greyd-content-box gs_LWtL8s\"><nav data-anchoractive=\"{&quot;start&quot;:&quot;0%&quot;,&quot;end&quot;:&quot;100%&quot;,&quot;multiple&quot;:&quot;&quot;,&quot;none&quot;:&quot;&quot;,&quot;enable&quot;:true}\" class=\"is-anchor-active-style submenus-toggle gs_bXqW0f is-vertical dyn submenus-toggle wp-block-navigation is-content-justification-stretch is-layout-flex wp-container-core-navigation-is-layout-4925fad1 wp-block-navigation-is-layout-flex\" aria-label=\"Accessibility statement\"><ul class=\"wp-block-navigation__container  is-vertical dyn submenus-toggle wp-block-navigation\"><li class=\"wp-block-navigation-item wp-block-navigation-link\"><a class=\"wp-block-navigation-item__content\" href=\"https:\/\/www.hs-nordhausen.de\/en\/service\/start-up-and-counselling-centres\/university-social-work-2\/\"><span class=\"wp-block-navigation-item__label\"><strong>University social work<\/strong><\/span><\/a><\/li><li class=\"wp-block-navigation-item wp-block-navigation-link\"><a class=\"wp-block-navigation-item__content\" href=\"https:\/\/www.hs-nordhausen.de\/en\/easy-language\/\"><span class=\"wp-block-navigation-item__label\">Easy language<\/span><\/a><\/li><li class=\"wp-block-navigation-item wp-block-navigation-link\"><a class=\"wp-block-navigation-item__content\" href=\"https:\/\/www.hs-nordhausen.de\/en\/service\/start-up-and-counselling-centres\/university-social-work-2\/university-social-work-easy-language\/\"><span class=\"wp-block-navigation-item__label\">University social work - plain language<\/span><\/a><\/li><\/ul><ul class=\"wp-block-navigation__container  is-vertical dyn submenus-toggle wp-block-navigation\"><li class=\"wp-block-navigation-item wp-block-navigation-link\"><a class=\"wp-block-navigation-item__content\" href=\"https:\/\/www.hs-nordhausen.de\/en\/easy-language\/first-aid-in-a-crisis-easy-language\/\"><span class=\"wp-block-navigation-item__label\">First aid in a crisis - plain language<\/span><\/a><\/li><li class=\"wp-block-navigation-item wp-block-navigation-link\"><a class=\"wp-block-navigation-item__content\" href=\"https:\/\/www.hs-nordhausen.de\/en\/dgs-videos\/\"><span class=\"wp-block-navigation-item__label\">German sign language<\/span><\/a><\/li><li class=\"wp-block-navigation-item wp-block-navigation-link\"><a class=\"wp-block-navigation-item__content\" href=\"https:\/\/www.hs-nordhausen.de\/en\/all-study-programmes\/application-2\/studying-with-a-disability-and-chronic-illness\/\"><span class=\"wp-block-navigation-item__label\">Studying with a disability and chronic illness<\/span><\/a><\/li><\/ul>\n<div style=\"height:0px\" aria-hidden=\"true\" class=\"wp-block-spacer wp-container-content-7767a362\"><\/div>\n<ul class=\"wp-block-navigation__container  is-vertical dyn submenus-toggle wp-block-navigation\"><li class=\"wp-block-navigation-item wp-block-navigation-link\"><a class=\"wp-block-navigation-item__content\" href=\"https:\/\/www.hs-nordhausen.de\/en\/accessibility-2\/\"><span class=\"wp-block-navigation-item__label\">Accessibility statement<\/span><\/a><\/li><li class=\"wp-block-navigation-item wp-block-navigation-link\"><a class=\"wp-block-navigation-item__content\"  href=\"mailto:website@hs-nordhausen.de\"><span class=\"wp-block-navigation-item__label\">Report barrier (e-mail)<\/span><\/a><\/li><\/ul><\/nav><\/div>\n<\/div>\n<\/div>\n<\/div>","protected":false},"excerpt":{"rendered":"<p>Wir (Hochschule Nordhausen) als Websitebetreiber sind bem\u00fcht, die Website in Einklang mit den einschl\u00e4gigen Vorschriften zur Barrierefreiheit zu gestalten. F\u00fcr uns gelten folgende Rechtsvorschriften: Th\u00fcringer Gesetz \u00fcber den barrierefreien Zugang zu den Websites und mobilen Anwendungen \u00f6ffentlicher Stellen (Th\u00fcrBarrWebG) und die Th\u00fcringer-Barrierefreie-Informationstechnik- Verordnung (Th\u00fcrBITVO) in ihren jeweils g\u00fcltigen Fassungen. Website Diese Erkl\u00e4rung zur Barrierefreiheit gilt [&hellip;]<\/p>\n","protected":false},"author":1,"featured_media":0,"parent":0,"menu_order":0,"comment_status":"closed","ping_status":"closed","template":"","meta":{"_piecal_is_recurring":false,"_piecal_recurring_interval":1,"_piecal_recurring_frequency":"","_piecal_recurring_exact_position":false,"_piecal_recurring_end":"","_piecal_color":"","_piecal_text_color":"","_piecal_global_color_master":false,"_piecal_is_event":false,"_piecal_start_date":"","_piecal_end_date":"","_piecal_is_allday":false,"greyd_block_editor_preview":[],"pgc_sgb_lightbox_settings":"","footnotes":""},"page_category":[],"page_tag":[],"page_redaktion":[],"zielgruppen":[],"kontakt-zuordnung":[],"institut-oder-einric":[],"stg-zuordnung":[],"fachbereich":[],"wf_page_folders":[43],"ppma_author":[1400],"class_list":["post-33578","page","type-page","status-publish","hentry"],"publishpress_future_action":{"enabled":false,"date":"2026-04-25 06:35:38","action":"change-status","newStatus":"draft","terms":[],"taxonomy":"page_category","extraData":[]},"publishpress_future_workflow_manual_trigger":{"enabledWorkflows":[]},"_links":{"self":[{"href":"https:\/\/www.hs-nordhausen.de\/en\/wp-json\/wp\/v2\/pages\/33578","targetHints":{"allow":["GET"]}}],"collection":[{"href":"https:\/\/www.hs-nordhausen.de\/en\/wp-json\/wp\/v2\/pages"}],"about":[{"href":"https:\/\/www.hs-nordhausen.de\/en\/wp-json\/wp\/v2\/types\/page"}],"author":[{"embeddable":true,"href":"https:\/\/www.hs-nordhausen.de\/en\/wp-json\/wp\/v2\/users\/1"}],"replies":[{"embeddable":true,"href":"https:\/\/www.hs-nordhausen.de\/en\/wp-json\/wp\/v2\/comments?post=33578"}],"version-history":[{"count":5,"href":"https:\/\/www.hs-nordhausen.de\/en\/wp-json\/wp\/v2\/pages\/33578\/revisions"}],"predecessor-version":[{"id":33642,"href":"https:\/\/www.hs-nordhausen.de\/en\/wp-json\/wp\/v2\/pages\/33578\/revisions\/33642"}],"wp:attachment":[{"href":"https:\/\/www.hs-nordhausen.de\/en\/wp-json\/wp\/v2\/media?parent=33578"}],"wp:term":[{"taxonomy":"page_category","embeddable":true,"href":"https:\/\/www.hs-nordhausen.de\/en\/wp-json\/wp\/v2\/page_category?post=33578"},{"taxonomy":"page_tag","embeddable":true,"href":"https:\/\/www.hs-nordhausen.de\/en\/wp-json\/wp\/v2\/page_tag?post=33578"},{"taxonomy":"page_redaktion","embeddable":true,"href":"https:\/\/www.hs-nordhausen.de\/en\/wp-json\/wp\/v2\/page_redaktion?post=33578"},{"taxonomy":"zielgruppen","embeddable":true,"href":"https:\/\/www.hs-nordhausen.de\/en\/wp-json\/wp\/v2\/zielgruppen?post=33578"},{"taxonomy":"kontakt-zuordnung","embeddable":true,"href":"https:\/\/www.hs-nordhausen.de\/en\/wp-json\/wp\/v2\/kontakt-zuordnung?post=33578"},{"taxonomy":"institut-oder-einric","embeddable":true,"href":"https:\/\/www.hs-nordhausen.de\/en\/wp-json\/wp\/v2\/institut-oder-einric?post=33578"},{"taxonomy":"stg-zuordnung","embeddable":true,"href":"https:\/\/www.hs-nordhausen.de\/en\/wp-json\/wp\/v2\/stg-zuordnung?post=33578"},{"taxonomy":"fachbereich","embeddable":true,"href":"https:\/\/www.hs-nordhausen.de\/en\/wp-json\/wp\/v2\/fachbereich?post=33578"},{"taxonomy":"wf_page_folders","embeddable":true,"href":"https:\/\/www.hs-nordhausen.de\/en\/wp-json\/wp\/v2\/wf_page_folders?post=33578"},{"taxonomy":"author","embeddable":true,"href":"https:\/\/www.hs-nordhausen.de\/en\/wp-json\/wp\/v2\/ppma_author?post=33578"}],"curies":[{"name":"wp","href":"https:\/\/api.w.org\/{rel}","templated":true}]}}