{"id":34211,"date":"2025-07-11T13:53:23","date_gmt":"2025-07-11T11:53:23","guid":{"rendered":"https:\/\/www.hs-nordhausen.de\/?page_id=34211"},"modified":"2026-02-11T15:47:34","modified_gmt":"2026-02-11T14:47:34","slug":"research-ethics-committee-fek","status":"publish","type":"page","link":"https:\/\/www.hs-nordhausen.de\/en\/forschung\/forschungsethikkommission-fek\/","title":{"rendered":"Research Ethics Committee (FEK)"},"content":{"rendered":"<div  class=\"spacer_wrap dyn\" aria-hidden=\"true\"><div class=\"wp-block-spacer inner-sm inner-md inner-lg\" style=\"height:calc(2em * 0.8)\" aria-hidden=\"true\"><\/div><div class=\"wp-block-spacer inner-xl\" style=\"height:2em\" aria-hidden=\"true\"><\/div><\/div>\n\n\n<nav aria-label=\"breadcrumbs\" class=\"rank-math-breadcrumb\"><p><span class=\"last\">Home<\/span><\/p><\/nav>\n\n\n<div  class=\"gs_pj9ffA row_wrap has-background\"><div id='bg_6a010b00c6ddb' class='greyd-background bg_full'>\n\t\t\t\t\t\t\t\t<div class='bg_color'><\/div>\n\t\t\t\t\t\t\t\t\n\t\t\t\t\t\t\t\t\n\t\t\t\t\t\t\t\t\n\t\t\t\t\t\t\t<\/div>\n<div class=\"wp-block-columns row_xxl has-color-13-background-color has-background is-layout-flex wp-container-core-columns-is-layout-3fec90f0 wp-block-columns-is-layout-flex\" style=\"margin-top:var(--wp--preset--spacing--30);margin-bottom:var(--wp--preset--spacing--30)\">\n<div class=\"wp-block-column is-vertically-aligned-center hidden-xs hidden-sm col-12 col-sm-12 col-md-12 col-lg-12 is-layout-flow wp-block-column-is-layout-flow\" style=\"padding-top:var(--wp--preset--spacing--40);padding-right:var(--wp--preset--spacing--30);padding-bottom:var(--wp--preset--spacing--50);padding-left:var(--wp--preset--spacing--30)\">\n<div class=\"wp-block-group is-vertical is-layout-flex wp-container-core-group-is-layout-c2991436 wp-block-group-is-layout-flex\" style=\"padding-top:var(--wp--preset--spacing--40)\">\n<h1 class=\"wp-block-heading has-text-align-left dyn has-color-31-color has-text-color gs_0dysQS\" id=\"h-post-titel\"><span data-tag=\"title\" data-params=\"\" class=\"is-tag\">Beitragstitel<\/span><\/h1>\n\n\n\n<p class=\"has-text-align-left dyn has-color-31-color has-text-color has-link-color has-h-3-font-size wp-elements-35298853e173de19470f8d4b6fef34ca gs_kDw5XP\" style=\"padding-top:0;padding-right:0;padding-bottom:0;padding-left:0\"><strong>der Hochschule Nordhausen<\/strong><\/p>\n<\/div>\n<\/div>\n\n\n\n<div class=\"wp-block-column is-vertically-aligned-bottom hidden-md hidden-lg col-12 col-sm-12 col-md-8 col-lg-8 is-layout-flow wp-block-column-is-layout-flow\" style=\"padding-left:var(--wp--preset--spacing--30)\">\n<h1 class=\"wp-block-heading has-text-align-center dyn has-color-31-color has-text-color gs_Qz9dg4\" id=\"h-post-titel-0\"><span data-tag=\"title\" data-params=\"\" class=\"is-tag\">Beitragstitel<\/span><\/h1>\n<\/div>\n\n\n\n<div class=\"wp-block-column hidden-md hidden-lg col-12 col-sm-auto is-layout-flow wp-block-column-is-layout-flow\">\n<p class=\"has-text-align-center dyn has-color-31-color has-text-color has-link-color has-h-3-font-size wp-elements-58fd2c2b9c92331d2acc1a65f4e191f5\" style=\"padding-top:0;padding-right:var(--wp--preset--spacing--20);padding-bottom:0rem;padding-left:var(--wp--preset--spacing--50)\"><strong>der Hochschule Nordhausen<\/strong><\/p>\n<\/div>\n<\/div>\n<\/div>\n\n<div  class=\"spacer_wrap dyn\" aria-hidden=\"true\"><div class=\"wp-block-spacer inner-sm\" style=\"height:calc(2em * 0.4)\" aria-hidden=\"true\"><\/div><div class=\"wp-block-spacer inner-md\" style=\"height:calc(2em * 0.6)\" aria-hidden=\"true\"><\/div><div class=\"wp-block-spacer inner-lg\" style=\"height:calc(2em * 0.8)\" aria-hidden=\"true\"><\/div><div class=\"wp-block-spacer inner-xl\" style=\"height:2em\" aria-hidden=\"true\"><\/div><\/div>\n\n<div  class=\"row_wrap\">\n<div class=\"wp-block-columns row_xxl is-layout-flex wp-container-core-columns-is-layout-9d6595d7 wp-block-columns-is-layout-flex\">\n<div class=\"wp-block-column col-12 col-md-8 is-layout-flow wp-block-column-is-layout-flow\" style=\"flex-basis:66.66%;width:66.66%\">\n<h2 class=\"wp-block-heading\">Forschung mit Verantwortung \u2013 Begutachtung und Beratung f\u00fcr ethisch fundierte Wissenschaft<\/h2>\n\n\n\n<p>Herzlich Willkommen auf der Seite der Forschungsethikkommission (FEK) der Hochschule Nordhausen.<\/p>\n\n\n\n<p>Die FEK versteht sich als Beratungsgremium f\u00fcr alle Forschenden unserer Hochschule. Unser Ziel ist es, Sie bei der Planung und Durchf\u00fchrung Ihrer Forschungsvorhaben zu unterst\u00fctzen und die Einhaltung von ethischen Standards zu beraten. Die Begutachtung von Forschungsvorhaben dient der Gew\u00e4hrleistung des Schutzes und Wohlergehens der Studienteilnehmenden und generell aller sonstigen Betroffenen sowie der St\u00e4rkung der Integrit\u00e4t Ihrer Forschung.<\/p>\n\n\n\n<p>Die satzungsgem\u00e4\u00dfen Aufgaben der Kommission basiert auf den geltenden rechtlichen Rahmenbedingungen, den Leitlinien der Deutschen Forschungsgemeinschaft (DFG) und den anerkannten ethischen Prinzipien der jeweiligen Fachdisziplinen.<\/p>\n\n\n\n<h3 class=\"wp-block-heading\"><strong>Was ist die Aufgabe der Kommission bzw. wof\u00fcr ist sie zust\u00e4ndig?<\/strong><\/h3>\n\n\n\n<p>Die prim\u00e4re Aufgabe der FEK ist die ethische Begutachtung von Forschungsvorhaben, die von Angeh\u00f6rigen der Hochschule Nordhausen durchgef\u00fchrt werden, insbesondere wenn diese:<\/p>\n\n\n\n<p>Forschung mit <strong>potentiell gesellschaftlichen Risiken<\/strong> durch technische Anwendungen (z.B. Informationssicherheit, biologische Forschung, k\u00fcnstliche Intelligenz) verbunden ist.<\/p>\n\n\n\n<p><strong>Forschung am oder mit Menschen, insbesondere <\/strong>mit <strong>vulnerablen Personengruppen<\/strong> durchgef\u00fchrt werden, oder wenn die<\/p>\n\n\n\n<h3 class=\"wp-block-heading\"><strong>Was pr\u00fcft die Kommission?<\/strong><\/h3>\n\n\n\n<p>Die Pr\u00fcfung konzentriert sich insbesondere darauf, ob in Ihrem Vorhaben:<\/p>\n\n\n\n<ul class=\"wp-block-list\">\n<li>alle Vorkehrungen zur <strong>Minimierung von Risiken<\/strong> f\u00fcr Studienteilnehmende getroffen wurden,<\/li>\n\n\n\n<li>ein angemessenes <strong>Verh\u00e4ltnis zwischen dem wissenschaftlichen Nutzen und potenziellen Risiken<\/strong> besteht und<\/li>\n\n\n\n<li>die <strong>Aufkl\u00e4rung<\/strong> der Teilnehmenden vollst\u00e4ndig und verst\u00e4ndlich ist und eine <strong>informierte Einwilligung<\/strong> (Informed Consent) freiwillig erfolgt.<\/li>\n<\/ul>\n\n\n\n<p>Ein positives Votum der FEK entbindet Forschende nicht von ihrer eigenen ethischen und rechtlichen Letztverantwortung f\u00fcr das Forschungsvorhaben.<\/p>\n\n\n\n<h3 class=\"wp-block-heading\"><strong>Wie kann ich einen Antrag stellen und wie sieht der Weg zum Ethikvotum aus?<\/strong><\/h3>\n\n\n\n<div class=\"wp-block-greyd-accordion gs_UzDhFo\" data-autoclose=\"false\" data-openfirst=\"false\" style=\"padding-top:var(--wp--preset--spacing--50);padding-bottom:var(--wp--preset--spacing--50)\">\n<div class=\"wp-block-greyd-accordion-item\"><button class=\"wp-block-greyd-accordion__title\" role=\"button\" type=\"button\" aria-expanded=\"false\" aria-controls=\"sect-chvk-1\" id=\"title-chvk-1\"><span><strong>1. Wer kann einen Antrag stellen?<\/strong><\/span><span class=\"icon icon-normal arrow_triangle-down\" aria-hidden=\"true\"><\/span><span class=\"icon icon-active arrow_triangle-up\" aria-hidden=\"true\"><\/span><\/button><div class=\"wp-block-greyd-accordion__content\" role=\"region\" id=\"sect-chvk-1\" aria-labelledby=\"title-chvk-1\" hidden>\n<p>Antragsberechtigt sind alle hauptberuflich an der Hochschule Nordhausen t\u00e4tigen Personen sowie Promovierende im Rahmen ihrer Dissertationsvorhaben.<\/p>\n\n\n\n<p>Studentische Pr\u00fcfungsarbeiten ben\u00f6tigen grunds\u00e4tzlich <strong>kein<\/strong> formales Votum der FEK. Eine Ausnahme besteht, wenn z.B. eine <strong>Ver\u00f6ffentlichung<\/strong> der Ergebnisse geplant ist, oder die Arbeit im Rahmen eines <strong>drittmittelfinanzierten Forschungsprojekts<\/strong> entsteht. In diesen F\u00e4llen muss der Antrag durch die <strong>betreuende Person<\/strong> gestellt werden. F\u00fcr alle anderen studentische Abschlussarbeiten (Pr\u00fcfungsleistungen) mit ethischer Relevanz bieten wir eine unverbindliche <strong>Beratung<\/strong> an.<\/p>\n\n\n\n<p>Wir ermutigen Betreuende, dieses Angebot bei Bedarf zu nutzen und auch in den eigenen methodenorientierten Lehrveranstaltungen Grunds\u00e4tze des ethischen Handelns in der Wissenschaft in die Lehre einzubeziehen. Die folgende Tabelle gibt einen \u00dcberblick \u00fcber ausgew\u00e4hlte Antragstypen und Pr\u00fcfverfahren.<\/p>\n\n\n\n<figure class=\"wp-block-table is-style-stripes\" style=\"padding-top:var(--wp--preset--spacing--50);padding-bottom:var(--wp--preset--spacing--50)\"><table class=\"has-fixed-layout\"><thead><tr><th><strong>Antragstyp<\/strong><\/th><th><strong>Antragstellende<\/strong><\/th><th><strong>Erforderliche Pr\u00fcfung<\/strong><\/th><\/tr><\/thead><tbody><tr><td><strong>Forschungsprojekte<\/strong> (Drittmittel, Publikationsabsicht)<\/td><td>hauptberuflich T\u00e4tige, Promovierende<\/td><td><strong>formale Begutachtung mit Votum<\/strong><\/td><\/tr><tr><td><strong>Promotionen<\/strong><\/td><td>Promovierende<\/td><td><strong>formale Begutachtung mit Votum<\/strong><\/td><\/tr><tr><td><strong>studentische Abschlussarbeiten <\/strong>(Pr\u00fcfungsleistungen, mit Publikationsabsicht oder im Drittmittelprojekt)<\/td><td>betreuende Person<\/td><td><strong>formale Begutachtung mit Votum<\/strong><\/td><\/tr><tr><td><strong>studentische Abschlussarbeiten <\/strong>(reine Pr\u00fcfungsleistungen, ohne Publikationsabsicht oder Drittmittelprojekt)<\/td><td>betreuende Person<\/td><td>grunds\u00e4tzlich kein Votum erforderlich; <strong>Beratung<\/strong> kann ggf. geleistet<\/td><\/tr><tr><td><strong>Forschung au\u00dferhalb der Zust\u00e4ndigkeit<\/strong> (z.B. nach AMG)<\/td><td>alle Forschenden<\/td><td>keine Begutachtung m\u00f6glich; <strong>Beratung<\/strong> kann extern wahrgenommen werden<\/td><\/tr><\/tbody><\/table><figcaption class=\"wp-element-caption\"><strong>Tabelle 1: Antragstypen und Pr\u00fcfverfahren an der FEK<\/strong><\/figcaption><\/figure>\n<\/div><\/div>\n\n\n\n<div class=\"wp-block-greyd-accordion-item\"><button class=\"wp-block-greyd-accordion__title\" role=\"button\" type=\"button\" aria-expanded=\"false\" aria-controls=\"sect-gqww-2\" id=\"title-gqww-2\"><span><strong>2. Welche Unterlagen werden ben\u00f6tigt?<\/strong><\/span><span class=\"icon icon-normal arrow_triangle-down\" aria-hidden=\"true\"><\/span><span class=\"icon icon-active arrow_triangle-up\" aria-hidden=\"true\"><\/span><\/button><div class=\"wp-block-greyd-accordion__content\" role=\"region\" id=\"sect-gqww-2\" aria-labelledby=\"title-gqww-2\" hidden>\n<p>Um eine z\u00fcgige Bearbeitung zu erm\u00f6glichen, reichen Sie bitte die folgenden Dokumente ein:<\/p>\n\n\n\n<ul class=\"wp-block-list\">\n<li><strong>Ausgef\u00fcllter Kurzfragebogen<\/strong> mit Darstellung des Forschungsvorhabens zur ersten Einsch\u00e4tzung der Zust\u00e4ndigkeit der FEK und des Risikoprofils,<\/li>\n\n\n\n<li><strong>Anlagen: <\/strong>z.B.Skizze des Forschungsvorhabens, Informationsblatt f\u00fcr Studienteilnehmende und Einwilligungserkl\u00e4rung, Erhebungsinstrumente (z.B. Frageb\u00f6gen, Interviewleitf\u00e4den),<\/li>\n<\/ul>\n\n\n\n<p>Ggf. k\u00f6nnen von der FEK <strong>weitere Dokumente<\/strong> angefordert werden<\/p>\n<\/div><\/div>\n\n\n\n<div class=\"wp-block-greyd-accordion-item\"><button class=\"wp-block-greyd-accordion__title\" role=\"button\" type=\"button\" aria-expanded=\"false\" aria-controls=\"sect-uvfl-3\" id=\"title-uvfl-3\"><span><strong>3. Wo wird der Antrag eingereicht?<\/strong><\/span><span class=\"icon icon-normal arrow_triangle-down\" aria-hidden=\"true\"><\/span><span class=\"icon icon-active arrow_triangle-up\" aria-hidden=\"true\"><\/span><\/button><div class=\"wp-block-greyd-accordion__content\" role=\"region\" id=\"sect-uvfl-3\" aria-labelledby=\"title-uvfl-3\" hidden>\n<p>Der vollst\u00e4ndige Antrag und die notwendigen Anlagen sind \u00fcber den gesch\u00fctzten Bereich im <a href=\"https:\/\/moodle.hs-nordhausen.de\/course\/view.php?id=11385\">Moodle-Kurs der Forschungsethikkommission<\/a> hochzuladen.<\/p>\n<\/div><\/div>\n\n\n\n<div class=\"wp-block-greyd-accordion-item\"><button class=\"wp-block-greyd-accordion__title\" role=\"button\" type=\"button\" aria-expanded=\"false\" aria-controls=\"sect-y1rg-4\" id=\"title-y1rg-4\"><span><strong>4. Welche Fristen sind zu beachten?<\/strong><\/span><span class=\"icon icon-normal arrow_triangle-down\" aria-hidden=\"true\"><\/span><span class=\"icon icon-active arrow_triangle-up\" aria-hidden=\"true\"><\/span><\/button><div class=\"wp-block-greyd-accordion__content\" role=\"region\" id=\"sect-y1rg-4\" aria-labelledby=\"title-y1rg-4\" hidden>\n<p>Um eine Bearbeitung Ihres Antrags in der n\u00e4chsten Sitzung zu gew\u00e4hrleisten, reichen Sie Ihre Unterlagen bitte <strong>sp\u00e4testens bis vier Wochen vor dem n\u00e4chsten Sitzungstermin<\/strong> ein. Die FEK tagt in der Regel mindestens einmal pro Semester. Voten werden bis sp\u00e4testens vier Wochen nach der FEK-Sitzung an die Antragstellenden kommuniziert. Die genauen Termine werden rechtzeitig hochschulweit bekannt gegeben.<\/p>\n<\/div><\/div>\n\n\n\n<div class=\"wp-block-greyd-accordion-item\"><button class=\"wp-block-greyd-accordion__title\" role=\"button\" type=\"button\" aria-expanded=\"false\" aria-controls=\"sect-hj7a-5\" id=\"title-hj7a-5\"><span><strong>5. Wie l\u00e4uft das Begutachtungsverfahren ab?<\/strong><\/span><span class=\"icon icon-normal arrow_triangle-down\" aria-hidden=\"true\"><\/span><span class=\"icon icon-active arrow_triangle-up\" aria-hidden=\"true\"><\/span><\/button><div class=\"wp-block-greyd-accordion__content\" role=\"region\" id=\"sect-hj7a-5\" aria-labelledby=\"title-hj7a-5\" hidden>\n<figure class=\"wp-block-table is-style-stripes\" style=\"padding-top:var(--wp--preset--spacing--30);padding-bottom:var(--wp--preset--spacing--50)\"><table class=\"has-fixed-layout\"><thead><tr><th><strong>Schritt<\/strong><\/th><th><strong>Beschreibung<\/strong><\/th><th><strong>Verantwortlich<\/strong><\/th><\/tr><\/thead><tbody><tr><td><strong>1. Einreichung<\/strong><\/td><td>Antragstellende laden vollst\u00e4ndige Unterlagen im Moodle-Kurs hoch<\/td><td>Antragsteller\/in<\/td><\/tr><tr><td><strong>2. Formale Pr\u00fcfung<\/strong><\/td><td>(stellv.) Vorsitzende\/r pr\u00fcfen Zust\u00e4ndigkeit und Vollst\u00e4ndigkeit<\/td><td>(stellv.) Vorsitzende\/r<\/td><\/tr><tr><td><strong>3. Begutachtung<\/strong><\/td><td>Verteilung an min. 2 Kommissionsmitglieder zur inhaltlichen Pr\u00fcfung und erstellen des Votums.<\/td><td>Kommissionsmitglieder<\/td><\/tr><tr><td><strong>4. Beratung<\/strong><\/td><td>Vorstellung, Diskussion und Er\u00f6rterung des Antrags im Plenum<\/td><td>FEK<\/td><\/tr><tr><td><strong>5. Beschlussfassung<\/strong><\/td><td>Abstimmung \u00fcber das Votum<\/td><td>FEK<\/td><\/tr><tr><td><strong>6. Kommunikation<\/strong><\/td><td>Schriftliche Mitteilung des Votums inkl. Begr\u00fcndung\/Auflagen<\/td><td>(stellv.) Vorsitzende\/r<\/td><\/tr><\/tbody><\/table><figcaption class=\"wp-element-caption\"><strong>Tabelle 2: Ablauf des Begutachtungsverfahrens<\/strong><\/figcaption><\/figure>\n<\/div><\/div>\n\n\n\n<div class=\"wp-block-greyd-accordion-item\"><button class=\"wp-block-greyd-accordion__title\" role=\"button\" type=\"button\" aria-expanded=\"false\" aria-controls=\"sect-b2ee-6\" id=\"title-b2ee-6\"><span><strong>6. Welches Voten gibt es?<\/strong><\/span><span class=\"icon icon-normal arrow_triangle-down\" aria-hidden=\"true\"><\/span><span class=\"icon icon-active arrow_triangle-up\" aria-hidden=\"true\"><\/span><\/button><div class=\"wp-block-greyd-accordion__content\" role=\"region\" id=\"sect-b2ee-6\" aria-labelledby=\"title-b2ee-6\" hidden>\n<p>Ihr Antrag kann eines der folgenden drei Ergebnisse erhalten:<\/p>\n\n\n\n<p><strong>Wesentliche Bedenken:<\/strong> Das Vorhaben wird in der vorgelegten Form abgelehnt. Sie erhalten eine Begr\u00fcndung und k\u00f6nnen einen \u00fcberarbeiteten Antrag erneut einreichen.<\/p>\n\n\n\n<p><strong>Keine wesentlichen Bedenken:<\/strong> Das Vorhaben wird ohne Einschr\u00e4nkungen bef\u00fcrwortet.<\/p>\n\n\n\n<p><strong>Keine wesentlichen Bedenken, aber mit Anmerkungen\/Auflagen:<\/strong> Das Vorhaben wird bef\u00fcrwortet, sobald die genannten Auflagen erf\u00fcllt sind.<\/p>\n<\/div><\/div>\n<style class=\"greyd-styles\">.gs_UzDhFo .wp-block-greyd-accordion-item { --accord-title-bg-color: var(--wp--preset--color--color-13); } .gs_UzDhFo .wp-block-greyd-accordion-item:hover { --accord-title-bg-color: var(--wp--preset--color--color-33); } .gs_UzDhFo .wp-block-greyd-accordion-item :checked + * { --accord-title-bg-color: var(--wp--preset--color--color-22); } .gs_UzDhFo .wp-block-greyd-accordion-item .wp-block-greyd-accordion__content { border-top: 1px solid var(--wp--preset--color--color-33); border-right: 1px solid var(--wp--preset--color--color-33); border-bottom: 1px solid var(--wp--preset--color--color-33); border-left: 1px solid var(--wp--preset--color--color-33); } <\/style><style class=\"greyd-styles\">. { --accord-title-bg-color: var(--wp--preset--color--color-13); } .:hover { --accord-title-bg-color: var(--wp--preset--color--color-33); } .gs_UzDhFo .wp-block-greyd-accordion__title[aria-expanded=\"true\"] { --accord-title-bg-color: var(--wp--preset--color--color-22); } .gs_UzDhFo .wp-block-greyd-accordion__title[aria-expanded=\"true\"] .wp-block-greyd-accordion__content { border-top: 1px solid var(--wp--preset--color--color-33); border-right: 1px solid var(--wp--preset--color--color-33); border-bottom: 1px solid var(--wp--preset--color--color-33); border-left: 1px solid var(--wp--preset--color--color-33); } <\/style><\/div>\n\n\n\n<h3 class=\"wp-block-heading\"><strong>Mitglieder der Kommission<\/strong><\/h3>\n\n\n\n<ul class=\"wp-block-list\">\n<li><a href=\"https:\/\/www.hs-nordhausen.de\/kontaktverzeichnis\/a\/arnold-maik-prof-dr\/\" data-type=\"kontaktverzeichnis\" data-id=\"13406\">Prof. Dr. Maik Arnold<\/a> (Vorsitzender), Fachbereich Wirtschafts- und Sozialwissenschaften, Studienbereich Sozialmanagement<\/li>\n\n\n\n<li><a href=\"https:\/\/www.hs-nordhausen.de\/kontaktverzeichnis\/b\/breuer-uta-prof-dr-rer-nat\/\" data-type=\"kontaktverzeichnis\" data-id=\"7365\">Prof. Dr. Uta Breuer<\/a> (Stellv. Vorsitzende), Fachbereich Ingenieurwesen, Studiengang Umwelt- und Recyclingtechnik<\/li>\n\n\n\n<li><a href=\"https:\/\/www.hs-nordhausen.de\/kontaktverzeichnis\/k\/kenkmann-andrea-dr\/\" data-type=\"kontaktverzeichnis\" data-id=\"6963\">Dr. Andrea Kenkmann<\/a>, Fachbereich Wirtschafts- und Sozialwissenschaften, Studienbereich Gesundheits- und Sozialwesen<\/li>\n\n\n\n<li><a href=\"https:\/\/www.hs-nordhausen.de\/kontaktverzeichnis\/w\/wang-jiayi-prof-dr\/\" data-type=\"kontaktverzeichnis\" data-id=\"23961\">Prof. Dr. Jiayi Wang<\/a>, Fachbereich Ingenieurwesen, Studiengang Elektrotechnik<\/li>\n\n\n\n<li><a href=\"https:\/\/www.hs-nordhausen.de\/kontaktverzeichnis\/k\/kunde-siegel-stefan-prof-dr-med\/\" data-type=\"kontaktverzeichnis\" data-id=\"18018\">Prof. Dr. Stefan Kunde-Siegel<\/a>, Fachbereich Wirtschafts- und Sozialwissenschaften, Studienbereich Gesundheits- und Sozialwesen<\/li>\n<\/ul>\n\n\n\n<div class=\"wp-block-group has-color-13-background-color has-background gs_slDrks group_wrap\" style=\"padding-top:var(--wp--preset--spacing--50);padding-right:var(--wp--preset--spacing--50);padding-bottom:var(--wp--preset--spacing--50);padding-left:var(--wp--preset--spacing--50)\"><div class=\"wp-block-group__inner-container is-layout-constrained wp-container-core-group-is-layout-1c1b4f74 wp-block-group-is-layout-constrained\">\n<h3 class=\"wp-block-heading\"><strong>Dokumente &amp; Downloads<\/strong><\/h3>\n\n\n<div style=\"padding-right:0;padding-left:0;\" class=\"wp-block-downloadlist-list\"><ul class=\"downloadlist-list wp-block-downloadlist-list iconset-bootstrap\">\n<li class=\"attachment-34213 file_application file_pdf \"><a href=\"https:\/\/www.hs-nordhausen.de\/wp-content\/uploads\/sites\/8\/2025\/07\/Satzung-der-Forschungethikkommission.pdf\" download rel=\"nofollow\">Satzung der Forschungsethikkommission<\/a> (96 KB)<br>(Fassung vom 04.02.2024)<\/li>\n<li class=\"attachment-38716 file_application file_pdf \"><a href=\"https:\/\/www.hs-nordhausen.de\/wp-content\/uploads\/sites\/8\/2026\/02\/Geschaeftsordnung-der-Forschungethikkommission.docx.pdf\" download rel=\"nofollow\">Gesch\u00e4ftsordnung der Forschungsethikkommission<\/a> (208 KB)<br>(Fassung vom 26.01.2025)<\/li>\n<\/ul><\/div>\n\n\n\n<ul class=\"wp-block-greyd-list\" style=\"padding-right:0;padding-left:0\" id=\"list_6a010b00c9768\">\n<li><span class=\"list_icon icon_pencil-edit\" aria-hidden=\"true\"><\/span><span class=\"list_content\"><p><a href=\"https:\/\/moodle.hs-nordhausen.de\/course\/view.php?id=11385\">Kurzfragebogen zur Antragstellung (Moodle, Anmeldung erforderlich)<\/a><\/p><\/span><\/li>\n<\/ul>\n<\/div><\/div>\n<\/div>\n\n\n\n<div class=\"wp-block-column col-12 col-md-3 offset-md-1 is-layout-flow wp-block-column-is-layout-flow\" style=\"flex-basis:33.33%;width:33.33%\">\n<div id=\"greyd-6a010b00c9b3c\" class=\"wp-block-greyd-box gs_uQPG6T greyd-content-box gs_uQPG6T  is-position-sticky\">\n<h3 class=\"wp-block-heading\" id=\"h-kontakt\">Kontakt<\/h3>\n\n\n\n<div class=\"wp-block-group\"><div class=\"wp-block-group__inner-container is-layout-constrained wp-block-group-is-layout-constrained\">\n<p>F\u00fcr allgemeine Anfragen, zur Einholung einer Beratung oder bei Fragen zum Verfahren erreichen Sie die Gesch\u00e4ftsstelle der Forschungsethikkommission unter der folgenden E-Mail-Adresse: <\/p>\n\n\n\n<ul class=\"wp-block-greyd-list\" id=\"list_6a010b00c9a48\">\n<li><span class=\"list_icon icon_mail\" aria-hidden=\"true\"><\/span><span class=\"list_content\"><p>fek@hs-nordhausen.de<\/p><\/span><\/li>\n<\/ul>\n<\/div><\/div>\n<\/div>\n<\/div>\n<\/div>\n<\/div>","protected":false},"excerpt":{"rendered":"<p>Forschung mit Verantwortung \u2013 Begutachtung und Beratung f\u00fcr ethisch fundierte Wissenschaft Herzlich Willkommen auf der Seite der Forschungsethikkommission (FEK) der Hochschule Nordhausen. Die FEK versteht sich als Beratungsgremium f\u00fcr alle Forschenden unserer Hochschule. Unser Ziel ist es, Sie bei der Planung und Durchf\u00fchrung Ihrer Forschungsvorhaben zu unterst\u00fctzen und die Einhaltung von ethischen Standards zu beraten. [&hellip;]<\/p>\n","protected":false},"author":1,"featured_media":22081,"parent":401,"menu_order":0,"comment_status":"closed","ping_status":"closed","template":"","meta":{"_piecal_is_recurring":false,"_piecal_recurring_interval":1,"_piecal_recurring_frequency":"","_piecal_recurring_exact_position":false,"_piecal_recurring_end":"","_piecal_color":"","_piecal_text_color":"","_piecal_global_color_master":false,"_piecal_rsets":"[]","_piecal_is_event":false,"_piecal_start_date":"","_piecal_end_date":"","_piecal_is_allday":false,"greyd_block_editor_preview":[],"pgc_sgb_lightbox_settings":"","footnotes":""},"page_category":[],"page_tag":[],"page_redaktion":[],"zielgruppen":[],"kontakt-zuordnung":[],"institut-oder-einric":[],"stg-zuordnung":[],"fachbereich":[],"wf_page_folders":[52],"ppma_author":[1400],"class_list":["post-34211","page","type-page","status-publish","has-post-thumbnail","hentry"],"publishpress_future_action":{"enabled":false,"date":"2026-05-18 00:47:28","action":"change-status","newStatus":"draft","terms":[],"taxonomy":"page_category","extraData":[]},"publishpress_future_workflow_manual_trigger":{"enabledWorkflows":[]},"_links":{"self":[{"href":"https:\/\/www.hs-nordhausen.de\/en\/wp-json\/wp\/v2\/pages\/34211","targetHints":{"allow":["GET"]}}],"collection":[{"href":"https:\/\/www.hs-nordhausen.de\/en\/wp-json\/wp\/v2\/pages"}],"about":[{"href":"https:\/\/www.hs-nordhausen.de\/en\/wp-json\/wp\/v2\/types\/page"}],"author":[{"embeddable":true,"href":"https:\/\/www.hs-nordhausen.de\/en\/wp-json\/wp\/v2\/users\/1"}],"replies":[{"embeddable":true,"href":"https:\/\/www.hs-nordhausen.de\/en\/wp-json\/wp\/v2\/comments?post=34211"}],"version-history":[{"count":5,"href":"https:\/\/www.hs-nordhausen.de\/en\/wp-json\/wp\/v2\/pages\/34211\/revisions"}],"predecessor-version":[{"id":38728,"href":"https:\/\/www.hs-nordhausen.de\/en\/wp-json\/wp\/v2\/pages\/34211\/revisions\/38728"}],"up":[{"embeddable":true,"href":"https:\/\/www.hs-nordhausen.de\/en\/wp-json\/wp\/v2\/pages\/401"}],"wp:featuredmedia":[{"embeddable":true,"href":"https:\/\/www.hs-nordhausen.de\/en\/wp-json\/wp\/v2\/media\/22081"}],"wp:attachment":[{"href":"https:\/\/www.hs-nordhausen.de\/en\/wp-json\/wp\/v2\/media?parent=34211"}],"wp:term":[{"taxonomy":"page_category","embeddable":true,"href":"https:\/\/www.hs-nordhausen.de\/en\/wp-json\/wp\/v2\/page_category?post=34211"},{"taxonomy":"page_tag","embeddable":true,"href":"https:\/\/www.hs-nordhausen.de\/en\/wp-json\/wp\/v2\/page_tag?post=34211"},{"taxonomy":"page_redaktion","embeddable":true,"href":"https:\/\/www.hs-nordhausen.de\/en\/wp-json\/wp\/v2\/page_redaktion?post=34211"},{"taxonomy":"zielgruppen","embeddable":true,"href":"https:\/\/www.hs-nordhausen.de\/en\/wp-json\/wp\/v2\/zielgruppen?post=34211"},{"taxonomy":"kontakt-zuordnung","embeddable":true,"href":"https:\/\/www.hs-nordhausen.de\/en\/wp-json\/wp\/v2\/kontakt-zuordnung?post=34211"},{"taxonomy":"institut-oder-einric","embeddable":true,"href":"https:\/\/www.hs-nordhausen.de\/en\/wp-json\/wp\/v2\/institut-oder-einric?post=34211"},{"taxonomy":"stg-zuordnung","embeddable":true,"href":"https:\/\/www.hs-nordhausen.de\/en\/wp-json\/wp\/v2\/stg-zuordnung?post=34211"},{"taxonomy":"fachbereich","embeddable":true,"href":"https:\/\/www.hs-nordhausen.de\/en\/wp-json\/wp\/v2\/fachbereich?post=34211"},{"taxonomy":"wf_page_folders","embeddable":true,"href":"https:\/\/www.hs-nordhausen.de\/en\/wp-json\/wp\/v2\/wf_page_folders?post=34211"},{"taxonomy":"author","embeddable":true,"href":"https:\/\/www.hs-nordhausen.de\/en\/wp-json\/wp\/v2\/ppma_author?post=34211"}],"curies":[{"name":"wp","href":"https:\/\/api.w.org\/{rel}","templated":true}]}}