{"id":35725,"date":"2025-09-22T16:05:51","date_gmt":"2025-09-22T14:05:51","guid":{"rendered":"https:\/\/www.hs-nordhausen.de\/?page_id=35725"},"modified":"2025-09-23T16:15:37","modified_gmt":"2025-09-23T14:15:37","slug":"addiction-prevention-and-addiction-counselling-at-nordhausen-university-of-applied-sciences","status":"publish","type":"page","link":"https:\/\/www.hs-nordhausen.de\/en\/unsere-hsn\/gesundheitsmanagement\/suchtpraevention-und-suchtberatung-an-der-hochschule-nordhausen\/","title":{"rendered":"Addiction prevention and addiction counselling at Nordhausen University of Applied Sciences"},"content":{"rendered":"<div  class=\"spacer_wrap dyn\" aria-hidden=\"true\"><div class=\"wp-block-spacer inner-sm inner-md inner-lg\" style=\"height:calc(2em * 0.8)\" aria-hidden=\"true\"><\/div><div class=\"wp-block-spacer inner-xl\" style=\"height:2em\" aria-hidden=\"true\"><\/div><\/div>\n\n\n<nav aria-label=\"breadcrumbs\" class=\"rank-math-breadcrumb\"><p><span class=\"last\">Home<\/span><\/p><\/nav>\n\n\n<div  class=\"gs_pj9ffA row_wrap has-background\"><div id='bg_6a04f2b62f3fb' class='greyd-background bg_full'>\n\t\t\t\t\t\t\t\t<div class='bg_color'><\/div>\n\t\t\t\t\t\t\t\t\n\t\t\t\t\t\t\t\t\n\t\t\t\t\t\t\t\t\n\t\t\t\t\t\t\t<\/div>\n<div class=\"wp-block-columns row_xxl has-color-13-background-color has-background is-layout-flex wp-container-core-columns-is-layout-3fec90f0 wp-block-columns-is-layout-flex\" style=\"margin-top:var(--wp--preset--spacing--30);margin-bottom:var(--wp--preset--spacing--30)\">\n<div class=\"wp-block-column is-vertically-aligned-center hidden-xs hidden-sm col-12 col-sm-12 col-md-12 col-lg-12 is-layout-flow wp-block-column-is-layout-flow\" style=\"padding-top:var(--wp--preset--spacing--40);padding-right:var(--wp--preset--spacing--30);padding-bottom:var(--wp--preset--spacing--50);padding-left:var(--wp--preset--spacing--30)\">\n<div class=\"wp-block-group is-vertical is-layout-flex wp-container-core-group-is-layout-c2991436 wp-block-group-is-layout-flex\" style=\"padding-top:var(--wp--preset--spacing--40)\">\n<h1 class=\"wp-block-heading has-text-align-left dyn has-color-31-color has-text-color gs_0dysQS\" id=\"h-post-titel\"><span data-tag=\"title\" data-params=\"\" class=\"is-tag\">Post title<\/span><\/h1>\n\n\n<\/div>\n<\/div>\n\n\n\n<div class=\"wp-block-column is-vertically-aligned-bottom hidden-md hidden-lg col-12 col-sm-12 col-md-8 col-lg-8 is-layout-flow wp-block-column-is-layout-flow\" style=\"padding-left:var(--wp--preset--spacing--30)\">\n<h1 class=\"wp-block-heading has-text-align-center dyn has-color-31-color has-text-color gs_Qz9dg4\" id=\"h-post-titel-0\"><span data-tag=\"title\" data-params=\"\" class=\"is-tag\">Post title<\/span><\/h1>\n<\/div>\n\n\n\n<div class=\"wp-block-column hidden-md hidden-lg col-12 col-sm-auto is-layout-flow wp-block-column-is-layout-flow\"><\/div>\n<\/div>\n<\/div>\n\n<div  class=\"spacer_wrap dyn\" aria-hidden=\"true\"><div class=\"wp-block-spacer inner-sm\" style=\"height:calc(2em * 0.4)\" aria-hidden=\"true\"><\/div><div class=\"wp-block-spacer inner-md\" style=\"height:calc(2em * 0.6)\" aria-hidden=\"true\"><\/div><div class=\"wp-block-spacer inner-lg\" style=\"height:calc(2em * 0.8)\" aria-hidden=\"true\"><\/div><div class=\"wp-block-spacer inner-xl\" style=\"height:2em\" aria-hidden=\"true\"><\/div><\/div>\n\n<div  class=\"row_wrap\">\n<div class=\"wp-block-columns row_xxl is-layout-flex wp-container-core-columns-is-layout-9d6595d7 wp-block-columns-is-layout-flex\">\n<div class=\"wp-block-column col-12 col-md-8 is-layout-flow wp-block-column-is-layout-flow\" style=\"flex-basis:44.45%;width:44.45%\">\n<p><strong>We are available to employees of Nordhausen University of Applied Sciences for confidential, respectful and solution-orientated discussions.<\/strong><\/p>\n\n\n\n<p><strong>All discussions are subject to confidentiality.<\/strong><\/p>\n\n\n\n<h2 class=\"wp-block-heading\">Why addiction prevention is important<\/h2>\n\n\n\n<p>Addiction can affect us all - be it through the regular or excessive consumption of alcohol, drugs, media or similar behaviours. Prevention is the first step in recognising and avoiding dangerous patterns at an early stage.<br><br>The Addiction Prevention and Support Working Group supports university members in making healthy decisions and dealing responsibly with challenges.<\/p>\n<\/div>\n\n\n\n<div class=\"wp-block-column col-12 col-md-3 offset-md-1 is-layout-flow wp-block-column-is-layout-flow\" style=\"flex-basis:22.22%;width:22.22%\">\n<div id=\"greyd-6a04f2b630342\" class=\"wp-block-greyd-box dyn gs_LWtL8s greyd-content-box gs_LWtL8s\"><nav data-anchoractive=\"{&quot;start&quot;:&quot;0%&quot;,&quot;end&quot;:&quot;100%&quot;,&quot;multiple&quot;:&quot;&quot;,&quot;none&quot;:&quot;&quot;,&quot;enable&quot;:true}\" class=\"is-anchor-active-style submenus-toggle gs_bXqW0f is-vertical dyn open-on-hover-click submenus-toggle wp-block-navigation is-content-justification-stretch is-layout-flex wp-container-core-navigation-is-layout-4925fad1 wp-block-navigation-is-layout-flex\" aria-label=\"Health management\"><ul class=\"wp-block-navigation__container  is-vertical dyn open-on-hover-click submenus-toggle wp-block-navigation\"><li class=\"wp-block-navigation-item wp-block-navigation-link\"><a class=\"wp-block-navigation-item__content\"  href=\"https:\/\/www.hs-nordhausen.de\/en\/our-hsn\/health-management\/\"><span class=\"wp-block-navigation-item__label\">Health management<\/span><\/a><\/li><li class=\"wp-block-navigation-item wp-block-navigation-link\"><a class=\"wp-block-navigation-item__content\"  href=\"https:\/\/www.hs-nordhausen.de\/en\/our-hsn\/health-management\/addiction-prevention-and-addiction-counselling-at-nordhausen-university-of-applied-sciences\/\"><span class=\"wp-block-navigation-item__label\">Addiction prevention and help<\/span><\/a><\/li><\/ul><\/nav><\/div>\n<\/div>\n\n\n\n<div class=\"wp-block-column col-12 is-layout-flow wp-block-column-is-layout-flow\" style=\"flex-basis:33.33%;width:33.33%\">\n<h2 class=\"wp-block-heading\">The addiction prevention and help working group<\/h2>\n\n\n\n<p>We are your contact persons at Nordhausen University of Applied Sciences. Together we are committed to prevention, confidential discussions and support in dealing with addiction issues.<\/p>\n\n\n\n<h3 class=\"wp-block-heading\">Members of the working group:<\/h3>\n\n\n<div  class=\"row_wrap\">\n<div class=\"wp-block-columns row_xxl is-layout-flex wp-container-core-columns-is-layout-9d6595d7 wp-block-columns-is-layout-flex\">\n<div class=\"wp-block-column col-12 col-sm-6 col-lg-3 is-layout-flow wp-block-column-is-layout-flow\" style=\"flex-basis:25%;width:25%\">\n<div id=\"greyd-6a04f2b636a5f\" class=\"wp-block-greyd-box dyn gs_RtogH4 greyd-content-box gs_RtogH4 flex-justify-flex-start has-trigger\" style=\"margin-right: auto !important; margin-left: auto !important; \"><a class=\"hidden-trigger-link\"  href=\"https:\/\/www.hs-nordhausen.de\/en\/kontaktverzeichnis\/g\/gehrke-kathrin\/\" title=\"Gehrke, Kathrin\"><\/a>\n<div id=\"greyd-6a04f2b634e25\" class=\"wp-block-greyd-box dyn gs_HafGal greyd-content-box gs_HafGal flex-justify-flex-start\" style=\"margin-right: auto !important; margin-left: auto !important; \">\n<div class=\"wp-block-group dyn is-horizontal is-content-justification-space-between is-nowrap is-layout-flex wp-container-core-group-is-layout-b493c794 wp-block-group-is-layout-flex gs_2KmwHz group_wrap\"><figure style=\"padding-top:0;padding-bottom:0;padding-left:0;padding-right:0;\" class=\"wp-block-image greyd-image is-style-normal dyn wp-container-content-9cfa9a5a gs_AtHOSz\"  data-anim-action=\"scale\" data-anim-event=\"parentHover\" data-anim-triggered=\"false\" data-anim-from=\"transform: scale(1);\" data-anim-to=\"transform: scale(1.7);\" data-anim-parent=\".dyn\"><img decoding=\"async\" width=\"768\" height=\"1024\" src=\"https:\/\/www.hs-nordhausen.de\/wp-content\/uploads\/sites\/8\/2024\/01\/Kathrin-Gehrke_2-768x1024.jpg\" class=\"wp-image-35718\" alt=\"Portrait of Kathrin Gehrke. Ms Gehrke is wearing a grey jumper and a necklace. She has a short hairstyle and wears glasses. She smiles in a friendly manner. There is a building in the background.\" srcset=\"https:\/\/www.hs-nordhausen.de\/wp-content\/uploads\/sites\/8\/2024\/01\/Kathrin-Gehrke_2-768x1024.jpg 768w, https:\/\/www.hs-nordhausen.de\/wp-content\/uploads\/sites\/8\/2024\/01\/Kathrin-Gehrke_2-225x300.jpg 225w, https:\/\/www.hs-nordhausen.de\/wp-content\/uploads\/sites\/8\/2024\/01\/Kathrin-Gehrke_2-113x150.jpg 113w, https:\/\/www.hs-nordhausen.de\/wp-content\/uploads\/sites\/8\/2024\/01\/Kathrin-Gehrke_2-1152x1536.jpg 1152w, https:\/\/www.hs-nordhausen.de\/wp-content\/uploads\/sites\/8\/2024\/01\/Kathrin-Gehrke_2-9x12.jpg 9w, https:\/\/www.hs-nordhausen.de\/wp-content\/uploads\/sites\/8\/2024\/01\/Kathrin-Gehrke_2-18x24.jpg 18w, https:\/\/www.hs-nordhausen.de\/wp-content\/uploads\/sites\/8\/2024\/01\/Kathrin-Gehrke_2.jpg 1518w\" sizes=\"(max-width: 768px) 100vw, 768px\" title=\"\"><\/figure><\/div>\n<\/div>\n\n\n\n<h3 class=\"wp-block-heading has-text-align-center is-style-rounded dyn has-color-21-color has-text-color has-link-color wp-elements-e4c1d8b5f1d8d8fcd971b42e8a0cff34 gs_nCIzlq\" id=\"name\" style=\"font-style:normal;font-weight:600\"><span data-tag=\"titel\" data-params=\"\" class=\"is-tag\">Title (Prof.\/Dr.\/...)<\/span> <span data-tag=\"vorname\" data-params=\"\" class=\"is-tag\">First name<\/span> <span data-tag=\"nachname\" data-params=\"\" class=\"is-tag\">Surname<\/span><\/h3>\n\n\n\n<div class=\"wp-block-group is-content-justification-center is-layout-flex wp-container-core-group-is-layout-54827d44 wp-block-group-is-layout-flex\" style=\"padding-top:var(--wp--preset--spacing--50);padding-bottom:var(--wp--preset--spacing--50)\">\n<p class=\"has-text-align-center dyn\">Addiction counsellor &amp; addiction nurse<\/p>\n<\/div>\n<\/div>\n<\/div>\n\n\n\n<div class=\"wp-block-column col-12 col-sm-6 col-lg-3 is-layout-flow wp-block-column-is-layout-flow\" style=\"flex-basis:25%;width:25%\">\n<div id=\"greyd-6a04f2b63c799\" class=\"wp-block-greyd-box dyn gs_RtogH4 greyd-content-box gs_RtogH4 flex-justify-flex-start has-trigger\" style=\"margin-right: auto !important; margin-left: auto !important; \"><a class=\"hidden-trigger-link\"  href=\"https:\/\/www.hs-nordhausen.de\/en\/kontaktverzeichnis\/m\/moench-katrin\/\" title=\"Monk, Katrin\"><\/a>\n<div id=\"greyd-6a04f2b63b15d\" class=\"wp-block-greyd-box dyn gs_HafGal greyd-content-box gs_HafGal flex-justify-flex-start\" style=\"margin-right: auto !important; margin-left: auto !important; \">\n<div class=\"wp-block-group dyn is-horizontal is-content-justification-space-between is-nowrap is-layout-flex wp-container-core-group-is-layout-b493c794 wp-block-group-is-layout-flex gs_2KmwHz group_wrap\"><figure style=\"padding-top:0;padding-bottom:0;padding-left:0;padding-right:0;\" class=\"wp-block-image greyd-image is-style-normal dyn wp-container-content-9cfa9a5a gs_AtHOSz\"  data-anim-action=\"scale\" data-anim-event=\"parentHover\" data-anim-triggered=\"false\" data-anim-from=\"transform: scale(1);\" data-anim-to=\"transform: scale(1.7);\" data-anim-parent=\".dyn\"><img decoding=\"async\" width=\"767\" height=\"1024\" src=\"https:\/\/www.hs-nordhausen.de\/wp-content\/uploads\/sites\/8\/2024\/09\/Katrin_M__nch.jpg\" class=\"wp-image-20368\" alt=\"Woman with brown hair outdoors\" srcset=\"https:\/\/www.hs-nordhausen.de\/wp-content\/uploads\/sites\/8\/2024\/09\/Katrin_M__nch.jpg 767w, https:\/\/www.hs-nordhausen.de\/wp-content\/uploads\/sites\/8\/2024\/09\/Katrin_M__nch-225x300.jpg 225w, https:\/\/www.hs-nordhausen.de\/wp-content\/uploads\/sites\/8\/2024\/09\/Katrin_M__nch-112x150.jpg 112w, https:\/\/www.hs-nordhausen.de\/wp-content\/uploads\/sites\/8\/2024\/09\/Katrin_M__nch-9x12.jpg 9w, https:\/\/www.hs-nordhausen.de\/wp-content\/uploads\/sites\/8\/2024\/09\/Katrin_M__nch-18x24.jpg 18w\" sizes=\"(max-width: 767px) 100vw, 767px\" title=\"\"><\/figure><\/div>\n<\/div>\n\n\n\n<h3 class=\"wp-block-heading has-text-align-center is-style-rounded dyn has-color-21-color has-text-color has-link-color wp-elements-e4c1d8b5f1d8d8fcd971b42e8a0cff34 gs_nCIzlq\" id=\"name\" style=\"font-style:normal;font-weight:600\"><span data-tag=\"titel\" data-params=\"\" class=\"is-tag\">Title (Prof.\/Dr.\/...)<\/span> <span data-tag=\"vorname\" data-params=\"\" class=\"is-tag\">First name<\/span> <span data-tag=\"nachname\" data-params=\"\" class=\"is-tag\">Surname<\/span><\/h3>\n\n\n\n<div class=\"wp-block-group is-content-justification-center is-layout-flex wp-container-core-group-is-layout-54827d44 wp-block-group-is-layout-flex\" style=\"padding-top:var(--wp--preset--spacing--50);padding-bottom:var(--wp--preset--spacing--50)\">\n<p class=\"has-text-align-center dyn\">Representative of the employer<\/p>\n<\/div>\n<\/div>\n<\/div>\n\n\n\n<div class=\"wp-block-column col-12 col-sm-6 col-lg-3 is-layout-flow wp-block-column-is-layout-flow\" style=\"flex-basis:25%;width:25%\">\n<div id=\"greyd-6a04f2b642250\" class=\"wp-block-greyd-box dyn gs_RtogH4 greyd-content-box gs_RtogH4 flex-justify-flex-start has-trigger\" style=\"margin-right: auto !important; margin-left: auto !important; \"><a class=\"hidden-trigger-link\"  href=\"https:\/\/www.hs-nordhausen.de\/en\/kontaktverzeichnis\/a\/aberle-alexandra\/\" title=\"Aberle, Alexandra\"><\/a>\n<div id=\"greyd-6a04f2b640ecf\" class=\"wp-block-greyd-box dyn gs_HafGal greyd-content-box gs_HafGal flex-justify-flex-start\" style=\"margin-right: auto !important; margin-left: auto !important; \">\n<div class=\"wp-block-group dyn is-horizontal is-content-justification-space-between is-nowrap is-layout-flex wp-container-core-group-is-layout-b493c794 wp-block-group-is-layout-flex gs_2KmwHz group_wrap\"><figure style=\"padding-top:0;padding-bottom:0;padding-left:0;padding-right:0;\" class=\"wp-block-image greyd-image is-style-normal dyn wp-container-content-9cfa9a5a gs_AtHOSz\"  data-anim-action=\"scale\" data-anim-event=\"parentHover\" data-anim-triggered=\"false\" data-anim-from=\"transform: scale(1);\" data-anim-to=\"transform: scale(1.7);\" data-anim-parent=\".dyn\"><img decoding=\"async\" width=\"760\" height=\"1014\" src=\"https:\/\/www.hs-nordhausen.de\/wp-content\/uploads\/sites\/8\/2024\/09\/Alexandra-Aberle.jpg\" class=\"wp-image-21197\" alt=\"Alexandra Aberle\" srcset=\"https:\/\/www.hs-nordhausen.de\/wp-content\/uploads\/sites\/8\/2024\/09\/Alexandra-Aberle.jpg 760w, https:\/\/www.hs-nordhausen.de\/wp-content\/uploads\/sites\/8\/2024\/09\/Alexandra-Aberle-225x300.jpg 225w, https:\/\/www.hs-nordhausen.de\/wp-content\/uploads\/sites\/8\/2024\/09\/Alexandra-Aberle-112x150.jpg 112w, https:\/\/www.hs-nordhausen.de\/wp-content\/uploads\/sites\/8\/2024\/09\/Alexandra-Aberle-9x12.jpg 9w, https:\/\/www.hs-nordhausen.de\/wp-content\/uploads\/sites\/8\/2024\/09\/Alexandra-Aberle-18x24.jpg 18w\" sizes=\"(max-width: 760px) 100vw, 760px\" title=\"\"><\/figure><\/div>\n<\/div>\n\n\n\n<h3 class=\"wp-block-heading has-text-align-center is-style-rounded dyn has-color-21-color has-text-color has-link-color wp-elements-e4c1d8b5f1d8d8fcd971b42e8a0cff34 gs_nCIzlq\" id=\"name\" style=\"font-style:normal;font-weight:600\"><span data-tag=\"titel\" data-params=\"\" class=\"is-tag\">Title (Prof.\/Dr.\/...)<\/span> <span data-tag=\"vorname\" data-params=\"\" class=\"is-tag\">First name<\/span> <span data-tag=\"nachname\" data-params=\"\" class=\"is-tag\">Surname<\/span><\/h3>\n\n\n\n<div class=\"wp-block-group is-content-justification-center is-layout-flex wp-container-core-group-is-layout-54827d44 wp-block-group-is-layout-flex\" style=\"padding-top:var(--wp--preset--spacing--50);padding-bottom:var(--wp--preset--spacing--50)\">\n<p class=\"has-text-align-center dyn\">Staff Council<\/p>\n<\/div>\n<\/div>\n<\/div>\n\n\n\n<div class=\"wp-block-column col-12 col-sm-6 col-lg-3 is-layout-flow wp-block-column-is-layout-flow\" style=\"flex-basis:25%;width:25%\">\n<div id=\"greyd-6a04f2b647b1b\" class=\"wp-block-greyd-box dyn gs_RtogH4 greyd-content-box gs_RtogH4 flex-justify-flex-start has-trigger\" style=\"margin-right: auto !important; margin-left: auto !important; \"><a class=\"hidden-trigger-link\"  href=\"https:\/\/www.hs-nordhausen.de\/en\/kontaktverzeichnis\/t\/tabatt-peter\/\" title=\"Tabatt, Peter\"><\/a>\n<div id=\"greyd-6a04f2b646584\" class=\"wp-block-greyd-box dyn gs_HafGal greyd-content-box gs_HafGal flex-justify-flex-start\" style=\"margin-right: auto !important; margin-left: auto !important; \">\n<div class=\"wp-block-group dyn is-horizontal is-content-justification-space-between is-nowrap is-layout-flex wp-container-core-group-is-layout-b493c794 wp-block-group-is-layout-flex gs_2KmwHz group_wrap\"><figure style=\"padding-top:0;padding-bottom:0;padding-left:0;padding-right:0;\" class=\"wp-block-image greyd-image is-style-normal dyn wp-container-content-9cfa9a5a gs_AtHOSz\"  data-anim-action=\"scale\" data-anim-event=\"parentHover\" data-anim-triggered=\"false\" data-anim-from=\"transform: scale(1);\" data-anim-to=\"transform: scale(1.7);\" data-anim-parent=\".dyn\"><img decoding=\"async\" width=\"768\" height=\"1024\" src=\"https:\/\/www.hs-nordhausen.de\/wp-content\/uploads\/sites\/8\/2025\/09\/Peter-Tabatt.jpg\" class=\"wp-image-20375\" alt=\"Peter-Tabatt\" srcset=\"https:\/\/www.hs-nordhausen.de\/wp-content\/uploads\/sites\/8\/2025\/09\/Peter-Tabatt.jpg 768w, https:\/\/www.hs-nordhausen.de\/wp-content\/uploads\/sites\/8\/2025\/09\/Peter-Tabatt-225x300.jpg 225w, https:\/\/www.hs-nordhausen.de\/wp-content\/uploads\/sites\/8\/2025\/09\/Peter-Tabatt-113x150.jpg 113w, https:\/\/www.hs-nordhausen.de\/wp-content\/uploads\/sites\/8\/2025\/09\/Peter-Tabatt-9x12.jpg 9w, https:\/\/www.hs-nordhausen.de\/wp-content\/uploads\/sites\/8\/2025\/09\/Peter-Tabatt-18x24.jpg 18w\" sizes=\"(max-width: 768px) 100vw, 768px\" title=\"\"><\/figure><\/div>\n<\/div>\n\n\n\n<h3 class=\"wp-block-heading has-text-align-center is-style-rounded dyn has-color-21-color has-text-color has-link-color wp-elements-e4c1d8b5f1d8d8fcd971b42e8a0cff34 gs_nCIzlq\" id=\"name\" style=\"font-style:normal;font-weight:600\"><span data-tag=\"titel\" data-params=\"\" class=\"is-tag\">Title (Prof.\/Dr.\/...)<\/span> <span data-tag=\"vorname\" data-params=\"\" class=\"is-tag\">First name<\/span> <span data-tag=\"nachname\" data-params=\"\" class=\"is-tag\">Surname<\/span><\/h3>\n\n\n\n<div class=\"wp-block-group is-content-justification-center is-layout-flex wp-container-core-group-is-layout-54827d44 wp-block-group-is-layout-flex\" style=\"padding-top:var(--wp--preset--spacing--50);padding-bottom:var(--wp--preset--spacing--50)\">\n<p class=\"has-text-align-center dyn\">Representative body for severely disabled persons<\/p>\n<\/div>\n<\/div>\n<\/div>\n<\/div>\n<\/div><\/div>\n<\/div>\n<\/div>\n\n<div  class=\"row_wrap\">\n<div class=\"wp-block-columns row_xxl is-layout-flex wp-container-core-columns-is-layout-9d6595d7 wp-block-columns-is-layout-flex\">\n<div class=\"wp-block-column col-12 col-md-8 is-layout-flow wp-block-column-is-layout-flow\">\n<div class=\"wp-block-group\"><div class=\"wp-block-group__inner-container is-layout-constrained wp-block-group-is-layout-constrained\">\n<h2 class=\"wp-block-heading\">Our goals<\/h2>\n\n\n\n<ul class=\"wp-block-list\">\n<li>Promotion of an addiction-sensitive and health-promoting work culture<\/li>\n\n\n\n<li>Early detection of problematic consumer behaviour<\/li>\n\n\n\n<li>Supporting managers in dealing with anomalies<\/li>\n\n\n\n<li>Structured process for discussions and measures<\/li>\n\n\n\n<li>Safeguarding the rights of affected employees<\/li>\n\n\n\n<li>Involvement of all relevant stakeholders<\/li>\n\n\n\n<li>Implementation of the framework service agreement on addiction prevention and addiction counselling<\/li>\n<\/ul>\n\n\n\n<h2 class=\"wp-block-heading\">Who we are there for<\/h2>\n\n\n\n<div class=\"wp-block-group is-layout-grid wp-container-core-group-is-layout-d8316ff0 wp-block-group-is-layout-grid\">\n<div id=\"greyd-6a04f2b648a68\" class=\"wp-block-greyd-box dyn gs_ze3ZpU greyd-content-box gs_ze3ZpU\">\n<div class=\"wp-block-group has-color-23-background-color has-background is-content-justification-center is-layout-flex wp-container-core-group-is-layout-64b26803 wp-block-group-is-layout-flex gs_2PN3HQ group_wrap\">\n<h3 class=\"has-text-align-center dyn wp-block-heading\" id=\"h-\">Employees<\/h3>\n<\/div>\n\n\n\n<p class=\"dyn gs_e6QCF3\">Are you affected yourself or are you worried about a colleague?<br>Talk to us - we will advise you confidentially.<br>Together we develop an action plan and you decide on the involvement of other people.<\/p>\n<\/div>\n\n\n\n<div id=\"greyd-6a04f2b648f2d\" class=\"wp-block-greyd-box dyn gs_ze3ZpU greyd-content-box gs_ze3ZpU\">\n<div class=\"wp-block-group has-color-23-background-color has-background is-content-justification-center is-layout-flex wp-container-core-group-is-layout-64b26803 wp-block-group-is-layout-flex gs_2PN3HQ group_wrap\">\n<h3 class=\"has-text-align-center dyn wp-block-heading\" id=\"h-\">Managers<\/h3>\n<\/div>\n\n\n\n<p class=\"dyn gs_e6QCF3\">You bear responsibility for your employees.<br>Addiction can have a major impact on the working atmosphere - regardless of whether employees or you yourself are affected.<br>We provide you with specific support in dealing with abnormalities.<\/p>\n<\/div>\n\n\n\n<div id=\"greyd-6a04f2b6493e0\" class=\"wp-block-greyd-box dyn gs_ze3ZpU greyd-content-box gs_ze3ZpU\">\n<div class=\"wp-block-group has-color-23-background-color has-background is-content-justification-center is-layout-flex wp-container-core-group-is-layout-64b26803 wp-block-group-is-layout-flex gs_2PN3HQ group_wrap\">\n<h3 class=\"has-text-align-center dyn wp-block-heading\" id=\"h-\">Students<\/h3>\n<\/div>\n\n\n\n<p class=\"dyn gs_e6QCF3\">Please contact the <a href=\"https:\/\/www.hs-nordhausen.de\/en\/service\/start-up-and-counselling-centres\/university-social-work-2\/\" data-type=\"page\" data-id=\"1405\">University social work<\/a> or the <a href=\"https:\/\/www.hs-nordhausen.de\/en\/service\/study-service-centre-ssz\/central-study-counselling\/\" data-type=\"page\" data-id=\"1394\">Central student counselling<\/a>.<\/p>\n<\/div>\n<\/div>\n\n\n\n<h2 class=\"wp-block-heading\">Guidelines for action<\/h2>\n\n\n\n<p>The guidelines describe the processes, responsibilities and types of dialogue (care discussion, clarification discussion, intervention chain) and serve as orientation for all those involved.<\/p>\n\n\n\n<p><mark style=\"background-color:#efefef\" class=\"has-inline-color\">Download guidelines (PDF) (to be published soon)<\/mark><\/p>\n\n\n\n<h2 class=\"wp-block-heading\">Internal and external offers<\/h2>\n\n\n\n<p>We support you with orientation and referral to suitable counselling centres. For this purpose, we provide you with a detailed overview of contact points:<\/p>\n\n\n\n<ul class=\"wp-block-list\">\n<li><mark style=\"background-color:#efefef\" class=\"has-inline-color\">PDF with internal and external contact points (to be published soon)<\/mark><\/li>\n\n\n\n<li><span class=\"is-button link is-style-link-prim\" data-type=\"link\" data-params=\"{&quot;url&quot;:&quot;https:\/\/www.suchtberatung.digital&quot;}\">DigiAddiction addiction counselling.digital<\/span> - Here, those affected and their relatives can find local advice centres - which can be reached anonymously and digitally.<\/li>\n<\/ul>\n<\/div><\/div>\n<\/div>\n\n\n\n<div class=\"wp-block-column is-layout-flow wp-block-column-is-layout-flow\"><\/div>\n<\/div>\n<\/div>","protected":false},"excerpt":{"rendered":"<p>Wir stehen Besch\u00e4ftigten der Hochschule Nordhausen f\u00fcr vertrauliche, wertsch\u00e4tzende und l\u00f6sungsorientierte Gespr\u00e4che zur Verf\u00fcgung. Alle Gespr\u00e4che unterliegen der Schweigepflicht. Warum Suchtpr\u00e4vention wichtig ist Sucht kann uns alle betreffen \u2013 sei es durch den regelm\u00e4\u00dfigen oder \u00fcberm\u00e4\u00dfigen Konsum von Alkohol, Drogen, Medien oder \u00e4hnliche Verhaltensweisen. Pr\u00e4vention ist der erste Schritt, um gef\u00e4hrliche Muster fr\u00fchzeitig zu erkennen [&hellip;]<\/p>\n","protected":false},"author":1,"featured_media":0,"parent":1068,"menu_order":0,"comment_status":"closed","ping_status":"closed","template":"","meta":{"_piecal_is_recurring":false,"_piecal_recurring_interval":1,"_piecal_recurring_frequency":"","_piecal_recurring_exact_position":false,"_piecal_recurring_end":"","_piecal_color":"","_piecal_text_color":"","_piecal_global_color_master":false,"_piecal_rsets":"[]","_piecal_is_event":false,"_piecal_start_date":"","_piecal_end_date":"","_piecal_is_allday":false,"greyd_block_editor_preview":[],"pgc_sgb_lightbox_settings":"","footnotes":""},"page_category":[],"page_tag":[],"page_redaktion":[],"zielgruppen":[],"kontakt-zuordnung":[],"institut-oder-einric":[],"stg-zuordnung":[],"fachbereich":[],"wf_page_folders":[47],"ppma_author":[1400],"class_list":["post-35725","page","type-page","status-publish","hentry"],"publishpress_future_action":{"enabled":false,"date":"2026-05-20 23:52:54","action":"change-status","newStatus":"draft","terms":[],"taxonomy":"page_category","extraData":[]},"publishpress_future_workflow_manual_trigger":{"enabledWorkflows":[]},"_links":{"self":[{"href":"https:\/\/www.hs-nordhausen.de\/en\/wp-json\/wp\/v2\/pages\/35725","targetHints":{"allow":["GET"]}}],"collection":[{"href":"https:\/\/www.hs-nordhausen.de\/en\/wp-json\/wp\/v2\/pages"}],"about":[{"href":"https:\/\/www.hs-nordhausen.de\/en\/wp-json\/wp\/v2\/types\/page"}],"author":[{"embeddable":true,"href":"https:\/\/www.hs-nordhausen.de\/en\/wp-json\/wp\/v2\/users\/1"}],"replies":[{"embeddable":true,"href":"https:\/\/www.hs-nordhausen.de\/en\/wp-json\/wp\/v2\/comments?post=35725"}],"version-history":[{"count":4,"href":"https:\/\/www.hs-nordhausen.de\/en\/wp-json\/wp\/v2\/pages\/35725\/revisions"}],"predecessor-version":[{"id":35785,"href":"https:\/\/www.hs-nordhausen.de\/en\/wp-json\/wp\/v2\/pages\/35725\/revisions\/35785"}],"up":[{"embeddable":true,"href":"https:\/\/www.hs-nordhausen.de\/en\/wp-json\/wp\/v2\/pages\/1068"}],"wp:attachment":[{"href":"https:\/\/www.hs-nordhausen.de\/en\/wp-json\/wp\/v2\/media?parent=35725"}],"wp:term":[{"taxonomy":"page_category","embeddable":true,"href":"https:\/\/www.hs-nordhausen.de\/en\/wp-json\/wp\/v2\/page_category?post=35725"},{"taxonomy":"page_tag","embeddable":true,"href":"https:\/\/www.hs-nordhausen.de\/en\/wp-json\/wp\/v2\/page_tag?post=35725"},{"taxonomy":"page_redaktion","embeddable":true,"href":"https:\/\/www.hs-nordhausen.de\/en\/wp-json\/wp\/v2\/page_redaktion?post=35725"},{"taxonomy":"zielgruppen","embeddable":true,"href":"https:\/\/www.hs-nordhausen.de\/en\/wp-json\/wp\/v2\/zielgruppen?post=35725"},{"taxonomy":"kontakt-zuordnung","embeddable":true,"href":"https:\/\/www.hs-nordhausen.de\/en\/wp-json\/wp\/v2\/kontakt-zuordnung?post=35725"},{"taxonomy":"institut-oder-einric","embeddable":true,"href":"https:\/\/www.hs-nordhausen.de\/en\/wp-json\/wp\/v2\/institut-oder-einric?post=35725"},{"taxonomy":"stg-zuordnung","embeddable":true,"href":"https:\/\/www.hs-nordhausen.de\/en\/wp-json\/wp\/v2\/stg-zuordnung?post=35725"},{"taxonomy":"fachbereich","embeddable":true,"href":"https:\/\/www.hs-nordhausen.de\/en\/wp-json\/wp\/v2\/fachbereich?post=35725"},{"taxonomy":"wf_page_folders","embeddable":true,"href":"https:\/\/www.hs-nordhausen.de\/en\/wp-json\/wp\/v2\/wf_page_folders?post=35725"},{"taxonomy":"author","embeddable":true,"href":"https:\/\/www.hs-nordhausen.de\/en\/wp-json\/wp\/v2\/ppma_author?post=35725"}],"curies":[{"name":"wp","href":"https:\/\/api.w.org\/{rel}","templated":true}]}}