{"id":3678,"date":"2023-08-03T11:00:35","date_gmt":"2023-08-03T09:00:35","guid":{"rendered":"https:\/\/hsnordhausen.artemis.wpspace.me\/hsn\/?page_id=3678&#038;preview_id=3678"},"modified":"2026-01-27T13:40:45","modified_gmt":"2026-01-27T12:40:45","slug":"aki-august-kramer-institute","status":"publish","type":"page","link":"https:\/\/www.hs-nordhausen.de\/en\/forschung\/aki-august-kramer-institut\/","title":{"rendered":"AKI - August Kramer Institute"},"content":{"rendered":"<div  class=\"spacer_wrap \" aria-hidden=\"true\"><div class=\"wp-block-spacer inner-sm\" style=\"height:calc(2em * 0.4)\" aria-hidden=\"true\"><\/div><div class=\"wp-block-spacer inner-md\" style=\"height:calc(2em * 0.6)\" aria-hidden=\"true\"><\/div><div class=\"wp-block-spacer inner-lg\" style=\"height:calc(2em * 0.8)\" aria-hidden=\"true\"><\/div><div class=\"wp-block-spacer inner-xl\" style=\"height:2em\" aria-hidden=\"true\"><\/div><\/div>\n\n\n<nav aria-label=\"breadcrumbs\" class=\"rank-math-breadcrumb\"><p><span class=\"last\">Home<\/span><\/p><\/nav>\n\n\n<div  class=\"spacer_wrap \" aria-hidden=\"true\"><div class=\"wp-block-spacer inner-sm\" style=\"height:calc(2em * 0.4)\" aria-hidden=\"true\"><\/div><div class=\"wp-block-spacer inner-md\" style=\"height:calc(2em * 0.6)\" aria-hidden=\"true\"><\/div><div class=\"wp-block-spacer inner-lg\" style=\"height:calc(2em * 0.8)\" aria-hidden=\"true\"><\/div><div class=\"wp-block-spacer inner-xl\" style=\"height:2em\" aria-hidden=\"true\"><\/div><\/div>\n\n\n<div id=\"greyd-69e491b43424d\" class=\"wp-block-greyd-box aligncenter gs_ke4NbY greyd-content-box gs_ke4NbY\">\n<div class=\"wp-block-group hidden-xs is-content-justification-center is-nowrap is-layout-flex wp-container-core-group-is-layout-5228e7ad wp-block-group-is-layout-flex gs_rv6jVy group_wrap\" style=\"padding-top:var(--wp--preset--spacing--30);padding-right:var(--wp--preset--spacing--30);padding-bottom:var(--wp--preset--spacing--30);padding-left:var(--wp--preset--spacing--30)\"><figure style=\"padding-right:var(--wp--preset--spacing--50);padding-bottom:0;padding-left:var(--wp--preset--spacing--50);\" class=\"wp-block-image greyd-image   gs_AV7UFi\"><img decoding=\"async\" src=\"https:\/\/www.hs-nordhausen.de\/wp-content\/uploads\/sites\/8\/2024\/09\/HSN-Logo-wide-blue.svg\" class=\"wp-image-22425\" alt=\"Logo HSN - Hochschule Nordhausen University of Applied Sciences\" title=\"\"><\/figure>\n\n\n<h1 class=\"wp-block-heading gs_STq8lC\" id=\"h-post-titel\"><span data-tag=\"title\" data-params=\"\" class=\"is-tag\">Post Titel<\/span><\/h1>\n<\/div>\n\n\n\n<div class=\"wp-block-group hidden-lg hidden-md hidden-sm is-vertical is-content-justification-center is-layout-flex wp-container-core-group-is-layout-4a04943e wp-block-group-is-layout-flex\" style=\"padding-top:0;padding-right:var(--wp--preset--spacing--30);padding-bottom:0;padding-left:var(--wp--preset--spacing--30)\"><figure style=\"padding-right:0;padding-bottom:var(--wp--preset--spacing--50);\" class=\"wp-block-image greyd-image wp-container-content-9cfa9a5a gs_cTVfgw\"><img decoding=\"async\" src=\"https:\/\/www.hs-nordhausen.de\/wp-content\/uploads\/sites\/8\/2024\/09\/HSN-Logo-wide-blue.svg\" class=\"wp-image-22425\" alt=\"Logo HSN - Hochschule Nordhausen University of Applied Sciences\" title=\"\"><\/figure>\n\n\n<h1 class=\"wp-block-heading gs_EfHCUM\" id=\"h-post-titel-0\"><span data-tag=\"title\" data-params=\"\" class=\"is-tag\">Post Titel<\/span><\/h1>\n<\/div>\n<\/div>\n\n\n\n<div class=\"wp-block-group is-content-justification-space-between is-nowrap is-layout-flex wp-container-core-group-is-layout-0dfbf163 wp-block-group-is-layout-flex gs_dsEFFx group_wrap\">\n<hr style='  height: 4px !important;   ' class=\"wp-block-separator has-text-color has-color-11-color has-alpha-channel-opacity has-color-11-background-color has-background is-style-wide\"\/>\n<\/div>\n\n\n<div  class=\"row_wrap\">\n<div class=\"wp-block-columns row_xxl is-layout-flex wp-container-core-columns-is-layout-9d6595d7 wp-block-columns-is-layout-flex\">\n<div class=\"wp-block-column col-12 col-sm-12 col-md-8 col-lg-8 is-layout-flow wp-block-column-is-layout-flow\" style=\"padding-right:0;padding-left:0;flex-basis:66.66%\">\n<h2 class=\"wp-block-heading\" id=\"h-lehr-und-forschungseinrichtung-der-hochschule-nordhausen-im-bereich-green-tech\">Lehr- und Forschungsgeb\u00e4ude der Hochschule Nordhausen im Bereich Green Tech<\/h2>\n\n\n<figure style=\"\" class=\"wp-block-image greyd-image  \"><img decoding=\"async\" width=\"640\" height=\"360\" src=\"https:\/\/www.hs-nordhausen.de\/wp-content\/uploads\/sites\/8\/2024\/02\/AKI.jpg\" class=\"wp-image-10841\" alt=\"Vorderansicht des AKI-Geb\u00e4udes. Die Front in einem kr\u00e4ftigen Orangeton.\" srcset=\"https:\/\/www.hs-nordhausen.de\/wp-content\/uploads\/sites\/8\/2024\/02\/AKI.jpg 640w, https:\/\/www.hs-nordhausen.de\/wp-content\/uploads\/sites\/8\/2024\/02\/AKI-300x169.jpg 300w, https:\/\/www.hs-nordhausen.de\/wp-content\/uploads\/sites\/8\/2024\/02\/AKI-150x84.jpg 150w, https:\/\/www.hs-nordhausen.de\/wp-content\/uploads\/sites\/8\/2024\/02\/AKI-18x10.jpg 18w, https:\/\/www.hs-nordhausen.de\/wp-content\/uploads\/sites\/8\/2024\/02\/AKI-24x14.jpg 24w\" sizes=\"(max-width: 640px) 100vw, 640px\" title=\"\"><\/figure>\n\n<div  class=\"spacer_wrap \" aria-hidden=\"true\"><div class=\"wp-block-spacer inner-sm\" style=\"height:calc(2em * 0.4)\" aria-hidden=\"true\"><\/div><div class=\"wp-block-spacer inner-md\" style=\"height:calc(2em * 0.6)\" aria-hidden=\"true\"><\/div><div class=\"wp-block-spacer inner-lg\" style=\"height:calc(2em * 0.8)\" aria-hidden=\"true\"><\/div><div class=\"wp-block-spacer inner-xl\" style=\"height:2em\" aria-hidden=\"true\"><\/div><\/div>\n\n\n<div class=\"wp-block-group\" style=\"padding-right:0\"><div class=\"wp-block-group__inner-container is-layout-constrained wp-container-core-group-is-layout-eaf8d5a6 wp-block-group-is-layout-constrained\">\n<p>Das AUGUST-KRAMER-INSTITUT nahm im Januar 2006 seinen Betrieb an der Hochschule Nordhausen auf. Es dient der Forschung und Lehre in den Arbeitsfeldern Energiesysteme, Werkstoff- und Verfahrenstechnik sowie Geoengineering.<\/p>\n\n\n\n<p>Namensgeber der Einrichtung ist&nbsp;<a href=\"https:\/\/www.hs-nordhausen.de\/forschung\/aki-august-kramer-institut\/dr-phil-august-ephraim-kramer\/\">Dr. phil. August Ephraim Kramer<\/a>&nbsp;(1817-1885), Nordh\u00e4user Pers\u00f6nlichkeit und Erfinder des Zeigertelegrafens.<\/p>\n\n\n\n<p>Im AUGUST-KRAMER-INSTITUT b\u00fcndeln sich die Aktivit\u00e4ten mit dem Schwerpunkt Green&nbsp;Tech aus dem Fachbereich Ingenieurwissenschaften der Hochschule Nordhausen. Dabei wird das AUGUST-KRAMER-INSTITUT von folgenden Instituten als Lehr- und Forschungsgeb\u00e4ude genutzt.<\/p>\n\n\n\n<ul style=\"padding-top:var(--wp--preset--spacing--50);padding-right:var(--wp--preset--spacing--50);padding-bottom:var(--wp--preset--spacing--50);padding-left:var(--wp--preset--spacing--50)\" class=\"wp-block-list\">\n<li><a href=\"https:\/\/www.hs-nordhausen.de\/forschung\/iae-institut-fuer-informatik-automatisierung-und-elektronik\/\"><strong>IAE<\/strong>\u00a0\u2013 Institut f\u00fcr Informatik, Automatisierung und Elektronik<\/a><\/li>\n\n\n\n<li><a href=\"https:\/\/www.hs-nordhausen.de\/forschung\/in-ret-institut-fuer-regenerative-energietechnik\/\"><strong>in.RET<\/strong> &#8211; Institut f\u00fcr Regenerative Energietechnik<\/a><\/li>\n\n\n\n<li><strong>ReSin<\/strong> &#8211; Ressourceninstitut Nordhausen<\/li>\n<\/ul>\n\n\n\n<p>Die Organisation der Abl\u00e4ufe und Planungen im AUGUST-KRAMER-INSTITUT wird dabei von den Abteilungsleiterinnen und Abteilungsleitern aus den oben genannten Forschungsinstituten koordiniert.<\/p>\n<\/div><\/div>\n\n\n<div  class=\"spacer_wrap \" aria-hidden=\"true\"><div class=\"wp-block-spacer inner-sm\" style=\"height:calc(2em * 0.4)\" aria-hidden=\"true\"><\/div><div class=\"wp-block-spacer inner-md\" style=\"height:calc(2em * 0.6)\" aria-hidden=\"true\"><\/div><div class=\"wp-block-spacer inner-lg\" style=\"height:calc(2em * 0.8)\" aria-hidden=\"true\"><\/div><div class=\"wp-block-spacer inner-xl\" style=\"height:2em\" aria-hidden=\"true\"><\/div><\/div><\/div>\n\n\n\n<div class=\"wp-block-column col-12 col-sm-12 col-md-3 col-lg-3 offset-md-1 offset-lg-1 is-layout-flow wp-block-column-is-layout-flow\" style=\"flex-basis:33.33%;width:33.33%\">\n<h3 class=\"wp-block-heading\" id=\"h-kontakt\">Kontakt<\/h3>\n\n\n\n<div class=\"wp-block-query is-layout-flow wp-block-query-is-layout-flow\"><div id='post-results-69e491b437c55'  class=\"greyd-posts-slider wp-block-post-template js\" data-currentpage=\"1\" data-query-id=\"2\" data-height=\"max\"><div class='query-pages-wrapper results_wrapper' data-ppp='5'><div class='query-page result_wrapper is-current' data-page='1'><article class='query-post wp-block-post post-11802 kontaktverzeichnis type-kontaktverzeichnis status-publish hentry kontaktverzeichnis_category-person kontaktverzeichnis_tag-ansprechperson kontaktverzeichnis_bereich-referat-fuer-forschung-und-wissenschaftstransfer kontaktverzeichnis_position-forschungsreferent kontaktverzeichnis_sortierung-a cluster-_n-a kontakt-zuordnung-n-a projekt-n-a studienbereich-n-a institut-oder-einric-aki-august-kramer-institut stg-zuordnung-n-a fachbereich-n-a search_result' data-post='11802'data-title='auer roberto'data-date='2024-04-24 13:37:11'data-postviews='2391'data-index='1'>\n<div id=\"greyd-69e491b439a70\" class=\"wp-block-greyd-box aligncenter dyn gs_LvI53R greyd-content-box gs_LvI53R flex-justify-flex-start\">\n<div id=\"greyd-69e491b438ec4\" class=\"wp-block-greyd-box aligncenter dyn gs_nVZwZR greyd-content-box gs_nVZwZR flex-justify-flex-start\">\n<div class=\"wp-block-group is-horizontal is-content-justification-space-between is-nowrap is-layout-flex wp-container-core-group-is-layout-b493c794 wp-block-group-is-layout-flex gs_EAw9o9 group_wrap\"><\/div>\n<\/div>\n\n\n\n<div class=\"wp-block-group is-nowrap is-layout-flex wp-container-core-group-is-layout-ad2f72ca wp-block-group-is-layout-flex\">\n<h3 class=\"wp-block-heading has-text-align-center is-style-rounded dyn has-color-21-color has-text-color has-link-color wp-elements-8128e4425b68c2f278dd4d4562766019 gs_ms6cea\" id=\"name\" style=\"font-style:normal;font-weight:600\"><span class=\"is-button link\" data-type=\"dynamic\" data-params=\"{&quot;tag&quot;:&quot;post&quot;}\"><span data-tag=\"bezeichnung-abteilung\" data-params=\"\" class=\"is-tag\">Bezeichnung der Abteilung<\/span><span data-tag=\"titel\" data-params=\"\" class=\"is-tag\">Titel (Prof.\/Dr.\/&#8230;)<\/span> <span data-tag=\"vorname\" data-params=\"\" class=\"is-tag\">Vorname<\/span> <span data-tag=\"nachname\" data-params=\"\" class=\"is-tag\">Nachname<\/span><\/span><\/h3>\n<\/div>\n\n\n\n\n\n\n\n<hr id=\"greyd-69e491b43941a\" style='  border-style: dotted !important; opacity: 100% !important; height: 1px !important;   ' class=\"wp-block-separator has-text-color has-color-22-color has-alpha-channel-opacity has-color-22-background-color has-background is-style-wide\"\/>\n\n\n\n<ul id=\"list_69e491b439515\" class=\"wp-block-greyd-list\" style=\"padding-top:var(--wp--preset--spacing--50);padding-bottom:0\">\n<li><span class=\"list_icon icon_profile\" aria-hidden=\"true\"><\/span><span class=\"list_content\"><p><span class=\"is-button link\" data-type=\"dynamic\" data-params=\"{&quot;tag&quot;:&quot;post&quot;}\">Profil<\/span><\/p><\/span><\/li>\n\n\n\n<li><span class=\"list_icon icon_phone\" aria-hidden=\"true\"><\/span><span class=\"list_content\"><p><span data-tag=\"telefon\" data-params=\"\" class=\"is-tag\">Telefon<\/span><\/p><\/span><\/li>\n\n\n\n<li><span class=\"list_icon icon_search_alt\" aria-hidden=\"true\"><\/span><span class=\"list_content\"><p><span data-tag=\"fax\" data-params=\"\" class=\"is-tag\">Fax<\/span><\/p><\/span><\/li>\n\n\n\n<li><span class=\"list_icon icon_mail\" aria-hidden=\"true\"><\/span><span class=\"list_content\"><p><span data-tag=\"e-mail\" data-params=\"\" class=\"is-tag\">E-Mail<\/span><\/p><\/span><\/li>\n\n\n\n<li><span class=\"list_icon icon_house\" aria-hidden=\"true\"><\/span><span class=\"list_content\"><p><span data-tag=\"buero\" data-params=\"&quot;&quot;\" class=\"is-tag\">B\u00fcro<\/span><\/p><\/span><\/li>\n<\/ul>\n<\/div>\n<\/article><article class='query-post wp-block-post post-14785 kontaktverzeichnis type-kontaktverzeichnis status-publish hentry kontaktverzeichnis_category-person kontaktverzeichnis_tag-ansprechperson kontaktverzeichnis_tag-studiengangsleitung kontaktverzeichnis_bereich-n-a kontaktverzeichnis_position-professor kontaktverzeichnis_sortierung-l cluster-maschinenbau-und-fertigung studiengangsleitung-studiengangsleitung-mab kontakt-zuordnung-link projekt-n-a studienbereich-n-a studienbereich-it-technik-ingenieurwissenschaften institut-oder-einric-aki-august-kramer-institut institut-oder-einric-in-ret-institut-fuer-regenerative-energietechnik stg-zuordnung-es stg-zuordnung-mab stg-zuordnung-ret fachbereich-fb-ingenieurwissenschaften search_result' data-post='14785'data-title='link thomas prof dring'data-date='2024-06-11 12:46:20'data-postviews='2881'data-index='2'>\n<div id=\"greyd-69e491b43ab6b\" class=\"wp-block-greyd-box aligncenter dyn gs_LvI53R greyd-content-box gs_LvI53R flex-justify-flex-start\">\n<div id=\"greyd-69e491b43a5c5\" class=\"wp-block-greyd-box aligncenter dyn gs_nVZwZR greyd-content-box gs_nVZwZR flex-justify-flex-start\">\n<div class=\"wp-block-group is-horizontal is-content-justification-space-between is-nowrap is-layout-flex wp-container-core-group-is-layout-b493c794 wp-block-group-is-layout-flex gs_EAw9o9 group_wrap\"><\/div>\n<\/div>\n\n\n\n<div class=\"wp-block-group is-nowrap is-layout-flex wp-container-core-group-is-layout-ad2f72ca wp-block-group-is-layout-flex\">\n<h3 class=\"wp-block-heading has-text-align-center is-style-rounded dyn has-color-21-color has-text-color has-link-color wp-elements-8128e4425b68c2f278dd4d4562766019 gs_ms6cea\" id=\"name\" style=\"font-style:normal;font-weight:600\"><span class=\"is-button link\" data-type=\"dynamic\" data-params=\"{&quot;tag&quot;:&quot;post&quot;}\"><span data-tag=\"bezeichnung-abteilung\" data-params=\"\" class=\"is-tag\">Bezeichnung der Abteilung<\/span><span data-tag=\"titel\" data-params=\"\" class=\"is-tag\">Titel (Prof.\/Dr.\/&#8230;)<\/span> <span data-tag=\"vorname\" data-params=\"\" class=\"is-tag\">Vorname<\/span> <span data-tag=\"nachname\" data-params=\"\" class=\"is-tag\">Nachname<\/span><\/span><\/h3>\n<\/div>\n\n\n\n\n\n\n\n<hr id=\"greyd-69e491b43aa30\" style='  border-style: dotted !important; opacity: 100% !important; height: 1px !important;   ' class=\"wp-block-separator has-text-color has-color-22-color has-alpha-channel-opacity has-color-22-background-color has-background is-style-wide\"\/>\n\n\n\n<ul id=\"list_69e491b43ab16\" class=\"wp-block-greyd-list\" style=\"padding-top:var(--wp--preset--spacing--50);padding-bottom:0\">\n<li><span class=\"list_icon icon_profile\" aria-hidden=\"true\"><\/span><span class=\"list_content\"><p><span class=\"is-button link\" data-type=\"dynamic\" data-params=\"{&quot;tag&quot;:&quot;post&quot;}\">Profil<\/span><\/p><\/span><\/li>\n\n\n\n<li><span class=\"list_icon icon_phone\" aria-hidden=\"true\"><\/span><span class=\"list_content\"><p><span data-tag=\"telefon\" data-params=\"\" class=\"is-tag\">Telefon<\/span><\/p><\/span><\/li>\n\n\n\n<li><span class=\"list_icon icon_search_alt\" aria-hidden=\"true\"><\/span><span class=\"list_content\"><p><span data-tag=\"fax\" data-params=\"\" class=\"is-tag\">Fax<\/span><\/p><\/span><\/li>\n\n\n\n<li><span class=\"list_icon icon_mail\" aria-hidden=\"true\"><\/span><span class=\"list_content\"><p><span data-tag=\"e-mail\" data-params=\"\" class=\"is-tag\">E-Mail<\/span><\/p><\/span><\/li>\n\n\n\n<li><span class=\"list_icon icon_house\" aria-hidden=\"true\"><\/span><span class=\"list_content\"><p><span data-tag=\"buero\" data-params=\"&quot;&quot;\" class=\"is-tag\">B\u00fcro<\/span><\/p><\/span><\/li>\n<\/ul>\n<\/div>\n<\/article><article class='query-post wp-block-post post-11905 kontaktverzeichnis type-kontaktverzeichnis status-publish hentry kontaktverzeichnis_category-person kontaktverzeichnis_tag-ansprechperson kontaktverzeichnis_tag-studiengangsleitung kontaktverzeichnis_bereich-praesidium kontaktverzeichnis_position-prodekan-forschung kontaktverzeichnis_position-professor kontaktverzeichnis_position-studiendekan kontaktverzeichnis_position-vizepraesident-fuer-forschung-und-entwicklung kontaktverzeichnis_sortierung-w cluster-energie-und-umwelttechnik studiengangsleitung-studiengangsleitung-lam kontakt-zuordnung-vwesselak projekt-n-a studienbereich-n-a studienbereich-it-technik-ingenieurwissenschaften institut-oder-einric-aki-august-kramer-institut institut-oder-einric-in-ret-institut-fuer-regenerative-energietechnik stg-zuordnung-et stg-zuordnung-ret stg-zuordnung-res stg-zuordnung-wintec fachbereich-fb-ingenieurwissenschaften search_result' data-post='11905'data-title='wesselak prof dring viktor'data-date='2024-05-03 09:43:21'data-postviews='2884'data-index='3'>\n<div id=\"greyd-69e491b440d3f\" class=\"wp-block-greyd-box aligncenter dyn gs_LvI53R greyd-content-box gs_LvI53R flex-justify-flex-start\">\n<div id=\"greyd-69e491b4406f7\" class=\"wp-block-greyd-box aligncenter dyn gs_nVZwZR greyd-content-box gs_nVZwZR flex-justify-flex-start\">\n<div class=\"wp-block-group is-horizontal is-content-justification-space-between is-nowrap is-layout-flex wp-container-core-group-is-layout-b493c794 wp-block-group-is-layout-flex gs_EAw9o9 group_wrap\"><figure style=\"padding-top:0;padding-bottom:0;padding-left:0;padding-right:0;\" class=\"wp-block-image greyd-image is-style-normal dyn wp-container-content-9cfa9a5a gs_lzP44q\"  data-anim-action=\"scale\" data-anim-event=\"parentHover\" data-anim-triggered=\"false\" data-anim-from=\"transform: scale(1);\" data-anim-to=\"transform: scale(1.7);\" data-anim-parent=\".dyn\"><img decoding=\"async\" width=\"768\" height=\"1024\" src=\"https:\/\/www.hs-nordhausen.de\/wp-content\/uploads\/sites\/8\/2024\/10\/Prof.-Dr.-Ing.-Viktor-Wesselak-768x1024.jpg\" class=\"wp-image-24938\" alt=\"Prof. Dr.-Ing. Viktor Wesselak\" srcset=\"https:\/\/www.hs-nordhausen.de\/wp-content\/uploads\/sites\/8\/2024\/10\/Prof.-Dr.-Ing.-Viktor-Wesselak-768x1024.jpg 768w, https:\/\/www.hs-nordhausen.de\/wp-content\/uploads\/sites\/8\/2024\/10\/Prof.-Dr.-Ing.-Viktor-Wesselak-225x300.jpg 225w, https:\/\/www.hs-nordhausen.de\/wp-content\/uploads\/sites\/8\/2024\/10\/Prof.-Dr.-Ing.-Viktor-Wesselak-113x150.jpg 113w, https:\/\/www.hs-nordhausen.de\/wp-content\/uploads\/sites\/8\/2024\/10\/Prof.-Dr.-Ing.-Viktor-Wesselak-1152x1536.jpg 1152w, https:\/\/www.hs-nordhausen.de\/wp-content\/uploads\/sites\/8\/2024\/10\/Prof.-Dr.-Ing.-Viktor-Wesselak-9x12.jpg 9w, https:\/\/www.hs-nordhausen.de\/wp-content\/uploads\/sites\/8\/2024\/10\/Prof.-Dr.-Ing.-Viktor-Wesselak-18x24.jpg 18w, https:\/\/www.hs-nordhausen.de\/wp-content\/uploads\/sites\/8\/2024\/10\/Prof.-Dr.-Ing.-Viktor-Wesselak.jpg 1440w\" sizes=\"(max-width: 768px) 100vw, 768px\" title=\"\"><\/figure><\/div>\n<\/div>\n\n\n\n<div class=\"wp-block-group is-nowrap is-layout-flex wp-container-core-group-is-layout-ad2f72ca wp-block-group-is-layout-flex\">\n<h3 class=\"wp-block-heading has-text-align-center is-style-rounded dyn has-color-21-color has-text-color has-link-color wp-elements-8128e4425b68c2f278dd4d4562766019 gs_ms6cea\" id=\"name\" style=\"font-style:normal;font-weight:600\"><span class=\"is-button link\" data-type=\"dynamic\" data-params=\"{&quot;tag&quot;:&quot;post&quot;}\"><span data-tag=\"bezeichnung-abteilung\" data-params=\"\" class=\"is-tag\">Bezeichnung der Abteilung<\/span><span data-tag=\"titel\" data-params=\"\" class=\"is-tag\">Titel (Prof.\/Dr.\/&#8230;)<\/span> <span data-tag=\"vorname\" data-params=\"\" class=\"is-tag\">Vorname<\/span> <span data-tag=\"nachname\" data-params=\"\" class=\"is-tag\">Nachname<\/span><\/span><\/h3>\n<\/div>\n\n\n\n\n\n\n\n<hr id=\"greyd-69e491b440bed\" style='  border-style: dotted !important; opacity: 100% !important; height: 1px !important;   ' class=\"wp-block-separator has-text-color has-color-22-color has-alpha-channel-opacity has-color-22-background-color has-background is-style-wide\"\/>\n\n\n\n<ul id=\"list_69e491b440ce3\" class=\"wp-block-greyd-list\" style=\"padding-top:var(--wp--preset--spacing--50);padding-bottom:0\">\n<li><span class=\"list_icon icon_profile\" aria-hidden=\"true\"><\/span><span class=\"list_content\"><p><span class=\"is-button link\" data-type=\"dynamic\" data-params=\"{&quot;tag&quot;:&quot;post&quot;}\">Profil<\/span><\/p><\/span><\/li>\n\n\n\n<li><span class=\"list_icon icon_phone\" aria-hidden=\"true\"><\/span><span class=\"list_content\"><p><span data-tag=\"telefon\" data-params=\"\" class=\"is-tag\">Telefon<\/span><\/p><\/span><\/li>\n\n\n\n<li><span class=\"list_icon icon_search_alt\" aria-hidden=\"true\"><\/span><span class=\"list_content\"><p><span data-tag=\"fax\" data-params=\"\" class=\"is-tag\">Fax<\/span><\/p><\/span><\/li>\n\n\n\n<li><span class=\"list_icon icon_mail\" aria-hidden=\"true\"><\/span><span class=\"list_content\"><p><span data-tag=\"e-mail\" data-params=\"\" class=\"is-tag\">E-Mail<\/span><\/p><\/span><\/li>\n\n\n\n<li><span class=\"list_icon icon_house\" aria-hidden=\"true\"><\/span><span class=\"list_content\"><p><span data-tag=\"buero\" data-params=\"&quot;&quot;\" class=\"is-tag\">B\u00fcro<\/span><\/p><\/span><\/li>\n<\/ul>\n<\/div>\n<\/article><\/div><\/div><\/div><div class='loading_spinner_wrapper' style='display:none;'>\n\t\t\t<div class='loading_spinner'>\n\t\t\t\t<div><\/div> <div><\/div> <div><\/div> <div><\/div>\n\t\t\t<\/div>\n\t\t<\/div><\/div>\n\n\n\n<div id=\"page-list-box\" class=\"wp-block-greyd-box hidden-lg hidden-md hidden-sm hidden-xs gs_gsuUAh greyd-content-box gs_gsuUAh\">\n<h3 class=\"wp-block-heading\">Weitere Informationen<\/h3>\n\n\n<div class=\"wp-block-template-part\">\n<p>[subpages depth=&#8220;1&#8243; sort_order=&#8220;desc&#8220;  sort_order=&#8220;desc&#8220;]<\/p>\n<\/div>\n\n\n<hr class=\"wp-block-separator has-text-color has-color-22-color has-alpha-channel-opacity has-color-22-background-color has-background is-style-wide\"\/>\n\n\n<div class=\"wp-block-template-part\">\n<p>[siblings depth=&#8220;1&#8243; exclude=&#8220;current&#8220;]<\/p>\n<\/div><\/div>\n<\/div>\n<\/div>\n<\/div>\n\n<div  class=\"spacer_wrap \" aria-hidden=\"true\"><div class=\"wp-block-spacer inner-sm\" style=\"height:calc(100px * 0.4)\" aria-hidden=\"true\"><\/div><div class=\"wp-block-spacer inner-md\" style=\"height:calc(100px * 0.6)\" aria-hidden=\"true\"><\/div><div class=\"wp-block-spacer inner-lg\" style=\"height:calc(100px * 0.8)\" aria-hidden=\"true\"><\/div><div class=\"wp-block-spacer inner-xl\" style=\"height:100px\" aria-hidden=\"true\"><\/div><\/div>","protected":false},"excerpt":{"rendered":"<p>Lehr- und Forschungsgeb\u00e4ude der Hochschule Nordhausen im Bereich Green Tech Das AUGUST-KRAMER-INSTITUT nahm im Januar 2006 seinen Betrieb an der Hochschule Nordhausen auf. Es dient der Forschung und Lehre in den Arbeitsfeldern Energiesysteme, Werkstoff- und Verfahrenstechnik sowie Geoengineering. Namensgeber der Einrichtung ist&nbsp;Dr. phil. August Ephraim Kramer&nbsp;(1817-1885), Nordh\u00e4user Pers\u00f6nlichkeit und Erfinder des Zeigertelegrafens. Im AUGUST-KRAMER-INSTITUT b\u00fcndeln [&hellip;]<\/p>\n","protected":false},"author":1,"featured_media":19264,"parent":401,"menu_order":0,"comment_status":"closed","ping_status":"closed","template":"","meta":{"_piecal_is_recurring":false,"_piecal_recurring_interval":1,"_piecal_recurring_frequency":"","_piecal_recurring_exact_position":false,"_piecal_recurring_end":"","_piecal_color":"","_piecal_text_color":"","_piecal_global_color_master":false,"_piecal_is_event":false,"_piecal_start_date":"","_piecal_end_date":"","_piecal_is_allday":false,"greyd_block_editor_preview":[],"pgc_sgb_lightbox_settings":"","footnotes":""},"page_category":[1583],"page_tag":[],"page_redaktion":[],"zielgruppen":[],"kontakt-zuordnung":[],"institut-oder-einric":[682],"stg-zuordnung":[],"fachbereich":[],"wf_page_folders":[1326],"ppma_author":[1400],"class_list":["post-3678","page","type-page","status-publish","has-post-thumbnail","hentry","page_category-institut","institut-oder-einric-aki-august-kramer-institut"],"publishpress_future_action":{"enabled":false,"date":"2026-04-26 10:26:28","action":"change-status","newStatus":"draft","terms":[],"taxonomy":"page_category","extraData":[]},"publishpress_future_workflow_manual_trigger":{"enabledWorkflows":[]},"_links":{"self":[{"href":"https:\/\/www.hs-nordhausen.de\/en\/wp-json\/wp\/v2\/pages\/3678","targetHints":{"allow":["GET"]}}],"collection":[{"href":"https:\/\/www.hs-nordhausen.de\/en\/wp-json\/wp\/v2\/pages"}],"about":[{"href":"https:\/\/www.hs-nordhausen.de\/en\/wp-json\/wp\/v2\/types\/page"}],"author":[{"embeddable":true,"href":"https:\/\/www.hs-nordhausen.de\/en\/wp-json\/wp\/v2\/users\/1"}],"replies":[{"embeddable":true,"href":"https:\/\/www.hs-nordhausen.de\/en\/wp-json\/wp\/v2\/comments?post=3678"}],"version-history":[{"count":2,"href":"https:\/\/www.hs-nordhausen.de\/en\/wp-json\/wp\/v2\/pages\/3678\/revisions"}],"predecessor-version":[{"id":38377,"href":"https:\/\/www.hs-nordhausen.de\/en\/wp-json\/wp\/v2\/pages\/3678\/revisions\/38377"}],"up":[{"embeddable":true,"href":"https:\/\/www.hs-nordhausen.de\/en\/wp-json\/wp\/v2\/pages\/401"}],"wp:featuredmedia":[{"embeddable":true,"href":"https:\/\/www.hs-nordhausen.de\/en\/wp-json\/wp\/v2\/media\/19264"}],"wp:attachment":[{"href":"https:\/\/www.hs-nordhausen.de\/en\/wp-json\/wp\/v2\/media?parent=3678"}],"wp:term":[{"taxonomy":"page_category","embeddable":true,"href":"https:\/\/www.hs-nordhausen.de\/en\/wp-json\/wp\/v2\/page_category?post=3678"},{"taxonomy":"page_tag","embeddable":true,"href":"https:\/\/www.hs-nordhausen.de\/en\/wp-json\/wp\/v2\/page_tag?post=3678"},{"taxonomy":"page_redaktion","embeddable":true,"href":"https:\/\/www.hs-nordhausen.de\/en\/wp-json\/wp\/v2\/page_redaktion?post=3678"},{"taxonomy":"zielgruppen","embeddable":true,"href":"https:\/\/www.hs-nordhausen.de\/en\/wp-json\/wp\/v2\/zielgruppen?post=3678"},{"taxonomy":"kontakt-zuordnung","embeddable":true,"href":"https:\/\/www.hs-nordhausen.de\/en\/wp-json\/wp\/v2\/kontakt-zuordnung?post=3678"},{"taxonomy":"institut-oder-einric","embeddable":true,"href":"https:\/\/www.hs-nordhausen.de\/en\/wp-json\/wp\/v2\/institut-oder-einric?post=3678"},{"taxonomy":"stg-zuordnung","embeddable":true,"href":"https:\/\/www.hs-nordhausen.de\/en\/wp-json\/wp\/v2\/stg-zuordnung?post=3678"},{"taxonomy":"fachbereich","embeddable":true,"href":"https:\/\/www.hs-nordhausen.de\/en\/wp-json\/wp\/v2\/fachbereich?post=3678"},{"taxonomy":"wf_page_folders","embeddable":true,"href":"https:\/\/www.hs-nordhausen.de\/en\/wp-json\/wp\/v2\/wf_page_folders?post=3678"},{"taxonomy":"author","embeddable":true,"href":"https:\/\/www.hs-nordhausen.de\/en\/wp-json\/wp\/v2\/ppma_author?post=3678"}],"curies":[{"name":"wp","href":"https:\/\/api.w.org\/{rel}","templated":true}]}}