{"id":3679,"date":"2023-08-03T11:00:35","date_gmt":"2023-08-03T09:00:35","guid":{"rendered":"https:\/\/hsnordhausen.artemis.wpspace.me\/hsn\/?page_id=3679&#038;preview_id=3679"},"modified":"2025-01-07T10:47:30","modified_gmt":"2025-01-07T09:47:30","slug":"sfz-student-research-centre","status":"publish","type":"page","link":"https:\/\/www.hs-nordhausen.de\/en\/forschung\/sfz-schuelerforschungszentrum\/","title":{"rendered":"SFZ - Student Research Centre"},"content":{"rendered":"<div  class=\"spacer_wrap\" aria-hidden=\"true\"><div class=\"wp-block-spacer inner-sm\" style=\"height:calc(2em * 0.4)\" aria-hidden=\"true\"><\/div><div class=\"wp-block-spacer inner-md\" style=\"height:calc(2em * 0.6)\" aria-hidden=\"true\"><\/div><div class=\"wp-block-spacer inner-lg\" style=\"height:calc(2em * 0.8)\" aria-hidden=\"true\"><\/div><div class=\"wp-block-spacer inner-xl\" style=\"height:2em\" aria-hidden=\"true\"><\/div><\/div>\n\n\n\n<div  class=\"spacer_wrap\" aria-hidden=\"true\"><div class=\"wp-block-spacer inner-sm\" style=\"height:calc(2em * 0.4)\" aria-hidden=\"true\"><\/div><div class=\"wp-block-spacer inner-md\" style=\"height:calc(2em * 0.6)\" aria-hidden=\"true\"><\/div><div class=\"wp-block-spacer inner-lg\" style=\"height:calc(2em * 0.8)\" aria-hidden=\"true\"><\/div><div class=\"wp-block-spacer inner-xl\" style=\"height:2em\" aria-hidden=\"true\"><\/div><\/div>\n\n\n<div id=\"greyd-69e8dbd34557a\" class=\"wp-block-greyd-box gs_ENiYND greyd-content-box gs_ENiYND\" style=\"margin-right: auto !important; margin-left: auto !important; \">\n<div class=\"wp-block-group is-content-justification-center is-layout-flex wp-container-core-group-is-layout-1d2dc8e1 wp-block-group-is-layout-flex\" style=\"padding-right:var(--wp--preset--spacing--30);padding-left:var(--wp--preset--spacing--30)\"><figure style=\"padding-top:var(--wp--preset--spacing--50);padding-bottom:var(--wp--preset--spacing--50);padding-left:var(--wp--preset--spacing--50);padding-right:var(--wp--preset--spacing--50);\" class=\"wp-block-image greyd-image   gs_TqJpW9\"><img decoding=\"async\" width=\"444\" height=\"263\" src=\"https:\/\/www.hs-nordhausen.de\/wp-content\/uploads\/sites\/8\/2024\/07\/logo_sfz_hsn.png\" class=\"wp-image-16219\" alt=\"Logo Student Research Centre Nordhausen - SFZ\" srcset=\"https:\/\/www.hs-nordhausen.de\/wp-content\/uploads\/sites\/8\/2024\/07\/logo_sfz_hsn.png 444w, https:\/\/www.hs-nordhausen.de\/wp-content\/uploads\/sites\/8\/2024\/07\/logo_sfz_hsn-300x178.png 300w, https:\/\/www.hs-nordhausen.de\/wp-content\/uploads\/sites\/8\/2024\/07\/logo_sfz_hsn-150x89.png 150w, https:\/\/www.hs-nordhausen.de\/wp-content\/uploads\/sites\/8\/2024\/07\/logo_sfz_hsn-18x12.png 18w, https:\/\/www.hs-nordhausen.de\/wp-content\/uploads\/sites\/8\/2024\/07\/logo_sfz_hsn-24x14.png 24w\" sizes=\"(max-width: 444px) 100vw, 444px\" title=\"\"><\/figure>\n\n\n<h1 class=\"wp-block-heading\" id=\"h-post-titel\"><span data-tag=\"title\" data-params=\"\" class=\"is-tag\">Post title<\/span><\/h1>\n<\/div>\n<\/div>\n\n\n\n<div class=\"wp-block-group is-content-justification-space-between is-nowrap is-layout-flex wp-container-core-group-is-layout-0dfbf163 wp-block-group-is-layout-flex gs_jSRlXp group_wrap\">\n<hr style='  height: 4px !important;   ' class=\"wp-block-separator has-text-color has-color-11-color has-alpha-channel-opacity has-color-11-background-color has-background is-style-wide\"\/>\n<\/div>\n\n\n\n<div id=\"sticky-btn-dich\" class=\"wp-block-greyd-box gs_4RSGdI greyd-content-box gs_4RSGdI flex-justify-center  is-position-sticky\" style=\"margin-right: auto !important; margin-left: auto !important; \"><nav data-anchoractive=\"{&quot;start&quot;:&quot;0%&quot;,&quot;end&quot;:&quot;100%&quot;,&quot;multiple&quot;:&quot;closest&quot;,&quot;none&quot;:&quot;closest&quot;,&quot;enable&quot;:true}\" class=\"is-anchor-active-style gs_eDjUN6 is-responsive items-justified-center open-on-hover-click wp-block-navigation is-content-justification-center is-layout-flex wp-container-core-navigation-is-layout-5590e8cb wp-block-navigation-is-layout-flex\" aria-label=\"SFZ 1\" \n\t\t data-wp-interactive=\"core\/navigation\" data-wp-context='{\"overlayOpenedBy\":{\"click\":false,\"hover\":false,\"focus\":false},\"type\":\"overlay\",\"roleAttribute\":\"\",\"ariaLabel\":\"Menu\"}'><button aria-haspopup=\"dialog\" aria-label=\"Open menu\" class=\"wp-block-navigation__responsive-container-open\" \n\t\t\t\tdata-wp-on--click=\"actions.openMenuOnClick\"\n\t\t\t\tdata-wp-on--keydown=\"actions.handleMenuKeydown\"\n\t\t\t><svg width=\"24\" height=\"24\" xmlns=\"http:\/\/www.w3.org\/2000\/svg\" viewbox=\"0 0 24 24\"><path d=\"M5 5v1.5h14V5H5z\"><\/path><path d=\"M5 12.8h14v-1.5H5v1.5z\"><\/path><path d=\"M5 19h14v-1.5H5V19z\"><\/path><\/svg><\/button>\n\t\t\t\t<div class=\"wp-block-navigation__responsive-container\"  id=\"modal-1\" \n\t\t\t\tdata-wp-class--has-modal-open=\"state.isMenuOpen\"\n\t\t\t\tdata-wp-class--is-menu-open=\"state.isMenuOpen\"\n\t\t\t\tdata-wp-watch=\"callbacks.initMenu\"\n\t\t\t\tdata-wp-on--keydown=\"actions.handleMenuKeydown\"\n\t\t\t\tdata-wp-on--focusout=\"actions.handleMenuFocusout\"\n\t\t\t\ttabindex=\"-1\"\n\t\t\t>\n\t\t\t\t\t<div class=\"wp-block-navigation__responsive-close\" tabindex=\"-1\">\n\t\t\t\t\t\t<div class=\"wp-block-navigation__responsive-dialog\" \n\t\t\t\tdata-wp-bind--aria-modal=\"state.ariaModal\"\n\t\t\t\tdata-wp-bind--aria-label=\"state.ariaLabel\"\n\t\t\t\tdata-wp-bind--role=\"state.roleAttribute\"\n\t\t\t>\n\t\t\t\t\t\t\t<button aria-label=\"Close menu\" class=\"wp-block-navigation__responsive-container-close\" \n\t\t\t\tdata-wp-on--click=\"actions.closeMenuOnClick\"\n\t\t\t><svg xmlns=\"http:\/\/www.w3.org\/2000\/svg\" viewbox=\"0 0 24 24\" width=\"24\" height=\"24\" aria-hidden=\"true\" focusable=\"false\"><path d=\"m13.06 12 6.47-6.47-1.06-1.06L12 10.94 5.53 4.47 4.47 5.53 10.94 12l-6.47 6.47 1.06 1.06L12 13.06l6.47 6.47 1.06-1.06L13.06 12Z\"><\/path><\/svg><\/button>\n\t\t\t\t\t\t\t<div class=\"wp-block-navigation__responsive-container-content\" \n\t\t\t\tdata-wp-watch=\"callbacks.focusFirstElement\"\n\t\t\t id=\"modal-1-content\">\n\t\t\t\t\t\t\t\t<ul class=\"wp-block-navigation__container is-responsive items-justified-center open-on-hover-click wp-block-navigation\"><li class=\"gs_h3xCcJ  wp-block-navigation-item wp-block-navigation-link\"><a class=\"wp-block-navigation-item__content\"  href=\"https:\/\/www.hs-nordhausen.de\/en\/research\/sfz-student-research-centre\/\"><span class=\"wp-block-navigation-item__label\"><strong>SFZ<\/strong><\/span><\/a><\/li><li class=\"gs_CuybNg  wp-block-navigation-item wp-block-navigation-link\"><a class=\"wp-block-navigation-item__content\"  href=\"https:\/\/www.hs-nordhausen.de\/en\/research\/sfz-student-research-centre\/lending\/\"><span class=\"wp-block-navigation-item__label\">Lending<\/span><\/a><\/li><li class=\"gs_8cZpDk  wp-block-navigation-item wp-block-navigation-link\"><a class=\"wp-block-navigation-item__content\"  href=\"https:\/\/www.hs-nordhausen.de\/en\/research\/sfz-student-research-centre\/youth-research\/\"><span class=\"wp-block-navigation-item__label\">Youth research<\/span><\/a><\/li><\/ul>\n\t\t\t\t\t\t\t<\/div>\n\t\t\t\t\t\t<\/div>\n\t\t\t\t\t<\/div>\n\t\t\t\t<\/div><\/nav><\/div>\n\n\n<div  class=\"row_wrap\">\n<div class=\"wp-block-columns row_xxl is-layout-flex wp-container-core-columns-is-layout-9d6595d7 wp-block-columns-is-layout-flex\">\n<div class=\"wp-block-column col-12 col-md-8 is-layout-flow wp-block-column-is-layout-flow\" style=\"flex-basis:66.66%;width:66.66%\">\n<div class=\"wp-block-group\"><div class=\"wp-block-group__inner-container is-layout-constrained wp-block-group-is-layout-constrained\">\n<h1 class=\"wp-block-heading\" id=\"h-schulerforschungszentrum\">Student research centre<\/h1>\n\n\n\n<p>Do you enjoy experimenting, researching and tinkering? Then the Student Research Centre is the right place for you! We want to enable young people to freely develop their enthusiasm for STEM subjects and realise their own research ideas. We welcome everyone who is interested in maths, computer science, natural sciences or technology.<\/p>\n\n\n\n<h3 class=\"wp-block-heading\" id=\"h-folgende-angebote-gibt-es-im-schulerforschungszentrum-nordhausen\">The following offers are available at the Nordhausen Student Research Centre:<\/h3>\n\n\n\n<ul class=\"wp-block-list\">\n<li>Regular working groups at the SFZ on various topics<\/li>\n\n\n\n<li>Establishment and support of research clubs at schools<\/li>\n\n\n\n<li>Project days and weeks on exciting STEM topics<\/li>\n\n\n\n<li>Support with your own projects, for example for seminar papers and Jugend Forscht\/pupils experimenting<\/li>\n\n\n\n<li>Lending of experiment boxes for teachers and working group leaders<\/li>\n<\/ul>\n<\/div><\/div>\n\n\n\n<h2 class=\"wp-block-heading\" id=\"h-mint-region-nordthuringen\">MINT Region Northern Thuringia<\/h2>\n\n\n\n<div class=\"wp-block-group is-layout-flex wp-block-group-is-layout-flex\"><figure style=\"padding-left:var(--wp--preset--spacing--50);\" class=\"wp-block-image greyd-image   gs_bZoxP2\"><a href=\"https:\/\/jungforscher-thueringen.de\/mint-regionen\/regionen\/nordthueringen\/\" rel=\"nofollow noopener\"><img decoding=\"async\" width=\"300\" height=\"180\" src=\"https:\/\/www.hs-nordhausen.de\/wp-content\/uploads\/sites\/8\/2024\/07\/mintthueringen-1280x768-1-300x180-1.png\" class=\"wp-image-16218\" alt=\"Logo Jungforscher Th\u00fcringen Nord - discover - explore - invent\" srcset=\"https:\/\/www.hs-nordhausen.de\/wp-content\/uploads\/sites\/8\/2024\/07\/mintthueringen-1280x768-1-300x180-1.png 300w, https:\/\/www.hs-nordhausen.de\/wp-content\/uploads\/sites\/8\/2024\/07\/mintthueringen-1280x768-1-300x180-1-150x90.png 150w, https:\/\/www.hs-nordhausen.de\/wp-content\/uploads\/sites\/8\/2024\/07\/mintthueringen-1280x768-1-300x180-1-18x12.png 18w, https:\/\/www.hs-nordhausen.de\/wp-content\/uploads\/sites\/8\/2024\/07\/mintthueringen-1280x768-1-300x180-1-24x14.png 24w\" sizes=\"(max-width: 300px) 100vw, 300px\" title=\"\"><\/a><\/figure>\n\n\n<p>The MINT region of Northern Thuringia comprises the four districts of Nordhausen, Eichsfeld, Kyffh\u00e4userkreis and Unstrut-Hainich-Kreis, a large and rural area characterised in particular by its diverse natural landscapes (S\u00fcdharz, Hainich, Kyffh\u00e4user Nature Park). The Nordhausen School Research Centre has found its home at Nordhausen University of Applied Sciences. The university specialises in engineering and focuses particularly on environmental technology and renewable energies. This makes it a good starting point for the topics of the Student Research Centre, because we want to inspire students to actively shape their environment and their future with the help of scientific methods.<\/p>\n<\/div>\n\n\n\n<p>The MINT region of Northern Thuringia has set itself the task of making extracurricular MINT education possible for everyone. This requires close cooperation with schools, associations and regional companies in order to cover rural areas in particular. The Student Research Centre's own programmes are intended to complement the existing programmes offered by regional stakeholders. In the future, a broad network for STEM education is to be created in which the players strengthen each other in order to provide the best possible support for the pupils.<\/p>\n\n\n\n<div class=\"wp-block-group\"><div class=\"wp-block-group__inner-container is-layout-constrained wp-block-group-is-layout-constrained\">\n<h2 class=\"wp-block-heading\" id=\"h-unterstutzer\">Supporter<\/h2>\n\n\n\n<div class=\"wp-block-group is-layout-flex wp-block-group-is-layout-flex\"><figure style=\"padding-left:var(--wp--preset--spacing--50);\" class=\"wp-block-image greyd-image   gs_wVdsiJ\"><a href=\"https:\/\/www.stift-thueringen.de\/\" rel=\"nofollow noopener\"><img decoding=\"async\" width=\"200\" height=\"163\" src=\"https:\/\/www.hs-nordhausen.de\/wp-content\/uploads\/sites\/8\/2024\/07\/LOGO_STIFT_4c_web.jpg\" class=\"wp-image-16220\" alt=\"Logo STIFT - Foundation for Technological Innovation and Research Thuringia\" srcset=\"https:\/\/www.hs-nordhausen.de\/wp-content\/uploads\/sites\/8\/2024\/07\/LOGO_STIFT_4c_web.jpg 200w, https:\/\/www.hs-nordhausen.de\/wp-content\/uploads\/sites\/8\/2024\/07\/LOGO_STIFT_4c_web-150x122.jpg 150w, https:\/\/www.hs-nordhausen.de\/wp-content\/uploads\/sites\/8\/2024\/07\/LOGO_STIFT_4c_web-15x12.jpg 15w, https:\/\/www.hs-nordhausen.de\/wp-content\/uploads\/sites\/8\/2024\/07\/LOGO_STIFT_4c_web-24x20.jpg 24w\" sizes=\"(max-width: 200px) 100vw, 200px\" title=\"\"><\/a><\/figure>\n\n\n<p>Supported by STIFT - Foundation for Technology, Innovation and Research Thuringia and the Thuringian Ministry of Economics, Science and Digital Society.<\/p>\n<\/div>\n<\/div><\/div>\n\n\n\n<p><em>The SFZ brand is used with the kind permission of the Joachim Herz Stiftung Hamburg.<\/em><\/p>\n\n\n\n<div class=\"wp-block-query is-layout-flow wp-block-query-is-layout-flow\"><div class='no_result' ><p class='message info'><\/p><\/div><\/div>\n<\/div>\n\n\n\n<div class=\"wp-block-column col-12 col-sm-auto col-md-3 offset-md-1 is-layout-flow wp-block-column-is-layout-flow\" style=\"flex-basis:33.33%;width:33.33%\">\n<h3 class=\"wp-block-heading has-text-align-left\" id=\"h-kontakt\">Contact<\/h3>\n\n\n\n<div id=\"greyd-69e8dbd34c3d4\" class=\"wp-block-greyd-box aligncenter dyn gs_LvI53R greyd-content-box gs_LvI53R flex-justify-flex-start\">\n<div id=\"greyd-69e8dbd34b89e\" class=\"wp-block-greyd-box aligncenter dyn gs_nVZwZR greyd-content-box gs_nVZwZR flex-justify-flex-start\">\n<div class=\"wp-block-group is-horizontal is-content-justification-space-between is-nowrap is-layout-flex wp-container-core-group-is-layout-b493c794 wp-block-group-is-layout-flex gs_EAw9o9 group_wrap\"><figure style=\"padding-top:0;padding-bottom:0;padding-left:0;padding-right:0;\" class=\"wp-block-image greyd-image is-style-normal dyn wp-container-content-9cfa9a5a gs_lzP44q\"  data-anim-action=\"scale\" data-anim-event=\"parentHover\" data-anim-triggered=\"false\" data-anim-from=\"transform: scale(1);\" data-anim-to=\"transform: scale(1.7);\" data-anim-parent=\".dyn\"><img decoding=\"async\" width=\"768\" height=\"1024\" src=\"https:\/\/www.hs-nordhausen.de\/wp-content\/uploads\/sites\/8\/2024\/10\/Dr.-Agnese-Fazio-768x1024.jpg\" class=\"wp-image-24932\" alt=\"Dr Agnese Fazio\" srcset=\"https:\/\/www.hs-nordhausen.de\/wp-content\/uploads\/sites\/8\/2024\/10\/Dr.-Agnese-Fazio-768x1024.jpg 768w, https:\/\/www.hs-nordhausen.de\/wp-content\/uploads\/sites\/8\/2024\/10\/Dr.-Agnese-Fazio-225x300.jpg 225w, https:\/\/www.hs-nordhausen.de\/wp-content\/uploads\/sites\/8\/2024\/10\/Dr.-Agnese-Fazio-113x150.jpg 113w, https:\/\/www.hs-nordhausen.de\/wp-content\/uploads\/sites\/8\/2024\/10\/Dr.-Agnese-Fazio-1152x1536.jpg 1152w, https:\/\/www.hs-nordhausen.de\/wp-content\/uploads\/sites\/8\/2024\/10\/Dr.-Agnese-Fazio-9x12.jpg 9w, https:\/\/www.hs-nordhausen.de\/wp-content\/uploads\/sites\/8\/2024\/10\/Dr.-Agnese-Fazio-18x24.jpg 18w, https:\/\/www.hs-nordhausen.de\/wp-content\/uploads\/sites\/8\/2024\/10\/Dr.-Agnese-Fazio.jpg 1440w\" sizes=\"(max-width: 768px) 100vw, 768px\" title=\"\"><\/figure><\/div>\n<\/div>\n\n\n\n<div class=\"wp-block-group is-nowrap is-layout-flex wp-container-core-group-is-layout-ad2f72ca wp-block-group-is-layout-flex\">\n<h3 class=\"wp-block-heading has-text-align-center is-style-rounded dyn has-color-21-color has-text-color has-link-color wp-elements-f226b2d958720b588819b40f07f6d536 gs_ms6cea\" id=\"name\" style=\"font-style:normal;font-weight:600\"><span data-tag=\"bezeichnung-abteilung\" data-params=\"\" class=\"is-tag\">Name of the department<\/span><span data-tag=\"titel\" data-params=\"\" class=\"is-tag\">Title (Prof.\/Dr.\/...)<\/span> <span data-tag=\"vorname\" data-params=\"\" class=\"is-tag\">First name<\/span> <span data-tag=\"nachname\" data-params=\"\" class=\"is-tag\">Surname<\/span><\/h3>\n<\/div>\n\n\n\n\n<p class=\"has-text-align-center dyn\"><span data-tag=\"taxonomy-kontaktverzeichnis_position\" data-params=\"\" class=\"is-tag\"><strong>Positions<\/strong><\/span><\/p>\n\n\n\n\n<hr id=\"greyd-69e8dbd34c21c\" style='  border-style: dotted !important; opacity: 100% !important; height: 1px !important;   ' class=\"wp-block-separator has-text-color has-color-22-color has-alpha-channel-opacity has-color-22-background-color has-background is-style-wide\"\/>\n\n\n\n<ul id=\"list_69e8dbd34c319\" class=\"wp-block-greyd-list\" style=\"padding-top:var(--wp--preset--spacing--50);padding-bottom:0\">\n<li><span class=\"list_icon icon_profile\" aria-hidden=\"true\"><\/span><span class=\"list_content\"><p><span class=\"is-button link\" data-type=\"dynamic\" data-params=\"{&quot;tag&quot;:&quot;post&quot;}\">Profile<\/span><\/p><\/span><\/li>\n\n\n\n<li><span class=\"list_icon icon_phone\" aria-hidden=\"true\"><\/span><span class=\"list_content\"><p><span data-tag=\"telefon\" data-params=\"\" class=\"is-tag\">Telephone<\/span><\/p><\/span><\/li>\n\n\n\n<li><span class=\"list_icon icon_search_alt\" aria-hidden=\"true\"><\/span><span class=\"list_content\"><p><span data-tag=\"fax\" data-params=\"\" class=\"is-tag\">fax<\/span><\/p><\/span><\/li>\n\n\n\n<li><span class=\"list_icon icon_mail\" aria-hidden=\"true\"><\/span><span class=\"list_content\"><p><span data-tag=\"e-mail\" data-params=\"\" class=\"is-tag\">e-mail<\/span><\/p><\/span><\/li>\n\n\n\n<li><span class=\"list_icon icon_house\" aria-hidden=\"true\"><\/span><span class=\"list_content\"><p><span data-tag=\"buero\" data-params=\"&quot;&quot;\" class=\"is-tag\">Office<\/span><\/p><\/span><\/li>\n<\/ul>\n<\/div>\n<\/div>\n<\/div>\n<\/div>","protected":false},"excerpt":{"rendered":"<p>Sch\u00fclerforschungszentrum Du hast Spa\u00df am Experimentieren, Forschen und T\u00fcfteln? Dann ist das Sch\u00fclerforschungszentrum der richtige Ort f\u00fcr dich! Wir wollen Jugendlichen erm\u00f6glichen, ihre Begeisterung f\u00fcr MINT frei entfalten zu k\u00f6nnen und eigene Forschungsideen umzusetzen. Bei uns ist sind Alle willkommen, die Lust auf Mathematik, Informatik, Naturwissenschaften oder Technik haben. Folgende Angebote gibt es im Sch\u00fclerforschungszentrum [&hellip;]<\/p>\n","protected":false},"author":1,"featured_media":10841,"parent":401,"menu_order":0,"comment_status":"closed","ping_status":"closed","template":"","meta":{"_piecal_is_recurring":false,"_piecal_recurring_interval":1,"_piecal_recurring_frequency":"","_piecal_recurring_exact_position":false,"_piecal_recurring_end":"","_piecal_color":"","_piecal_text_color":"","_piecal_global_color_master":false,"_piecal_is_event":false,"_piecal_start_date":"","_piecal_end_date":"","_piecal_is_allday":false,"greyd_block_editor_preview":[],"pgc_sgb_lightbox_settings":"","footnotes":""},"page_category":[],"page_tag":[],"page_redaktion":[],"zielgruppen":[],"kontakt-zuordnung":[],"institut-oder-einric":[],"stg-zuordnung":[],"fachbereich":[],"wf_page_folders":[1325],"ppma_author":[1400],"class_list":["post-3679","page","type-page","status-publish","has-post-thumbnail","hentry"],"publishpress_future_action":{"enabled":false,"date":"2026-04-29 16:31:47","action":"change-status","newStatus":"draft","terms":[],"taxonomy":"page_category","extraData":[]},"publishpress_future_workflow_manual_trigger":{"enabledWorkflows":[]},"_links":{"self":[{"href":"https:\/\/www.hs-nordhausen.de\/en\/wp-json\/wp\/v2\/pages\/3679","targetHints":{"allow":["GET"]}}],"collection":[{"href":"https:\/\/www.hs-nordhausen.de\/en\/wp-json\/wp\/v2\/pages"}],"about":[{"href":"https:\/\/www.hs-nordhausen.de\/en\/wp-json\/wp\/v2\/types\/page"}],"author":[{"embeddable":true,"href":"https:\/\/www.hs-nordhausen.de\/en\/wp-json\/wp\/v2\/users\/1"}],"replies":[{"embeddable":true,"href":"https:\/\/www.hs-nordhausen.de\/en\/wp-json\/wp\/v2\/comments?post=3679"}],"version-history":[{"count":0,"href":"https:\/\/www.hs-nordhausen.de\/en\/wp-json\/wp\/v2\/pages\/3679\/revisions"}],"up":[{"embeddable":true,"href":"https:\/\/www.hs-nordhausen.de\/en\/wp-json\/wp\/v2\/pages\/401"}],"wp:featuredmedia":[{"embeddable":true,"href":"https:\/\/www.hs-nordhausen.de\/en\/wp-json\/wp\/v2\/media\/10841"}],"wp:attachment":[{"href":"https:\/\/www.hs-nordhausen.de\/en\/wp-json\/wp\/v2\/media?parent=3679"}],"wp:term":[{"taxonomy":"page_category","embeddable":true,"href":"https:\/\/www.hs-nordhausen.de\/en\/wp-json\/wp\/v2\/page_category?post=3679"},{"taxonomy":"page_tag","embeddable":true,"href":"https:\/\/www.hs-nordhausen.de\/en\/wp-json\/wp\/v2\/page_tag?post=3679"},{"taxonomy":"page_redaktion","embeddable":true,"href":"https:\/\/www.hs-nordhausen.de\/en\/wp-json\/wp\/v2\/page_redaktion?post=3679"},{"taxonomy":"zielgruppen","embeddable":true,"href":"https:\/\/www.hs-nordhausen.de\/en\/wp-json\/wp\/v2\/zielgruppen?post=3679"},{"taxonomy":"kontakt-zuordnung","embeddable":true,"href":"https:\/\/www.hs-nordhausen.de\/en\/wp-json\/wp\/v2\/kontakt-zuordnung?post=3679"},{"taxonomy":"institut-oder-einric","embeddable":true,"href":"https:\/\/www.hs-nordhausen.de\/en\/wp-json\/wp\/v2\/institut-oder-einric?post=3679"},{"taxonomy":"stg-zuordnung","embeddable":true,"href":"https:\/\/www.hs-nordhausen.de\/en\/wp-json\/wp\/v2\/stg-zuordnung?post=3679"},{"taxonomy":"fachbereich","embeddable":true,"href":"https:\/\/www.hs-nordhausen.de\/en\/wp-json\/wp\/v2\/fachbereich?post=3679"},{"taxonomy":"wf_page_folders","embeddable":true,"href":"https:\/\/www.hs-nordhausen.de\/en\/wp-json\/wp\/v2\/wf_page_folders?post=3679"},{"taxonomy":"author","embeddable":true,"href":"https:\/\/www.hs-nordhausen.de\/en\/wp-json\/wp\/v2\/ppma_author?post=3679"}],"curies":[{"name":"wp","href":"https:\/\/api.w.org\/{rel}","templated":true}]}}