{"id":4909,"date":"2023-10-05T16:35:07","date_gmt":"2023-10-05T14:35:07","guid":{"rendered":"https:\/\/hsnordhausen.artemis.wpspace.me\/hsn\/?page_id=4909&#038;preview_id=4909"},"modified":"2026-01-08T14:25:23","modified_gmt":"2026-01-08T13:25:23","slug":"process-management","status":"publish","type":"page","link":"https:\/\/www.hs-nordhausen.de\/en\/unsere-hsn\/praesidium-und-verwaltung\/prozessmanagement\/","title":{"rendered":"Process management"},"content":{"rendered":"<div  class=\"spacer_wrap dyn\" aria-hidden=\"true\"><div class=\"wp-block-spacer inner-sm inner-md inner-lg\" style=\"height:calc(2em * 0.8)\" aria-hidden=\"true\"><\/div><div class=\"wp-block-spacer inner-xl\" style=\"height:2em\" aria-hidden=\"true\"><\/div><\/div>\n\n\n<nav aria-label=\"breadcrumbs\" class=\"rank-math-breadcrumb\"><p><span class=\"last\">Home<\/span><\/p><\/nav>\n\n\n<div  class=\"gs_pj9ffA row_wrap has-background\"><div id='bg_69e03a59df488' class='greyd-background bg_full'>\n\t\t\t\t\t\t\t\t<div class='bg_color'><\/div>\n\t\t\t\t\t\t\t\t\n\t\t\t\t\t\t\t\t\n\t\t\t\t\t\t\t\t\n\t\t\t\t\t\t\t<\/div>\n<div class=\"wp-block-columns row_xxl has-color-13-background-color has-background is-layout-flex wp-container-core-columns-is-layout-3fec90f0 wp-block-columns-is-layout-flex\" style=\"margin-top:var(--wp--preset--spacing--30);margin-bottom:var(--wp--preset--spacing--30)\">\n<div class=\"wp-block-column is-vertically-aligned-center hidden-xs hidden-sm col-12 col-sm-12 col-md-12 col-lg-12 is-layout-flow wp-block-column-is-layout-flow\" style=\"padding-top:var(--wp--preset--spacing--40);padding-right:var(--wp--preset--spacing--30);padding-bottom:var(--wp--preset--spacing--50);padding-left:var(--wp--preset--spacing--30)\">\n<div class=\"wp-block-group is-vertical is-layout-flex wp-container-core-group-is-layout-c2991436 wp-block-group-is-layout-flex\" style=\"padding-top:var(--wp--preset--spacing--40)\">\n<h1 class=\"wp-block-heading has-text-align-left dyn has-color-31-color has-text-color gs_0dysQS\" id=\"h-post-titel\"><span data-tag=\"title\" data-params=\"\" class=\"is-tag\">Post title<\/span><\/h1>\n\n\n<\/div>\n<\/div>\n\n\n\n<div class=\"wp-block-column is-vertically-aligned-bottom hidden-md hidden-lg col-12 col-sm-12 col-md-8 col-lg-8 is-layout-flow wp-block-column-is-layout-flow\" style=\"padding-left:var(--wp--preset--spacing--30)\">\n<h1 class=\"wp-block-heading has-text-align-center dyn has-color-31-color has-text-color gs_Qz9dg4\" id=\"h-post-titel-0\"><span data-tag=\"title\" data-params=\"\" class=\"is-tag\">Post title<\/span><\/h1>\n<\/div>\n\n\n\n<div class=\"wp-block-column hidden-md hidden-lg col-12 col-sm-auto is-layout-flow wp-block-column-is-layout-flow\"><\/div>\n<\/div>\n<\/div>\n\n<div  class=\"spacer_wrap dyn\" aria-hidden=\"true\"><div class=\"wp-block-spacer inner-sm\" style=\"height:calc(2em * 0.4)\" aria-hidden=\"true\"><\/div><div class=\"wp-block-spacer inner-md\" style=\"height:calc(2em * 0.6)\" aria-hidden=\"true\"><\/div><div class=\"wp-block-spacer inner-lg\" style=\"height:calc(2em * 0.8)\" aria-hidden=\"true\"><\/div><div class=\"wp-block-spacer inner-xl\" style=\"height:2em\" aria-hidden=\"true\"><\/div><\/div>\n\n<div  class=\"row_wrap\">\n<div class=\"wp-block-columns row_xxl is-layout-flex wp-container-core-columns-is-layout-9d6595d7 wp-block-columns-is-layout-flex\">\n<div class=\"wp-block-column col-12 col-sm-12 col-md-8 col-lg-8 is-layout-flow wp-block-column-is-layout-flow\" style=\"flex-basis:66.66%;width:66.66%\">\n<h2 class=\"wp-block-heading\" id=\"h-aufgaben-des-prozessmanagements\">Tasks of process management<\/h2>\n\n\n\n<p>Process management at Nordhausen University of Applied Sciences successively collects, analyses and optimises all of the university's business processes. These are presented with all process-related documents and guidelines in the university's process portal and can be accessed by all university members via the Internet. Access is via Shibboleth using your usual login details.<\/p>\n\n\n\n<div id=\"greyd-69e03a59e1b81\" class=\"wp-block-greyd-box gs_O3T5KK greyd-content-box gs_O3T5KK flex-justify-center\"><figure style=\"\" class=\"wp-block-image greyd-image   gs_8IImjP\"><a  href=\"https:\/\/wpadmin.hs-nordhausen.de\/wp-content\/uploads\/sites\/8\/2023\/10\/BIC_Landingpage.jpg\" title=\"BIC_Landingpage\"><img decoding=\"async\" width=\"1024\" height=\"576\" src=\"https:\/\/www.hs-nordhausen.de\/wp-content\/uploads\/sites\/8\/2023\/10\/BIC_Landingpage-1024x576.jpg\" class=\"wp-image-4971\" alt=\"BIC Landingpage - Process management\" srcset=\"https:\/\/www.hs-nordhausen.de\/wp-content\/uploads\/sites\/8\/2023\/10\/BIC_Landingpage-1024x576.jpg 1024w, https:\/\/www.hs-nordhausen.de\/wp-content\/uploads\/sites\/8\/2023\/10\/BIC_Landingpage-300x169.jpg 300w, https:\/\/www.hs-nordhausen.de\/wp-content\/uploads\/sites\/8\/2023\/10\/BIC_Landingpage-768x432.jpg 768w, https:\/\/www.hs-nordhausen.de\/wp-content\/uploads\/sites\/8\/2023\/10\/BIC_Landingpage-1536x863.jpg 1536w, https:\/\/www.hs-nordhausen.de\/wp-content\/uploads\/sites\/8\/2023\/10\/BIC_Landingpage-18x10.jpg 18w, https:\/\/www.hs-nordhausen.de\/wp-content\/uploads\/sites\/8\/2023\/10\/BIC_Landingpage-24x13.jpg 24w, https:\/\/www.hs-nordhausen.de\/wp-content\/uploads\/sites\/8\/2023\/10\/BIC_Landingpage.jpg 1731w\" sizes=\"(max-width: 1024px) 100vw, 1024px\" title=\"\"><\/a><\/figure><\/div>\n\n\n\n<p>From now on, please use the process portal as your first port of call to find out about procedures and retrieve current documents.<\/p>\n\n\n<div  class=\"spacer_wrap\" aria-hidden=\"true\"><div class=\"wp-block-spacer inner-sm\" style=\"height:calc(2em * 0.4)\" aria-hidden=\"true\"><\/div><div class=\"wp-block-spacer inner-md\" style=\"height:calc(2em * 0.6)\" aria-hidden=\"true\"><\/div><div class=\"wp-block-spacer inner-lg\" style=\"height:calc(2em * 0.8)\" aria-hidden=\"true\"><\/div><div class=\"wp-block-spacer inner-xl\" style=\"height:2em\" aria-hidden=\"true\"><\/div><\/div>\n\n\n<div class=\"wp-block-greyd-buttons\">\n<a href=\"https:\/\/hs-nordhausen.processdesign.bicplatform.de\/?idpHint=saml\" class=\"button  gs_2q2i9q\" rel=\"nofollow noopener\"><span style=\"text-decoration: underline;\">To the BIC process portal<\/span><\/a>\n<\/div>\n\n\n<div  class=\"spacer_wrap\" aria-hidden=\"true\"><div class=\"wp-block-spacer inner-sm\" style=\"height:calc(2em * 0.4)\" aria-hidden=\"true\"><\/div><div class=\"wp-block-spacer inner-md\" style=\"height:calc(2em * 0.6)\" aria-hidden=\"true\"><\/div><div class=\"wp-block-spacer inner-lg\" style=\"height:calc(2em * 0.8)\" aria-hidden=\"true\"><\/div><div class=\"wp-block-spacer inner-xl\" style=\"height:2em\" aria-hidden=\"true\"><\/div><\/div>\n\n\n<h3 class=\"wp-block-heading\" id=\"h-videoanleitung-zum-umgang-mit-dem-bic-prozessportal\">Video tutorial on how to use the BIC process portal:<\/h3>\n\n\n\n<figure id=\"greyd-69e03a59e1da9\" class=\"wp-block-embed alignleft is-type-video is-provider-youtube wp-block-embed-youtube wp-embed-aspect-16-9 wp-has-aspect-ratio\"><div class=\"wp-block-embed__wrapper\">\n<div  style=\"display: block; margin: 0px auto;\"  id=\"_ytid_95955\" class=\"__youtube_prefs__  __youtube_prefs_gdpr__  epyt-is-override\" allowfullscreen data-no-lazy=\"1\" data-skipgform_ajax_framebjll=\"\"><p><strong>Please accept YouTube cookies to play this video.<\/strong> If you accept this, you will be accessing content from YouTube, a service provided by an external third party.<br \/>\n<a href=\"https:\/\/policies.google.com\/privacy\" rel=\"nofollow noopener\">YouTube privacy policy<\/a><br \/>\nIf you accept this notice, your choice will be saved and the page will be updated.<\/p>\n<p><strong>Please accept YouTube cookies to play this video.<\/strong> By accepting you will be accessing content from YouTube, a service provided by an external third party.<br \/>\n<a href=\"https:\/\/policies.google.com\/privacy\" target=\"_blank\" rel=\"noopener nofollow\">YouTube privacy policy<\/a><br \/>\nIf you accept this notice, your choice will be saved and the page will refresh.<\/p>\n<button type=\"button\" class=\"__youtube_prefs_gdpr__\">Accept YouTube Content<img decoding=\"async\" src=\"https:\/\/www.hs-nordhausen.de\/wp-content\/plugins\/youtube-embed-plus\/images\/icon-check.png\" alt=\"accept\" data-no-lazy=\"1\" data-skipgform_ajax_framebjll=\"\" title=\"\"><\/button><\/div>\n<\/div><\/figure>\n\n\n<div  class=\"spacer_wrap\" aria-hidden=\"true\"><div class=\"wp-block-spacer inner-sm\" style=\"height:calc(2em * 0.4)\" aria-hidden=\"true\"><\/div><div class=\"wp-block-spacer inner-md\" style=\"height:calc(2em * 0.6)\" aria-hidden=\"true\"><\/div><div class=\"wp-block-spacer inner-lg\" style=\"height:calc(2em * 0.8)\" aria-hidden=\"true\"><\/div><div class=\"wp-block-spacer inner-xl\" style=\"height:2em\" aria-hidden=\"true\"><\/div><\/div><\/div>\n\n\n\n<div class=\"wp-block-column col-12 col-sm-12 col-md-3 col-lg-3 offset-md-1 offset-lg-1 is-layout-flow wp-block-column-is-layout-flow\" style=\"flex-basis:33.33%;width:33.33%\">\n<div id=\"sidebar-group\" class=\"wp-block-group\"><div class=\"wp-block-group__inner-container is-layout-constrained wp-block-group-is-layout-constrained\">\n<div class=\"wp-block-query is-layout-flow wp-block-query-is-layout-flow\">\n<h3 class=\"wp-block-heading\" id=\"kontakt\">Contact<\/h3>\n\n\n<div id='post-results-69e03a59e1f57'  class=\"greyd-posts-slider wp-block-post-template js\" data-currentpage=\"1\" data-query-id=\"10\" data-height=\"max\"><div class='query-pages-wrapper results_wrapper' data-ppp='2'><div class='query-page result_wrapper is-current' data-page='1'><article class='query-post wp-block-post post-10942 kontaktverzeichnis type-kontaktverzeichnis status-publish hentry kontaktverzeichnis_category-person kontaktverzeichnis_bereich-praesidium kontaktverzeichnis_bereich-prozessmanagement kontaktverzeichnis_position-persoenlicher-referent-des-praesidenten kontaktverzeichnis_position-prozessmanager kontaktverzeichnis_sortierung-b cluster-_n-a projekt-n-a studienbereich-n-a institut-oder-einric-n-a stg-zuordnung-n-a fachbereich-n-a search_result' data-post='10942'data-title='bredehorn ren'data-date='2024-02-28 12:56:14'data-postviews='2120'data-index='1'>\n<div id=\"greyd-69e03a59ec7a1\" class=\"wp-block-greyd-box aligncenter dyn gs_LvI53R greyd-content-box gs_LvI53R flex-justify-flex-start\">\n<div id=\"greyd-69e03a59ea4ff\" class=\"wp-block-greyd-box aligncenter dyn gs_nVZwZR greyd-content-box gs_nVZwZR flex-justify-flex-start\">\n<div class=\"wp-block-group is-horizontal is-content-justification-space-between is-nowrap is-layout-flex wp-container-core-group-is-layout-b493c794 wp-block-group-is-layout-flex gs_EAw9o9 group_wrap\"><figure style=\"padding-top:0;padding-bottom:0;padding-left:0;padding-right:0;\" class=\"wp-block-image greyd-image is-style-normal dyn wp-container-content-9cfa9a5a gs_lzP44q\"  data-anim-action=\"scale\" data-anim-event=\"parentHover\" data-anim-triggered=\"false\" data-anim-from=\"transform: scale(1);\" data-anim-to=\"transform: scale(1.7);\" data-anim-parent=\".dyn\"><img decoding=\"async\" width=\"768\" height=\"1024\" src=\"https:\/\/www.hs-nordhausen.de\/wp-content\/uploads\/sites\/8\/2024\/09\/Rene-Bredehorn.jpeg\" class=\"wp-image-20986\" alt=\"Ren\u00e9 Bredehorn\" srcset=\"https:\/\/www.hs-nordhausen.de\/wp-content\/uploads\/sites\/8\/2024\/09\/Rene-Bredehorn.jpeg 768w, https:\/\/www.hs-nordhausen.de\/wp-content\/uploads\/sites\/8\/2024\/09\/Rene-Bredehorn-225x300.jpeg 225w, https:\/\/www.hs-nordhausen.de\/wp-content\/uploads\/sites\/8\/2024\/09\/Rene-Bredehorn-113x150.jpeg 113w, https:\/\/www.hs-nordhausen.de\/wp-content\/uploads\/sites\/8\/2024\/09\/Rene-Bredehorn-9x12.jpeg 9w, https:\/\/www.hs-nordhausen.de\/wp-content\/uploads\/sites\/8\/2024\/09\/Rene-Bredehorn-18x24.jpeg 18w\" sizes=\"(max-width: 768px) 100vw, 768px\" title=\"\"><\/figure><\/div>\n<\/div>\n\n\n\n<div class=\"wp-block-group is-nowrap is-layout-flex wp-container-core-group-is-layout-ad2f72ca wp-block-group-is-layout-flex\">\n<h3 class=\"wp-block-heading has-text-align-center is-style-rounded dyn has-color-21-color has-text-color has-link-color wp-elements-f226b2d958720b588819b40f07f6d536 gs_ms6cea\" id=\"name\" style=\"font-style:normal;font-weight:600\"><span data-tag=\"bezeichnung-abteilung\" data-params=\"\" class=\"is-tag\">Name of the department<\/span><span data-tag=\"titel\" data-params=\"\" class=\"is-tag\">Title (Prof.\/Dr.\/...)<\/span> <span data-tag=\"vorname\" data-params=\"\" class=\"is-tag\">First name<\/span> <span data-tag=\"nachname\" data-params=\"\" class=\"is-tag\">Surname<\/span><\/h3>\n<\/div>\n\n\n\n\n<p class=\"has-text-align-center dyn\"><span data-tag=\"taxonomy-kontaktverzeichnis_position\" data-params=\"\" class=\"is-tag\"><strong>Positions<\/strong><\/span><\/p>\n\n\n\n\n<hr id=\"greyd-69e03a59eb411\" style='  border-style: dotted !important; opacity: 100% !important; height: 1px !important;   ' class=\"wp-block-separator has-text-color has-color-22-color has-alpha-channel-opacity has-color-22-background-color has-background is-style-wide\"\/>\n\n\n\n<ul id=\"list_69e03a59eb6fa\" class=\"wp-block-greyd-list\" style=\"padding-top:var(--wp--preset--spacing--50);padding-bottom:0\">\n<li><span class=\"list_icon icon_profile\" aria-hidden=\"true\"><\/span><span class=\"list_content\"><p><span class=\"is-button link\" data-type=\"dynamic\" data-params=\"{&quot;tag&quot;:&quot;post&quot;}\">Profile<\/span><\/p><\/span><\/li>\n\n\n\n<li><span class=\"list_icon icon_phone\" aria-hidden=\"true\"><\/span><span class=\"list_content\"><p><span data-tag=\"telefon\" data-params=\"&quot;&quot;\" class=\"is-tag\">Telephone<\/span><\/p><\/span><\/li>\n\n\n\n<li><span class=\"list_icon icon_search_alt\" aria-hidden=\"true\"><\/span><span class=\"list_content\"><p><span data-tag=\"fax\" data-params=\"&quot;&quot;\" class=\"is-tag\">fax<\/span><\/p><\/span><\/li>\n\n\n\n<li><span class=\"list_icon icon_mail\" aria-hidden=\"true\"><\/span><span class=\"list_content\"><p><span data-tag=\"e-mail\" data-params=\"&quot;&quot;\" class=\"is-tag\"><span class=\"is-button link\" data-type=\"dynamic\" data-params=\"{&quot;tag&quot;:&quot;e-mail&quot;}\">email<\/span><\/span><\/p><\/span><\/li>\n\n\n\n<li><span class=\"list_icon icon_house\" aria-hidden=\"true\"><\/span><span class=\"list_content\"><p><span data-tag=\"buero\" data-params=\"&quot;&quot;\" class=\"is-tag\">Office<\/span><\/p><\/span><\/li>\n<\/ul>\n<\/div>\n<\/article><\/div><\/div><\/div><div class='loading_spinner_wrapper' style='display:none;'>\n\t\t\t<div class='loading_spinner'>\n\t\t\t\t<div><\/div> <div><\/div> <div><\/div> <div><\/div>\n\t\t\t<\/div>\n\t\t<\/div><\/div>\n<\/div><\/div>\n<\/div>\n<\/div>\n<\/div>","protected":false},"excerpt":{"rendered":"<p>Aufgaben des Prozessmanagements Das Prozessmanagement der Hochschule Nordhausen erhebt, analysiert und optimiert sukzessive alle Gesch\u00e4ftsprozesse der Hochschule. Diese werden mit allen prozessbegleitenden Dokumenten und Richtlinien im Prozessportal der Hochschule dargestellt und sind f\u00fcr alle Hochschulmitglieder \u00fcber das Internet abrufbar. Der Zugang erfolgt via Shibboleth mit Ihren \u00fcblichen Anmeldedaten. Bitte nutzen Sie fortan das Prozessportal als [&hellip;]<\/p>\n","protected":false},"author":1,"featured_media":0,"parent":5226,"menu_order":0,"comment_status":"closed","ping_status":"closed","template":"","meta":{"_piecal_is_recurring":false,"_piecal_recurring_interval":1,"_piecal_recurring_frequency":"","_piecal_recurring_exact_position":false,"_piecal_recurring_end":"","_piecal_color":"","_piecal_text_color":"","_piecal_global_color_master":false,"_piecal_is_event":false,"_piecal_start_date":"","_piecal_end_date":"","_piecal_is_allday":false,"greyd_block_editor_preview":[],"pgc_sgb_lightbox_settings":"","footnotes":""},"page_category":[],"page_tag":[],"page_redaktion":[],"zielgruppen":[],"kontakt-zuordnung":[],"institut-oder-einric":[],"stg-zuordnung":[],"fachbereich":[],"wf_page_folders":[519],"ppma_author":[1400],"class_list":["post-4909","page","type-page","status-publish","hentry"],"publishpress_future_action":{"enabled":false,"date":"2026-04-23 03:24:41","action":"change-status","newStatus":"draft","terms":[],"taxonomy":"page_category","extraData":[]},"publishpress_future_workflow_manual_trigger":{"enabledWorkflows":[]},"_links":{"self":[{"href":"https:\/\/www.hs-nordhausen.de\/en\/wp-json\/wp\/v2\/pages\/4909","targetHints":{"allow":["GET"]}}],"collection":[{"href":"https:\/\/www.hs-nordhausen.de\/en\/wp-json\/wp\/v2\/pages"}],"about":[{"href":"https:\/\/www.hs-nordhausen.de\/en\/wp-json\/wp\/v2\/types\/page"}],"author":[{"embeddable":true,"href":"https:\/\/www.hs-nordhausen.de\/en\/wp-json\/wp\/v2\/users\/1"}],"replies":[{"embeddable":true,"href":"https:\/\/www.hs-nordhausen.de\/en\/wp-json\/wp\/v2\/comments?post=4909"}],"version-history":[{"count":1,"href":"https:\/\/www.hs-nordhausen.de\/en\/wp-json\/wp\/v2\/pages\/4909\/revisions"}],"predecessor-version":[{"id":37754,"href":"https:\/\/www.hs-nordhausen.de\/en\/wp-json\/wp\/v2\/pages\/4909\/revisions\/37754"}],"up":[{"embeddable":true,"href":"https:\/\/www.hs-nordhausen.de\/en\/wp-json\/wp\/v2\/pages\/5226"}],"wp:attachment":[{"href":"https:\/\/www.hs-nordhausen.de\/en\/wp-json\/wp\/v2\/media?parent=4909"}],"wp:term":[{"taxonomy":"page_category","embeddable":true,"href":"https:\/\/www.hs-nordhausen.de\/en\/wp-json\/wp\/v2\/page_category?post=4909"},{"taxonomy":"page_tag","embeddable":true,"href":"https:\/\/www.hs-nordhausen.de\/en\/wp-json\/wp\/v2\/page_tag?post=4909"},{"taxonomy":"page_redaktion","embeddable":true,"href":"https:\/\/www.hs-nordhausen.de\/en\/wp-json\/wp\/v2\/page_redaktion?post=4909"},{"taxonomy":"zielgruppen","embeddable":true,"href":"https:\/\/www.hs-nordhausen.de\/en\/wp-json\/wp\/v2\/zielgruppen?post=4909"},{"taxonomy":"kontakt-zuordnung","embeddable":true,"href":"https:\/\/www.hs-nordhausen.de\/en\/wp-json\/wp\/v2\/kontakt-zuordnung?post=4909"},{"taxonomy":"institut-oder-einric","embeddable":true,"href":"https:\/\/www.hs-nordhausen.de\/en\/wp-json\/wp\/v2\/institut-oder-einric?post=4909"},{"taxonomy":"stg-zuordnung","embeddable":true,"href":"https:\/\/www.hs-nordhausen.de\/en\/wp-json\/wp\/v2\/stg-zuordnung?post=4909"},{"taxonomy":"fachbereich","embeddable":true,"href":"https:\/\/www.hs-nordhausen.de\/en\/wp-json\/wp\/v2\/fachbereich?post=4909"},{"taxonomy":"wf_page_folders","embeddable":true,"href":"https:\/\/www.hs-nordhausen.de\/en\/wp-json\/wp\/v2\/wf_page_folders?post=4909"},{"taxonomy":"author","embeddable":true,"href":"https:\/\/www.hs-nordhausen.de\/en\/wp-json\/wp\/v2\/ppma_author?post=4909"}],"curies":[{"name":"wp","href":"https:\/\/api.w.org\/{rel}","templated":true}]}}