{"id":6389,"date":"2023-11-27T18:12:40","date_gmt":"2023-11-27T17:12:40","guid":{"rendered":"https:\/\/hsnordhausen.artemis.wpspace.me\/hsn\/?page_id=6389&#038;preview_id=6389"},"modified":"2025-07-01T09:18:49","modified_gmt":"2025-07-01T07:18:49","slug":"easy-language","status":"publish","type":"page","link":"https:\/\/www.hs-nordhausen.de\/en\/leichte-sprache\/","title":{"rendered":"Easy language"},"content":{"rendered":"<div  class=\"spacer_wrap dyn\" aria-hidden=\"true\"><div class=\"wp-block-spacer inner-sm inner-md inner-lg\" style=\"height:calc(2em * 0.8)\" aria-hidden=\"true\"><\/div><div class=\"wp-block-spacer inner-xl\" style=\"height:2em\" aria-hidden=\"true\"><\/div><\/div>\n\n\n<nav aria-label=\"breadcrumbs\" class=\"rank-math-breadcrumb\"><p><span class=\"last\">Home<\/span><\/p><\/nav>\n\n\n<div  class=\"gs_pj9ffA row_wrap has-background\"><div id='bg_69ea222c86b1a' class='greyd-background bg_full'>\n\t\t\t\t\t\t\t\t<div class='bg_color'><\/div>\n\t\t\t\t\t\t\t\t\n\t\t\t\t\t\t\t\t\n\t\t\t\t\t\t\t\t\n\t\t\t\t\t\t\t<\/div>\n<div class=\"wp-block-columns row_xxl has-color-13-background-color has-background is-layout-flex wp-container-core-columns-is-layout-3fec90f0 wp-block-columns-is-layout-flex\" style=\"margin-top:var(--wp--preset--spacing--30);margin-bottom:var(--wp--preset--spacing--30)\">\n<div class=\"wp-block-column is-vertically-aligned-center hidden-xs hidden-sm col-12 col-sm-12 col-md-12 col-lg-12 is-layout-flow wp-block-column-is-layout-flow\" style=\"padding-top:var(--wp--preset--spacing--40);padding-right:var(--wp--preset--spacing--30);padding-bottom:var(--wp--preset--spacing--50);padding-left:var(--wp--preset--spacing--30)\">\n<div class=\"wp-block-group is-vertical is-layout-flex wp-container-core-group-is-layout-c2991436 wp-block-group-is-layout-flex\" style=\"padding-top:var(--wp--preset--spacing--40)\">\n<h1 class=\"wp-block-heading has-text-align-left dyn has-color-31-color has-text-color gs_0dysQS\" id=\"h-post-titel\"><span data-tag=\"title\" data-params=\"\" class=\"is-tag\">Post Titel<\/span><\/h1>\n\n\n<\/div>\n<\/div>\n\n\n\n<div class=\"wp-block-column is-vertically-aligned-bottom hidden-md hidden-lg col-12 col-sm-12 col-md-8 col-lg-8 is-layout-flow wp-block-column-is-layout-flow\" style=\"padding-left:var(--wp--preset--spacing--30)\">\n<h1 class=\"wp-block-heading has-text-align-center dyn has-color-31-color has-text-color gs_Qz9dg4\" id=\"h-post-titel-0\"><span data-tag=\"title\" data-params=\"\" class=\"is-tag\">Post Titel<\/span><\/h1>\n<\/div>\n\n\n\n<div class=\"wp-block-column hidden-md hidden-lg col-12 col-sm-auto is-layout-flow wp-block-column-is-layout-flow\"><\/div>\n<\/div>\n<\/div>\n\n<div  class=\"spacer_wrap dyn\" aria-hidden=\"true\"><div class=\"wp-block-spacer inner-sm\" style=\"height:calc(2em * 0.4)\" aria-hidden=\"true\"><\/div><div class=\"wp-block-spacer inner-md\" style=\"height:calc(2em * 0.6)\" aria-hidden=\"true\"><\/div><div class=\"wp-block-spacer inner-lg\" style=\"height:calc(2em * 0.8)\" aria-hidden=\"true\"><\/div><div class=\"wp-block-spacer inner-xl\" style=\"height:2em\" aria-hidden=\"true\"><\/div><\/div>\n\n<div  class=\"row_wrap\">\n<div class=\"wp-block-columns row_xxl is-layout-flex wp-container-core-columns-is-layout-9d6595d7 wp-block-columns-is-layout-flex\">\n<div class=\"wp-block-column col-12 col-sm-12 col-md-8 col-lg-8 is-layout-flow wp-block-column-is-layout-flow\" style=\"flex-basis:66.66%;width:66.66%\">\n<div class=\"wp-block-greyd-accordion gs_biv6Ki\" data-autoclose=\"false\" data-openfirst=\"false\">\n<div class=\"wp-block-greyd-accordion-item\"><button class=\"wp-block-greyd-accordion__title\" role=\"button\" type=\"button\" aria-expanded=\"false\" aria-controls=\"sect-xvjr-1\" id=\"title-xvjr-1\"><span><strong>Inhaltsverzeichnis<\/strong><\/span><span class=\"icon icon-normal icon_plus\" aria-hidden=\"true\"><\/span><span class=\"icon icon-active icon_minus-06\" aria-hidden=\"true\"><\/span><\/button><div class=\"wp-block-greyd-accordion__content\" role=\"region\" id=\"sect-xvjr-1\" aria-labelledby=\"title-xvjr-1\">\n<div class=\"wp-block-rank-math-toc-block\" id=\"rank-math-toc\"><nav><div><div class=\"\"><a href=\"#h-wer-sind-wir\">Wer sind wir?<\/a><\/div><div class=\"\"><a href=\"#h-was-tun-wir\">Was tun wir?<\/a><\/div><div class=\"\"><a href=\"#h-an-der-hsn-wird-auch-geforscht\">An der HSN wird auch geforscht.<\/a><\/div><div class=\"\"><a href=\"#h-die-hsn-ist-international\">Die HSN ist international.<\/a><\/div><div class=\"\"><a href=\"#h-die-hsn-hat-einen-grunen-campus\">Die HSN hat einen gr\u00fcnen Campus.<\/a><\/div><div class=\"\"><a href=\"#h-bedienung-und-navigation-in-leichter-sprache\">Bedienung und Navigation in Leichter Sprache<\/a><\/div><div class=\"\"><a href=\"#h-wo-finde-ich-barrierefreie-angebote\">Wo finde ich barrierefreie Angebote?<\/a><\/div><div class=\"\"><a href=\"#h-was-enthalt-das-hauptmenu\">Was enth\u00e4lt das Hauptmen\u00fc?<\/a><\/div><div class=\"\"><a href=\"#h-gebardensprache\">Geb\u00e4rdensprache<\/a><\/div><div class=\"\"><a href=\"#h-leichte-sprache\">Leichte Sprache<\/a><\/div><div class=\"\"><a href=\"#h-was-steht-auf-der-startseite\">Was steht auf der Startseite?<\/a><\/div><div class=\"\"><a href=\"#h-was-steht-in-der-fusszeile\">Was steht in der Fu\u00dfzeile?<\/a><\/div><div class=\"\"><a href=\"#h-impressum\">Impressum<\/a><\/div><div class=\"\"><a href=\"#h-datenschutz\">Datenschutz<\/a><\/div><div class=\"\"><a href=\"#h-erklarung-zur-barrierefreiheit-in-leichter-sprache\">Erkl\u00e4rung zur Barrierefreiheit in Leichter Sprache<\/a><\/div><\/div><\/nav><\/div>\n<\/div><\/div>\n<style class=\"greyd-styles\">.gs_biv6Ki .wp-block-greyd-accordion-item { --accord-title-bg-color: var(--wp--preset--color--color-33); --accord-bg-color: var(--wp--preset--color--color-33); } .gs_biv6Ki .wp-block-greyd-accordion-item:hover { --accord-title-bg-color: var(--wp--preset--color--color-22); } .gs_biv6Ki .wp-block-greyd-accordion-item :checked + * { --accord-title-bg-color: var(--wp--preset--color--color-22); } .gs_biv6Ki .wp-block-greyd-accordion-item .wp-block-greyd-accordion__title { border-top: 1px solid var(--wp--preset--color--foreground); border-right: 1px solid var(--wp--preset--color--foreground); border-bottom: 1px solid var(--wp--preset--color--foreground); border-left: 1px solid var(--wp--preset--color--foreground); } <\/style><style class=\"greyd-styles\">. { --accord-title-bg-color: var(--wp--preset--color--color-33); --accord-bg-color: var(--wp--preset--color--color-33); } .:hover { --accord-title-bg-color: var(--wp--preset--color--color-22); } .gs_biv6Ki .wp-block-greyd-accordion__title[aria-expanded=\"true\"] { --accord-title-bg-color: var(--wp--preset--color--color-22); } .gs_biv6Ki .wp-block-greyd-accordion__title[aria-expanded=\"true\"]  { border-top: 1px solid var(--wp--preset--color--foreground); border-right: 1px solid var(--wp--preset--color--foreground); border-bottom: 1px solid var(--wp--preset--color--foreground); border-left: 1px solid var(--wp--preset--color--foreground); } <\/style><\/div>\n\n\n<div  class=\"spacer_wrap \" aria-hidden=\"true\"><div class=\"wp-block-spacer inner-sm\" style=\"height:calc(2em * 0.4)\" aria-hidden=\"true\"><\/div><div class=\"wp-block-spacer inner-md\" style=\"height:calc(2em * 0.6)\" aria-hidden=\"true\"><\/div><div class=\"wp-block-spacer inner-lg\" style=\"height:calc(2em * 0.8)\" aria-hidden=\"true\"><\/div><div class=\"wp-block-spacer inner-xl\" style=\"height:2em\" aria-hidden=\"true\"><\/div><\/div>\n\n\n<h3 class=\"wp-block-heading\" id=\"h-wer-sind-wir\">Wer sind wir?<\/h3>\n\n\n\n<p>Die Hochschule Nordhausen hei\u00dft HSN.<\/p>\n\n\n\n<p>Sie liegt im Norden von Th\u00fcringen.<\/p>\n\n\n\n<p>Hier kann man studieren und lernen.<\/p>\n\n\n\n<p>Etwa 1900 Studenten sind hier.<\/p>\n\n\n\n<h3 class=\"wp-block-heading\" id=\"h-was-tun-wir\">Was tun wir?<\/h3>\n\n\n\n<p>Es gibt zwei Bereiche:<\/p>\n\n\n\n<h4 class=\"wp-block-heading\" id=\"h-wirtschaft-und-soziales\">Wirtschaft und Soziales:<\/h4>\n\n\n\n<p>Hier lernt man \u00fcber<\/p>\n\n\n\n<ul class=\"wp-block-list\">\n<li>Wirtschaft,<\/li>\n\n\n\n<li>Gesundheit,<\/li>\n\n\n\n<li>Soziales und<\/li>\n\n\n\n<li>Verwaltung.<\/li>\n<\/ul>\n\n\n\n<h4 class=\"wp-block-heading\" id=\"h-ingenieurwissenschaften\">Ingenieurwissenschaften:<\/h4>\n\n\n\n<p>Hier lernt man, wie man Sachen baut und entwickelt.<\/p>\n\n\n\n<p>Es gibt zwei Arten von Studien-G\u00e4ngen:<\/p>\n\n\n\n<h4 class=\"wp-block-heading\" id=\"h-bachelor\">Bachelor:<\/h4>\n\n\n\n<p>Das ist der erste Abschluss.<\/p>\n\n\n\n<h4 class=\"wp-block-heading\" id=\"h-master\">Master:<\/h4>\n\n\n\n<p>Das ist der n\u00e4chste Abschluss nach dem Bachelor.<\/p>\n\n\n\n<p>Manche Masterstudieng\u00e4nge sind f\u00fcr Leute<\/p>\n\n\n\n<p>die schon arbeiten.<\/p>\n\n\n\n<h4 class=\"wp-block-heading\" id=\"h-man-kann-auf-zwei-wegen-studieren\">Man kann auf zwei Wegen studieren:<\/h4>\n\n\n\n<ul class=\"wp-block-list\">\n<li>Normal studieren.<\/li>\n\n\n\n<li>Berufsbegleitend studieren.<\/li>\n<\/ul>\n\n\n\n<h3 class=\"wp-block-heading\" id=\"h-an-der-hsn-wird-auch-geforscht\">An der HSN wird auch geforscht.<\/h3>\n\n\n\n<p>Das bedeutet, dass Professoren,<\/p>\n\n\n\n<p>Mitarbeiter und Studierende neue Dinge erforschen.<\/p>\n\n\n\n<p>Man lernt, wie man das macht.<\/p>\n\n\n\n<p>Sie erforschen Sachen.<\/p>\n\n\n\n<p>Diese Sachen kann man in der wirklichen Welt benutzen.<\/p>\n\n\n\n<h3 class=\"wp-block-heading\" id=\"h-die-hsn-ist-international\">Die HSN ist international.<\/h3>\n\n\n\n<p>Das bedeutet:<\/p>\n\n\n\n<p>Im Sprachenzentrum kann man<\/p>\n\n\n\n<p>verschiedene Sprachen lernen.<\/p>\n\n\n\n<p>Studierende k\u00f6nnen im Ausland studieren.&nbsp;&nbsp;<\/p>\n\n\n\n<p>Studierende aus anderen L\u00e4ndern<\/p>\n\n\n\n<p>k\u00f6nnen an der HSN studieren.<\/p>\n\n\n\n<p>Manche Studieng\u00e4nge sind auf Englisch.<\/p>\n\n\n\n<p>Leute aus anderen L\u00e4ndern k\u00f6nnen lernen,<\/p>\n\n\n\n<p>wie man in Deutschland studiert.<\/p>\n\n\n\n<h3 class=\"wp-block-heading\" id=\"h-die-hsn-hat-einen-grunen-campus\">Die HSN hat einen gr\u00fcnen Campus.<\/h3>\n\n\n\n<p>Das ist wie ein gro\u00dfer Garten,<\/p>\n\n\n\n<p>in dem die Geb\u00e4ude der HSN stehen.<\/p>\n\n\n\n<p>Der Unterricht ist meistens dort.<\/p>\n\n\n\n<p>Die Klassen sind oft klein.<\/p>\n\n\n\n<h3 class=\"wp-block-heading\" id=\"h-bedienung-und-navigation-in-leichter-sprache\">Bedienung und Navigation in Leichter Sprache<\/h3>\n\n\n\n<p>Hier erkl\u00e4ren wir Ihnen<\/p>\n\n\n\n<p>wie Sie diese Internetseite benutzen k\u00f6nnen.<\/p>\n\n\n\n<p><strong>Die Website hei\u00dft <\/strong><a href=\"https:\/\/www.hs-nordhausen.de\"><strong>www.hs-nordhausen.de<\/strong><\/a><strong><\/strong><\/p>\n\n\n\n<p>Sie wird von der Hochschule Nordhausen erstellt.<\/p>\n\n\n\n<p>Abgek\u00fcrzt hei\u00dft sie HSN<\/p>\n\n\n\n<p>Auf Ihrem Computer und auf Ihrem Handy<\/p>\n\n\n\n<p>sieht die Internetseite nicht immer gleich aus.<\/p>\n\n\n\n<p>Struktur und Inhalt bleiben aber gleich.<\/p>\n\n\n\n<h4 class=\"wp-block-heading\" id=\"h-oben-in-der-kopfzeile\">Oben in der Kopfzeile<\/h4>\n\n\n\n<p>Oben links ist ein Logo.<\/p>\n\n\n\n<p>Das ist das Logo von HSN<\/p>\n\n\n\n<p>Wenn Sie zur\u00fcck zur Startseite wollen<\/p>\n\n\n\n<p>auf das Logo klicken.<\/p>\n\n\n\n<h4 class=\"wp-block-heading\" id=\"h-oben-rechts-ist-eine-lupe\">Oben rechts ist eine Lupe.<\/h4>\n\n\n\n<p>Das ist die Suchfunktion.<\/p>\n\n\n\n<p>Sie haben etwas nicht gefunden.<\/p>\n\n\n\n<p>Sie m\u00f6chten eine bestimmte Information suchen.<\/p>\n\n\n\n<p>Hier k\u00f6nnen Sie die Suchfunktion benutzen.<\/p>\n\n\n\n<p>Auf dem Bild ist ein wei\u00dfes K\u00e4stchen<\/p>\n\n\n\n<p>mit einer gr\u00fcnen Lupe.<\/p>\n\n\n\n<p>Schreiben Sie ein Wort in das K\u00e4stchen.<\/p>\n\n\n\n<p>Es wird dann automatisch f\u00fcr Sie gesucht.<\/p>\n\n\n\n<h3 class=\"wp-block-heading\" id=\"h-wo-finde-ich-barrierefreie-angebote\">Wo finde ich barrierefreie Angebote?<\/h3>\n\n\n\n<p>In der Kopfzeile<\/p>\n\n\n\n<p>sehen Sie<\/p>\n\n\n\n<ul class=\"wp-block-list\">\n<li>Geb\u00e4rdensprache<\/li>\n\n\n\n<li>Leichte Sprache<\/li>\n<\/ul>\n\n\n\n<h3 class=\"wp-block-heading\" id=\"h-was-enthalt-das-hauptmenu\">Was enth\u00e4lt das Hauptmen\u00fc?<\/h3>\n\n\n\n<p>Im Hauptmen\u00fc werden Themen angezeigt.<\/p>\n\n\n\n<p>Was sind aktuelle Themen?<\/p>\n\n\n\n<p>Was macht die Hochschule?<\/p>\n\n\n\n<p>Welche Studium-Angebote gibt es?<\/p>\n\n\n\n<p>Wie kann man sich bewerben?<\/p>\n\n\n\n<p>Was macht die Forschung?<\/p>\n\n\n\n<p>Kontakt f\u00fcr Fragen.<\/p>\n\n\n\n<p>Au\u00dferdem gibt es Job-Angebote.<\/p>\n\n\n\n<h3 class=\"wp-block-heading\" id=\"h-gebardensprache\">Geb\u00e4rdensprache<\/h3>\n\n\n\n<p>Das ist die Geb\u00e4rdensprache.<\/p>\n\n\n\n<p>Es ist die Sprache von Menschen<\/p>\n\n\n\n<p>die nicht h\u00f6ren k\u00f6nnen.<\/p>\n\n\n\n<p>Hier gibt es Videos in Geb\u00e4rdensprache.<\/p>\n\n\n\n<h3 class=\"wp-block-heading\" id=\"h-leichte-sprache\">Leichte Sprache<\/h3>\n\n\n\n<p>Hier wird Leichte Sprache angeboten.<\/p>\n\n\n\n<p>Dies ist die Seite f\u00fcr Leichte Sprache.<\/p>\n\n\n\n<p>Texte in Leichter Sprache finden Sie hier.<\/p>\n\n\n\n<h3 class=\"wp-block-heading\" id=\"h-was-steht-auf-der-startseite\">Was steht auf der Startseite?<\/h3>\n\n\n\n<p>Sie zeigt das aktuelle Thema.<\/p>\n\n\n\n<p>Es wird kurz beschrieben,<\/p>\n\n\n\n<p>was HSN macht.<\/p>\n\n\n\n<h3 class=\"wp-block-heading\" id=\"h-was-steht-in-der-fusszeile\">Was steht in der Fu\u00dfzeile?<\/h3>\n\n\n\n<p>Hier stehen die Kontaktdaten.<\/p>\n\n\n\n<p>Sie k\u00f6nnen uns schreiben, anrufen oder besuchen.<\/p>\n\n\n\n<p>Hier wird die Barrierefreiheit erkl\u00e4rt.<\/p>\n\n\n\n<p>Hier k\u00f6nnen Sie nachlesen,<\/p>\n\n\n\n<p>was barrierefrei ist.<\/p>\n\n\n\n<h3 class=\"wp-block-heading\" id=\"h-impressum\">Impressum<\/h3>\n\n\n\n<p>Hier finden Sie Informationen:<\/p>\n\n\n\n<ul class=\"wp-block-list\">\n<li>Wer hat die Website erstellt?<\/li>\n\n\n\n<li>Wer betreut die Website?<\/li>\n<\/ul>\n\n\n\n<h3 class=\"wp-block-heading\" id=\"h-datenschutz\">Datenschutz<\/h3>\n\n\n\n<p>Wir erhalten Informationen \u00fcber Sie<\/p>\n\n\n\n<p>wenn Sie unsere Website besuchen.<\/p>\n\n\n\n<p>Zum Beispiel<\/p>\n\n\n\n<p>Wann haben Sie unsere Website besucht?<\/p>\n\n\n\n<p>Diese Informationen werden als Daten bezeichnet.<\/p>\n\n\n\n<p>Hier erfahren Sie<\/p>\n\n\n\n<p>was wir mit diesen Daten machen.<\/p>\n\n\n\n<h3 class=\"wp-block-heading\" id=\"h-erklarung-zur-barrierefreiheit-in-leichter-sprache\">Erkl\u00e4rung zur Barrierefreiheit in Leichter Sprache<\/h3>\n\n\n\n<p><strong>Alle Menschen sollen Internetseiten<\/strong><\/p>\n\n\n\n<p><strong>gut nutzen k\u00f6nnen.<\/strong><\/p>\n\n\n\n<p>Zum Beispiel auch f\u00fcr<\/p>\n\n\n\n<ul class=\"wp-block-list\">\n<li>blinde Menschen<\/li>\n\n\n\n<li>geh\u00f6rlose Menschen und<\/li>\n\n\n\n<li>Menschen, die nicht alle Finger bewegen k\u00f6nnen.<\/li>\n<\/ul>\n\n\n\n<p>Deshalb sollten Webseiten barrierefrei sein.<\/p>\n\n\n\n<h4 class=\"wp-block-heading\" id=\"h-in-diesem-text-steht\">In diesem Text steht:<\/h4>\n\n\n\n<p>Was ist eine Erkl\u00e4rung zur Barrierefreiheit?<\/p>\n\n\n\n<p>Und wo man sich beschweren kann,<\/p>\n\n\n\n<ul class=\"wp-block-list\">\n<li>wenn eine Website nicht barrierefrei ist?<\/li>\n\n\n\n<li>wenn eine Anwendung nicht barrierefrei ist?<\/li>\n<\/ul>\n\n\n\n<h4 class=\"wp-block-heading\" id=\"h-was-sagt-das-gesetz\">Was sagt das Gesetz?<\/h4>\n\n\n\n<p>\u00d6ffentliche Stellen m\u00fcssen f\u00fcr ihre Internetseiten<\/p>\n\n\n\n<p>eine Erkl\u00e4rung zur Barrierefreiheit abgeben.<\/p>\n\n\n\n<p>Das schreibt die EU-Richtlinie 2016 \/ 2102 vor.<\/p>\n\n\n\n<p>In Deutschland hei\u00dft das Gesetz BITV 2.0.<\/p>\n\n\n\n<p><strong>\u00d6ffentliche Stellen sind zum Beispiel<\/strong><\/p>\n\n\n\n<ul class=\"wp-block-list\">\n<li>\u00c4mter und Beh\u00f6rden<\/li>\n\n\n\n<li>Hochschule Nordhausen<\/li>\n<\/ul>\n\n\n\n<p>Sie ist f\u00fcr die Pflege der Website verantwortlich.<\/p>\n\n\n\n<p>Die \u00f6ffentliche Stelle muss<\/p>\n\n\n\n<p>sich an dieses Gesetz halten.<\/p>\n\n\n\n<p><strong>In der Erkl\u00e4rung zur Barrierefreiheit steht<\/strong><\/p>\n\n\n\n<p>Wie barrierefrei ist die Website?<\/p>\n\n\n\n<p>Fachleute k\u00f6nnen dies \u00fcberpr\u00fcfen.<\/p>\n\n\n\n<p>Die \u00f6ffentliche Stelle kann<\/p>\n\n\n\n<p>das auch selbst pr\u00fcfen.<\/p>\n\n\n\n<p><strong>Gibt es noch Barrieren auf der Internetseite?<\/strong><\/p>\n\n\n\n<p>Dann ist eine Liste der<\/p>\n\n\n\n<p>Barrieren in der Erkl\u00e4rung.<\/p>\n\n\n\n<p>Nicht alles muss barrierefrei sein.<\/p>\n\n\n\n<p>Es gibt also Ausnahmen.<\/p>\n\n\n\n<p>Das ist wichtig:<\/p>\n\n\n\n<p>Die Beh\u00f6rde kann nicht selbst<\/p>\n\n\n\n<p>\u00fcber die Ausnahmen entscheiden.<\/p>\n\n\n\n<p>Es gibt strenge Regeln f\u00fcr die Ausnahmen.<\/p>\n\n\n\n<p>Auch das Datum muss angegeben werden.<\/p>\n\n\n\n<p>Wann wurde die Erkl\u00e4rung zur Barrierefreiheit abgegeben?<\/p>\n\n\n\n<h4 class=\"wp-block-heading\" id=\"h-barrieren-melden\">Barrieren melden<\/h4>\n\n\n\n<p>Sie m\u00f6chten die Website nutzen.<\/p>\n\n\n\n<p>Aber es geht nicht,<\/p>\n\n\n\n<p>weil es noch Barrieren gibt?<\/p>\n\n\n\n<p>Fragen oder Beschwerden z.B.<\/p>\n\n\n\n<p>Es gibt Barrieren auf der Website.<\/p>\n\n\n\n<p>Sie brauchen Informationen auf der Website,<\/p>\n\n\n\n<p>aber die Informationen sind nicht barrierefrei.<\/p>\n\n\n\n<p><strong>Schreiben Sie an:<\/strong><\/p>\n\n\n\n<p><a href=\"mailto:website@hs-nordhausen.de\">website@hs-nordhausen.de<\/a><\/p>\n\n\n\n<p><strong>Oder sind Sie nicht zufrieden?<\/strong><\/p>\n\n\n\n<p>Dann k\u00f6nnen Sie sich beschweren.<\/p>\n\n\n\n<p>Schreiben Sie oder sie rufen dort an:<\/p>\n\n\n\n<div id=\"greyd-69ea222c88ba1\" class=\"wp-block-greyd-box gs_mBDmzq greyd-content-box gs_mBDmzq\">\n<p>Der Beauftragte der Th\u00fcringer Landesregierung f\u00fcr Menschen mit Behinderungen<\/p>\n\n\n\n<p>Werner-Seelenbinder-Stra\u00dfe 6<\/p>\n\n\n\n<p>99096 Erfurt<\/p>\n\n\n\n<p>Telefon: 0361 573 811 741<\/p>\n\n\n\n<p>E-Mail: <a href=\"mailto:vz_bmb@tmasgff.thueringen.de\">vz_bmb@tmasgff.thueringen.de<\/a><\/p>\n<\/div>\n\n\n\n<p>Die Schlichtungsstelle pr\u00fcft Ihre Beschwerde.<\/p>\n\n\n\n<p>Sie k\u00fcmmert sich um den Streit.<\/p>\n\n\n\n<p>Das nennt man Schlichtung.<\/p>\n\n\n\n<p>Deshalb hei\u00dft sie auch Schlichtungsstelle.<\/p>\n\n\n\n<p>Die Schlichtungsstelle \u00fcberpr\u00fcft<\/p>\n\n\n\n<p>die \u00f6ffentliche Stelle (Beh\u00f6rde, Amt).<\/p>\n\n\n\n<p>Sie k\u00fcmmert sich um den Streit.<\/p>\n\n\n\n<p>Sie m\u00fcssen nichts bezahlen.<\/p>\n<\/div>\n\n\n\n<div class=\"wp-block-column col-12 col-sm-12 col-md-3 col-lg-3 offset-md-1 offset-lg-1 is-layout-flow wp-block-column-is-layout-flow\" style=\"flex-basis:33.33%;width:33.33%\">\n<div id=\"greyd-69ea222c89a8a\" class=\"wp-block-greyd-box dyn gs_LWtL8s greyd-content-box gs_LWtL8s\"><nav data-anchoractive=\"{&quot;start&quot;:&quot;0%&quot;,&quot;end&quot;:&quot;100%&quot;,&quot;multiple&quot;:&quot;&quot;,&quot;none&quot;:&quot;&quot;,&quot;enable&quot;:true}\" class=\"is-anchor-active-style submenus-toggle gs_bXqW0f is-vertical dyn submenus-toggle wp-block-navigation is-content-justification-stretch is-layout-flex wp-container-core-navigation-is-layout-4925fad1 wp-block-navigation-is-layout-flex\" aria-label=\"Barrierefreiheit\"><ul class=\"wp-block-navigation__container  is-vertical dyn submenus-toggle wp-block-navigation\"><li class=\" wp-block-navigation-item wp-block-navigation-link\"><a class=\"wp-block-navigation-item__content\"  href=\"https:\/\/www.hs-nordhausen.de\/service\/anlauf-und-beratungsstellen\/hochschulsozialarbeit\/\"><span class=\"wp-block-navigation-item__label\"><strong>Hochschulsozialarbeit<\/strong><\/span><\/a><\/li><li class=\" wp-block-navigation-item wp-block-navigation-link\"><a class=\"wp-block-navigation-item__content\"  href=\"https:\/\/www.hs-nordhausen.de\/leichte-sprache\/\"><span class=\"wp-block-navigation-item__label\">Leichte Sprache<\/span><\/a><\/li><li class=\" wp-block-navigation-item wp-block-navigation-link\"><a class=\"wp-block-navigation-item__content\"  href=\"https:\/\/www.hs-nordhausen.de\/service\/anlauf-und-beratungsstellen\/hochschulsozialarbeit\/hochschulsozialarbeit-leichte-sprache\/\"><span class=\"wp-block-navigation-item__label\">Hochschulsozialarbeit \u2013 Leichte Sprache<\/span><\/a><\/li><\/ul><ul class=\"wp-block-navigation__container  is-vertical dyn submenus-toggle wp-block-navigation\"><li class=\" wp-block-navigation-item wp-block-navigation-link\"><a class=\"wp-block-navigation-item__content\"  href=\"https:\/\/www.hs-nordhausen.de\/leichte-sprache\/erste-hilfe-in-einer-krise-leichte-sprache\/\"><span class=\"wp-block-navigation-item__label\">Erste Hilfe in einer Krise \u2013 Leichte Sprache<\/span><\/a><\/li><li class=\" wp-block-navigation-item wp-block-navigation-link\"><a class=\"wp-block-navigation-item__content\"  href=\"https:\/\/www.hs-nordhausen.de\/dgs-videos\/\"><span class=\"wp-block-navigation-item__label\">Deutsche Geb\u00e4rdensprache<\/span><\/a><\/li><li class=\" wp-block-navigation-item wp-block-navigation-link\"><a class=\"wp-block-navigation-item__content\"  href=\"https:\/\/www.hs-nordhausen.de\/studienangebote\/bewerbung\/studieren-mit-behinderung-und-chronischer-krankheit\/\"><span class=\"wp-block-navigation-item__label\">Studieren mit Behinderung und chronischer Krankheit<\/span><\/a><\/li><\/ul>\n<div style=\"height:0px\" aria-hidden=\"true\" class=\"wp-block-spacer wp-container-content-7767a362\"><\/div>\n<ul class=\"wp-block-navigation__container  is-vertical dyn submenus-toggle wp-block-navigation\"><li class=\" wp-block-navigation-item wp-block-navigation-link\"><a class=\"wp-block-navigation-item__content\"  href=\"https:\/\/www.hs-nordhausen.de\/barrierefreiheit\/\"><span class=\"wp-block-navigation-item__label\">Barrierefreiheit<\/span><\/a><\/li><li class=\" wp-block-navigation-item wp-block-navigation-link\"><a class=\"wp-block-navigation-item__content\"  href=\"mailto:website@hs-nordhausen.de\"><span class=\"wp-block-navigation-item__label\">Barriere melden (E-Mail)<\/span><\/a><\/li><\/ul><\/nav><\/div>\n<\/div>\n<\/div>\n<\/div>","protected":false},"excerpt":{"rendered":"<p>Wer sind wir? Die Hochschule Nordhausen hei\u00dft HSN. Sie liegt im Norden von Th\u00fcringen. Hier kann man studieren und lernen. Etwa 1900 Studenten sind hier. Was tun wir? Es gibt zwei Bereiche: Wirtschaft und Soziales: Hier lernt man \u00fcber Ingenieurwissenschaften: Hier lernt man, wie man Sachen baut und entwickelt. Es gibt zwei Arten von Studien-G\u00e4ngen: [&hellip;]<\/p>\n","protected":false},"author":1,"featured_media":0,"parent":0,"menu_order":0,"comment_status":"closed","ping_status":"closed","template":"","meta":{"_piecal_is_recurring":false,"_piecal_recurring_interval":1,"_piecal_recurring_frequency":"","_piecal_recurring_exact_position":false,"_piecal_recurring_end":"","_piecal_color":"","_piecal_text_color":"","_piecal_global_color_master":false,"_piecal_is_event":false,"_piecal_start_date":"","_piecal_end_date":"","_piecal_is_allday":false,"greyd_block_editor_preview":[],"pgc_sgb_lightbox_settings":"","footnotes":""},"page_category":[],"page_tag":[],"page_redaktion":[],"zielgruppen":[],"kontakt-zuordnung":[],"institut-oder-einric":[],"stg-zuordnung":[],"fachbereich":[],"wf_page_folders":[43],"ppma_author":[1400],"class_list":["post-6389","page","type-page","status-publish","hentry"],"publishpress_future_action":{"enabled":false,"date":"2026-04-30 15:44:12","action":"change-status","newStatus":"draft","terms":[],"taxonomy":"page_category","extraData":[]},"publishpress_future_workflow_manual_trigger":{"enabledWorkflows":[]},"_links":{"self":[{"href":"https:\/\/www.hs-nordhausen.de\/en\/wp-json\/wp\/v2\/pages\/6389","targetHints":{"allow":["GET"]}}],"collection":[{"href":"https:\/\/www.hs-nordhausen.de\/en\/wp-json\/wp\/v2\/pages"}],"about":[{"href":"https:\/\/www.hs-nordhausen.de\/en\/wp-json\/wp\/v2\/types\/page"}],"author":[{"embeddable":true,"href":"https:\/\/www.hs-nordhausen.de\/en\/wp-json\/wp\/v2\/users\/1"}],"replies":[{"embeddable":true,"href":"https:\/\/www.hs-nordhausen.de\/en\/wp-json\/wp\/v2\/comments?post=6389"}],"version-history":[{"count":3,"href":"https:\/\/www.hs-nordhausen.de\/en\/wp-json\/wp\/v2\/pages\/6389\/revisions"}],"predecessor-version":[{"id":33645,"href":"https:\/\/www.hs-nordhausen.de\/en\/wp-json\/wp\/v2\/pages\/6389\/revisions\/33645"}],"wp:attachment":[{"href":"https:\/\/www.hs-nordhausen.de\/en\/wp-json\/wp\/v2\/media?parent=6389"}],"wp:term":[{"taxonomy":"page_category","embeddable":true,"href":"https:\/\/www.hs-nordhausen.de\/en\/wp-json\/wp\/v2\/page_category?post=6389"},{"taxonomy":"page_tag","embeddable":true,"href":"https:\/\/www.hs-nordhausen.de\/en\/wp-json\/wp\/v2\/page_tag?post=6389"},{"taxonomy":"page_redaktion","embeddable":true,"href":"https:\/\/www.hs-nordhausen.de\/en\/wp-json\/wp\/v2\/page_redaktion?post=6389"},{"taxonomy":"zielgruppen","embeddable":true,"href":"https:\/\/www.hs-nordhausen.de\/en\/wp-json\/wp\/v2\/zielgruppen?post=6389"},{"taxonomy":"kontakt-zuordnung","embeddable":true,"href":"https:\/\/www.hs-nordhausen.de\/en\/wp-json\/wp\/v2\/kontakt-zuordnung?post=6389"},{"taxonomy":"institut-oder-einric","embeddable":true,"href":"https:\/\/www.hs-nordhausen.de\/en\/wp-json\/wp\/v2\/institut-oder-einric?post=6389"},{"taxonomy":"stg-zuordnung","embeddable":true,"href":"https:\/\/www.hs-nordhausen.de\/en\/wp-json\/wp\/v2\/stg-zuordnung?post=6389"},{"taxonomy":"fachbereich","embeddable":true,"href":"https:\/\/www.hs-nordhausen.de\/en\/wp-json\/wp\/v2\/fachbereich?post=6389"},{"taxonomy":"wf_page_folders","embeddable":true,"href":"https:\/\/www.hs-nordhausen.de\/en\/wp-json\/wp\/v2\/wf_page_folders?post=6389"},{"taxonomy":"author","embeddable":true,"href":"https:\/\/www.hs-nordhausen.de\/en\/wp-json\/wp\/v2\/ppma_author?post=6389"}],"curies":[{"name":"wp","href":"https:\/\/api.w.org\/{rel}","templated":true}]}}