{"id":9638,"date":"2024-02-06T11:49:26","date_gmt":"2024-02-06T10:49:26","guid":{"rendered":"https:\/\/hsnordhausen.artemis.wpspace.me\/hsn\/?page_id=9638"},"modified":"2025-06-24T08:45:36","modified_gmt":"2025-06-24T06:45:36","slug":"studying-in-old-age","status":"publish","type":"page","link":"https:\/\/www.hs-nordhausen.de\/en\/studienangebote\/bewerbung\/studium-im-alter\/","title":{"rendered":"Study in old age"},"content":{"rendered":"<div  class=\"dynamic row_xxl\"><div  class=\"spacer_wrap dyn\" aria-hidden=\"true\"><div class=\"wp-block-spacer inner-sm inner-md inner-lg\" style=\"height:calc(2em * 0.8)\" aria-hidden=\"true\"><\/div><div class=\"wp-block-spacer inner-xl\" style=\"height:2em\" aria-hidden=\"true\"><\/div><\/div>\n\n\n<nav aria-label=\"breadcrumbs\" class=\"rank-math-breadcrumb\"><p><span class=\"last\">Home<\/span><\/p><\/nav>\n\n\n<div  class=\"gs_pj9ffA row_wrap has-background\"><div id='bg_6a00ff1fcc9d5' class='greyd-background bg_full'>\n\t\t\t\t\t\t\t\t<div class='bg_color'><\/div>\n\t\t\t\t\t\t\t\t\n\t\t\t\t\t\t\t\t\n\t\t\t\t\t\t\t\t\n\t\t\t\t\t\t\t<\/div>\n<div class=\"wp-block-columns row_xxl has-color-13-background-color has-background is-layout-flex wp-container-core-columns-is-layout-3fec90f0 wp-block-columns-is-layout-flex\" style=\"margin-top:var(--wp--preset--spacing--30);margin-bottom:var(--wp--preset--spacing--30)\">\n<div class=\"wp-block-column is-vertically-aligned-center hidden-xs hidden-sm col-12 col-sm-12 col-md-12 col-lg-12 is-layout-flow wp-block-column-is-layout-flow\" style=\"padding-top:var(--wp--preset--spacing--40);padding-right:var(--wp--preset--spacing--30);padding-bottom:var(--wp--preset--spacing--50);padding-left:var(--wp--preset--spacing--30)\">\n<div class=\"wp-block-group is-vertical is-layout-flex wp-container-core-group-is-layout-c2991436 wp-block-group-is-layout-flex\" style=\"padding-top:var(--wp--preset--spacing--40)\">\n<h1 class=\"wp-block-heading has-text-align-left dyn has-color-31-color has-text-color gs_0dysQS\" id=\"h-post-titel\"><span data-tag=\"title\" data-params=\"\" class=\"is-tag\">Post Titel<\/span><\/h1>\n\n\n\n<p class=\"has-text-align-left dyn has-color-31-color has-text-color has-link-color has-h-3-font-size wp-elements-510b831532061009615fc278568f962e gs_kDw5XP\" style=\"padding-top:0;padding-right:0;padding-bottom:0;padding-left:0\"><\/p>\n<\/div>\n<\/div>\n\n\n\n<div class=\"wp-block-column is-vertically-aligned-bottom hidden-md hidden-lg col-12 col-sm-12 col-md-8 col-lg-8 is-layout-flow wp-block-column-is-layout-flow\" style=\"padding-left:var(--wp--preset--spacing--30)\">\n<h1 class=\"wp-block-heading has-text-align-center dyn has-color-31-color has-text-color gs_Qz9dg4\" id=\"h-post-titel-0\"><span data-tag=\"title\" data-params=\"\" class=\"is-tag\">Post Titel<\/span><\/h1>\n<\/div>\n\n\n\n<div class=\"wp-block-column hidden-md hidden-lg col-12 col-sm-auto is-layout-flow wp-block-column-is-layout-flow\">\n<p class=\"has-text-align-center dyn has-color-31-color has-text-color has-link-color has-h-3-font-size wp-elements-579efe3fac9e4c8d942568fca955d3e9\" style=\"padding-top:0;padding-right:var(--wp--preset--spacing--20);padding-bottom:0rem;padding-left:var(--wp--preset--spacing--50)\"><\/p>\n<\/div>\n<\/div>\n<\/div>\n\n<div  class=\"spacer_wrap dyn\" aria-hidden=\"true\"><div class=\"wp-block-spacer inner-sm\" style=\"height:calc(2em * 0.4)\" aria-hidden=\"true\"><\/div><div class=\"wp-block-spacer inner-md\" style=\"height:calc(2em * 0.6)\" aria-hidden=\"true\"><\/div><div class=\"wp-block-spacer inner-lg\" style=\"height:calc(2em * 0.8)\" aria-hidden=\"true\"><\/div><div class=\"wp-block-spacer inner-xl\" style=\"height:2em\" aria-hidden=\"true\"><\/div><\/div><\/div>\n\n<div  class=\"row_wrap\">\n<div class=\"wp-block-columns row_xxl is-layout-flex wp-container-core-columns-is-layout-9d6595d7 wp-block-columns-is-layout-flex\">\n<div class=\"wp-block-column col-12 col-sm-12 col-md-8 col-lg-8 is-layout-flow wp-block-column-is-layout-flow\" style=\"flex-basis:66.66%;width:66.66%\">\n<p>Ein Studium im Alter kann eine lohnende und inspirierende Erfahrung sein, die nicht nur den Horizont erweitert, sondern auch das Verst\u00e4ndnis und den Respekt zwischen den Generationen f\u00f6rdert. Die Hochschule bietet eine breite Palette von Themengebieten in den Fachbereichen Wirtschaft- und Sozialwissenschaft-&nbsp; und Ingenieurswissenschaften.<\/p>\n\n\n\n<p>Sie haben die Wahl zwischen zwei Formen des Studierens: Sie k\u00f6nnen ein regul\u00e4res Studium in einem der grundst\u00e4ndigen Studieng\u00e4nge unserer Hochschule aufnehmen oder als Gasth\u00f6rende einzelne Veranstaltungen aus dem Hochschulprogramm besuchen. Bei einem regul\u00e4ren Studium werden Pr\u00fcfungen geschrieben und ein akademischer Grad kann erworben werden. Im Rahmen der Gasth\u00f6rerschaft k\u00f6nnen keine Pr\u00fcfungen geschrieben werden.<\/p>\n\n\n\n<p>Die n\u00e4chste <a href=\"https:\/\/hs-nordhausen.de\/aktuelles\/veranstaltungen\/veranstaltung-details\/933-studium-im-alter\/\" target=\"_blank\" rel=\"noreferrer noopener\">Informationsveranstaltung zum Studium im Alter<\/a> findet am <strong>18.September 2023<\/strong><strong> um 14 Uhr im Audimax der<\/strong> Hochschule statt.<\/p>\n\n\n\n<h3 class=\"wp-block-heading\"><strong>Zulassungsvoraussetzungen<\/strong><\/h3>\n\n\n\n<p>Zur Aufnahme eines regul\u00e4ren Studiums ist in der Regel eine Hochschulzulassungsberechtigung n\u00f6tig. Zur Pr\u00fcfung Ihrer individuellen Voraussetzungen wenden Sie sich bitte an das SSZ.<\/p>\n\n\n\n<p>Bei Gasth\u00f6rerschaft besteht mehr Flexibilit\u00e4t zur Zulassung. Nutzen Sie unser individuelles Beratungsangebot.<\/p>\n\n\n\n<h3 class=\"wp-block-heading\"><strong>Teilnahmegeb\u00fchren<\/strong><\/h3>\n\n\n\n<p>Die Teilnahmegeb\u00fchren sind abh\u00e4ngig von der Form des Studierens.<\/p>\n\n\n\n<p>Bei der Aufnahme eines regul\u00e4ren Studiums gilt Folgendes: Alle Personen, die das 60. Lebensjahr vollendet haben und die in einen grundst\u00e4ndigen Studiengang immatrikuliert sind, haben zuz\u00fcglich zum <a href=\"https:\/\/hs-nordhausen.de\/bewerbung\/finanzielles\/semesterbeitrag\/\">Semesterbeitrag<\/a>&nbsp;eine Geb\u00fchr in H\u00f6he von 125,00 Euro Seniorenbeitrag pro Semester zu tragen. Hierf\u00fcr genie\u00dfen Sie alle Erm\u00e4\u00dfigungen und Verg\u00fcnstigungen wie alle anderen Studierenden (z.B. \u00d6VPN Nutzung, verg\u00fcnstigte Preise in der Mensa etc.). Seniorinnen und Senioren, die Grundsicherung im Alter und bei Erwerbsminderung erhalten, wird auf Antrag die Geb\u00fchr erlassen. <strong>Auch im aktuellen Bewerbungsverfahren zum kommenden Wintersemester ab dem 01.10.2023 wird dieser Beitrag (125,00) einmalig erlassen.<\/strong><\/p>\n\n\n\n<p><strong>Bei einer Gasth\u00f6rerschaft, <\/strong>Studieren mit weniger Zeitaufwand, betragen diese Geb\u00fchren in der Regel 30 EURO pro Semester und 30 EURO f\u00fcr jede anderthalbst\u00fcndige Veranstaltung pro Semester. Bis zu vier dieser Veranstaltungen k\u00f6nnen pro Semester dann besucht werden.<\/p>\n\n\n\n<p>Also, ein baldiger Anfang an der Hochschule Nordhausen lohnt sich!<\/p>\n\n\n\n<h3 class=\"wp-block-heading\"><strong>Aktuelles Semesterangebot<\/strong><\/h3>\n\n\n\n<p>Das Angebot f\u00fcr das WS 23\/24 finden Sie in unserer Brosch\u00fcre:<\/p>\n\n\n<div  class=\"spacer_wrap\" aria-hidden=\"true\"><div class=\"wp-block-spacer inner-sm\" style=\"height:calc(2em * 0.4)\" aria-hidden=\"true\"><\/div><div class=\"wp-block-spacer inner-md\" style=\"height:calc(2em * 0.6)\" aria-hidden=\"true\"><\/div><div class=\"wp-block-spacer inner-lg\" style=\"height:calc(2em * 0.8)\" aria-hidden=\"true\"><\/div><div class=\"wp-block-spacer inner-xl\" style=\"height:2em\" aria-hidden=\"true\"><\/div><\/div>\n\n\n<div id=\"download-box\" class=\"wp-block-greyd-box dyn gs_ciBHSJ greyd-content-box gs_ciBHSJ flex-justify-flex-start\" style=\"margin-right: auto !important; \"><div  class=\"gs_MOcXHO row_wrap\">\n<div class=\"wp-block-columns is-not-stacked-on-mobile row_xxl is-layout-flex wp-container-core-columns-is-layout-9d6595d7 wp-block-columns-is-layout-flex\">\n<div class=\"wp-block-column is-vertically-aligned-center col-12 col-sm-12 col-md-12 col-lg-12 has-color-13-background-color has-background is-layout-flow wp-block-column-is-layout-flow\" style=\"padding-top:var(--wp--preset--spacing--30);padding-right:var(--wp--preset--spacing--30);padding-bottom:var(--wp--preset--spacing--30);padding-left:var(--wp--preset--spacing--30);flex-basis:0%\">\n<ul class=\"wp-block-greyd-list alignleft\" id=\"list_6a00ff1fce270\">\n<li class=\"has-h-3-font-size\"><span class=\"list_icon icon_download\" aria-hidden=\"true\"><\/span><span class=\"list_content\"><p>Download<\/p><\/span><\/li>\n<\/ul>\n<\/div>\n\n\n\n<div class=\"wp-block-column is-vertically-aligned-top col-12 col-sm-12 col-md-12 col-lg-12 is-layout-flow wp-block-column-is-layout-flow\" style=\"flex-basis:50%;width:50%\"><div  class=\"spacer_wrap dyn\" aria-hidden=\"true\"><div class=\"wp-block-spacer inner-sm\" style=\"height:calc(1em * 0.4)\" aria-hidden=\"true\"><\/div><div class=\"wp-block-spacer inner-md\" style=\"height:calc(1em * 0.6)\" aria-hidden=\"true\"><\/div><div class=\"wp-block-spacer inner-lg\" style=\"height:calc(1em * 0.8)\" aria-hidden=\"true\"><\/div><div class=\"wp-block-spacer inner-xl\" style=\"height:1em\" aria-hidden=\"true\"><\/div><\/div>\n\n<div class=\"wp-block-downloadlist-list\"><ul class=\"downloadlist-list wp-block-downloadlist-list iconset-dashicons\">\n<li class=\"attachment-9639 file_application file_pdf \"><a href=\"https:\/\/www.hs-nordhausen.de\/wp-content\/uploads\/sites\/8\/2024\/02\/A4_Tabelle_Studieren_im_Alter_web.pdf\" download rel=\"nofollow\">Tabellen-Brosch\u00fcre &quot;Studium im Alter&quot;<\/a> (395 KB)<\/li>\n<li class=\"attachment-9640 file_application file_pdf \"><a href=\"https:\/\/www.hs-nordhausen.de\/wp-content\/uploads\/sites\/8\/2024\/02\/HSN_Studium_im_Alter_Flyer.pdf\" download rel=\"nofollow\">Flyer &quot;Studium im Alter&quot;<\/a> (157 KB)<\/li>\n<\/ul><\/div>\n<\/div>\n<\/div>\n<\/div><\/div>\n<\/div>\n\n\n\n<div class=\"wp-block-column col-12 col-sm-12 col-md-3 col-lg-3 offset-md-1 offset-lg-1 is-layout-flow wp-block-column-is-layout-flow\" style=\"flex-basis:33.33%;width:33.33%\">\n<h3 class=\"wp-block-heading\" id=\"h-ansprechpartnerin-und-beratung-fur-gasthorerschaft\">Ansprechpartnerin und Beratung f\u00fcr Gasth\u00f6rerschaft:<\/h3>\n\n\n\n<div class=\"wp-block-query is-layout-flow wp-block-query-is-layout-flow\"><div id='post-results-6a00ff1fd0228'  class=\"greyd-posts-slider wp-block-post-template js\" data-currentpage=\"1\" data-query-id=\"2\" data-height=\"max\"><div class='query-pages-wrapper results_wrapper' data-ppp='2'><div class='query-page result_wrapper is-current' data-page='1'><article class='query-post wp-block-post post-6963 kontaktverzeichnis type-kontaktverzeichnis status-publish hentry kontaktverzeichnis_category-person kontaktverzeichnis_bereich-n-a kontaktverzeichnis_position-vertretungsprofessur kontaktverzeichnis_sortierung-k cluster-_n-a kontakt-zuordnung-akenkmann projekt-n-a studienbereich-gesundheits-und-sozialwesen institut-oder-einric-isrv-institut-fuer-sozialmedizin stg-zuordnung-gus fachbereich-fb-wirtschafts-und-sozialwissenschaften search_result' data-post='6963'data-title='kenkmann andrea dr'data-date='2023-12-08 12:46:05'data-postviews='2198'data-index='1'>\n<div id=\"greyd-6a00ff1fd4996\" class=\"wp-block-greyd-box aligncenter dyn gs_LvI53R greyd-content-box gs_LvI53R flex-justify-flex-start\">\n<div id=\"greyd-6a00ff1fd40c3\" class=\"wp-block-greyd-box aligncenter dyn gs_nVZwZR greyd-content-box gs_nVZwZR flex-justify-flex-start\">\n<div class=\"wp-block-group is-horizontal is-content-justification-space-between is-nowrap is-layout-flex wp-container-core-group-is-layout-b493c794 wp-block-group-is-layout-flex gs_EAw9o9 group_wrap\"><figure style=\"padding-top:0;padding-bottom:0;padding-left:0;padding-right:0;\" class=\"wp-block-image greyd-image is-style-normal dyn wp-container-content-9cfa9a5a gs_lzP44q\"  data-anim-action=\"scale\" data-anim-event=\"parentHover\" data-anim-triggered=\"false\" data-anim-from=\"transform: scale(1);\" data-anim-to=\"transform: scale(1.7);\" data-anim-parent=\".dyn\"><img decoding=\"async\" width=\"768\" height=\"1024\" src=\"https:\/\/www.hs-nordhausen.de\/wp-content\/uploads\/sites\/8\/2024\/09\/Dr.-Andrea-Kenkmann.jpeg\" class=\"wp-image-21194\" alt=\"Dr. Andrea Kenkmann\" srcset=\"https:\/\/www.hs-nordhausen.de\/wp-content\/uploads\/sites\/8\/2024\/09\/Dr.-Andrea-Kenkmann.jpeg 768w, https:\/\/www.hs-nordhausen.de\/wp-content\/uploads\/sites\/8\/2024\/09\/Dr.-Andrea-Kenkmann-225x300.jpeg 225w, https:\/\/www.hs-nordhausen.de\/wp-content\/uploads\/sites\/8\/2024\/09\/Dr.-Andrea-Kenkmann-113x150.jpeg 113w, https:\/\/www.hs-nordhausen.de\/wp-content\/uploads\/sites\/8\/2024\/09\/Dr.-Andrea-Kenkmann-9x12.jpeg 9w, https:\/\/www.hs-nordhausen.de\/wp-content\/uploads\/sites\/8\/2024\/09\/Dr.-Andrea-Kenkmann-18x24.jpeg 18w\" sizes=\"(max-width: 768px) 100vw, 768px\" title=\"\"><\/figure><\/div>\n<\/div>\n\n\n\n<div class=\"wp-block-group is-nowrap is-layout-flex wp-container-core-group-is-layout-ad2f72ca wp-block-group-is-layout-flex\">\n<h3 class=\"wp-block-heading has-text-align-center is-style-rounded dyn has-color-21-color has-text-color has-link-color wp-elements-915b9da6cc7aca4a2f62866abe7e2a68 gs_ms6cea\" id=\"name\" style=\"font-style:normal;font-weight:600\"><span data-tag=\"titel\" data-params=\"\" class=\"is-tag\">Titel (Prof.\/Dr.\/&#8230;)<\/span> <span data-tag=\"vorname\" data-params=\"\" class=\"is-tag\">Vorname<\/span> <span data-tag=\"nachname\" data-params=\"\" class=\"is-tag\">Nachname<\/span><\/h3>\n<\/div>\n\n\n\n\n<p class=\"has-text-align-center dyn\"><span data-tag=\"taxonomy-kontaktverzeichnis_position\" data-params=\"\" class=\"is-tag\"><strong>Positionen<\/strong><\/span><\/p>\n\n\n\n\n<hr id=\"greyd-6a00ff1fd4622\" style='  border-style: dotted !important; opacity: 100% !important; height: 1px !important;   ' class=\"wp-block-separator has-text-color has-color-22-color has-alpha-channel-opacity has-color-22-background-color has-background is-style-wide\"\/>\n\n\n\n<ul id=\"list_6a00ff1fd4704\" class=\"wp-block-greyd-list\" style=\"padding-top:var(--wp--preset--spacing--50);padding-bottom:0\">\n<li><span class=\"list_icon icon_profile\" aria-hidden=\"true\"><\/span><span class=\"list_content\"><p><span class=\"is-button link\" data-type=\"dynamic\" data-params=\"{&quot;tag&quot;:&quot;post&quot;}\">Profil<\/span><\/p><\/span><\/li>\n\n\n\n<li><span class=\"list_icon icon_phone\" aria-hidden=\"true\"><\/span><span class=\"list_content\"><p><span data-tag=\"telefon\" data-params=\"\" class=\"is-tag\">Telefon<\/span><\/p><\/span><\/li>\n\n\n\n<li><span class=\"list_icon icon_search_alt\" aria-hidden=\"true\"><\/span><span class=\"list_content\"><p><span data-tag=\"fax\" data-params=\"\" class=\"is-tag\">Fax<\/span><\/p><\/span><\/li>\n\n\n\n<li><span class=\"list_icon icon_mail\" aria-hidden=\"true\"><\/span><span class=\"list_content\"><p><span data-tag=\"e-mail\" data-params=\"\" class=\"is-tag\">E-Mail<\/span><\/p><\/span><\/li>\n\n\n\n<li><span class=\"list_icon icon_house\" aria-hidden=\"true\"><\/span><span class=\"list_content\"><p><span data-tag=\"buero\" data-params=\"&quot;&quot;\" class=\"is-tag\">B\u00fcro<\/span><\/p><\/span><\/li>\n<\/ul>\n<\/div>\n<\/article><\/div><\/div><\/div><div class='loading_spinner_wrapper' style='display:none;'>\n\t\t\t<div class='loading_spinner'>\n\t\t\t\t<div><\/div> <div><\/div> <div><\/div> <div><\/div>\n\t\t\t<\/div>\n\t\t<\/div><\/div>\n\n\n\n<div class=\"wp-block-query is-layout-flow wp-block-query-is-layout-flow\"><div id='post-results-6a00ff1fd4bc0'  class=\"greyd-posts-slider wp-block-post-template js\" data-currentpage=\"1\" data-query-id=\"2\" data-height=\"max\"><div class='query-pages-wrapper results_wrapper' data-ppp='1'><div class='query-page result_wrapper is-current' data-page='1'><article class='query-post wp-block-post post-7490 kontaktverzeichnis type-kontaktverzeichnis status-publish hentry kontaktverzeichnis_category-abteilung kontaktverzeichnis_bereich-ssz kontaktverzeichnis_sortierung-s cluster-_n-a kontakt-zuordnung-ssz-team search_result' data-post='7490'data-title='ssz  studienservicezentrum'data-date='2024-01-05 14:06:54'data-postviews='2495'data-index='1'>\n<div id=\"greyd-6a00ff1fd8cfd\" class=\"wp-block-greyd-box aligncenter dyn gs_LvI53R greyd-content-box gs_LvI53R flex-justify-flex-start\">\n<div id=\"greyd-6a00ff1fd86aa\" class=\"wp-block-greyd-box aligncenter dyn gs_nVZwZR greyd-content-box gs_nVZwZR flex-justify-flex-start\">\n<div class=\"wp-block-group is-horizontal is-content-justification-space-between is-nowrap is-layout-flex wp-container-core-group-is-layout-b493c794 wp-block-group-is-layout-flex gs_EAw9o9 group_wrap\"><figure style=\"padding-top:0;padding-bottom:0;padding-left:0;padding-right:0;\" class=\"wp-block-image greyd-image is-style-normal dyn wp-container-content-9cfa9a5a gs_lzP44q\"  data-anim-action=\"scale\" data-anim-event=\"parentHover\" data-anim-triggered=\"false\" data-anim-from=\"transform: scale(1);\" data-anim-to=\"transform: scale(1.7);\" data-anim-parent=\".dyn\"><img decoding=\"async\" width=\"400\" height=\"400\" src=\"https:\/\/www.hs-nordhausen.de\/wp-content\/uploads\/sites\/8\/2025\/08\/SSZ-Logo_rund_200px_transp-shadow.png\" class=\"wp-image-35063\" alt=\"Logo SSZ - Smart Versiert Effizient\" srcset=\"https:\/\/www.hs-nordhausen.de\/wp-content\/uploads\/sites\/8\/2025\/08\/SSZ-Logo_rund_200px_transp-shadow.png 400w, https:\/\/www.hs-nordhausen.de\/wp-content\/uploads\/sites\/8\/2025\/08\/SSZ-Logo_rund_200px_transp-shadow-300x300.png 300w, https:\/\/www.hs-nordhausen.de\/wp-content\/uploads\/sites\/8\/2025\/08\/SSZ-Logo_rund_200px_transp-shadow-150x150.png 150w, https:\/\/www.hs-nordhausen.de\/wp-content\/uploads\/sites\/8\/2025\/08\/SSZ-Logo_rund_200px_transp-shadow-12x12.png 12w, https:\/\/www.hs-nordhausen.de\/wp-content\/uploads\/sites\/8\/2025\/08\/SSZ-Logo_rund_200px_transp-shadow-24x24.png 24w\" sizes=\"(max-width: 400px) 100vw, 400px\" title=\"\"><\/figure><\/div>\n<\/div>\n\n\n\n<div class=\"wp-block-group is-nowrap is-layout-flex wp-container-core-group-is-layout-ad2f72ca wp-block-group-is-layout-flex\">\n<h3 class=\"wp-block-heading has-text-align-center is-style-rounded dyn has-color-21-color has-text-color has-link-color wp-elements-915b9da6cc7aca4a2f62866abe7e2a68 gs_ms6cea\" id=\"name\" style=\"font-style:normal;font-weight:600\"><span data-tag=\"titel\" data-params=\"\" class=\"is-tag\">Titel (Prof.\/Dr.\/&#8230;)<\/span> <span data-tag=\"vorname\" data-params=\"\" class=\"is-tag\">Vorname<\/span> <span data-tag=\"nachname\" data-params=\"\" class=\"is-tag\">Nachname<\/span><\/h3>\n<\/div>\n\n\n\n\n\n<hr id=\"greyd-6a00ff1fd8bc8\" style='  border-style: dotted !important; opacity: 100% !important; height: 1px !important;   ' class=\"wp-block-separator has-text-color has-color-22-color has-alpha-channel-opacity has-color-22-background-color has-background is-style-wide\"\/>\n\n\n\n<ul id=\"list_6a00ff1fd8cab\" class=\"wp-block-greyd-list\" style=\"padding-top:var(--wp--preset--spacing--50);padding-bottom:0\">\n<li><span class=\"list_icon icon_profile\" aria-hidden=\"true\"><\/span><span class=\"list_content\"><p><span class=\"is-button link\" data-type=\"dynamic\" data-params=\"{&quot;tag&quot;:&quot;post&quot;}\">Profil<\/span><\/p><\/span><\/li>\n\n\n\n<li><span class=\"list_icon icon_phone\" aria-hidden=\"true\"><\/span><span class=\"list_content\"><p><span data-tag=\"telefon\" data-params=\"\" class=\"is-tag\">Telefon<\/span><\/p><\/span><\/li>\n\n\n\n<li><span class=\"list_icon icon_search_alt\" aria-hidden=\"true\"><\/span><span class=\"list_content\"><p><span data-tag=\"fax\" data-params=\"\" class=\"is-tag\">Fax<\/span><\/p><\/span><\/li>\n\n\n\n<li><span class=\"list_icon icon_mail\" aria-hidden=\"true\"><\/span><span class=\"list_content\"><p><span data-tag=\"e-mail\" data-params=\"\" class=\"is-tag\">E-Mail<\/span><\/p><\/span><\/li>\n\n\n\n<li><span class=\"list_icon icon_house\" aria-hidden=\"true\"><\/span><span class=\"list_content\"><p><span data-tag=\"buero\" data-params=\"&quot;&quot;\" class=\"is-tag\">B\u00fcro<\/span><\/p><\/span><\/li>\n<\/ul>\n<\/div>\n<\/article><\/div><\/div><\/div><div class='loading_spinner_wrapper' style='display:none;'>\n\t\t\t<div class='loading_spinner'>\n\t\t\t\t<div><\/div> <div><\/div> <div><\/div> <div><\/div>\n\t\t\t<\/div>\n\t\t<\/div><\/div>\n\n\n\n<div id=\"page-list-box\" class=\"wp-block-greyd-box hidden-lg hidden-md hidden-sm hidden-xs gs_gsuUAh greyd-content-box gs_gsuUAh\">\n<h3 class=\"wp-block-heading\">Weitere Informationen<\/h3>\n\n\n<div class=\"wp-block-template-part\">\n<p>[subpages depth=&#8220;1&#8243; sort_order=&#8220;desc&#8220;  sort_order=&#8220;desc&#8220;]<\/p>\n<\/div>\n\n\n<hr class=\"wp-block-separator has-text-color has-color-22-color has-alpha-channel-opacity has-color-22-background-color has-background is-style-wide\"\/>\n\n\n<div class=\"wp-block-template-part\">\n<p>[siblings depth=&#8220;1&#8243; exclude=&#8220;current&#8220;]<\/p>\n<\/div><\/div>\n<\/div>\n<\/div>\n<\/div>","protected":false},"excerpt":{"rendered":"<p>Ein Studium im Alter kann eine lohnende und inspirierende Erfahrung sein, die nicht nur den Horizont erweitert, sondern auch das Verst\u00e4ndnis und den Respekt zwischen den Generationen f\u00f6rdert. Die Hochschule bietet eine breite Palette von Themengebieten in den Fachbereichen Wirtschaft- und Sozialwissenschaft-&nbsp; und Ingenieurswissenschaften. Sie haben die Wahl zwischen zwei Formen des Studierens: Sie k\u00f6nnen [&hellip;]<\/p>\n","protected":false},"author":1,"featured_media":0,"parent":124,"menu_order":0,"comment_status":"closed","ping_status":"closed","template":"","meta":{"_piecal_is_recurring":false,"_piecal_recurring_interval":1,"_piecal_recurring_frequency":"","_piecal_recurring_exact_position":false,"_piecal_recurring_end":"","_piecal_color":"","_piecal_text_color":"","_piecal_global_color_master":false,"_piecal_rsets":"[]","_piecal_is_event":false,"_piecal_start_date":"","_piecal_end_date":"","_piecal_is_allday":false,"greyd_block_editor_preview":[],"pgc_sgb_lightbox_settings":"","footnotes":""},"page_category":[],"page_tag":[],"page_redaktion":[3053],"zielgruppen":[],"kontakt-zuordnung":[],"institut-oder-einric":[],"stg-zuordnung":[],"fachbereich":[],"wf_page_folders":[50],"ppma_author":[1400,3055,3054,3056],"class_list":["post-9638","page","type-page","status-publish","hentry","page_redaktion-ssz"],"publishpress_future_action":{"enabled":false,"date":"2026-05-17 23:56:47","action":"change-status","newStatus":"draft","terms":[],"taxonomy":"page_category","extraData":[]},"publishpress_future_workflow_manual_trigger":{"enabledWorkflows":[]},"_links":{"self":[{"href":"https:\/\/www.hs-nordhausen.de\/en\/wp-json\/wp\/v2\/pages\/9638","targetHints":{"allow":["GET"]}}],"collection":[{"href":"https:\/\/www.hs-nordhausen.de\/en\/wp-json\/wp\/v2\/pages"}],"about":[{"href":"https:\/\/www.hs-nordhausen.de\/en\/wp-json\/wp\/v2\/types\/page"}],"author":[{"embeddable":true,"href":"https:\/\/www.hs-nordhausen.de\/en\/wp-json\/wp\/v2\/users\/1"}],"replies":[{"embeddable":true,"href":"https:\/\/www.hs-nordhausen.de\/en\/wp-json\/wp\/v2\/comments?post=9638"}],"version-history":[{"count":1,"href":"https:\/\/www.hs-nordhausen.de\/en\/wp-json\/wp\/v2\/pages\/9638\/revisions"}],"predecessor-version":[{"id":33357,"href":"https:\/\/www.hs-nordhausen.de\/en\/wp-json\/wp\/v2\/pages\/9638\/revisions\/33357"}],"up":[{"embeddable":true,"href":"https:\/\/www.hs-nordhausen.de\/en\/wp-json\/wp\/v2\/pages\/124"}],"wp:attachment":[{"href":"https:\/\/www.hs-nordhausen.de\/en\/wp-json\/wp\/v2\/media?parent=9638"}],"wp:term":[{"taxonomy":"page_category","embeddable":true,"href":"https:\/\/www.hs-nordhausen.de\/en\/wp-json\/wp\/v2\/page_category?post=9638"},{"taxonomy":"page_tag","embeddable":true,"href":"https:\/\/www.hs-nordhausen.de\/en\/wp-json\/wp\/v2\/page_tag?post=9638"},{"taxonomy":"page_redaktion","embeddable":true,"href":"https:\/\/www.hs-nordhausen.de\/en\/wp-json\/wp\/v2\/page_redaktion?post=9638"},{"taxonomy":"zielgruppen","embeddable":true,"href":"https:\/\/www.hs-nordhausen.de\/en\/wp-json\/wp\/v2\/zielgruppen?post=9638"},{"taxonomy":"kontakt-zuordnung","embeddable":true,"href":"https:\/\/www.hs-nordhausen.de\/en\/wp-json\/wp\/v2\/kontakt-zuordnung?post=9638"},{"taxonomy":"institut-oder-einric","embeddable":true,"href":"https:\/\/www.hs-nordhausen.de\/en\/wp-json\/wp\/v2\/institut-oder-einric?post=9638"},{"taxonomy":"stg-zuordnung","embeddable":true,"href":"https:\/\/www.hs-nordhausen.de\/en\/wp-json\/wp\/v2\/stg-zuordnung?post=9638"},{"taxonomy":"fachbereich","embeddable":true,"href":"https:\/\/www.hs-nordhausen.de\/en\/wp-json\/wp\/v2\/fachbereich?post=9638"},{"taxonomy":"wf_page_folders","embeddable":true,"href":"https:\/\/www.hs-nordhausen.de\/en\/wp-json\/wp\/v2\/wf_page_folders?post=9638"},{"taxonomy":"author","embeddable":true,"href":"https:\/\/www.hs-nordhausen.de\/en\/wp-json\/wp\/v2\/ppma_author?post=9638"}],"curies":[{"name":"wp","href":"https:\/\/api.w.org\/{rel}","templated":true}]}}