{"id":671,"date":"2023-11-07T13:43:03","date_gmt":"2023-11-07T12:43:03","guid":{"rendered":"https:\/\/hsnordhausen.artemis.wpspace.me\/science-blog\/cookie-richtlinie-eu\/"},"modified":"2024-09-30T09:53:17","modified_gmt":"2024-09-30T07:53:17","slug":"cookie-richtlinie-eu","status":"publish","type":"page","link":"https:\/\/www.hs-nordhausen.de\/science-blog\/en\/cookie-richtlinie-eu\/","title":{"rendered":"Cookie-Richtlinie (EU)"},"content":{"rendered":"<div  class=\"spacer_wrap dyn\" aria-hidden=\"true\"><div class=\"wp-block-spacer inner-sm inner-md inner-lg\" style=\"height:calc(2em * 0.8)\" aria-hidden=\"true\"><\/div><div class=\"wp-block-spacer inner-xl\" style=\"height:2em\" aria-hidden=\"true\"><\/div><\/div>\n\n\n\n<div  class=\"gs_pj9ffA row_wrap has-background\"><div id='bg_69e9fdbcbd0cb' class='greyd-background bg_full'>\n\t\t\t\t\t\t\t\t<div class='bg_color'><\/div>\n\t\t\t\t\t\t\t\t\n\t\t\t\t\t\t\t\t\n\t\t\t\t\t\t\t\t\n\t\t\t\t\t\t\t<\/div>\n<div class=\"wp-block-columns row_xxl has-color-13-background-color has-background is-layout-flex wp-container-core-columns-is-layout-3fec90f0 wp-block-columns-is-layout-flex\" style=\"margin-top:var(--wp--preset--spacing--30);margin-bottom:var(--wp--preset--spacing--30)\">\n<div class=\"wp-block-column is-vertically-aligned-center hidden-xs hidden-sm col-12 col-sm-12 col-md-12 col-lg-12 is-layout-flow wp-block-column-is-layout-flow\" style=\"padding-top:var(--wp--preset--spacing--40);padding-right:var(--wp--preset--spacing--30);padding-bottom:var(--wp--preset--spacing--50);padding-left:var(--wp--preset--spacing--30)\">\n<div class=\"wp-block-group is-vertical is-layout-flex wp-container-core-group-is-layout-c2991436 wp-block-group-is-layout-flex\" style=\"padding-top:var(--wp--preset--spacing--40)\">\n<h1 class=\"wp-block-heading has-text-align-left dyn has-color-31-color has-text-color gs_0dysQS\" id=\"h-post-titel\"><span data-tag=\"title\" data-params=\"\" class=\"is-tag\">Post Titel<\/span><\/h1>\n\n\n<\/div>\n<\/div>\n\n\n\n<div class=\"wp-block-column is-vertically-aligned-bottom hidden-md hidden-lg col-12 col-sm-12 col-md-8 col-lg-8 is-layout-flow wp-block-column-is-layout-flow\" style=\"padding-left:var(--wp--preset--spacing--30)\">\n<h1 class=\"wp-block-heading has-text-align-center dyn has-color-31-color has-text-color gs_Qz9dg4\" id=\"h-post-titel-0\"><span data-tag=\"title\" data-params=\"\" class=\"is-tag\">Post Titel<\/span><\/h1>\n<\/div>\n\n\n\n<div class=\"wp-block-column hidden-md hidden-lg col-12 col-sm-auto is-layout-flow wp-block-column-is-layout-flow\"><\/div>\n<\/div>\n<\/div>\n\n<div  class=\"spacer_wrap dyn\" aria-hidden=\"true\"><div class=\"wp-block-spacer inner-sm\" style=\"height:calc(2em * 0.4)\" aria-hidden=\"true\"><\/div><div class=\"wp-block-spacer inner-md\" style=\"height:calc(2em * 0.6)\" aria-hidden=\"true\"><\/div><div class=\"wp-block-spacer inner-lg\" style=\"height:calc(2em * 0.8)\" aria-hidden=\"true\"><\/div><div class=\"wp-block-spacer inner-xl\" style=\"height:2em\" aria-hidden=\"true\"><\/div><\/div>\n\n<div  class=\"row_wrap\">\n<div class=\"wp-block-columns row_xxl is-layout-flex wp-container-core-columns-is-layout-9d6595d7 wp-block-columns-is-layout-flex\">\n<div class=\"wp-block-column col-12 col-sm-12 col-md-8 col-lg-8 is-layout-flow wp-block-column-is-layout-flow\" style=\"flex-basis:66.66%;width:66.66%\">\n<p>Der Schutz Ihrer Daten ist f\u00fcr uns wichtig. Deshalb verwenden wir auf unserer Website keine Cookies, die pers\u00f6nliche oder bestimmbare Daten \u00fcber Sie enthalten. Wir verwenden Cookies, die dazu dienen, Besuche auf unseren Seiten effektiver zu gestalten oder die Besuche statistisch auszuwerten.<\/p>\n\n\n\n<h3 class=\"wp-block-heading\" id=\"h-was-sind-cookies\">Was sind Cookies?<\/h3>\n\n\n\n<p>Ein Cookie ist eine kleine Textdatei, mit deren Hilfe sich die Website bestimmte Eingaben und Einstellungen (z. B. Login, Sprache, Schriftgr\u00f6\u00dfe, etc.) \u00fcber einen bestimmten Zeitraum \u201emerken\u201c kann, sodass Sie diese nicht bei jedem weiteren Besuch und beim Navigieren innerhalb der Website erneut vornehmen m\u00fcssen.<\/p>\n\n\n\n<h3 class=\"wp-block-heading\" id=\"h-kontrolle-uber-cookies\">Kontrolle \u00fcber Cookies<\/h3>\n\n\n\n<p>Wenn Sie Cookies einschr\u00e4nken, blockieren oder l\u00f6schen m\u00f6chten, k\u00f6nnen Sie in Ihrem Browser entsprechende Einstellung vornehmen. Da sich diese Einstellungen je nach Browser unterscheiden, lesen Sie im Hilfemen\u00fc des Browsers oder im Benutzerhandbuch des Mobilger\u00e4ts nach, wie die Cookie-Einstellungen ge\u00e4ndert werden.<\/p>\n\n\n\n<h3 class=\"wp-block-heading\" id=\"h-welche-arten-von-cookies-werden-genutzt\">Welche Arten von Cookies werden genutzt?<\/h3>\n\n\n\n<p>Man unterscheidet Erstanbieter-Cookies, die von unserer Website erstellt und verwendet werden und Drittanbieter-Cookies, die \u00fcber unsere Website von Drittanbietern erstellt und verwendet werden. Einige Cookies sind Sitzungs-Cookies, die direkt oder kurze Zeit nach dem Besuch unserer Seiten automatisch gel\u00f6scht werden, andere sind dauerhafte Cookies, die \u00fcber l\u00e4ngere Zeit bzw. mehrere Besuche unserer Website hinweg erhalten bleiben k\u00f6nnen. Welchen Cookies konkret auf dieser Website verwendet werden entnehmen Sie bitte der folgenden \u00dcbersicht.<\/p>\n<\/div>\n\n\n\n<div class=\"wp-block-column col-12 col-sm-12 col-md-3 col-lg-3 offset-md-1 offset-lg-1 is-layout-flow wp-block-column-is-layout-flow\" style=\"flex-basis:33.33%;width:33.33%\"><\/div>\n<\/div>\n<\/div>","protected":false},"excerpt":{"rendered":"<p>Der Schutz Ihrer Daten ist f\u00fcr uns wichtig. Deshalb verwenden wir auf unserer Website keine Cookies, die pers\u00f6nliche oder bestimmbare Daten \u00fcber Sie enthalten. <\/p>","protected":false},"author":1,"featured_media":0,"parent":0,"menu_order":0,"comment_status":"closed","ping_status":"closed","template":"","meta":{"greyd_block_editor_preview":[],"pgc_sgb_lightbox_settings":"","footnotes":""},"page_category":[],"page_tag":[],"kontakt-zuordnung":[],"institut-oder-einric":[],"wf_page_folders":[422],"class_list":["post-671","page","type-page","status-publish","hentry"],"publishpress_future_action":{"enabled":false,"date":"2026-04-30 13:08:44","action":"change-status","newStatus":"draft","terms":[],"taxonomy":"page_category","extraData":[]},"publishpress_future_workflow_manual_trigger":{"enabledWorkflows":[]},"_links":{"self":[{"href":"https:\/\/www.hs-nordhausen.de\/science-blog\/en\/wp-json\/wp\/v2\/pages\/671","targetHints":{"allow":["GET"]}}],"collection":[{"href":"https:\/\/www.hs-nordhausen.de\/science-blog\/en\/wp-json\/wp\/v2\/pages"}],"about":[{"href":"https:\/\/www.hs-nordhausen.de\/science-blog\/en\/wp-json\/wp\/v2\/types\/page"}],"author":[{"embeddable":true,"href":"https:\/\/www.hs-nordhausen.de\/science-blog\/en\/wp-json\/wp\/v2\/users\/1"}],"replies":[{"embeddable":true,"href":"https:\/\/www.hs-nordhausen.de\/science-blog\/en\/wp-json\/wp\/v2\/comments?post=671"}],"version-history":[{"count":0,"href":"https:\/\/www.hs-nordhausen.de\/science-blog\/en\/wp-json\/wp\/v2\/pages\/671\/revisions"}],"wp:attachment":[{"href":"https:\/\/www.hs-nordhausen.de\/science-blog\/en\/wp-json\/wp\/v2\/media?parent=671"}],"wp:term":[{"taxonomy":"page_category","embeddable":true,"href":"https:\/\/www.hs-nordhausen.de\/science-blog\/en\/wp-json\/wp\/v2\/page_category?post=671"},{"taxonomy":"page_tag","embeddable":true,"href":"https:\/\/www.hs-nordhausen.de\/science-blog\/en\/wp-json\/wp\/v2\/page_tag?post=671"},{"taxonomy":"kontakt-zuordnung","embeddable":true,"href":"https:\/\/www.hs-nordhausen.de\/science-blog\/en\/wp-json\/wp\/v2\/kontakt-zuordnung?post=671"},{"taxonomy":"institut-oder-einric","embeddable":true,"href":"https:\/\/www.hs-nordhausen.de\/science-blog\/en\/wp-json\/wp\/v2\/institut-oder-einric?post=671"},{"taxonomy":"wf_page_folders","embeddable":true,"href":"https:\/\/www.hs-nordhausen.de\/science-blog\/en\/wp-json\/wp\/v2\/wf_page_folders?post=671"}],"curies":[{"name":"wp","href":"https:\/\/api.w.org\/{rel}","templated":true}]}}