{"id":673,"date":"2023-02-16T14:48:42","date_gmt":"2023-02-16T13:48:42","guid":{"rendered":"https:\/\/hsnordhausen.artemis.wpspace.me\/science-blog\/impressum\/"},"modified":"2024-09-30T09:53:51","modified_gmt":"2024-09-30T07:53:51","slug":"impressum","status":"publish","type":"page","link":"https:\/\/www.hs-nordhausen.de\/science-blog\/en\/impressum\/","title":{"rendered":"Impressum"},"content":{"rendered":"<div  class=\"spacer_wrap dyn\" aria-hidden=\"true\"><div class=\"wp-block-spacer inner-sm inner-md inner-lg\" style=\"height:calc(2em * 0.8)\" aria-hidden=\"true\"><\/div><div class=\"wp-block-spacer inner-xl\" style=\"height:2em\" aria-hidden=\"true\"><\/div><\/div>\n\n\n\n<div  class=\"gs_pj9ffA row_wrap has-background\"><div id='bg_69e9fda432313' class='greyd-background bg_full'>\n\t\t\t\t\t\t\t\t<div class='bg_color'><\/div>\n\t\t\t\t\t\t\t\t\n\t\t\t\t\t\t\t\t\n\t\t\t\t\t\t\t\t\n\t\t\t\t\t\t\t<\/div>\n<div class=\"wp-block-columns row_xxl has-color-13-background-color has-background is-layout-flex wp-container-core-columns-is-layout-3fec90f0 wp-block-columns-is-layout-flex\" style=\"margin-top:var(--wp--preset--spacing--30);margin-bottom:var(--wp--preset--spacing--30)\">\n<div class=\"wp-block-column is-vertically-aligned-center hidden-xs hidden-sm col-12 col-sm-12 col-md-12 col-lg-12 is-layout-flow wp-block-column-is-layout-flow\" style=\"padding-top:var(--wp--preset--spacing--40);padding-right:var(--wp--preset--spacing--30);padding-bottom:var(--wp--preset--spacing--50);padding-left:var(--wp--preset--spacing--30)\">\n<div class=\"wp-block-group is-vertical is-layout-flex wp-container-core-group-is-layout-c2991436 wp-block-group-is-layout-flex\" style=\"padding-top:var(--wp--preset--spacing--40)\">\n<h1 class=\"wp-block-heading has-text-align-left dyn has-color-31-color has-text-color gs_0dysQS\" id=\"h-post-titel\"><span data-tag=\"title\" data-params=\"\" class=\"is-tag\">Post Titel<\/span><\/h1>\n\n\n<\/div>\n<\/div>\n\n\n\n<div class=\"wp-block-column is-vertically-aligned-bottom hidden-md hidden-lg col-12 col-sm-12 col-md-8 col-lg-8 is-layout-flow wp-block-column-is-layout-flow\" style=\"padding-left:var(--wp--preset--spacing--30)\">\n<h1 class=\"wp-block-heading has-text-align-center dyn has-color-31-color has-text-color gs_Qz9dg4\" id=\"h-post-titel-0\"><span data-tag=\"title\" data-params=\"\" class=\"is-tag\">Post Titel<\/span><\/h1>\n<\/div>\n\n\n\n<div class=\"wp-block-column hidden-md hidden-lg col-12 col-sm-auto is-layout-flow wp-block-column-is-layout-flow\"><\/div>\n<\/div>\n<\/div>\n\n<div  class=\"spacer_wrap dyn\" aria-hidden=\"true\"><div class=\"wp-block-spacer inner-sm\" style=\"height:calc(2em * 0.4)\" aria-hidden=\"true\"><\/div><div class=\"wp-block-spacer inner-md\" style=\"height:calc(2em * 0.6)\" aria-hidden=\"true\"><\/div><div class=\"wp-block-spacer inner-lg\" style=\"height:calc(2em * 0.8)\" aria-hidden=\"true\"><\/div><div class=\"wp-block-spacer inner-xl\" style=\"height:2em\" aria-hidden=\"true\"><\/div><\/div>\n\n<div  class=\"row_wrap\">\n<div class=\"wp-block-columns row_xxl is-layout-flex wp-container-core-columns-is-layout-9d6595d7 wp-block-columns-is-layout-flex\">\n<div class=\"wp-block-column col-12 is-layout-flow wp-block-column-is-layout-flow\" style=\"flex-basis:100%;width:100%\">\n<h2 class=\"wp-block-heading\" id=\"h-dienstanbieter\">Dienstanbieter<\/h2>\n\n\n\n<div class=\"wp-block-group is-nowrap is-layout-flex wp-container-core-group-is-layout-656623d8 wp-block-group-is-layout-flex\" style=\"padding-top:var(--wp--preset--spacing--50);padding-bottom:var(--wp--preset--spacing--50)\">\n<figure class=\"wp-block-image size-full is-resized\"><img decoding=\"async\" width=\"284\" height=\"109\" src=\"https:\/\/www.hs-nordhausen.de\/science-blog\/wp-content\/uploads\/sites\/3\/2024\/03\/cropped-cropped-HSN-Logo-wide-color400.png\" alt=\"Logo HSN - Hochschule Nordhausen University of Applied Sciences\" class=\"wp-image-2066\" style=\"width:200px\"\/><\/figure>\n<\/div>\n\n\n\n<p>Die Hochschule Nordhausen ist eine K\u00f6rperschaft des \u00f6ffentlichen Rechts und wird durch den Pr\u00e4sidenten, Prof. Dr. J\u00f6rg Wagner, gesetzlich vertreten.<br>&nbsp;<\/p>\n\n\n\n<p>Hochschule Nordhausen<br>Prof. Dr. J\u00f6rg Wagner<br>Weinberghof 4<br>99734 Nordhausen<\/p>\n\n\n\n<p>Tel.: +49 3631 420-101<br>Fax: +49 3631 420-810<br>E-Mail:&nbsp;<a href=\"javascript:linkTo_UnCryptMailto('ocknvq,rtcgukfgpvBju\/pqtfjcwugp0fg');\">praesident@hs-nordhausen.de<\/a><br>&nbsp;<\/p>\n\n\n\n<p><strong>Redaktion<\/strong> \/ <strong>Technische Durchf\u00fchrung:<\/strong><br>Referat f\u00fcr Hochschulkommunikation und Marketing<\/p>\n\n\n\n<p><strong>Zentrale Anschrift:<\/strong><br>Hochschule Nordhausen<br>Weinberghof 4<br>99734 Nordhausen<br><br>Tel.: +49 3631 420-0<br>Fax: +49 3631 420-810<br>E-Mail:&nbsp;<a href=\"javascript:linkTo_UnCryptMailto('ocknvq,kphqBju\/pqtfjcwugp0fg');\">info@hs-nordhausen.de<\/a><br>&nbsp;<\/p>\n\n\n\n<p><strong>Umsatzsteueridentifikationsnummer nach \u00a7 27a UStG:<\/strong>&nbsp;DE 813 563 219<\/p>\n\n\n\n<p><strong>Zust\u00e4ndige Aufsichtsbeh\u00f6rde:<\/strong><br>Th\u00fcringer Ministerium f\u00fcr Wirtschaft, Wissenschaft und Digitale Gesellschaft (TMWWDG)<br>Max-Reger-Stra\u00dfe 4-8<br>99096 Erfurt<\/p>\n\n\n\n<h3 class=\"wp-block-heading\" id=\"h-bildnachweis\">Bildnachweis<\/h3>\n\n\n\n<p>Bildarchiv der Hochschule Nordhausen<\/p>\n\n\n\n<h3 class=\"wp-block-heading\" id=\"h-hinweise\">Hinweise<\/h3>\n\n\n\n<p>Dieses Impressum gilt f\u00fcr die zentralen Informationsangebote der Verwaltung und des Pr\u00e4sidiums der Hochschule Nordhausen im WWW, die \u00fcber die URL&nbsp;<a href=\"http:\/\/www.fh-nordhausen.de\/\" target=\"_blank\" rel=\"noreferrer noopener\">www.fh-nordhausen.de<\/a>&nbsp;und&nbsp;<a href=\"http:\/\/www.hs-nordhausen.de\/science-blog\/en\/\" target=\"_blank\" rel=\"noreferrer noopener\">www.hs-nordhausen.de<\/a>&nbsp;erreichbar sind. F\u00fcr alle anderen Seiten auf diesem WWW-Server liegt die redaktionelle Verantwortlichkeit bei den jeweiligen Stellen oder Personen, die die Seiten erstellt haben.<\/p>\n\n\n\n<p>Die Texte und Fotos auf den Seiten, die auf dieses Impressum verweisen, sind urheberrechtlich gesch\u00fctzt. Das Kopieren dieser Dateien und ihre evtl. Ver\u00e4nderung sind daher ohne Genehmigung des Urhebers (Hochschule Nordhausen) nicht gestattet. Unber\u00fchrt davon bleibt das &#8222;Kopieren&#8220; der Dateien auf den eigenen Rechner, um sich die WWW-Seiten auf einem Browser anzuschauen. Ausgenommen sind ebenfalls die Pressemitteilungen der Hochschule. Sie sind dem Inhalt nach von jedermann frei und ohne besondere Genehmigung weiterverwendbar.<\/p>\n<\/div>\n<\/div>\n<\/div>","protected":false},"excerpt":{"rendered":"<p>Dienstanbieter Die Hochschule Nordhausen ist eine K\u00f6rperschaft des \u00f6ffentlichen Rechts und wird durch den Pr\u00e4sidenten, Prof. Dr. J\u00f6rg Wagner, gesetzlich<\/p>","protected":false},"author":1,"featured_media":0,"parent":0,"menu_order":0,"comment_status":"closed","ping_status":"closed","template":"","meta":{"greyd_block_editor_preview":[],"pgc_sgb_lightbox_settings":"","footnotes":""},"page_category":[],"page_tag":[],"kontakt-zuordnung":[],"institut-oder-einric":[],"wf_page_folders":[422],"class_list":["post-673","page","type-page","status-publish","hentry"],"publishpress_future_action":{"enabled":false,"date":"2026-04-30 13:08:20","action":"change-status","newStatus":"draft","terms":[],"taxonomy":"page_category","extraData":[]},"publishpress_future_workflow_manual_trigger":{"enabledWorkflows":[]},"_links":{"self":[{"href":"https:\/\/www.hs-nordhausen.de\/science-blog\/en\/wp-json\/wp\/v2\/pages\/673","targetHints":{"allow":["GET"]}}],"collection":[{"href":"https:\/\/www.hs-nordhausen.de\/science-blog\/en\/wp-json\/wp\/v2\/pages"}],"about":[{"href":"https:\/\/www.hs-nordhausen.de\/science-blog\/en\/wp-json\/wp\/v2\/types\/page"}],"author":[{"embeddable":true,"href":"https:\/\/www.hs-nordhausen.de\/science-blog\/en\/wp-json\/wp\/v2\/users\/1"}],"replies":[{"embeddable":true,"href":"https:\/\/www.hs-nordhausen.de\/science-blog\/en\/wp-json\/wp\/v2\/comments?post=673"}],"version-history":[{"count":0,"href":"https:\/\/www.hs-nordhausen.de\/science-blog\/en\/wp-json\/wp\/v2\/pages\/673\/revisions"}],"wp:attachment":[{"href":"https:\/\/www.hs-nordhausen.de\/science-blog\/en\/wp-json\/wp\/v2\/media?parent=673"}],"wp:term":[{"taxonomy":"page_category","embeddable":true,"href":"https:\/\/www.hs-nordhausen.de\/science-blog\/en\/wp-json\/wp\/v2\/page_category?post=673"},{"taxonomy":"page_tag","embeddable":true,"href":"https:\/\/www.hs-nordhausen.de\/science-blog\/en\/wp-json\/wp\/v2\/page_tag?post=673"},{"taxonomy":"kontakt-zuordnung","embeddable":true,"href":"https:\/\/www.hs-nordhausen.de\/science-blog\/en\/wp-json\/wp\/v2\/kontakt-zuordnung?post=673"},{"taxonomy":"institut-oder-einric","embeddable":true,"href":"https:\/\/www.hs-nordhausen.de\/science-blog\/en\/wp-json\/wp\/v2\/institut-oder-einric?post=673"},{"taxonomy":"wf_page_folders","embeddable":true,"href":"https:\/\/www.hs-nordhausen.de\/science-blog\/en\/wp-json\/wp\/v2\/wf_page_folders?post=673"}],"curies":[{"name":"wp","href":"https:\/\/api.w.org\/{rel}","templated":true}]}}